{"id":80,"date":"2020-04-09T18:35:29","date_gmt":"2020-04-09T16:35:29","guid":{"rendered":"https:\/\/strangercam.com\/?page_id=80"},"modified":"2023-08-21T11:40:39","modified_gmt":"2023-08-21T09:40:39","slug":"chat-alternative","status":"publish","type":"page","link":"https:\/\/strangercam.com\/es\/chat-alternative\/","title":{"rendered":"Chat Alternative"},"content":{"rendered":"<p><a href=\"https:\/\/strangercam.com\/es\/chatroulette\/\">Chat<\/a> La aplicaci\u00f3n m\u00f3vil alternativa es ideal para quienes desean <a href=\"https:\/\/strangercam.com\/es\/coomeet\/\">conozca<\/a> extra\u00f1os al azar en diversas partes del mundo con facilidad. Permite a los usuarios <a href=\"https:\/\/strangercam.com\/es\/rabbit-video-chat\/\">chat de v\u00eddeo<\/a> con otras personas desde sus casas. Adem\u00e1s, la aplicaci\u00f3n encuentra miles de personas nuevas cada d\u00eda para garantizar la mejor experiencia. Otra cosa es que la app muestra formas de mantener conversaciones cara a cara con otras personas que viven a kil\u00f3metros de distancia de un lugar.<\/p>\n<p>Adem\u00e1s, la aplicaci\u00f3n ofrece m\u00e9todos para acotar los resultados cuando alguien quiere chatear con desconocidos seleccionados<a href=\"https:\/\/cashpotresulttoday.com\/\">.<\/a> Puede elegir el sexo y el lugar que desee. Elegir el sexo y el lugar tiene muchas ventajas. A veces, puede que te apetezca hablar con desconocidos de un determinado pa\u00eds y origen. Elegir el pa\u00eds que prefieras te permitir\u00e1 hablar con las personas que desees.<\/p>\n<h2>Razones para utilizar la aplicaci\u00f3n Chat Alternative<\/h2>\n<h3>1. Permite a los usuarios chatear con otros de forma an\u00f3nima<\/h3>\n<p>La principal ventaja de la aplicaci\u00f3n Chat Alternative es que permite a los usuarios chatear con otras personas de forma an\u00f3nima sin necesidad de crear una cuenta.<a href=\"https:\/\/nlcbplaywheresults.com\/\">.<\/a> De hecho, la aplicaci\u00f3n permite pulsar simplemente el bot\u00f3n para que una persona empiece a buscar usuarios en l\u00ednea con facilidad. Cuando tienes la seguridad de que la otra persona nunca descubrir\u00e1 qui\u00e9n eres, ese es el momento en el que empiezas a disfrutar del videochat online.<\/p>\n<h3>2. Chat Alternative tiene las levas de carga m\u00e1s r\u00e1pidas con la mejor calidad<\/h3>\n<p>Chat Alternative app viene con la carga m\u00e1s r\u00e1pida <a href=\"https:\/\/strangercam.com\/es\/camzey\/\">levas<\/a> que permiten a los usuarios conocer a m\u00e1s gente en poco tiempo. De hecho, ofrece oportunidades para conocer a muchos desconocidos que pueden ayudar a cumplir objetivos.<\/p>\n<p>La gente dice que la calidad no importa, pero no es cierto. Un v\u00eddeo de buena calidad es necesario para comunicarse eficazmente. No puedes comunicarte mejor con la persona que est\u00e1 sentada al otro lado sin una calidad de v\u00eddeo adecuada.<\/p>\n<h4>Seleccione el pa\u00eds de su elecci\u00f3n<\/h4>\n<p>Elegir el pa\u00eds que prefieras es la mayor ventaja de esta aplicaci\u00f3n de chat. Antes de iniciar un videochat, puedes seleccionar el pa\u00eds de tu elecci\u00f3n. Cuando seleccionas el pa\u00eds, el sistema inteligente de la aplicaci\u00f3n te dirige hacia el tr\u00e1fico de ese pa\u00eds. Tu pantalla empezar\u00e1 a mostrar a la gente de ese pa\u00eds. Puedes hablar con los desconocidos de ese pa\u00eds.<\/p>\n<p>Luego puedes seleccionar a las personas que m\u00e1s te gusten. Habla con ellos como quieras. Te ofrecemos funciones para dinamizar tu conversaci\u00f3n. Si te parece interesante, puedes continuar la conversaci\u00f3n; si no, \u00a1pasa a la siguiente!<\/p>\n<h4>Informe si tiene alg\u00fan problema<\/h4>\n<p>La principal preocupaci\u00f3n de las personas que utilizan plataformas de chat en l\u00ednea es la privacidad y los problemas si alguien hace algo inapropiado. En primer lugar, se trata principalmente de ideas err\u00f3neas sobre las plataformas de chat en l\u00ednea. Si algo as\u00ed ocurre en la vida real mientras usas la aplicaci\u00f3n m\u00f3vil online Chat Alternative, puedes denunciarlo directamente a las autoridades.<\/p>\n<p>Es una forma eficaz de contener a la gente dentro de unos l\u00edmites, porque una vez que se denuncia, no puedes volver a utilizar la plataforma nunca m\u00e1s. Estar\u00e1s bloqueado para siempre.<\/p>\n<h3>3. Chat Alternative es totalmente gratuito<\/h3>\n<p>La aplicaci\u00f3n es totalmente gratuita para los usuarios, lo que les permite llevar su vida social. Adem\u00e1s, contribuye a\u00fan m\u00e1s a chatear con otras personas sobre diversos temas basados en sus intereses. El servicio de chat de v\u00eddeo gratuito permite a los usuarios chatear durante mucho tiempo sin restricciones.<\/p>\n<p>No hay torpes contratos ni compras in-app. Es gratis para todo el mundo y en todas partes.<\/p>\n<h3>4. Chat Alternative es divertido<\/h3>\n<p>Aumentan los casos de depresi\u00f3n tras la pandemia de covid-19 y el encierro. Todo el mundo necesita una v\u00eda de escape. Es esencial reavivar la energ\u00eda perdida y encontrar un nuevo rumbo vital. Si\u00e9ntete libre de hablar con desconocidos sin preocupaciones.<\/p>\n<p>La aplicaci\u00f3n Chat Alternative te ofrece una fant\u00e1stica oportunidad para relajar tu mente. Puedes chatear con desconocidos para deshacerte de tus cargas. Habla con desconocidos y comparte tu experiencia con ellos. Tambi\u00e9n puedes escuchar sus experiencias y aprender de ellas. Y si no, habla de la \u00faltima temporada de Netflix.<\/p>\n<h3>5. Proporciona m\u00e1s seguridad<\/h3>\n<p>La aplicaci\u00f3n ChatAlternative es la \u00fanica que ofrece funciones de seguridad a los usuarios cuando quieren interactuar con otros. Es la aplicaci\u00f3n G m\u00e1s popular\u00a0<a href=\"https:\/\/strangercam.com\/es\/bazoocam\/\">leva<\/a> servicio de chat disponible en los mercados que no se ocupan de gr\u00e1ficos. Adem\u00e1s, la aplicaci\u00f3n permite entrar en una sala de chat con mayor protecci\u00f3n. Muchos adolescentes tambi\u00e9n disfrutan utilizando el servicio, lo que les permite garantizar una mejor experiencia de chat.<\/p>\n<h2>\u00bfC\u00f3mo descargar la aplicaci\u00f3n?<\/h2>\n<p>Los usuarios pueden descargar la aplicaci\u00f3n Chat Alternative directamente de Google Play e instalarla en sus tel\u00e9fonos inteligentes u otros dispositivos en sencillos pasos. La aplicaci\u00f3n permite a los usuarios pulsar el bot\u00f3n de inicio y seleccionar posibles desconocidos en funci\u00f3n de las opciones. Adem\u00e1s, la app funciona a distancia para hacer amigos seg\u00fan las necesidades. Es posible comunicarse con otras personas m\u00e1s r\u00e1pidamente tras instalar la aplicaci\u00f3n. Aquellos que quieran instalar la aplicaci\u00f3n deben saber m\u00e1s acerca de los requisitos en detalle.<\/p>\n<h2>Conclusi\u00f3n<\/h2>\n<p>La aplicaci\u00f3n m\u00f3vil Chat Alternative es una buena opci\u00f3n para hablar con desconocidos. Es totalmente gratuita para todo el mundo. Todo lo que necesitas es una conexi\u00f3n activa a Internet. Selecciona el idioma, la regi\u00f3n y el sexo que te interesan y \u00a1listo, listo! Una firme pol\u00edtica de privacidad junto con una interfaz f\u00e1cil de usar hacen que esta aplicaci\u00f3n sea genial.<\/p>","protected":false},"excerpt":{"rendered":"<p>Chat Alternative mobile app is ideal for those who want to meet random strangers in various parts of the world with ease. It allows users to have a video chat with others from their homes. Moreover, the app finds thousands of new people daily to ensure the best experience. Another thing is that the app [&hellip;]<\/p>\n","protected":false},"author":6,"featured_media":559,"parent":0,"menu_order":0,"comment_status":"closed","ping_status":"closed","template":"","meta":{"footnotes":""},"class_list":["post-80","page","type-page","status-publish","has-post-thumbnail","hentry"],"yoast_head":"<!-- This site is optimized with the Yoast SEO plugin v26.9 - https:\/\/yoast.com\/product\/yoast-seo-wordpress\/ -->\n<title>Chat Alternative - Cam with Strangers on StrangerCam.com<\/title>\n<meta name=\"description\" content=\"Like Chat Alternative? Come chat with more than 5.000.000 strangers on Stranger Cam for Free! Turn on your cam and find new friends!\" \/>\n<meta name=\"robots\" content=\"index, follow, max-snippet:-1, max-image-preview:large, max-video-preview:-1\" \/>\n<link rel=\"canonical\" href=\"https:\/\/strangercam.com\/es\/chat-alternative\/\" \/>\n<meta property=\"og:locale\" content=\"es_ES\" \/>\n<meta property=\"og:type\" content=\"article\" \/>\n<meta property=\"og:title\" content=\"Chat Alternative - Cam with Strangers on StrangerCam.com\" \/>\n<meta property=\"og:description\" content=\"Like Chat Alternative? Come chat with more than 5.000.000 strangers on Stranger Cam for Free! Turn on your cam and find new friends!\" \/>\n<meta property=\"og:url\" content=\"https:\/\/strangercam.com\/es\/chat-alternative\/\" \/>\n<meta property=\"og:site_name\" content=\"Strangercam\" \/>\n<meta property=\"article:publisher\" content=\"https:\/\/www.facebook.com\/strangercam\" \/>\n<meta property=\"article:modified_time\" content=\"2023-08-21T09:40:39+00:00\" \/>\n<meta property=\"og:image\" content=\"https:\/\/strangercam.com\/wp-content\/uploads\/2020\/11\/stranger-cam-1.png\" \/>\n\t<meta property=\"og:image:width\" content=\"800\" \/>\n\t<meta property=\"og:image:height\" content=\"800\" \/>\n\t<meta property=\"og:image:type\" content=\"image\/png\" \/>\n<meta name=\"twitter:card\" content=\"summary_large_image\" \/>\n<meta name=\"twitter:site\" content=\"@strangercamapp\" \/>\n<meta name=\"twitter:label1\" content=\"Tiempo de lectura\" \/>\n\t<meta name=\"twitter:data1\" content=\"4 minutos\" \/>\n<script type=\"application\/ld+json\" class=\"yoast-schema-graph\">{\"@context\":\"https:\/\/schema.org\",\"@graph\":[{\"@type\":\"WebPage\",\"@id\":\"https:\/\/strangercam.com\/chat-alternative\/\",\"url\":\"https:\/\/strangercam.com\/chat-alternative\/\",\"name\":\"Chat Alternative - Cam with Strangers on StrangerCam.com\",\"isPartOf\":{\"@id\":\"https:\/\/strangercam.com\/#website\"},\"primaryImageOfPage\":{\"@id\":\"https:\/\/strangercam.com\/chat-alternative\/#primaryimage\"},\"image\":{\"@id\":\"https:\/\/strangercam.com\/chat-alternative\/#primaryimage\"},\"thumbnailUrl\":\"https:\/\/strangercam.com\/wp-content\/uploads\/2020\/11\/stranger-cam-1.png\",\"datePublished\":\"2020-04-09T16:35:29+00:00\",\"dateModified\":\"2023-08-21T09:40:39+00:00\",\"description\":\"Like Chat Alternative? Come chat with more than 5.000.000 strangers on Stranger Cam for Free! Turn on your cam and find new friends!\",\"breadcrumb\":{\"@id\":\"https:\/\/strangercam.com\/chat-alternative\/#breadcrumb\"},\"inLanguage\":\"es\",\"potentialAction\":[{\"@type\":\"ReadAction\",\"target\":[\"https:\/\/strangercam.com\/chat-alternative\/\"]}]},{\"@type\":\"ImageObject\",\"inLanguage\":\"es\",\"@id\":\"https:\/\/strangercam.com\/chat-alternative\/#primaryimage\",\"url\":\"https:\/\/strangercam.com\/wp-content\/uploads\/2020\/11\/stranger-cam-1.png\",\"contentUrl\":\"https:\/\/strangercam.com\/wp-content\/uploads\/2020\/11\/stranger-cam-1.png\",\"width\":800,\"height\":800,\"caption\":\"stranger cam random video chat\"},{\"@type\":\"BreadcrumbList\",\"@id\":\"https:\/\/strangercam.com\/chat-alternative\/#breadcrumb\",\"itemListElement\":[{\"@type\":\"ListItem\",\"position\":1,\"name\":\"Home\",\"item\":\"https:\/\/strangercam.com\/\"},{\"@type\":\"ListItem\",\"position\":2,\"name\":\"Chat Alternative\"}]},{\"@type\":\"WebSite\",\"@id\":\"https:\/\/strangercam.com\/#website\",\"url\":\"https:\/\/strangercam.com\/\",\"name\":\"Strangercam\",\"description\":\"Random Video Chat with Strangers\",\"publisher\":{\"@id\":\"https:\/\/strangercam.com\/#organization\"},\"alternateName\":\"Strangercam.com\",\"potentialAction\":[{\"@type\":\"SearchAction\",\"target\":{\"@type\":\"EntryPoint\",\"urlTemplate\":\"https:\/\/strangercam.com\/?s={search_term_string}\"},\"query-input\":{\"@type\":\"PropertyValueSpecification\",\"valueRequired\":true,\"valueName\":\"search_term_string\"}}],\"inLanguage\":\"es\"},{\"@type\":\"Organization\",\"@id\":\"https:\/\/strangercam.com\/#organization\",\"name\":\"Strangercam\",\"alternateName\":\"Strangercam.com\",\"url\":\"https:\/\/strangercam.com\/\",\"logo\":{\"@type\":\"ImageObject\",\"inLanguage\":\"es\",\"@id\":\"https:\/\/strangercam.com\/#\/schema\/logo\/image\/\",\"url\":\"https:\/\/strangercam.com\/wp-content\/uploads\/2020\/11\/cropped-new-favicon-black.png\",\"contentUrl\":\"https:\/\/strangercam.com\/wp-content\/uploads\/2020\/11\/cropped-new-favicon-black.png\",\"width\":512,\"height\":512,\"caption\":\"Strangercam\"},\"image\":{\"@id\":\"https:\/\/strangercam.com\/#\/schema\/logo\/image\/\"},\"sameAs\":[\"https:\/\/www.facebook.com\/strangercam\",\"https:\/\/x.com\/strangercamapp\"]}]}<\/script>\n<!-- \/ Yoast SEO plugin. -->","yoast_head_json":{"title":"Chat Alternative - C\u00e1mara con desconocidos en StrangerCam.com","description":"\u00bfTe gusta Chat Alternative? \u00a1Ven a chatear gratis con m\u00e1s de 5.000.000 de desconocidos en Stranger Cam! \u00a1Enciende tu c\u00e1mara y encuentra nuevos amigos!","robots":{"index":"index","follow":"follow","max-snippet":"max-snippet:-1","max-image-preview":"max-image-preview:large","max-video-preview":"max-video-preview:-1"},"canonical":"https:\/\/strangercam.com\/es\/chat-alternative\/","og_locale":"es_ES","og_type":"article","og_title":"Chat Alternative - Cam with Strangers on StrangerCam.com","og_description":"Like Chat Alternative? Come chat with more than 5.000.000 strangers on Stranger Cam for Free! Turn on your cam and find new friends!","og_url":"https:\/\/strangercam.com\/es\/chat-alternative\/","og_site_name":"Strangercam","article_publisher":"https:\/\/www.facebook.com\/strangercam","article_modified_time":"2023-08-21T09:40:39+00:00","og_image":[{"width":800,"height":800,"url":"https:\/\/strangercam.com\/wp-content\/uploads\/2020\/11\/stranger-cam-1.png","type":"image\/png"}],"twitter_card":"summary_large_image","twitter_site":"@strangercamapp","twitter_misc":{"Tiempo de lectura":"4 minutos"},"schema":{"@context":"https:\/\/schema.org","@graph":[{"@type":"WebPage","@id":"https:\/\/strangercam.com\/chat-alternative\/","url":"https:\/\/strangercam.com\/chat-alternative\/","name":"Chat Alternative - C\u00e1mara con desconocidos en StrangerCam.com","isPartOf":{"@id":"https:\/\/strangercam.com\/#website"},"primaryImageOfPage":{"@id":"https:\/\/strangercam.com\/chat-alternative\/#primaryimage"},"image":{"@id":"https:\/\/strangercam.com\/chat-alternative\/#primaryimage"},"thumbnailUrl":"https:\/\/strangercam.com\/wp-content\/uploads\/2020\/11\/stranger-cam-1.png","datePublished":"2020-04-09T16:35:29+00:00","dateModified":"2023-08-21T09:40:39+00:00","description":"\u00bfTe gusta Chat Alternative? \u00a1Ven a chatear gratis con m\u00e1s de 5.000.000 de desconocidos en Stranger Cam! \u00a1Enciende tu c\u00e1mara y encuentra nuevos amigos!","breadcrumb":{"@id":"https:\/\/strangercam.com\/chat-alternative\/#breadcrumb"},"inLanguage":"es","potentialAction":[{"@type":"ReadAction","target":["https:\/\/strangercam.com\/chat-alternative\/"]}]},{"@type":"ImageObject","inLanguage":"es","@id":"https:\/\/strangercam.com\/chat-alternative\/#primaryimage","url":"https:\/\/strangercam.com\/wp-content\/uploads\/2020\/11\/stranger-cam-1.png","contentUrl":"https:\/\/strangercam.com\/wp-content\/uploads\/2020\/11\/stranger-cam-1.png","width":800,"height":800,"caption":"stranger cam random video chat"},{"@type":"BreadcrumbList","@id":"https:\/\/strangercam.com\/chat-alternative\/#breadcrumb","itemListElement":[{"@type":"ListItem","position":1,"name":"Home","item":"https:\/\/strangercam.com\/"},{"@type":"ListItem","position":2,"name":"Chat Alternative"}]},{"@type":"WebSite","@id":"https:\/\/strangercam.com\/#website","url":"https:\/\/strangercam.com\/","name":"Strangercam","description":"Videochat aleatorio con desconocidos","publisher":{"@id":"https:\/\/strangercam.com\/#organization"},"alternateName":"Strangercam.com","potentialAction":[{"@type":"SearchAction","target":{"@type":"EntryPoint","urlTemplate":"https:\/\/strangercam.com\/?s={search_term_string}"},"query-input":{"@type":"PropertyValueSpecification","valueRequired":true,"valueName":"search_term_string"}}],"inLanguage":"es"},{"@type":"Organization","@id":"https:\/\/strangercam.com\/#organization","name":"Strangercam","alternateName":"Strangercam.com","url":"https:\/\/strangercam.com\/","logo":{"@type":"ImageObject","inLanguage":"es","@id":"https:\/\/strangercam.com\/#\/schema\/logo\/image\/","url":"https:\/\/strangercam.com\/wp-content\/uploads\/2020\/11\/cropped-new-favicon-black.png","contentUrl":"https:\/\/strangercam.com\/wp-content\/uploads\/2020\/11\/cropped-new-favicon-black.png","width":512,"height":512,"caption":"Strangercam"},"image":{"@id":"https:\/\/strangercam.com\/#\/schema\/logo\/image\/"},"sameAs":["https:\/\/www.facebook.com\/strangercam","https:\/\/x.com\/strangercamapp"]}]}},"_links":{"self":[{"href":"https:\/\/strangercam.com\/es\/wp-json\/wp\/v2\/pages\/80","targetHints":{"allow":["GET"]}}],"collection":[{"href":"https:\/\/strangercam.com\/es\/wp-json\/wp\/v2\/pages"}],"about":[{"href":"https:\/\/strangercam.com\/es\/wp-json\/wp\/v2\/types\/page"}],"author":[{"embeddable":true,"href":"https:\/\/strangercam.com\/es\/wp-json\/wp\/v2\/users\/6"}],"replies":[{"embeddable":true,"href":"https:\/\/strangercam.com\/es\/wp-json\/wp\/v2\/comments?post=80"}],"version-history":[{"count":0,"href":"https:\/\/strangercam.com\/es\/wp-json\/wp\/v2\/pages\/80\/revisions"}],"wp:featuredmedia":[{"embeddable":true,"href":"https:\/\/strangercam.com\/es\/wp-json\/wp\/v2\/media\/559"}],"wp:attachment":[{"href":"https:\/\/strangercam.com\/es\/wp-json\/wp\/v2\/media?parent=80"}],"curies":[{"name":"wp","href":"https:\/\/api.w.org\/{rel}","templated":true}]}}