{"id":7627,"date":"2021-09-09T14:07:26","date_gmt":"2021-09-09T12:07:26","guid":{"rendered":"https:\/\/strangercam.com\/?page_id=7627"},"modified":"2023-08-21T11:40:39","modified_gmt":"2023-08-21T09:40:39","slug":"chateasy","status":"publish","type":"page","link":"https:\/\/strangercam.com\/es\/chateasy\/","title":{"rendered":"Chateasy"},"content":{"rendered":"<h2>\u00bfCu\u00e1les son las ventajas y caracter\u00edsticas del Chateasy?<\/h2>\n<p>La llegada de Internet de alta velocidad y los numerosos <a href=\"https:\/\/strangercam.com\/es\/chatingly\/\">chat<\/a> portales han cambiado por completo la forma de interactuar <a href=\"https:\/\/strangercam.com\/es\/1v1-chat\/\">un<\/a> otra. Hoy en d\u00eda, se puede ver a la gente m\u00e1s ocupada con sus smartphones chateando con los dem\u00e1s. Chatear en l\u00ednea ofrece numerosas ventajas. Te permite conocer a gente con intereses similares, aumenta tu confianza y te permite estar con tus seres queridos. Los adolescentes en edad de chatear y los adultos pueden disfrutar de las ventajas que ofrece <b>chateasy<\/b>. Pero hay que tomar las precauciones adecuadas para mantenerse a salvo.<\/p>\n<p><i>Ventajas del chat en l\u00ednea<\/i><\/p>\n<ul>\n<li style=\"font-weight: 400;\" aria-level=\"1\"><a href=\"https:\/\/strangercam.com\/es\/coomeet\/\">Conozca<\/a> gente nueva: Esta es una de las ventajas m\u00e1s evidentes que ofrecen los portales de chat en l\u00ednea. Puedes conocerlos online siempre que lo desees y a cualquier hora del d\u00eda o de la noche. Tambi\u00e9n puedes elegir cualquier portal de tu elecci\u00f3n y grupo de inter\u00e9s. Lo mejor es que puede lograr este objetivo sin tener que salir de casa. Basta con utilizar el port\u00e1til o el tel\u00e9fono para conectar con otras personas a trav\u00e9s de <b>chateasy<\/b>.<\/li>\n<li style=\"font-weight: 400;\" aria-level=\"1\">Autoestima y confianza: Chatear con desconocidos en Internet aumenta tu autoestima y confianza. M\u00e1s a\u00fan si tienes el coraz\u00f3n roto y te sientes solo. Algunos consideran que chatear en l\u00ednea es una soluci\u00f3n provisional. Algunos desconocidos pueden ayudarte a recuperar esa maravillosa sonrisa que hab\u00edas perdido tras el divorcio o la muerte de un ser querido.<\/li>\n<li style=\"font-weight: 400;\" aria-level=\"1\">Mant\u00e9ngase en contacto: Hay muchas posibilidades de desarrollar buenas relaciones a trav\u00e9s de <b>chateasy<\/b>. Esto significa que puedes entablar amistad con cualquier persona de cualquier edad y sexo de cualquier parte del mundo. Los portales en l\u00ednea te permiten estar conectado desde la comodidad de tu casa o incluso cuando est\u00e1s de viaje. S\u00f3lo tienes que tener acceso a un smartphone y conexi\u00f3n a Internet, adem\u00e1s de un documento de identidad v\u00e1lido, para acceder a tu cuenta en el portal online. Puede <a href=\"https:\/\/strangercam.com\/es\/chatroulette\/\">chat<\/a> durante varias horas sin tener que preocuparse por los billetes largos. Lo cierto es que la tecnolog\u00eda moderna ha acortado las distancias.<\/li>\n<li style=\"font-weight: 400;\" aria-level=\"1\">Con\u00e9ctate con personas que tengan intereses similares: Con un poco de b\u00fasqueda, seguro que te encuentras con numerosos sitios de redes sociales con diferentes categor\u00edas. Te permiten <a href=\"https:\/\/strangercam.com\/es\/only2chat\/\">chatear<\/a> en funci\u00f3n de sus intereses espec\u00edficos. Tambi\u00e9n incluye foros de deportes, de coleccionismo, de bricolaje, de negocios, etc. La lista es interminable y las opciones tambi\u00e9n. Puedes seleccionar cualquiera en funci\u00f3n de tu estado de \u00e1nimo actual.<\/li>\n<\/ul>\n<p>Conectarse a <b>chateasy<\/b> le permite obtener nuevos conocimientos, t\u00e9cnicas e informaci\u00f3n que le interesan.<\/p>","protected":false},"excerpt":{"rendered":"<p>What benefits are the benefits and features of Chateasy? The advent of high speed internet and numerous chatting portals have completely changed how people interact with one another. These days, people can be seen to be busier with their smartphones charting with others. Online chatting does offer numerous benefits. It allows you to come across [&hellip;]<\/p>\n","protected":false},"author":6,"featured_media":559,"parent":0,"menu_order":0,"comment_status":"closed","ping_status":"closed","template":"","meta":{"footnotes":""},"class_list":["post-7627","page","type-page","status-publish","has-post-thumbnail","hentry"],"yoast_head":"<!-- This site is optimized with the Yoast SEO plugin v27.4 - https:\/\/yoast.com\/product\/yoast-seo-wordpress\/ -->\n<title>Chateasy - Anonymous Chat For Two - Cam on StrangerCam.com<\/title>\n<meta name=\"description\" content=\"Like Chateasy? Come chat with more than 5.000.000 strangers on Stranger Cam for Free! Turn on your cam and find new friends &amp; maby a match!\" \/>\n<meta name=\"robots\" content=\"index, follow, max-snippet:-1, max-image-preview:large, max-video-preview:-1\" \/>\n<link rel=\"canonical\" href=\"https:\/\/strangercam.com\/es\/chateasy\/\" \/>\n<meta property=\"og:locale\" content=\"es_ES\" \/>\n<meta property=\"og:type\" content=\"article\" \/>\n<meta property=\"og:title\" content=\"Chateasy - Anonymous Chat For Two - Cam on StrangerCam.com\" \/>\n<meta property=\"og:description\" content=\"Like Chateasy? Come chat with more than 5.000.000 strangers on Stranger Cam for Free! Turn on your cam and find new friends &amp; maby a match!\" \/>\n<meta property=\"og:url\" content=\"https:\/\/strangercam.com\/es\/chateasy\/\" \/>\n<meta property=\"og:site_name\" content=\"Strangercam\" \/>\n<meta property=\"article:publisher\" content=\"https:\/\/www.facebook.com\/strangercam\" \/>\n<meta property=\"article:modified_time\" content=\"2023-08-21T09:40:39+00:00\" \/>\n<meta property=\"og:image\" content=\"https:\/\/strangercam.com\/wp-content\/uploads\/2020\/11\/stranger-cam-1.png\" \/>\n\t<meta property=\"og:image:width\" content=\"800\" \/>\n\t<meta property=\"og:image:height\" content=\"800\" \/>\n\t<meta property=\"og:image:type\" content=\"image\/png\" \/>\n<meta name=\"twitter:card\" content=\"summary_large_image\" \/>\n<meta name=\"twitter:site\" content=\"@strangercamapp\" \/>\n<meta name=\"twitter:label1\" content=\"Tiempo de lectura\" \/>\n\t<meta name=\"twitter:data1\" content=\"2 minutos\" \/>\n<script type=\"application\/ld+json\" class=\"yoast-schema-graph\">{\"@context\":\"https:\\\/\\\/schema.org\",\"@graph\":[{\"@type\":\"WebPage\",\"@id\":\"https:\\\/\\\/strangercam.com\\\/chateasy\\\/\",\"url\":\"https:\\\/\\\/strangercam.com\\\/chateasy\\\/\",\"name\":\"Chateasy - Anonymous Chat For Two - Cam on StrangerCam.com\",\"isPartOf\":{\"@id\":\"https:\\\/\\\/strangercam.com\\\/#website\"},\"primaryImageOfPage\":{\"@id\":\"https:\\\/\\\/strangercam.com\\\/chateasy\\\/#primaryimage\"},\"image\":{\"@id\":\"https:\\\/\\\/strangercam.com\\\/chateasy\\\/#primaryimage\"},\"thumbnailUrl\":\"https:\\\/\\\/strangercam.com\\\/wp-content\\\/uploads\\\/2020\\\/11\\\/stranger-cam-1.png\",\"datePublished\":\"2021-09-09T12:07:26+00:00\",\"dateModified\":\"2023-08-21T09:40:39+00:00\",\"description\":\"Like Chateasy? Come chat with more than 5.000.000 strangers on Stranger Cam for Free! Turn on your cam and find new friends & maby a match!\",\"breadcrumb\":{\"@id\":\"https:\\\/\\\/strangercam.com\\\/chateasy\\\/#breadcrumb\"},\"inLanguage\":\"es\",\"potentialAction\":[{\"@type\":\"ReadAction\",\"target\":[\"https:\\\/\\\/strangercam.com\\\/chateasy\\\/\"]}]},{\"@type\":\"ImageObject\",\"inLanguage\":\"es\",\"@id\":\"https:\\\/\\\/strangercam.com\\\/chateasy\\\/#primaryimage\",\"url\":\"https:\\\/\\\/strangercam.com\\\/wp-content\\\/uploads\\\/2020\\\/11\\\/stranger-cam-1.png\",\"contentUrl\":\"https:\\\/\\\/strangercam.com\\\/wp-content\\\/uploads\\\/2020\\\/11\\\/stranger-cam-1.png\",\"width\":800,\"height\":800,\"caption\":\"stranger cam random video chat\"},{\"@type\":\"BreadcrumbList\",\"@id\":\"https:\\\/\\\/strangercam.com\\\/chateasy\\\/#breadcrumb\",\"itemListElement\":[{\"@type\":\"ListItem\",\"position\":1,\"name\":\"Home\",\"item\":\"https:\\\/\\\/strangercam.com\\\/\"},{\"@type\":\"ListItem\",\"position\":2,\"name\":\"Chateasy\"}]},{\"@type\":\"WebSite\",\"@id\":\"https:\\\/\\\/strangercam.com\\\/#website\",\"url\":\"https:\\\/\\\/strangercam.com\\\/\",\"name\":\"Strangercam\",\"description\":\"Random Video Chat with Strangers\",\"publisher\":{\"@id\":\"https:\\\/\\\/strangercam.com\\\/#organization\"},\"alternateName\":\"Strangercam.com\",\"potentialAction\":[{\"@type\":\"SearchAction\",\"target\":{\"@type\":\"EntryPoint\",\"urlTemplate\":\"https:\\\/\\\/strangercam.com\\\/?s={search_term_string}\"},\"query-input\":{\"@type\":\"PropertyValueSpecification\",\"valueRequired\":true,\"valueName\":\"search_term_string\"}}],\"inLanguage\":\"es\"},{\"@type\":\"Organization\",\"@id\":\"https:\\\/\\\/strangercam.com\\\/#organization\",\"name\":\"Strangercam\",\"alternateName\":\"Strangercam.com\",\"url\":\"https:\\\/\\\/strangercam.com\\\/\",\"logo\":{\"@type\":\"ImageObject\",\"inLanguage\":\"es\",\"@id\":\"https:\\\/\\\/strangercam.com\\\/#\\\/schema\\\/logo\\\/image\\\/\",\"url\":\"https:\\\/\\\/strangercam.com\\\/wp-content\\\/uploads\\\/2020\\\/11\\\/cropped-new-favicon-black.png\",\"contentUrl\":\"https:\\\/\\\/strangercam.com\\\/wp-content\\\/uploads\\\/2020\\\/11\\\/cropped-new-favicon-black.png\",\"width\":512,\"height\":512,\"caption\":\"Strangercam\"},\"image\":{\"@id\":\"https:\\\/\\\/strangercam.com\\\/#\\\/schema\\\/logo\\\/image\\\/\"},\"sameAs\":[\"https:\\\/\\\/www.facebook.com\\\/strangercam\",\"https:\\\/\\\/x.com\\\/strangercamapp\"]}]}<\/script>\n<!-- \/ Yoast SEO plugin. -->","yoast_head_json":{"title":"Chateasy - Chat An\u00f3nimo Para Dos - Cam en StrangerCam.com","description":"\u00bfTe gusta Chateasy? \u00a1Ven a chatear gratis con m\u00e1s de 5.000.000 de desconocidos en Stranger Cam! \u00a1Enciende tu c\u00e1mara y encuentra nuevos amigos y tal vez una pareja!","robots":{"index":"index","follow":"follow","max-snippet":"max-snippet:-1","max-image-preview":"max-image-preview:large","max-video-preview":"max-video-preview:-1"},"canonical":"https:\/\/strangercam.com\/es\/chateasy\/","og_locale":"es_ES","og_type":"article","og_title":"Chateasy - Anonymous Chat For Two - Cam on StrangerCam.com","og_description":"Like Chateasy? Come chat with more than 5.000.000 strangers on Stranger Cam for Free! Turn on your cam and find new friends & maby a match!","og_url":"https:\/\/strangercam.com\/es\/chateasy\/","og_site_name":"Strangercam","article_publisher":"https:\/\/www.facebook.com\/strangercam","article_modified_time":"2023-08-21T09:40:39+00:00","og_image":[{"width":800,"height":800,"url":"https:\/\/strangercam.com\/wp-content\/uploads\/2020\/11\/stranger-cam-1.png","type":"image\/png"}],"twitter_card":"summary_large_image","twitter_site":"@strangercamapp","twitter_misc":{"Tiempo de lectura":"2 minutos"},"schema":{"@context":"https:\/\/schema.org","@graph":[{"@type":"WebPage","@id":"https:\/\/strangercam.com\/chateasy\/","url":"https:\/\/strangercam.com\/chateasy\/","name":"Chateasy - Chat An\u00f3nimo Para Dos - Cam en StrangerCam.com","isPartOf":{"@id":"https:\/\/strangercam.com\/#website"},"primaryImageOfPage":{"@id":"https:\/\/strangercam.com\/chateasy\/#primaryimage"},"image":{"@id":"https:\/\/strangercam.com\/chateasy\/#primaryimage"},"thumbnailUrl":"https:\/\/strangercam.com\/wp-content\/uploads\/2020\/11\/stranger-cam-1.png","datePublished":"2021-09-09T12:07:26+00:00","dateModified":"2023-08-21T09:40:39+00:00","description":"\u00bfTe gusta Chateasy? \u00a1Ven a chatear gratis con m\u00e1s de 5.000.000 de desconocidos en Stranger Cam! \u00a1Enciende tu c\u00e1mara y encuentra nuevos amigos y tal vez una pareja!","breadcrumb":{"@id":"https:\/\/strangercam.com\/chateasy\/#breadcrumb"},"inLanguage":"es","potentialAction":[{"@type":"ReadAction","target":["https:\/\/strangercam.com\/chateasy\/"]}]},{"@type":"ImageObject","inLanguage":"es","@id":"https:\/\/strangercam.com\/chateasy\/#primaryimage","url":"https:\/\/strangercam.com\/wp-content\/uploads\/2020\/11\/stranger-cam-1.png","contentUrl":"https:\/\/strangercam.com\/wp-content\/uploads\/2020\/11\/stranger-cam-1.png","width":800,"height":800,"caption":"stranger cam random video chat"},{"@type":"BreadcrumbList","@id":"https:\/\/strangercam.com\/chateasy\/#breadcrumb","itemListElement":[{"@type":"ListItem","position":1,"name":"Home","item":"https:\/\/strangercam.com\/"},{"@type":"ListItem","position":2,"name":"Chateasy"}]},{"@type":"WebSite","@id":"https:\/\/strangercam.com\/#website","url":"https:\/\/strangercam.com\/","name":"Strangercam","description":"Videochat aleatorio con desconocidos","publisher":{"@id":"https:\/\/strangercam.com\/#organization"},"alternateName":"Strangercam.com","potentialAction":[{"@type":"SearchAction","target":{"@type":"EntryPoint","urlTemplate":"https:\/\/strangercam.com\/?s={search_term_string}"},"query-input":{"@type":"PropertyValueSpecification","valueRequired":true,"valueName":"search_term_string"}}],"inLanguage":"es"},{"@type":"Organization","@id":"https:\/\/strangercam.com\/#organization","name":"Strangercam","alternateName":"Strangercam.com","url":"https:\/\/strangercam.com\/","logo":{"@type":"ImageObject","inLanguage":"es","@id":"https:\/\/strangercam.com\/#\/schema\/logo\/image\/","url":"https:\/\/strangercam.com\/wp-content\/uploads\/2020\/11\/cropped-new-favicon-black.png","contentUrl":"https:\/\/strangercam.com\/wp-content\/uploads\/2020\/11\/cropped-new-favicon-black.png","width":512,"height":512,"caption":"Strangercam"},"image":{"@id":"https:\/\/strangercam.com\/#\/schema\/logo\/image\/"},"sameAs":["https:\/\/www.facebook.com\/strangercam","https:\/\/x.com\/strangercamapp"]}]}},"_links":{"self":[{"href":"https:\/\/strangercam.com\/es\/wp-json\/wp\/v2\/pages\/7627","targetHints":{"allow":["GET"]}}],"collection":[{"href":"https:\/\/strangercam.com\/es\/wp-json\/wp\/v2\/pages"}],"about":[{"href":"https:\/\/strangercam.com\/es\/wp-json\/wp\/v2\/types\/page"}],"author":[{"embeddable":true,"href":"https:\/\/strangercam.com\/es\/wp-json\/wp\/v2\/users\/6"}],"replies":[{"embeddable":true,"href":"https:\/\/strangercam.com\/es\/wp-json\/wp\/v2\/comments?post=7627"}],"version-history":[{"count":0,"href":"https:\/\/strangercam.com\/es\/wp-json\/wp\/v2\/pages\/7627\/revisions"}],"wp:featuredmedia":[{"embeddable":true,"href":"https:\/\/strangercam.com\/es\/wp-json\/wp\/v2\/media\/559"}],"wp:attachment":[{"href":"https:\/\/strangercam.com\/es\/wp-json\/wp\/v2\/media?parent=7627"}],"curies":[{"name":"wp","href":"https:\/\/api.w.org\/{rel}","templated":true}]}}