{"id":5268,"date":"2021-06-20T14:53:54","date_gmt":"2021-06-20T12:53:54","guid":{"rendered":"https:\/\/strangercam.com\/?page_id=5268"},"modified":"2023-08-21T12:24:41","modified_gmt":"2023-08-21T10:24:41","slug":"chatzy","status":"publish","type":"page","link":"https:\/\/strangercam.com\/es\/chatzy\/","title":{"rendered":"Chatzy"},"content":{"rendered":"<p>Algunos profesionales y entusiastas de Internet hab\u00edan lanzado primero <b>chatzy<\/b> alrededor de 2001. Con el tiempo, se convirti\u00f3 en un sitio popular en Europa y actualmente cuenta con usuarios registrados de todo el mundo. La gente accede a este sitio por diferentes motivos. No se trata de un sitio exclusivo de citas o contactos. M\u00e1s bien, la gente utiliza <a href=\"https:\/\/strangercam.com\/es\/chat4free\/\">gratis<\/a> chats que ofrece este sitio para realizar su trabajo o estudiar. Algunos incluso lo utilizan para debatir eventos y temas interesantes, hacer nuevos amigos o compartir informaci\u00f3n sobre intereses similares. Este sitio gratuito <a href=\"https:\/\/strangercam.com\/es\/chatroulette\/\">chat<\/a> es realmente divertido y emocionante, adem\u00e1s de completamente seguro.<\/p>\n<h2>\u00bfC\u00f3mo registrarse en chatzy?<\/h2>\n<p>S\u00f3lo tienes que abrir una cuenta, unirte o crear un <a href=\"https:\/\/strangercam.com\/es\/chatroom2000\/\">sala de chat<\/a> para iniciar su <a href=\"https:\/\/strangercam.com\/es\/chatingly\/\">chat<\/a> sesi\u00f3n. As\u00ed de f\u00e1cil y r\u00e1pido. Tambi\u00e9n puedes invitar a tus familiares y amigos a tu sala de chat creada en exclusiva o unirte a una sala de chat aleatoria que te interese. No tienes que compartir datos personales sensibles para unirte a este sitio, s\u00f3lo la informaci\u00f3n b\u00e1sica para iniciar la sesi\u00f3n.<\/p>\n<h3>\u00bfC\u00f3mo utilizar chatzy?<\/h3>\n<p>Puedes crear tu propio chat privado o acceder a los ya creados para mantener conversaciones en grupo con personas afines. Puede utilizar este sitio para fines comerciales, educativos o simplemente para divertirse. Puedes acceder desde cualquier lugar y disfrutar de sus sesiones interactivas. Si quieres disfrutar de las funciones avanzadas, opta por los servicios premium. De lo contrario, el servicio gratuito es lo suficientemente bueno para tener una gran sesi\u00f3n de chat en l\u00ednea.<\/p>\n<h3>\u00bfCu\u00e1les son los pros y los contras de chatzy?<\/h3>\n<p>Este sitio es bastante especial ya que tiene varias caracter\u00edsticas especiales que tienden a hacerlo diferente de los disponibles en la web. Puedes enviar a cualquier miembro mensajes privados que no ser\u00e1n visibles para los administradores de la sala. Tambi\u00e9n existe la opci\u00f3n de silenciar a los novatos que entren en la sesi\u00f3n sin ser invitados. Se dice que las salas Premium silencian a los novatos autom\u00e1ticamente. Puedes utilizar \u2018Estado de Visitante\u2019.\u2019 <a href=\"https:\/\/strangercam.com\/es\/mocospace\/\">espacio<\/a> para explicar el prop\u00f3sito de su sala de chat. Para los administradores y moderadores de salas de chat, existe un modo de vista previa. Ayuda a crear nuevas conversaciones o a seguir conversaciones existentes sin llamar la atenci\u00f3n. Otra funci\u00f3n que ofrece es \u2018Mensajes globales\u2019, que permite enviar mensajes a todos los miembros directamente. El \u00fanico inconveniente es que puedes encontrarte con anuncios entre las sesiones que pueden resultar bastante irritantes. La versi\u00f3n premium incluye m\u00e1s funciones interesantes. Pero hay que pagar una cantidad para acceder a ellas.<\/p>","protected":false},"excerpt":{"rendered":"<p>Some professionals and internet enthusiasts had first launched chatzy around 2001. With time, it became a popular site in Europe and presently enjoys registered users from all over the world. People access this site for different reasons. It is not some excusive dating or hookup site. Rather, people use the free chatrooms provided by this [&hellip;]<\/p>\n","protected":false},"author":6,"featured_media":559,"parent":0,"menu_order":0,"comment_status":"closed","ping_status":"closed","template":"","meta":{"footnotes":""},"class_list":["post-5268","page","type-page","status-publish","has-post-thumbnail","hentry"],"yoast_head":"<!-- This site is optimized with the Yoast SEO plugin v26.9 - https:\/\/yoast.com\/product\/yoast-seo-wordpress\/ -->\n<title>Chatzy - Free Private Chat Rooms - Cam on StrangerCam.com<\/title>\n<meta name=\"description\" content=\"Like Chatzy? Come chat with more than 5.000.000 strangers on Stranger Cam for Free! Turn on your cam and find new friends &amp; maby a match!\" \/>\n<meta name=\"robots\" content=\"index, follow, max-snippet:-1, max-image-preview:large, max-video-preview:-1\" \/>\n<link rel=\"canonical\" href=\"https:\/\/strangercam.com\/es\/chatzy\/\" \/>\n<meta property=\"og:locale\" content=\"es_ES\" \/>\n<meta property=\"og:type\" content=\"article\" \/>\n<meta property=\"og:title\" content=\"Chatzy - Free Private Chat Rooms - Cam on StrangerCam.com\" \/>\n<meta property=\"og:description\" content=\"Like Chatzy? Come chat with more than 5.000.000 strangers on Stranger Cam for Free! Turn on your cam and find new friends &amp; maby a match!\" \/>\n<meta property=\"og:url\" content=\"https:\/\/strangercam.com\/es\/chatzy\/\" \/>\n<meta property=\"og:site_name\" content=\"Strangercam\" \/>\n<meta property=\"article:publisher\" content=\"https:\/\/www.facebook.com\/strangercam\" \/>\n<meta property=\"article:modified_time\" content=\"2023-08-21T10:24:41+00:00\" \/>\n<meta property=\"og:image\" content=\"https:\/\/strangercam.com\/wp-content\/uploads\/2020\/11\/stranger-cam-1.png\" \/>\n\t<meta property=\"og:image:width\" content=\"800\" \/>\n\t<meta property=\"og:image:height\" content=\"800\" \/>\n\t<meta property=\"og:image:type\" content=\"image\/png\" \/>\n<meta name=\"twitter:card\" content=\"summary_large_image\" \/>\n<meta name=\"twitter:site\" content=\"@strangercamapp\" \/>\n<meta name=\"twitter:label1\" content=\"Tiempo de lectura\" \/>\n\t<meta name=\"twitter:data1\" content=\"2 minutos\" \/>\n<script type=\"application\/ld+json\" class=\"yoast-schema-graph\">{\"@context\":\"https:\/\/schema.org\",\"@graph\":[{\"@type\":\"WebPage\",\"@id\":\"https:\/\/strangercam.com\/chatzy\/\",\"url\":\"https:\/\/strangercam.com\/chatzy\/\",\"name\":\"Chatzy - Free Private Chat Rooms - Cam on StrangerCam.com\",\"isPartOf\":{\"@id\":\"https:\/\/strangercam.com\/#website\"},\"primaryImageOfPage\":{\"@id\":\"https:\/\/strangercam.com\/chatzy\/#primaryimage\"},\"image\":{\"@id\":\"https:\/\/strangercam.com\/chatzy\/#primaryimage\"},\"thumbnailUrl\":\"https:\/\/strangercam.com\/wp-content\/uploads\/2020\/11\/stranger-cam-1.png\",\"datePublished\":\"2021-06-20T12:53:54+00:00\",\"dateModified\":\"2023-08-21T10:24:41+00:00\",\"description\":\"Like Chatzy? Come chat with more than 5.000.000 strangers on Stranger Cam for Free! Turn on your cam and find new friends & maby a match!\",\"breadcrumb\":{\"@id\":\"https:\/\/strangercam.com\/chatzy\/#breadcrumb\"},\"inLanguage\":\"es\",\"potentialAction\":[{\"@type\":\"ReadAction\",\"target\":[\"https:\/\/strangercam.com\/chatzy\/\"]}]},{\"@type\":\"ImageObject\",\"inLanguage\":\"es\",\"@id\":\"https:\/\/strangercam.com\/chatzy\/#primaryimage\",\"url\":\"https:\/\/strangercam.com\/wp-content\/uploads\/2020\/11\/stranger-cam-1.png\",\"contentUrl\":\"https:\/\/strangercam.com\/wp-content\/uploads\/2020\/11\/stranger-cam-1.png\",\"width\":800,\"height\":800,\"caption\":\"stranger cam random video chat\"},{\"@type\":\"BreadcrumbList\",\"@id\":\"https:\/\/strangercam.com\/chatzy\/#breadcrumb\",\"itemListElement\":[{\"@type\":\"ListItem\",\"position\":1,\"name\":\"Home\",\"item\":\"https:\/\/strangercam.com\/\"},{\"@type\":\"ListItem\",\"position\":2,\"name\":\"Chatzy\"}]},{\"@type\":\"WebSite\",\"@id\":\"https:\/\/strangercam.com\/#website\",\"url\":\"https:\/\/strangercam.com\/\",\"name\":\"Strangercam\",\"description\":\"Random Video Chat with Strangers\",\"publisher\":{\"@id\":\"https:\/\/strangercam.com\/#organization\"},\"alternateName\":\"Strangercam.com\",\"potentialAction\":[{\"@type\":\"SearchAction\",\"target\":{\"@type\":\"EntryPoint\",\"urlTemplate\":\"https:\/\/strangercam.com\/?s={search_term_string}\"},\"query-input\":{\"@type\":\"PropertyValueSpecification\",\"valueRequired\":true,\"valueName\":\"search_term_string\"}}],\"inLanguage\":\"es\"},{\"@type\":\"Organization\",\"@id\":\"https:\/\/strangercam.com\/#organization\",\"name\":\"Strangercam\",\"alternateName\":\"Strangercam.com\",\"url\":\"https:\/\/strangercam.com\/\",\"logo\":{\"@type\":\"ImageObject\",\"inLanguage\":\"es\",\"@id\":\"https:\/\/strangercam.com\/#\/schema\/logo\/image\/\",\"url\":\"https:\/\/strangercam.com\/wp-content\/uploads\/2020\/11\/cropped-new-favicon-black.png\",\"contentUrl\":\"https:\/\/strangercam.com\/wp-content\/uploads\/2020\/11\/cropped-new-favicon-black.png\",\"width\":512,\"height\":512,\"caption\":\"Strangercam\"},\"image\":{\"@id\":\"https:\/\/strangercam.com\/#\/schema\/logo\/image\/\"},\"sameAs\":[\"https:\/\/www.facebook.com\/strangercam\",\"https:\/\/x.com\/strangercamapp\"]}]}<\/script>\n<!-- \/ Yoast SEO plugin. -->","yoast_head_json":{"title":"Chatzy - Salas de chat privadas gratis - Cam en StrangerCam.com","description":"\u00bfTe gusta Chatzy? \u00a1Ven a chatear gratis con m\u00e1s de 5.000.000 de desconocidos en Stranger Cam! \u00a1Enciende tu c\u00e1mara y encuentra nuevos amigos y tal vez una pareja!","robots":{"index":"index","follow":"follow","max-snippet":"max-snippet:-1","max-image-preview":"max-image-preview:large","max-video-preview":"max-video-preview:-1"},"canonical":"https:\/\/strangercam.com\/es\/chatzy\/","og_locale":"es_ES","og_type":"article","og_title":"Chatzy - Free Private Chat Rooms - Cam on StrangerCam.com","og_description":"Like Chatzy? Come chat with more than 5.000.000 strangers on Stranger Cam for Free! Turn on your cam and find new friends & maby a match!","og_url":"https:\/\/strangercam.com\/es\/chatzy\/","og_site_name":"Strangercam","article_publisher":"https:\/\/www.facebook.com\/strangercam","article_modified_time":"2023-08-21T10:24:41+00:00","og_image":[{"width":800,"height":800,"url":"https:\/\/strangercam.com\/wp-content\/uploads\/2020\/11\/stranger-cam-1.png","type":"image\/png"}],"twitter_card":"summary_large_image","twitter_site":"@strangercamapp","twitter_misc":{"Tiempo de lectura":"2 minutos"},"schema":{"@context":"https:\/\/schema.org","@graph":[{"@type":"WebPage","@id":"https:\/\/strangercam.com\/chatzy\/","url":"https:\/\/strangercam.com\/chatzy\/","name":"Chatzy - Salas de chat privadas gratis - Cam en StrangerCam.com","isPartOf":{"@id":"https:\/\/strangercam.com\/#website"},"primaryImageOfPage":{"@id":"https:\/\/strangercam.com\/chatzy\/#primaryimage"},"image":{"@id":"https:\/\/strangercam.com\/chatzy\/#primaryimage"},"thumbnailUrl":"https:\/\/strangercam.com\/wp-content\/uploads\/2020\/11\/stranger-cam-1.png","datePublished":"2021-06-20T12:53:54+00:00","dateModified":"2023-08-21T10:24:41+00:00","description":"\u00bfTe gusta Chatzy? \u00a1Ven a chatear gratis con m\u00e1s de 5.000.000 de desconocidos en Stranger Cam! \u00a1Enciende tu c\u00e1mara y encuentra nuevos amigos y tal vez una pareja!","breadcrumb":{"@id":"https:\/\/strangercam.com\/chatzy\/#breadcrumb"},"inLanguage":"es","potentialAction":[{"@type":"ReadAction","target":["https:\/\/strangercam.com\/chatzy\/"]}]},{"@type":"ImageObject","inLanguage":"es","@id":"https:\/\/strangercam.com\/chatzy\/#primaryimage","url":"https:\/\/strangercam.com\/wp-content\/uploads\/2020\/11\/stranger-cam-1.png","contentUrl":"https:\/\/strangercam.com\/wp-content\/uploads\/2020\/11\/stranger-cam-1.png","width":800,"height":800,"caption":"stranger cam random video chat"},{"@type":"BreadcrumbList","@id":"https:\/\/strangercam.com\/chatzy\/#breadcrumb","itemListElement":[{"@type":"ListItem","position":1,"name":"Home","item":"https:\/\/strangercam.com\/"},{"@type":"ListItem","position":2,"name":"Chatzy"}]},{"@type":"WebSite","@id":"https:\/\/strangercam.com\/#website","url":"https:\/\/strangercam.com\/","name":"Strangercam","description":"Videochat aleatorio con desconocidos","publisher":{"@id":"https:\/\/strangercam.com\/#organization"},"alternateName":"Strangercam.com","potentialAction":[{"@type":"SearchAction","target":{"@type":"EntryPoint","urlTemplate":"https:\/\/strangercam.com\/?s={search_term_string}"},"query-input":{"@type":"PropertyValueSpecification","valueRequired":true,"valueName":"search_term_string"}}],"inLanguage":"es"},{"@type":"Organization","@id":"https:\/\/strangercam.com\/#organization","name":"Strangercam","alternateName":"Strangercam.com","url":"https:\/\/strangercam.com\/","logo":{"@type":"ImageObject","inLanguage":"es","@id":"https:\/\/strangercam.com\/#\/schema\/logo\/image\/","url":"https:\/\/strangercam.com\/wp-content\/uploads\/2020\/11\/cropped-new-favicon-black.png","contentUrl":"https:\/\/strangercam.com\/wp-content\/uploads\/2020\/11\/cropped-new-favicon-black.png","width":512,"height":512,"caption":"Strangercam"},"image":{"@id":"https:\/\/strangercam.com\/#\/schema\/logo\/image\/"},"sameAs":["https:\/\/www.facebook.com\/strangercam","https:\/\/x.com\/strangercamapp"]}]}},"_links":{"self":[{"href":"https:\/\/strangercam.com\/es\/wp-json\/wp\/v2\/pages\/5268","targetHints":{"allow":["GET"]}}],"collection":[{"href":"https:\/\/strangercam.com\/es\/wp-json\/wp\/v2\/pages"}],"about":[{"href":"https:\/\/strangercam.com\/es\/wp-json\/wp\/v2\/types\/page"}],"author":[{"embeddable":true,"href":"https:\/\/strangercam.com\/es\/wp-json\/wp\/v2\/users\/6"}],"replies":[{"embeddable":true,"href":"https:\/\/strangercam.com\/es\/wp-json\/wp\/v2\/comments?post=5268"}],"version-history":[{"count":0,"href":"https:\/\/strangercam.com\/es\/wp-json\/wp\/v2\/pages\/5268\/revisions"}],"wp:featuredmedia":[{"embeddable":true,"href":"https:\/\/strangercam.com\/es\/wp-json\/wp\/v2\/media\/559"}],"wp:attachment":[{"href":"https:\/\/strangercam.com\/es\/wp-json\/wp\/v2\/media?parent=5268"}],"curies":[{"name":"wp","href":"https:\/\/api.w.org\/{rel}","templated":true}]}}