{"id":5227,"date":"2021-06-20T14:37:25","date_gmt":"2021-06-20T12:37:25","guid":{"rendered":"https:\/\/strangercam.com\/?page_id=5227"},"modified":"2023-08-21T12:47:26","modified_gmt":"2023-08-21T10:47:26","slug":"y99","status":"publish","type":"page","link":"https:\/\/strangercam.com\/es\/y99\/","title":{"rendered":"Y99"},"content":{"rendered":"<p>Se trata de un popular sitio de citas en l\u00ednea que te permite entrar en cualquiera de sus <a href=\"https:\/\/strangercam.com\/es\/chatroulette\/\">chat<\/a> salas sin necesidad de registrarse. Puede que est\u00e9s buscando un amigo. Puede ser una persona con la que compartir tus pensamientos. Tambi\u00e9n puede ser un compa\u00f1ero con el que quieras llevar la relaci\u00f3n al <a href=\"https:\/\/strangercam.com\/es\/nextcam\/\">siguiente<\/a> nivel. Usando este portal de chat, puedes conversar con tu amigo af\u00edn durante horas juntos y compartir tus sentimientos. Puedes usar tu port\u00e1til, dispositivo android o iphone para conectarte a este sitio de chat. Ofrece un valor incalculable <a href=\"https:\/\/strangercam.com\/es\/chatingly\/\">chat<\/a> servicio algo que seguro que le encantar\u00e1 utilizar.<\/p>\n<h2>C\u00f3mo registrarse en y99<\/h2>\n<p>No es necesario registrarse para iniciar una sesi\u00f3n de chat en este portal. S\u00f3lo tienes que visitar el sitio web o iniciar la aplicaci\u00f3n e introducir tu nombre de chat. Puede ser cualquier apodo que elijas para presentarte a los desconocidos. Una vez hecho esto, ya puedes iniciar tu sesi\u00f3n de chat sin registrarte. Si ya te has registrado en este portal proporcionando tu informaci\u00f3n b\u00e1sica, s\u00f3lo tienes que introducir tu nombre de usuario y la contrase\u00f1a creada. Tambi\u00e9n existe la posibilidad de recuperar tu cuenta en caso de que olvides la contrase\u00f1a. Por lo tanto, entrar en este portal es bastante f\u00e1cil, r\u00e1pido y sencillo.<\/p>\n<h3>C\u00f3mo utilizar y99<\/h3>\n<p>Este portal te permite crear y mantener chats aleatorios, unirte a chats de grupo, leer memes divertidos, etc. Puedes crear tu propio grupo de chat e invitar a unirse al grupo a personas que compartan pensamientos y estados de \u00e1nimo similares. Tanto si eres un usuario registrado como si no, puedes divertirte enormemente durante toda la sesi\u00f3n. Tienes la opci\u00f3n de unirte a chats de grupo, <a href=\"https:\/\/strangercam.com\/es\/1v1-chat\/\">un<\/a> a uno y memes. En caso de que necesites orientaci\u00f3n, siempre puedes aprovechar los consejos y tutoriales que ofrece el portal para tomar la decisi\u00f3n correcta.<\/p>\n<h3>Ventajas e inconvenientes del y99<\/h3>\n<p>En este portal se entra r\u00e1pidamente y se inicia la sesi\u00f3n de chat con desconocidos, ya sea uno a uno o en grupo. Tambi\u00e9n permite crear y compartir memes interesantes con otras personas de todo el mundo. Puedes encontrar a miles de personas chateando en cualquier momento, lo que lo hace muy popular. Puedes iniciar un chat y terminarlo cuando quieras. Los amigos tambi\u00e9n pueden disfrutar de <a href=\"https:\/\/strangercam.com\/es\/chat4free\/\">gratis<\/a> llamadas. Pero la \u00fanica pega es que sin registro puede no ser seguro. As\u00ed que tienes que proteger tu privacidad y no compartir tus datos personales con nadie a trav\u00e9s del chat.<\/p>","protected":false},"excerpt":{"rendered":"<p>This is a popular online dating site that allows you to enter any of its chat rooms without requiring any registration. You may be seeking a friend. It could be a person to share your thoughts. It can also be a partner with whom you may want to take the relationship to the next level. [&hellip;]<\/p>\n","protected":false},"author":6,"featured_media":559,"parent":0,"menu_order":0,"comment_status":"closed","ping_status":"closed","template":"","meta":{"footnotes":""},"class_list":["post-5227","page","type-page","status-publish","has-post-thumbnail","hentry"],"yoast_head":"<!-- This site is optimized with the Yoast SEO plugin v27.4 - https:\/\/yoast.com\/product\/yoast-seo-wordpress\/ -->\n<title>Y99 - Free Online Random Chat - Cam on StrangerCam.com<\/title>\n<meta name=\"description\" content=\"Like Y99? Come chat with more than 5.000.000 strangers on Stranger Cam for Free! Turn on your cam and find new friends &amp; maby a match!\" \/>\n<meta name=\"robots\" content=\"index, follow, max-snippet:-1, max-image-preview:large, max-video-preview:-1\" \/>\n<link rel=\"canonical\" href=\"https:\/\/strangercam.com\/es\/y99\/\" \/>\n<meta property=\"og:locale\" content=\"es_ES\" \/>\n<meta property=\"og:type\" content=\"article\" \/>\n<meta property=\"og:title\" content=\"Y99 - Free Online Random Chat - Cam on StrangerCam.com\" \/>\n<meta property=\"og:description\" content=\"Like Y99? Come chat with more than 5.000.000 strangers on Stranger Cam for Free! Turn on your cam and find new friends &amp; maby a match!\" \/>\n<meta property=\"og:url\" content=\"https:\/\/strangercam.com\/es\/y99\/\" \/>\n<meta property=\"og:site_name\" content=\"Strangercam\" \/>\n<meta property=\"article:publisher\" content=\"https:\/\/www.facebook.com\/strangercam\" \/>\n<meta property=\"article:modified_time\" content=\"2023-08-21T10:47:26+00:00\" \/>\n<meta property=\"og:image\" content=\"https:\/\/strangercam.com\/wp-content\/uploads\/2020\/11\/stranger-cam-1.png\" \/>\n\t<meta property=\"og:image:width\" content=\"800\" \/>\n\t<meta property=\"og:image:height\" content=\"800\" \/>\n\t<meta property=\"og:image:type\" content=\"image\/png\" \/>\n<meta name=\"twitter:card\" content=\"summary_large_image\" \/>\n<meta name=\"twitter:site\" content=\"@strangercamapp\" \/>\n<meta name=\"twitter:label1\" content=\"Tiempo de lectura\" \/>\n\t<meta name=\"twitter:data1\" content=\"2 minutos\" \/>\n<script type=\"application\/ld+json\" class=\"yoast-schema-graph\">{\"@context\":\"https:\\\/\\\/schema.org\",\"@graph\":[{\"@type\":\"WebPage\",\"@id\":\"https:\\\/\\\/strangercam.com\\\/y99\\\/\",\"url\":\"https:\\\/\\\/strangercam.com\\\/y99\\\/\",\"name\":\"Y99 - Free Online Random Chat - Cam on StrangerCam.com\",\"isPartOf\":{\"@id\":\"https:\\\/\\\/strangercam.com\\\/#website\"},\"primaryImageOfPage\":{\"@id\":\"https:\\\/\\\/strangercam.com\\\/y99\\\/#primaryimage\"},\"image\":{\"@id\":\"https:\\\/\\\/strangercam.com\\\/y99\\\/#primaryimage\"},\"thumbnailUrl\":\"https:\\\/\\\/strangercam.com\\\/wp-content\\\/uploads\\\/2020\\\/11\\\/stranger-cam-1.png\",\"datePublished\":\"2021-06-20T12:37:25+00:00\",\"dateModified\":\"2023-08-21T10:47:26+00:00\",\"description\":\"Like Y99? Come chat with more than 5.000.000 strangers on Stranger Cam for Free! Turn on your cam and find new friends & maby a match!\",\"breadcrumb\":{\"@id\":\"https:\\\/\\\/strangercam.com\\\/y99\\\/#breadcrumb\"},\"inLanguage\":\"es\",\"potentialAction\":[{\"@type\":\"ReadAction\",\"target\":[\"https:\\\/\\\/strangercam.com\\\/y99\\\/\"]}]},{\"@type\":\"ImageObject\",\"inLanguage\":\"es\",\"@id\":\"https:\\\/\\\/strangercam.com\\\/y99\\\/#primaryimage\",\"url\":\"https:\\\/\\\/strangercam.com\\\/wp-content\\\/uploads\\\/2020\\\/11\\\/stranger-cam-1.png\",\"contentUrl\":\"https:\\\/\\\/strangercam.com\\\/wp-content\\\/uploads\\\/2020\\\/11\\\/stranger-cam-1.png\",\"width\":800,\"height\":800,\"caption\":\"stranger cam random video chat\"},{\"@type\":\"BreadcrumbList\",\"@id\":\"https:\\\/\\\/strangercam.com\\\/y99\\\/#breadcrumb\",\"itemListElement\":[{\"@type\":\"ListItem\",\"position\":1,\"name\":\"Home\",\"item\":\"https:\\\/\\\/strangercam.com\\\/\"},{\"@type\":\"ListItem\",\"position\":2,\"name\":\"Y99\"}]},{\"@type\":\"WebSite\",\"@id\":\"https:\\\/\\\/strangercam.com\\\/#website\",\"url\":\"https:\\\/\\\/strangercam.com\\\/\",\"name\":\"Strangercam\",\"description\":\"Random Video Chat with Strangers\",\"publisher\":{\"@id\":\"https:\\\/\\\/strangercam.com\\\/#organization\"},\"alternateName\":\"Strangercam.com\",\"potentialAction\":[{\"@type\":\"SearchAction\",\"target\":{\"@type\":\"EntryPoint\",\"urlTemplate\":\"https:\\\/\\\/strangercam.com\\\/?s={search_term_string}\"},\"query-input\":{\"@type\":\"PropertyValueSpecification\",\"valueRequired\":true,\"valueName\":\"search_term_string\"}}],\"inLanguage\":\"es\"},{\"@type\":\"Organization\",\"@id\":\"https:\\\/\\\/strangercam.com\\\/#organization\",\"name\":\"Strangercam\",\"alternateName\":\"Strangercam.com\",\"url\":\"https:\\\/\\\/strangercam.com\\\/\",\"logo\":{\"@type\":\"ImageObject\",\"inLanguage\":\"es\",\"@id\":\"https:\\\/\\\/strangercam.com\\\/#\\\/schema\\\/logo\\\/image\\\/\",\"url\":\"https:\\\/\\\/strangercam.com\\\/wp-content\\\/uploads\\\/2020\\\/11\\\/cropped-new-favicon-black.png\",\"contentUrl\":\"https:\\\/\\\/strangercam.com\\\/wp-content\\\/uploads\\\/2020\\\/11\\\/cropped-new-favicon-black.png\",\"width\":512,\"height\":512,\"caption\":\"Strangercam\"},\"image\":{\"@id\":\"https:\\\/\\\/strangercam.com\\\/#\\\/schema\\\/logo\\\/image\\\/\"},\"sameAs\":[\"https:\\\/\\\/www.facebook.com\\\/strangercam\",\"https:\\\/\\\/x.com\\\/strangercamapp\"]}]}<\/script>\n<!-- \/ Yoast SEO plugin. -->","yoast_head_json":{"title":"Y99 - Chat en l\u00ednea gratis al azar - Cam en StrangerCam.com","description":"\u00bfTe gusta Y99? \u00a1Ven a chatear gratis con m\u00e1s de 5.000.000 de desconocidos en Stranger Cam! \u00a1Enciende tu c\u00e1mara y encuentra nuevos amigos y tal vez una pareja!","robots":{"index":"index","follow":"follow","max-snippet":"max-snippet:-1","max-image-preview":"max-image-preview:large","max-video-preview":"max-video-preview:-1"},"canonical":"https:\/\/strangercam.com\/es\/y99\/","og_locale":"es_ES","og_type":"article","og_title":"Y99 - Free Online Random Chat - Cam on StrangerCam.com","og_description":"Like Y99? Come chat with more than 5.000.000 strangers on Stranger Cam for Free! Turn on your cam and find new friends & maby a match!","og_url":"https:\/\/strangercam.com\/es\/y99\/","og_site_name":"Strangercam","article_publisher":"https:\/\/www.facebook.com\/strangercam","article_modified_time":"2023-08-21T10:47:26+00:00","og_image":[{"width":800,"height":800,"url":"https:\/\/strangercam.com\/wp-content\/uploads\/2020\/11\/stranger-cam-1.png","type":"image\/png"}],"twitter_card":"summary_large_image","twitter_site":"@strangercamapp","twitter_misc":{"Tiempo de lectura":"2 minutos"},"schema":{"@context":"https:\/\/schema.org","@graph":[{"@type":"WebPage","@id":"https:\/\/strangercam.com\/y99\/","url":"https:\/\/strangercam.com\/y99\/","name":"Y99 - Chat en l\u00ednea gratis al azar - Cam en StrangerCam.com","isPartOf":{"@id":"https:\/\/strangercam.com\/#website"},"primaryImageOfPage":{"@id":"https:\/\/strangercam.com\/y99\/#primaryimage"},"image":{"@id":"https:\/\/strangercam.com\/y99\/#primaryimage"},"thumbnailUrl":"https:\/\/strangercam.com\/wp-content\/uploads\/2020\/11\/stranger-cam-1.png","datePublished":"2021-06-20T12:37:25+00:00","dateModified":"2023-08-21T10:47:26+00:00","description":"\u00bfTe gusta Y99? \u00a1Ven a chatear gratis con m\u00e1s de 5.000.000 de desconocidos en Stranger Cam! \u00a1Enciende tu c\u00e1mara y encuentra nuevos amigos y tal vez una pareja!","breadcrumb":{"@id":"https:\/\/strangercam.com\/y99\/#breadcrumb"},"inLanguage":"es","potentialAction":[{"@type":"ReadAction","target":["https:\/\/strangercam.com\/y99\/"]}]},{"@type":"ImageObject","inLanguage":"es","@id":"https:\/\/strangercam.com\/y99\/#primaryimage","url":"https:\/\/strangercam.com\/wp-content\/uploads\/2020\/11\/stranger-cam-1.png","contentUrl":"https:\/\/strangercam.com\/wp-content\/uploads\/2020\/11\/stranger-cam-1.png","width":800,"height":800,"caption":"stranger cam random video chat"},{"@type":"BreadcrumbList","@id":"https:\/\/strangercam.com\/y99\/#breadcrumb","itemListElement":[{"@type":"ListItem","position":1,"name":"Home","item":"https:\/\/strangercam.com\/"},{"@type":"ListItem","position":2,"name":"Y99"}]},{"@type":"WebSite","@id":"https:\/\/strangercam.com\/#website","url":"https:\/\/strangercam.com\/","name":"Strangercam","description":"Videochat aleatorio con desconocidos","publisher":{"@id":"https:\/\/strangercam.com\/#organization"},"alternateName":"Strangercam.com","potentialAction":[{"@type":"SearchAction","target":{"@type":"EntryPoint","urlTemplate":"https:\/\/strangercam.com\/?s={search_term_string}"},"query-input":{"@type":"PropertyValueSpecification","valueRequired":true,"valueName":"search_term_string"}}],"inLanguage":"es"},{"@type":"Organization","@id":"https:\/\/strangercam.com\/#organization","name":"Strangercam","alternateName":"Strangercam.com","url":"https:\/\/strangercam.com\/","logo":{"@type":"ImageObject","inLanguage":"es","@id":"https:\/\/strangercam.com\/#\/schema\/logo\/image\/","url":"https:\/\/strangercam.com\/wp-content\/uploads\/2020\/11\/cropped-new-favicon-black.png","contentUrl":"https:\/\/strangercam.com\/wp-content\/uploads\/2020\/11\/cropped-new-favicon-black.png","width":512,"height":512,"caption":"Strangercam"},"image":{"@id":"https:\/\/strangercam.com\/#\/schema\/logo\/image\/"},"sameAs":["https:\/\/www.facebook.com\/strangercam","https:\/\/x.com\/strangercamapp"]}]}},"_links":{"self":[{"href":"https:\/\/strangercam.com\/es\/wp-json\/wp\/v2\/pages\/5227","targetHints":{"allow":["GET"]}}],"collection":[{"href":"https:\/\/strangercam.com\/es\/wp-json\/wp\/v2\/pages"}],"about":[{"href":"https:\/\/strangercam.com\/es\/wp-json\/wp\/v2\/types\/page"}],"author":[{"embeddable":true,"href":"https:\/\/strangercam.com\/es\/wp-json\/wp\/v2\/users\/6"}],"replies":[{"embeddable":true,"href":"https:\/\/strangercam.com\/es\/wp-json\/wp\/v2\/comments?post=5227"}],"version-history":[{"count":0,"href":"https:\/\/strangercam.com\/es\/wp-json\/wp\/v2\/pages\/5227\/revisions"}],"wp:featuredmedia":[{"embeddable":true,"href":"https:\/\/strangercam.com\/es\/wp-json\/wp\/v2\/media\/559"}],"wp:attachment":[{"href":"https:\/\/strangercam.com\/es\/wp-json\/wp\/v2\/media?parent=5227"}],"curies":[{"name":"wp","href":"https:\/\/api.w.org\/{rel}","templated":true}]}}