{"id":5209,"date":"2021-06-20T14:24:52","date_gmt":"2021-06-20T12:24:52","guid":{"rendered":"https:\/\/strangercam.com\/?page_id=5209"},"modified":"2023-08-21T12:43:51","modified_gmt":"2023-08-21T10:43:51","slug":"tohla","status":"publish","type":"page","link":"https:\/\/strangercam.com\/es\/tohla\/","title":{"rendered":"Tohla"},"content":{"rendered":"<p>Este singular <a href=\"https:\/\/strangercam.com\/es\/chatroulette\/\">chat<\/a> te permite conectar con completos desconocidos y discutir con ellos sobre diversas cosas interesantes. Tienes la opci\u00f3n de chatear por texto, jugar a Tloons, dibujar o chatear por voz, <a href=\"https:\/\/strangercam.com\/es\/rabbit-video-chat\/\">chat de v\u00eddeo<\/a>jugar <b>tohla<\/b> Diversi\u00f3n, Me gusta o No me gusta, etc. Simplemente est\u00e1 lleno de mucha emoci\u00f3n algo que puedes descubrir visit\u00e1ndolo. Cada momento pasado en este sitio es seguro que ser\u00e1 incre\u00edble y memorable. Hay miles de personas conectadas a este portal en cualquier momento. Esta plataforma de gran alcance le proporciona la oportunidad de saber acerca de los dem\u00e1s y <a href=\"https:\/\/strangercam.com\/es\/coomeet\/\">conozca<\/a> personas con ideas afines.<\/p>\n<h2>\u00bfC\u00f3mo inscribirse en tohla?<\/h2>\n<p>Este portal no requiere el pago de ninguna cuota de inscripci\u00f3n para acceder a sus diversas y emocionantes funciones. Usted es libre de <a href=\"https:\/\/strangercam.com\/es\/videochat-con-chicas\/\">video chat con chicas<\/a> y chicos de todas las edades sin tener que gastar ni un c\u00e9ntimo de tu bolsillo. S\u00f3lo tienes que hacer clic en el bot\u00f3n \"Conectar ahora\". Entonces te conectar\u00e1s a su servidor de chat y empezar\u00e1s a conectar inmediatamente con los dem\u00e1s. Es f\u00e1cil de usar y bastante r\u00e1pido a diferencia de otros portales.<\/p>\n<h3>\u00bfC\u00f3mo utilizar tohla?<\/h3>\n<p>Este portal de chat aleatorio te permite chatear con completos desconocidos sin necesidad de revelar tu identidad real. Es muy f\u00e1cil de usar y basta con conectarse para iniciar la sesi\u00f3n de chat. Este sitio ofrece varias aplicaciones interesantes pensadas para que todo el mundo las utilice, como acciones, sorteos, hot or not, etc. Tambi\u00e9n puedes utilizar el videochat para ver a la otra persona y chatear en directo. De este modo, podr\u00e1s acabar con el aburrimiento y divertirte a lo grande.<\/p>\n<h3>\u00bfCu\u00e1les son los pros y los contras de la tohla?<\/h3>\n<p>Este portal es completamente seguro para utilizarlo siempre que te sientas aburrido o busques alguna forma de entretenimiento. Es muy f\u00e1cil conectarse y no requiere ning\u00fan tipo de registro. Tampoco tienes que pagar ning\u00fan tipo de cuota de inscripci\u00f3n para acceder a las diferentes funciones que ofrece. Viene con varias caracter\u00edsticas interesantes y te permite disfrutar de un compromiso de usuario asegurado. El videochat tambi\u00e9n es completamente gratuito y puedes relacionarte con chicos y <a href=\"https:\/\/strangercam.com\/es\/mirami\/\">chicas<\/a> en directo desde cualquier parte del mundo. El \u00fanico inconveniente es que, al ser un portal de chat gratuito, puede haber algunos perfiles falsos y fraudulentos de los que hay que desconfiar.<\/p>","protected":false},"excerpt":{"rendered":"<p>This unique chat site allows you to connect with complete strangers and discuss with them on various interesting things. You have the option to text chat, play Tloons, draw, voice chat, video chat, play tohla Fun, Like or Unlike, etc. It is simply filled with lots of excitement something that you can discover by visiting [&hellip;]<\/p>\n","protected":false},"author":6,"featured_media":559,"parent":0,"menu_order":0,"comment_status":"closed","ping_status":"closed","template":"","meta":{"footnotes":""},"class_list":["post-5209","page","type-page","status-publish","has-post-thumbnail","hentry"],"yoast_head":"<!-- This site is optimized with the Yoast SEO plugin v26.9 - https:\/\/yoast.com\/product\/yoast-seo-wordpress\/ -->\n<title>Tohla - Talk To Strangers - Cam on StrangerCam.com<\/title>\n<meta name=\"description\" content=\"Like Tohla? Come chat with more than 5.000.000 strangers on Stranger Cam for Free! Turn on your cam and find new friends &amp; maby a match!\" \/>\n<meta name=\"robots\" content=\"index, follow, max-snippet:-1, max-image-preview:large, max-video-preview:-1\" \/>\n<link rel=\"canonical\" href=\"https:\/\/strangercam.com\/es\/tohla\/\" \/>\n<meta property=\"og:locale\" content=\"es_ES\" \/>\n<meta property=\"og:type\" content=\"article\" \/>\n<meta property=\"og:title\" content=\"Tohla - Talk To Strangers - Cam on StrangerCam.com\" \/>\n<meta property=\"og:description\" content=\"Like Tohla? Come chat with more than 5.000.000 strangers on Stranger Cam for Free! Turn on your cam and find new friends &amp; maby a match!\" \/>\n<meta property=\"og:url\" content=\"https:\/\/strangercam.com\/es\/tohla\/\" \/>\n<meta property=\"og:site_name\" content=\"Strangercam\" \/>\n<meta property=\"article:publisher\" content=\"https:\/\/www.facebook.com\/strangercam\" \/>\n<meta property=\"article:modified_time\" content=\"2023-08-21T10:43:51+00:00\" \/>\n<meta property=\"og:image\" content=\"https:\/\/strangercam.com\/wp-content\/uploads\/2020\/11\/stranger-cam-1.png\" \/>\n\t<meta property=\"og:image:width\" content=\"800\" \/>\n\t<meta property=\"og:image:height\" content=\"800\" \/>\n\t<meta property=\"og:image:type\" content=\"image\/png\" \/>\n<meta name=\"twitter:card\" content=\"summary_large_image\" \/>\n<meta name=\"twitter:site\" content=\"@strangercamapp\" \/>\n<meta name=\"twitter:label1\" content=\"Tiempo de lectura\" \/>\n\t<meta name=\"twitter:data1\" content=\"2 minutos\" \/>\n<script type=\"application\/ld+json\" class=\"yoast-schema-graph\">{\"@context\":\"https:\/\/schema.org\",\"@graph\":[{\"@type\":\"WebPage\",\"@id\":\"https:\/\/strangercam.com\/tohla\/\",\"url\":\"https:\/\/strangercam.com\/tohla\/\",\"name\":\"Tohla - Talk To Strangers - Cam on StrangerCam.com\",\"isPartOf\":{\"@id\":\"https:\/\/strangercam.com\/#website\"},\"primaryImageOfPage\":{\"@id\":\"https:\/\/strangercam.com\/tohla\/#primaryimage\"},\"image\":{\"@id\":\"https:\/\/strangercam.com\/tohla\/#primaryimage\"},\"thumbnailUrl\":\"https:\/\/strangercam.com\/wp-content\/uploads\/2020\/11\/stranger-cam-1.png\",\"datePublished\":\"2021-06-20T12:24:52+00:00\",\"dateModified\":\"2023-08-21T10:43:51+00:00\",\"description\":\"Like Tohla? Come chat with more than 5.000.000 strangers on Stranger Cam for Free! Turn on your cam and find new friends & maby a match!\",\"breadcrumb\":{\"@id\":\"https:\/\/strangercam.com\/tohla\/#breadcrumb\"},\"inLanguage\":\"es\",\"potentialAction\":[{\"@type\":\"ReadAction\",\"target\":[\"https:\/\/strangercam.com\/tohla\/\"]}]},{\"@type\":\"ImageObject\",\"inLanguage\":\"es\",\"@id\":\"https:\/\/strangercam.com\/tohla\/#primaryimage\",\"url\":\"https:\/\/strangercam.com\/wp-content\/uploads\/2020\/11\/stranger-cam-1.png\",\"contentUrl\":\"https:\/\/strangercam.com\/wp-content\/uploads\/2020\/11\/stranger-cam-1.png\",\"width\":800,\"height\":800,\"caption\":\"stranger cam random video chat\"},{\"@type\":\"BreadcrumbList\",\"@id\":\"https:\/\/strangercam.com\/tohla\/#breadcrumb\",\"itemListElement\":[{\"@type\":\"ListItem\",\"position\":1,\"name\":\"Home\",\"item\":\"https:\/\/strangercam.com\/\"},{\"@type\":\"ListItem\",\"position\":2,\"name\":\"Tohla\"}]},{\"@type\":\"WebSite\",\"@id\":\"https:\/\/strangercam.com\/#website\",\"url\":\"https:\/\/strangercam.com\/\",\"name\":\"Strangercam\",\"description\":\"Random Video Chat with Strangers\",\"publisher\":{\"@id\":\"https:\/\/strangercam.com\/#organization\"},\"alternateName\":\"Strangercam.com\",\"potentialAction\":[{\"@type\":\"SearchAction\",\"target\":{\"@type\":\"EntryPoint\",\"urlTemplate\":\"https:\/\/strangercam.com\/?s={search_term_string}\"},\"query-input\":{\"@type\":\"PropertyValueSpecification\",\"valueRequired\":true,\"valueName\":\"search_term_string\"}}],\"inLanguage\":\"es\"},{\"@type\":\"Organization\",\"@id\":\"https:\/\/strangercam.com\/#organization\",\"name\":\"Strangercam\",\"alternateName\":\"Strangercam.com\",\"url\":\"https:\/\/strangercam.com\/\",\"logo\":{\"@type\":\"ImageObject\",\"inLanguage\":\"es\",\"@id\":\"https:\/\/strangercam.com\/#\/schema\/logo\/image\/\",\"url\":\"https:\/\/strangercam.com\/wp-content\/uploads\/2020\/11\/cropped-new-favicon-black.png\",\"contentUrl\":\"https:\/\/strangercam.com\/wp-content\/uploads\/2020\/11\/cropped-new-favicon-black.png\",\"width\":512,\"height\":512,\"caption\":\"Strangercam\"},\"image\":{\"@id\":\"https:\/\/strangercam.com\/#\/schema\/logo\/image\/\"},\"sameAs\":[\"https:\/\/www.facebook.com\/strangercam\",\"https:\/\/x.com\/strangercamapp\"]}]}<\/script>\n<!-- \/ Yoast SEO plugin. -->","yoast_head_json":{"title":"Tohla - Hablar con extra\u00f1os - Cam en StrangerCam.com","description":"\u00bfTe gusta Tohla? \u00a1Ven a chatear gratis con m\u00e1s de 5.000.000 de desconocidos en Stranger Cam! \u00a1Enciende tu c\u00e1mara y encuentra nuevos amigos y tal vez una pareja!","robots":{"index":"index","follow":"follow","max-snippet":"max-snippet:-1","max-image-preview":"max-image-preview:large","max-video-preview":"max-video-preview:-1"},"canonical":"https:\/\/strangercam.com\/es\/tohla\/","og_locale":"es_ES","og_type":"article","og_title":"Tohla - Talk To Strangers - Cam on StrangerCam.com","og_description":"Like Tohla? Come chat with more than 5.000.000 strangers on Stranger Cam for Free! Turn on your cam and find new friends & maby a match!","og_url":"https:\/\/strangercam.com\/es\/tohla\/","og_site_name":"Strangercam","article_publisher":"https:\/\/www.facebook.com\/strangercam","article_modified_time":"2023-08-21T10:43:51+00:00","og_image":[{"width":800,"height":800,"url":"https:\/\/strangercam.com\/wp-content\/uploads\/2020\/11\/stranger-cam-1.png","type":"image\/png"}],"twitter_card":"summary_large_image","twitter_site":"@strangercamapp","twitter_misc":{"Tiempo de lectura":"2 minutos"},"schema":{"@context":"https:\/\/schema.org","@graph":[{"@type":"WebPage","@id":"https:\/\/strangercam.com\/tohla\/","url":"https:\/\/strangercam.com\/tohla\/","name":"Tohla - Hablar con extra\u00f1os - Cam en StrangerCam.com","isPartOf":{"@id":"https:\/\/strangercam.com\/#website"},"primaryImageOfPage":{"@id":"https:\/\/strangercam.com\/tohla\/#primaryimage"},"image":{"@id":"https:\/\/strangercam.com\/tohla\/#primaryimage"},"thumbnailUrl":"https:\/\/strangercam.com\/wp-content\/uploads\/2020\/11\/stranger-cam-1.png","datePublished":"2021-06-20T12:24:52+00:00","dateModified":"2023-08-21T10:43:51+00:00","description":"\u00bfTe gusta Tohla? \u00a1Ven a chatear gratis con m\u00e1s de 5.000.000 de desconocidos en Stranger Cam! \u00a1Enciende tu c\u00e1mara y encuentra nuevos amigos y tal vez una pareja!","breadcrumb":{"@id":"https:\/\/strangercam.com\/tohla\/#breadcrumb"},"inLanguage":"es","potentialAction":[{"@type":"ReadAction","target":["https:\/\/strangercam.com\/tohla\/"]}]},{"@type":"ImageObject","inLanguage":"es","@id":"https:\/\/strangercam.com\/tohla\/#primaryimage","url":"https:\/\/strangercam.com\/wp-content\/uploads\/2020\/11\/stranger-cam-1.png","contentUrl":"https:\/\/strangercam.com\/wp-content\/uploads\/2020\/11\/stranger-cam-1.png","width":800,"height":800,"caption":"stranger cam random video chat"},{"@type":"BreadcrumbList","@id":"https:\/\/strangercam.com\/tohla\/#breadcrumb","itemListElement":[{"@type":"ListItem","position":1,"name":"Home","item":"https:\/\/strangercam.com\/"},{"@type":"ListItem","position":2,"name":"Tohla"}]},{"@type":"WebSite","@id":"https:\/\/strangercam.com\/#website","url":"https:\/\/strangercam.com\/","name":"Strangercam","description":"Videochat aleatorio con desconocidos","publisher":{"@id":"https:\/\/strangercam.com\/#organization"},"alternateName":"Strangercam.com","potentialAction":[{"@type":"SearchAction","target":{"@type":"EntryPoint","urlTemplate":"https:\/\/strangercam.com\/?s={search_term_string}"},"query-input":{"@type":"PropertyValueSpecification","valueRequired":true,"valueName":"search_term_string"}}],"inLanguage":"es"},{"@type":"Organization","@id":"https:\/\/strangercam.com\/#organization","name":"Strangercam","alternateName":"Strangercam.com","url":"https:\/\/strangercam.com\/","logo":{"@type":"ImageObject","inLanguage":"es","@id":"https:\/\/strangercam.com\/#\/schema\/logo\/image\/","url":"https:\/\/strangercam.com\/wp-content\/uploads\/2020\/11\/cropped-new-favicon-black.png","contentUrl":"https:\/\/strangercam.com\/wp-content\/uploads\/2020\/11\/cropped-new-favicon-black.png","width":512,"height":512,"caption":"Strangercam"},"image":{"@id":"https:\/\/strangercam.com\/#\/schema\/logo\/image\/"},"sameAs":["https:\/\/www.facebook.com\/strangercam","https:\/\/x.com\/strangercamapp"]}]}},"_links":{"self":[{"href":"https:\/\/strangercam.com\/es\/wp-json\/wp\/v2\/pages\/5209","targetHints":{"allow":["GET"]}}],"collection":[{"href":"https:\/\/strangercam.com\/es\/wp-json\/wp\/v2\/pages"}],"about":[{"href":"https:\/\/strangercam.com\/es\/wp-json\/wp\/v2\/types\/page"}],"author":[{"embeddable":true,"href":"https:\/\/strangercam.com\/es\/wp-json\/wp\/v2\/users\/6"}],"replies":[{"embeddable":true,"href":"https:\/\/strangercam.com\/es\/wp-json\/wp\/v2\/comments?post=5209"}],"version-history":[{"count":0,"href":"https:\/\/strangercam.com\/es\/wp-json\/wp\/v2\/pages\/5209\/revisions"}],"wp:featuredmedia":[{"embeddable":true,"href":"https:\/\/strangercam.com\/es\/wp-json\/wp\/v2\/media\/559"}],"wp:attachment":[{"href":"https:\/\/strangercam.com\/es\/wp-json\/wp\/v2\/media?parent=5209"}],"curies":[{"name":"wp","href":"https:\/\/api.w.org\/{rel}","templated":true}]}}