{"id":5153,"date":"2021-06-19T21:32:14","date_gmt":"2021-06-19T19:32:14","guid":{"rendered":"https:\/\/strangercam.com\/?page_id=5153"},"modified":"2023-08-21T12:24:41","modified_gmt":"2023-08-21T10:24:41","slug":"flirtymania","status":"publish","type":"page","link":"https:\/\/strangercam.com\/es\/flirtymania\/","title":{"rendered":"Flirtymania"},"content":{"rendered":"<p><b>Flirtymania<\/b> se est\u00e1 convirtiendo r\u00e1pidamente en una webcam popular <a href=\"https:\/\/strangercam.com\/es\/chatroulette\/\">chat<\/a> y disfrutando de nuevos registros por miles cada d\u00eda que pasa. Este sitio le permite encontrar una fecha, <a href=\"https:\/\/strangercam.com\/es\/coomeet\/\">conozca<\/a> nuevos amigos, hablar con desconocidos afines o conocer a la persona amada. Con tantas funciones interesantes, este sitio te permite disfrutar y tener una vida rom\u00e1ntica. Puedes acceder f\u00e1cilmente a webcams en vivo y <a href=\"https:\/\/strangercam.com\/es\/rabbit-video-chat\/\">chat de v\u00eddeo<\/a> gratis. Haz videollamadas aleatorias y entra en salas de chat en grupo para mantener largas sesiones de chat con otras personas.<\/p>\n<h2>\u00bfC\u00f3mo registrarse en flirtymania?<\/h2>\n<p>Para acceder a las diferentes versiones del chat, es importante registrarse en este sitio. Para ello, debe proporcionar correctamente sus datos personales en el formulario de registro, incluyendo su identificaci\u00f3n de usuario y contrase\u00f1a. Una vez generados, podr\u00e1 acceder a las diferentes ventanas de chat que se ofrecen aqu\u00ed. Tambi\u00e9n puede ver la persona con la que desea chatear y simplemente haga clic en esa ventana para iniciar su sesi\u00f3n de chat. Registrarse en este sitio es bastante sencillo, f\u00e1cil y r\u00e1pido. Dispones de versiones de pago y de videochat seg\u00fan tu elecci\u00f3n.<\/p>\n<h3>\u00bfC\u00f3mo utilizar flirtymania?<\/h3>\n<p>Este sitio ofrece a los usuarios muchas opciones y es muy f\u00e1cil de usar. Primero tienes que registrarte visitando la ventana que prefieras y crear tu nombre de usuario y contrase\u00f1a. Una vez hecho esto, podr\u00e1s acceder a chat por webcam gratis, chat por webcam gratis y chat por webcam gratis. <a href=\"https:\/\/strangercam.com\/es\/bazoocam\/\">leva<\/a> chat, sala de chat con webcam, etc. Hay miles de salas de chat p\u00fablicas y privadas en las que puedes elegir entrar para tener una sesi\u00f3n interesante y llena de diversi\u00f3n. Es completamente seguro y mucho m\u00e1s interesante permiti\u00e9ndole obtener aquello por lo que paga.<\/p>\n<h3>\u00bfCu\u00e1les son los pros y los contras de flirtymania?<\/h3>\n<p>Webcam chatroom en este sitio le permite acceder gratis en vivo <a href=\"https:\/\/strangercam.com\/es\/videochat-con-chicas\/\">chicas<\/a> con total anonimato. No ser\u00e1 necesario que muestres tus datos personales mientras disfrutas de pleno acceso sin tu permiso. Puedes unirte a cualquiera de las miles de salas de chat p\u00fablicas y privadas llenas de desconocidos de todo el mundo. Tienes todo el control sobre con qui\u00e9n chatear en funci\u00f3n de tu estado de \u00e1nimo. Este chat por webcam gratuito ofrece un mont\u00f3n de pegatinas incre\u00edbles. El \u00fanico inconveniente es que tienes que dejar de lado el dinero para animar a un amigo o ganarte el coraz\u00f3n de alguien. Pero merece la pena probarlo, ya que te divertir\u00e1s al m\u00e1ximo en este sitio y querr\u00e1s volver a por m\u00e1s.<\/p>","protected":false},"excerpt":{"rendered":"<p>Flirtymania is fast becoming a popular webcam chat and enjoying new registrations in thousands with each passing day. This site allows you to find a date, meet new friends, talk to likeminded strangers or meet your beloved one. With so many interesting features, this site allows you to permits you to enjoy and have a [&hellip;]<\/p>\n","protected":false},"author":6,"featured_media":559,"parent":0,"menu_order":0,"comment_status":"closed","ping_status":"closed","template":"","meta":{"footnotes":""},"class_list":["post-5153","page","type-page","status-publish","has-post-thumbnail","hentry"],"yoast_head":"<!-- This site is optimized with the Yoast SEO plugin v26.9 - https:\/\/yoast.com\/product\/yoast-seo-wordpress\/ -->\n<title>Flirtymania - Video Chat With Girls - Cam on StrangerCam.com<\/title>\n<meta name=\"description\" content=\"Like Flirtymania? Come chat with more than 5.000.000 strangers on Stranger Cam for Free! Turn on your cam and find new friends &amp; maby a match!\" \/>\n<meta name=\"robots\" content=\"index, follow, max-snippet:-1, max-image-preview:large, max-video-preview:-1\" \/>\n<link rel=\"canonical\" href=\"https:\/\/strangercam.com\/es\/flirtymania\/\" \/>\n<meta property=\"og:locale\" content=\"es_ES\" \/>\n<meta property=\"og:type\" content=\"article\" \/>\n<meta property=\"og:title\" content=\"Flirtymania - Video Chat With Girls - Cam on StrangerCam.com\" \/>\n<meta property=\"og:description\" content=\"Like Flirtymania? Come chat with more than 5.000.000 strangers on Stranger Cam for Free! Turn on your cam and find new friends &amp; maby a match!\" \/>\n<meta property=\"og:url\" content=\"https:\/\/strangercam.com\/es\/flirtymania\/\" \/>\n<meta property=\"og:site_name\" content=\"Strangercam\" \/>\n<meta property=\"article:publisher\" content=\"https:\/\/www.facebook.com\/strangercam\" \/>\n<meta property=\"article:modified_time\" content=\"2023-08-21T10:24:41+00:00\" \/>\n<meta property=\"og:image\" content=\"https:\/\/strangercam.com\/wp-content\/uploads\/2020\/11\/stranger-cam-1.png\" \/>\n\t<meta property=\"og:image:width\" content=\"800\" \/>\n\t<meta property=\"og:image:height\" content=\"800\" \/>\n\t<meta property=\"og:image:type\" content=\"image\/png\" \/>\n<meta name=\"twitter:card\" content=\"summary_large_image\" \/>\n<meta name=\"twitter:site\" content=\"@strangercamapp\" \/>\n<meta name=\"twitter:label1\" content=\"Tiempo de lectura\" \/>\n\t<meta name=\"twitter:data1\" content=\"2 minutos\" \/>\n<script type=\"application\/ld+json\" class=\"yoast-schema-graph\">{\"@context\":\"https:\/\/schema.org\",\"@graph\":[{\"@type\":\"WebPage\",\"@id\":\"https:\/\/strangercam.com\/flirtymania\/\",\"url\":\"https:\/\/strangercam.com\/flirtymania\/\",\"name\":\"Flirtymania - Video Chat With Girls - Cam on StrangerCam.com\",\"isPartOf\":{\"@id\":\"https:\/\/strangercam.com\/#website\"},\"primaryImageOfPage\":{\"@id\":\"https:\/\/strangercam.com\/flirtymania\/#primaryimage\"},\"image\":{\"@id\":\"https:\/\/strangercam.com\/flirtymania\/#primaryimage\"},\"thumbnailUrl\":\"https:\/\/strangercam.com\/wp-content\/uploads\/2020\/11\/stranger-cam-1.png\",\"datePublished\":\"2021-06-19T19:32:14+00:00\",\"dateModified\":\"2023-08-21T10:24:41+00:00\",\"description\":\"Like Flirtymania? Come chat with more than 5.000.000 strangers on Stranger Cam for Free! Turn on your cam and find new friends & maby a match!\",\"breadcrumb\":{\"@id\":\"https:\/\/strangercam.com\/flirtymania\/#breadcrumb\"},\"inLanguage\":\"es\",\"potentialAction\":[{\"@type\":\"ReadAction\",\"target\":[\"https:\/\/strangercam.com\/flirtymania\/\"]}]},{\"@type\":\"ImageObject\",\"inLanguage\":\"es\",\"@id\":\"https:\/\/strangercam.com\/flirtymania\/#primaryimage\",\"url\":\"https:\/\/strangercam.com\/wp-content\/uploads\/2020\/11\/stranger-cam-1.png\",\"contentUrl\":\"https:\/\/strangercam.com\/wp-content\/uploads\/2020\/11\/stranger-cam-1.png\",\"width\":800,\"height\":800,\"caption\":\"stranger cam random video chat\"},{\"@type\":\"BreadcrumbList\",\"@id\":\"https:\/\/strangercam.com\/flirtymania\/#breadcrumb\",\"itemListElement\":[{\"@type\":\"ListItem\",\"position\":1,\"name\":\"Home\",\"item\":\"https:\/\/strangercam.com\/\"},{\"@type\":\"ListItem\",\"position\":2,\"name\":\"Flirtymania\"}]},{\"@type\":\"WebSite\",\"@id\":\"https:\/\/strangercam.com\/#website\",\"url\":\"https:\/\/strangercam.com\/\",\"name\":\"Strangercam\",\"description\":\"Random Video Chat with Strangers\",\"publisher\":{\"@id\":\"https:\/\/strangercam.com\/#organization\"},\"alternateName\":\"Strangercam.com\",\"potentialAction\":[{\"@type\":\"SearchAction\",\"target\":{\"@type\":\"EntryPoint\",\"urlTemplate\":\"https:\/\/strangercam.com\/?s={search_term_string}\"},\"query-input\":{\"@type\":\"PropertyValueSpecification\",\"valueRequired\":true,\"valueName\":\"search_term_string\"}}],\"inLanguage\":\"es\"},{\"@type\":\"Organization\",\"@id\":\"https:\/\/strangercam.com\/#organization\",\"name\":\"Strangercam\",\"alternateName\":\"Strangercam.com\",\"url\":\"https:\/\/strangercam.com\/\",\"logo\":{\"@type\":\"ImageObject\",\"inLanguage\":\"es\",\"@id\":\"https:\/\/strangercam.com\/#\/schema\/logo\/image\/\",\"url\":\"https:\/\/strangercam.com\/wp-content\/uploads\/2020\/11\/cropped-new-favicon-black.png\",\"contentUrl\":\"https:\/\/strangercam.com\/wp-content\/uploads\/2020\/11\/cropped-new-favicon-black.png\",\"width\":512,\"height\":512,\"caption\":\"Strangercam\"},\"image\":{\"@id\":\"https:\/\/strangercam.com\/#\/schema\/logo\/image\/\"},\"sameAs\":[\"https:\/\/www.facebook.com\/strangercam\",\"https:\/\/x.com\/strangercamapp\"]}]}<\/script>\n<!-- \/ Yoast SEO plugin. -->","yoast_head_json":{"title":"Flirtymania - Video Chat Con Chicas - Cam en StrangerCam.com","description":"\u00bfTe gusta Flirtymania? \u00a1Ven a chatear gratis con m\u00e1s de 5.000.000 de desconocidos en Stranger Cam! \u00a1Enciende tu c\u00e1mara y encuentra nuevos amigos y tal vez una pareja!","robots":{"index":"index","follow":"follow","max-snippet":"max-snippet:-1","max-image-preview":"max-image-preview:large","max-video-preview":"max-video-preview:-1"},"canonical":"https:\/\/strangercam.com\/es\/flirtymania\/","og_locale":"es_ES","og_type":"article","og_title":"Flirtymania - Video Chat With Girls - Cam on StrangerCam.com","og_description":"Like Flirtymania? Come chat with more than 5.000.000 strangers on Stranger Cam for Free! Turn on your cam and find new friends & maby a match!","og_url":"https:\/\/strangercam.com\/es\/flirtymania\/","og_site_name":"Strangercam","article_publisher":"https:\/\/www.facebook.com\/strangercam","article_modified_time":"2023-08-21T10:24:41+00:00","og_image":[{"width":800,"height":800,"url":"https:\/\/strangercam.com\/wp-content\/uploads\/2020\/11\/stranger-cam-1.png","type":"image\/png"}],"twitter_card":"summary_large_image","twitter_site":"@strangercamapp","twitter_misc":{"Tiempo de lectura":"2 minutos"},"schema":{"@context":"https:\/\/schema.org","@graph":[{"@type":"WebPage","@id":"https:\/\/strangercam.com\/flirtymania\/","url":"https:\/\/strangercam.com\/flirtymania\/","name":"Flirtymania - Video Chat Con Chicas - Cam en StrangerCam.com","isPartOf":{"@id":"https:\/\/strangercam.com\/#website"},"primaryImageOfPage":{"@id":"https:\/\/strangercam.com\/flirtymania\/#primaryimage"},"image":{"@id":"https:\/\/strangercam.com\/flirtymania\/#primaryimage"},"thumbnailUrl":"https:\/\/strangercam.com\/wp-content\/uploads\/2020\/11\/stranger-cam-1.png","datePublished":"2021-06-19T19:32:14+00:00","dateModified":"2023-08-21T10:24:41+00:00","description":"\u00bfTe gusta Flirtymania? \u00a1Ven a chatear gratis con m\u00e1s de 5.000.000 de desconocidos en Stranger Cam! \u00a1Enciende tu c\u00e1mara y encuentra nuevos amigos y tal vez una pareja!","breadcrumb":{"@id":"https:\/\/strangercam.com\/flirtymania\/#breadcrumb"},"inLanguage":"es","potentialAction":[{"@type":"ReadAction","target":["https:\/\/strangercam.com\/flirtymania\/"]}]},{"@type":"ImageObject","inLanguage":"es","@id":"https:\/\/strangercam.com\/flirtymania\/#primaryimage","url":"https:\/\/strangercam.com\/wp-content\/uploads\/2020\/11\/stranger-cam-1.png","contentUrl":"https:\/\/strangercam.com\/wp-content\/uploads\/2020\/11\/stranger-cam-1.png","width":800,"height":800,"caption":"stranger cam random video chat"},{"@type":"BreadcrumbList","@id":"https:\/\/strangercam.com\/flirtymania\/#breadcrumb","itemListElement":[{"@type":"ListItem","position":1,"name":"Home","item":"https:\/\/strangercam.com\/"},{"@type":"ListItem","position":2,"name":"Flirtymania"}]},{"@type":"WebSite","@id":"https:\/\/strangercam.com\/#website","url":"https:\/\/strangercam.com\/","name":"Strangercam","description":"Videochat aleatorio con desconocidos","publisher":{"@id":"https:\/\/strangercam.com\/#organization"},"alternateName":"Strangercam.com","potentialAction":[{"@type":"SearchAction","target":{"@type":"EntryPoint","urlTemplate":"https:\/\/strangercam.com\/?s={search_term_string}"},"query-input":{"@type":"PropertyValueSpecification","valueRequired":true,"valueName":"search_term_string"}}],"inLanguage":"es"},{"@type":"Organization","@id":"https:\/\/strangercam.com\/#organization","name":"Strangercam","alternateName":"Strangercam.com","url":"https:\/\/strangercam.com\/","logo":{"@type":"ImageObject","inLanguage":"es","@id":"https:\/\/strangercam.com\/#\/schema\/logo\/image\/","url":"https:\/\/strangercam.com\/wp-content\/uploads\/2020\/11\/cropped-new-favicon-black.png","contentUrl":"https:\/\/strangercam.com\/wp-content\/uploads\/2020\/11\/cropped-new-favicon-black.png","width":512,"height":512,"caption":"Strangercam"},"image":{"@id":"https:\/\/strangercam.com\/#\/schema\/logo\/image\/"},"sameAs":["https:\/\/www.facebook.com\/strangercam","https:\/\/x.com\/strangercamapp"]}]}},"_links":{"self":[{"href":"https:\/\/strangercam.com\/es\/wp-json\/wp\/v2\/pages\/5153","targetHints":{"allow":["GET"]}}],"collection":[{"href":"https:\/\/strangercam.com\/es\/wp-json\/wp\/v2\/pages"}],"about":[{"href":"https:\/\/strangercam.com\/es\/wp-json\/wp\/v2\/types\/page"}],"author":[{"embeddable":true,"href":"https:\/\/strangercam.com\/es\/wp-json\/wp\/v2\/users\/6"}],"replies":[{"embeddable":true,"href":"https:\/\/strangercam.com\/es\/wp-json\/wp\/v2\/comments?post=5153"}],"version-history":[{"count":0,"href":"https:\/\/strangercam.com\/es\/wp-json\/wp\/v2\/pages\/5153\/revisions"}],"wp:featuredmedia":[{"embeddable":true,"href":"https:\/\/strangercam.com\/es\/wp-json\/wp\/v2\/media\/559"}],"wp:attachment":[{"href":"https:\/\/strangercam.com\/es\/wp-json\/wp\/v2\/media?parent=5153"}],"curies":[{"name":"wp","href":"https:\/\/api.w.org\/{rel}","templated":true}]}}