{"id":5113,"date":"2021-06-19T21:05:49","date_gmt":"2021-06-19T19:05:49","guid":{"rendered":"https:\/\/strangercam.com\/?page_id=5113"},"modified":"2023-08-21T11:40:39","modified_gmt":"2023-08-21T09:40:39","slug":"chatiw","status":"publish","type":"page","link":"https:\/\/strangercam.com\/es\/chatiw\/","title":{"rendered":"Chatiw"},"content":{"rendered":"<p>Puede que est\u00e9 intentando encontrar a una persona adecuada en Internet y, por lo tanto, est\u00e9 interesado en <a href=\"https:\/\/strangercam.com\/es\/chatingly\/\">chat<\/a> con extra\u00f1os al azar en l\u00ednea.<\/p>\n<p>Si es as\u00ed, \u00a1est\u00e1 usted en el lugar adecuado!<\/p>\n<p>He aqu\u00ed una gu\u00eda completa de una maravillosa plataforma en l\u00ednea a trav\u00e9s de la cual puedes hablar con decenas de desconocidos en un d\u00eda.<\/p>\n<p>Suena impresionante, \u00bfverdad?<\/p>\n<p>Aunque existen numerosos sitios y aplicaciones de citas en l\u00ednea,\u00a0<b>chatiw<\/b> es algo diferente. Esta plataforma basada en el chat ofrece a sus usuarios <a href=\"https:\/\/strangercam.com\/es\/chat4free\/\">gratis<\/a> comunicaci\u00f3n que te permite conectar con miles de desconocidos de diferentes pa\u00edses de forma gratuita.<\/p>\n<p>No hay restricciones sobre c\u00f3mo y con qui\u00e9n comunicarse, incluida la selecci\u00f3n de la ubicaci\u00f3n. Puede <a href=\"https:\/\/strangercam.com\/es\/chatroulette\/\">chat<\/a> casualmente si busca algo menos serio o un buen amigo. Tambi\u00e9n puede aprovechar para buscar un alma gemela o una pareja. Por lo tanto, este sitio le ofrece una inmensa libertad para hacer, totalmente en funci\u00f3n de su estado de \u00e1nimo.<\/p>\n<h2>\u00bfC\u00f3mo registrarse en Chatiw?<\/h2>\n<p>Su funci\u00f3n de registro es \u00fanica. No encontrar\u00e1 un proceso de registro como el de Chatiw en ning\u00fan otro sitio.<\/p>\n<p>Los usuarios gratuitos no tienen que registrarse para utilizar este sitio para conectar con desconocidos. En la p\u00e1gina principal del sitio hay varios campos que deben rellenarse correcta y adecuadamente.<\/p>\n<p>Incluye nombre de usuario, ubicaci\u00f3n, sexo y edad. Una vez hecho esto, estar\u00e1s listo para empezar a chatear con cualquier persona con la que te apetezca conectar. Esta aplicaci\u00f3n\/sitio tambi\u00e9n te permite utilizar el seguimiento por GPS para proporcionar tu ubicaci\u00f3n exacta y la de la otra persona.<\/p>\n<h3>\u00bfC\u00f3mo utilizar Chatiw?<\/h3>\n<p>El chat es la principal actividad que ofrece este sitio. De ah\u00ed que las funciones de charting que ofrece sean \u00f3ptimas. Permite enviar informaci\u00f3n, fotos, enlaces y consultar el historial de chat.<\/p>\n<p>Pero algunas funciones s\u00f3lo se ofrecen a los clientes premium. Puedes bloquear e ignorar f\u00e1cilmente los perfiles que no te interesen. Las funciones que ofrece son bastante interesantes y f\u00e1ciles de usar.<\/p>\n<p>Adem\u00e1s, el sistema de chat desarrollado es bastante potente. La gente de esta plataforma es un poco madura y la mayor\u00eda sabe lo que busca. Aqu\u00ed todo resulta intuitivo y sencillo. Si te interesa alguien, s\u00f3lo tienes que dec\u00edrselo y si no, simplemente ignorar.<\/p>\n<h3>\u00bfCu\u00e1les son los pros y los contras del Chatiw?<\/h3>\n<p>Utilizar este sitio es relativamente sencillo. La interfaz del sitio web es sencilla. Puedes usarlo f\u00e1cilmente incluso si nunca antes has utilizado un sitio de citas.<\/p>\n<p>Como usuario gratuito, tienes las siguientes ventajas;<\/p>\n<ul>\n<li style=\"font-weight: 400;\" aria-level=\"1\">No es necesario registrarse, y el proceso en general es sencillo y gratuito.<\/li>\n<li style=\"font-weight: 400;\" aria-level=\"1\">No tiene que perder el tiempo creando perfiles largos.<\/li>\n<li style=\"font-weight: 400;\" aria-level=\"1\">Puedes leer tambi\u00e9n entradas de blog para compartir experiencias sobre relaciones, citas y comunicaci\u00f3n en l\u00ednea.<\/li>\n<li style=\"font-weight: 400;\" aria-level=\"1\">Es un sitio fant\u00e1stico para derivar entretenimiento 24\/7.<\/li>\n<\/ul>\n<p>Algunos inconvenientes observados en este sitio de chat en l\u00ednea son las funciones de registro inadecuadas.<\/p>\n<ul>\n<li style=\"font-weight: 400;\" aria-level=\"1\">Cada vez que intentas entrar en el sitio para chatear, tienes que proporcionar tu nombre de usuario y otra informaci\u00f3n relevante, pero s\u00f3lo para los miembros gratuitos.<\/li>\n<li style=\"font-weight: 400;\" aria-level=\"1\">Actualmente hay numerosos perfiles inapropiados y fraudulentos trabajando en la plataforma.<\/li>\n<li style=\"font-weight: 400;\" aria-level=\"1\">Para disfrutar de todas las funciones, tienes que convertirte en miembro VIP o premium pagando sitio web.<\/li>\n<\/ul>\n<h3>Consejos de Chatiw<\/h3>\n<p>Chatiw es sin duda una fant\u00e1stica plataforma de chat en l\u00ednea, pero lo bueno de ellos es que gu\u00edan a los usuarios.<\/p>\n<p>Tienen su propio blog.<\/p>\n<p>En el blog, intentan explicar los modales y la forma en que uno debe hablar con otro desconocido en Internet. Es un buen paso en dos sentidos.<\/p>\n<ul>\n<li style=\"font-weight: 400;\" aria-level=\"1\">En primer lugar, gu\u00eda a los usuarios y les indica c\u00f3mo hablar para impresionar a la persona que est\u00e1 sentada al otro lado.<\/li>\n<li style=\"font-weight: 400;\" aria-level=\"1\">Lo segundo m\u00e1s importante de este blog es que dice c\u00f3mo hay que comportarse.<\/li>\n<\/ul>\n<p>Es una forma excelente de decir al p\u00fablico que es mejor comportarse que ser expulsado.<\/p>\n<p>\u00bfPor qu\u00e9 utilizar Chatiw?<\/p>\n<h3>Aplicaci\u00f3n m\u00f3vil<\/h3>\n<p>No se preocupe.<\/p>\n<p>Chatiw tambi\u00e9n tiene una aplicaci\u00f3n m\u00f3vil. Como sabemos, no podemos utilizar los navegadores todo el tiempo. Para la comodidad de los usuarios, Chatiw dio este paso e introdujo esta App \u00fanica.<\/p>\n<p>Si eres usuario de android, puedes descargar la App desde Play Store, y si eres usuario de iPhone, puedes descargar la App desde App Store.<\/p>\n<h3>El quid de la Chatiw<\/h3>\n<p>Chatiw no es s\u00f3lo texto y <a href=\"https:\/\/strangercam.com\/es\/rabbit-video-chat\/\">v\u00eddeo<\/a> chatear. No se trata s\u00f3lo de hablar con desconocidos. Los desarrolladores del sitio web y de la aplicaci\u00f3n ten\u00edan una visi\u00f3n m\u00e1s amplia en mente.<\/p>\n<p>Chatiw trata de encontrar una pareja perfecta, \u00a1un alma gemela!<\/p>\n<p>No es como las plataformas de chat ordinarias que s\u00f3lo permiten hablar con la gente y luego \u00bfqu\u00e9 al azar? \u00bfnada?<\/p>\n<p>Si fuera as\u00ed, \u00bfpara qu\u00e9 hablar?<\/p>\n<p>Debe haber una raz\u00f3n detr\u00e1s de todo, y charlar debe conducir a alguna parte; de lo contrario, ser\u00e1 una carga para ambas partes.<\/p>\n<p>Por este motivo, Chatiw le agradece que lleve su chat al <a href=\"https:\/\/strangercam.com\/es\/nextcam\/\">siguiente<\/a> nivel, que es lo m\u00e1s sorprendente de este sitio web.<\/p>\n<h3>Privacidad<\/h3>\n<p>Aqu\u00ed est\u00e1s seguro. Puedes compartir tus fotos con la persona que quieras durante el chat sin preocuparte por tu privacidad. \u00a1Chatiw te protege!<\/p>\n<p>La gente evita unirse a las plataformas de chat en l\u00ednea por dos razones. Una es la complejidad, y la otra, la privacidad. Chatiw tiene una soluci\u00f3n s\u00f3lida para ambos. Han hecho su sitio web simple y f\u00e1cil de usar. Y para la privacidad, tienen un plan s\u00f3lido. Chatiw s\u00f3lo recoge nombre, apellidos, direcci\u00f3n de correo electr\u00f3nico, datos de uso, identificadores \u00fanicos de dispositivos para publicidad (Google Advertiser ID), varios tipos de datos, cookies, posici\u00f3n geogr\u00e1fica e idioma.<\/p>\n<p>Hablando de localizaci\u00f3n, s\u00f3lo recopilan la localizaci\u00f3n para encontrarte una pareja perfecta. Encontrar una partida es dif\u00edcil a veces, pero la localizaci\u00f3n puede ayudar porque cuanto m\u00e1s cerca est\u00e9 tu pareja, mejor ser\u00e1, como ya hemos comentado que Chatiw aprecia llevar las relaciones al siguiente nivel.<\/p>\n<h3>Conclusi\u00f3n<\/h3>\n<p>En general, Chatiw es un excelente sitio de chat en l\u00ednea. Puedes disfrutar hablando con desconocidos y haciendo nuevos amigos. Puede hacer todo esto mientras mantiene su identidad segura.<\/p>","protected":false},"excerpt":{"rendered":"<p>You may be trying to find a suitable person online and hence be interested in chatting with random strangers online. If it is the case, you are in the right place! Here is a complete guide to a wonderful online platform through which you can talk to dozens of strangers in a day. It sounds [&hellip;]<\/p>\n","protected":false},"author":6,"featured_media":559,"parent":0,"menu_order":0,"comment_status":"closed","ping_status":"closed","template":"","meta":{"footnotes":""},"class_list":["post-5113","page","type-page","status-publish","has-post-thumbnail","hentry"],"yoast_head":"<!-- This site is optimized with the Yoast SEO plugin v27.4 - https:\/\/yoast.com\/product\/yoast-seo-wordpress\/ -->\n<title>Chatiw - Free Text Chat Rooms - Cam on StrangerCam.com<\/title>\n<meta name=\"description\" content=\"Like Chatiw? Come chat with more than 5.000.000 strangers on Stranger Cam for Free! Turn on your cam and find new friends &amp; maby a match!\" \/>\n<meta name=\"robots\" content=\"index, follow, max-snippet:-1, max-image-preview:large, max-video-preview:-1\" \/>\n<link rel=\"canonical\" href=\"https:\/\/strangercam.com\/es\/chatiw\/\" \/>\n<meta property=\"og:locale\" content=\"es_ES\" \/>\n<meta property=\"og:type\" content=\"article\" \/>\n<meta property=\"og:title\" content=\"Chatiw - Free Text Chat Rooms - Cam on StrangerCam.com\" \/>\n<meta property=\"og:description\" content=\"Like Chatiw? Come chat with more than 5.000.000 strangers on Stranger Cam for Free! Turn on your cam and find new friends &amp; maby a match!\" \/>\n<meta property=\"og:url\" content=\"https:\/\/strangercam.com\/es\/chatiw\/\" \/>\n<meta property=\"og:site_name\" content=\"Strangercam\" \/>\n<meta property=\"article:publisher\" content=\"https:\/\/www.facebook.com\/strangercam\" \/>\n<meta property=\"article:modified_time\" content=\"2023-08-21T09:40:39+00:00\" \/>\n<meta property=\"og:image\" content=\"https:\/\/strangercam.com\/wp-content\/uploads\/2020\/11\/stranger-cam-1.png\" \/>\n\t<meta property=\"og:image:width\" content=\"800\" \/>\n\t<meta property=\"og:image:height\" content=\"800\" \/>\n\t<meta property=\"og:image:type\" content=\"image\/png\" \/>\n<meta name=\"twitter:card\" content=\"summary_large_image\" \/>\n<meta name=\"twitter:site\" content=\"@strangercamapp\" \/>\n<meta name=\"twitter:label1\" content=\"Tiempo de lectura\" \/>\n\t<meta name=\"twitter:data1\" content=\"5 minutos\" \/>\n<script type=\"application\/ld+json\" class=\"yoast-schema-graph\">{\"@context\":\"https:\\\/\\\/schema.org\",\"@graph\":[{\"@type\":\"WebPage\",\"@id\":\"https:\\\/\\\/strangercam.com\\\/chatiw\\\/\",\"url\":\"https:\\\/\\\/strangercam.com\\\/chatiw\\\/\",\"name\":\"Chatiw - Free Text Chat Rooms - Cam on StrangerCam.com\",\"isPartOf\":{\"@id\":\"https:\\\/\\\/strangercam.com\\\/#website\"},\"primaryImageOfPage\":{\"@id\":\"https:\\\/\\\/strangercam.com\\\/chatiw\\\/#primaryimage\"},\"image\":{\"@id\":\"https:\\\/\\\/strangercam.com\\\/chatiw\\\/#primaryimage\"},\"thumbnailUrl\":\"https:\\\/\\\/strangercam.com\\\/wp-content\\\/uploads\\\/2020\\\/11\\\/stranger-cam-1.png\",\"datePublished\":\"2021-06-19T19:05:49+00:00\",\"dateModified\":\"2023-08-21T09:40:39+00:00\",\"description\":\"Like Chatiw? Come chat with more than 5.000.000 strangers on Stranger Cam for Free! Turn on your cam and find new friends & maby a match!\",\"breadcrumb\":{\"@id\":\"https:\\\/\\\/strangercam.com\\\/chatiw\\\/#breadcrumb\"},\"inLanguage\":\"es\",\"potentialAction\":[{\"@type\":\"ReadAction\",\"target\":[\"https:\\\/\\\/strangercam.com\\\/chatiw\\\/\"]}]},{\"@type\":\"ImageObject\",\"inLanguage\":\"es\",\"@id\":\"https:\\\/\\\/strangercam.com\\\/chatiw\\\/#primaryimage\",\"url\":\"https:\\\/\\\/strangercam.com\\\/wp-content\\\/uploads\\\/2020\\\/11\\\/stranger-cam-1.png\",\"contentUrl\":\"https:\\\/\\\/strangercam.com\\\/wp-content\\\/uploads\\\/2020\\\/11\\\/stranger-cam-1.png\",\"width\":800,\"height\":800,\"caption\":\"stranger cam random video chat\"},{\"@type\":\"BreadcrumbList\",\"@id\":\"https:\\\/\\\/strangercam.com\\\/chatiw\\\/#breadcrumb\",\"itemListElement\":[{\"@type\":\"ListItem\",\"position\":1,\"name\":\"Home\",\"item\":\"https:\\\/\\\/strangercam.com\\\/\"},{\"@type\":\"ListItem\",\"position\":2,\"name\":\"Chatiw\"}]},{\"@type\":\"WebSite\",\"@id\":\"https:\\\/\\\/strangercam.com\\\/#website\",\"url\":\"https:\\\/\\\/strangercam.com\\\/\",\"name\":\"Strangercam\",\"description\":\"Random Video Chat with Strangers\",\"publisher\":{\"@id\":\"https:\\\/\\\/strangercam.com\\\/#organization\"},\"alternateName\":\"Strangercam.com\",\"potentialAction\":[{\"@type\":\"SearchAction\",\"target\":{\"@type\":\"EntryPoint\",\"urlTemplate\":\"https:\\\/\\\/strangercam.com\\\/?s={search_term_string}\"},\"query-input\":{\"@type\":\"PropertyValueSpecification\",\"valueRequired\":true,\"valueName\":\"search_term_string\"}}],\"inLanguage\":\"es\"},{\"@type\":\"Organization\",\"@id\":\"https:\\\/\\\/strangercam.com\\\/#organization\",\"name\":\"Strangercam\",\"alternateName\":\"Strangercam.com\",\"url\":\"https:\\\/\\\/strangercam.com\\\/\",\"logo\":{\"@type\":\"ImageObject\",\"inLanguage\":\"es\",\"@id\":\"https:\\\/\\\/strangercam.com\\\/#\\\/schema\\\/logo\\\/image\\\/\",\"url\":\"https:\\\/\\\/strangercam.com\\\/wp-content\\\/uploads\\\/2020\\\/11\\\/cropped-new-favicon-black.png\",\"contentUrl\":\"https:\\\/\\\/strangercam.com\\\/wp-content\\\/uploads\\\/2020\\\/11\\\/cropped-new-favicon-black.png\",\"width\":512,\"height\":512,\"caption\":\"Strangercam\"},\"image\":{\"@id\":\"https:\\\/\\\/strangercam.com\\\/#\\\/schema\\\/logo\\\/image\\\/\"},\"sameAs\":[\"https:\\\/\\\/www.facebook.com\\\/strangercam\",\"https:\\\/\\\/x.com\\\/strangercamapp\"]}]}<\/script>\n<!-- \/ Yoast SEO plugin. -->","yoast_head_json":{"title":"Chatiw - Salas de chat de texto gratis - Cam en StrangerCam.com","description":"\u00bfTe gusta Chatiw? \u00a1Ven a chatear gratis con m\u00e1s de 5.000.000 de desconocidos en Stranger Cam! \u00a1Enciende tu c\u00e1mara y encuentra nuevos amigos y tal vez una pareja!","robots":{"index":"index","follow":"follow","max-snippet":"max-snippet:-1","max-image-preview":"max-image-preview:large","max-video-preview":"max-video-preview:-1"},"canonical":"https:\/\/strangercam.com\/es\/chatiw\/","og_locale":"es_ES","og_type":"article","og_title":"Chatiw - Free Text Chat Rooms - Cam on StrangerCam.com","og_description":"Like Chatiw? Come chat with more than 5.000.000 strangers on Stranger Cam for Free! Turn on your cam and find new friends & maby a match!","og_url":"https:\/\/strangercam.com\/es\/chatiw\/","og_site_name":"Strangercam","article_publisher":"https:\/\/www.facebook.com\/strangercam","article_modified_time":"2023-08-21T09:40:39+00:00","og_image":[{"width":800,"height":800,"url":"https:\/\/strangercam.com\/wp-content\/uploads\/2020\/11\/stranger-cam-1.png","type":"image\/png"}],"twitter_card":"summary_large_image","twitter_site":"@strangercamapp","twitter_misc":{"Tiempo de lectura":"5 minutos"},"schema":{"@context":"https:\/\/schema.org","@graph":[{"@type":"WebPage","@id":"https:\/\/strangercam.com\/chatiw\/","url":"https:\/\/strangercam.com\/chatiw\/","name":"Chatiw - Salas de chat de texto gratis - Cam en StrangerCam.com","isPartOf":{"@id":"https:\/\/strangercam.com\/#website"},"primaryImageOfPage":{"@id":"https:\/\/strangercam.com\/chatiw\/#primaryimage"},"image":{"@id":"https:\/\/strangercam.com\/chatiw\/#primaryimage"},"thumbnailUrl":"https:\/\/strangercam.com\/wp-content\/uploads\/2020\/11\/stranger-cam-1.png","datePublished":"2021-06-19T19:05:49+00:00","dateModified":"2023-08-21T09:40:39+00:00","description":"\u00bfTe gusta Chatiw? \u00a1Ven a chatear gratis con m\u00e1s de 5.000.000 de desconocidos en Stranger Cam! \u00a1Enciende tu c\u00e1mara y encuentra nuevos amigos y tal vez una pareja!","breadcrumb":{"@id":"https:\/\/strangercam.com\/chatiw\/#breadcrumb"},"inLanguage":"es","potentialAction":[{"@type":"ReadAction","target":["https:\/\/strangercam.com\/chatiw\/"]}]},{"@type":"ImageObject","inLanguage":"es","@id":"https:\/\/strangercam.com\/chatiw\/#primaryimage","url":"https:\/\/strangercam.com\/wp-content\/uploads\/2020\/11\/stranger-cam-1.png","contentUrl":"https:\/\/strangercam.com\/wp-content\/uploads\/2020\/11\/stranger-cam-1.png","width":800,"height":800,"caption":"stranger cam random video chat"},{"@type":"BreadcrumbList","@id":"https:\/\/strangercam.com\/chatiw\/#breadcrumb","itemListElement":[{"@type":"ListItem","position":1,"name":"Home","item":"https:\/\/strangercam.com\/"},{"@type":"ListItem","position":2,"name":"Chatiw"}]},{"@type":"WebSite","@id":"https:\/\/strangercam.com\/#website","url":"https:\/\/strangercam.com\/","name":"Strangercam","description":"Videochat aleatorio con desconocidos","publisher":{"@id":"https:\/\/strangercam.com\/#organization"},"alternateName":"Strangercam.com","potentialAction":[{"@type":"SearchAction","target":{"@type":"EntryPoint","urlTemplate":"https:\/\/strangercam.com\/?s={search_term_string}"},"query-input":{"@type":"PropertyValueSpecification","valueRequired":true,"valueName":"search_term_string"}}],"inLanguage":"es"},{"@type":"Organization","@id":"https:\/\/strangercam.com\/#organization","name":"Strangercam","alternateName":"Strangercam.com","url":"https:\/\/strangercam.com\/","logo":{"@type":"ImageObject","inLanguage":"es","@id":"https:\/\/strangercam.com\/#\/schema\/logo\/image\/","url":"https:\/\/strangercam.com\/wp-content\/uploads\/2020\/11\/cropped-new-favicon-black.png","contentUrl":"https:\/\/strangercam.com\/wp-content\/uploads\/2020\/11\/cropped-new-favicon-black.png","width":512,"height":512,"caption":"Strangercam"},"image":{"@id":"https:\/\/strangercam.com\/#\/schema\/logo\/image\/"},"sameAs":["https:\/\/www.facebook.com\/strangercam","https:\/\/x.com\/strangercamapp"]}]}},"_links":{"self":[{"href":"https:\/\/strangercam.com\/es\/wp-json\/wp\/v2\/pages\/5113","targetHints":{"allow":["GET"]}}],"collection":[{"href":"https:\/\/strangercam.com\/es\/wp-json\/wp\/v2\/pages"}],"about":[{"href":"https:\/\/strangercam.com\/es\/wp-json\/wp\/v2\/types\/page"}],"author":[{"embeddable":true,"href":"https:\/\/strangercam.com\/es\/wp-json\/wp\/v2\/users\/6"}],"replies":[{"embeddable":true,"href":"https:\/\/strangercam.com\/es\/wp-json\/wp\/v2\/comments?post=5113"}],"version-history":[{"count":0,"href":"https:\/\/strangercam.com\/es\/wp-json\/wp\/v2\/pages\/5113\/revisions"}],"wp:featuredmedia":[{"embeddable":true,"href":"https:\/\/strangercam.com\/es\/wp-json\/wp\/v2\/media\/559"}],"wp:attachment":[{"href":"https:\/\/strangercam.com\/es\/wp-json\/wp\/v2\/media?parent=5113"}],"curies":[{"name":"wp","href":"https:\/\/api.w.org\/{rel}","templated":true}]}}