{"id":51,"date":"2020-04-08T23:24:23","date_gmt":"2020-04-08T21:24:23","guid":{"rendered":"https:\/\/strangercam.com\/?page_id=51"},"modified":"2025-06-16T14:26:14","modified_gmt":"2025-06-16T12:26:14","slug":"normas","status":"publish","type":"page","link":"https:\/\/strangercam.com\/es\/rules\/","title":{"rendered":"Reglas"},"content":{"rendered":"<p>Strangercam le permite <a href=\"https:\/\/strangercam.com\/es\/chatroulette\/\">chat<\/a> con nuestra herramienta de chat aleatorio, gratis y sin registro. Nuestra misi\u00f3n es ser un servicio similar a <a href=\"https:\/\/strangercam.com\/es\/omegle\/\">Omegle<\/a> donde podr\u00e1s divertirte y disfrutar de tu tiempo. Respetando las normas y reglamentos de nuestro <a href=\"https:\/\/strangercam.com\/es\/coomeet\/\">chat de v\u00eddeo<\/a> es muy importante.<\/p>\n<h2 data-start=\"145\" data-end=\"185\">Descargo de responsabilidad de afiliados y terceros<\/h2>\n<p data-start=\"187\" data-end=\"675\">Strangercam es un sitio web de rese\u00f1as y afiliados. No poseemos ni operamos las plataformas o <a href=\"https:\/\/strangercam.com\/es\/rabbit-video-chat\/\">v\u00eddeo<\/a> herramientas de chat destacadas o enlazadas desde nuestro sitio. Algunos enlaces pueden ser de afiliaci\u00f3n, y podemos ganar comisiones u honorarios si decide registrarse o interactuar con servicios de terceros a trav\u00e9s de nuestras recomendaciones. El uso de cualquier sitio de terceros est\u00e1 sujeto a sus propias normas y pol\u00edticas. No nos hacemos responsables del contenido o la conducta de los sitios o servicios externos enlazados desde Strangercam.<\/p>\n<h2>Prohibiciones<\/h2>\n<ul>\n<li>Utilizar Strangercam por debajo de los 18 a\u00f1os.<\/li>\n<li>Difundir comentarios vulgares, sexuales o depresivos.<\/li>\n<li>Degradar a otra persona por motivos de religi\u00f3n, raza, sexo, orientaci\u00f3n sexual o edad.<\/li>\n<li>Acosar o faltar al respeto a otros usuarios.<\/li>\n<li>Est\u00e1 prohibido mostrar el pecho desnudo sin un rostro presente en la pantalla.<\/li>\n<li>Videochat completamente desnudo o en ropa interior.<\/li>\n<li>Pedir o forzar sexo virtual.<\/li>\n<li>Muestre sus partes \u00edntimas ante la c\u00e1mara.<\/li>\n<li>Tocarse las partes \u00edntimas y mostrarlo en c\u00e1mara.<\/li>\n<li>Enfocar la c\u00e1mara por debajo del pecho.<\/li>\n<li>Visualizaci\u00f3n de un mensaje de texto en la pantalla de v\u00eddeo para orientar a los usuarios.<\/li>\n<li>Visualizaci\u00f3n de una imagen en la pantalla de v\u00eddeo para orientar a los usuarios.<\/li>\n<li>Visualizaci\u00f3n de la pantalla del ordenador para dirigir a los usuarios.<\/li>\n<li>Utilizar un emulador de webcam para dirigir a los usuarios.<\/li>\n<li>Mostrar cualquier anuncio de v\u00eddeo\/imagen\/texto.<\/li>\n<li>Pedir a los usuarios de Strangercam que voten cualquier URL o que promocionen sus productos.<\/li>\n<li>Uso del sitio web para promover o facilitar la trata de seres humanos, el tr\u00e1fico sexual, el maltrato f\u00edsico o la prostituci\u00f3n.<\/li>\n<\/ul>\n<h2>Quejas<\/h2>\n<p>Puedes presentar una queja contra cualquier usuario de Strangercam si crees que est\u00e1 infringiendo nuestras normas. Si env\u00edas una captura de pantalla con tu queja, nos resultar\u00e1 m\u00e1s f\u00e1cil y r\u00e1pido tomar medidas. Tomaremos r\u00e1pidamente medidas contra estos usuarios.<\/p>\n<p>Si hay muchas quejas contra un usuario espec\u00edfico, nuestro sistema le prohibir\u00e1 el acceso al sitio web Strangercam.<\/p>\n<p>Tenemos en cuenta muchos hechos antes de prohibir a alguien el acceso a Strangercam.com. Strangercam no tiene la responsabilidad exclusiva de controlar el spam y otras actividades vulgares. Tambi\u00e9n pedimos tu colaboraci\u00f3n, como usuario. No podemos eliminar a ning\u00fan infractor de Strangercam sin tu apoyo. Prometemos hacer que este servicio de chat entre c\u00e1maras sea m\u00e1s agradable y divertido con tu apoyo.<\/p>","protected":false},"excerpt":{"rendered":"<p>Strangercam allows you to chat with our random chat tool, free of charge and without registration. Our mission is to be a similar service to Omegle where you can have fun and enjoy your time. Respecting the rules and regulations for our video chat is very important. Affiliate and Third-Party Disclaimer Strangercam is a review [&hellip;]<\/p>\n","protected":false},"author":1,"featured_media":0,"parent":0,"menu_order":0,"comment_status":"closed","ping_status":"closed","template":"","meta":{"footnotes":""},"class_list":["post-51","page","type-page","status-publish","hentry"],"yoast_head":"<!-- This site is optimized with the Yoast SEO plugin v27.4 - https:\/\/yoast.com\/product\/yoast-seo-wordpress\/ -->\n<title>Rules - Strangercam<\/title>\n<meta name=\"robots\" content=\"index, follow, max-snippet:-1, max-image-preview:large, max-video-preview:-1\" \/>\n<link rel=\"canonical\" href=\"https:\/\/strangercam.com\/es\/normas\/\" \/>\n<meta property=\"og:locale\" content=\"es_ES\" \/>\n<meta property=\"og:type\" content=\"article\" \/>\n<meta property=\"og:title\" content=\"Rules - Strangercam\" \/>\n<meta property=\"og:description\" content=\"Strangercam allows you to chat with our random chat tool, free of charge and without registration. Our mission is to be a similar service to Omegle where you can have fun and enjoy your time. Respecting the rules and regulations for our video chat is very important. Affiliate and Third-Party Disclaimer Strangercam is a review [&hellip;]\" \/>\n<meta property=\"og:url\" content=\"https:\/\/strangercam.com\/es\/normas\/\" \/>\n<meta property=\"og:site_name\" content=\"Strangercam\" \/>\n<meta property=\"article:publisher\" content=\"https:\/\/www.facebook.com\/strangercam\" \/>\n<meta property=\"article:modified_time\" content=\"2025-06-16T12:26:14+00:00\" \/>\n<meta property=\"og:image\" content=\"https:\/\/strangercam.com\/wp-content\/uploads\/2021\/10\/Untitled-2.png\" \/>\n\t<meta property=\"og:image:width\" content=\"800\" \/>\n\t<meta property=\"og:image:height\" content=\"532\" \/>\n\t<meta property=\"og:image:type\" content=\"image\/png\" \/>\n<meta name=\"twitter:card\" content=\"summary_large_image\" \/>\n<meta name=\"twitter:site\" content=\"@strangercamapp\" \/>\n<meta name=\"twitter:label1\" content=\"Tiempo de lectura\" \/>\n\t<meta name=\"twitter:data1\" content=\"2 minutos\" \/>\n<script type=\"application\/ld+json\" class=\"yoast-schema-graph\">{\"@context\":\"https:\\\/\\\/schema.org\",\"@graph\":[{\"@type\":\"WebPage\",\"@id\":\"https:\\\/\\\/strangercam.com\\\/rules\\\/\",\"url\":\"https:\\\/\\\/strangercam.com\\\/rules\\\/\",\"name\":\"Rules - Strangercam\",\"isPartOf\":{\"@id\":\"https:\\\/\\\/strangercam.com\\\/#website\"},\"datePublished\":\"2020-04-08T21:24:23+00:00\",\"dateModified\":\"2025-06-16T12:26:14+00:00\",\"breadcrumb\":{\"@id\":\"https:\\\/\\\/strangercam.com\\\/rules\\\/#breadcrumb\"},\"inLanguage\":\"es\",\"potentialAction\":[{\"@type\":\"ReadAction\",\"target\":[\"https:\\\/\\\/strangercam.com\\\/rules\\\/\"]}]},{\"@type\":\"BreadcrumbList\",\"@id\":\"https:\\\/\\\/strangercam.com\\\/rules\\\/#breadcrumb\",\"itemListElement\":[{\"@type\":\"ListItem\",\"position\":1,\"name\":\"Home\",\"item\":\"https:\\\/\\\/strangercam.com\\\/\"},{\"@type\":\"ListItem\",\"position\":2,\"name\":\"Rules\"}]},{\"@type\":\"WebSite\",\"@id\":\"https:\\\/\\\/strangercam.com\\\/#website\",\"url\":\"https:\\\/\\\/strangercam.com\\\/\",\"name\":\"Strangercam\",\"description\":\"Random Video Chat with Strangers\",\"publisher\":{\"@id\":\"https:\\\/\\\/strangercam.com\\\/#organization\"},\"alternateName\":\"Strangercam.com\",\"potentialAction\":[{\"@type\":\"SearchAction\",\"target\":{\"@type\":\"EntryPoint\",\"urlTemplate\":\"https:\\\/\\\/strangercam.com\\\/?s={search_term_string}\"},\"query-input\":{\"@type\":\"PropertyValueSpecification\",\"valueRequired\":true,\"valueName\":\"search_term_string\"}}],\"inLanguage\":\"es\"},{\"@type\":\"Organization\",\"@id\":\"https:\\\/\\\/strangercam.com\\\/#organization\",\"name\":\"Strangercam\",\"alternateName\":\"Strangercam.com\",\"url\":\"https:\\\/\\\/strangercam.com\\\/\",\"logo\":{\"@type\":\"ImageObject\",\"inLanguage\":\"es\",\"@id\":\"https:\\\/\\\/strangercam.com\\\/#\\\/schema\\\/logo\\\/image\\\/\",\"url\":\"https:\\\/\\\/strangercam.com\\\/wp-content\\\/uploads\\\/2020\\\/11\\\/cropped-new-favicon-black.png\",\"contentUrl\":\"https:\\\/\\\/strangercam.com\\\/wp-content\\\/uploads\\\/2020\\\/11\\\/cropped-new-favicon-black.png\",\"width\":512,\"height\":512,\"caption\":\"Strangercam\"},\"image\":{\"@id\":\"https:\\\/\\\/strangercam.com\\\/#\\\/schema\\\/logo\\\/image\\\/\"},\"sameAs\":[\"https:\\\/\\\/www.facebook.com\\\/strangercam\",\"https:\\\/\\\/x.com\\\/strangercamapp\"]}]}<\/script>\n<!-- \/ Yoast SEO plugin. -->","yoast_head_json":{"title":"Normas - Strangercam","robots":{"index":"index","follow":"follow","max-snippet":"max-snippet:-1","max-image-preview":"max-image-preview:large","max-video-preview":"max-video-preview:-1"},"canonical":"https:\/\/strangercam.com\/es\/normas\/","og_locale":"es_ES","og_type":"article","og_title":"Rules - Strangercam","og_description":"Strangercam allows you to chat with our random chat tool, free of charge and without registration. Our mission is to be a similar service to Omegle where you can have fun and enjoy your time. Respecting the rules and regulations for our video chat is very important. Affiliate and Third-Party Disclaimer Strangercam is a review [&hellip;]","og_url":"https:\/\/strangercam.com\/es\/normas\/","og_site_name":"Strangercam","article_publisher":"https:\/\/www.facebook.com\/strangercam","article_modified_time":"2025-06-16T12:26:14+00:00","og_image":[{"width":800,"height":532,"url":"https:\/\/strangercam.com\/wp-content\/uploads\/2021\/10\/Untitled-2.png","type":"image\/png"}],"twitter_card":"summary_large_image","twitter_site":"@strangercamapp","twitter_misc":{"Tiempo de lectura":"2 minutos"},"schema":{"@context":"https:\/\/schema.org","@graph":[{"@type":"WebPage","@id":"https:\/\/strangercam.com\/rules\/","url":"https:\/\/strangercam.com\/rules\/","name":"Normas - Strangercam","isPartOf":{"@id":"https:\/\/strangercam.com\/#website"},"datePublished":"2020-04-08T21:24:23+00:00","dateModified":"2025-06-16T12:26:14+00:00","breadcrumb":{"@id":"https:\/\/strangercam.com\/rules\/#breadcrumb"},"inLanguage":"es","potentialAction":[{"@type":"ReadAction","target":["https:\/\/strangercam.com\/rules\/"]}]},{"@type":"BreadcrumbList","@id":"https:\/\/strangercam.com\/rules\/#breadcrumb","itemListElement":[{"@type":"ListItem","position":1,"name":"Home","item":"https:\/\/strangercam.com\/"},{"@type":"ListItem","position":2,"name":"Rules"}]},{"@type":"WebSite","@id":"https:\/\/strangercam.com\/#website","url":"https:\/\/strangercam.com\/","name":"Strangercam","description":"Videochat aleatorio con desconocidos","publisher":{"@id":"https:\/\/strangercam.com\/#organization"},"alternateName":"Strangercam.com","potentialAction":[{"@type":"SearchAction","target":{"@type":"EntryPoint","urlTemplate":"https:\/\/strangercam.com\/?s={search_term_string}"},"query-input":{"@type":"PropertyValueSpecification","valueRequired":true,"valueName":"search_term_string"}}],"inLanguage":"es"},{"@type":"Organization","@id":"https:\/\/strangercam.com\/#organization","name":"Strangercam","alternateName":"Strangercam.com","url":"https:\/\/strangercam.com\/","logo":{"@type":"ImageObject","inLanguage":"es","@id":"https:\/\/strangercam.com\/#\/schema\/logo\/image\/","url":"https:\/\/strangercam.com\/wp-content\/uploads\/2020\/11\/cropped-new-favicon-black.png","contentUrl":"https:\/\/strangercam.com\/wp-content\/uploads\/2020\/11\/cropped-new-favicon-black.png","width":512,"height":512,"caption":"Strangercam"},"image":{"@id":"https:\/\/strangercam.com\/#\/schema\/logo\/image\/"},"sameAs":["https:\/\/www.facebook.com\/strangercam","https:\/\/x.com\/strangercamapp"]}]}},"_links":{"self":[{"href":"https:\/\/strangercam.com\/es\/wp-json\/wp\/v2\/pages\/51","targetHints":{"allow":["GET"]}}],"collection":[{"href":"https:\/\/strangercam.com\/es\/wp-json\/wp\/v2\/pages"}],"about":[{"href":"https:\/\/strangercam.com\/es\/wp-json\/wp\/v2\/types\/page"}],"author":[{"embeddable":true,"href":"https:\/\/strangercam.com\/es\/wp-json\/wp\/v2\/users\/1"}],"replies":[{"embeddable":true,"href":"https:\/\/strangercam.com\/es\/wp-json\/wp\/v2\/comments?post=51"}],"version-history":[{"count":1,"href":"https:\/\/strangercam.com\/es\/wp-json\/wp\/v2\/pages\/51\/revisions"}],"predecessor-version":[{"id":12880,"href":"https:\/\/strangercam.com\/es\/wp-json\/wp\/v2\/pages\/51\/revisions\/12880"}],"wp:attachment":[{"href":"https:\/\/strangercam.com\/es\/wp-json\/wp\/v2\/media?parent=51"}],"curies":[{"name":"wp","href":"https:\/\/api.w.org\/{rel}","templated":true}]}}