{"id":5006,"date":"2025-09-29T10:59:56","date_gmt":"2025-09-29T08:59:56","guid":{"rendered":"https:\/\/strangercam.com\/?page_id=5006"},"modified":"2025-09-29T12:01:40","modified_gmt":"2025-09-29T10:01:40","slug":"chat-gratis-ahora","status":"publish","type":"page","link":"https:\/\/strangercam.com\/es\/free-chat-now\/","title":{"rendered":"Chat gratuito"},"content":{"rendered":"<p>\u00bfEst\u00e1 buscando Free <a href=\"https:\/\/strangercam.com\/es\/chathub\/\">Chat<\/a> \u00bfAhora? No es el \u00fanico. Millones de personas teclean cada mes esas palabras exactas en Google, con la esperanza de encontrar una forma sencilla, r\u00e1pida y gratuita de conectar con gente nueva en Internet. La idea es clara: sin largas inscripciones, sin descargas, sin costes ocultos, s\u00f3lo la posibilidad de empezar a chatear al instante con desconocidos de todo el mundo.<\/p>\n<p>En 2025, plataformas como StrangerCam lo hacen posible. Con un solo clic, puedes iniciar un chat de texto o v\u00eddeo gratuito con personas de todo el mundo. Tanto si te interesan las conversaciones informales, conocer nuevos amigos, los intercambios culturales o el flirteo desenfadado, las plataformas Free Chat Now te devuelven la emoci\u00f3n de la interacci\u00f3n espont\u00e1nea.<\/p>\n<p>Esta gu\u00eda cubrir\u00e1 todo lo que necesitas saber: qu\u00e9 significa Free Chat Now, por qu\u00e9 es tan popular, c\u00f3mo funciona, su historia, qu\u00e9 caracter\u00edsticas buscar, una comparaci\u00f3n de las mejores plataformas, testimonios reales de usuarios, estrategias de seguridad y por qu\u00e9 StrangerCam es una de las mejores opciones hoy en d\u00eda.<\/p>\n<h2>\u00bfQu\u00e9 significa \"Chatear gratis ahora\"?<\/h2>\n<p>Cuando la gente busca Free Chat Now, normalmente quiere una plataforma que ofrezca:<\/p>\n<ul>\n<li>Conexi\u00f3n instant\u00e1nea: Sin formularios, sin perfiles, s\u00f3lo chat inmediato.<\/li>\n<li>Acceso gratuito: Sin muros de pago despu\u00e9s de cinco minutos ni sistemas de cr\u00e9dito ocultos.<\/li>\n<li>Opciones de texto o v\u00eddeo: Dependiendo del nivel de comodidad.<\/li>\n<li>Random Matching: Conoce a desconocidos de todo el mundo, no s\u00f3lo a personas cercanas.<\/li>\n<li>Sin registro: Permanecer en el anonimato y sin complicaciones.<\/li>\n<\/ul>\n<p>En otras palabras, es lo opuesto a las aplicaciones de citas modernas que requieren deslizar el dedo, biograf\u00edas y pasos de verificaci\u00f3n. Free Chat Now es rapidez y espontaneidad.<\/p>\n<h2>Breve historia del chat en l\u00ednea<\/h2>\n<p>Para entender por qu\u00e9 Free Chat Now es tan popular, ayuda echar un vistazo a c\u00f3mo evolucion\u00f3 el chat en l\u00ednea:<\/p>\n<ul>\n<li>D\u00e9cada de 1990 - El auge de las salas de chat: Plataformas como AOL Chat e IRC permiten a los usuarios reunirse en salas tem\u00e1ticas. Eran s\u00f3lo de texto y a menudo no estaban moderadas.<\/li>\n<li>D\u00e9cada de 2000 - Las redes sociales toman el relevo: MSN Messenger, Yahoo Chat y las primeras redes sociales a\u00f1aden listas de amigos y chats privados.<\/li>\n<li>2009 - <a href=\"https:\/\/strangercam.com\/es\/omegle\/\">Omegle<\/a> Lanzamientos: Los chats aleatorios uno a uno se convirtieron en la nueva tendencia, a\u00f1adiendo m\u00e1s tarde el v\u00eddeo. Esto dio forma a la moderna cultura del \u201cchat con desconocidos\u201d.<\/li>\n<li>D\u00e9cada de 2010 - Boom mundial del videochat: <a href=\"https:\/\/strangercam.com\/es\/chatroulette\/\">Chatroulette<\/a>, Chatrandom y Shagle se han hecho muy populares. Aplicaciones m\u00f3viles como <a href=\"https:\/\/strangercam.com\/es\/ometv\/\">OmeTV<\/a> hizo que chatear fuera a\u00fan m\u00e1s f\u00e1cil.<\/li>\n<li>D\u00e9cada de 2020 - La nueva era: Tras el cierre de Omegle en 2023, los usuarios acuden en masa a alternativas m\u00e1s seguras y modernas como StrangerCam, que combina el acceso libre con la moderaci\u00f3n.<\/li>\n<\/ul>\n<p>En la actualidad, Free Chat Now representa lo mejor de ambos mundos: la nostalgia de las salas de chat de la vieja escuela y la emoci\u00f3n de las conversaciones de v\u00eddeo en directo.<\/p>\n<h2>Por qu\u00e9 la gente adora Free Chat Now<\/h2>\n<p>La palabra clave \"Free Chat Now\" ocupa un lugar destacado por una raz\u00f3n: la gente desea una interacci\u00f3n social instant\u00e1nea. He aqu\u00ed por qu\u00e9:<\/p>\n<ol>\n<li>Soledad y aislamiento social: Muchas personas se sienten desconectadas y desean una interacci\u00f3n r\u00e1pida y significativa.<\/li>\n<li>Espontaneidad: Cada charla es \u00fanica, es emocionante no saber a qui\u00e9n vas a charlar. <a href=\"https:\/\/strangercam.com\/es\/coomeet\/\">conozca<\/a>.<\/li>\n<li>Curiosidad cultural: Hablar con gente de todo el mundo ampl\u00eda las perspectivas.<\/li>\n<li>Coqueteo y diversi\u00f3n: Muchos usuarios buscan conversaciones desenfadadas con posibles chispas rom\u00e1nticas.<\/li>\n<li>Accesibilidad: Es f\u00e1cil, gratis y no requiere ning\u00fan compromiso.<\/li>\n<\/ol>\n<p>A diferencia de las aplicaciones de citas, en las que el rechazo o el \"ghosting\" son habituales, los chats aleatorios no ejercen presi\u00f3n y son desechables: si no encaja, basta con hacer clic en \"Siguiente\".<\/p>\n<h2>C\u00f3mo funcionan las plataformas de chat gratuito<\/h2>\n<p>El proceso es r\u00e1pido y sencillo:<\/p>\n<ol>\n<li>Abre una plataforma como StrangerCam.<\/li>\n<li>Elige el modo (chat de texto o chat de v\u00eddeo).<\/li>\n<li>Permitir el acceso a la c\u00e1mara\/micr\u00f3fono si el v\u00eddeo est\u00e1 activado.<\/li>\n<li>Haz clic en \"Iniciar chat\" para conectarte al instante.<\/li>\n<li>Conoce a un desconocido en todo el mundo en cuesti\u00f3n de segundos.<\/li>\n<li>Pulsa \"Siguiente\" en cualquier momento para iniciar una nueva conversaci\u00f3n.<\/li>\n<\/ol>\n<p>Algunas plataformas tambi\u00e9n incluyen funciones como:<\/p>\n<ul>\n<li>Filtros de g\u00e9nero.<\/li>\n<li>Partidos basados en la ubicaci\u00f3n.<\/li>\n<li>Traducciones en el chat.<\/li>\n<li>Salas de chat tem\u00e1ticas.<\/li>\n<\/ul>\n<h2>Caracter\u00edsticas m\u00e1s importantes<\/h2>\n<p>A la hora de elegir un servicio de Free Chat Now, busque:<\/p>\n<ul>\n<li>Acceso gratuito: Uso realmente ilimitado, sin \"sistema de cr\u00e9ditos\".<\/li>\n<li>Sin registro: S\u00e1ltate las molestias de las cuentas.<\/li>\n<li>Opciones de texto + v\u00eddeo: Para mayor flexibilidad.<\/li>\n<li>Dise\u00f1o compatible con m\u00f3viles: Debe funcionar sin problemas en smartphones.<\/li>\n<li>Moderaci\u00f3n activa: Esencial para la seguridad.<\/li>\n<li>Alcance mundial: M\u00e1s usuarios significa m\u00e1s variedad y diversi\u00f3n.<\/li>\n<\/ul>\n<h2>Las mejores plataformas de chat gratis en 2025<\/h2>\n<p>He aqu\u00ed la comparaci\u00f3n entre las plataformas m\u00e1s populares:<\/p>\n<table>\n<thead>\n<tr>\n<th>Plataforma<\/th>\n<th align=\"center\">Acceso gratuito<\/th>\n<th align=\"center\">Se necesita inscripci\u00f3n<\/th>\n<th align=\"center\">Videochat<\/th>\n<th align=\"center\">Asistencia m\u00f3vil<\/th>\n<th align=\"center\">Moderaci\u00f3n<\/th>\n<th>Notas<\/th>\n<\/tr>\n<\/thead>\n<tbody>\n<tr>\n<td>StrangerCam<\/td>\n<td align=\"center\">\u2705<\/td>\n<td align=\"center\">\u274c<\/td>\n<td align=\"center\">\u2705<\/td>\n<td align=\"center\">\u2705<\/td>\n<td align=\"center\">\u2705<\/td>\n<td>Lo mejor en general: gratis, seguro e instant\u00e1neo<\/td>\n<\/tr>\n<tr>\n<td>Chatroulette<\/td>\n<td align=\"center\">\u2705<\/td>\n<td align=\"center\">\u274c<\/td>\n<td align=\"center\">\u2705<\/td>\n<td align=\"center\">\u2705<\/td>\n<td align=\"center\">\u2705<\/td>\n<td>Cl\u00e1sico, pero con funciones limitadas<\/td>\n<\/tr>\n<tr>\n<td>Chatrandom<\/td>\n<td align=\"center\">\u2705<\/td>\n<td align=\"center\">\u274c<\/td>\n<td align=\"center\">\u2705<\/td>\n<td align=\"center\">\u2705<\/td>\n<td align=\"center\">\u2705<\/td>\n<td>Popular, pero exige mejoras<\/td>\n<\/tr>\n<tr>\n<td>OmeTV<\/td>\n<td align=\"center\">\u2705<\/td>\n<td align=\"center\">\u274c<\/td>\n<td align=\"center\">\u2705<\/td>\n<td align=\"center\">\u2705<\/td>\n<td align=\"center\">\u2705<\/td>\n<td>App-first, concordancia aleatoria<\/td>\n<\/tr>\n<tr>\n<td>Shagle<\/td>\n<td align=\"center\">\u2705<\/td>\n<td align=\"center\">\u274c<\/td>\n<td align=\"center\">\u2705<\/td>\n<td align=\"center\">\u2705<\/td>\n<td align=\"center\">\u2705<\/td>\n<td>Inicio gratuito, filtros bloqueados premium<\/td>\n<\/tr>\n<tr>\n<td>WireClub<\/td>\n<td align=\"center\">\u2705<\/td>\n<td align=\"center\">\u2705<\/td>\n<td align=\"center\">\u274c<\/td>\n<td align=\"center\">\u2705<\/td>\n<td align=\"center\">\u2705<\/td>\n<td>Salas de chat s\u00f3lo de texto<\/td>\n<\/tr>\n<\/tbody>\n<\/table>\n<p>StrangerCam destaca por ser una de las \u00fanicas plataformas que ofrecen acceso realmente gratuito, sin necesidad de registrarse, y chat de texto y v\u00eddeo en un solo lugar.<\/p>\n<h2>Por qu\u00e9 StrangerCam es la mejor opci\u00f3n de chat gratis ahora<\/h2>\n<p>He aqu\u00ed por qu\u00e9 StrangerCam es una de las mejores respuestas a \"\u00bfD\u00f3nde puedo iniciar un chat gratis ahora?\":<\/p>\n<ul>\n<li>Gratuito e ilimitado: sin restricciones ni costes ocultos.<\/li>\n<li>Acceso instant\u00e1neo: empieza a chatear en menos de 10 segundos.<\/li>\n<li>Opciones de v\u00eddeo y texto: cambia seg\u00fan te resulte m\u00e1s c\u00f3modo.<\/li>\n<li>Seguro y moderado - Mucho m\u00e1s seguro que Omegle.<\/li>\n<li>Compatible con dispositivos m\u00f3viles y de sobremesa: funciona en todos los dispositivos.<\/li>\n<li>Comunidad global - Conoce a gente de m\u00e1s de 100 pa\u00edses.<\/li>\n<\/ul>\n<p>Es espont\u00e1neo, real e inclusivo: la experiencia exacta que busca la gente cuando escribe Free Chat Now.<\/p>\n<h2>Testimonios de usuarios reales<\/h2>\n<blockquote><p>\"Busqu\u00e9 Free Chat Now y encontr\u00e9 StrangerCam. En un minuto estaba hablando con alguien en Brasil. Es r\u00e1pido y divertido\".<br \/>\n- Daniel, 27 a\u00f1os<\/p><\/blockquote>\n<blockquote><p>\"A diferencia de otros sitios, StrangerCam es realmente gratis. Sin cr\u00e9ditos ni muros de pago ocultos\".<br \/>\n- Sophia, 21 a\u00f1os<\/p><\/blockquote>\n<blockquote><p>\"He probado otras aplicaciones pero me parec\u00edan demasiado lentas. Esta fue instant\u00e1nea, exactamente lo que quer\u00eda\".<br \/>\n- Ryan, 30 a\u00f1os<\/p><\/blockquote>\n<blockquote><p>\"Es agradable que pueda irme cuando quiera, sin compromisos. Free Chat Now realmente funciona aqu\u00ed\".<br \/>\n- Emma, 19 a\u00f1os<\/p><\/blockquote>\n<h2>La psicolog\u00eda detr\u00e1s de \"Chatear gratis ahora\"<\/h2>\n<p>\u00bfPor qu\u00e9 tanta gente busca esas palabras exactas? Se trata de tres cosas:<\/p>\n<ol>\n<li>Inmediatez: Los humanos ansiamos la gratificaci\u00f3n instant\u00e1nea. La idea de \"chatear ahora\" es irresistible.<\/li>\n<li>Curiosidad social: Estamos programados para disfrutar de la novedad y lo imprevisible. Conocer a desconocidos en Internet satisface esa necesidad.<\/li>\n<li>Asequibilidad: A\u00f1adir \"gratis\" lo hace accesible a todo el mundo. Nadie quiere pagar solo por saludar.<\/li>\n<\/ol>\n<p>Esto explica por qu\u00e9 Free Chat Now sigue siendo una palabra clave tan buscada en todo el mundo.<\/p>\n<h2>Consejos de seguridad para Free Chat Now<\/h2>\n<p>Aunque chatear por Internet es divertido, la seguridad debe ser siempre lo primero. Estas son las normas que debes seguir:<\/p>\n<ul>\n<li>No compartas informaci\u00f3n personal (tel\u00e9fono, correo electr\u00f3nico, direcci\u00f3n).<\/li>\n<li>Evita los enlaces sospechosos durante los chats.<\/li>\n<li>Utilice Omitir\/Bloquear para situaciones inc\u00f3modas.<\/li>\n<li>Comprueba el fondo antes de encender la c\u00e1mara.<\/li>\n<li>Utiliza apodos, no nombres reales.<\/li>\n<li>Respeta las normas de edad: no entres en las salas para adultos si eres menor de 18 a\u00f1os.<\/li>\n<\/ul>\n<h2>C\u00f3mo empezar - Paso a paso<\/h2>\n<p>S\u00f3lo se tarda un minuto en iniciar una sesi\u00f3n de Free Chat Now:<\/p>\n<ol>\n<li>Abre StrangerCam en tu navegador o tel\u00e9fono.<\/li>\n<li>Selecciona el modo de chat (texto o v\u00eddeo).<\/li>\n<li>Permitir permisos para c\u00e1mara\/micr\u00f3fono (si es v\u00eddeo).<\/li>\n<li>Haz clic en Iniciar chat para que te emparejen al instante.<\/li>\n<li>Disfruta de las conversaciones o pulsa Siguiente para conocer a alguien nuevo.<\/li>\n<\/ol>\n<p>As\u00ed de r\u00e1pido, gratis y an\u00f3nimo.<\/p>\n<p>En 2025, Free Chat Now es m\u00e1s popular que nunca. La gente no quiere largos registros, perfiles falsos ni muros de pago: quiere conversaciones instant\u00e1neas y reales con desconocidos de todo el mundo.<\/p>\n<p>Plataformas como StrangerCam ofrecen exactamente eso: chats gratuitos, seguros y espont\u00e1neos con gente real las 24 horas del d\u00eda, los 7 d\u00edas de la semana. Tanto si buscas amigos, diversi\u00f3n casual o intercambios culturales, Free Chat Now te ofrece la emoci\u00f3n de la conexi\u00f3n instant\u00e1nea.<\/p>\n<p>\u00bfListo para probarlo? Inicia un chat gratuito hoy mismo y descubre a qui\u00e9n conocer\u00e1s despu\u00e9s.<\/p>","protected":false},"excerpt":{"rendered":"<p>Are you searching for Free Chat Now? You\u2019re not alone. Millions of people every month type those exact words into Google, hoping to find a simple, fast, and free way to connect with new people online. The idea is clear: no long signups, no downloads, no hidden costs\u2014just the ability to start chatting instantly with [&hellip;]<\/p>\n","protected":false},"author":8,"featured_media":0,"parent":0,"menu_order":0,"comment_status":"closed","ping_status":"closed","template":"","meta":{"footnotes":""},"class_list":["post-5006","page","type-page","status-publish","hentry"],"yoast_head":"<!-- This site is optimized with the Yoast SEO plugin v27.4 - https:\/\/yoast.com\/product\/yoast-seo-wordpress\/ -->\n<title>Free Chat Now with Video Chat on Strangercam.com<\/title>\n<meta name=\"description\" content=\"Liking Free Chat Now? Join millions on StrangerCam.com! Start a random video chat, turn on your cam, and meet strangers instantly.\" \/>\n<meta name=\"robots\" content=\"index, follow, max-snippet:-1, max-image-preview:large, max-video-preview:-1\" \/>\n<link rel=\"canonical\" href=\"https:\/\/strangercam.com\/es\/chat-gratis-ahora\/\" \/>\n<meta property=\"og:locale\" content=\"es_ES\" \/>\n<meta property=\"og:type\" content=\"article\" \/>\n<meta property=\"og:title\" content=\"Free Chat Now with Video Chat on Strangercam.com\" \/>\n<meta property=\"og:description\" content=\"Liking Free Chat Now? Join millions on StrangerCam.com! Start a random video chat, turn on your cam, and meet strangers instantly.\" \/>\n<meta property=\"og:url\" content=\"https:\/\/strangercam.com\/es\/chat-gratis-ahora\/\" \/>\n<meta property=\"og:site_name\" content=\"Strangercam\" \/>\n<meta property=\"article:publisher\" content=\"https:\/\/www.facebook.com\/strangercam\" \/>\n<meta property=\"article:modified_time\" content=\"2025-09-29T10:01:40+00:00\" \/>\n<meta property=\"og:image\" content=\"https:\/\/strangercam.com\/wp-content\/uploads\/2021\/10\/Untitled-2.png\" \/>\n\t<meta property=\"og:image:width\" content=\"800\" \/>\n\t<meta property=\"og:image:height\" content=\"532\" \/>\n\t<meta property=\"og:image:type\" content=\"image\/png\" \/>\n<meta name=\"twitter:card\" content=\"summary_large_image\" \/>\n<meta name=\"twitter:site\" content=\"@strangercamapp\" \/>\n<meta name=\"twitter:label1\" content=\"Tiempo de lectura\" \/>\n\t<meta name=\"twitter:data1\" content=\"5 minutos\" \/>\n<script type=\"application\/ld+json\" class=\"yoast-schema-graph\">{\"@context\":\"https:\\\/\\\/schema.org\",\"@graph\":[{\"@type\":\"WebPage\",\"@id\":\"https:\\\/\\\/strangercam.com\\\/free-chat-now\\\/\",\"url\":\"https:\\\/\\\/strangercam.com\\\/free-chat-now\\\/\",\"name\":\"Free Chat Now with Video Chat on Strangercam.com\",\"isPartOf\":{\"@id\":\"https:\\\/\\\/strangercam.com\\\/#website\"},\"datePublished\":\"2025-09-29T08:59:56+00:00\",\"dateModified\":\"2025-09-29T10:01:40+00:00\",\"description\":\"Liking Free Chat Now? Join millions on StrangerCam.com! Start a random video chat, turn on your cam, and meet strangers instantly.\",\"breadcrumb\":{\"@id\":\"https:\\\/\\\/strangercam.com\\\/free-chat-now\\\/#breadcrumb\"},\"inLanguage\":\"es\",\"potentialAction\":[{\"@type\":\"ReadAction\",\"target\":[\"https:\\\/\\\/strangercam.com\\\/free-chat-now\\\/\"]}]},{\"@type\":\"BreadcrumbList\",\"@id\":\"https:\\\/\\\/strangercam.com\\\/free-chat-now\\\/#breadcrumb\",\"itemListElement\":[{\"@type\":\"ListItem\",\"position\":1,\"name\":\"Home\",\"item\":\"https:\\\/\\\/strangercam.com\\\/\"},{\"@type\":\"ListItem\",\"position\":2,\"name\":\"Free Chat Now\"}]},{\"@type\":\"WebSite\",\"@id\":\"https:\\\/\\\/strangercam.com\\\/#website\",\"url\":\"https:\\\/\\\/strangercam.com\\\/\",\"name\":\"Strangercam\",\"description\":\"Random Video Chat with Strangers\",\"publisher\":{\"@id\":\"https:\\\/\\\/strangercam.com\\\/#organization\"},\"alternateName\":\"Strangercam.com\",\"potentialAction\":[{\"@type\":\"SearchAction\",\"target\":{\"@type\":\"EntryPoint\",\"urlTemplate\":\"https:\\\/\\\/strangercam.com\\\/?s={search_term_string}\"},\"query-input\":{\"@type\":\"PropertyValueSpecification\",\"valueRequired\":true,\"valueName\":\"search_term_string\"}}],\"inLanguage\":\"es\"},{\"@type\":\"Organization\",\"@id\":\"https:\\\/\\\/strangercam.com\\\/#organization\",\"name\":\"Strangercam\",\"alternateName\":\"Strangercam.com\",\"url\":\"https:\\\/\\\/strangercam.com\\\/\",\"logo\":{\"@type\":\"ImageObject\",\"inLanguage\":\"es\",\"@id\":\"https:\\\/\\\/strangercam.com\\\/#\\\/schema\\\/logo\\\/image\\\/\",\"url\":\"https:\\\/\\\/strangercam.com\\\/wp-content\\\/uploads\\\/2020\\\/11\\\/cropped-new-favicon-black.png\",\"contentUrl\":\"https:\\\/\\\/strangercam.com\\\/wp-content\\\/uploads\\\/2020\\\/11\\\/cropped-new-favicon-black.png\",\"width\":512,\"height\":512,\"caption\":\"Strangercam\"},\"image\":{\"@id\":\"https:\\\/\\\/strangercam.com\\\/#\\\/schema\\\/logo\\\/image\\\/\"},\"sameAs\":[\"https:\\\/\\\/www.facebook.com\\\/strangercam\",\"https:\\\/\\\/x.com\\\/strangercamapp\"]}]}<\/script>\n<!-- \/ Yoast SEO plugin. -->","yoast_head_json":{"title":"Chat Gratis Ahora con Video Chat en Strangercam.com","description":"\u00bfTe gusta el chat gratis ahora? \u00a1Join millones en StrangerCam.com! Inicia un videochat aleatorio, enciende tu c\u00e1mara y conoce a desconocidos al instante.","robots":{"index":"index","follow":"follow","max-snippet":"max-snippet:-1","max-image-preview":"max-image-preview:large","max-video-preview":"max-video-preview:-1"},"canonical":"https:\/\/strangercam.com\/es\/chat-gratis-ahora\/","og_locale":"es_ES","og_type":"article","og_title":"Free Chat Now with Video Chat on Strangercam.com","og_description":"Liking Free Chat Now? Join millions on StrangerCam.com! Start a random video chat, turn on your cam, and meet strangers instantly.","og_url":"https:\/\/strangercam.com\/es\/chat-gratis-ahora\/","og_site_name":"Strangercam","article_publisher":"https:\/\/www.facebook.com\/strangercam","article_modified_time":"2025-09-29T10:01:40+00:00","og_image":[{"width":800,"height":532,"url":"https:\/\/strangercam.com\/wp-content\/uploads\/2021\/10\/Untitled-2.png","type":"image\/png"}],"twitter_card":"summary_large_image","twitter_site":"@strangercamapp","twitter_misc":{"Tiempo de lectura":"5 minutos"},"schema":{"@context":"https:\/\/schema.org","@graph":[{"@type":"WebPage","@id":"https:\/\/strangercam.com\/free-chat-now\/","url":"https:\/\/strangercam.com\/free-chat-now\/","name":"Chat Gratis Ahora con Video Chat en Strangercam.com","isPartOf":{"@id":"https:\/\/strangercam.com\/#website"},"datePublished":"2025-09-29T08:59:56+00:00","dateModified":"2025-09-29T10:01:40+00:00","description":"\u00bfTe gusta el chat gratis ahora? \u00a1Join millones en StrangerCam.com! Inicia un videochat aleatorio, enciende tu c\u00e1mara y conoce a desconocidos al instante.","breadcrumb":{"@id":"https:\/\/strangercam.com\/free-chat-now\/#breadcrumb"},"inLanguage":"es","potentialAction":[{"@type":"ReadAction","target":["https:\/\/strangercam.com\/free-chat-now\/"]}]},{"@type":"BreadcrumbList","@id":"https:\/\/strangercam.com\/free-chat-now\/#breadcrumb","itemListElement":[{"@type":"ListItem","position":1,"name":"Home","item":"https:\/\/strangercam.com\/"},{"@type":"ListItem","position":2,"name":"Free Chat Now"}]},{"@type":"WebSite","@id":"https:\/\/strangercam.com\/#website","url":"https:\/\/strangercam.com\/","name":"Strangercam","description":"Videochat aleatorio con desconocidos","publisher":{"@id":"https:\/\/strangercam.com\/#organization"},"alternateName":"Strangercam.com","potentialAction":[{"@type":"SearchAction","target":{"@type":"EntryPoint","urlTemplate":"https:\/\/strangercam.com\/?s={search_term_string}"},"query-input":{"@type":"PropertyValueSpecification","valueRequired":true,"valueName":"search_term_string"}}],"inLanguage":"es"},{"@type":"Organization","@id":"https:\/\/strangercam.com\/#organization","name":"Strangercam","alternateName":"Strangercam.com","url":"https:\/\/strangercam.com\/","logo":{"@type":"ImageObject","inLanguage":"es","@id":"https:\/\/strangercam.com\/#\/schema\/logo\/image\/","url":"https:\/\/strangercam.com\/wp-content\/uploads\/2020\/11\/cropped-new-favicon-black.png","contentUrl":"https:\/\/strangercam.com\/wp-content\/uploads\/2020\/11\/cropped-new-favicon-black.png","width":512,"height":512,"caption":"Strangercam"},"image":{"@id":"https:\/\/strangercam.com\/#\/schema\/logo\/image\/"},"sameAs":["https:\/\/www.facebook.com\/strangercam","https:\/\/x.com\/strangercamapp"]}]}},"_links":{"self":[{"href":"https:\/\/strangercam.com\/es\/wp-json\/wp\/v2\/pages\/5006","targetHints":{"allow":["GET"]}}],"collection":[{"href":"https:\/\/strangercam.com\/es\/wp-json\/wp\/v2\/pages"}],"about":[{"href":"https:\/\/strangercam.com\/es\/wp-json\/wp\/v2\/types\/page"}],"author":[{"embeddable":true,"href":"https:\/\/strangercam.com\/es\/wp-json\/wp\/v2\/users\/8"}],"replies":[{"embeddable":true,"href":"https:\/\/strangercam.com\/es\/wp-json\/wp\/v2\/comments?post=5006"}],"version-history":[{"count":1,"href":"https:\/\/strangercam.com\/es\/wp-json\/wp\/v2\/pages\/5006\/revisions"}],"predecessor-version":[{"id":13045,"href":"https:\/\/strangercam.com\/es\/wp-json\/wp\/v2\/pages\/5006\/revisions\/13045"}],"wp:attachment":[{"href":"https:\/\/strangercam.com\/es\/wp-json\/wp\/v2\/media?parent=5006"}],"curies":[{"name":"wp","href":"https:\/\/api.w.org\/{rel}","templated":true}]}}