{"id":4906,"date":"2021-06-14T19:57:32","date_gmt":"2021-06-14T17:57:32","guid":{"rendered":"https:\/\/strangercam.com\/?page_id=4906"},"modified":"2023-09-12T15:21:44","modified_gmt":"2023-09-12T13:21:44","slug":"chat-gay","status":"publish","type":"page","link":"https:\/\/strangercam.com\/es\/chat-gay\/","title":{"rendered":"Chat gay"},"content":{"rendered":"<p>Bienvenido a Gay <a href=\"https:\/\/strangercam.com\/es\/chatroulette\/\">Chat<\/a>. Join la aplicaci\u00f3n de chat de v\u00eddeo Gay Chat, por lo que es f\u00e1cil chatear con extra\u00f1os al azar de forma an\u00f3nima. Gay Chat ofrece funciones de chat de v\u00eddeo como m\u00e1scaras faciales, g\u00e9nero, filtros de pa\u00eds, chat privado y mucho m\u00e1s. Chatea con chicas y chicos al azar en l\u00ednea, en cualquier parte del mundo, de forma instant\u00e1nea.<a href=\"https:\/\/nlcbplaywheresults.com\/\">.<\/a> Encuentra un nuevo amigo, <a href=\"https:\/\/strangercam.com\/es\/coomeet\/\">conozca<\/a> tu pr\u00f3xima cita, mostrar tus incre\u00edbles habilidades musicales, tener una charla al azar sobre f\u00fatbol, tener Chat Gay, o relajarte y discutir la \u00faltima serie de Netflix con un extra\u00f1o. Chatear Gay es gratis, f\u00e1cil y divertido. \u00a1Nunca se sabe qui\u00e9n puede estar esper\u00e1ndote al otro lado de esa webcam!<\/p>\n<p>Si buscas conectar con gente nueva de forma an\u00f3nima,\u00a0<a href=\"https:\/\/strangercam.com\/es\/chathub\/\">chat de v\u00eddeo aleatorio<\/a>\u00a0es la mejor manera y la m\u00e1s sencilla de hacerlo, y StrangerCam es el chat <a href=\"https:\/\/strangercam.com\/es\/bazoocam\/\">leva<\/a> aplicaci\u00f3n que le llevar\u00e1 hasta all\u00ed<a href=\"https:\/\/cashpotresulttoday.com\/\">.<\/a> Hemos optimizado nuestra aplicaci\u00f3n para que puedas elegir exactamente con qui\u00e9n quieres venir: una forma nueva e innovadora de conectar con desconocidos.<\/p>\n<p>\u00bfA qu\u00e9 est\u00e1s esperando? \u00a1\u00danete al Chat Gay ahora!<\/p>\n<h3>\u00a1El chat gay es excelente!<\/h3>\n<p>No lo decimos nosotros, sino los clientes.<\/p>\n<p>\u00bfPensar\u00e1 que por eso es genial? Tenemos todas las respuestas.<\/p>\n<p>Es genial por su sencillez. Es excelente por las emociones genuinas de las dos personas implicadas. Es excelente porque alguien lucha con la sociedad y se presenta como gay y defiende lo que quiere.<\/p>\n<p>Animamos a nuestros visitantes a que busquen y disfruten de lo que deseen. Les proporcionamos las instalaciones que desean.<\/p>\n<p>En lo que respecta al chat gay, en StrangerCam puedes elegir de todo y de nada.<\/p>\n<h3>An\u00f3nimo<\/h3>\n<p>Nadie te conoce y t\u00fa no conoces a nadie. De ah\u00ed la emoci\u00f3n.<\/p>\n<p>Chatea con desconocidos de forma totalmente an\u00f3nima. Te emparejamos con desconocidos de todo el mundo. Puedes hablar con ellos mientras nosotros cuidamos tu identidad e informaci\u00f3n.<\/p>\n<p>Mantener tu identidad en secreto mientras chateas con desconocidos es esencial, y nosotros somos los mejores en ello. Nuestro equipo de t\u00e9cnicos trabaja continuamente en ello y te mantiene a salvo de cualquier cosa que contenga da\u00f1o.<\/p>\n<p>Ser an\u00f3nimo no significa que no puedas compartir nada con desconocidos. Hemos introducido el modo an\u00f3nimo para mantenerte a salvo, no para encerrarte en una caja.<\/p>\n<p>Puedes compartir tu informaci\u00f3n b\u00e1sica con los desconocidos que quieras. Esos desconocidos tambi\u00e9n pueden compartir su informaci\u00f3n b\u00e1sica contigo.<br \/>\nY si os gust\u00e1is y la cosa va bien, \u00a1tambi\u00e9n pod\u00e9is planear una cita!<\/p>\n<p>Compartir informaci\u00f3n para una cita es obligatorio. Sin embargo, nos gustar\u00eda decirte que deber\u00edas tenerlo todo en cuenta antes de decidirte a conocer a tu pareja en persona.<\/p>\n<h3>Privacidad<\/h3>\n<p>Tenemos una firme pol\u00edtica de privacidad.<\/p>\n<p>No compartimos tus datos con nadie, ni siquiera con otros desconocidos que hablan contigo. Dejamos enteramente en usted para decirles acerca de usted a otras personas. Si no quieres, nadie puede saber qui\u00e9n eres y de d\u00f3nde eres.<\/p>\n<p>Vender los datos de los clientes a terceras empresas es una pr\u00e1ctica habitual, pero no para nosotros. Creemos que la privacidad de los clientes es un factor importante en el chat en l\u00ednea. Por eso no compartimos ni vendemos ninguno de sus datos con nadie para ning\u00fan fin, es decir, marketing y publicidad.<br \/>\nNo dudes en visitar StrangerCam. Es seguro y protegido. Te sentir\u00e1s como en casa.<\/p>\n<h3>Entorno seguro<\/h3>\n<p>Si quieres conectar con chicos y chicas de todo el mundo, no hay lugar m\u00e1s seguro para hacerlo que StrangerCam. Entendemos las preocupaciones relacionadas con el chat online para adultos. Por eso nuestro equipo intenta continuamente optimizarlo todo para ti.<\/p>\n<p>Si\u00e9ntete libre de hablar con desconocidos porque nos cubres las espaldas. Es una plataforma para adultos, pero eso no significa que la dejemos abierta a todo. Si alguien te acosa o hace alg\u00fan comentario de este tipo, puedes presentar directamente una queja. A la otra parte se le bloquear\u00e1 el uso de StrangerCam para siempre.<\/p>\n<h3>Controlar<\/h3>\n<p>Es esencial tener control sobre lo que haces online. Especialmente cuando se trata de videochat para adultos, a veces puede ser arriesgado porque la gente puede hacer un mal uso de la informaci\u00f3n que has dado en la plataforma o las personas.<\/p>\n<p>Pero en este caso, usted no necesita preocuparse acerca de tal cosa. Hay varias funciones en el sitio web que te ayudan a protegerte de cualquier calamidad. Durante el videochat, puedes utilizar un filtro para ocultar tu rostro. De este modo, la otra persona nunca sabr\u00e1 con qui\u00e9n est\u00e1 hablando. A menos que se lo digas t\u00fa mismo.<\/p>\n<p>\u00bfNo es genial controlar las cosas y utilizarlas a tu favor? Pues s\u00ed.<\/p>","protected":false},"excerpt":{"rendered":"<p>Welcome to Gay Chat. Join the Gay Chat\u00a0video chat app, making it easy to chat with random strangers anonymously. Gay Chat offers video chat features including face masks, gender, country filters, private Chat, and much more. Chat with random girls and boys online, anywhere in the world, instantaneously. Find a new friend, meet your next [&hellip;]<\/p>\n","protected":false},"author":8,"featured_media":0,"parent":0,"menu_order":0,"comment_status":"closed","ping_status":"closed","template":"","meta":{"footnotes":""},"class_list":["post-4906","page","type-page","status-publish","hentry"],"yoast_head":"<!-- This site is optimized with the Yoast SEO plugin v26.9 - https:\/\/yoast.com\/product\/yoast-seo-wordpress\/ -->\n<title>Gay Chat - StrangerCam.com: Cam With Strangers<\/title>\n<meta name=\"description\" content=\"Gay Chat anonymously with over 5.000.000 strangers. No Sign-Up Required! Cam with strangers on StrangerCam.com.\" \/>\n<meta name=\"robots\" content=\"index, follow, max-snippet:-1, max-image-preview:large, max-video-preview:-1\" \/>\n<link rel=\"canonical\" href=\"https:\/\/strangercam.com\/es\/chat-gay\/\" \/>\n<meta property=\"og:locale\" content=\"es_ES\" \/>\n<meta property=\"og:type\" content=\"article\" \/>\n<meta property=\"og:title\" content=\"Gay Chat - StrangerCam.com: Cam With Strangers\" \/>\n<meta property=\"og:description\" content=\"Gay Chat anonymously with over 5.000.000 strangers. No Sign-Up Required! Cam with strangers on StrangerCam.com.\" \/>\n<meta property=\"og:url\" content=\"https:\/\/strangercam.com\/es\/chat-gay\/\" \/>\n<meta property=\"og:site_name\" content=\"Strangercam\" \/>\n<meta property=\"article:publisher\" content=\"https:\/\/www.facebook.com\/strangercam\" \/>\n<meta property=\"article:modified_time\" content=\"2023-09-12T13:21:44+00:00\" \/>\n<meta property=\"og:image\" content=\"https:\/\/strangercam.com\/wp-content\/uploads\/2021\/10\/Untitled-2.png\" \/>\n\t<meta property=\"og:image:width\" content=\"800\" \/>\n\t<meta property=\"og:image:height\" content=\"532\" \/>\n\t<meta property=\"og:image:type\" content=\"image\/png\" \/>\n<meta name=\"twitter:card\" content=\"summary_large_image\" \/>\n<meta name=\"twitter:site\" content=\"@strangercamapp\" \/>\n<meta name=\"twitter:label1\" content=\"Tiempo de lectura\" \/>\n\t<meta name=\"twitter:data1\" content=\"4 minutos\" \/>\n<script type=\"application\/ld+json\" class=\"yoast-schema-graph\">{\"@context\":\"https:\/\/schema.org\",\"@graph\":[{\"@type\":\"WebPage\",\"@id\":\"https:\/\/strangercam.com\/gay-chat\/\",\"url\":\"https:\/\/strangercam.com\/gay-chat\/\",\"name\":\"Gay Chat - StrangerCam.com: Cam With Strangers\",\"isPartOf\":{\"@id\":\"https:\/\/strangercam.com\/#website\"},\"datePublished\":\"2021-06-14T17:57:32+00:00\",\"dateModified\":\"2023-09-12T13:21:44+00:00\",\"description\":\"Gay Chat anonymously with over 5.000.000 strangers. No Sign-Up Required! Cam with strangers on StrangerCam.com.\",\"breadcrumb\":{\"@id\":\"https:\/\/strangercam.com\/gay-chat\/#breadcrumb\"},\"inLanguage\":\"es\",\"potentialAction\":[{\"@type\":\"ReadAction\",\"target\":[\"https:\/\/strangercam.com\/gay-chat\/\"]}]},{\"@type\":\"BreadcrumbList\",\"@id\":\"https:\/\/strangercam.com\/gay-chat\/#breadcrumb\",\"itemListElement\":[{\"@type\":\"ListItem\",\"position\":1,\"name\":\"Home\",\"item\":\"https:\/\/strangercam.com\/\"},{\"@type\":\"ListItem\",\"position\":2,\"name\":\"Gay Chat\"}]},{\"@type\":\"WebSite\",\"@id\":\"https:\/\/strangercam.com\/#website\",\"url\":\"https:\/\/strangercam.com\/\",\"name\":\"Strangercam\",\"description\":\"Random Video Chat with Strangers\",\"publisher\":{\"@id\":\"https:\/\/strangercam.com\/#organization\"},\"alternateName\":\"Strangercam.com\",\"potentialAction\":[{\"@type\":\"SearchAction\",\"target\":{\"@type\":\"EntryPoint\",\"urlTemplate\":\"https:\/\/strangercam.com\/?s={search_term_string}\"},\"query-input\":{\"@type\":\"PropertyValueSpecification\",\"valueRequired\":true,\"valueName\":\"search_term_string\"}}],\"inLanguage\":\"es\"},{\"@type\":\"Organization\",\"@id\":\"https:\/\/strangercam.com\/#organization\",\"name\":\"Strangercam\",\"alternateName\":\"Strangercam.com\",\"url\":\"https:\/\/strangercam.com\/\",\"logo\":{\"@type\":\"ImageObject\",\"inLanguage\":\"es\",\"@id\":\"https:\/\/strangercam.com\/#\/schema\/logo\/image\/\",\"url\":\"https:\/\/strangercam.com\/wp-content\/uploads\/2020\/11\/cropped-new-favicon-black.png\",\"contentUrl\":\"https:\/\/strangercam.com\/wp-content\/uploads\/2020\/11\/cropped-new-favicon-black.png\",\"width\":512,\"height\":512,\"caption\":\"Strangercam\"},\"image\":{\"@id\":\"https:\/\/strangercam.com\/#\/schema\/logo\/image\/\"},\"sameAs\":[\"https:\/\/www.facebook.com\/strangercam\",\"https:\/\/x.com\/strangercamapp\"]}]}<\/script>\n<!-- \/ Yoast SEO plugin. -->","yoast_head_json":{"title":"Chat Gay - StrangerCam.com: Cam Con Extra\u00f1os","description":"Chat Gay an\u00f3nimo con m\u00e1s de 5.000.000 de desconocidos. No es necesario registrarse. Cam con extra\u00f1os en StrangerCam.com.","robots":{"index":"index","follow":"follow","max-snippet":"max-snippet:-1","max-image-preview":"max-image-preview:large","max-video-preview":"max-video-preview:-1"},"canonical":"https:\/\/strangercam.com\/es\/chat-gay\/","og_locale":"es_ES","og_type":"article","og_title":"Gay Chat - StrangerCam.com: Cam With Strangers","og_description":"Gay Chat anonymously with over 5.000.000 strangers. No Sign-Up Required! Cam with strangers on StrangerCam.com.","og_url":"https:\/\/strangercam.com\/es\/chat-gay\/","og_site_name":"Strangercam","article_publisher":"https:\/\/www.facebook.com\/strangercam","article_modified_time":"2023-09-12T13:21:44+00:00","og_image":[{"width":800,"height":532,"url":"https:\/\/strangercam.com\/wp-content\/uploads\/2021\/10\/Untitled-2.png","type":"image\/png"}],"twitter_card":"summary_large_image","twitter_site":"@strangercamapp","twitter_misc":{"Tiempo de lectura":"4 minutos"},"schema":{"@context":"https:\/\/schema.org","@graph":[{"@type":"WebPage","@id":"https:\/\/strangercam.com\/gay-chat\/","url":"https:\/\/strangercam.com\/gay-chat\/","name":"Chat Gay - StrangerCam.com: Cam Con Extra\u00f1os","isPartOf":{"@id":"https:\/\/strangercam.com\/#website"},"datePublished":"2021-06-14T17:57:32+00:00","dateModified":"2023-09-12T13:21:44+00:00","description":"Chat Gay an\u00f3nimo con m\u00e1s de 5.000.000 de desconocidos. No es necesario registrarse. Cam con extra\u00f1os en StrangerCam.com.","breadcrumb":{"@id":"https:\/\/strangercam.com\/gay-chat\/#breadcrumb"},"inLanguage":"es","potentialAction":[{"@type":"ReadAction","target":["https:\/\/strangercam.com\/gay-chat\/"]}]},{"@type":"BreadcrumbList","@id":"https:\/\/strangercam.com\/gay-chat\/#breadcrumb","itemListElement":[{"@type":"ListItem","position":1,"name":"Home","item":"https:\/\/strangercam.com\/"},{"@type":"ListItem","position":2,"name":"Gay Chat"}]},{"@type":"WebSite","@id":"https:\/\/strangercam.com\/#website","url":"https:\/\/strangercam.com\/","name":"Strangercam","description":"Videochat aleatorio con desconocidos","publisher":{"@id":"https:\/\/strangercam.com\/#organization"},"alternateName":"Strangercam.com","potentialAction":[{"@type":"SearchAction","target":{"@type":"EntryPoint","urlTemplate":"https:\/\/strangercam.com\/?s={search_term_string}"},"query-input":{"@type":"PropertyValueSpecification","valueRequired":true,"valueName":"search_term_string"}}],"inLanguage":"es"},{"@type":"Organization","@id":"https:\/\/strangercam.com\/#organization","name":"Strangercam","alternateName":"Strangercam.com","url":"https:\/\/strangercam.com\/","logo":{"@type":"ImageObject","inLanguage":"es","@id":"https:\/\/strangercam.com\/#\/schema\/logo\/image\/","url":"https:\/\/strangercam.com\/wp-content\/uploads\/2020\/11\/cropped-new-favicon-black.png","contentUrl":"https:\/\/strangercam.com\/wp-content\/uploads\/2020\/11\/cropped-new-favicon-black.png","width":512,"height":512,"caption":"Strangercam"},"image":{"@id":"https:\/\/strangercam.com\/#\/schema\/logo\/image\/"},"sameAs":["https:\/\/www.facebook.com\/strangercam","https:\/\/x.com\/strangercamapp"]}]}},"_links":{"self":[{"href":"https:\/\/strangercam.com\/es\/wp-json\/wp\/v2\/pages\/4906","targetHints":{"allow":["GET"]}}],"collection":[{"href":"https:\/\/strangercam.com\/es\/wp-json\/wp\/v2\/pages"}],"about":[{"href":"https:\/\/strangercam.com\/es\/wp-json\/wp\/v2\/types\/page"}],"author":[{"embeddable":true,"href":"https:\/\/strangercam.com\/es\/wp-json\/wp\/v2\/users\/8"}],"replies":[{"embeddable":true,"href":"https:\/\/strangercam.com\/es\/wp-json\/wp\/v2\/comments?post=4906"}],"version-history":[{"count":0,"href":"https:\/\/strangercam.com\/es\/wp-json\/wp\/v2\/pages\/4906\/revisions"}],"wp:attachment":[{"href":"https:\/\/strangercam.com\/es\/wp-json\/wp\/v2\/media?parent=4906"}],"curies":[{"name":"wp","href":"https:\/\/api.w.org\/{rel}","templated":true}]}}