{"id":4887,"date":"2021-06-14T19:18:17","date_gmt":"2021-06-14T17:18:17","guid":{"rendered":"https:\/\/strangercam.com\/?page_id=4887"},"modified":"2023-08-21T12:40:47","modified_gmt":"2023-08-21T10:40:47","slug":"chat-con-desconocidos","status":"publish","type":"page","link":"https:\/\/strangercam.com\/es\/stranger-chat\/","title":{"rendered":"Chat con desconocidos"},"content":{"rendered":"<p>Bienvenido a Stranger <a href=\"https:\/\/strangercam.com\/es\/chathub\/\">Chat<\/a>. Join la aplicaci\u00f3n de chat de v\u00eddeo Stranger Chat, lo que facilita chatear con extra\u00f1os al azar de forma an\u00f3nima.<a href=\"https:\/\/cashpotresulttoday.com\/\">.<\/a> Stranger Chat ofrece funciones de videochat que incluyen m\u00e1scaras faciales, filtros de g\u00e9nero y pa\u00eds, chat privado y mucho m\u00e1s. Chatea con chicas y chicos al azar en l\u00ednea, en cualquier parte del mundo, de forma instant\u00e1nea. Encuentra un nuevo amigo, <a href=\"https:\/\/strangercam.com\/es\/coomeet\/\">conozca<\/a> tu pr\u00f3xima cita, mostrar tus incre\u00edbles habilidades musicales, tener una charla al azar sobre el f\u00fatbol, tener Stranger Chat, o simplemente relajarse y discutir la \u00faltima serie de Netflix con un extra\u00f1o. Chatear con desconocidos es gratis, f\u00e1cil y divertido. \u00a1Nunca se sabe qui\u00e9n puede estar esper\u00e1ndote al otro lado de esa webcam!<\/p>\n<p>Todos necesitamos una actividad para animarnos, y ninguna actividad es mejor que hablar con otras personas y compartir experiencias con ellas<a href=\"https:\/\/nlcbplaywheresults.com\/\">.<\/a> Antes no era f\u00e1cil, pero ya no. StrangerCam te ofrece una excelente oportunidad para hablar con desconocidos de todo el mundo. \u00a1Join nosotros y divertirse!<\/p>\n<p>Si buscas conectar con gente nueva de forma an\u00f3nima, el videochat aleatorio es la mejor y m\u00e1s f\u00e1cil forma de hacerlo, y StrangerCam es el chat <a href=\"https:\/\/strangercam.com\/es\/bazoocam\/\">leva<\/a> que te llevar\u00e1 hasta all\u00ed. Hemos optimizado nuestra aplicaci\u00f3n para que elijas exactamente con qui\u00e9n quieres camuflarte: una forma nueva e innovadora de conectar con desconocidos.<\/p>\n<p>\u00bfA qu\u00e9 esperas? \u00a1\u00danete a Stranger Chat ahora!<\/p>\n<h2>Encontrar gente nueva en l\u00ednea con facilidad en StrangerCam<\/h2>\n<p>Encontrar gente nueva en Internet nunca fue tan f\u00e1cil.<\/p>\n<p>Encontrar gente nueva en <a href=\"https:\/\/strangercam.com\/es\/chatroulette\/\">Chatroulette<\/a> es divertido. StrangerCam es una plataforma en l\u00ednea. Permite a los usuarios chatear con desconocidos sin necesidad de registrarse. S\u00f3lo tiene la funci\u00f3n de webcam en el centro que permite a una persona iniciar un chat r\u00e1pidamente. Hay muchas opciones de chat disponibles en la plataforma. Puedes iniciar un chat en cuesti\u00f3n de segundos. S\u00f3lo tienes que abrir el sitio web, introducir tu sexo y seleccionar el pa\u00eds de tu elecci\u00f3n. Te encontraremos las posibles parejas que buscas.<\/p>\n<p>Tambi\u00e9n permite a los usuarios chatear y compartir informaci\u00f3n importante con personas seleccionadas. Los servicios son totalmente gratuitos y permiten a los usuarios encontrar desconocidos con intereses comunes. Los usuarios tambi\u00e9n pueden pulsar el bot\u00f3n de saltar si no les gusta chatear con ellos y pasar al siguiente. Todo lo que hacemos es para que nuestros clientes queden satisfechos de todas las formas posibles.<\/p>\n<h2>Selecci\u00f3n<\/h2>\n<p>Cada vez que abra el sitio web, se le presentar\u00e1n diferentes opciones entre las que elegir. Tendr\u00e1s la opci\u00f3n de seleccionar el sexo que prefieras. StrangerCam, a trav\u00e9s de su potente red de inteligencia artificial, encontrar\u00e1 tu pareja.<br \/>\nTener la facilidad de decidir tus opciones cada vez que usas la plataforma es fant\u00e1stico. Sientes que tienes todo el poder con quien quieres hablar y chatear para divertirte. Damos poder a nuestros clientes. No puedes hablar con nadie sin su consentimiento. Ambas partes tienen que seleccionar. Y se te emparejar\u00e1 si vuelves a seleccionar a alguien. Mientras ambas personas est\u00e9n de acuerdo en hablar entre s\u00ed, podr\u00e1n hablar sin restricciones ni preocupaciones.<\/p>\n<h2>Control de la informaci\u00f3n y facilidad para encontrar una posible pareja<\/h2>\n<p>Esperamos que ya hayas entendido casi todo sobre esta fant\u00e1stica plataforma de videochat para adultos. \u00a1Pero hay algo m\u00e1s importante que mencionar aqu\u00ed!<\/p>\n<p>No compartimos su informaci\u00f3n con nadie. Estamos aqu\u00ed para protegerle en todos los sentidos. Su informaci\u00f3n est\u00e1 segura con nosotros. No compartimos su informaci\u00f3n con nadie en absoluto.<\/p>\n<p>Del mismo modo, estamos aqu\u00ed para facilitarle las cosas. Nuestro sistema inteligente le ayuda a encontrar el tipo de persona que busca.<br \/>\nTienes muchas opciones para elegir. El mundo est\u00e1 abierto para ti. \u00a1Ve y coge lo que es tuyo!<\/p>","protected":false},"excerpt":{"rendered":"<p>Welcome to Stranger Chat. Join the Stranger Chat video chat app, making it easy to chat with random strangers anonymously. Stranger Chat offers video chat features including face masks, gender and country filters, private chat, and much more. Chat with random girls and boys online, anywhere in the world, instantaneously. Find a new friend, meet [&hellip;]<\/p>\n","protected":false},"author":6,"featured_media":0,"parent":0,"menu_order":0,"comment_status":"closed","ping_status":"closed","template":"","meta":{"footnotes":""},"class_list":["post-4887","page","type-page","status-publish","hentry"],"yoast_head":"<!-- This site is optimized with the Yoast SEO plugin v27.4 - https:\/\/yoast.com\/product\/yoast-seo-wordpress\/ -->\n<title>Stranger Chat - StrangerCam.com: Cam With Strangers<\/title>\n<meta name=\"description\" content=\"Stranger Chat anonymously with over 5.000.000 strangers. No Sign-Up Required! Cam with strangers on StrangerCam.com.\" \/>\n<meta name=\"robots\" content=\"index, follow, max-snippet:-1, max-image-preview:large, max-video-preview:-1\" \/>\n<link rel=\"canonical\" href=\"https:\/\/strangercam.com\/es\/chat-con-desconocidos\/\" \/>\n<meta property=\"og:locale\" content=\"es_ES\" \/>\n<meta property=\"og:type\" content=\"article\" \/>\n<meta property=\"og:title\" content=\"Stranger Chat - StrangerCam.com: Cam With Strangers\" \/>\n<meta property=\"og:description\" content=\"Stranger Chat anonymously with over 5.000.000 strangers. No Sign-Up Required! Cam with strangers on StrangerCam.com.\" \/>\n<meta property=\"og:url\" content=\"https:\/\/strangercam.com\/es\/chat-con-desconocidos\/\" \/>\n<meta property=\"og:site_name\" content=\"Strangercam\" \/>\n<meta property=\"article:publisher\" content=\"https:\/\/www.facebook.com\/strangercam\" \/>\n<meta property=\"article:modified_time\" content=\"2023-08-21T10:40:47+00:00\" \/>\n<meta property=\"og:image\" content=\"https:\/\/strangercam.com\/wp-content\/uploads\/2021\/10\/Untitled-2.png\" \/>\n\t<meta property=\"og:image:width\" content=\"800\" \/>\n\t<meta property=\"og:image:height\" content=\"532\" \/>\n\t<meta property=\"og:image:type\" content=\"image\/png\" \/>\n<meta name=\"twitter:card\" content=\"summary_large_image\" \/>\n<meta name=\"twitter:site\" content=\"@strangercamapp\" \/>\n<meta name=\"twitter:label1\" content=\"Tiempo de lectura\" \/>\n\t<meta name=\"twitter:data1\" content=\"3 minutos\" \/>\n<script type=\"application\/ld+json\" class=\"yoast-schema-graph\">{\"@context\":\"https:\\\/\\\/schema.org\",\"@graph\":[{\"@type\":\"WebPage\",\"@id\":\"https:\\\/\\\/strangercam.com\\\/stranger-chat\\\/\",\"url\":\"https:\\\/\\\/strangercam.com\\\/stranger-chat\\\/\",\"name\":\"Stranger Chat - StrangerCam.com: Cam With Strangers\",\"isPartOf\":{\"@id\":\"https:\\\/\\\/strangercam.com\\\/#website\"},\"datePublished\":\"2021-06-14T17:18:17+00:00\",\"dateModified\":\"2023-08-21T10:40:47+00:00\",\"description\":\"Stranger Chat anonymously with over 5.000.000 strangers. No Sign-Up Required! Cam with strangers on StrangerCam.com.\",\"breadcrumb\":{\"@id\":\"https:\\\/\\\/strangercam.com\\\/stranger-chat\\\/#breadcrumb\"},\"inLanguage\":\"es\",\"potentialAction\":[{\"@type\":\"ReadAction\",\"target\":[\"https:\\\/\\\/strangercam.com\\\/stranger-chat\\\/\"]}]},{\"@type\":\"BreadcrumbList\",\"@id\":\"https:\\\/\\\/strangercam.com\\\/stranger-chat\\\/#breadcrumb\",\"itemListElement\":[{\"@type\":\"ListItem\",\"position\":1,\"name\":\"Home\",\"item\":\"https:\\\/\\\/strangercam.com\\\/\"},{\"@type\":\"ListItem\",\"position\":2,\"name\":\"Stranger Chat\"}]},{\"@type\":\"WebSite\",\"@id\":\"https:\\\/\\\/strangercam.com\\\/#website\",\"url\":\"https:\\\/\\\/strangercam.com\\\/\",\"name\":\"Strangercam\",\"description\":\"Random Video Chat with Strangers\",\"publisher\":{\"@id\":\"https:\\\/\\\/strangercam.com\\\/#organization\"},\"alternateName\":\"Strangercam.com\",\"potentialAction\":[{\"@type\":\"SearchAction\",\"target\":{\"@type\":\"EntryPoint\",\"urlTemplate\":\"https:\\\/\\\/strangercam.com\\\/?s={search_term_string}\"},\"query-input\":{\"@type\":\"PropertyValueSpecification\",\"valueRequired\":true,\"valueName\":\"search_term_string\"}}],\"inLanguage\":\"es\"},{\"@type\":\"Organization\",\"@id\":\"https:\\\/\\\/strangercam.com\\\/#organization\",\"name\":\"Strangercam\",\"alternateName\":\"Strangercam.com\",\"url\":\"https:\\\/\\\/strangercam.com\\\/\",\"logo\":{\"@type\":\"ImageObject\",\"inLanguage\":\"es\",\"@id\":\"https:\\\/\\\/strangercam.com\\\/#\\\/schema\\\/logo\\\/image\\\/\",\"url\":\"https:\\\/\\\/strangercam.com\\\/wp-content\\\/uploads\\\/2020\\\/11\\\/cropped-new-favicon-black.png\",\"contentUrl\":\"https:\\\/\\\/strangercam.com\\\/wp-content\\\/uploads\\\/2020\\\/11\\\/cropped-new-favicon-black.png\",\"width\":512,\"height\":512,\"caption\":\"Strangercam\"},\"image\":{\"@id\":\"https:\\\/\\\/strangercam.com\\\/#\\\/schema\\\/logo\\\/image\\\/\"},\"sameAs\":[\"https:\\\/\\\/www.facebook.com\\\/strangercam\",\"https:\\\/\\\/x.com\\\/strangercamapp\"]}]}<\/script>\n<!-- \/ Yoast SEO plugin. -->","yoast_head_json":{"title":"Chat con desconocidos - StrangerCam.com: Cam Con Extra\u00f1os","description":"Chat an\u00f3nimo con m\u00e1s de 5.000.000 de desconocidos. No es necesario registrarse. Chatea con desconocidos en StrangerCam.com.","robots":{"index":"index","follow":"follow","max-snippet":"max-snippet:-1","max-image-preview":"max-image-preview:large","max-video-preview":"max-video-preview:-1"},"canonical":"https:\/\/strangercam.com\/es\/chat-con-desconocidos\/","og_locale":"es_ES","og_type":"article","og_title":"Stranger Chat - StrangerCam.com: Cam With Strangers","og_description":"Stranger Chat anonymously with over 5.000.000 strangers. No Sign-Up Required! Cam with strangers on StrangerCam.com.","og_url":"https:\/\/strangercam.com\/es\/chat-con-desconocidos\/","og_site_name":"Strangercam","article_publisher":"https:\/\/www.facebook.com\/strangercam","article_modified_time":"2023-08-21T10:40:47+00:00","og_image":[{"width":800,"height":532,"url":"https:\/\/strangercam.com\/wp-content\/uploads\/2021\/10\/Untitled-2.png","type":"image\/png"}],"twitter_card":"summary_large_image","twitter_site":"@strangercamapp","twitter_misc":{"Tiempo de lectura":"3 minutos"},"schema":{"@context":"https:\/\/schema.org","@graph":[{"@type":"WebPage","@id":"https:\/\/strangercam.com\/stranger-chat\/","url":"https:\/\/strangercam.com\/stranger-chat\/","name":"Chat con desconocidos - StrangerCam.com: Cam Con Extra\u00f1os","isPartOf":{"@id":"https:\/\/strangercam.com\/#website"},"datePublished":"2021-06-14T17:18:17+00:00","dateModified":"2023-08-21T10:40:47+00:00","description":"Chat an\u00f3nimo con m\u00e1s de 5.000.000 de desconocidos. No es necesario registrarse. Chatea con desconocidos en StrangerCam.com.","breadcrumb":{"@id":"https:\/\/strangercam.com\/stranger-chat\/#breadcrumb"},"inLanguage":"es","potentialAction":[{"@type":"ReadAction","target":["https:\/\/strangercam.com\/stranger-chat\/"]}]},{"@type":"BreadcrumbList","@id":"https:\/\/strangercam.com\/stranger-chat\/#breadcrumb","itemListElement":[{"@type":"ListItem","position":1,"name":"Home","item":"https:\/\/strangercam.com\/"},{"@type":"ListItem","position":2,"name":"Stranger Chat"}]},{"@type":"WebSite","@id":"https:\/\/strangercam.com\/#website","url":"https:\/\/strangercam.com\/","name":"Strangercam","description":"Videochat aleatorio con desconocidos","publisher":{"@id":"https:\/\/strangercam.com\/#organization"},"alternateName":"Strangercam.com","potentialAction":[{"@type":"SearchAction","target":{"@type":"EntryPoint","urlTemplate":"https:\/\/strangercam.com\/?s={search_term_string}"},"query-input":{"@type":"PropertyValueSpecification","valueRequired":true,"valueName":"search_term_string"}}],"inLanguage":"es"},{"@type":"Organization","@id":"https:\/\/strangercam.com\/#organization","name":"Strangercam","alternateName":"Strangercam.com","url":"https:\/\/strangercam.com\/","logo":{"@type":"ImageObject","inLanguage":"es","@id":"https:\/\/strangercam.com\/#\/schema\/logo\/image\/","url":"https:\/\/strangercam.com\/wp-content\/uploads\/2020\/11\/cropped-new-favicon-black.png","contentUrl":"https:\/\/strangercam.com\/wp-content\/uploads\/2020\/11\/cropped-new-favicon-black.png","width":512,"height":512,"caption":"Strangercam"},"image":{"@id":"https:\/\/strangercam.com\/#\/schema\/logo\/image\/"},"sameAs":["https:\/\/www.facebook.com\/strangercam","https:\/\/x.com\/strangercamapp"]}]}},"_links":{"self":[{"href":"https:\/\/strangercam.com\/es\/wp-json\/wp\/v2\/pages\/4887","targetHints":{"allow":["GET"]}}],"collection":[{"href":"https:\/\/strangercam.com\/es\/wp-json\/wp\/v2\/pages"}],"about":[{"href":"https:\/\/strangercam.com\/es\/wp-json\/wp\/v2\/types\/page"}],"author":[{"embeddable":true,"href":"https:\/\/strangercam.com\/es\/wp-json\/wp\/v2\/users\/6"}],"replies":[{"embeddable":true,"href":"https:\/\/strangercam.com\/es\/wp-json\/wp\/v2\/comments?post=4887"}],"version-history":[{"count":0,"href":"https:\/\/strangercam.com\/es\/wp-json\/wp\/v2\/pages\/4887\/revisions"}],"wp:attachment":[{"href":"https:\/\/strangercam.com\/es\/wp-json\/wp\/v2\/media?parent=4887"}],"curies":[{"name":"wp","href":"https:\/\/api.w.org\/{rel}","templated":true}]}}