{"id":4869,"date":"2025-09-23T11:15:28","date_gmt":"2025-09-23T09:15:28","guid":{"rendered":"https:\/\/strangercam.com\/?page_id=4869"},"modified":"2025-09-23T12:42:03","modified_gmt":"2025-09-23T10:42:03","slug":"donde-puedo-chatear-con-chicas-al-azar","status":"publish","type":"page","link":"https:\/\/strangercam.com\/es\/where-can-i-chat-with-random-girls\/","title":{"rendered":"D\u00f3nde puedo chatear con chicas al azar"},"content":{"rendered":"<p>Si te est\u00e1s preguntando: \"\u00bfD\u00f3nde puedo chatear con chicas al azar?\", no est\u00e1s solo. Cada mes, millones de personas buscan formas de conectar instant\u00e1neamente con chicas en l\u00ednea, ya sea para divertirse, flirtear ocasionalmente o hacer nuevas amistades en todo el mundo. \u00bfY la buena noticia? Es m\u00e1s f\u00e1cil que nunca encontrar plataformas seguras, gratuitas y reales en las que puedes chatear con chicas al azar sin largas inscripciones ni cargos ocultos.<\/p>\n<p>Con plataformas como StrangerCam, puedes empezar a chatear con chicas en cuesti\u00f3n de segundos. Sin descargas, sin perfiles, sin tarjetas de cr\u00e9dito: solo conversaciones genuinas con mujeres de todo el mundo que tambi\u00e9n buscan conectar.<\/p>\n<p>En esta gu\u00eda, cubriremos todo lo que necesitas saber: d\u00f3nde puedes chatear con chicas al azar, qu\u00e9 caracter\u00edsticas importan m\u00e1s, comparaciones de las mejores plataformas, testimonios reales, consejos de seguridad y por qu\u00e9 StrangerCam es una de las mejores opciones hoy en d\u00eda.<\/p>\n<h2>Por qu\u00e9 la gente quiere chatear con chicas al azar<\/h2>\n<p>La b\u00fasqueda de chat de chicas al azar ha crecido masivamente, y he aqu\u00ed por qu\u00e9:<\/p>\n<ul>\n<li>Alivio de la soledad y el aburrimiento: Hablar con chicas online ayuda a romper la rutina.<\/li>\n<li>Coqueteo casual: Muchos usuarios disfrutan de charlas desenfadadas sin presiones.<\/li>\n<li>Hacer amigos: Es una forma divertida de conocer gente fuera de tu c\u00edrculo.<\/li>\n<li>Experiencia global: Puedes conocer a mujeres de pa\u00edses que nunca has visitado.<\/li>\n<li>Conexiones reales: El v\u00eddeo en directo demuestra que est\u00e1s hablando con una persona real, no con un bot.<\/li>\n<\/ul>\n<h2>\u00bfD\u00f3nde se puede chatear con chicas al azar en l\u00ednea?<\/h2>\n<p>Hay muchas plataformas que te permiten chatear con chicas al azar, algunas gratuitas y otras de pago. Estos son los principales tipos:<\/p>\n<h3>1. Sitios de chat de v\u00eddeo aleatorios<\/h3>\n<p>Sitios web en los que enciendes tu webcam y te emparejan instant\u00e1neamente con una chica. Ejemplos: StrangerCam, <a href=\"https:\/\/strangercam.com\/es\/chatroulette\/\">Chatroulette<\/a>, Shagle.<\/p>\n<h3>2. Aplicaciones de chat con filtros de g\u00e9nero<\/h3>\n<p>Aplicaciones m\u00f3viles como <a href=\"https:\/\/strangercam.com\/es\/ometv\/\">OmeTV<\/a> o Chatrandom permiten chats aleatorios, pero suelen cobrar por los filtros femeninos.<\/p>\n<h3>3. Plataformas de v\u00eddeo de pago orientadas a las citas<\/h3>\n<p>Sitios como <a href=\"https:\/\/strangercam.com\/es\/coomeet\/\">CooMeet<\/a> o LuckyCrush se especializan en que los hombres conozcan mujeres, pero exigen el pago tras breves pruebas.<\/p>\n<h3>4. Plataformas gratuitas sin registro<\/h3>\n<p>StrangerCam es una de las \u00fanicas plataformas que te permite chatear gratis con chicas al azar sin necesidad de registrarte.<\/p>\n<h2>Qu\u00e9 caracter\u00edsticas importan m\u00e1s<\/h2>\n<p>A la hora de decidir d\u00f3nde chatear con chicas al azar, esto es lo que debes buscar:<\/p>\n<ul>\n<li>Filtro de g\u00e9nero libre - De lo contrario, puede que te emparejen con hombres al azar.<\/li>\n<li>No es necesario registrarse - Las mejores plataformas te permiten registrarte al instante.<\/li>\n<li>Opciones de videoconferencia: ver a alguien en <a href=\"https:\/\/strangercam.com\/es\/bazoocam\/\">leva<\/a> asegura que son reales.<\/li>\n<li>Moderaci\u00f3n e informes - Mantiene la experiencia segura y respetuosa.<\/li>\n<li>Compatible con dispositivos m\u00f3viles y de sobremesa: funciona est\u00e9s donde est\u00e9s.<\/li>\n<li>Alcance mundial - Una amplia base de usuarias garantiza la variedad.<\/li>\n<\/ul>\n<h2>Las mejores plataformas para chatear con chicas al azar en 2025<\/h2>\n<p>Aqu\u00ed tienes una comparativa de las plataformas m\u00e1s populares en las que puedes chatear con chicas al azar:<\/p>\n<table>\n<thead>\n<tr>\n<th>Plataforma<\/th>\n<th align=\"center\">Acceso gratuito<\/th>\n<th align=\"center\">Filtro de g\u00e9nero<\/th>\n<th align=\"center\">Se necesita inscripci\u00f3n<\/th>\n<th align=\"center\">Asistencia m\u00f3vil<\/th>\n<th align=\"center\">Moderaci\u00f3n<\/th>\n<th>Notas<\/th>\n<\/tr>\n<\/thead>\n<tbody>\n<tr>\n<td>StrangerCam<\/td>\n<td align=\"center\">\u2705<\/td>\n<td align=\"center\">\u2705 (Gratis)<\/td>\n<td align=\"center\">\u274c<\/td>\n<td align=\"center\">\u2705<\/td>\n<td align=\"center\">\u2705<\/td>\n<td>La mejor opci\u00f3n, filtro de chicas real y gratuito<\/td>\n<\/tr>\n<tr>\n<td>Chatroulette<\/td>\n<td align=\"center\">\u2705<\/td>\n<td align=\"center\">\u274c (de pago)<\/td>\n<td align=\"center\">\u274c<\/td>\n<td align=\"center\">\u2705<\/td>\n<td align=\"center\">\u2705<\/td>\n<td>Cl\u00e1sico, pero sin filtros gratuitos<\/td>\n<\/tr>\n<tr>\n<td>Chatrandom<\/td>\n<td align=\"center\">\u2705<\/td>\n<td align=\"center\">\u274c (de pago)<\/td>\n<td align=\"center\">\u274c<\/td>\n<td align=\"center\">\u2705<\/td>\n<td align=\"center\">\u2705<\/td>\n<td>Popular, pero exige mejoras<\/td>\n<\/tr>\n<tr>\n<td>Shagle<\/td>\n<td align=\"center\">\u2705<\/td>\n<td align=\"center\">\u274c (de pago)<\/td>\n<td align=\"center\">\u274c<\/td>\n<td align=\"center\">\u2705<\/td>\n<td align=\"center\">\u2705<\/td>\n<td>Inicio gratuito, pero filtros limitados<\/td>\n<\/tr>\n<tr>\n<td>CooMeet<\/td>\n<td align=\"center\">\u274c (Prueba)<\/td>\n<td align=\"center\">\u2705<\/td>\n<td align=\"center\">\u2705<\/td>\n<td align=\"center\">\u2705<\/td>\n<td align=\"center\">\u2705<\/td>\n<td>De pago, centrado en el encuentro entre hombres y mujeres<\/td>\n<\/tr>\n<tr>\n<td>LuckyCrush<\/td>\n<td align=\"center\">\u274c<\/td>\n<td align=\"center\">\u2705<\/td>\n<td align=\"center\">\u2705<\/td>\n<td align=\"center\">\u2705<\/td>\n<td align=\"center\">\u2705<\/td>\n<td>Charlas siempre remuneradas y espec\u00edficas para cada sexo<\/td>\n<\/tr>\n<\/tbody>\n<\/table>\n<p>StrangerCam es una de las \u00fanicas plataformas que ofrece un filtro de g\u00e9nero gratuito para que puedas chatear con chicas al azar al instante, sin registrarte ni pagar.<\/p>\n<h2>Por qu\u00e9 StrangerCam es la mejor opci\u00f3n<\/h2>\n<p>He aqu\u00ed por qu\u00e9 StrangerCam es una de las mejores respuestas a \"\u00bfD\u00f3nde puedo chatear con chicas al azar?\":<\/p>\n<h3>1. Es 100% Libre<\/h3>\n<p>Sin pruebas ni cr\u00e9ditos, s\u00f3lo chats ilimitados.<\/p>\n<h3>2. Filtro de g\u00e9nero gratuito<\/h3>\n<p>A diferencia de la mayor\u00eda de los sitios, no necesitas pagar m\u00e1s para conectar con chicas.<\/p>\n<h3>3. No es necesario inscribirse<\/h3>\n<p>Permanezca en el anonimato y con\u00e9ctese al instante.<\/p>\n<h3>4. Seguro y moderado<\/h3>\n<p>M\u00e1s seguridad que <a href=\"https:\/\/strangercam.com\/es\/omegle\/\">Omegle<\/a> que jam\u00e1s haya tenido.<\/p>\n<h3>5. Preparado para m\u00f3vil y escritorio<\/h3>\n<p>Funciona sin problemas en cualquier dispositivo.<\/p>\n<h3>6. Diversa base de usuarias<\/h3>\n<p>Conoce a chicas de m\u00e1s de 100 pa\u00edses.<\/p>\n<h2>Testimonios de usuarios reales<\/h2>\n<blockquote><p><em>\"Buscaba un sitio donde pudiera chatear con chicas al azar sin pagar. StrangerCam fue el \u00fanico sitio que realmente cumpli\u00f3\".<\/em><br \/>\n- Daniel, 29 a\u00f1os<\/p><\/blockquote>\n<blockquote><p><em>\"El filtro de g\u00e9nero es gratuito y funciona perfectamente. Conoc\u00ed a chicas de tres pa\u00edses en una sola noche\".<\/em><br \/>\n- Sof\u00eda, 22 a\u00f1os<\/p><\/blockquote>\n<blockquote><p><em>\"La mayor\u00eda de las aplicaciones te obligan a actualizar, pero StrangerCam es realmente gratis\".<\/em><br \/>\n- Ryan, 31 a\u00f1os<\/p><\/blockquote>\n<blockquote><p><em>\"Me siento segura y sencilla. Me gusta poder saltar en cualquier momento\".<\/em><br \/>\n- Emma, 20 a\u00f1os<\/p><\/blockquote>\n<h2>Consejos de seguridad para chatear con chicas al azar<\/h2>\n<p>Cuando utilices plataformas para chatear con chicas en l\u00ednea, sigue siempre estas normas de seguridad:<\/p>\n<ul>\n<li>Nunca compartas informaci\u00f3n personal (como tu n\u00famero de tel\u00e9fono o tu direcci\u00f3n).<\/li>\n<li>Omite o bloquea a cualquiera que te incomode.<\/li>\n<li>No hagas clic en enlaces compartidos por desconocidos.<\/li>\n<li>Comprueba tus antecedentes antes de encender la webcam.<\/li>\n<li>Utiliza apodos, no tu nombre real.<\/li>\n<li>Respeta las normas de edad de la plataforma: evita chatear con adultos si tienes menos de 18 a\u00f1os.<\/li>\n<\/ul>\n<h2>C\u00f3mo empezar - Paso a paso<\/h2>\n<p>S\u00f3lo se tarda un minuto en empezar a chatear con chicas al azar:<\/p>\n<ol>\n<li>Abre StrangerCam en tu navegador o dispositivo.<\/li>\n<li>Permitir el acceso a la c\u00e1mara y al micr\u00f3fono.<\/li>\n<li>Seleccione el filtro de g\u00e9nero (ni\u00f1as).<\/li>\n<li>Haz clic en Iniciar chat para conectarte al instante.<\/li>\n<li>Pulsa Siguiente en cualquier momento para conocer a alguien nuevo.<\/li>\n<\/ol>\n<p>R\u00e1pido, gratuito y divertido.<\/p>\n<p>Si te has estado preguntando \"\u00bfD\u00f3nde puedo chatear con chicas al azar?\", la respuesta es sencilla: en 2025, plataformas como StrangerCam lo hacen posible, al instante y gratis. A diferencia de otros servicios que bloquean los filtros de g\u00e9nero tras muros de pago u obligan a registrarse, StrangerCam te permite conectar con chicas reales de todo el mundo en cuesti\u00f3n de segundos.<\/p>\n<p>\u00bfListo para empezar? Prueba un chat aleatorio gratis con chicas hoy mismo y descubre a qui\u00e9n conocer\u00e1s despu\u00e9s.<\/p>","protected":false},"excerpt":{"rendered":"<p>If you\u2019re asking yourself, \u201cWhere can I chat with random girls?\u201d, you\u2019re not alone. Every month, millions of people search for ways to instantly connect with girls online\u2014whether for fun, casual flirting, or making new friends across the globe. The good news? It&#8217;s easier than ever to find safe, free, and real platforms where you [&hellip;]<\/p>\n","protected":false},"author":8,"featured_media":0,"parent":0,"menu_order":0,"comment_status":"closed","ping_status":"closed","template":"","meta":{"footnotes":""},"class_list":["post-4869","page","type-page","status-publish","hentry"],"yoast_head":"<!-- This site is optimized with the Yoast SEO plugin v27.4 - https:\/\/yoast.com\/product\/yoast-seo-wordpress\/ -->\n<title>Where Can I Chat With Random Girls on Strangercam.com<\/title>\n<meta name=\"description\" content=\"Liking Where Can I Chat With Random Girls? Join millions on StrangerCam.com! Start a random video chat, turn on your cam, and meet strangers instantly.\" \/>\n<meta name=\"robots\" content=\"index, follow, max-snippet:-1, max-image-preview:large, max-video-preview:-1\" \/>\n<link rel=\"canonical\" href=\"https:\/\/strangercam.com\/es\/donde-puedo-chatear-con-chicas-al-azar\/\" \/>\n<meta property=\"og:locale\" content=\"es_ES\" \/>\n<meta property=\"og:type\" content=\"article\" \/>\n<meta property=\"og:title\" content=\"Where Can I Chat With Random Girls on Strangercam.com\" \/>\n<meta property=\"og:description\" content=\"Liking Where Can I Chat With Random Girls? Join millions on StrangerCam.com! Start a random video chat, turn on your cam, and meet strangers instantly.\" \/>\n<meta property=\"og:url\" content=\"https:\/\/strangercam.com\/es\/donde-puedo-chatear-con-chicas-al-azar\/\" \/>\n<meta property=\"og:site_name\" content=\"Strangercam\" \/>\n<meta property=\"article:publisher\" content=\"https:\/\/www.facebook.com\/strangercam\" \/>\n<meta property=\"article:modified_time\" content=\"2025-09-23T10:42:03+00:00\" \/>\n<meta property=\"og:image\" content=\"https:\/\/strangercam.com\/wp-content\/uploads\/2021\/10\/Untitled-2.png\" \/>\n\t<meta property=\"og:image:width\" content=\"800\" \/>\n\t<meta property=\"og:image:height\" content=\"532\" \/>\n\t<meta property=\"og:image:type\" content=\"image\/png\" \/>\n<meta name=\"twitter:card\" content=\"summary_large_image\" \/>\n<meta name=\"twitter:site\" content=\"@strangercamapp\" \/>\n<meta name=\"twitter:label1\" content=\"Tiempo de lectura\" \/>\n\t<meta name=\"twitter:data1\" content=\"4 minutos\" \/>\n<script type=\"application\/ld+json\" class=\"yoast-schema-graph\">{\"@context\":\"https:\\\/\\\/schema.org\",\"@graph\":[{\"@type\":\"WebPage\",\"@id\":\"https:\\\/\\\/strangercam.com\\\/where-can-i-chat-with-random-girls\\\/\",\"url\":\"https:\\\/\\\/strangercam.com\\\/where-can-i-chat-with-random-girls\\\/\",\"name\":\"Where Can I Chat With Random Girls on Strangercam.com\",\"isPartOf\":{\"@id\":\"https:\\\/\\\/strangercam.com\\\/#website\"},\"datePublished\":\"2025-09-23T09:15:28+00:00\",\"dateModified\":\"2025-09-23T10:42:03+00:00\",\"description\":\"Liking Where Can I Chat With Random Girls? Join millions on StrangerCam.com! Start a random video chat, turn on your cam, and meet strangers instantly.\",\"breadcrumb\":{\"@id\":\"https:\\\/\\\/strangercam.com\\\/where-can-i-chat-with-random-girls\\\/#breadcrumb\"},\"inLanguage\":\"es\",\"potentialAction\":[{\"@type\":\"ReadAction\",\"target\":[\"https:\\\/\\\/strangercam.com\\\/where-can-i-chat-with-random-girls\\\/\"]}]},{\"@type\":\"BreadcrumbList\",\"@id\":\"https:\\\/\\\/strangercam.com\\\/where-can-i-chat-with-random-girls\\\/#breadcrumb\",\"itemListElement\":[{\"@type\":\"ListItem\",\"position\":1,\"name\":\"Home\",\"item\":\"https:\\\/\\\/strangercam.com\\\/\"},{\"@type\":\"ListItem\",\"position\":2,\"name\":\"Where Can I Chat With Random Girls\"}]},{\"@type\":\"WebSite\",\"@id\":\"https:\\\/\\\/strangercam.com\\\/#website\",\"url\":\"https:\\\/\\\/strangercam.com\\\/\",\"name\":\"Strangercam\",\"description\":\"Random Video Chat with Strangers\",\"publisher\":{\"@id\":\"https:\\\/\\\/strangercam.com\\\/#organization\"},\"alternateName\":\"Strangercam.com\",\"potentialAction\":[{\"@type\":\"SearchAction\",\"target\":{\"@type\":\"EntryPoint\",\"urlTemplate\":\"https:\\\/\\\/strangercam.com\\\/?s={search_term_string}\"},\"query-input\":{\"@type\":\"PropertyValueSpecification\",\"valueRequired\":true,\"valueName\":\"search_term_string\"}}],\"inLanguage\":\"es\"},{\"@type\":\"Organization\",\"@id\":\"https:\\\/\\\/strangercam.com\\\/#organization\",\"name\":\"Strangercam\",\"alternateName\":\"Strangercam.com\",\"url\":\"https:\\\/\\\/strangercam.com\\\/\",\"logo\":{\"@type\":\"ImageObject\",\"inLanguage\":\"es\",\"@id\":\"https:\\\/\\\/strangercam.com\\\/#\\\/schema\\\/logo\\\/image\\\/\",\"url\":\"https:\\\/\\\/strangercam.com\\\/wp-content\\\/uploads\\\/2020\\\/11\\\/cropped-new-favicon-black.png\",\"contentUrl\":\"https:\\\/\\\/strangercam.com\\\/wp-content\\\/uploads\\\/2020\\\/11\\\/cropped-new-favicon-black.png\",\"width\":512,\"height\":512,\"caption\":\"Strangercam\"},\"image\":{\"@id\":\"https:\\\/\\\/strangercam.com\\\/#\\\/schema\\\/logo\\\/image\\\/\"},\"sameAs\":[\"https:\\\/\\\/www.facebook.com\\\/strangercam\",\"https:\\\/\\\/x.com\\\/strangercamapp\"]}]}<\/script>\n<!-- \/ Yoast SEO plugin. -->","yoast_head_json":{"title":"\u00bfD\u00f3nde puedo chatear con chicas al azar en Strangercam.com","description":"Liking \u00bfD\u00f3nde puedo chatear con chicas al azar? \u00a1Join millones en StrangerCam.com! Iniciar un chat de v\u00eddeo al azar, encienda la c\u00e1mara, y conocer a extra\u00f1os al instante.","robots":{"index":"index","follow":"follow","max-snippet":"max-snippet:-1","max-image-preview":"max-image-preview:large","max-video-preview":"max-video-preview:-1"},"canonical":"https:\/\/strangercam.com\/es\/donde-puedo-chatear-con-chicas-al-azar\/","og_locale":"es_ES","og_type":"article","og_title":"Where Can I Chat With Random Girls on Strangercam.com","og_description":"Liking Where Can I Chat With Random Girls? Join millions on StrangerCam.com! Start a random video chat, turn on your cam, and meet strangers instantly.","og_url":"https:\/\/strangercam.com\/es\/donde-puedo-chatear-con-chicas-al-azar\/","og_site_name":"Strangercam","article_publisher":"https:\/\/www.facebook.com\/strangercam","article_modified_time":"2025-09-23T10:42:03+00:00","og_image":[{"width":800,"height":532,"url":"https:\/\/strangercam.com\/wp-content\/uploads\/2021\/10\/Untitled-2.png","type":"image\/png"}],"twitter_card":"summary_large_image","twitter_site":"@strangercamapp","twitter_misc":{"Tiempo de lectura":"4 minutos"},"schema":{"@context":"https:\/\/schema.org","@graph":[{"@type":"WebPage","@id":"https:\/\/strangercam.com\/where-can-i-chat-with-random-girls\/","url":"https:\/\/strangercam.com\/where-can-i-chat-with-random-girls\/","name":"\u00bfD\u00f3nde puedo chatear con chicas al azar en Strangercam.com","isPartOf":{"@id":"https:\/\/strangercam.com\/#website"},"datePublished":"2025-09-23T09:15:28+00:00","dateModified":"2025-09-23T10:42:03+00:00","description":"Liking \u00bfD\u00f3nde puedo chatear con chicas al azar? \u00a1Join millones en StrangerCam.com! Iniciar un chat de v\u00eddeo al azar, encienda la c\u00e1mara, y conocer a extra\u00f1os al instante.","breadcrumb":{"@id":"https:\/\/strangercam.com\/where-can-i-chat-with-random-girls\/#breadcrumb"},"inLanguage":"es","potentialAction":[{"@type":"ReadAction","target":["https:\/\/strangercam.com\/where-can-i-chat-with-random-girls\/"]}]},{"@type":"BreadcrumbList","@id":"https:\/\/strangercam.com\/where-can-i-chat-with-random-girls\/#breadcrumb","itemListElement":[{"@type":"ListItem","position":1,"name":"Home","item":"https:\/\/strangercam.com\/"},{"@type":"ListItem","position":2,"name":"Where Can I Chat With Random Girls"}]},{"@type":"WebSite","@id":"https:\/\/strangercam.com\/#website","url":"https:\/\/strangercam.com\/","name":"Strangercam","description":"Videochat aleatorio con desconocidos","publisher":{"@id":"https:\/\/strangercam.com\/#organization"},"alternateName":"Strangercam.com","potentialAction":[{"@type":"SearchAction","target":{"@type":"EntryPoint","urlTemplate":"https:\/\/strangercam.com\/?s={search_term_string}"},"query-input":{"@type":"PropertyValueSpecification","valueRequired":true,"valueName":"search_term_string"}}],"inLanguage":"es"},{"@type":"Organization","@id":"https:\/\/strangercam.com\/#organization","name":"Strangercam","alternateName":"Strangercam.com","url":"https:\/\/strangercam.com\/","logo":{"@type":"ImageObject","inLanguage":"es","@id":"https:\/\/strangercam.com\/#\/schema\/logo\/image\/","url":"https:\/\/strangercam.com\/wp-content\/uploads\/2020\/11\/cropped-new-favicon-black.png","contentUrl":"https:\/\/strangercam.com\/wp-content\/uploads\/2020\/11\/cropped-new-favicon-black.png","width":512,"height":512,"caption":"Strangercam"},"image":{"@id":"https:\/\/strangercam.com\/#\/schema\/logo\/image\/"},"sameAs":["https:\/\/www.facebook.com\/strangercam","https:\/\/x.com\/strangercamapp"]}]}},"_links":{"self":[{"href":"https:\/\/strangercam.com\/es\/wp-json\/wp\/v2\/pages\/4869","targetHints":{"allow":["GET"]}}],"collection":[{"href":"https:\/\/strangercam.com\/es\/wp-json\/wp\/v2\/pages"}],"about":[{"href":"https:\/\/strangercam.com\/es\/wp-json\/wp\/v2\/types\/page"}],"author":[{"embeddable":true,"href":"https:\/\/strangercam.com\/es\/wp-json\/wp\/v2\/users\/8"}],"replies":[{"embeddable":true,"href":"https:\/\/strangercam.com\/es\/wp-json\/wp\/v2\/comments?post=4869"}],"version-history":[{"count":2,"href":"https:\/\/strangercam.com\/es\/wp-json\/wp\/v2\/pages\/4869\/revisions"}],"predecessor-version":[{"id":13042,"href":"https:\/\/strangercam.com\/es\/wp-json\/wp\/v2\/pages\/4869\/revisions\/13042"}],"wp:attachment":[{"href":"https:\/\/strangercam.com\/es\/wp-json\/wp\/v2\/media?parent=4869"}],"curies":[{"name":"wp","href":"https:\/\/api.w.org\/{rel}","templated":true}]}}