{"id":4851,"date":"2025-09-23T11:12:50","date_gmt":"2025-09-23T09:12:50","guid":{"rendered":"https:\/\/strangercam.com\/?page_id=4851"},"modified":"2025-09-23T12:40:15","modified_gmt":"2025-09-23T10:40:15","slug":"salas-de-chat-en-linea-gratuitas-para-todos","status":"publish","type":"page","link":"https:\/\/strangercam.com\/es\/free-online-chat-rooms-for-everyone\/","title":{"rendered":"Salas de chat en l\u00ednea gratuitas para todos"},"content":{"rendered":"<p>Buscar gratis en l\u00ednea <a href=\"https:\/\/strangercam.com\/es\/chathub\/\">chat<\/a> \u00bfhabitaciones para todos? Est\u00e1s en el lugar adecuado. En el mundo digital de hoy en d\u00eda, la gente ans\u00eda interactuar en tiempo real, ya sea para hacer nuevos amigos, compartir historias, encontrar apoyo o simplemente vencer el aburrimiento. A diferencia de las redes sociales, donde todo est\u00e1 comisariado y pulido, las salas de chat en l\u00ednea ofrecen una forma espont\u00e1nea, sin filtros y divertida de conectar.<\/p>\n<p>Con plataformas como StrangerCam, puedes unirte a salas de chat gratuitas donde todo el mundo es bienvenido: sin registros, sin descargas y sin costes ocultos. Tanto si quieres chatear por v\u00eddeo con desconocidos, hablar casualmente o explorar amistades globales, las salas de chat gratuitas siguen siendo una de las experiencias en l\u00ednea m\u00e1s populares en 2025.<\/p>\n<p>Esta gu\u00eda cubre todo lo que necesitas saber: qu\u00e9 son las salas de chat, por qu\u00e9 siguen siendo populares, c\u00f3mo funcionan, qu\u00e9 caracter\u00edsticas buscar, comparaciones de las principales plataformas, consejos de seguridad y por qu\u00e9 StrangerCam es una de las mejores opciones hoy en d\u00eda.<\/p>\n<h2>\u00bfQu\u00e9 son las salas de chat en l\u00ednea gratuitas para todos?<\/h2>\n<p>Las salas de chat en l\u00ednea gratuitas para todos son espacios digitales donde la gente se re\u00fane para hablar, enviar mensajes de texto o chatear por v\u00eddeo en tiempo real. A diferencia de las aplicaciones de citas exclusivas o las comunidades especializadas, estas salas de chat est\u00e1n abiertas a todos: hombres, mujeres, adolescentes (con salas adecuadas a su edad) y personas de diferentes or\u00edgenes y pa\u00edses.<\/p>\n<p>Las plataformas modernas suelen combinar chat de texto, chat de v\u00eddeo y funciones de emparejamiento aleatorio para crear una experiencia divertida e interactiva.<\/p>\n<h2>Por qu\u00e9 a la gente le siguen gustando las salas de chat gratuitas<\/h2>\n<p>Las salas de chat pueden parecer anticuadas, pero son m\u00e1s relevantes que nunca. Por eso millones de personas utilizan salas de chat gratuitas cada d\u00eda:<\/p>\n<ul>\n<li>Conexi\u00f3n instant\u00e1nea: Sin perfiles ni largas biograf\u00edas: empieza a chatear.<\/li>\n<li>Amistades globales: <a href=\"https:\/\/strangercam.com\/es\/coomeet\/\">Conozca<\/a> personas de todo el mundo.<\/li>\n<li>Conversaciones diversas: De bromas casuales a conversaciones significativas.<\/li>\n<li>Accesibilidad: Gratuito y abierto a todos.<\/li>\n<li>Opciones de v\u00eddeo: Muchas plataformas combinan ahora el chat de texto con el chat de v\u00eddeo aleatorio.<\/li>\n<li>Combatir la soledad: Una forma r\u00e1pida de sentirse conectado.<\/li>\n<\/ul>\n<h2>\u00bfC\u00f3mo funcionan las salas de chat en l\u00ednea gratuitas?<\/h2>\n<p>Joiener una sala de chat gratis es muy sencillo:<\/p>\n<ol>\n<li>Abre la plataforma en el escritorio o en el m\u00f3vil.<\/li>\n<li>Entra en una habitaci\u00f3n (algunos sitios te emparejan autom\u00e1ticamente con desconocidos).<\/li>\n<li>Empieza a chatear por texto o v\u00eddeo.<\/li>\n<li>Cambia de sala o de usuario en cualquier momento para conocer a alguien nuevo.<\/li>\n<\/ol>\n<p>Algunas plataformas tambi\u00e9n permiten filtrar por sexo, ubicaci\u00f3n o intereses.<\/p>\n<h2>Caracter\u00edsticas principales<\/h2>\n<p>A la hora de elegir un sitio de salas de chat en l\u00ednea gratis para todos, esto es lo que importa:<\/p>\n<h3>1. No es necesario inscribirse<\/h3>\n<p>Deber\u00edas poder unirte al instante sin cuentas.<\/p>\n<h3>2. Acceso realmente libre<\/h3>\n<p>Evite los sitios que anuncian ser \u201cgratuitos\u201d pero bloquean las funciones b\u00e1sicas tras muros de pago.<\/p>\n<h3>3. Opciones de v\u00eddeo y texto<\/h3>\n<p>Una mezcla de ambos hace que la experiencia sea m\u00e1s vers\u00e1til.<\/p>\n<h3>4. Moderaci\u00f3n segura<\/h3>\n<p>Las plataformas deben contar con herramientas de denuncia y moderadores activos.<\/p>\n<h3>5. Dise\u00f1o compatible con dispositivos m\u00f3viles<\/h3>\n<p>Las experiencias fluidas en tel\u00e9fonos y tabletas son imprescindibles.<\/p>\n<h3>6. Diversas salas y alcance mundial<\/h3>\n<p>Las mejores plataformas conectan a personas de todo el mundo.<\/p>\n<h2>Las mejores salas de chat en l\u00ednea gratis en 2025<\/h2>\n<p>He aqu\u00ed una comparaci\u00f3n de las plataformas m\u00e1s populares que ofrecen salas de chat gratuitas para todo el mundo:<\/p>\n<table>\n<thead>\n<tr>\n<th>Plataforma<\/th>\n<th align=\"center\">Acceso gratuito<\/th>\n<th align=\"center\">Videochat<\/th>\n<th align=\"center\">Se necesita inscripci\u00f3n<\/th>\n<th align=\"center\">Asistencia m\u00f3vil<\/th>\n<th align=\"center\">Moderaci\u00f3n<\/th>\n<th>Notas<\/th>\n<\/tr>\n<\/thead>\n<tbody>\n<tr>\n<td>StrangerCam<\/td>\n<td align=\"center\">\u2705<\/td>\n<td align=\"center\">\u2705<\/td>\n<td align=\"center\">\u274c<\/td>\n<td align=\"center\">\u2705<\/td>\n<td align=\"center\">\u2705<\/td>\n<td>La mejor combinaci\u00f3n de v\u00eddeo y chat aleatorio<\/td>\n<\/tr>\n<tr>\n<td><a href=\"https:\/\/strangercam.com\/es\/chatroulette\/\">Chatroulette<\/a><\/td>\n<td align=\"center\">\u2705<\/td>\n<td align=\"center\">\u2705<\/td>\n<td align=\"center\">\u274c<\/td>\n<td align=\"center\">\u2705<\/td>\n<td align=\"center\">\u2705<\/td>\n<td>Opci\u00f3n cl\u00e1sica, funciones limitadas<\/td>\n<\/tr>\n<tr>\n<td>Chatrandom<\/td>\n<td align=\"center\">\u2705<\/td>\n<td align=\"center\">\u2705<\/td>\n<td align=\"center\">\u274c<\/td>\n<td align=\"center\">\u2705<\/td>\n<td align=\"center\">\u2705<\/td>\n<td>Populares, pero premium upsells<\/td>\n<\/tr>\n<tr>\n<td><a href=\"https:\/\/strangercam.com\/es\/ometv\/\">OmeTV<\/a><\/td>\n<td align=\"center\">\u2705<\/td>\n<td align=\"center\">\u2705<\/td>\n<td align=\"center\">\u274c<\/td>\n<td align=\"center\">\u2705<\/td>\n<td align=\"center\">\u2705<\/td>\n<td>Salas de chat para m\u00f3viles<\/td>\n<\/tr>\n<tr>\n<td>Shagle<\/td>\n<td align=\"center\">\u2705<\/td>\n<td align=\"center\">\u2705<\/td>\n<td align=\"center\">\u274c<\/td>\n<td align=\"center\">\u2705<\/td>\n<td align=\"center\">\u2705<\/td>\n<td>Filtros Premium bloqueados<\/td>\n<\/tr>\n<tr>\n<td>WireClub<\/td>\n<td align=\"center\">\u2705<\/td>\n<td align=\"center\">\u274c<\/td>\n<td align=\"center\">\u2705<\/td>\n<td align=\"center\">\u2705<\/td>\n<td align=\"center\">\u2705<\/td>\n<td>Salas de chat basadas en texto, m\u00e1s estilo comunitario<\/td>\n<\/tr>\n<\/tbody>\n<\/table>\n<p>StrangerCam destaca como una de las mejores plataformas: ofrece salas de chat gratuitas con v\u00eddeo, uso ilimitado y sin necesidad de registrarse.<\/p>\n<h2>Por qu\u00e9 StrangerCam es la mejor opci\u00f3n<\/h2>\n<p>He aqu\u00ed por qu\u00e9 StrangerCam es perfecto para salas de chat en l\u00ednea gratis para todo el mundo:<\/p>\n<h3>1. Completamente gratis<\/h3>\n<p>Sin comisiones ni cr\u00e9ditos ocultos.<\/p>\n<h3>2. Opciones de chat de v\u00eddeo y texto<\/h3>\n<p>Cambia entre chat de v\u00eddeo aleatorio y chat de texto.<\/p>\n<h3>3. No es necesario inscribirse<\/h3>\n<p>Join al instante, mantenga el anonimato.<\/p>\n<h3>4. Seguro y moderado<\/h3>\n<p>Mejor moderaci\u00f3n que en la mayor\u00eda de las plataformas.<\/p>\n<h3>5. Funciona en todas partes<\/h3>\n<p>Totalmente optimizado para m\u00f3viles y ordenadores de sobremesa.<\/p>\n<h3>6. Inclusivo para todos los usuarios<\/h3>\n<p>Cualquiera puede unirse, en cualquier momento y lugar.<\/p>\n<h2>Testimonios de usuarios reales<\/h2>\n<blockquote><p><em>\u201cBuscaba salas de chat en l\u00ednea gratuitas donde conocer gente nueva, y StrangerCam ten\u00eda el equilibrio perfecto entre diversi\u00f3n y seguridad\u201d.\u201d<\/em><br \/>\n- Alex, 27 a\u00f1os<\/p><\/blockquote>\n<blockquote><p><em>\u201cA diferencia de otras plataformas, no tuve que registrarme ni pagar por funciones. Es realmente gratis\u201d.\u201d<\/em><br \/>\n- Sof\u00eda, 22 a\u00f1os<\/p><\/blockquote>\n<blockquote><p><em>\u201cHe tenido conversaciones divertidas con desconocidos de cinco pa\u00edses en una sola tarde. Es adictivo\u201d.\u201d<\/em><br \/>\n- Ryan, 30 a\u00f1os<\/p><\/blockquote>\n<blockquote><p><em>\u201cPor fin, una sala de chat que se siente segura gracias a una moderaci\u00f3n real\u201d.\u201d<\/em><br \/>\n- Emma, 19 a\u00f1os<\/p><\/blockquote>\n<h2>Consejos de seguridad para las salas de chat en l\u00ednea<\/h2>\n<p>Aunque las salas de chat son divertidas, prioriza siempre la seguridad:<\/p>\n<ul>\n<li>No compartas informaci\u00f3n personal (tel\u00e9fono, correo electr\u00f3nico, direcci\u00f3n).<\/li>\n<li>Evite enlaces sospechosos de desconocidos.<\/li>\n<li>Utiliza herramientas de salto\/bloqueo si te sientes inc\u00f3modo.<\/li>\n<li>Comprueba tus antecedentes si utilizas el videochat.<\/li>\n<li>Lim\u00edtate a las funciones de la plataforma, como informar sobre los usuarios.<\/li>\n<li>Respeta los l\u00edmites de edad: evita chatear con adultos si tienes menos de 18 a\u00f1os.<\/li>\n<\/ul>\n<h2>C\u00f3mo empezar - Paso a paso<\/h2>\n<p>Entrar en una sala de chat en l\u00ednea es cuesti\u00f3n de segundos:<\/p>\n<ol>\n<li>Abre StrangerCam en tu navegador o tel\u00e9fono.<\/li>\n<li>Permitir c\u00e1mara y micr\u00f3fono (para v\u00eddeo).<\/li>\n<li>Haz clic en Iniciar chat o \u00fanete a una sala.<\/li>\n<li>Conoce a desconocidos al instante.<\/li>\n<li>Cambia cuando quieras para charlar con alguien nuevo.<\/li>\n<\/ol>\n<p>En 2025, las salas de chat en l\u00ednea gratuitas para todos siguen siendo una de las mejores formas de conocer gente en l\u00ednea. Son espont\u00e1neas, globales y divertidas: ofrecen conversaciones en tiempo real con desconocidos de todo el mundo.<\/p>\n<p>Sin embargo, no todos los sitios cumplen. Algunos ocultan funciones tras muros de pago o est\u00e1n llenos de bots. Por eso StrangerCam es la mejor opci\u00f3n: es gratuita, inclusiva, segura y siempre est\u00e1 activa con usuarios reales dispuestos a chatear.<\/p>\n<p>\u00bfListo para unirte? Inicia una sala de chat en l\u00ednea gratis hoy mismo y descubre a qui\u00e9n conocer\u00e1s despu\u00e9s.<\/p>","protected":false},"excerpt":{"rendered":"<p>Looking for free online chat rooms for everyone? You\u2019re in the right place. In today\u2019s digital world, people crave real-time interaction\u2014whether it\u2019s to make new friends, share stories, find support, or simply beat boredom. Unlike social networks where everything is curated and polished, online chat rooms offer a spontaneous, unfiltered, and fun way to connect. [&hellip;]<\/p>\n","protected":false},"author":8,"featured_media":0,"parent":0,"menu_order":0,"comment_status":"closed","ping_status":"closed","template":"","meta":{"footnotes":""},"class_list":["post-4851","page","type-page","status-publish","hentry"],"yoast_head":"<!-- This site is optimized with the Yoast SEO plugin v27.4 - https:\/\/yoast.com\/product\/yoast-seo-wordpress\/ -->\n<title>Free Online Chat Rooms For Everyone on Strangercam.com<\/title>\n<meta name=\"description\" content=\"Liking Free Online Chat Rooms For Everyone? Join millions on StrangerCam.com! Start a random video chat, turn on your cam, and meet strangers instantly.\" \/>\n<meta name=\"robots\" content=\"index, follow, max-snippet:-1, max-image-preview:large, max-video-preview:-1\" \/>\n<link rel=\"canonical\" href=\"https:\/\/strangercam.com\/es\/salas-de-chat-en-linea-gratuitas-para-todos\/\" \/>\n<meta property=\"og:locale\" content=\"es_ES\" \/>\n<meta property=\"og:type\" content=\"article\" \/>\n<meta property=\"og:title\" content=\"Free Online Chat Rooms For Everyone on Strangercam.com\" \/>\n<meta property=\"og:description\" content=\"Liking Free Online Chat Rooms For Everyone? Join millions on StrangerCam.com! Start a random video chat, turn on your cam, and meet strangers instantly.\" \/>\n<meta property=\"og:url\" content=\"https:\/\/strangercam.com\/es\/salas-de-chat-en-linea-gratuitas-para-todos\/\" \/>\n<meta property=\"og:site_name\" content=\"Strangercam\" \/>\n<meta property=\"article:publisher\" content=\"https:\/\/www.facebook.com\/strangercam\" \/>\n<meta property=\"article:modified_time\" content=\"2025-09-23T10:40:15+00:00\" \/>\n<meta property=\"og:image\" content=\"https:\/\/strangercam.com\/wp-content\/uploads\/2021\/10\/Untitled-2.png\" \/>\n\t<meta property=\"og:image:width\" content=\"800\" \/>\n\t<meta property=\"og:image:height\" content=\"532\" \/>\n\t<meta property=\"og:image:type\" content=\"image\/png\" \/>\n<meta name=\"twitter:card\" content=\"summary_large_image\" \/>\n<meta name=\"twitter:site\" content=\"@strangercamapp\" \/>\n<meta name=\"twitter:label1\" content=\"Tiempo de lectura\" \/>\n\t<meta name=\"twitter:data1\" content=\"4 minutos\" \/>\n<script type=\"application\/ld+json\" class=\"yoast-schema-graph\">{\"@context\":\"https:\\\/\\\/schema.org\",\"@graph\":[{\"@type\":\"WebPage\",\"@id\":\"https:\\\/\\\/strangercam.com\\\/free-online-chat-rooms-for-everyone\\\/\",\"url\":\"https:\\\/\\\/strangercam.com\\\/free-online-chat-rooms-for-everyone\\\/\",\"name\":\"Free Online Chat Rooms For Everyone on Strangercam.com\",\"isPartOf\":{\"@id\":\"https:\\\/\\\/strangercam.com\\\/#website\"},\"datePublished\":\"2025-09-23T09:12:50+00:00\",\"dateModified\":\"2025-09-23T10:40:15+00:00\",\"description\":\"Liking Free Online Chat Rooms For Everyone? Join millions on StrangerCam.com! Start a random video chat, turn on your cam, and meet strangers instantly.\",\"breadcrumb\":{\"@id\":\"https:\\\/\\\/strangercam.com\\\/free-online-chat-rooms-for-everyone\\\/#breadcrumb\"},\"inLanguage\":\"es\",\"potentialAction\":[{\"@type\":\"ReadAction\",\"target\":[\"https:\\\/\\\/strangercam.com\\\/free-online-chat-rooms-for-everyone\\\/\"]}]},{\"@type\":\"BreadcrumbList\",\"@id\":\"https:\\\/\\\/strangercam.com\\\/free-online-chat-rooms-for-everyone\\\/#breadcrumb\",\"itemListElement\":[{\"@type\":\"ListItem\",\"position\":1,\"name\":\"Home\",\"item\":\"https:\\\/\\\/strangercam.com\\\/\"},{\"@type\":\"ListItem\",\"position\":2,\"name\":\"Free Online Chat Rooms For Everyone\"}]},{\"@type\":\"WebSite\",\"@id\":\"https:\\\/\\\/strangercam.com\\\/#website\",\"url\":\"https:\\\/\\\/strangercam.com\\\/\",\"name\":\"Strangercam\",\"description\":\"Random Video Chat with Strangers\",\"publisher\":{\"@id\":\"https:\\\/\\\/strangercam.com\\\/#organization\"},\"alternateName\":\"Strangercam.com\",\"potentialAction\":[{\"@type\":\"SearchAction\",\"target\":{\"@type\":\"EntryPoint\",\"urlTemplate\":\"https:\\\/\\\/strangercam.com\\\/?s={search_term_string}\"},\"query-input\":{\"@type\":\"PropertyValueSpecification\",\"valueRequired\":true,\"valueName\":\"search_term_string\"}}],\"inLanguage\":\"es\"},{\"@type\":\"Organization\",\"@id\":\"https:\\\/\\\/strangercam.com\\\/#organization\",\"name\":\"Strangercam\",\"alternateName\":\"Strangercam.com\",\"url\":\"https:\\\/\\\/strangercam.com\\\/\",\"logo\":{\"@type\":\"ImageObject\",\"inLanguage\":\"es\",\"@id\":\"https:\\\/\\\/strangercam.com\\\/#\\\/schema\\\/logo\\\/image\\\/\",\"url\":\"https:\\\/\\\/strangercam.com\\\/wp-content\\\/uploads\\\/2020\\\/11\\\/cropped-new-favicon-black.png\",\"contentUrl\":\"https:\\\/\\\/strangercam.com\\\/wp-content\\\/uploads\\\/2020\\\/11\\\/cropped-new-favicon-black.png\",\"width\":512,\"height\":512,\"caption\":\"Strangercam\"},\"image\":{\"@id\":\"https:\\\/\\\/strangercam.com\\\/#\\\/schema\\\/logo\\\/image\\\/\"},\"sameAs\":[\"https:\\\/\\\/www.facebook.com\\\/strangercam\",\"https:\\\/\\\/x.com\\\/strangercamapp\"]}]}<\/script>\n<!-- \/ Yoast SEO plugin. -->","yoast_head_json":{"title":"Salas de chat en l\u00ednea gratis para todos en Strangercam.com","description":"\u00bfTe gustan las salas de chat en l\u00ednea gratis para todos? \u00a1Join millones en StrangerCam.com! Inicia un videochat aleatorio, enciende tu c\u00e1mara y conoce a desconocidos al instante.","robots":{"index":"index","follow":"follow","max-snippet":"max-snippet:-1","max-image-preview":"max-image-preview:large","max-video-preview":"max-video-preview:-1"},"canonical":"https:\/\/strangercam.com\/es\/salas-de-chat-en-linea-gratuitas-para-todos\/","og_locale":"es_ES","og_type":"article","og_title":"Free Online Chat Rooms For Everyone on Strangercam.com","og_description":"Liking Free Online Chat Rooms For Everyone? Join millions on StrangerCam.com! Start a random video chat, turn on your cam, and meet strangers instantly.","og_url":"https:\/\/strangercam.com\/es\/salas-de-chat-en-linea-gratuitas-para-todos\/","og_site_name":"Strangercam","article_publisher":"https:\/\/www.facebook.com\/strangercam","article_modified_time":"2025-09-23T10:40:15+00:00","og_image":[{"width":800,"height":532,"url":"https:\/\/strangercam.com\/wp-content\/uploads\/2021\/10\/Untitled-2.png","type":"image\/png"}],"twitter_card":"summary_large_image","twitter_site":"@strangercamapp","twitter_misc":{"Tiempo de lectura":"4 minutos"},"schema":{"@context":"https:\/\/schema.org","@graph":[{"@type":"WebPage","@id":"https:\/\/strangercam.com\/free-online-chat-rooms-for-everyone\/","url":"https:\/\/strangercam.com\/free-online-chat-rooms-for-everyone\/","name":"Salas de chat en l\u00ednea gratis para todos en Strangercam.com","isPartOf":{"@id":"https:\/\/strangercam.com\/#website"},"datePublished":"2025-09-23T09:12:50+00:00","dateModified":"2025-09-23T10:40:15+00:00","description":"\u00bfTe gustan las salas de chat en l\u00ednea gratis para todos? \u00a1Join millones en StrangerCam.com! Inicia un videochat aleatorio, enciende tu c\u00e1mara y conoce a desconocidos al instante.","breadcrumb":{"@id":"https:\/\/strangercam.com\/free-online-chat-rooms-for-everyone\/#breadcrumb"},"inLanguage":"es","potentialAction":[{"@type":"ReadAction","target":["https:\/\/strangercam.com\/free-online-chat-rooms-for-everyone\/"]}]},{"@type":"BreadcrumbList","@id":"https:\/\/strangercam.com\/free-online-chat-rooms-for-everyone\/#breadcrumb","itemListElement":[{"@type":"ListItem","position":1,"name":"Home","item":"https:\/\/strangercam.com\/"},{"@type":"ListItem","position":2,"name":"Free Online Chat Rooms For Everyone"}]},{"@type":"WebSite","@id":"https:\/\/strangercam.com\/#website","url":"https:\/\/strangercam.com\/","name":"Strangercam","description":"Videochat aleatorio con desconocidos","publisher":{"@id":"https:\/\/strangercam.com\/#organization"},"alternateName":"Strangercam.com","potentialAction":[{"@type":"SearchAction","target":{"@type":"EntryPoint","urlTemplate":"https:\/\/strangercam.com\/?s={search_term_string}"},"query-input":{"@type":"PropertyValueSpecification","valueRequired":true,"valueName":"search_term_string"}}],"inLanguage":"es"},{"@type":"Organization","@id":"https:\/\/strangercam.com\/#organization","name":"Strangercam","alternateName":"Strangercam.com","url":"https:\/\/strangercam.com\/","logo":{"@type":"ImageObject","inLanguage":"es","@id":"https:\/\/strangercam.com\/#\/schema\/logo\/image\/","url":"https:\/\/strangercam.com\/wp-content\/uploads\/2020\/11\/cropped-new-favicon-black.png","contentUrl":"https:\/\/strangercam.com\/wp-content\/uploads\/2020\/11\/cropped-new-favicon-black.png","width":512,"height":512,"caption":"Strangercam"},"image":{"@id":"https:\/\/strangercam.com\/#\/schema\/logo\/image\/"},"sameAs":["https:\/\/www.facebook.com\/strangercam","https:\/\/x.com\/strangercamapp"]}]}},"_links":{"self":[{"href":"https:\/\/strangercam.com\/es\/wp-json\/wp\/v2\/pages\/4851","targetHints":{"allow":["GET"]}}],"collection":[{"href":"https:\/\/strangercam.com\/es\/wp-json\/wp\/v2\/pages"}],"about":[{"href":"https:\/\/strangercam.com\/es\/wp-json\/wp\/v2\/types\/page"}],"author":[{"embeddable":true,"href":"https:\/\/strangercam.com\/es\/wp-json\/wp\/v2\/users\/8"}],"replies":[{"embeddable":true,"href":"https:\/\/strangercam.com\/es\/wp-json\/wp\/v2\/comments?post=4851"}],"version-history":[{"count":2,"href":"https:\/\/strangercam.com\/es\/wp-json\/wp\/v2\/pages\/4851\/revisions"}],"predecessor-version":[{"id":13041,"href":"https:\/\/strangercam.com\/es\/wp-json\/wp\/v2\/pages\/4851\/revisions\/13041"}],"wp:attachment":[{"href":"https:\/\/strangercam.com\/es\/wp-json\/wp\/v2\/media?parent=4851"}],"curies":[{"name":"wp","href":"https:\/\/api.w.org\/{rel}","templated":true}]}}