{"id":4831,"date":"2025-09-23T11:00:01","date_gmt":"2025-09-23T09:00:01","guid":{"rendered":"https:\/\/strangercam.com\/?page_id=4831"},"modified":"2025-09-23T12:38:49","modified_gmt":"2025-09-23T10:38:49","slug":"chat-gratis-con-chicas-al-azar","status":"publish","type":"page","link":"https:\/\/strangercam.com\/es\/free-random-chat-with-girls\/","title":{"rendered":"Chat aleatorio gratis con chicas"},"content":{"rendered":"<p>\u00bfBuscas un <a href=\"https:\/\/strangercam.com\/es\/chathub\/\">chat<\/a> con <a href=\"https:\/\/strangercam.com\/es\/video-chat-with-girls\/\">chicas<\/a>? No eres el \u00fanico. Millones de personas buscan cada mes formas sencillas, instant\u00e1neas y divertidas de conectar con chicas online. A diferencia de las aplicaciones de citas o las redes sociales, que pueden parecer lentas o llenas de perfiles falsos, el chat aleatorio con chicas es directo, espont\u00e1neo y real.<\/p>\n<p>Con plataformas modernas como StrangerCam, puedes conectar instant\u00e1neamente con chicas de todo el mundo, sin registros, descargas ni costes ocultos. Tanto si buscas amistad, flirteo casual o simplemente una forma divertida de pasar el tiempo, el chat aleatorio gratis con chicas es una de las formas m\u00e1s emocionantes de conocer gente nueva en 2025.<\/p>\n<p>Esta gu\u00eda cubrir\u00e1 todo lo que necesitas saber: qu\u00e9 significa chat gratis con chicas al azar, por qu\u00e9 es tan popular, c\u00f3mo funciona, qu\u00e9 caracter\u00edsticas importan m\u00e1s, comparaciones de plataformas, consejos de seguridad y por qu\u00e9 StrangerCam es la mejor opci\u00f3n hoy en d\u00eda.<\/p>\n<h2>\u00bfQu\u00e9 es el chat aleatorio gratis con chicas?<\/h2>\n<p>Un chat aleatorio gratis con chicas es un servicio en l\u00ednea que te permite conectar instant\u00e1neamente con usuarias a trav\u00e9s de un chat de v\u00eddeo o de texto en directo. A diferencia de las aplicaciones de citas que requieren swipes o largos registros, chat al azar es r\u00e1pido-permite que su c\u00e1mara, haga clic en Inicio, y en cuesti\u00f3n de segundos, est\u00e1s cara a cara con una chica en busca de chat.<\/p>\n<p>Las mejores plataformas ofrecen filtros de g\u00e9nero reales, para que puedas elegir emparejarte s\u00f3lo con chicas, y no ocultan esta funci\u00f3n tras un muro de pago.<\/p>\n<h2>Por qu\u00e9 a la gente le encanta el chat aleatorio con chicas<\/h2>\n<p>La popularidad del chat aleatorio gratis con chicas se ha disparado porque:<\/p>\n<ul>\n<li>Diversi\u00f3n espont\u00e1nea: Cada conexi\u00f3n es nueva e imprevisible.<\/li>\n<li>Autenticidad: Los chats de v\u00eddeo demuestran que est\u00e1s hablando con una chica de verdad, no con un bot.<\/li>\n<li>Qu\u00edmica instant\u00e1nea: Sin esperas, ver\u00e1s si congenias enseguida.<\/li>\n<li>Coqueteo y amistad: Ideal para divertirse o establecer contactos genuinos.<\/li>\n<li>Sin compromiso: No se requieren registros ni cuentas.<\/li>\n<li>Alcance global: Conoce a chicas de todo el mundo.<\/li>\n<\/ul>\n<h2>\u00bfC\u00f3mo funciona el chat aleatorio gratis con chicas?<\/h2>\n<p>El proceso es r\u00e1pido y sencillo:<\/p>\n<ol>\n<li>Abre la plataforma (escritorio o m\u00f3vil).<\/li>\n<li>Permitir el acceso a la c\u00e1mara y al micr\u00f3fono.<\/li>\n<li>Seleccione el filtro de g\u00e9nero (ni\u00f1as).<\/li>\n<li>Haz clic en \"Iniciar chat\".<\/li>\n<li>Conecta instant\u00e1neamente con una chica cualquiera.<\/li>\n<li>Haz clic en \"Siguiente\" en cualquier momento para conocer a alguien nuevo.<\/li>\n<\/ol>\n<p>Algunas plataformas tambi\u00e9n ofrecen funciones como filtros de localizaci\u00f3n, traducciones o aplicaciones m\u00f3viles para chatear sobre la marcha.<\/p>\n<h2>Caracter\u00edsticas principales<\/h2>\n<p>Si quieres el mejor chat aleatorio con chicas, aseg\u00farate de que la plataforma lo incluye:<\/p>\n<h3>1. Filtro de g\u00e9nero realmente libre<\/h3>\n<p>Muchos sitios afirman que te permiten emparejarte con chicas, pero exigen un pago. Busca una plataforma en la que esto sea gratis.<\/p>\n<h3>2. No es necesario inscribirse<\/h3>\n<p>Mantente en el anonimato y evita dar datos personales.<\/p>\n<h3>3. Moderaci\u00f3n fuerte<\/h3>\n<p>La denuncia activa y la moderaci\u00f3n mantienen la seguridad del espacio.<\/p>\n<h3>4. V\u00eddeo y audio de alta calidad<\/h3>\n<p>Las conexiones fluidas hacen que chatear sea m\u00e1s agradable.<\/p>\n<h3>5. Dise\u00f1o compatible con dispositivos m\u00f3viles<\/h3>\n<p>Aseg\u00farate de que funciona tanto en tel\u00e9fonos como en ordenadores de sobremesa.<\/p>\n<h2>Mejores plataformas de chat aleatorio gratis con chicas en 2025<\/h2>\n<p>Aqu\u00ed tienes una comparativa de las principales plataformas para chatear con chicas al azar:<\/p>\n<table>\n<thead>\n<tr>\n<th>Plataforma<\/th>\n<th align=\"center\">Acceso gratuito<\/th>\n<th align=\"center\">Filtro de g\u00e9nero<\/th>\n<th align=\"center\">Se necesita inscripci\u00f3n<\/th>\n<th align=\"center\">Asistencia m\u00f3vil<\/th>\n<th align=\"center\">Moderaci\u00f3n<\/th>\n<th>Notas<\/th>\n<\/tr>\n<\/thead>\n<tbody>\n<tr>\n<td>StrangerCam<\/td>\n<td align=\"center\">\u2705<\/td>\n<td align=\"center\">\u2705 (Gratis)<\/td>\n<td align=\"center\">\u274c<\/td>\n<td align=\"center\">\u2705<\/td>\n<td align=\"center\">\u2705<\/td>\n<td>La mejor opci\u00f3n para chatear gratis con chicas<\/td>\n<\/tr>\n<tr>\n<td><a href=\"https:\/\/strangercam.com\/es\/chatroulette\/\">Chatroulette<\/a><\/td>\n<td align=\"center\">\u2705<\/td>\n<td align=\"center\">\u274c (de pago)<\/td>\n<td align=\"center\">\u274c<\/td>\n<td align=\"center\">\u2705<\/td>\n<td align=\"center\">\u2705<\/td>\n<td>Cl\u00e1sico, pero sin filtros gratuitos<\/td>\n<\/tr>\n<tr>\n<td>Chatrandom<\/td>\n<td align=\"center\">\u2705<\/td>\n<td align=\"center\">\u274c (de pago)<\/td>\n<td align=\"center\">\u274c<\/td>\n<td align=\"center\">\u2705<\/td>\n<td align=\"center\">\u2705<\/td>\n<td>Popular, pero requiere mejoras<\/td>\n<\/tr>\n<tr>\n<td>Shagle<\/td>\n<td align=\"center\">\u2705<\/td>\n<td align=\"center\">\u274c (de pago)<\/td>\n<td align=\"center\">\u274c<\/td>\n<td align=\"center\">\u2705<\/td>\n<td align=\"center\">\u2705<\/td>\n<td>Gratis al principio, filtros premium bloqueados<\/td>\n<\/tr>\n<tr>\n<td><a href=\"https:\/\/strangercam.com\/es\/coomeet\/\">CooMeet<\/a><\/td>\n<td align=\"center\">\u274c (Prueba)<\/td>\n<td align=\"center\">\u2705<\/td>\n<td align=\"center\">\u2705<\/td>\n<td align=\"center\">\u2705<\/td>\n<td align=\"center\">\u2705<\/td>\n<td>De pago tras una breve prueba<\/td>\n<\/tr>\n<tr>\n<td>LuckyCrush<\/td>\n<td align=\"center\">\u274c<\/td>\n<td align=\"center\">\u2705<\/td>\n<td align=\"center\">\u2705<\/td>\n<td align=\"center\">\u2705<\/td>\n<td align=\"center\">\u2705<\/td>\n<td>Siempre remunerado, en funci\u00f3n del sexo<\/td>\n<\/tr>\n<\/tbody>\n<\/table>\n<p>StrangerCam destaca por ser una de las \u00fanicas plataformas que ofrecen un filtro de g\u00e9nero gratuito para que puedas chatear con chicas al instante, sin registro ni cargos ocultos.<\/p>\n<h2>Por qu\u00e9 StrangerCam es la mejor opci\u00f3n<\/h2>\n<p>A continuaci\u00f3n te explicamos por qu\u00e9 StrangerCam es la mejor opci\u00f3n para chatear con chicas al azar en 2025:<\/p>\n<h3>1. Filtro de g\u00e9nero gratuito<\/h3>\n<p>A diferencia de otras plataformas, StrangerCam te permite conectar con chicas sin pagar.<\/p>\n<h3>2. Completamente gratis e ilimitado<\/h3>\n<p>Sin cargos ocultos, sin sistema de cr\u00e9dito, s\u00f3lo chats ilimitados.<\/p>\n<h3>3. No es necesario inscribirse<\/h3>\n<p>Permanezca en el anonimato y con\u00e9ctese en cuesti\u00f3n de segundos.<\/p>\n<h3>4. Seguro y moderado<\/h3>\n<p>La moderaci\u00f3n activa hace que la experiencia sea m\u00e1s segura que en la mayor\u00eda de las plataformas.<\/p>\n<h3>5. Funciona en todos los dispositivos<\/h3>\n<p>Optimizado para tel\u00e9fonos, tabletas y ordenadores de sobremesa.<\/p>\n<h3>6. Base mundial de usuarias<\/h3>\n<p>Conoce a chicas de m\u00e1s de 100 pa\u00edses.<\/p>\n<h2>Testimonios de usuarios reales<\/h2>\n<blockquote><p><em>\"Prob\u00e9 otros sitios pero todos me hac\u00edan pagar para chatear con chicas. StrangerCam me permite hacerlo gratis\".<\/em><br \/>\n- Daniel, 28 a\u00f1os<\/p><\/blockquote>\n<blockquote><p><em>\"He hecho amistad con chicas de tres pa\u00edses diferentes. Es divertido y me siento segura\".<\/em><br \/>\n- Sof\u00eda, 22 a\u00f1os<\/p><\/blockquote>\n<blockquote><p><em>\"El filtro de g\u00e9nero funciona sin cargos ocultos: por fin, un sitio que cumple\".<\/em><br \/>\n- Ryan, 30 a\u00f1os<\/p><\/blockquote>\n<blockquote><p><em>\"R\u00e1pido, divertido y gratis. StrangerCam es mi opci\u00f3n para chatear con chicas al azar\".<\/em><br \/>\n- Leah, 19 a\u00f1os<\/p><\/blockquote>\n<h2>Consejos de seguridad para chatear con chicas al azar<\/h2>\n<p>Aunque chatear por Internet es divertido, mantente siempre a salvo:<\/p>\n<ul>\n<li>No compartas datos personales como el n\u00famero de tel\u00e9fono o la direcci\u00f3n.<\/li>\n<li>Evite hacer clic en enlaces de desconocidos.<\/li>\n<li>Utilice \"Siguiente\" libremente si se siente inc\u00f3modo.<\/li>\n<li>Comprueba tus antecedentes antes de encender la webcam.<\/li>\n<li>Lim\u00edtate a las herramientas de la plataforma para informar o bloquear.<\/li>\n<li>Respeta las normas de edad: no lo utilices si tienes menos de 18 a\u00f1os.<\/li>\n<\/ul>\n<h2>C\u00f3mo empezar - Paso a paso<\/h2>\n<p>S\u00f3lo tardar\u00e1s unos segundos en iniciar un chat aleatorio gratis con chicas:<\/p>\n<ol>\n<li>Abre StrangerCam en tu dispositivo.<\/li>\n<li>Permitir el acceso a la c\u00e1mara y al micr\u00f3fono.<\/li>\n<li>Elige el filtro de g\u00e9nero (chicas).<\/li>\n<li>Haz clic en Iniciar chat.<\/li>\n<li>Pulsa Siguiente en cualquier momento para conocer a alguien nuevo.<\/li>\n<\/ol>\n<p>R\u00e1pido, sencillo y totalmente gratuito.<\/p>\n<p>En 2025, el chat aleatorio gratis con chicas es una de las formas m\u00e1s emocionantes y aut\u00e9nticas de conocer gente nueva online. A diferencia de las aplicaciones de citas o las redes sociales, es espont\u00e1neo, real e instant\u00e1neo.<\/p>\n<p>Sin embargo, no todos los sitios lo consiguen: muchos bloquean funciones tras muros de pago o inundan sus chats con bots. Por eso StrangerCam es la mejor opci\u00f3n: gratuita, segura, global y siempre llena de usuarios reales.<\/p>\n<p>\u00bfListo para conectar? Inicia un chat aleatorio gratis con chicas hoy mismo y descubre a qui\u00e9n conocer\u00e1s despu\u00e9s.<\/p>","protected":false},"excerpt":{"rendered":"<p>Are you searching for a free random chat with girls? You\u2019re not the only one. Millions of people every month look for simple, instant, and fun ways to connect with girls online. Unlike dating apps or social media, which can feel slow or full of fake profiles, random chat with girls is direct, spontaneous, and [&hellip;]<\/p>\n","protected":false},"author":8,"featured_media":0,"parent":0,"menu_order":0,"comment_status":"closed","ping_status":"closed","template":"","meta":{"footnotes":""},"class_list":["post-4831","page","type-page","status-publish","hentry"],"yoast_head":"<!-- This site is optimized with the Yoast SEO plugin v27.4 - https:\/\/yoast.com\/product\/yoast-seo-wordpress\/ -->\n<title>Free Random Chat With Girls - StrangerCam.com: Cam With Strangers<\/title>\n<meta name=\"description\" content=\"Free Random Chat With Girls anonymously with over 5.000.000 strangers. No Sign-Up Required! Cam with strangers on StrangerCam.com.\" \/>\n<meta name=\"robots\" content=\"index, follow, max-snippet:-1, max-image-preview:large, max-video-preview:-1\" \/>\n<link rel=\"canonical\" href=\"https:\/\/strangercam.com\/es\/chat-gratis-con-chicas-al-azar\/\" \/>\n<meta property=\"og:locale\" content=\"es_ES\" \/>\n<meta property=\"og:type\" content=\"article\" \/>\n<meta property=\"og:title\" content=\"Free Random Chat With Girls - StrangerCam.com: Cam With Strangers\" \/>\n<meta property=\"og:description\" content=\"Free Random Chat With Girls anonymously with over 5.000.000 strangers. No Sign-Up Required! Cam with strangers on StrangerCam.com.\" \/>\n<meta property=\"og:url\" content=\"https:\/\/strangercam.com\/es\/chat-gratis-con-chicas-al-azar\/\" \/>\n<meta property=\"og:site_name\" content=\"Strangercam\" \/>\n<meta property=\"article:publisher\" content=\"https:\/\/www.facebook.com\/strangercam\" \/>\n<meta property=\"article:modified_time\" content=\"2025-09-23T10:38:49+00:00\" \/>\n<meta property=\"og:image\" content=\"https:\/\/strangercam.com\/wp-content\/uploads\/2021\/10\/Untitled-2.png\" \/>\n\t<meta property=\"og:image:width\" content=\"800\" \/>\n\t<meta property=\"og:image:height\" content=\"532\" \/>\n\t<meta property=\"og:image:type\" content=\"image\/png\" \/>\n<meta name=\"twitter:card\" content=\"summary_large_image\" \/>\n<meta name=\"twitter:site\" content=\"@strangercamapp\" \/>\n<meta name=\"twitter:label1\" content=\"Tiempo de lectura\" \/>\n\t<meta name=\"twitter:data1\" content=\"4 minutos\" \/>\n<script type=\"application\/ld+json\" class=\"yoast-schema-graph\">{\"@context\":\"https:\\\/\\\/schema.org\",\"@graph\":[{\"@type\":\"WebPage\",\"@id\":\"https:\\\/\\\/strangercam.com\\\/free-random-chat-with-girls\\\/\",\"url\":\"https:\\\/\\\/strangercam.com\\\/free-random-chat-with-girls\\\/\",\"name\":\"Free Random Chat With Girls - StrangerCam.com: Cam With Strangers\",\"isPartOf\":{\"@id\":\"https:\\\/\\\/strangercam.com\\\/#website\"},\"datePublished\":\"2025-09-23T09:00:01+00:00\",\"dateModified\":\"2025-09-23T10:38:49+00:00\",\"description\":\"Free Random Chat With Girls anonymously with over 5.000.000 strangers. No Sign-Up Required! Cam with strangers on StrangerCam.com.\",\"breadcrumb\":{\"@id\":\"https:\\\/\\\/strangercam.com\\\/free-random-chat-with-girls\\\/#breadcrumb\"},\"inLanguage\":\"es\",\"potentialAction\":[{\"@type\":\"ReadAction\",\"target\":[\"https:\\\/\\\/strangercam.com\\\/free-random-chat-with-girls\\\/\"]}]},{\"@type\":\"BreadcrumbList\",\"@id\":\"https:\\\/\\\/strangercam.com\\\/free-random-chat-with-girls\\\/#breadcrumb\",\"itemListElement\":[{\"@type\":\"ListItem\",\"position\":1,\"name\":\"Home\",\"item\":\"https:\\\/\\\/strangercam.com\\\/\"},{\"@type\":\"ListItem\",\"position\":2,\"name\":\"Free Random Chat With Girls\"}]},{\"@type\":\"WebSite\",\"@id\":\"https:\\\/\\\/strangercam.com\\\/#website\",\"url\":\"https:\\\/\\\/strangercam.com\\\/\",\"name\":\"Strangercam\",\"description\":\"Random Video Chat with Strangers\",\"publisher\":{\"@id\":\"https:\\\/\\\/strangercam.com\\\/#organization\"},\"alternateName\":\"Strangercam.com\",\"potentialAction\":[{\"@type\":\"SearchAction\",\"target\":{\"@type\":\"EntryPoint\",\"urlTemplate\":\"https:\\\/\\\/strangercam.com\\\/?s={search_term_string}\"},\"query-input\":{\"@type\":\"PropertyValueSpecification\",\"valueRequired\":true,\"valueName\":\"search_term_string\"}}],\"inLanguage\":\"es\"},{\"@type\":\"Organization\",\"@id\":\"https:\\\/\\\/strangercam.com\\\/#organization\",\"name\":\"Strangercam\",\"alternateName\":\"Strangercam.com\",\"url\":\"https:\\\/\\\/strangercam.com\\\/\",\"logo\":{\"@type\":\"ImageObject\",\"inLanguage\":\"es\",\"@id\":\"https:\\\/\\\/strangercam.com\\\/#\\\/schema\\\/logo\\\/image\\\/\",\"url\":\"https:\\\/\\\/strangercam.com\\\/wp-content\\\/uploads\\\/2020\\\/11\\\/cropped-new-favicon-black.png\",\"contentUrl\":\"https:\\\/\\\/strangercam.com\\\/wp-content\\\/uploads\\\/2020\\\/11\\\/cropped-new-favicon-black.png\",\"width\":512,\"height\":512,\"caption\":\"Strangercam\"},\"image\":{\"@id\":\"https:\\\/\\\/strangercam.com\\\/#\\\/schema\\\/logo\\\/image\\\/\"},\"sameAs\":[\"https:\\\/\\\/www.facebook.com\\\/strangercam\",\"https:\\\/\\\/x.com\\\/strangercamapp\"]}]}<\/script>\n<!-- \/ Yoast SEO plugin. -->","yoast_head_json":{"title":"Chat aleatorio gratis con chicas - StrangerCam.com: Cam Con Extra\u00f1os","description":"Free Random Chat With Girls an\u00f3nimamente con m\u00e1s de 5.000.000 extra\u00f1os. \u00a1No es necesario registrarse! Cam con extra\u00f1os en StrangerCam.com.","robots":{"index":"index","follow":"follow","max-snippet":"max-snippet:-1","max-image-preview":"max-image-preview:large","max-video-preview":"max-video-preview:-1"},"canonical":"https:\/\/strangercam.com\/es\/chat-gratis-con-chicas-al-azar\/","og_locale":"es_ES","og_type":"article","og_title":"Free Random Chat With Girls - StrangerCam.com: Cam With Strangers","og_description":"Free Random Chat With Girls anonymously with over 5.000.000 strangers. No Sign-Up Required! Cam with strangers on StrangerCam.com.","og_url":"https:\/\/strangercam.com\/es\/chat-gratis-con-chicas-al-azar\/","og_site_name":"Strangercam","article_publisher":"https:\/\/www.facebook.com\/strangercam","article_modified_time":"2025-09-23T10:38:49+00:00","og_image":[{"width":800,"height":532,"url":"https:\/\/strangercam.com\/wp-content\/uploads\/2021\/10\/Untitled-2.png","type":"image\/png"}],"twitter_card":"summary_large_image","twitter_site":"@strangercamapp","twitter_misc":{"Tiempo de lectura":"4 minutos"},"schema":{"@context":"https:\/\/schema.org","@graph":[{"@type":"WebPage","@id":"https:\/\/strangercam.com\/free-random-chat-with-girls\/","url":"https:\/\/strangercam.com\/free-random-chat-with-girls\/","name":"Chat aleatorio gratis con chicas - StrangerCam.com: Cam Con Extra\u00f1os","isPartOf":{"@id":"https:\/\/strangercam.com\/#website"},"datePublished":"2025-09-23T09:00:01+00:00","dateModified":"2025-09-23T10:38:49+00:00","description":"Free Random Chat With Girls an\u00f3nimamente con m\u00e1s de 5.000.000 extra\u00f1os. \u00a1No es necesario registrarse! Cam con extra\u00f1os en StrangerCam.com.","breadcrumb":{"@id":"https:\/\/strangercam.com\/free-random-chat-with-girls\/#breadcrumb"},"inLanguage":"es","potentialAction":[{"@type":"ReadAction","target":["https:\/\/strangercam.com\/free-random-chat-with-girls\/"]}]},{"@type":"BreadcrumbList","@id":"https:\/\/strangercam.com\/free-random-chat-with-girls\/#breadcrumb","itemListElement":[{"@type":"ListItem","position":1,"name":"Home","item":"https:\/\/strangercam.com\/"},{"@type":"ListItem","position":2,"name":"Free Random Chat With Girls"}]},{"@type":"WebSite","@id":"https:\/\/strangercam.com\/#website","url":"https:\/\/strangercam.com\/","name":"Strangercam","description":"Videochat aleatorio con desconocidos","publisher":{"@id":"https:\/\/strangercam.com\/#organization"},"alternateName":"Strangercam.com","potentialAction":[{"@type":"SearchAction","target":{"@type":"EntryPoint","urlTemplate":"https:\/\/strangercam.com\/?s={search_term_string}"},"query-input":{"@type":"PropertyValueSpecification","valueRequired":true,"valueName":"search_term_string"}}],"inLanguage":"es"},{"@type":"Organization","@id":"https:\/\/strangercam.com\/#organization","name":"Strangercam","alternateName":"Strangercam.com","url":"https:\/\/strangercam.com\/","logo":{"@type":"ImageObject","inLanguage":"es","@id":"https:\/\/strangercam.com\/#\/schema\/logo\/image\/","url":"https:\/\/strangercam.com\/wp-content\/uploads\/2020\/11\/cropped-new-favicon-black.png","contentUrl":"https:\/\/strangercam.com\/wp-content\/uploads\/2020\/11\/cropped-new-favicon-black.png","width":512,"height":512,"caption":"Strangercam"},"image":{"@id":"https:\/\/strangercam.com\/#\/schema\/logo\/image\/"},"sameAs":["https:\/\/www.facebook.com\/strangercam","https:\/\/x.com\/strangercamapp"]}]}},"_links":{"self":[{"href":"https:\/\/strangercam.com\/es\/wp-json\/wp\/v2\/pages\/4831","targetHints":{"allow":["GET"]}}],"collection":[{"href":"https:\/\/strangercam.com\/es\/wp-json\/wp\/v2\/pages"}],"about":[{"href":"https:\/\/strangercam.com\/es\/wp-json\/wp\/v2\/types\/page"}],"author":[{"embeddable":true,"href":"https:\/\/strangercam.com\/es\/wp-json\/wp\/v2\/users\/8"}],"replies":[{"embeddable":true,"href":"https:\/\/strangercam.com\/es\/wp-json\/wp\/v2\/comments?post=4831"}],"version-history":[{"count":2,"href":"https:\/\/strangercam.com\/es\/wp-json\/wp\/v2\/pages\/4831\/revisions"}],"predecessor-version":[{"id":13040,"href":"https:\/\/strangercam.com\/es\/wp-json\/wp\/v2\/pages\/4831\/revisions\/13040"}],"wp:attachment":[{"href":"https:\/\/strangercam.com\/es\/wp-json\/wp\/v2\/media?parent=4831"}],"curies":[{"name":"wp","href":"https:\/\/api.w.org\/{rel}","templated":true}]}}