{"id":4141,"date":"2025-09-08T08:04:51","date_gmt":"2025-09-08T06:04:51","guid":{"rendered":"https:\/\/strangercam.com\/?page_id=4141"},"modified":"2025-09-08T10:12:00","modified_gmt":"2025-09-08T08:12:00","slug":"citas-por-camara","status":"publish","type":"page","link":"https:\/\/strangercam.com\/es\/cam-dating\/","title":{"rendered":"Citas Cam"},"content":{"rendered":"<p>\u00bfSiente curiosidad por <a href=\"https:\/\/strangercam.com\/es\/bazoocam\/\">leva<\/a> \u00bfCitas? No es el \u00fanico. Cada vez m\u00e1s personas recurren a los chats de v\u00eddeo en l\u00ednea como una forma divertida y aut\u00e9ntica de conectar. A diferencia de las aplicaciones de citas tradicionales, en las que las conversaciones pueden parecer lentas o falsas, las videoconferencias te permiten ver y hablar con alguien al instante. Es personal, real y, a menudo, m\u00e1s emocionante que simplemente pasar perfiles.<\/p>\n<p>Con plataformas como StrangerCam, puedes iniciar una <a href=\"https:\/\/strangercam.com\/es\/cam-to-cam-chat\/\">c\u00e1mara libre<\/a> sin registro, sin descargas y sin costes ocultos. Tanto si buscas amistad, flirteo casual o algo m\u00e1s serio, las citas por webcam son una de las formas de conocer gente nueva que m\u00e1s r\u00e1pido est\u00e1 creciendo en 2025.<\/p>\n<p>Esta gu\u00eda cubre todo lo que necesitas saber: qu\u00e9 son las citas por webcam, por qu\u00e9 son tan populares, c\u00f3mo funcionan, qu\u00e9 caracter\u00edsticas buscar, una comparaci\u00f3n de las principales plataformas, consejos de seguridad y por qu\u00e9 StrangerCam es una de las mejores opciones para citas por webcam gratis hoy en d\u00eda.<\/p>\n<h2>\u00bfQu\u00e9 son las citas por webcam?<\/h2>\n<p>Las citas por c\u00e1mara son una forma de citas en l\u00ednea que utilizan v\u00eddeo en directo. <a href=\"https:\/\/strangercam.com\/es\/chathub\/\">chat<\/a> para conectar a dos personas cara a cara en tiempo real. En lugar de desplazarse a trav\u00e9s de perfiles interminables o esperar coincidencias, las citas por c\u00e1mara se centran en la qu\u00edmica instant\u00e1nea: ves a la otra persona inmediatamente y decides si la vibraci\u00f3n es la adecuada.<\/p>\n<p>El formato es privado, sencillo y directo. Activas la c\u00e1mara, pulsas \"Empezar\" y te conectas al instante con alguien que tambi\u00e9n busca conversaci\u00f3n. Si no encaja, pulsa \"Siguiente\" y se te emparejar\u00e1 con otra persona.<\/p>\n<h2>Por qu\u00e9 a la gente le encantan las citas gratis por webcam<\/h2>\n<p>El atractivo de las citas gratis por webcam es evidente:<\/p>\n<ul>\n<li>Autenticidad: Sabes que la persona es real, no un perfil falso o un bot.<\/li>\n<li>Qu\u00edmica instant\u00e1nea: Sin esperas: decide r\u00e1pidamente si hay chispa.<\/li>\n<li>Espontaneidad: cada videoconferencia es \u00fanica e imprevisible.<\/li>\n<li>Privacidad: A diferencia de las salas de grupo, las citas por webcam son individuales.<\/li>\n<li>Alcance mundial: Conoce a gente de todo el mundo 24\/7.<\/li>\n<li>Divertido y emocionante: Una mezcla de flirteo, amistad e intercambio cultural.<\/li>\n<\/ul>\n<h2>\u00bfC\u00f3mo funcionan las citas por webcam?<\/h2>\n<p>Empezar a utilizar las citas por webcam es muy sencillo:<\/p>\n<ol>\n<li>Abre una plataforma de citas por c\u00e1mara como StrangerCam.<\/li>\n<li>Permitir el acceso a la c\u00e1mara y al micr\u00f3fono.<\/li>\n<li>Haz clic en \"Iniciar chat\".<\/li>\n<li>Conoce a alguien al instante en una videollamada privada.<\/li>\n<li>Haz clic en \"Siguiente\" para seguir adelante si el ambiente no es el adecuado.<\/li>\n<\/ol>\n<p>Todo el proceso dura menos de un minuto y puede dar lugar a horas de conversaciones divertidas y espont\u00e1neas.<\/p>\n<h2>Caracter\u00edsticas principales<\/h2>\n<p>Cuando elijas un sitio de citas por webcam, ten en cuenta estas caracter\u00edsticas:<\/p>\n<h3>1. Acceso realmente libre<\/h3>\n<p>Muchos sitios dicen ser gratuitos, pero ocultan funciones esenciales tras muros de pago. Busca chats gratuitos ilimitados.<\/p>\n<h3>2. No es necesario inscribirse<\/h3>\n<p>Las mejores plataformas de citas por webcam te permiten empezar sin crear una cuenta.<\/p>\n<h3>3. Filtros de g\u00e9nero y ubicaci\u00f3n<\/h3>\n<p>\u00datil para encontrar personas que coincidan con tus preferencias.<\/p>\n<h3>4. Moderaci\u00f3n segura<\/h3>\n<p>Unas s\u00f3lidas herramientas de denuncia y bloqueo mantienen el espacio seguro.<\/p>\n<h3>5. Experiencia m\u00f3vil<\/h3>\n<p>Aseg\u00farese de que la plataforma funciona igual de bien en los smartphones que en los ordenadores de sobremesa.<\/p>\n<h3>6. V\u00eddeo y audio de alta calidad<\/h3>\n<p>Las conexiones claras facilitan la creaci\u00f3n de qu\u00edmica.<\/p>\n<h2>Las mejores plataformas de citas por webcam en 2025<\/h2>\n<p>Aqu\u00ed tienes una comparativa de las plataformas m\u00e1s populares para citas por webcam:<\/p>\n<table>\n<thead>\n<tr>\n<th>Plataforma<\/th>\n<th align=\"center\">Acceso gratuito<\/th>\n<th align=\"center\">Filtro de g\u00e9nero<\/th>\n<th align=\"center\">Se necesita inscripci\u00f3n<\/th>\n<th align=\"center\">Asistencia m\u00f3vil<\/th>\n<th align=\"center\">Moderaci\u00f3n<\/th>\n<th>Notas<\/th>\n<\/tr>\n<\/thead>\n<tbody>\n<tr>\n<td>StrangerCam<\/td>\n<td align=\"center\">\u2705<\/td>\n<td align=\"center\">\u2705 (Gratis)<\/td>\n<td align=\"center\">\u274c<\/td>\n<td align=\"center\">\u2705<\/td>\n<td align=\"center\">\u2705<\/td>\n<td>La mejor opci\u00f3n para citas por webcam gratis<\/td>\n<\/tr>\n<tr>\n<td><a href=\"https:\/\/strangercam.com\/es\/chatroulette\/\">Chatroulette<\/a><\/td>\n<td align=\"center\">\u2705<\/td>\n<td align=\"center\">\u274c (de pago)<\/td>\n<td align=\"center\">\u274c<\/td>\n<td align=\"center\">\u2705<\/td>\n<td align=\"center\">\u2705<\/td>\n<td>Cl\u00e1sico, pero los filtros de g\u00e9nero cuestan<\/td>\n<\/tr>\n<tr>\n<td>Chatrandom<\/td>\n<td align=\"center\">\u2705<\/td>\n<td align=\"center\">\u274c (de pago)<\/td>\n<td align=\"center\">\u274c<\/td>\n<td align=\"center\">\u2705<\/td>\n<td align=\"center\">\u2705<\/td>\n<td>Gran base de usuarios, actualizaciones impulsadas<\/td>\n<\/tr>\n<tr>\n<td>Shagle<\/td>\n<td align=\"center\">\u2705<\/td>\n<td align=\"center\">\u274c (de pago)<\/td>\n<td align=\"center\">\u274c<\/td>\n<td align=\"center\">\u2705<\/td>\n<td align=\"center\">\u2705<\/td>\n<td>Entrada gratuita, prima para filtros<\/td>\n<\/tr>\n<tr>\n<td><a href=\"https:\/\/strangercam.com\/es\/coomeet\/\">CooMeet<\/a><\/td>\n<td align=\"center\">\u274c (Prueba)<\/td>\n<td align=\"center\">\u2705<\/td>\n<td align=\"center\">\u2705<\/td>\n<td align=\"center\">\u2705<\/td>\n<td align=\"center\">\u2705<\/td>\n<td>Plataforma de pago centrada en las citas con chicas<\/td>\n<\/tr>\n<tr>\n<td>LuckyCrush<\/td>\n<td align=\"center\">\u274c<\/td>\n<td align=\"center\">\u2705<\/td>\n<td align=\"center\">\u2705<\/td>\n<td align=\"center\">\u2705<\/td>\n<td align=\"center\">\u2705<\/td>\n<td>Siempre de pago, empareja a hombres con mujeres<\/td>\n<\/tr>\n<\/tbody>\n<\/table>\n<p>Entre ellas, StrangerCam es una de las \u00fanicas plataformas que ofrecen citas por c\u00e1mara gratuitas sin necesidad de registrarse y con un filtro de g\u00e9nero que funciona.<\/p>\n<h2>Por qu\u00e9 StrangerCam es la mejor opci\u00f3n<\/h2>\n<p>Aqu\u00ed te explicamos por qu\u00e9 StrangerCam es la mejor opci\u00f3n para citas por c\u00e1mara en 2025:<\/p>\n<h3>1. Completamente gratis e ilimitado<\/h3>\n<p>Sin cargos ocultos, pruebas ni cr\u00e9ditos: habla todo lo que quieras.<\/p>\n<h3>2. Filtro de g\u00e9nero gratuito<\/h3>\n<p>Elige a qui\u00e9n quieres conocer -chicos, chicas o ambos- sin pagar m\u00e1s.<\/p>\n<h3>3. Chats privados<\/h3>\n<p>Conversaciones centradas y personales en lugar de salas de chat abarrotadas.<\/p>\n<h3>4. No es necesario inscribirse<\/h3>\n<p>Permanezca en el anonimato y con\u00e9ctese al instante.<\/p>\n<h3>5. Seguro y moderado<\/h3>\n<p>La moderaci\u00f3n activa mantiene alejados a los bots y a los usuarios inapropiados.<\/p>\n<h3>6. Funciona en todos los dispositivos<\/h3>\n<p>Optimizado para escritorio, tableta y m\u00f3vil.<\/p>\n<h2>Testimonios de usuarios reales<\/h2>\n<blockquote><p><em>\"Quer\u00eda probar las citas por c\u00e1mara porque las aplicaciones normales me parec\u00edan demasiado lentas. StrangerCam me dio conexiones instant\u00e1neas, y de hecho encontr\u00e9 a alguien con quien sigo chateando regularmente.\"<\/em><br \/>\n- David, 29 a\u00f1os<\/p><\/blockquote>\n<blockquote><p><em>\"Es m\u00e1s real que deslizar el dedo en las aplicaciones. Me doy cuenta enseguida si congenio con alguien\".<\/em><br \/>\n- Sophia, 23 a\u00f1os<\/p><\/blockquote>\n<blockquote><p><em>\"Por fin, un sitio de citas por webcam en el que el filtro de g\u00e9nero es gratuito y funciona como promete\".<\/em><br \/>\n- Ryan, 31 a\u00f1os<\/p><\/blockquote>\n<blockquote><p><em>\"Ya he conocido a gente de tres continentes. Es emocionante y mucho m\u00e1s divertido que las citas online tradicionales\".<\/em><br \/>\n- Leah, 20 a\u00f1os<\/p><\/blockquote>\n<h2>Consejos de seguridad<\/h2>\n<p>Aunque las citas a trav\u00e9s de c\u00e1maras son divertidas y emocionantes, recuerde estos puntos esenciales de seguridad:<\/p>\n<ul>\n<li>No compartas datos personales como tu n\u00famero de tel\u00e9fono, correo electr\u00f3nico o direcci\u00f3n.<\/li>\n<li>Omite o bloquea a cualquiera que te incomode.<\/li>\n<li>Nunca haga clic en enlaces sospechosos.<\/li>\n<li>Comprueba tus antecedentes antes de encender la webcam.<\/li>\n<li>Lim\u00edtate a las herramientas de la plataforma para informar y bloquear.<\/li>\n<li>Respeta las restricciones de edad: si eres menor de 18 a\u00f1os, no utilices los sitios de citas con c\u00e1maras para adultos.<\/li>\n<\/ul>\n<h2>C\u00f3mo empezar - Paso a paso<\/h2>\n<p>Se tarda menos de un minuto en empezar a tener citas por c\u00e1mara:<\/p>\n<ol>\n<li>Abre StrangerCam en tu dispositivo.<\/li>\n<li>Permitir el acceso a la c\u00e1mara y al micr\u00f3fono.<\/li>\n<li>Elige tus preferencias (como los filtros de g\u00e9nero).<\/li>\n<li>Haz clic en Iniciar chat para conectarte al instante.<\/li>\n<li>Si no hay chispa, pulsa Siguiente para continuar.<\/li>\n<\/ol>\n<p>R\u00e1pido, sencillo y 100% gratis.<\/p>\n<p>En 2025, las citas por c\u00e1mara son una de las formas m\u00e1s r\u00e1pidas y aut\u00e9nticas de conectar en l\u00ednea. A diferencia de las aplicaciones de citas tradicionales, es cara a cara, instant\u00e1nea y divertida.<\/p>\n<p>Pero no todas las plataformas cumplen. Muchas ocultan funciones esenciales tras muros de pago o est\u00e1n plagadas de bots. Por eso StrangerCam es la mejor opci\u00f3n: es gratis, segura, privada y siempre est\u00e1 llena de usuarios reales dispuestos a conectar.<\/p>\n<p>\u00bfListo para probarlo? Empieza hoy mismo a buscar pareja por webcam y descubre a qui\u00e9n conocer\u00e1s despu\u00e9s.<\/p>","protected":false},"excerpt":{"rendered":"<p>Are you curious about cam dating? You\u2019re not alone. More and more people are turning to online video chats as a fun and authentic way to connect. Unlike traditional dating apps where conversations can feel slow or fake, cam dating lets you see and talk to someone instantly. It\u2019s personal, real, and often more exciting [&hellip;]<\/p>\n","protected":false},"author":8,"featured_media":0,"parent":0,"menu_order":0,"comment_status":"closed","ping_status":"closed","template":"","meta":{"footnotes":""},"class_list":["post-4141","page","type-page","status-publish","hentry"],"yoast_head":"<!-- This site is optimized with the Yoast SEO plugin v27.4 - https:\/\/yoast.com\/product\/yoast-seo-wordpress\/ -->\n<title>Cam Dating with Video Chat on Strangercam.com<\/title>\n<meta name=\"description\" content=\"Liking Cam Dating? Join millions on StrangerCam.com! Start a random video chat, turn on your cam, and meet strangers instantly.\" \/>\n<meta name=\"robots\" content=\"index, follow, max-snippet:-1, max-image-preview:large, max-video-preview:-1\" \/>\n<link rel=\"canonical\" href=\"https:\/\/strangercam.com\/es\/citas-por-camara\/\" \/>\n<meta property=\"og:locale\" content=\"es_ES\" \/>\n<meta property=\"og:type\" content=\"article\" \/>\n<meta property=\"og:title\" content=\"Cam Dating with Video Chat on Strangercam.com\" \/>\n<meta property=\"og:description\" content=\"Liking Cam Dating? Join millions on StrangerCam.com! Start a random video chat, turn on your cam, and meet strangers instantly.\" \/>\n<meta property=\"og:url\" content=\"https:\/\/strangercam.com\/es\/citas-por-camara\/\" \/>\n<meta property=\"og:site_name\" content=\"Strangercam\" \/>\n<meta property=\"article:publisher\" content=\"https:\/\/www.facebook.com\/strangercam\" \/>\n<meta property=\"article:modified_time\" content=\"2025-09-08T08:12:00+00:00\" \/>\n<meta property=\"og:image\" content=\"https:\/\/strangercam.com\/wp-content\/uploads\/2021\/10\/Untitled-2.png\" \/>\n\t<meta property=\"og:image:width\" content=\"800\" \/>\n\t<meta property=\"og:image:height\" content=\"532\" \/>\n\t<meta property=\"og:image:type\" content=\"image\/png\" \/>\n<meta name=\"twitter:card\" content=\"summary_large_image\" \/>\n<meta name=\"twitter:site\" content=\"@strangercamapp\" \/>\n<meta name=\"twitter:label1\" content=\"Tiempo de lectura\" \/>\n\t<meta name=\"twitter:data1\" content=\"4 minutos\" \/>\n<script type=\"application\/ld+json\" class=\"yoast-schema-graph\">{\"@context\":\"https:\\\/\\\/schema.org\",\"@graph\":[{\"@type\":\"WebPage\",\"@id\":\"https:\\\/\\\/strangercam.com\\\/cam-dating\\\/\",\"url\":\"https:\\\/\\\/strangercam.com\\\/cam-dating\\\/\",\"name\":\"Cam Dating with Video Chat on Strangercam.com\",\"isPartOf\":{\"@id\":\"https:\\\/\\\/strangercam.com\\\/#website\"},\"datePublished\":\"2025-09-08T06:04:51+00:00\",\"dateModified\":\"2025-09-08T08:12:00+00:00\",\"description\":\"Liking Cam Dating? Join millions on StrangerCam.com! Start a random video chat, turn on your cam, and meet strangers instantly.\",\"breadcrumb\":{\"@id\":\"https:\\\/\\\/strangercam.com\\\/cam-dating\\\/#breadcrumb\"},\"inLanguage\":\"es\",\"potentialAction\":[{\"@type\":\"ReadAction\",\"target\":[\"https:\\\/\\\/strangercam.com\\\/cam-dating\\\/\"]}]},{\"@type\":\"BreadcrumbList\",\"@id\":\"https:\\\/\\\/strangercam.com\\\/cam-dating\\\/#breadcrumb\",\"itemListElement\":[{\"@type\":\"ListItem\",\"position\":1,\"name\":\"Home\",\"item\":\"https:\\\/\\\/strangercam.com\\\/\"},{\"@type\":\"ListItem\",\"position\":2,\"name\":\"Cam Dating\"}]},{\"@type\":\"WebSite\",\"@id\":\"https:\\\/\\\/strangercam.com\\\/#website\",\"url\":\"https:\\\/\\\/strangercam.com\\\/\",\"name\":\"Strangercam\",\"description\":\"Random Video Chat with Strangers\",\"publisher\":{\"@id\":\"https:\\\/\\\/strangercam.com\\\/#organization\"},\"alternateName\":\"Strangercam.com\",\"potentialAction\":[{\"@type\":\"SearchAction\",\"target\":{\"@type\":\"EntryPoint\",\"urlTemplate\":\"https:\\\/\\\/strangercam.com\\\/?s={search_term_string}\"},\"query-input\":{\"@type\":\"PropertyValueSpecification\",\"valueRequired\":true,\"valueName\":\"search_term_string\"}}],\"inLanguage\":\"es\"},{\"@type\":\"Organization\",\"@id\":\"https:\\\/\\\/strangercam.com\\\/#organization\",\"name\":\"Strangercam\",\"alternateName\":\"Strangercam.com\",\"url\":\"https:\\\/\\\/strangercam.com\\\/\",\"logo\":{\"@type\":\"ImageObject\",\"inLanguage\":\"es\",\"@id\":\"https:\\\/\\\/strangercam.com\\\/#\\\/schema\\\/logo\\\/image\\\/\",\"url\":\"https:\\\/\\\/strangercam.com\\\/wp-content\\\/uploads\\\/2020\\\/11\\\/cropped-new-favicon-black.png\",\"contentUrl\":\"https:\\\/\\\/strangercam.com\\\/wp-content\\\/uploads\\\/2020\\\/11\\\/cropped-new-favicon-black.png\",\"width\":512,\"height\":512,\"caption\":\"Strangercam\"},\"image\":{\"@id\":\"https:\\\/\\\/strangercam.com\\\/#\\\/schema\\\/logo\\\/image\\\/\"},\"sameAs\":[\"https:\\\/\\\/www.facebook.com\\\/strangercam\",\"https:\\\/\\\/x.com\\\/strangercamapp\"]}]}<\/script>\n<!-- \/ Yoast SEO plugin. -->","yoast_head_json":{"title":"Citas por c\u00e1mara con chat de v\u00eddeo en Strangercam.com","description":"\u00bfTe gustan las citas por webcam? \u00a1Join millones en StrangerCam.com! Inicia un videochat aleatorio, enciende tu c\u00e1mara y conoce a desconocidos al instante.","robots":{"index":"index","follow":"follow","max-snippet":"max-snippet:-1","max-image-preview":"max-image-preview:large","max-video-preview":"max-video-preview:-1"},"canonical":"https:\/\/strangercam.com\/es\/citas-por-camara\/","og_locale":"es_ES","og_type":"article","og_title":"Cam Dating with Video Chat on Strangercam.com","og_description":"Liking Cam Dating? Join millions on StrangerCam.com! Start a random video chat, turn on your cam, and meet strangers instantly.","og_url":"https:\/\/strangercam.com\/es\/citas-por-camara\/","og_site_name":"Strangercam","article_publisher":"https:\/\/www.facebook.com\/strangercam","article_modified_time":"2025-09-08T08:12:00+00:00","og_image":[{"width":800,"height":532,"url":"https:\/\/strangercam.com\/wp-content\/uploads\/2021\/10\/Untitled-2.png","type":"image\/png"}],"twitter_card":"summary_large_image","twitter_site":"@strangercamapp","twitter_misc":{"Tiempo de lectura":"4 minutos"},"schema":{"@context":"https:\/\/schema.org","@graph":[{"@type":"WebPage","@id":"https:\/\/strangercam.com\/cam-dating\/","url":"https:\/\/strangercam.com\/cam-dating\/","name":"Citas por c\u00e1mara con chat de v\u00eddeo en Strangercam.com","isPartOf":{"@id":"https:\/\/strangercam.com\/#website"},"datePublished":"2025-09-08T06:04:51+00:00","dateModified":"2025-09-08T08:12:00+00:00","description":"\u00bfTe gustan las citas por webcam? \u00a1Join millones en StrangerCam.com! Inicia un videochat aleatorio, enciende tu c\u00e1mara y conoce a desconocidos al instante.","breadcrumb":{"@id":"https:\/\/strangercam.com\/cam-dating\/#breadcrumb"},"inLanguage":"es","potentialAction":[{"@type":"ReadAction","target":["https:\/\/strangercam.com\/cam-dating\/"]}]},{"@type":"BreadcrumbList","@id":"https:\/\/strangercam.com\/cam-dating\/#breadcrumb","itemListElement":[{"@type":"ListItem","position":1,"name":"Home","item":"https:\/\/strangercam.com\/"},{"@type":"ListItem","position":2,"name":"Cam Dating"}]},{"@type":"WebSite","@id":"https:\/\/strangercam.com\/#website","url":"https:\/\/strangercam.com\/","name":"Strangercam","description":"Videochat aleatorio con desconocidos","publisher":{"@id":"https:\/\/strangercam.com\/#organization"},"alternateName":"Strangercam.com","potentialAction":[{"@type":"SearchAction","target":{"@type":"EntryPoint","urlTemplate":"https:\/\/strangercam.com\/?s={search_term_string}"},"query-input":{"@type":"PropertyValueSpecification","valueRequired":true,"valueName":"search_term_string"}}],"inLanguage":"es"},{"@type":"Organization","@id":"https:\/\/strangercam.com\/#organization","name":"Strangercam","alternateName":"Strangercam.com","url":"https:\/\/strangercam.com\/","logo":{"@type":"ImageObject","inLanguage":"es","@id":"https:\/\/strangercam.com\/#\/schema\/logo\/image\/","url":"https:\/\/strangercam.com\/wp-content\/uploads\/2020\/11\/cropped-new-favicon-black.png","contentUrl":"https:\/\/strangercam.com\/wp-content\/uploads\/2020\/11\/cropped-new-favicon-black.png","width":512,"height":512,"caption":"Strangercam"},"image":{"@id":"https:\/\/strangercam.com\/#\/schema\/logo\/image\/"},"sameAs":["https:\/\/www.facebook.com\/strangercam","https:\/\/x.com\/strangercamapp"]}]}},"_links":{"self":[{"href":"https:\/\/strangercam.com\/es\/wp-json\/wp\/v2\/pages\/4141","targetHints":{"allow":["GET"]}}],"collection":[{"href":"https:\/\/strangercam.com\/es\/wp-json\/wp\/v2\/pages"}],"about":[{"href":"https:\/\/strangercam.com\/es\/wp-json\/wp\/v2\/types\/page"}],"author":[{"embeddable":true,"href":"https:\/\/strangercam.com\/es\/wp-json\/wp\/v2\/users\/8"}],"replies":[{"embeddable":true,"href":"https:\/\/strangercam.com\/es\/wp-json\/wp\/v2\/comments?post=4141"}],"version-history":[{"count":2,"href":"https:\/\/strangercam.com\/es\/wp-json\/wp\/v2\/pages\/4141\/revisions"}],"predecessor-version":[{"id":13014,"href":"https:\/\/strangercam.com\/es\/wp-json\/wp\/v2\/pages\/4141\/revisions\/13014"}],"wp:attachment":[{"href":"https:\/\/strangercam.com\/es\/wp-json\/wp\/v2\/media?parent=4141"}],"curies":[{"name":"wp","href":"https:\/\/api.w.org\/{rel}","templated":true}]}}