{"id":4124,"date":"2025-09-08T08:02:09","date_gmt":"2025-09-08T06:02:09","guid":{"rendered":"https:\/\/strangercam.com\/?page_id=4124"},"modified":"2025-09-08T10:06:04","modified_gmt":"2025-09-08T08:06:04","slug":"camara-con-extranos","status":"publish","type":"page","link":"https:\/\/strangercam.com\/es\/cam-with-strangers\/","title":{"rendered":"Cam con desconocidos"},"content":{"rendered":"<p>\u00bfBusca la mejor manera de <a href=\"https:\/\/strangercam.com\/es\/bazoocam\/\">leva<\/a> con desconocidos? No es el \u00fanico. Millones de personas buscan cada mes la forma de conectar instant\u00e1neamente con gente nueva a trav\u00e9s del chat de v\u00eddeo en directo. A diferencia de las redes sociales o las aplicaciones de citas, que requieren perfiles, registros o interminables pases, la c\u00e1mara con desconocidos es espont\u00e1nea: enciendes la webcam, pulsas el bot\u00f3n de inicio y, en cuesti\u00f3n de segundos, est\u00e1s cara a cara con alguien nuevo.<\/p>\n<p>En 2025, plataformas como StrangerCam hacen que sea f\u00e1cil chatear con extra\u00f1os de forma gratuita: sin registro, sin descargas y sin cargos ocultos. Tanto si lo que buscas es hacer amigos, disfrutar de conversaciones informales, ligar un poco o simplemente pasar el rato, el chat por webcam aleatorio es una de las formas m\u00e1s divertidas y aut\u00e9nticas de conectar en l\u00ednea.<\/p>\n<p>Esta gu\u00eda te explicar\u00e1 todo lo que necesitas saber: qu\u00e9 significa hacer cam con desconocidos, por qu\u00e9 es tan popular, c\u00f3mo funciona, qu\u00e9 caracter\u00edsticas buscar, comparaciones de las principales plataformas, consejos de seguridad y por qu\u00e9 StrangerCam es la mejor opci\u00f3n este a\u00f1o.<\/p>\n<h2>\u00bfQu\u00e9 significa campar con extra\u00f1os?<\/h2>\n<p>Hacer cam con desconocidos significa conectar instant\u00e1neamente con personas al azar en l\u00ednea utilizando el chat de v\u00eddeo en directo. Tu webcam y tu micr\u00f3fono te permiten ver y hablar con los dem\u00e1s en tiempo real, lo que hace que la experiencia sea mucho m\u00e1s aut\u00e9ntica que el chat de texto.<\/p>\n<p>El proceso es sencillo: pulsa un bot\u00f3n, permite tu c\u00e1mara y se te emparejar\u00e1 con un desconocido. Si la conversaci\u00f3n no encaja, pulsa Siguiente para pasar al siguiente chat.<\/p>\n<h2>Por qu\u00e9 a la gente le gusta la c\u00e1mara gratis con desconocidos<\/h2>\n<p>El atractivo de <a href=\"https:\/\/strangercam.com\/es\/cam-to-cam-chat\/\">c\u00e1mara libre<\/a> con desconocidos es f\u00e1cil de entender:<\/p>\n<ul>\n<li>Espontaneidad: cada charla es una sorpresa, nunca se sabe qui\u00e9n es el siguiente.<\/li>\n<li>Autenticidad: El v\u00eddeo garantiza que est\u00e1s hablando con personas reales, no con bots.<\/li>\n<li>Sin inscripciones ni compromisos: Haz clic y chatea al instante.<\/li>\n<li>Conexiones globales: Conoce a desconocidos de todo el mundo 24\/7.<\/li>\n<li>Vibraciones divertidas y coquetas: Algunos lo utilizan para hacer amigos; otros disfrutan coqueteando casualmente.<\/li>\n<li>Escape instant\u00e1neo del aburrimiento: Ideal para pasar el rato y entablar nuevas conversaciones.<\/li>\n<\/ul>\n<h2>\u00bfC\u00f3mo funciona Cam With Strangers?<\/h2>\n<p>Empezar es r\u00e1pido y sencillo:<\/p>\n<ol>\n<li>Abre una plataforma como StrangerCam en tu navegador o tel\u00e9fono.<\/li>\n<li>Permite el acceso a tu webcam y micr\u00f3fono.<\/li>\n<li>Haz clic en \"Iniciar chat\".<\/li>\n<li>Habla cara a cara con un desconocido al azar.<\/li>\n<li>Pulsa \"Siguiente\" cada vez que quieras conocer a alguien nuevo.<\/li>\n<\/ol>\n<p>Algunas plataformas tambi\u00e9n te permiten filtrar por sexo, ubicaci\u00f3n o incluso utilizar herramientas de traducci\u00f3n para conversaciones internacionales.<\/p>\n<h2>Caracter\u00edsticas principales<\/h2>\n<p>No todas las plataformas de chat por webcam son iguales. Si quieres la mejor experiencia con extra\u00f1os, busca estas caracter\u00edsticas:<\/p>\n<h3>1. Acceso realmente libre<\/h3>\n<p>Evite los sitios que dicen ser gratuitos pero restringen funciones esenciales tras muros de pago.<\/p>\n<h3>2. No es necesario inscribirse<\/h3>\n<p>Las mejores plataformas te permiten permanecer en el anonimato y empezar a chatear al instante.<\/p>\n<h3>3. Filtros de g\u00e9nero y ubicaci\u00f3n<\/h3>\n<p>\u00datil para emparejarte con el tipo de personas que te interesan.<\/p>\n<h3>4. Moderaci\u00f3n segura<\/h3>\n<p>Las buenas plataformas cuentan con s\u00f3lidos sistemas de denuncia y moderadores para eliminar bots y usuarios inapropiados.<\/p>\n<h3>5. Dise\u00f1o compatible con dispositivos m\u00f3viles<\/h3>\n<p>Deber\u00edas poder campar a tus anchas con desconocidos tanto en tu ordenador como en tu smartphone.<\/p>\n<h3>6. V\u00eddeo y audio de alta calidad<\/h3>\n<p>Las conexiones fluidas hacen que las conversaciones sean naturales y agradables.<\/p>\n<h2>Las mejores plataformas para campar con desconocidos en 2025<\/h2>\n<p>Aqu\u00ed tienes una comparativa de los sitios m\u00e1s populares donde puedes campar con desconocidos:<\/p>\n<table>\n<thead>\n<tr>\n<th>Plataforma<\/th>\n<th align=\"center\">Acceso gratuito<\/th>\n<th align=\"center\">Filtro de g\u00e9nero<\/th>\n<th align=\"center\">Se necesita inscripci\u00f3n<\/th>\n<th align=\"center\">Asistencia m\u00f3vil<\/th>\n<th align=\"center\">Moderaci\u00f3n<\/th>\n<th>Notas<\/th>\n<\/tr>\n<\/thead>\n<tbody>\n<tr>\n<td>StrangerCam<\/td>\n<td align=\"center\">\u2705<\/td>\n<td align=\"center\">\u2705 (Gratis)<\/td>\n<td align=\"center\">\u274c<\/td>\n<td align=\"center\">\u2705<\/td>\n<td align=\"center\">\u2705<\/td>\n<td>La mejor opci\u00f3n general, realmente gratis<\/td>\n<\/tr>\n<tr>\n<td><a href=\"https:\/\/strangercam.com\/es\/chatroulette\/\">Chatroulette<\/a><\/td>\n<td align=\"center\">\u2705<\/td>\n<td align=\"center\">\u274c (de pago)<\/td>\n<td align=\"center\">\u274c<\/td>\n<td align=\"center\">\u2705<\/td>\n<td align=\"center\">\u2705<\/td>\n<td>Plataforma cl\u00e1sica, coste de los filtros<\/td>\n<\/tr>\n<tr>\n<td>Chatrandom<\/td>\n<td align=\"center\">\u2705<\/td>\n<td align=\"center\">\u274c (de pago)<\/td>\n<td align=\"center\">\u274c<\/td>\n<td align=\"center\">\u2705<\/td>\n<td align=\"center\">\u2705<\/td>\n<td>Popular, pero exige mejoras<\/td>\n<\/tr>\n<tr>\n<td><a href=\"https:\/\/strangercam.com\/es\/ometv\/\">OmeTV<\/a><\/td>\n<td align=\"center\">\u2705<\/td>\n<td align=\"center\">\u274c<\/td>\n<td align=\"center\">\u274c<\/td>\n<td align=\"center\">\u2705<\/td>\n<td align=\"center\">\u2705<\/td>\n<td>Emparejamiento aleatorio basado en aplicaciones<\/td>\n<\/tr>\n<tr>\n<td>Shagle<\/td>\n<td align=\"center\">\u2705<\/td>\n<td align=\"center\">\u274c (de pago)<\/td>\n<td align=\"center\">\u274c<\/td>\n<td align=\"center\">\u2705<\/td>\n<td align=\"center\">\u2705<\/td>\n<td>Entrada libre, ascensos de categor\u00eda<\/td>\n<\/tr>\n<tr>\n<td><a href=\"https:\/\/strangercam.com\/es\/coomeet\/\">CooMeet<\/a><\/td>\n<td align=\"center\">\u274c (Prueba)<\/td>\n<td align=\"center\">\u2705<\/td>\n<td align=\"center\">\u2705<\/td>\n<td align=\"center\">\u2705<\/td>\n<td align=\"center\">\u2705<\/td>\n<td>De pago tras una breve prueba gratuita<\/td>\n<\/tr>\n<tr>\n<td>LuckyCrush<\/td>\n<td align=\"center\">\u274c<\/td>\n<td align=\"center\">\u2705<\/td>\n<td align=\"center\">\u2705<\/td>\n<td align=\"center\">\u2705<\/td>\n<td align=\"center\">\u2705<\/td>\n<td>Charla siempre remunerada y basada en el g\u00e9nero<\/td>\n<\/tr>\n<\/tbody>\n<\/table>\n<p>Entre ellas, StrangerCam es una de las pocas plataformas que ofrecen c\u00e1maras gratis con desconocidos con un filtro de g\u00e9nero real y sin necesidad de registrarse.<\/p>\n<h2>Por qu\u00e9 StrangerCam es la mejor opci\u00f3n<\/h2>\n<p>A continuaci\u00f3n te explicamos por qu\u00e9 StrangerCam es la mejor plataforma para hacer camming con desconocidos en 2025:<\/p>\n<h3>1. Completamente gratis e ilimitado<\/h3>\n<p>Sin costes ocultos, cr\u00e9ditos ni l\u00edmites de tiempo.<\/p>\n<h3>2. Filtro de g\u00e9nero gratuito<\/h3>\n<p>Elige chicos, chicas o ambos, sin muros de pago.<\/p>\n<h3>3. No es necesario inscribirse<\/h3>\n<p>Mant\u00e9n el anonimato y empieza a chatear al instante.<\/p>\n<h3>4. Seguro y moderado<\/h3>\n<p>La moderaci\u00f3n activa y las funciones de informaci\u00f3n mantienen limpia la plataforma.<\/p>\n<h3>5. Base mundial de usuarios<\/h3>\n<p>Conoce a desconocidos de m\u00e1s de 100 pa\u00edses en cualquier momento.<\/p>\n<h3>6. Optimizado para todos los dispositivos<\/h3>\n<p>Funciona sin problemas en ordenadores de sobremesa, tabletas y tel\u00e9fonos m\u00f3viles.<\/p>\n<h2>Testimonios de usuarios reales<\/h2>\n<blockquote><p><em>\"Buscaba una forma de hacer cam con desconocidos gratis, y StrangerCam era el \u00fanico sitio que no me empujaba a pagar\".<\/em><br \/>\n- Liam, 26 a\u00f1os<\/p><\/blockquote>\n<blockquote><p><em>\"El filtro de g\u00e9nero es gratuito y funciona de maravilla, algo poco habitual en este tipo de sitios\".<\/em><br \/>\n- Sof\u00eda, 22 a\u00f1os<\/p><\/blockquote>\n<blockquote><p><em>\"Conect\u00e9 con gente de cuatro continentes distintos en una sola tarde. Es adictivo\".<\/em><br \/>\n- Ryan, 30 a\u00f1os<\/p><\/blockquote>\n<blockquote><p><em>\"Me parece m\u00e1s seguro que otros sitios que he probado, gracias a las herramientas de moderaci\u00f3n\".<\/em><br \/>\n- Emma, 20 a\u00f1os<\/p><\/blockquote>\n<h2>Consejos de seguridad para campar con desconocidos<\/h2>\n<p>Aunque los chats por c\u00e1mara son divertidos, ten siempre presente la seguridad:<\/p>\n<ul>\n<li>Nunca compartas datos personales (tel\u00e9fono, correo electr\u00f3nico, direcci\u00f3n).<\/li>\n<li>No haga clic en enlaces sospechosos enviados por desconocidos.<\/li>\n<li>Utilice \"Siguiente\" libremente si se siente inc\u00f3modo.<\/li>\n<li>Comprueba tus antecedentes antes de encender la webcam.<\/li>\n<li>Utiliza herramientas de informaci\u00f3n para bloquear o denunciar a los malos usuarios.<\/li>\n<li>Respeta las restricciones de edad: si tienes menos de 18 a\u00f1os, no utilices sitios de chat para adultos.<\/li>\n<\/ul>\n<h2>C\u00f3mo empezar - Paso a paso<\/h2>\n<p>S\u00f3lo se tarda unos segundos en empezar a hacer camming con desconocidos:<\/p>\n<ol>\n<li>Abre StrangerCam en tu dispositivo.<\/li>\n<li>Permitir el acceso a la c\u00e1mara web y al micr\u00f3fono.<\/li>\n<li>Elige preferencias (como filtros de g\u00e9nero).<\/li>\n<li>Haz clic en Iniciar chat para conectarte al instante.<\/li>\n<li>Pulsa Siguiente en cualquier momento para conocer a alguien nuevo.<\/li>\n<\/ol>\n<p>R\u00e1pido, sencillo y 100% gratis.<\/p>\n<p>En 2025, una de las formas m\u00e1s f\u00e1ciles y divertidas de conocer gente nueva en Internet es hacer cam con desconocidos. Es espont\u00e1neo, aut\u00e9ntico y te ofrece conexiones instant\u00e1neas con gente real de todo el mundo.<\/p>\n<p>Sin embargo, no todas las plataformas lo consiguen: muchas ocultan filtros tras muros de pago o est\u00e1n llenas de bots. Por eso StrangerCam es la mejor opci\u00f3n: es gratuita, segura, an\u00f3nima y siempre est\u00e1 llena de usuarios dispuestos a chatear.<\/p>\n<p>\u00bfListo para probar? Inicia hoy mismo una c\u00e1mara gratuita con desconocidos y descubre a qui\u00e9n conocer\u00e1s despu\u00e9s.<\/p>","protected":false},"excerpt":{"rendered":"<p>Are you looking for the best way to cam with strangers? You\u2019re not alone. Millions of people every month search for ways to connect instantly with new people online through live video chat. Unlike social networks or dating apps that require profiles, signups, or endless swiping, cam with strangers is about spontaneity: you turn on [&hellip;]<\/p>\n","protected":false},"author":8,"featured_media":0,"parent":0,"menu_order":0,"comment_status":"closed","ping_status":"closed","template":"","meta":{"footnotes":""},"class_list":["post-4124","page","type-page","status-publish","hentry"],"yoast_head":"<!-- This site is optimized with the Yoast SEO plugin v27.4 - https:\/\/yoast.com\/product\/yoast-seo-wordpress\/ -->\n<title>Cam With Strangers with Video Chat on Strangercam.com<\/title>\n<meta name=\"description\" content=\"Liking Cam With Strangers? Join millions on StrangerCam.com! Start a random video chat, turn on your cam, and meet strangers instantly.\" \/>\n<meta name=\"robots\" content=\"index, follow, max-snippet:-1, max-image-preview:large, max-video-preview:-1\" \/>\n<link rel=\"canonical\" href=\"https:\/\/strangercam.com\/es\/camara-con-extranos\/\" \/>\n<meta property=\"og:locale\" content=\"es_ES\" \/>\n<meta property=\"og:type\" content=\"article\" \/>\n<meta property=\"og:title\" content=\"Cam With Strangers with Video Chat on Strangercam.com\" \/>\n<meta property=\"og:description\" content=\"Liking Cam With Strangers? Join millions on StrangerCam.com! Start a random video chat, turn on your cam, and meet strangers instantly.\" \/>\n<meta property=\"og:url\" content=\"https:\/\/strangercam.com\/es\/camara-con-extranos\/\" \/>\n<meta property=\"og:site_name\" content=\"Strangercam\" \/>\n<meta property=\"article:publisher\" content=\"https:\/\/www.facebook.com\/strangercam\" \/>\n<meta property=\"article:modified_time\" content=\"2025-09-08T08:06:04+00:00\" \/>\n<meta property=\"og:image\" content=\"https:\/\/strangercam.com\/wp-content\/uploads\/2021\/10\/Untitled-2.png\" \/>\n\t<meta property=\"og:image:width\" content=\"800\" \/>\n\t<meta property=\"og:image:height\" content=\"532\" \/>\n\t<meta property=\"og:image:type\" content=\"image\/png\" \/>\n<meta name=\"twitter:card\" content=\"summary_large_image\" \/>\n<meta name=\"twitter:site\" content=\"@strangercamapp\" \/>\n<meta name=\"twitter:label1\" content=\"Tiempo de lectura\" \/>\n\t<meta name=\"twitter:data1\" content=\"5 minutos\" \/>\n<script type=\"application\/ld+json\" class=\"yoast-schema-graph\">{\"@context\":\"https:\\\/\\\/schema.org\",\"@graph\":[{\"@type\":\"WebPage\",\"@id\":\"https:\\\/\\\/strangercam.com\\\/cam-with-strangers\\\/\",\"url\":\"https:\\\/\\\/strangercam.com\\\/cam-with-strangers\\\/\",\"name\":\"Cam With Strangers with Video Chat on Strangercam.com\",\"isPartOf\":{\"@id\":\"https:\\\/\\\/strangercam.com\\\/#website\"},\"datePublished\":\"2025-09-08T06:02:09+00:00\",\"dateModified\":\"2025-09-08T08:06:04+00:00\",\"description\":\"Liking Cam With Strangers? Join millions on StrangerCam.com! Start a random video chat, turn on your cam, and meet strangers instantly.\",\"breadcrumb\":{\"@id\":\"https:\\\/\\\/strangercam.com\\\/cam-with-strangers\\\/#breadcrumb\"},\"inLanguage\":\"es\",\"potentialAction\":[{\"@type\":\"ReadAction\",\"target\":[\"https:\\\/\\\/strangercam.com\\\/cam-with-strangers\\\/\"]}]},{\"@type\":\"BreadcrumbList\",\"@id\":\"https:\\\/\\\/strangercam.com\\\/cam-with-strangers\\\/#breadcrumb\",\"itemListElement\":[{\"@type\":\"ListItem\",\"position\":1,\"name\":\"Home\",\"item\":\"https:\\\/\\\/strangercam.com\\\/\"},{\"@type\":\"ListItem\",\"position\":2,\"name\":\"Cam With Strangers\"}]},{\"@type\":\"WebSite\",\"@id\":\"https:\\\/\\\/strangercam.com\\\/#website\",\"url\":\"https:\\\/\\\/strangercam.com\\\/\",\"name\":\"Strangercam\",\"description\":\"Random Video Chat with Strangers\",\"publisher\":{\"@id\":\"https:\\\/\\\/strangercam.com\\\/#organization\"},\"alternateName\":\"Strangercam.com\",\"potentialAction\":[{\"@type\":\"SearchAction\",\"target\":{\"@type\":\"EntryPoint\",\"urlTemplate\":\"https:\\\/\\\/strangercam.com\\\/?s={search_term_string}\"},\"query-input\":{\"@type\":\"PropertyValueSpecification\",\"valueRequired\":true,\"valueName\":\"search_term_string\"}}],\"inLanguage\":\"es\"},{\"@type\":\"Organization\",\"@id\":\"https:\\\/\\\/strangercam.com\\\/#organization\",\"name\":\"Strangercam\",\"alternateName\":\"Strangercam.com\",\"url\":\"https:\\\/\\\/strangercam.com\\\/\",\"logo\":{\"@type\":\"ImageObject\",\"inLanguage\":\"es\",\"@id\":\"https:\\\/\\\/strangercam.com\\\/#\\\/schema\\\/logo\\\/image\\\/\",\"url\":\"https:\\\/\\\/strangercam.com\\\/wp-content\\\/uploads\\\/2020\\\/11\\\/cropped-new-favicon-black.png\",\"contentUrl\":\"https:\\\/\\\/strangercam.com\\\/wp-content\\\/uploads\\\/2020\\\/11\\\/cropped-new-favicon-black.png\",\"width\":512,\"height\":512,\"caption\":\"Strangercam\"},\"image\":{\"@id\":\"https:\\\/\\\/strangercam.com\\\/#\\\/schema\\\/logo\\\/image\\\/\"},\"sameAs\":[\"https:\\\/\\\/www.facebook.com\\\/strangercam\",\"https:\\\/\\\/x.com\\\/strangercamapp\"]}]}<\/script>\n<!-- \/ Yoast SEO plugin. -->","yoast_head_json":{"title":"Cam Con Extra\u00f1os con Video Chat en Strangercam.com","description":"\u00bfTe gusta la c\u00e1mara con desconocidos? \u00a1Join millones en StrangerCam.com! Inicia un videochat aleatorio, enciende tu c\u00e1mara y conoce a desconocidos al instante.","robots":{"index":"index","follow":"follow","max-snippet":"max-snippet:-1","max-image-preview":"max-image-preview:large","max-video-preview":"max-video-preview:-1"},"canonical":"https:\/\/strangercam.com\/es\/camara-con-extranos\/","og_locale":"es_ES","og_type":"article","og_title":"Cam With Strangers with Video Chat on Strangercam.com","og_description":"Liking Cam With Strangers? Join millions on StrangerCam.com! Start a random video chat, turn on your cam, and meet strangers instantly.","og_url":"https:\/\/strangercam.com\/es\/camara-con-extranos\/","og_site_name":"Strangercam","article_publisher":"https:\/\/www.facebook.com\/strangercam","article_modified_time":"2025-09-08T08:06:04+00:00","og_image":[{"width":800,"height":532,"url":"https:\/\/strangercam.com\/wp-content\/uploads\/2021\/10\/Untitled-2.png","type":"image\/png"}],"twitter_card":"summary_large_image","twitter_site":"@strangercamapp","twitter_misc":{"Tiempo de lectura":"5 minutos"},"schema":{"@context":"https:\/\/schema.org","@graph":[{"@type":"WebPage","@id":"https:\/\/strangercam.com\/cam-with-strangers\/","url":"https:\/\/strangercam.com\/cam-with-strangers\/","name":"Cam Con Extra\u00f1os con Video Chat en Strangercam.com","isPartOf":{"@id":"https:\/\/strangercam.com\/#website"},"datePublished":"2025-09-08T06:02:09+00:00","dateModified":"2025-09-08T08:06:04+00:00","description":"\u00bfTe gusta la c\u00e1mara con desconocidos? \u00a1Join millones en StrangerCam.com! Inicia un videochat aleatorio, enciende tu c\u00e1mara y conoce a desconocidos al instante.","breadcrumb":{"@id":"https:\/\/strangercam.com\/cam-with-strangers\/#breadcrumb"},"inLanguage":"es","potentialAction":[{"@type":"ReadAction","target":["https:\/\/strangercam.com\/cam-with-strangers\/"]}]},{"@type":"BreadcrumbList","@id":"https:\/\/strangercam.com\/cam-with-strangers\/#breadcrumb","itemListElement":[{"@type":"ListItem","position":1,"name":"Home","item":"https:\/\/strangercam.com\/"},{"@type":"ListItem","position":2,"name":"Cam With Strangers"}]},{"@type":"WebSite","@id":"https:\/\/strangercam.com\/#website","url":"https:\/\/strangercam.com\/","name":"Strangercam","description":"Videochat aleatorio con desconocidos","publisher":{"@id":"https:\/\/strangercam.com\/#organization"},"alternateName":"Strangercam.com","potentialAction":[{"@type":"SearchAction","target":{"@type":"EntryPoint","urlTemplate":"https:\/\/strangercam.com\/?s={search_term_string}"},"query-input":{"@type":"PropertyValueSpecification","valueRequired":true,"valueName":"search_term_string"}}],"inLanguage":"es"},{"@type":"Organization","@id":"https:\/\/strangercam.com\/#organization","name":"Strangercam","alternateName":"Strangercam.com","url":"https:\/\/strangercam.com\/","logo":{"@type":"ImageObject","inLanguage":"es","@id":"https:\/\/strangercam.com\/#\/schema\/logo\/image\/","url":"https:\/\/strangercam.com\/wp-content\/uploads\/2020\/11\/cropped-new-favicon-black.png","contentUrl":"https:\/\/strangercam.com\/wp-content\/uploads\/2020\/11\/cropped-new-favicon-black.png","width":512,"height":512,"caption":"Strangercam"},"image":{"@id":"https:\/\/strangercam.com\/#\/schema\/logo\/image\/"},"sameAs":["https:\/\/www.facebook.com\/strangercam","https:\/\/x.com\/strangercamapp"]}]}},"_links":{"self":[{"href":"https:\/\/strangercam.com\/es\/wp-json\/wp\/v2\/pages\/4124","targetHints":{"allow":["GET"]}}],"collection":[{"href":"https:\/\/strangercam.com\/es\/wp-json\/wp\/v2\/pages"}],"about":[{"href":"https:\/\/strangercam.com\/es\/wp-json\/wp\/v2\/types\/page"}],"author":[{"embeddable":true,"href":"https:\/\/strangercam.com\/es\/wp-json\/wp\/v2\/users\/8"}],"replies":[{"embeddable":true,"href":"https:\/\/strangercam.com\/es\/wp-json\/wp\/v2\/comments?post=4124"}],"version-history":[{"count":2,"href":"https:\/\/strangercam.com\/es\/wp-json\/wp\/v2\/pages\/4124\/revisions"}],"predecessor-version":[{"id":13013,"href":"https:\/\/strangercam.com\/es\/wp-json\/wp\/v2\/pages\/4124\/revisions\/13013"}],"wp:attachment":[{"href":"https:\/\/strangercam.com\/es\/wp-json\/wp\/v2\/media?parent=4124"}],"curies":[{"name":"wp","href":"https:\/\/api.w.org\/{rel}","templated":true}]}}