{"id":4107,"date":"2025-09-08T08:58:53","date_gmt":"2025-09-08T06:58:53","guid":{"rendered":"https:\/\/strangercam.com\/?page_id=4107"},"modified":"2025-09-08T10:03:26","modified_gmt":"2025-09-08T08:03:26","slug":"camara-uno-a-uno","status":"publish","type":"page","link":"https:\/\/strangercam.com\/es\/one-on-one-cam\/","title":{"rendered":"C\u00e1mara individual"},"content":{"rendered":"<p>\u00bfEst\u00e1s buscando el mejor uno a uno <a href=\"https:\/\/strangercam.com\/es\/bazoocam\/\">leva<\/a> experiencia? No eres el \u00fanico. Millones de personas de todo el mundo prefieren los chats privados cara a cara a las ruidosas salas de grupo o las abarrotadas redes sociales. Con la c\u00e1mara uno a uno, tendr\u00e1s conversaciones directas y personales con desconocidos o nuevos amigos: s\u00f3lo t\u00fa y otra persona en v\u00eddeo, sin distracciones.<\/p>\n<p>En 2025, plataformas como StrangerCam permiten disfrutar de un cara a cara gratuito. <a href=\"https:\/\/strangercam.com\/es\/cam-to-cam-chat\/\">cam chat<\/a> al instante, sin registros, descargas ni cargos ocultos. Tanto si buscas amistad, diversi\u00f3n casual, flirteo o simplemente una conversaci\u00f3n significativa, la c\u00e1mara uno a uno te ofrece la privacidad y espontaneidad que los chats en grupo o las aplicaciones de citas no pueden ofrecerte.<\/p>\n<p>Esta gu\u00eda te explicar\u00e1 todo lo que necesitas saber: qu\u00e9 es una c\u00e1mara uno a uno, por qu\u00e9 a la gente le encanta, c\u00f3mo funciona, las caracter\u00edsticas m\u00e1s importantes, comparaciones de plataformas, consejos de seguridad y por qu\u00e9 StrangerCam es uno de los mejores lugares para chatear uno a uno por c\u00e1mara en 2025.<\/p>\n<h2>\u00bfQu\u00e9 es la c\u00e1mara individual?<\/h2>\n<p>La c\u00e1mara individual es un videochat privado en directo en el que te conectas instant\u00e1neamente con otra persona a trav\u00e9s de una c\u00e1mara web y un micr\u00f3fono. A diferencia de las salas de chat en grupo o el chat basado en texto, la experiencia es m\u00e1s personal y centrada.<\/p>\n<p>La idea es sencilla: pulsa un bot\u00f3n, activa tu webcam y en unos segundos estar\u00e1s en una videollamada privada cara a cara con un desconocido. Si la conversaci\u00f3n no cuaja, pulsa Siguiente y te conectar\u00e1s con alguien nuevo.<\/p>\n<h2>Por qu\u00e9 a la gente le encanta el chat por webcam<\/h2>\n<p>La popularidad de las c\u00e1maras privadas gratuitas ha crecido porque ofrecen algo \u00fanico:<\/p>\n<ul>\n<li>Privacidad: Las conversaciones son individuales, no en un grupo muy concurrido.<\/li>\n<li>Autenticidad: El videochat garantiza que est\u00e1s hablando con una persona real, no con un bot.<\/li>\n<li>Espontaneidad: Cada nueva charla es una sorpresa.<\/li>\n<li>Sin distracciones: No hay multitudes mirando - s\u00f3lo usted y otra persona.<\/li>\n<li>Amistad y flirteo: Ideal para hacer amigos, compartir historias o diversi\u00f3n casual.<\/li>\n<li>Acceso instant\u00e1neo: Sin perfiles, biograf\u00edas ni largas inscripciones: haz clic y con\u00e9ctate.<\/li>\n<\/ul>\n<h2>\u00bfC\u00f3mo funciona la c\u00e1mara individual?<\/h2>\n<p>El proceso es sencillo y apto para principiantes:<\/p>\n<ol>\n<li>Abre la plataforma (escritorio o m\u00f3vil).<\/li>\n<li>Permitir el acceso a la c\u00e1mara y al micr\u00f3fono.<\/li>\n<li>Haz clic en \"Iniciar chat\".<\/li>\n<li>Con\u00e9ctate al instante con una persona en una sesi\u00f3n de c\u00e1mara privada.<\/li>\n<li>Pulsa \"Siguiente\" para avanzar cuando quieras.<\/li>\n<\/ol>\n<p>Algunas plataformas tambi\u00e9n ofrecen filtros de g\u00e9nero, selecci\u00f3n de pa\u00edses o incluso herramientas de traducci\u00f3n autom\u00e1tica para conexiones internacionales.<\/p>\n<h2>Caracter\u00edsticas principales<\/h2>\n<p>A la hora de elegir una plataforma de levas uno a uno, busque estas caracter\u00edsticas importantes:<\/p>\n<h3>1. Acceso realmente libre<\/h3>\n<p>Evite las plataformas que se anuncian como \"gratuitas\" pero bloquean funciones clave tras muros de pago.<\/p>\n<h3>2. No es necesario inscribirse<\/h3>\n<p>Mant\u00e9ngase en el anonimato: no es necesario registrarse.<\/p>\n<h3>3. Filtros de g\u00e9nero y ubicaci\u00f3n<\/h3>\n<p>\u00datil para encontrar el tipo de persona con la que quieres chatear.<\/p>\n<h3>4. Privado y seguro<\/h3>\n<p>Aseg\u00farese de que la plataforma ofrece moderaci\u00f3n y herramientas para bloquear\/denunciar.<\/p>\n<h3>5. Dise\u00f1o compatible con dispositivos m\u00f3viles<\/h3>\n<p>El servicio deber\u00eda funcionar tanto en tel\u00e9fonos como en ordenadores de sobremesa.<\/p>\n<h3>6. V\u00eddeo y audio de alta calidad<\/h3>\n<p>Las conexiones claras hacen que las conversaciones sean m\u00e1s fluidas y agradables.<\/p>\n<h2>Las mejores plataformas de c\u00e1maras One on One en 2025<\/h2>\n<p>As\u00ed es como se comparan las principales plataformas de chat privado con c\u00e1maras:<\/p>\n<table>\n<thead>\n<tr>\n<th>Plataforma<\/th>\n<th align=\"center\">Acceso gratuito<\/th>\n<th align=\"center\">Filtro de g\u00e9nero<\/th>\n<th align=\"center\">Se necesita inscripci\u00f3n<\/th>\n<th align=\"center\">Asistencia m\u00f3vil<\/th>\n<th align=\"center\">Moderaci\u00f3n<\/th>\n<th>Notas<\/th>\n<\/tr>\n<\/thead>\n<tbody>\n<tr>\n<td>StrangerCam<\/td>\n<td align=\"center\">\u2705<\/td>\n<td align=\"center\">\u2705 (Gratis)<\/td>\n<td align=\"center\">\u274c<\/td>\n<td align=\"center\">\u2705<\/td>\n<td align=\"center\">\u2705<\/td>\n<td>La mejor opci\u00f3n completa, c\u00e1mara privada uno a uno<\/td>\n<\/tr>\n<tr>\n<td><a href=\"https:\/\/strangercam.com\/es\/chatroulette\/\">Chatroulette<\/a><\/td>\n<td align=\"center\">\u2705<\/td>\n<td align=\"center\">\u274c (de pago)<\/td>\n<td align=\"center\">\u274c<\/td>\n<td align=\"center\">\u2705<\/td>\n<td align=\"center\">\u2705<\/td>\n<td>Cl\u00e1sico, pero con filtros de g\u00e9nero bloqueados<\/td>\n<\/tr>\n<tr>\n<td>Chatrandom<\/td>\n<td align=\"center\">\u2705<\/td>\n<td align=\"center\">\u274c (de pago)<\/td>\n<td align=\"center\">\u274c<\/td>\n<td align=\"center\">\u2705<\/td>\n<td align=\"center\">\u2705<\/td>\n<td>Popular, pero las mejoras se imponen<\/td>\n<\/tr>\n<tr>\n<td><a href=\"https:\/\/strangercam.com\/es\/ometv\/\">OmeTV<\/a><\/td>\n<td align=\"center\">\u2705<\/td>\n<td align=\"center\">\u274c<\/td>\n<td align=\"center\">\u274c<\/td>\n<td align=\"center\">\u2705<\/td>\n<td align=\"center\">\u2705<\/td>\n<td>S\u00f3lo al azar, aplicaci\u00f3n m\u00f3vil<\/td>\n<\/tr>\n<tr>\n<td>Shagle<\/td>\n<td align=\"center\">\u2705<\/td>\n<td align=\"center\">\u274c (de pago)<\/td>\n<td align=\"center\">\u274c<\/td>\n<td align=\"center\">\u2705<\/td>\n<td align=\"center\">\u2705<\/td>\n<td>Uso b\u00e1sico gratuito, actualizaciones premium<\/td>\n<\/tr>\n<tr>\n<td><a href=\"https:\/\/strangercam.com\/es\/coomeet\/\">CooMeet<\/a><\/td>\n<td align=\"center\">\u274c (Prueba)<\/td>\n<td align=\"center\">\u2705<\/td>\n<td align=\"center\">\u2705<\/td>\n<td align=\"center\">\u2705<\/td>\n<td align=\"center\">\u2705<\/td>\n<td>De pago tras el juicio, se centra en los chats de chicas<\/td>\n<\/tr>\n<tr>\n<td>LuckyCrush<\/td>\n<td align=\"center\">\u274c<\/td>\n<td align=\"center\">\u2705<\/td>\n<td align=\"center\">\u2705<\/td>\n<td align=\"center\">\u2705<\/td>\n<td align=\"center\">\u2705<\/td>\n<td>Siempre remunerado, equiparaci\u00f3n en funci\u00f3n del sexo<\/td>\n<\/tr>\n<\/tbody>\n<\/table>\n<p>StrangerCam destaca por ser una de las \u00fanicas plataformas que ofrecen chat por webcam gratis uno a uno con un filtro de g\u00e9nero que funciona y sin necesidad de registrarse.<\/p>\n<h2>Por qu\u00e9 StrangerCam es la mejor opci\u00f3n<\/h2>\n<p>A continuaci\u00f3n te explicamos por qu\u00e9 StrangerCam es la mejor opci\u00f3n en 2025 para c\u00e1maras uno a uno:<\/p>\n<h3>1. Completamente gratis e ilimitado<\/h3>\n<p>Sin costes ocultos, cr\u00e9ditos ni l\u00edmites de prueba.<\/p>\n<h3>2. Sesiones privadas a puerta cerrada<\/h3>\n<p>Videollamadas personales sin distracciones de grupo.<\/p>\n<h3>3. Filtro de g\u00e9nero libre<\/h3>\n<p>Seleccione con qui\u00e9n desea reunirse sin pagar.<\/p>\n<h3>4. No es necesario inscribirse<\/h3>\n<p>Permanezca en el anonimato y con\u00e9ctese al instante.<\/p>\n<h3>5. Seguro y moderado<\/h3>\n<p>La informaci\u00f3n y la moderaci\u00f3n la hacen m\u00e1s segura que la mayor\u00eda.<\/p>\n<h3>6. Funciona en todos los dispositivos<\/h3>\n<p>Optimizado para ordenadores de sobremesa, tabletas y m\u00f3viles.<\/p>\n<h2>Testimonios de usuarios reales<\/h2>\n<blockquote><p><em>\"Estaba cansado de los chats en grupo y quer\u00eda algo m\u00e1s privado. La c\u00e1mara uno a uno de StrangerCam es perfecta: solo yo y la persona con la que hablo\".<\/em><br \/>\n- Daniel, 28 a\u00f1os<\/p><\/blockquote>\n<blockquote><p><em>\"El filtro de g\u00e9nero es gratuito, lo que lo hace mucho mejor que otras plataformas que he probado\".<\/em><br \/>\n- Sophia, 21 a\u00f1os<\/p><\/blockquote>\n<blockquote><p><em>\"He hecho amigos de todo el mundo a trav\u00e9s de la c\u00e1mara uno a uno. Es m\u00e1s personal que los chats en grupo\".<\/em><br \/>\n- Ryan, 30 a\u00f1os<\/p><\/blockquote>\n<blockquote><p><em>\"Es sencillo, r\u00e1pido y seguro. Exactamente lo que quer\u00eda en un chat cam gratis uno a uno\".<\/em><br \/>\n- Mia, 19 a\u00f1os<\/p><\/blockquote>\n<h2>Consejos de seguridad para la c\u00e1mara individual<\/h2>\n<p>Aunque los chats uno a uno por c\u00e1mara son divertidos, ten en cuenta estos consejos de seguridad:<\/p>\n<ul>\n<li>No compartas datos personales (n\u00famero de tel\u00e9fono, direcci\u00f3n, correo electr\u00f3nico).<\/li>\n<li>Omite o bloquea a cualquiera que te incomode.<\/li>\n<li>Evite hacer clic en enlaces compartidos por desconocidos.<\/li>\n<li>Compruebe sus antecedentes para proteger su intimidad.<\/li>\n<li>Utilizar herramientas de la plataforma como los informes y el bloqueo.<\/li>\n<li>Respeta los l\u00edmites de edad: si tienes menos de 18 a\u00f1os, no utilices sitios de chat con c\u00e1maras para adultos.<\/li>\n<\/ul>\n<h2>C\u00f3mo empezar - Paso a paso<\/h2>\n<p>Se tarda menos de un minuto en iniciar un chat uno a uno:<\/p>\n<ol>\n<li>Abre StrangerCam en tu dispositivo.<\/li>\n<li>Permite el acceso a tu c\u00e1mara y micr\u00f3fono.<\/li>\n<li>Elige tus preferencias (como el filtro de g\u00e9nero).<\/li>\n<li>Haz clic en Iniciar chat para conectarte al instante.<\/li>\n<li>Disfruta de tu chat privado.<\/li>\n<\/ol>\n<p>R\u00e1pido, f\u00e1cil y gratuito.<\/p>\n<p>En 2025, las c\u00e1maras uno a uno siguen siendo una de las mejores formas de conectar en Internet. Es personal, espont\u00e1nea y aut\u00e9ntica, y te permite mantener conversaciones reales con desconocidos de todo el mundo.<\/p>\n<p>Pero no todas las plataformas merecen tu tiempo. Muchas ocultan funciones tras muros de pago o inundan sus sitios con bots. Por eso StrangerCam es la mejor opci\u00f3n: es gratis, privada, segura y siempre est\u00e1 activa con gente dispuesta a chatear.<\/p>\n<p>\u00bfListo para probarlo? Inicia hoy mismo un chat por c\u00e1mara individual gratuito y descubre a qui\u00e9n conocer\u00e1s despu\u00e9s.<\/p>","protected":false},"excerpt":{"rendered":"<p>Are you searching for the best one on one cam experience? You\u2019re not alone. Millions of people around the world prefer private, face-to-face chats instead of noisy group rooms or crowded social networks. With one on one cam, you get direct, personal conversations with strangers or new friends\u2014just you and one other person on video, [&hellip;]<\/p>\n","protected":false},"author":8,"featured_media":0,"parent":0,"menu_order":0,"comment_status":"closed","ping_status":"closed","template":"","meta":{"footnotes":""},"class_list":["post-4107","page","type-page","status-publish","hentry"],"yoast_head":"<!-- This site is optimized with the Yoast SEO plugin v27.4 - https:\/\/yoast.com\/product\/yoast-seo-wordpress\/ -->\n<title>One On One Cam with Video Chat on Strangercam.com<\/title>\n<meta name=\"description\" content=\"Liking One On One Cam? Join millions on StrangerCam.com! Start a random video chat, turn on your cam, and meet strangers instantly.\" \/>\n<meta name=\"robots\" content=\"index, follow, max-snippet:-1, max-image-preview:large, max-video-preview:-1\" \/>\n<link rel=\"canonical\" href=\"https:\/\/strangercam.com\/es\/camara-uno-a-uno\/\" \/>\n<meta property=\"og:locale\" content=\"es_ES\" \/>\n<meta property=\"og:type\" content=\"article\" \/>\n<meta property=\"og:title\" content=\"One On One Cam with Video Chat on Strangercam.com\" \/>\n<meta property=\"og:description\" content=\"Liking One On One Cam? Join millions on StrangerCam.com! Start a random video chat, turn on your cam, and meet strangers instantly.\" \/>\n<meta property=\"og:url\" content=\"https:\/\/strangercam.com\/es\/camara-uno-a-uno\/\" \/>\n<meta property=\"og:site_name\" content=\"Strangercam\" \/>\n<meta property=\"article:publisher\" content=\"https:\/\/www.facebook.com\/strangercam\" \/>\n<meta property=\"article:modified_time\" content=\"2025-09-08T08:03:26+00:00\" \/>\n<meta property=\"og:image\" content=\"https:\/\/strangercam.com\/wp-content\/uploads\/2021\/10\/Untitled-2.png\" \/>\n\t<meta property=\"og:image:width\" content=\"800\" \/>\n\t<meta property=\"og:image:height\" content=\"532\" \/>\n\t<meta property=\"og:image:type\" content=\"image\/png\" \/>\n<meta name=\"twitter:card\" content=\"summary_large_image\" \/>\n<meta name=\"twitter:site\" content=\"@strangercamapp\" \/>\n<meta name=\"twitter:label1\" content=\"Tiempo de lectura\" \/>\n\t<meta name=\"twitter:data1\" content=\"5 minutos\" \/>\n<script type=\"application\/ld+json\" class=\"yoast-schema-graph\">{\"@context\":\"https:\\\/\\\/schema.org\",\"@graph\":[{\"@type\":\"WebPage\",\"@id\":\"https:\\\/\\\/strangercam.com\\\/one-on-one-cam\\\/\",\"url\":\"https:\\\/\\\/strangercam.com\\\/one-on-one-cam\\\/\",\"name\":\"One On One Cam with Video Chat on Strangercam.com\",\"isPartOf\":{\"@id\":\"https:\\\/\\\/strangercam.com\\\/#website\"},\"datePublished\":\"2025-09-08T06:58:53+00:00\",\"dateModified\":\"2025-09-08T08:03:26+00:00\",\"description\":\"Liking One On One Cam? Join millions on StrangerCam.com! Start a random video chat, turn on your cam, and meet strangers instantly.\",\"breadcrumb\":{\"@id\":\"https:\\\/\\\/strangercam.com\\\/one-on-one-cam\\\/#breadcrumb\"},\"inLanguage\":\"es\",\"potentialAction\":[{\"@type\":\"ReadAction\",\"target\":[\"https:\\\/\\\/strangercam.com\\\/one-on-one-cam\\\/\"]}]},{\"@type\":\"BreadcrumbList\",\"@id\":\"https:\\\/\\\/strangercam.com\\\/one-on-one-cam\\\/#breadcrumb\",\"itemListElement\":[{\"@type\":\"ListItem\",\"position\":1,\"name\":\"Home\",\"item\":\"https:\\\/\\\/strangercam.com\\\/\"},{\"@type\":\"ListItem\",\"position\":2,\"name\":\"One On One Cam\"}]},{\"@type\":\"WebSite\",\"@id\":\"https:\\\/\\\/strangercam.com\\\/#website\",\"url\":\"https:\\\/\\\/strangercam.com\\\/\",\"name\":\"Strangercam\",\"description\":\"Random Video Chat with Strangers\",\"publisher\":{\"@id\":\"https:\\\/\\\/strangercam.com\\\/#organization\"},\"alternateName\":\"Strangercam.com\",\"potentialAction\":[{\"@type\":\"SearchAction\",\"target\":{\"@type\":\"EntryPoint\",\"urlTemplate\":\"https:\\\/\\\/strangercam.com\\\/?s={search_term_string}\"},\"query-input\":{\"@type\":\"PropertyValueSpecification\",\"valueRequired\":true,\"valueName\":\"search_term_string\"}}],\"inLanguage\":\"es\"},{\"@type\":\"Organization\",\"@id\":\"https:\\\/\\\/strangercam.com\\\/#organization\",\"name\":\"Strangercam\",\"alternateName\":\"Strangercam.com\",\"url\":\"https:\\\/\\\/strangercam.com\\\/\",\"logo\":{\"@type\":\"ImageObject\",\"inLanguage\":\"es\",\"@id\":\"https:\\\/\\\/strangercam.com\\\/#\\\/schema\\\/logo\\\/image\\\/\",\"url\":\"https:\\\/\\\/strangercam.com\\\/wp-content\\\/uploads\\\/2020\\\/11\\\/cropped-new-favicon-black.png\",\"contentUrl\":\"https:\\\/\\\/strangercam.com\\\/wp-content\\\/uploads\\\/2020\\\/11\\\/cropped-new-favicon-black.png\",\"width\":512,\"height\":512,\"caption\":\"Strangercam\"},\"image\":{\"@id\":\"https:\\\/\\\/strangercam.com\\\/#\\\/schema\\\/logo\\\/image\\\/\"},\"sameAs\":[\"https:\\\/\\\/www.facebook.com\\\/strangercam\",\"https:\\\/\\\/x.com\\\/strangercamapp\"]}]}<\/script>\n<!-- \/ Yoast SEO plugin. -->","yoast_head_json":{"title":"C\u00e1mara uno a uno con chat de v\u00eddeo en Strangercam.com","description":"\u00bfTe gusta One On One Cam? \u00a1Join millones en StrangerCam.com! Inicia un videochat aleatorio, enciende tu c\u00e1mara y conoce a desconocidos al instante.","robots":{"index":"index","follow":"follow","max-snippet":"max-snippet:-1","max-image-preview":"max-image-preview:large","max-video-preview":"max-video-preview:-1"},"canonical":"https:\/\/strangercam.com\/es\/camara-uno-a-uno\/","og_locale":"es_ES","og_type":"article","og_title":"One On One Cam with Video Chat on Strangercam.com","og_description":"Liking One On One Cam? Join millions on StrangerCam.com! Start a random video chat, turn on your cam, and meet strangers instantly.","og_url":"https:\/\/strangercam.com\/es\/camara-uno-a-uno\/","og_site_name":"Strangercam","article_publisher":"https:\/\/www.facebook.com\/strangercam","article_modified_time":"2025-09-08T08:03:26+00:00","og_image":[{"width":800,"height":532,"url":"https:\/\/strangercam.com\/wp-content\/uploads\/2021\/10\/Untitled-2.png","type":"image\/png"}],"twitter_card":"summary_large_image","twitter_site":"@strangercamapp","twitter_misc":{"Tiempo de lectura":"5 minutos"},"schema":{"@context":"https:\/\/schema.org","@graph":[{"@type":"WebPage","@id":"https:\/\/strangercam.com\/one-on-one-cam\/","url":"https:\/\/strangercam.com\/one-on-one-cam\/","name":"C\u00e1mara uno a uno con chat de v\u00eddeo en Strangercam.com","isPartOf":{"@id":"https:\/\/strangercam.com\/#website"},"datePublished":"2025-09-08T06:58:53+00:00","dateModified":"2025-09-08T08:03:26+00:00","description":"\u00bfTe gusta One On One Cam? \u00a1Join millones en StrangerCam.com! Inicia un videochat aleatorio, enciende tu c\u00e1mara y conoce a desconocidos al instante.","breadcrumb":{"@id":"https:\/\/strangercam.com\/one-on-one-cam\/#breadcrumb"},"inLanguage":"es","potentialAction":[{"@type":"ReadAction","target":["https:\/\/strangercam.com\/one-on-one-cam\/"]}]},{"@type":"BreadcrumbList","@id":"https:\/\/strangercam.com\/one-on-one-cam\/#breadcrumb","itemListElement":[{"@type":"ListItem","position":1,"name":"Home","item":"https:\/\/strangercam.com\/"},{"@type":"ListItem","position":2,"name":"One On One Cam"}]},{"@type":"WebSite","@id":"https:\/\/strangercam.com\/#website","url":"https:\/\/strangercam.com\/","name":"Strangercam","description":"Videochat aleatorio con desconocidos","publisher":{"@id":"https:\/\/strangercam.com\/#organization"},"alternateName":"Strangercam.com","potentialAction":[{"@type":"SearchAction","target":{"@type":"EntryPoint","urlTemplate":"https:\/\/strangercam.com\/?s={search_term_string}"},"query-input":{"@type":"PropertyValueSpecification","valueRequired":true,"valueName":"search_term_string"}}],"inLanguage":"es"},{"@type":"Organization","@id":"https:\/\/strangercam.com\/#organization","name":"Strangercam","alternateName":"Strangercam.com","url":"https:\/\/strangercam.com\/","logo":{"@type":"ImageObject","inLanguage":"es","@id":"https:\/\/strangercam.com\/#\/schema\/logo\/image\/","url":"https:\/\/strangercam.com\/wp-content\/uploads\/2020\/11\/cropped-new-favicon-black.png","contentUrl":"https:\/\/strangercam.com\/wp-content\/uploads\/2020\/11\/cropped-new-favicon-black.png","width":512,"height":512,"caption":"Strangercam"},"image":{"@id":"https:\/\/strangercam.com\/#\/schema\/logo\/image\/"},"sameAs":["https:\/\/www.facebook.com\/strangercam","https:\/\/x.com\/strangercamapp"]}]}},"_links":{"self":[{"href":"https:\/\/strangercam.com\/es\/wp-json\/wp\/v2\/pages\/4107","targetHints":{"allow":["GET"]}}],"collection":[{"href":"https:\/\/strangercam.com\/es\/wp-json\/wp\/v2\/pages"}],"about":[{"href":"https:\/\/strangercam.com\/es\/wp-json\/wp\/v2\/types\/page"}],"author":[{"embeddable":true,"href":"https:\/\/strangercam.com\/es\/wp-json\/wp\/v2\/users\/8"}],"replies":[{"embeddable":true,"href":"https:\/\/strangercam.com\/es\/wp-json\/wp\/v2\/comments?post=4107"}],"version-history":[{"count":2,"href":"https:\/\/strangercam.com\/es\/wp-json\/wp\/v2\/pages\/4107\/revisions"}],"predecessor-version":[{"id":13012,"href":"https:\/\/strangercam.com\/es\/wp-json\/wp\/v2\/pages\/4107\/revisions\/13012"}],"wp:attachment":[{"href":"https:\/\/strangercam.com\/es\/wp-json\/wp\/v2\/media?parent=4107"}],"curies":[{"name":"wp","href":"https:\/\/api.w.org\/{rel}","templated":true}]}}