{"id":4090,"date":"2025-09-08T07:55:19","date_gmt":"2025-09-08T05:55:19","guid":{"rendered":"https:\/\/strangercam.com\/?page_id=4090"},"modified":"2025-09-08T10:00:45","modified_gmt":"2025-09-08T08:00:45","slug":"chat-para-chicas-de-omegle","status":"publish","type":"page","link":"https:\/\/strangercam.com\/es\/omegle-girl-chat\/","title":{"rendered":"Chat para chicas Omegle"},"content":{"rendered":"<p>\u00bfHa estado buscando <a href=\"https:\/\/strangercam.com\/es\/omegle\/\">Omegle<\/a> chica <a href=\"https:\/\/strangercam.com\/es\/chathub\/\">chat<\/a>? No eres el \u00fanico. Durante a\u00f1os, Omegle fue el lugar de referencia para chats de v\u00eddeo aleatorios, especialmente para quienes buscaban conocer chicas y chatear con ellas en l\u00ednea. Pero desde que Omegle cerr\u00f3 en 2023, millones de usuarios han estado buscando alternativas que ofrezcan la misma emoci\u00f3n de las conexiones espont\u00e1neas, con la ventaja a\u00f1adida de ser m\u00e1s seguras, m\u00e1s modernas y realmente gratuitas.<\/p>\n<p>En 2025, plataformas como StrangerCam permiten disfrutar de chats de chicas gratis en l\u00ednea al instante, sin registros, descargas ni cargos ocultos. Tanto si buscas diversi\u00f3n, flirteo casual, hacer nuevos amigos o simplemente pasar el rato, el chat de chicas al estilo Omegle sigue siendo una de las formas m\u00e1s emocionantes de conectar.<\/p>\n<p>Esta gu\u00eda cubrir\u00e1 todo lo que necesitas saber: qu\u00e9 era el chat para chicas Omegle, por qu\u00e9 se hizo tan popular, c\u00f3mo lo han sustituido las plataformas modernas, qu\u00e9 caracter\u00edsticas buscar, comparaciones de las principales alternativas, consejos de seguridad y por qu\u00e9 StrangerCam es una de las mejores opciones hoy en d\u00eda.<\/p>\n<h2>\u00bfQu\u00e9 era Omegle Girl Chat?<\/h2>\n<p>El chat de chicas de Omegle hac\u00eda referencia a la funci\u00f3n de chat de v\u00eddeo aleatorio de Omegle, en la que los usuarios pod\u00edan intentar conectar espec\u00edficamente con chicas en l\u00ednea. Omegle no ofrec\u00eda un verdadero filtro de g\u00e9nero, lo que frustr\u00f3 a muchos usuarios. Muchas b\u00fasquedas de \"chicas Omegle\" de terceros o hacks conduc\u00edan a menudo a experiencias poco fiables o inseguras.<\/p>\n<p>Desde el cierre de Omegle, la demanda de una experiencia de chat de chicas segura y real no ha hecho m\u00e1s que crecer. Ah\u00ed es donde entran en juego plataformas como StrangerCam, que ofrecen filtros de g\u00e9nero genuinos y gratuitos y mejores funciones de seguridad que Omegle.<\/p>\n<h2>Por qu\u00e9 la gente busca Omegle Chica Chat<\/h2>\n<p>El t\u00e9rmino \"chat de chicas Omegle\" se hizo popular por varias razones:<\/p>\n<ul>\n<li>Deseo de contactos femeninos: Muchos usuarios quer\u00edan chatear espec\u00edficamente con chicas.<\/li>\n<li>Coqueteo y diversi\u00f3n casual: Omegle se hizo famoso por sus conexiones espont\u00e1neas y desenfadadas.<\/li>\n<li>Curiosidad y entretenimiento: Conocer chicas nuevas de todo el mundo fue divertido e impredecible.<\/li>\n<li>Evitar bots y falsificaciones: Los usuarios prefieren el videochat para confirmar que hablan con personas reales.<\/li>\n<li>La soledad: Para muchos, Omegle llen\u00f3 el vac\u00edo del aburrimiento y proporcion\u00f3 una interacci\u00f3n social instant\u00e1nea.<\/li>\n<\/ul>\n<h2>C\u00f3mo funcionaba el chat para chicas Omegle (y sus limitaciones)<\/h2>\n<p>La configuraci\u00f3n de Omegle era sencilla:<\/p>\n<ol>\n<li>Abre el sitio.<\/li>\n<li>Permite el acceso a tu webcam y micr\u00f3fono.<\/li>\n<li>Haz clic en \"Empezar\" y con\u00e9ctate con una persona al azar.<\/li>\n<li>Pulsa \"Siguiente\" para continuar.<\/li>\n<\/ol>\n<p>\u00bfCu\u00e1l era el problema? Omegle no ofrec\u00eda un filtro de g\u00e9nero que funcionara. Muchas personas que buscaban \"chat de chicas Omegle\" se decepcionaban al ser emparejadas al azar. Y lo que es peor, la falta de moderaci\u00f3n provocaba a menudo experiencias inseguras o inc\u00f3modas.<\/p>\n<h2>El auge de los Omegle Chica Chat Alternative<\/h2>\n<p>Desde el cierre de Omegle han surgido mejores plataformas. Estos nuevos sitios mejoran el formato cl\u00e1sico de chat aleatorio ofreciendo:<\/p>\n<ul>\n<li>Filtros de g\u00e9nero reales (gratuitos o de pago).<\/li>\n<li>Entornos m\u00e1s seguros con moderaci\u00f3n activa.<\/li>\n<li>Mejor soporte m\u00f3vil.<\/li>\n<li>V\u00eddeo y audio de mayor calidad.<\/li>\n<li>Acceso realmente libre y sin trucos.<\/li>\n<\/ul>\n<h2>Las mejores plataformas para Omegle Girl Chat en 2025<\/h2>\n<p>Compara las principales alternativas actuales:<\/p>\n<table>\n<thead>\n<tr>\n<th>Plataforma<\/th>\n<th align=\"center\">Acceso gratuito<\/th>\n<th align=\"center\">Filtro de g\u00e9nero<\/th>\n<th align=\"center\">Se necesita inscripci\u00f3n<\/th>\n<th align=\"center\">Asistencia m\u00f3vil<\/th>\n<th align=\"center\">Moderaci\u00f3n<\/th>\n<th>Notas<\/th>\n<\/tr>\n<\/thead>\n<tbody>\n<tr>\n<td>StrangerCam<\/td>\n<td align=\"center\">\u2705<\/td>\n<td align=\"center\">\u2705 (Gratis)<\/td>\n<td align=\"center\">\u274c<\/td>\n<td align=\"center\">\u2705<\/td>\n<td align=\"center\">\u2705<\/td>\n<td>Mejor reemplazo de chat para chicas Omegle<\/td>\n<\/tr>\n<tr>\n<td><a href=\"https:\/\/strangercam.com\/es\/chatroulette\/\">Chatroulette<\/a><\/td>\n<td align=\"center\">\u2705<\/td>\n<td align=\"center\">\u274c (de pago)<\/td>\n<td align=\"center\">\u274c<\/td>\n<td align=\"center\">\u2705<\/td>\n<td align=\"center\">\u2705<\/td>\n<td>Opci\u00f3n cl\u00e1sica, pero sin filtros gratuitos<\/td>\n<\/tr>\n<tr>\n<td>Chatrandom<\/td>\n<td align=\"center\">\u2705<\/td>\n<td align=\"center\">\u274c (de pago)<\/td>\n<td align=\"center\">\u274c<\/td>\n<td align=\"center\">\u2705<\/td>\n<td align=\"center\">\u2705<\/td>\n<td>Filtros populares, pero premium<\/td>\n<\/tr>\n<tr>\n<td>Shagle<\/td>\n<td align=\"center\">\u2705<\/td>\n<td align=\"center\">\u274c (de pago)<\/td>\n<td align=\"center\">\u274c<\/td>\n<td align=\"center\">\u2705<\/td>\n<td align=\"center\">\u2705<\/td>\n<td>Impulsa las mejoras de los filtros<\/td>\n<\/tr>\n<tr>\n<td><a href=\"https:\/\/strangercam.com\/es\/coomeet\/\">CooMeet<\/a><\/td>\n<td align=\"center\">\u274c (Prueba)<\/td>\n<td align=\"center\">\u2705<\/td>\n<td align=\"center\">\u2705<\/td>\n<td align=\"center\">\u2705<\/td>\n<td align=\"center\">\u2705<\/td>\n<td>Plataforma de pago centrada en chatear con chicas<\/td>\n<\/tr>\n<tr>\n<td>LuckyCrush<\/td>\n<td align=\"center\">\u274c<\/td>\n<td align=\"center\">\u2705<\/td>\n<td align=\"center\">\u2705<\/td>\n<td align=\"center\">\u2705<\/td>\n<td align=\"center\">\u2705<\/td>\n<td>Siempre paga, conecta chicos con chicas<\/td>\n<\/tr>\n<\/tbody>\n<\/table>\n<p>StrangerCam destaca por ser una de las \u00fanicas plataformas que ofrecen chat gratis con chicas al estilo Omegle, con un filtro de g\u00e9nero que funciona y sin necesidad de registrarse.<\/p>\n<h2>Por qu\u00e9 StrangerCam es el mejor Omegle Chica Chat Alternative<\/h2>\n<p>A continuaci\u00f3n se explica por qu\u00e9 StrangerCam es la mejor opci\u00f3n en 2025 para quienes buscan chat con chicas Omegle:<\/p>\n<h3>1. Completamente gratis e ilimitado<\/h3>\n<p>Sin muros de pago, pruebas ni cr\u00e9ditos: s\u00f3lo chats gratuitos.<\/p>\n<h3>2. Filtro de g\u00e9nero gratuito<\/h3>\n<p>Conoce chicas al instante sin pagar m\u00e1s.<\/p>\n<h3>3. No es necesario inscribirse<\/h3>\n<p>Permanezca en el anonimato y empiece a chatear en cuesti\u00f3n de segundos.<\/p>\n<h3>4. Seguro y moderado<\/h3>\n<p>La moderaci\u00f3n activa lo hace m\u00e1s seguro de lo que nunca fue el Omegle.<\/p>\n<h3>5. Base mundial de usuarios<\/h3>\n<p>Conoce chicas de todo el mundo, 24\/7.<\/p>\n<h3>6. Optimizado para todos los dispositivos<\/h3>\n<p>Funciona sin problemas tanto en ordenadores de sobremesa como en m\u00f3viles.<\/p>\n<h2>Testimonios de usuarios reales<\/h2>\n<blockquote><p><em>\"Estaba buscando alternativas de chat para chicas Omegle y la mayor\u00eda de los sitios intentaban cobrarme. StrangerCam realmente ofrec\u00eda conexiones gratuitas\".<\/em><br \/>\n- David, 27 a\u00f1os<\/p><\/blockquote>\n<blockquote><p><em>\"El filtro de g\u00e9nero funciona perfectamente aqu\u00ed. Es exactamente lo que le faltaba al Omegle\".<\/em><br \/>\n- Sof\u00eda, 22 a\u00f1os<\/p><\/blockquote>\n<blockquote><p><em>\"Conect\u00e9 con chicas de tres pa\u00edses diferentes en menos de una hora. Mucho mejor de lo que fue Omegle\".<\/em><br \/>\n- Ryan, 30 a\u00f1os<\/p><\/blockquote>\n<blockquote><p><em>\"Se siente m\u00e1s seguro y limpio que Omegle, y puedo saltar al instante si no me gusta el chat\".<\/em><br \/>\n- Emma, 19 a\u00f1os<\/p><\/blockquote>\n<h2>Consejos de seguridad para el chat de chicas al estilo Omegle<\/h2>\n<p>Aunque chatear con chicas en Internet es divertido, la seguridad es fundamental:<\/p>\n<ul>\n<li>No compartas informaci\u00f3n personal (tel\u00e9fono, correo electr\u00f3nico, direcci\u00f3n).<\/li>\n<li>Omite o bloquea a cualquiera que te incomode.<\/li>\n<li>Nunca haga clic en enlaces sospechosos.<\/li>\n<li>Comprueba tus antecedentes antes de encender la webcam.<\/li>\n<li>Utilice las herramientas de la plataforma, como las funciones de elaboraci\u00f3n de informes.<\/li>\n<li>Respeta las restricciones de edad: si tienes menos de 18 a\u00f1os, evita las plataformas para adultos.<\/li>\n<\/ul>\n<h2>C\u00f3mo empezar - Paso a paso<\/h2>\n<p>S\u00f3lo se tarda unos segundos en iniciar un chat de chicas al estilo Omegle:<\/p>\n<ol>\n<li>Abre StrangerCam en tu dispositivo.<\/li>\n<li>Permitir el acceso a la c\u00e1mara y al micr\u00f3fono.<\/li>\n<li>Seleccione el filtro de g\u00e9nero (ni\u00f1as).<\/li>\n<li>Haz clic en Iniciar chat para conectarte al instante.<\/li>\n<li>Pulsa Siguiente en cualquier momento para conocer a alguien nuevo.<\/li>\n<\/ol>\n<p>R\u00e1pido, sencillo y 100% gratis.<\/p>\n<p>Aunque el Omegle ya no existe, la demanda de chat de chicas Omegle no ha desaparecido. De hecho, es m\u00e1s fuerte que nunca. La buena noticia es que las alternativas modernas como StrangerCam no s\u00f3lo sustituyen a Omegle, sino que lo mejoran, ofreciendo filtros de g\u00e9nero gratuitos, mejor moderaci\u00f3n y experiencias m\u00e1s seguras.<\/p>\n<p>Si buscas conocer, ligar o simplemente chatear casualmente con chicas online, StrangerCam es una de las mejores opciones en 2025.<\/p>\n<p>\u00bfListo para probarlo? Inicia hoy mismo un chat gratis con chicas al estilo Omegle y descubre a qui\u00e9n conocer\u00e1s despu\u00e9s.<\/p>","protected":false},"excerpt":{"rendered":"<p>Have you been searching for Omegle girl chat? You\u2019re not alone. For years, Omegle was the go-to place for random video chats, especially for people looking to meet and chat with girls online. But since Omegle shut down in 2023, millions of users have been searching for alternatives that offer the same thrill of spontaneous [&hellip;]<\/p>\n","protected":false},"author":8,"featured_media":0,"parent":0,"menu_order":0,"comment_status":"closed","ping_status":"closed","template":"","meta":{"footnotes":""},"class_list":["post-4090","page","type-page","status-publish","hentry"],"yoast_head":"<!-- This site is optimized with the Yoast SEO plugin v27.4 - https:\/\/yoast.com\/product\/yoast-seo-wordpress\/ -->\n<title>Omegle Girl Chat with Video Chat on Strangercam.com<\/title>\n<meta name=\"description\" content=\"Liking Omegle Girl Chat? Join millions on StrangerCam.com! Start a random video chat, turn on your cam, and meet strangers instantly.\" \/>\n<meta name=\"robots\" content=\"index, follow, max-snippet:-1, max-image-preview:large, max-video-preview:-1\" \/>\n<link rel=\"canonical\" href=\"https:\/\/strangercam.com\/es\/chat-para-chicas-de-omegle\/\" \/>\n<meta property=\"og:locale\" content=\"es_ES\" \/>\n<meta property=\"og:type\" content=\"article\" \/>\n<meta property=\"og:title\" content=\"Omegle Girl Chat with Video Chat on Strangercam.com\" \/>\n<meta property=\"og:description\" content=\"Liking Omegle Girl Chat? Join millions on StrangerCam.com! Start a random video chat, turn on your cam, and meet strangers instantly.\" \/>\n<meta property=\"og:url\" content=\"https:\/\/strangercam.com\/es\/chat-para-chicas-de-omegle\/\" \/>\n<meta property=\"og:site_name\" content=\"Strangercam\" \/>\n<meta property=\"article:publisher\" content=\"https:\/\/www.facebook.com\/strangercam\" \/>\n<meta property=\"article:modified_time\" content=\"2025-09-08T08:00:45+00:00\" \/>\n<meta property=\"og:image\" content=\"https:\/\/strangercam.com\/wp-content\/uploads\/2021\/10\/Untitled-2.png\" \/>\n\t<meta property=\"og:image:width\" content=\"800\" \/>\n\t<meta property=\"og:image:height\" content=\"532\" \/>\n\t<meta property=\"og:image:type\" content=\"image\/png\" \/>\n<meta name=\"twitter:card\" content=\"summary_large_image\" \/>\n<meta name=\"twitter:site\" content=\"@strangercamapp\" \/>\n<meta name=\"twitter:label1\" content=\"Tiempo de lectura\" \/>\n\t<meta name=\"twitter:data1\" content=\"4 minutos\" \/>\n<script type=\"application\/ld+json\" class=\"yoast-schema-graph\">{\"@context\":\"https:\\\/\\\/schema.org\",\"@graph\":[{\"@type\":\"WebPage\",\"@id\":\"https:\\\/\\\/strangercam.com\\\/omegle-girl-chat\\\/\",\"url\":\"https:\\\/\\\/strangercam.com\\\/omegle-girl-chat\\\/\",\"name\":\"Omegle Girl Chat with Video Chat on Strangercam.com\",\"isPartOf\":{\"@id\":\"https:\\\/\\\/strangercam.com\\\/#website\"},\"datePublished\":\"2025-09-08T05:55:19+00:00\",\"dateModified\":\"2025-09-08T08:00:45+00:00\",\"description\":\"Liking Omegle Girl Chat? Join millions on StrangerCam.com! Start a random video chat, turn on your cam, and meet strangers instantly.\",\"breadcrumb\":{\"@id\":\"https:\\\/\\\/strangercam.com\\\/omegle-girl-chat\\\/#breadcrumb\"},\"inLanguage\":\"es\",\"potentialAction\":[{\"@type\":\"ReadAction\",\"target\":[\"https:\\\/\\\/strangercam.com\\\/omegle-girl-chat\\\/\"]}]},{\"@type\":\"BreadcrumbList\",\"@id\":\"https:\\\/\\\/strangercam.com\\\/omegle-girl-chat\\\/#breadcrumb\",\"itemListElement\":[{\"@type\":\"ListItem\",\"position\":1,\"name\":\"Home\",\"item\":\"https:\\\/\\\/strangercam.com\\\/\"},{\"@type\":\"ListItem\",\"position\":2,\"name\":\"Omegle Girl Chat\"}]},{\"@type\":\"WebSite\",\"@id\":\"https:\\\/\\\/strangercam.com\\\/#website\",\"url\":\"https:\\\/\\\/strangercam.com\\\/\",\"name\":\"Strangercam\",\"description\":\"Random Video Chat with Strangers\",\"publisher\":{\"@id\":\"https:\\\/\\\/strangercam.com\\\/#organization\"},\"alternateName\":\"Strangercam.com\",\"potentialAction\":[{\"@type\":\"SearchAction\",\"target\":{\"@type\":\"EntryPoint\",\"urlTemplate\":\"https:\\\/\\\/strangercam.com\\\/?s={search_term_string}\"},\"query-input\":{\"@type\":\"PropertyValueSpecification\",\"valueRequired\":true,\"valueName\":\"search_term_string\"}}],\"inLanguage\":\"es\"},{\"@type\":\"Organization\",\"@id\":\"https:\\\/\\\/strangercam.com\\\/#organization\",\"name\":\"Strangercam\",\"alternateName\":\"Strangercam.com\",\"url\":\"https:\\\/\\\/strangercam.com\\\/\",\"logo\":{\"@type\":\"ImageObject\",\"inLanguage\":\"es\",\"@id\":\"https:\\\/\\\/strangercam.com\\\/#\\\/schema\\\/logo\\\/image\\\/\",\"url\":\"https:\\\/\\\/strangercam.com\\\/wp-content\\\/uploads\\\/2020\\\/11\\\/cropped-new-favicon-black.png\",\"contentUrl\":\"https:\\\/\\\/strangercam.com\\\/wp-content\\\/uploads\\\/2020\\\/11\\\/cropped-new-favicon-black.png\",\"width\":512,\"height\":512,\"caption\":\"Strangercam\"},\"image\":{\"@id\":\"https:\\\/\\\/strangercam.com\\\/#\\\/schema\\\/logo\\\/image\\\/\"},\"sameAs\":[\"https:\\\/\\\/www.facebook.com\\\/strangercam\",\"https:\\\/\\\/x.com\\\/strangercamapp\"]}]}<\/script>\n<!-- \/ Yoast SEO plugin. -->","yoast_head_json":{"title":"Omegle Chica Chat con Video Chat en Strangercam.com","description":"\u00bfTe gusta Omegle Girl Chat? \u00a1Join millones en StrangerCam.com! Inicia un videochat aleatorio, enciende tu c\u00e1mara y conoce a desconocidos al instante.","robots":{"index":"index","follow":"follow","max-snippet":"max-snippet:-1","max-image-preview":"max-image-preview:large","max-video-preview":"max-video-preview:-1"},"canonical":"https:\/\/strangercam.com\/es\/chat-para-chicas-de-omegle\/","og_locale":"es_ES","og_type":"article","og_title":"Omegle Girl Chat with Video Chat on Strangercam.com","og_description":"Liking Omegle Girl Chat? Join millions on StrangerCam.com! Start a random video chat, turn on your cam, and meet strangers instantly.","og_url":"https:\/\/strangercam.com\/es\/chat-para-chicas-de-omegle\/","og_site_name":"Strangercam","article_publisher":"https:\/\/www.facebook.com\/strangercam","article_modified_time":"2025-09-08T08:00:45+00:00","og_image":[{"width":800,"height":532,"url":"https:\/\/strangercam.com\/wp-content\/uploads\/2021\/10\/Untitled-2.png","type":"image\/png"}],"twitter_card":"summary_large_image","twitter_site":"@strangercamapp","twitter_misc":{"Tiempo de lectura":"4 minutos"},"schema":{"@context":"https:\/\/schema.org","@graph":[{"@type":"WebPage","@id":"https:\/\/strangercam.com\/omegle-girl-chat\/","url":"https:\/\/strangercam.com\/omegle-girl-chat\/","name":"Omegle Chica Chat con Video Chat en Strangercam.com","isPartOf":{"@id":"https:\/\/strangercam.com\/#website"},"datePublished":"2025-09-08T05:55:19+00:00","dateModified":"2025-09-08T08:00:45+00:00","description":"\u00bfTe gusta Omegle Girl Chat? \u00a1Join millones en StrangerCam.com! Inicia un videochat aleatorio, enciende tu c\u00e1mara y conoce a desconocidos al instante.","breadcrumb":{"@id":"https:\/\/strangercam.com\/omegle-girl-chat\/#breadcrumb"},"inLanguage":"es","potentialAction":[{"@type":"ReadAction","target":["https:\/\/strangercam.com\/omegle-girl-chat\/"]}]},{"@type":"BreadcrumbList","@id":"https:\/\/strangercam.com\/omegle-girl-chat\/#breadcrumb","itemListElement":[{"@type":"ListItem","position":1,"name":"Home","item":"https:\/\/strangercam.com\/"},{"@type":"ListItem","position":2,"name":"Omegle Girl Chat"}]},{"@type":"WebSite","@id":"https:\/\/strangercam.com\/#website","url":"https:\/\/strangercam.com\/","name":"Strangercam","description":"Videochat aleatorio con desconocidos","publisher":{"@id":"https:\/\/strangercam.com\/#organization"},"alternateName":"Strangercam.com","potentialAction":[{"@type":"SearchAction","target":{"@type":"EntryPoint","urlTemplate":"https:\/\/strangercam.com\/?s={search_term_string}"},"query-input":{"@type":"PropertyValueSpecification","valueRequired":true,"valueName":"search_term_string"}}],"inLanguage":"es"},{"@type":"Organization","@id":"https:\/\/strangercam.com\/#organization","name":"Strangercam","alternateName":"Strangercam.com","url":"https:\/\/strangercam.com\/","logo":{"@type":"ImageObject","inLanguage":"es","@id":"https:\/\/strangercam.com\/#\/schema\/logo\/image\/","url":"https:\/\/strangercam.com\/wp-content\/uploads\/2020\/11\/cropped-new-favicon-black.png","contentUrl":"https:\/\/strangercam.com\/wp-content\/uploads\/2020\/11\/cropped-new-favicon-black.png","width":512,"height":512,"caption":"Strangercam"},"image":{"@id":"https:\/\/strangercam.com\/#\/schema\/logo\/image\/"},"sameAs":["https:\/\/www.facebook.com\/strangercam","https:\/\/x.com\/strangercamapp"]}]}},"_links":{"self":[{"href":"https:\/\/strangercam.com\/es\/wp-json\/wp\/v2\/pages\/4090","targetHints":{"allow":["GET"]}}],"collection":[{"href":"https:\/\/strangercam.com\/es\/wp-json\/wp\/v2\/pages"}],"about":[{"href":"https:\/\/strangercam.com\/es\/wp-json\/wp\/v2\/types\/page"}],"author":[{"embeddable":true,"href":"https:\/\/strangercam.com\/es\/wp-json\/wp\/v2\/users\/8"}],"replies":[{"embeddable":true,"href":"https:\/\/strangercam.com\/es\/wp-json\/wp\/v2\/comments?post=4090"}],"version-history":[{"count":1,"href":"https:\/\/strangercam.com\/es\/wp-json\/wp\/v2\/pages\/4090\/revisions"}],"predecessor-version":[{"id":13007,"href":"https:\/\/strangercam.com\/es\/wp-json\/wp\/v2\/pages\/4090\/revisions\/13007"}],"wp:attachment":[{"href":"https:\/\/strangercam.com\/es\/wp-json\/wp\/v2\/media?parent=4090"}],"curies":[{"name":"wp","href":"https:\/\/api.w.org\/{rel}","templated":true}]}}