{"id":4073,"date":"2025-09-03T11:52:49","date_gmt":"2025-09-03T09:52:49","guid":{"rendered":"https:\/\/strangercam.com\/?page_id=4073"},"modified":"2025-09-03T13:47:51","modified_gmt":"2025-09-03T11:47:51","slug":"cam-chat","status":"publish","type":"page","link":"https:\/\/strangercam.com\/es\/cam-chat\/","title":{"rendered":"Cam Chat"},"content":{"rendered":"<p>Busca el mejor lugar para disfrutar <a href=\"https:\/\/strangercam.com\/es\/bazoocam\/\">leva<\/a> \u00bfchatear? No est\u00e1 solo. Cada d\u00eda, millones de personas de todo el mundo utilizan las plataformas de chat con c\u00e1mara para conocer gente nueva, mantener conversaciones divertidas y establecer contactos espont\u00e1neos en l\u00ednea. A diferencia de las aplicaciones de citas o las redes sociales, que requieren desplazarse o deslizar el dedo sin parar, el chat por c\u00e1mara es instant\u00e1neo, real y emocionante: pulsas un bot\u00f3n y en cuesti\u00f3n de segundos est\u00e1s cara a cara con un desconocido.<\/p>\n<p>En 2025, plataformas como StrangerCam hacen m\u00e1s f\u00e1cil que nunca disfrutar de <a href=\"https:\/\/strangercam.com\/es\/cam-to-cam-chat\/\">c\u00e1mara libre<\/a> sin registros, descargas ni cargos ocultos. Si lo que buscas es hacer amigos, practicar un nuevo idioma, disfrutar de un flirteo casual o simplemente curar el aburrimiento, el chat con c\u00e1mara es una de las formas m\u00e1s divertidas e impredecibles de conectar en l\u00ednea.<\/p>\n<p>Esta gu\u00eda cubre todo lo que necesitas saber: qu\u00e9 es el chat por c\u00e1mara, por qu\u00e9 es tan popular, c\u00f3mo funciona, qu\u00e9 caracter\u00edsticas buscar, comparaciones de plataformas, consejos de seguridad y por qu\u00e9 StrangerCam es una de las mejores opciones disponibles hoy en d\u00eda.<\/p>\n<h2>\u00bfQu\u00e9 es el chat con c\u00e1maras?<\/h2>\n<p>El chat con c\u00e1mara es un servicio en l\u00ednea que te permite conectar instant\u00e1neamente con desconocidos a trav\u00e9s de videollamadas en directo utilizando tu webcam y tu micr\u00f3fono. A diferencia de las salas de chat de texto, el chat por c\u00e1mara ofrece interacci\u00f3n cara a cara, lo que hace que la experiencia sea mucho m\u00e1s genuina y espont\u00e1nea.<\/p>\n<p>La idea es sencilla: activas tu c\u00e1mara web, pulsas \"Iniciar chat\" y al instante te emparejas con otra persona. Si la conversaci\u00f3n no cuaja, pulsa Siguiente para que te emparejen con otra persona.<\/p>\n<h2>Por qu\u00e9 a la gente le encanta el chat gratis con c\u00e1maras<\/h2>\n<p>El aumento de la popularidad del chat gratuito con c\u00e1maras no es ninguna sorpresa. He aqu\u00ed por qu\u00e9 gente de todo el mundo lo utiliza a diario:<\/p>\n<ul>\n<li>Diversi\u00f3n espont\u00e1nea: Nunca sabes con qui\u00e9n te vas a encontrar.<\/li>\n<li>Autenticidad: A diferencia de los chats basados en texto, el v\u00eddeo demuestra que la persona es real.<\/li>\n<li>Conexiones instant\u00e1neas: Sin largos registros, perfiles ni esperas de respuesta.<\/li>\n<li>Alcance mundial: Chatea con gente de todo el mundo, 24 horas al d\u00eda, 7 d\u00edas a la semana.<\/li>\n<li>Variedad: Util\u00edzalo para divertirte, ligar, intercambiar culturas o incluso practicar idiomas.<\/li>\n<li>Vencer el aburrimiento: Una forma r\u00e1pida y entretenida de pasar el tiempo.<\/li>\n<\/ul>\n<h2>\u00bfC\u00f3mo funciona el chat por webcam?<\/h2>\n<p>Empezar a utilizar el chat por webcam es r\u00e1pido y sencillo:<\/p>\n<ol>\n<li>Abre la plataforma (escritorio o m\u00f3vil).<\/li>\n<li>Permitir el acceso a la c\u00e1mara y al micr\u00f3fono.<\/li>\n<li>Haz clic en \"Iniciar chat\".<\/li>\n<li>Conecta instant\u00e1neamente con una persona cualquiera a trav\u00e9s del v\u00eddeo.<\/li>\n<li>Haz clic en \"Siguiente\" cada vez que quieras conocer a alguien nuevo.<\/li>\n<\/ol>\n<p>Algunas plataformas tambi\u00e9n incluyen funciones adicionales, como filtros de g\u00e9nero y pa\u00eds, e incluso traducci\u00f3n en el chat para conversaciones en varios idiomas.<\/p>\n<h2>Caracter\u00edsticas principales<\/h2>\n<p>No todas las plataformas de chat con c\u00e1mara son iguales. Esto es lo que debes buscar en los mejores sitios de chat gratis con c\u00e1maras:<\/p>\n<h3>1. Acceso realmente libre<\/h3>\n<p>Evite las plataformas que le atraen como \"gratuitas\" pero ocultan funciones b\u00e1sicas tras muros de pago.<\/p>\n<h3>2. No es necesario inscribirse<\/h3>\n<p>Los mejores servicios de chat por c\u00e1mara te permiten empezar a chatear al instante sin necesidad de registrarte.<\/p>\n<h3>3. Filtros de g\u00e9nero y ubicaci\u00f3n<\/h3>\n<p>Estos filtros te permiten controlar con qui\u00e9n te emparejas, para una experiencia m\u00e1s personalizada.<\/p>\n<h3>4. Moderaci\u00f3n fuerte<\/h3>\n<p>Las plataformas seguras cuentan con herramientas activas de moderaci\u00f3n y denuncia para hacer frente a los usuarios inapropiados.<\/p>\n<h3>5. Dise\u00f1o compatible con dispositivos m\u00f3viles<\/h3>\n<p>Las buenas plataformas funcionan sin problemas tanto en tel\u00e9fonos como en ordenadores de sobremesa.<\/p>\n<h3>6. V\u00eddeo y audio de alta calidad<\/h3>\n<p>Las conexiones claras y fiables hacen que las conversaciones sean m\u00e1s naturales.<\/p>\n<h2>Mejores plataformas de chat con c\u00e1mara en 2025<\/h2>\n<p>Compara las plataformas de chat con c\u00e1mara m\u00e1s populares:<\/p>\n<table>\n<thead>\n<tr>\n<th>Plataforma<\/th>\n<th align=\"center\">Acceso gratuito<\/th>\n<th align=\"center\">Filtro de g\u00e9nero<\/th>\n<th align=\"center\">Se necesita inscripci\u00f3n<\/th>\n<th align=\"center\">Asistencia m\u00f3vil<\/th>\n<th align=\"center\">Moderaci\u00f3n<\/th>\n<th>Notas<\/th>\n<\/tr>\n<\/thead>\n<tbody>\n<tr>\n<td>StrangerCam<\/td>\n<td align=\"center\">\u2705<\/td>\n<td align=\"center\">\u2705 (Gratis)<\/td>\n<td align=\"center\">\u274c<\/td>\n<td align=\"center\">\u2705<\/td>\n<td align=\"center\">\u2705<\/td>\n<td>El mejor chat por webcam gratuito<\/td>\n<\/tr>\n<tr>\n<td><a href=\"https:\/\/strangercam.com\/es\/chatroulette\/\">Chatroulette<\/a><\/td>\n<td align=\"center\">\u2705<\/td>\n<td align=\"center\">\u274c (de pago)<\/td>\n<td align=\"center\">\u274c<\/td>\n<td align=\"center\">\u2705<\/td>\n<td align=\"center\">\u2705<\/td>\n<td>Plataforma cl\u00e1sica, pero coste de los filtros<\/td>\n<\/tr>\n<tr>\n<td>Chatrandom<\/td>\n<td align=\"center\">\u2705<\/td>\n<td align=\"center\">\u274c (de pago)<\/td>\n<td align=\"center\">\u274c<\/td>\n<td align=\"center\">\u2705<\/td>\n<td align=\"center\">\u2705<\/td>\n<td>Popular, pero con filtros de pago<\/td>\n<\/tr>\n<tr>\n<td><a href=\"https:\/\/strangercam.com\/es\/ometv\/\">OmeTV<\/a><\/td>\n<td align=\"center\">\u2705<\/td>\n<td align=\"center\">\u274c<\/td>\n<td align=\"center\">\u274c<\/td>\n<td align=\"center\">\u2705<\/td>\n<td align=\"center\">\u2705<\/td>\n<td>Aplicaci\u00f3n m\u00f3vil disponible, s\u00f3lo al azar<\/td>\n<\/tr>\n<tr>\n<td>Shagle<\/td>\n<td align=\"center\">\u2705<\/td>\n<td align=\"center\">\u274c (de pago)<\/td>\n<td align=\"center\">\u274c<\/td>\n<td align=\"center\">\u2705<\/td>\n<td align=\"center\">\u2705<\/td>\n<td>Impulsa las actualizaciones premium<\/td>\n<\/tr>\n<tr>\n<td><a href=\"https:\/\/strangercam.com\/es\/coomeet\/\">CooMeet<\/a><\/td>\n<td align=\"center\">\u274c (Prueba)<\/td>\n<td align=\"center\">\u2705<\/td>\n<td align=\"center\">\u2705<\/td>\n<td align=\"center\">\u2705<\/td>\n<td align=\"center\">\u2705<\/td>\n<td>De pago tras una prueba gratuita limitada<\/td>\n<\/tr>\n<tr>\n<td>LuckyCrush<\/td>\n<td align=\"center\">\u274c<\/td>\n<td align=\"center\">\u2705<\/td>\n<td align=\"center\">\u2705<\/td>\n<td align=\"center\">\u2705<\/td>\n<td align=\"center\">\u2705<\/td>\n<td>Charlas siempre remuneradas y basadas en el g\u00e9nero<\/td>\n<\/tr>\n<\/tbody>\n<\/table>\n<p>Entre ellas, StrangerCam es una de las \u00fanicas plataformas que ofrece chat por c\u00e1mara gratis con uso ilimitado, un filtro de g\u00e9nero que funciona y sin necesidad de registrarse.<\/p>\n<h2>Por qu\u00e9 StrangerCam es la mejor opci\u00f3n<\/h2>\n<p>A continuaci\u00f3n te explicamos por qu\u00e9 StrangerCam es una de las principales plataformas de chat por webcam en 2025:<\/p>\n<h3>1. Completamente gratis<\/h3>\n<p>Sin costes ocultos, pruebas ni cr\u00e9ditos: s\u00f3lo chat ilimitado.<\/p>\n<h3>2. Filtro de g\u00e9nero gratuito<\/h3>\n<p>Elige chicos, chicas o ambos, sin pagar.<\/p>\n<h3>3. No es necesario inscribirse<\/h3>\n<p>Permanezca en el anonimato y con\u00e9ctese al instante.<\/p>\n<h3>4. Seguro y moderado<\/h3>\n<p>La moderaci\u00f3n activa y las herramientas de informaci\u00f3n ayudan a mantener limpia la plataforma.<\/p>\n<h3>5. Comunidad mundial<\/h3>\n<p>Conoce a gente de m\u00e1s de 100 pa\u00edses, disponible 24 horas al d\u00eda, 7 d\u00edas a la semana.<\/p>\n<h3>6. Funciona en todos los dispositivos<\/h3>\n<p>Optimizado para ordenadores de sobremesa, m\u00f3viles y tabletas.<\/p>\n<h2>Testimonios de usuarios reales<\/h2>\n<blockquote><p><em>\"Buscaba un chat por c\u00e1mara gratuito sin costes ocultos, y StrangerCam fue la primera plataforma que realmente lo cumpli\u00f3\".<\/em><br \/>\n- Jake, 25 a\u00f1os<\/p><\/blockquote>\n<blockquote><p><em>\"El filtro de g\u00e9nero funciona gratis aqu\u00ed, lo que lo diferencia de otros sitios\".<\/em><br \/>\n- Sof\u00eda, 22 a\u00f1os<\/p><\/blockquote>\n<blockquote><p><em>\"Es muy f\u00e1cil de usar. Conect\u00e9 con gente de tres continentes en una sola tarde\".<\/em><br \/>\n- Ryan, 28 a\u00f1os<\/p><\/blockquote>\n<blockquote><p><em>\"StrangerCam me parece m\u00e1s segura que la mayor\u00eda de plataformas de chat que he probado, gracias a la moderaci\u00f3n\".<\/em><br \/>\n- Mia, 20 a\u00f1os<\/p><\/blockquote>\n<h2>Consejos de seguridad<\/h2>\n<p>Aunque el chat por c\u00e1mara es divertido, ten siempre presente la seguridad:<\/p>\n<ul>\n<li>No compartas datos personales (tel\u00e9fono, correo electr\u00f3nico, direcci\u00f3n).<\/li>\n<li>Omite o bloquea a cualquiera que te incomode.<\/li>\n<li>Evite hacer clic en enlaces de desconocidos.<\/li>\n<li>Comprueba tus antecedentes antes de encender la webcam.<\/li>\n<li>Lim\u00edtate a las herramientas de la plataforma para informar y bloquear.<\/li>\n<li>Respeta las restricciones de edad: evita las plataformas de chat con c\u00e1maras para adultos si eres menor de 18 a\u00f1os.<\/li>\n<\/ul>\n<h2>C\u00f3mo empezar - Paso a paso<\/h2>\n<p>Se tarda menos de un minuto en iniciar un chat por c\u00e1mara:<\/p>\n<ol>\n<li>Abre StrangerCam en tu dispositivo.<\/li>\n<li>Permitir el acceso a la c\u00e1mara y al micr\u00f3fono.<\/li>\n<li>Elige preferencias (como filtros de g\u00e9nero).<\/li>\n<li>Haz clic en Iniciar chat para conectarte al instante.<\/li>\n<li>Pulse Siguiente para avanzar en cualquier momento.<\/li>\n<\/ol>\n<p>R\u00e1pido, sencillo y gratuito.<\/p>\n<h2>Reflexiones finales - Pruebe el chat gratis con c\u00e1mara hoy mismo<\/h2>\n<p>En 2025, el chat por webcam sigue siendo una de las formas m\u00e1s emocionantes y aut\u00e9nticas de conocer gente nueva en Internet. Es divertido, espont\u00e1neo y te conecta con desconocidos de todo el mundo al instante.<\/p>\n<p>Pero no todas las plataformas lo ofrecen: algunas ocultan sus funciones tras muros de pago o inundan sus sitios con bots. Por eso StrangerCam es la mejor opci\u00f3n: es gratis, an\u00f3nima, segura y siempre est\u00e1 activa con usuarios reales dispuestos a chatear.<\/p>\n<p>\u00bfListo para experimentarlo? Inicia un chat por c\u00e1mara gratis hoy mismo y descubre a qui\u00e9n conocer\u00e1s despu\u00e9s.<\/p>","protected":false},"excerpt":{"rendered":"<p>Looking for the best place to enjoy cam chat? You\u2019re not alone. Every day, millions of people around the world use cam chat platforms to meet new people, have fun conversations, and make spontaneous connections online. Unlike dating apps or social networks that require endless scrolling or swiping, cam chat is instant, real, and exciting\u2014you [&hellip;]<\/p>\n","protected":false},"author":8,"featured_media":0,"parent":0,"menu_order":0,"comment_status":"closed","ping_status":"closed","template":"","meta":{"footnotes":""},"class_list":["post-4073","page","type-page","status-publish","hentry"],"yoast_head":"<!-- This site is optimized with the Yoast SEO plugin v27.4 - https:\/\/yoast.com\/product\/yoast-seo-wordpress\/ -->\n<title>Cam Chat with Video Chat on Strangercam.com<\/title>\n<meta name=\"description\" content=\"Liking Cam Chat? Join millions on StrangerCam.com! Start a random video chat, turn on your cam, and meet strangers instantly.\" \/>\n<meta name=\"robots\" content=\"index, follow, max-snippet:-1, max-image-preview:large, max-video-preview:-1\" \/>\n<link rel=\"canonical\" href=\"https:\/\/strangercam.com\/es\/cam-chat\/\" \/>\n<meta property=\"og:locale\" content=\"es_ES\" \/>\n<meta property=\"og:type\" content=\"article\" \/>\n<meta property=\"og:title\" content=\"Cam Chat with Video Chat on Strangercam.com\" \/>\n<meta property=\"og:description\" content=\"Liking Cam Chat? Join millions on StrangerCam.com! Start a random video chat, turn on your cam, and meet strangers instantly.\" \/>\n<meta property=\"og:url\" content=\"https:\/\/strangercam.com\/es\/cam-chat\/\" \/>\n<meta property=\"og:site_name\" content=\"Strangercam\" \/>\n<meta property=\"article:publisher\" content=\"https:\/\/www.facebook.com\/strangercam\" \/>\n<meta property=\"article:modified_time\" content=\"2025-09-03T11:47:51+00:00\" \/>\n<meta property=\"og:image\" content=\"https:\/\/strangercam.com\/wp-content\/uploads\/2021\/10\/Untitled-2.png\" \/>\n\t<meta property=\"og:image:width\" content=\"800\" \/>\n\t<meta property=\"og:image:height\" content=\"532\" \/>\n\t<meta property=\"og:image:type\" content=\"image\/png\" \/>\n<meta name=\"twitter:card\" content=\"summary_large_image\" \/>\n<meta name=\"twitter:site\" content=\"@strangercamapp\" \/>\n<meta name=\"twitter:label1\" content=\"Tiempo de lectura\" \/>\n\t<meta name=\"twitter:data1\" content=\"5 minutos\" \/>\n<script type=\"application\/ld+json\" class=\"yoast-schema-graph\">{\"@context\":\"https:\\\/\\\/schema.org\",\"@graph\":[{\"@type\":\"WebPage\",\"@id\":\"https:\\\/\\\/strangercam.com\\\/cam-chat\\\/\",\"url\":\"https:\\\/\\\/strangercam.com\\\/cam-chat\\\/\",\"name\":\"Cam Chat with Video Chat on Strangercam.com\",\"isPartOf\":{\"@id\":\"https:\\\/\\\/strangercam.com\\\/#website\"},\"datePublished\":\"2025-09-03T09:52:49+00:00\",\"dateModified\":\"2025-09-03T11:47:51+00:00\",\"description\":\"Liking Cam Chat? Join millions on StrangerCam.com! Start a random video chat, turn on your cam, and meet strangers instantly.\",\"breadcrumb\":{\"@id\":\"https:\\\/\\\/strangercam.com\\\/cam-chat\\\/#breadcrumb\"},\"inLanguage\":\"es\",\"potentialAction\":[{\"@type\":\"ReadAction\",\"target\":[\"https:\\\/\\\/strangercam.com\\\/cam-chat\\\/\"]}]},{\"@type\":\"BreadcrumbList\",\"@id\":\"https:\\\/\\\/strangercam.com\\\/cam-chat\\\/#breadcrumb\",\"itemListElement\":[{\"@type\":\"ListItem\",\"position\":1,\"name\":\"Home\",\"item\":\"https:\\\/\\\/strangercam.com\\\/\"},{\"@type\":\"ListItem\",\"position\":2,\"name\":\"Cam Chat\"}]},{\"@type\":\"WebSite\",\"@id\":\"https:\\\/\\\/strangercam.com\\\/#website\",\"url\":\"https:\\\/\\\/strangercam.com\\\/\",\"name\":\"Strangercam\",\"description\":\"Random Video Chat with Strangers\",\"publisher\":{\"@id\":\"https:\\\/\\\/strangercam.com\\\/#organization\"},\"alternateName\":\"Strangercam.com\",\"potentialAction\":[{\"@type\":\"SearchAction\",\"target\":{\"@type\":\"EntryPoint\",\"urlTemplate\":\"https:\\\/\\\/strangercam.com\\\/?s={search_term_string}\"},\"query-input\":{\"@type\":\"PropertyValueSpecification\",\"valueRequired\":true,\"valueName\":\"search_term_string\"}}],\"inLanguage\":\"es\"},{\"@type\":\"Organization\",\"@id\":\"https:\\\/\\\/strangercam.com\\\/#organization\",\"name\":\"Strangercam\",\"alternateName\":\"Strangercam.com\",\"url\":\"https:\\\/\\\/strangercam.com\\\/\",\"logo\":{\"@type\":\"ImageObject\",\"inLanguage\":\"es\",\"@id\":\"https:\\\/\\\/strangercam.com\\\/#\\\/schema\\\/logo\\\/image\\\/\",\"url\":\"https:\\\/\\\/strangercam.com\\\/wp-content\\\/uploads\\\/2020\\\/11\\\/cropped-new-favicon-black.png\",\"contentUrl\":\"https:\\\/\\\/strangercam.com\\\/wp-content\\\/uploads\\\/2020\\\/11\\\/cropped-new-favicon-black.png\",\"width\":512,\"height\":512,\"caption\":\"Strangercam\"},\"image\":{\"@id\":\"https:\\\/\\\/strangercam.com\\\/#\\\/schema\\\/logo\\\/image\\\/\"},\"sameAs\":[\"https:\\\/\\\/www.facebook.com\\\/strangercam\",\"https:\\\/\\\/x.com\\\/strangercamapp\"]}]}<\/script>\n<!-- \/ Yoast SEO plugin. -->","yoast_head_json":{"title":"Cam Chat con Video Chat en Strangercam.com","description":"\u00bfTe gusta el Chat Cam? \u00a1Join millones en StrangerCam.com! Inicia un videochat aleatorio, enciende tu c\u00e1mara y conoce a desconocidos al instante.","robots":{"index":"index","follow":"follow","max-snippet":"max-snippet:-1","max-image-preview":"max-image-preview:large","max-video-preview":"max-video-preview:-1"},"canonical":"https:\/\/strangercam.com\/es\/cam-chat\/","og_locale":"es_ES","og_type":"article","og_title":"Cam Chat with Video Chat on Strangercam.com","og_description":"Liking Cam Chat? Join millions on StrangerCam.com! Start a random video chat, turn on your cam, and meet strangers instantly.","og_url":"https:\/\/strangercam.com\/es\/cam-chat\/","og_site_name":"Strangercam","article_publisher":"https:\/\/www.facebook.com\/strangercam","article_modified_time":"2025-09-03T11:47:51+00:00","og_image":[{"width":800,"height":532,"url":"https:\/\/strangercam.com\/wp-content\/uploads\/2021\/10\/Untitled-2.png","type":"image\/png"}],"twitter_card":"summary_large_image","twitter_site":"@strangercamapp","twitter_misc":{"Tiempo de lectura":"5 minutos"},"schema":{"@context":"https:\/\/schema.org","@graph":[{"@type":"WebPage","@id":"https:\/\/strangercam.com\/cam-chat\/","url":"https:\/\/strangercam.com\/cam-chat\/","name":"Cam Chat con Video Chat en Strangercam.com","isPartOf":{"@id":"https:\/\/strangercam.com\/#website"},"datePublished":"2025-09-03T09:52:49+00:00","dateModified":"2025-09-03T11:47:51+00:00","description":"\u00bfTe gusta el Chat Cam? \u00a1Join millones en StrangerCam.com! Inicia un videochat aleatorio, enciende tu c\u00e1mara y conoce a desconocidos al instante.","breadcrumb":{"@id":"https:\/\/strangercam.com\/cam-chat\/#breadcrumb"},"inLanguage":"es","potentialAction":[{"@type":"ReadAction","target":["https:\/\/strangercam.com\/cam-chat\/"]}]},{"@type":"BreadcrumbList","@id":"https:\/\/strangercam.com\/cam-chat\/#breadcrumb","itemListElement":[{"@type":"ListItem","position":1,"name":"Home","item":"https:\/\/strangercam.com\/"},{"@type":"ListItem","position":2,"name":"Cam Chat"}]},{"@type":"WebSite","@id":"https:\/\/strangercam.com\/#website","url":"https:\/\/strangercam.com\/","name":"Strangercam","description":"Videochat aleatorio con desconocidos","publisher":{"@id":"https:\/\/strangercam.com\/#organization"},"alternateName":"Strangercam.com","potentialAction":[{"@type":"SearchAction","target":{"@type":"EntryPoint","urlTemplate":"https:\/\/strangercam.com\/?s={search_term_string}"},"query-input":{"@type":"PropertyValueSpecification","valueRequired":true,"valueName":"search_term_string"}}],"inLanguage":"es"},{"@type":"Organization","@id":"https:\/\/strangercam.com\/#organization","name":"Strangercam","alternateName":"Strangercam.com","url":"https:\/\/strangercam.com\/","logo":{"@type":"ImageObject","inLanguage":"es","@id":"https:\/\/strangercam.com\/#\/schema\/logo\/image\/","url":"https:\/\/strangercam.com\/wp-content\/uploads\/2020\/11\/cropped-new-favicon-black.png","contentUrl":"https:\/\/strangercam.com\/wp-content\/uploads\/2020\/11\/cropped-new-favicon-black.png","width":512,"height":512,"caption":"Strangercam"},"image":{"@id":"https:\/\/strangercam.com\/#\/schema\/logo\/image\/"},"sameAs":["https:\/\/www.facebook.com\/strangercam","https:\/\/x.com\/strangercamapp"]}]}},"_links":{"self":[{"href":"https:\/\/strangercam.com\/es\/wp-json\/wp\/v2\/pages\/4073","targetHints":{"allow":["GET"]}}],"collection":[{"href":"https:\/\/strangercam.com\/es\/wp-json\/wp\/v2\/pages"}],"about":[{"href":"https:\/\/strangercam.com\/es\/wp-json\/wp\/v2\/types\/page"}],"author":[{"embeddable":true,"href":"https:\/\/strangercam.com\/es\/wp-json\/wp\/v2\/users\/8"}],"replies":[{"embeddable":true,"href":"https:\/\/strangercam.com\/es\/wp-json\/wp\/v2\/comments?post=4073"}],"version-history":[{"count":3,"href":"https:\/\/strangercam.com\/es\/wp-json\/wp\/v2\/pages\/4073\/revisions"}],"predecessor-version":[{"id":13003,"href":"https:\/\/strangercam.com\/es\/wp-json\/wp\/v2\/pages\/4073\/revisions\/13003"}],"wp:attachment":[{"href":"https:\/\/strangercam.com\/es\/wp-json\/wp\/v2\/media?parent=4073"}],"curies":[{"name":"wp","href":"https:\/\/api.w.org\/{rel}","templated":true}]}}