{"id":4056,"date":"2025-09-03T11:50:30","date_gmt":"2025-09-03T09:50:30","guid":{"rendered":"https:\/\/strangercam.com\/?page_id=4056"},"modified":"2025-09-03T13:46:31","modified_gmt":"2025-09-03T11:46:31","slug":"videochat-con-desconocidos","status":"publish","type":"page","link":"https:\/\/strangercam.com\/es\/stranger-video-chat\/","title":{"rendered":"Videochat con desconocidos"},"content":{"rendered":"<p>\u00bfBuscas la mejor manera de disfrutar de un v\u00eddeo ajeno? <a href=\"https:\/\/strangercam.com\/es\/chathub\/\">chat<\/a>? No es usted el \u00fanico. Cada d\u00eda, millones de personas recurren a plataformas de videochat en directo para conectar con desconocidos al instante. A diferencia de las aplicaciones de citas o las redes sociales, que a menudo parecen escenificadas o requieren tiempo, el videochat con desconocidos es espont\u00e1neo, aut\u00e9ntico y real.<\/p>\n<p>Con plataformas modernas como StrangerCam, puedes empezar un videochat con desconocidos gratis ahora mismo, sin registro, sin descargas y sin cargos ocultos. Tanto si quieres hacer nuevos amigos, ligar, practicar un idioma o simplemente curar el aburrimiento, el videochat con desconocidos es una de las experiencias en l\u00ednea m\u00e1s emocionantes e impredecibles de 2025.<\/p>\n<p>Esta gu\u00eda te guiar\u00e1 a trav\u00e9s de todo lo que necesitas saber: qu\u00e9 es el videochat con desconocidos, por qu\u00e9 es popular, c\u00f3mo funciona, qu\u00e9 caracter\u00edsticas son las m\u00e1s importantes, una comparaci\u00f3n de las principales plataformas, consejos de seguridad y por qu\u00e9 StrangerCam es una de las mejores opciones disponibles hoy en d\u00eda.<\/p>\n<h2>\u00bfQu\u00e9 es el videochat con desconocidos?<\/h2>\n<p>El videochat con desconocidos es un servicio en l\u00ednea que te permite conectar instant\u00e1neamente con personas al azar a trav\u00e9s de videollamadas en directo utilizando tu webcam y tu micr\u00f3fono. El aspecto \"desconocido\" significa que no sabes a qui\u00e9n vas a conocer hasta que se establece la conexi\u00f3n.<\/p>\n<p>A diferencia de las salas de chat de texto, las videollamadas ofrecen una experiencia m\u00e1s genuina porque puedes ver y o\u00edr a la persona en tiempo real. Si no te gusta el chat, puedes hacer clic en Siguiente para emparejarte con otra persona al instante.<\/p>\n<h2>Por qu\u00e9 a la gente le encanta el videochat gratis con desconocidos<\/h2>\n<p>La popularidad del videochat gratuito con desconocidos se debe a varias razones clave:<\/p>\n<ul>\n<li>Espontaneidad: cada charla es diferente e imprevisible.<\/li>\n<li>Autenticidad: El v\u00eddeo demuestra que la persona es real, no un bot o una cuenta falsa.<\/li>\n<li>Sin compromiso: Sin cuentas, sin descargas, s\u00f3lo chats instant\u00e1neos.<\/li>\n<li>Alcance mundial: Conoce a desconocidos de todo el mundo en cualquier momento.<\/li>\n<li>Entretenimiento: Ideal para pasar el rato, hacer amigos o ligar alegremente.<\/li>\n<li>Gratificaci\u00f3n instant\u00e1nea: No hay que esperar respuestas: las conexiones son instant\u00e1neas.<\/li>\n<\/ul>\n<h2>\u00bfC\u00f3mo funciona el videochat con desconocidos?<\/h2>\n<p>Empezar con un videochat con desconocidos es f\u00e1cil:<\/p>\n<ol>\n<li>Abre la plataforma en tu tel\u00e9fono u ordenador.<\/li>\n<li>Permitir el acceso a la c\u00e1mara y al micr\u00f3fono.<\/li>\n<li>Haz clic en \"Iniciar chat\".<\/li>\n<li>Hable cara a cara con un desconocido al instante.<\/li>\n<li>Haz clic en \"Siguiente\" en cualquier momento para pasar a alguien nuevo.<\/li>\n<\/ol>\n<p>Algunas plataformas tambi\u00e9n ofrecen funciones avanzadas como filtros de g\u00e9nero, preferencias de ubicaci\u00f3n y traducciones en el chat.<\/p>\n<h2>Caracter\u00edsticas principales<\/h2>\n<p>No todas las plataformas de videochat para desconocidos son iguales. Esto es lo que debes buscar:<\/p>\n<h3>1. Acceso gratuito sin trucos<\/h3>\n<p>Algunas plataformas se anuncian como gratuitas pero encierran las funciones b\u00e1sicas tras muros de pago. Elige un sitio que ofrezca un uso gratuito ilimitado.<\/p>\n<h3>2. No es necesario inscribirse<\/h3>\n<p>Permanezca en el anonimato y chatee al instante sin crear una cuenta.<\/p>\n<h3>3. Filtros de g\u00e9nero y ubicaci\u00f3n<\/h3>\n<p>\u00datil para encontrar el tipo de personas con las que quieres chatear.<\/p>\n<h3>4. Moderaci\u00f3n fuerte<\/h3>\n<p>Las plataformas con herramientas de informaci\u00f3n y moderaci\u00f3n garantizan una experiencia m\u00e1s segura.<\/p>\n<h3>5. Dise\u00f1o compatible con dispositivos m\u00f3viles<\/h3>\n<p>Deber\u00edas poder chatear sin problemas tanto en el ordenador como en el m\u00f3vil.<\/p>\n<h3>6. V\u00eddeo y audio de alta calidad<\/h3>\n<p>Las conexiones claras y fiables hacen que las conversaciones sean agradables.<\/p>\n<h2>Las mejores plataformas de videochat para desconocidos en 2025<\/h2>\n<p>He aqu\u00ed la comparaci\u00f3n entre las plataformas de videochat m\u00e1s populares y desconocidas:<\/p>\n<table>\n<thead>\n<tr>\n<th>Plataforma<\/th>\n<th align=\"center\">Acceso gratuito<\/th>\n<th align=\"center\">Filtro de g\u00e9nero<\/th>\n<th align=\"center\">Se necesita inscripci\u00f3n<\/th>\n<th align=\"center\">Asistencia m\u00f3vil<\/th>\n<th align=\"center\">Moderaci\u00f3n<\/th>\n<th>Notas<\/th>\n<\/tr>\n<\/thead>\n<tbody>\n<tr>\n<td>StrangerCam<\/td>\n<td align=\"center\">\u2705<\/td>\n<td align=\"center\">\u2705 (Gratis)<\/td>\n<td align=\"center\">\u274c<\/td>\n<td align=\"center\">\u2705<\/td>\n<td align=\"center\">\u2705<\/td>\n<td>La mejor opci\u00f3n general, ilimitada y segura<\/td>\n<\/tr>\n<tr>\n<td><a href=\"https:\/\/strangercam.com\/es\/chatroulette\/\">Chatroulette<\/a><\/td>\n<td align=\"center\">\u2705<\/td>\n<td align=\"center\">\u274c (de pago)<\/td>\n<td align=\"center\">\u274c<\/td>\n<td align=\"center\">\u2705<\/td>\n<td align=\"center\">\u2705<\/td>\n<td>Plataforma cl\u00e1sica, pero coste de los filtros<\/td>\n<\/tr>\n<tr>\n<td>Chatrandom<\/td>\n<td align=\"center\">\u2705<\/td>\n<td align=\"center\">\u274c (de pago)<\/td>\n<td align=\"center\">\u274c<\/td>\n<td align=\"center\">\u2705<\/td>\n<td align=\"center\">\u2705<\/td>\n<td>Gran base de usuarios, se necesitan actualizaciones<\/td>\n<\/tr>\n<tr>\n<td><a href=\"https:\/\/strangercam.com\/es\/ometv\/\">OmeTV<\/a><\/td>\n<td align=\"center\">\u2705<\/td>\n<td align=\"center\">\u274c<\/td>\n<td align=\"center\">\u274c<\/td>\n<td align=\"center\">\u2705<\/td>\n<td align=\"center\">\u2705<\/td>\n<td>S\u00f3lo al azar, aplicaci\u00f3n m\u00f3vil disponible<\/td>\n<\/tr>\n<tr>\n<td>Shagle<\/td>\n<td align=\"center\">\u2705<\/td>\n<td align=\"center\">\u274c (de pago)<\/td>\n<td align=\"center\">\u274c<\/td>\n<td align=\"center\">\u2705<\/td>\n<td align=\"center\">\u2705<\/td>\n<td>Muchas funciones son de pago<\/td>\n<\/tr>\n<tr>\n<td><a href=\"https:\/\/strangercam.com\/es\/coomeet\/\">CooMeet<\/a><\/td>\n<td align=\"center\">\u274c (Prueba)<\/td>\n<td align=\"center\">\u2705<\/td>\n<td align=\"center\">\u2705<\/td>\n<td align=\"center\">\u2705<\/td>\n<td align=\"center\">\u2705<\/td>\n<td>De pago tras una breve prueba<\/td>\n<\/tr>\n<tr>\n<td>LuckyCrush<\/td>\n<td align=\"center\">\u274c<\/td>\n<td align=\"center\">\u2705<\/td>\n<td align=\"center\">\u2705<\/td>\n<td align=\"center\">\u2705<\/td>\n<td align=\"center\">\u2705<\/td>\n<td>Siempre remunerado, equiparaci\u00f3n en funci\u00f3n del sexo<\/td>\n<\/tr>\n<\/tbody>\n<\/table>\n<p>StrangerCam destaca por ser una de las \u00fanicas plataformas que ofrecen videochat gratis con desconocidos con un filtro de g\u00e9nero que funciona, sin necesidad de registrarse y con uso ilimitado.<\/p>\n<h2>Por qu\u00e9 StrangerCam es la mejor opci\u00f3n<\/h2>\n<p>A continuaci\u00f3n te explicamos por qu\u00e9 StrangerCam es una de las mejores opciones de videochat con desconocidos en 2025:<\/p>\n<h3>1. 100% Libre<\/h3>\n<p>Chats ilimitados sin costes ocultos.<\/p>\n<h3>2. Filtro de g\u00e9nero gratuito<\/h3>\n<p>Conoce chicos, chicas o ambos sin pagar m\u00e1s.<\/p>\n<h3>3. No es necesario inscribirse<\/h3>\n<p>Permanezca en el anonimato y con\u00e9ctese al instante.<\/p>\n<h3>4. Seguro y moderado<\/h3>\n<p>Una moderaci\u00f3n estricta garantiza un entorno limpio y agradable.<\/p>\n<h3>5. Base mundial de usuarios<\/h3>\n<p>Conoce a gente de m\u00e1s de 100 pa\u00edses, 24 horas al d\u00eda, 7 d\u00edas a la semana.<\/p>\n<h3>6. Funciona en todas partes<\/h3>\n<p>Optimizado para m\u00f3viles, tabletas y ordenadores de sobremesa.<\/p>\n<h2>Testimonios de usuarios reales<\/h2>\n<blockquote><p><em>\"S\u00f3lo quer\u00eda un videochat con desconocidos que no me empujara a pagar. StrangerCam fue el primer sitio realmente gratuito\".<\/em><br \/>\n- Liam, 25 a\u00f1os<\/p><\/blockquote>\n<blockquote><p><em>\"El filtro de g\u00e9nero es gratuito y funciona perfectamente. Otros sitios siempre intentan cobrar por ello\".<\/em><br \/>\n- Sophia, 23 a\u00f1os<\/p><\/blockquote>\n<blockquote><p><em>\"Conect\u00e9 con gente de cinco pa\u00edses distintos en una sola tarde. Es adictivo pero muy divertido\".<\/em><br \/>\n- Ryan, 30 a\u00f1os<\/p><\/blockquote>\n<blockquote><p><em>\"Se siente m\u00e1s seguro que otros sitios de chat al azar que prob\u00e9. StrangerCam tiene mejor moderaci\u00f3n y un ambiente amigable\".<\/em><br \/>\n- Emma, 21 a\u00f1os<\/p><\/blockquote>\n<h2>Consejos de seguridad para videoconferencias con desconocidos<\/h2>\n<p>Aunque los videochats con desconocidos son divertidos, prioriza siempre la seguridad:<\/p>\n<ul>\n<li>No compartas datos personales (tel\u00e9fono, correo electr\u00f3nico, direcci\u00f3n).<\/li>\n<li>Omite o bloquea a cualquiera que te incomode.<\/li>\n<li>Evite hacer clic en enlaces sospechosos.<\/li>\n<li>Comprueba el fondo de tu webcam antes de iniciar una llamada.<\/li>\n<li>Utiliza herramientas de informaci\u00f3n si es necesario.<\/li>\n<li>Respeta las normas de edad: si tienes menos de 18 a\u00f1os, evita las plataformas de chat para adultos.<\/li>\n<\/ul>\n<h2>C\u00f3mo empezar - Paso a paso<\/h2>\n<p>Se tarda menos de un minuto en iniciar un videochat con un desconocido:<\/p>\n<ol>\n<li>Abre StrangerCam en tu dispositivo.<\/li>\n<li>Permitir el acceso a la c\u00e1mara y al micr\u00f3fono.<\/li>\n<li>Seleccionar preferencias (como filtros de g\u00e9nero).<\/li>\n<li>Haz clic en Iniciar chat para conectarte al instante.<\/li>\n<li>Pulsa Siguiente en cualquier momento para iniciar una nueva conversaci\u00f3n.<\/li>\n<\/ol>\n<p>Sencillo, r\u00e1pido y totalmente gratuito.<\/p>\n<h2>Reflexiones finales - Pruebe hoy mismo el videochat gratuito con desconocidos<\/h2>\n<p>En 2025, el videochat con desconocidos es una de las formas m\u00e1s emocionantes y aut\u00e9nticas de conocer gente nueva en Internet. Es espont\u00e1neo, divertido y te ofrece conexiones instant\u00e1neas con personas reales de todo el mundo.<\/p>\n<p>No todas las plataformas lo consiguen: muchas esconden filtros tras muros de pago o est\u00e1n llenas de bots. Por eso StrangerCam es la mejor opci\u00f3n: es gratis, an\u00f3nima, segura y activa 24\/7 con gente dispuesta a chatear.<\/p>\n<p>\u00bfListo para experimentarlo? Inicia un videochat gratuito con desconocidos hoy mismo y descubre a qui\u00e9n conocer\u00e1s despu\u00e9s.<\/p>","protected":false},"excerpt":{"rendered":"<p>Are you searching for the best way to enjoy a stranger video chat? You\u2019re not the only one. Every day, millions of people turn to live video chat platforms to connect with strangers instantly. Unlike dating apps or social networks, which often feel staged or take time, stranger video chat is spontaneous, authentic, and real. [&hellip;]<\/p>\n","protected":false},"author":8,"featured_media":0,"parent":0,"menu_order":0,"comment_status":"closed","ping_status":"closed","template":"","meta":{"footnotes":""},"class_list":["post-4056","page","type-page","status-publish","hentry"],"yoast_head":"<!-- This site is optimized with the Yoast SEO plugin v27.4 - https:\/\/yoast.com\/product\/yoast-seo-wordpress\/ -->\n<title>Stranger Video Chat with Video Chat on Strangercam.com<\/title>\n<meta name=\"description\" content=\"Liking Stranger Video Chat? Join millions on StrangerCam.com! Start a random video chat, turn on your cam, and meet strangers instantly.\" \/>\n<meta name=\"robots\" content=\"index, follow, max-snippet:-1, max-image-preview:large, max-video-preview:-1\" \/>\n<link rel=\"canonical\" href=\"https:\/\/strangercam.com\/es\/videochat-con-desconocidos\/\" \/>\n<meta property=\"og:locale\" content=\"es_ES\" \/>\n<meta property=\"og:type\" content=\"article\" \/>\n<meta property=\"og:title\" content=\"Stranger Video Chat with Video Chat on Strangercam.com\" \/>\n<meta property=\"og:description\" content=\"Liking Stranger Video Chat? Join millions on StrangerCam.com! Start a random video chat, turn on your cam, and meet strangers instantly.\" \/>\n<meta property=\"og:url\" content=\"https:\/\/strangercam.com\/es\/videochat-con-desconocidos\/\" \/>\n<meta property=\"og:site_name\" content=\"Strangercam\" \/>\n<meta property=\"article:publisher\" content=\"https:\/\/www.facebook.com\/strangercam\" \/>\n<meta property=\"article:modified_time\" content=\"2025-09-03T11:46:31+00:00\" \/>\n<meta property=\"og:image\" content=\"https:\/\/strangercam.com\/wp-content\/uploads\/2021\/10\/Untitled-2.png\" \/>\n\t<meta property=\"og:image:width\" content=\"800\" \/>\n\t<meta property=\"og:image:height\" content=\"532\" \/>\n\t<meta property=\"og:image:type\" content=\"image\/png\" \/>\n<meta name=\"twitter:card\" content=\"summary_large_image\" \/>\n<meta name=\"twitter:site\" content=\"@strangercamapp\" \/>\n<meta name=\"twitter:label1\" content=\"Tiempo de lectura\" \/>\n\t<meta name=\"twitter:data1\" content=\"4 minutos\" \/>\n<script type=\"application\/ld+json\" class=\"yoast-schema-graph\">{\"@context\":\"https:\\\/\\\/schema.org\",\"@graph\":[{\"@type\":\"WebPage\",\"@id\":\"https:\\\/\\\/strangercam.com\\\/stranger-video-chat\\\/\",\"url\":\"https:\\\/\\\/strangercam.com\\\/stranger-video-chat\\\/\",\"name\":\"Stranger Video Chat with Video Chat on Strangercam.com\",\"isPartOf\":{\"@id\":\"https:\\\/\\\/strangercam.com\\\/#website\"},\"datePublished\":\"2025-09-03T09:50:30+00:00\",\"dateModified\":\"2025-09-03T11:46:31+00:00\",\"description\":\"Liking Stranger Video Chat? Join millions on StrangerCam.com! Start a random video chat, turn on your cam, and meet strangers instantly.\",\"breadcrumb\":{\"@id\":\"https:\\\/\\\/strangercam.com\\\/stranger-video-chat\\\/#breadcrumb\"},\"inLanguage\":\"es\",\"potentialAction\":[{\"@type\":\"ReadAction\",\"target\":[\"https:\\\/\\\/strangercam.com\\\/stranger-video-chat\\\/\"]}]},{\"@type\":\"BreadcrumbList\",\"@id\":\"https:\\\/\\\/strangercam.com\\\/stranger-video-chat\\\/#breadcrumb\",\"itemListElement\":[{\"@type\":\"ListItem\",\"position\":1,\"name\":\"Home\",\"item\":\"https:\\\/\\\/strangercam.com\\\/\"},{\"@type\":\"ListItem\",\"position\":2,\"name\":\"Stranger Video Chat\"}]},{\"@type\":\"WebSite\",\"@id\":\"https:\\\/\\\/strangercam.com\\\/#website\",\"url\":\"https:\\\/\\\/strangercam.com\\\/\",\"name\":\"Strangercam\",\"description\":\"Random Video Chat with Strangers\",\"publisher\":{\"@id\":\"https:\\\/\\\/strangercam.com\\\/#organization\"},\"alternateName\":\"Strangercam.com\",\"potentialAction\":[{\"@type\":\"SearchAction\",\"target\":{\"@type\":\"EntryPoint\",\"urlTemplate\":\"https:\\\/\\\/strangercam.com\\\/?s={search_term_string}\"},\"query-input\":{\"@type\":\"PropertyValueSpecification\",\"valueRequired\":true,\"valueName\":\"search_term_string\"}}],\"inLanguage\":\"es\"},{\"@type\":\"Organization\",\"@id\":\"https:\\\/\\\/strangercam.com\\\/#organization\",\"name\":\"Strangercam\",\"alternateName\":\"Strangercam.com\",\"url\":\"https:\\\/\\\/strangercam.com\\\/\",\"logo\":{\"@type\":\"ImageObject\",\"inLanguage\":\"es\",\"@id\":\"https:\\\/\\\/strangercam.com\\\/#\\\/schema\\\/logo\\\/image\\\/\",\"url\":\"https:\\\/\\\/strangercam.com\\\/wp-content\\\/uploads\\\/2020\\\/11\\\/cropped-new-favicon-black.png\",\"contentUrl\":\"https:\\\/\\\/strangercam.com\\\/wp-content\\\/uploads\\\/2020\\\/11\\\/cropped-new-favicon-black.png\",\"width\":512,\"height\":512,\"caption\":\"Strangercam\"},\"image\":{\"@id\":\"https:\\\/\\\/strangercam.com\\\/#\\\/schema\\\/logo\\\/image\\\/\"},\"sameAs\":[\"https:\\\/\\\/www.facebook.com\\\/strangercam\",\"https:\\\/\\\/x.com\\\/strangercamapp\"]}]}<\/script>\n<!-- \/ Yoast SEO plugin. -->","yoast_head_json":{"title":"Videochat con extra\u00f1os en Strangercam.com","description":"\u00bfTe gusta Stranger Video Chat? \u00a1Join millones en StrangerCam.com! Inicia un videochat aleatorio, enciende tu c\u00e1mara y conoce a desconocidos al instante.","robots":{"index":"index","follow":"follow","max-snippet":"max-snippet:-1","max-image-preview":"max-image-preview:large","max-video-preview":"max-video-preview:-1"},"canonical":"https:\/\/strangercam.com\/es\/videochat-con-desconocidos\/","og_locale":"es_ES","og_type":"article","og_title":"Stranger Video Chat with Video Chat on Strangercam.com","og_description":"Liking Stranger Video Chat? Join millions on StrangerCam.com! Start a random video chat, turn on your cam, and meet strangers instantly.","og_url":"https:\/\/strangercam.com\/es\/videochat-con-desconocidos\/","og_site_name":"Strangercam","article_publisher":"https:\/\/www.facebook.com\/strangercam","article_modified_time":"2025-09-03T11:46:31+00:00","og_image":[{"width":800,"height":532,"url":"https:\/\/strangercam.com\/wp-content\/uploads\/2021\/10\/Untitled-2.png","type":"image\/png"}],"twitter_card":"summary_large_image","twitter_site":"@strangercamapp","twitter_misc":{"Tiempo de lectura":"4 minutos"},"schema":{"@context":"https:\/\/schema.org","@graph":[{"@type":"WebPage","@id":"https:\/\/strangercam.com\/stranger-video-chat\/","url":"https:\/\/strangercam.com\/stranger-video-chat\/","name":"Videochat con extra\u00f1os en Strangercam.com","isPartOf":{"@id":"https:\/\/strangercam.com\/#website"},"datePublished":"2025-09-03T09:50:30+00:00","dateModified":"2025-09-03T11:46:31+00:00","description":"\u00bfTe gusta Stranger Video Chat? \u00a1Join millones en StrangerCam.com! Inicia un videochat aleatorio, enciende tu c\u00e1mara y conoce a desconocidos al instante.","breadcrumb":{"@id":"https:\/\/strangercam.com\/stranger-video-chat\/#breadcrumb"},"inLanguage":"es","potentialAction":[{"@type":"ReadAction","target":["https:\/\/strangercam.com\/stranger-video-chat\/"]}]},{"@type":"BreadcrumbList","@id":"https:\/\/strangercam.com\/stranger-video-chat\/#breadcrumb","itemListElement":[{"@type":"ListItem","position":1,"name":"Home","item":"https:\/\/strangercam.com\/"},{"@type":"ListItem","position":2,"name":"Stranger Video Chat"}]},{"@type":"WebSite","@id":"https:\/\/strangercam.com\/#website","url":"https:\/\/strangercam.com\/","name":"Strangercam","description":"Videochat aleatorio con desconocidos","publisher":{"@id":"https:\/\/strangercam.com\/#organization"},"alternateName":"Strangercam.com","potentialAction":[{"@type":"SearchAction","target":{"@type":"EntryPoint","urlTemplate":"https:\/\/strangercam.com\/?s={search_term_string}"},"query-input":{"@type":"PropertyValueSpecification","valueRequired":true,"valueName":"search_term_string"}}],"inLanguage":"es"},{"@type":"Organization","@id":"https:\/\/strangercam.com\/#organization","name":"Strangercam","alternateName":"Strangercam.com","url":"https:\/\/strangercam.com\/","logo":{"@type":"ImageObject","inLanguage":"es","@id":"https:\/\/strangercam.com\/#\/schema\/logo\/image\/","url":"https:\/\/strangercam.com\/wp-content\/uploads\/2020\/11\/cropped-new-favicon-black.png","contentUrl":"https:\/\/strangercam.com\/wp-content\/uploads\/2020\/11\/cropped-new-favicon-black.png","width":512,"height":512,"caption":"Strangercam"},"image":{"@id":"https:\/\/strangercam.com\/#\/schema\/logo\/image\/"},"sameAs":["https:\/\/www.facebook.com\/strangercam","https:\/\/x.com\/strangercamapp"]}]}},"_links":{"self":[{"href":"https:\/\/strangercam.com\/es\/wp-json\/wp\/v2\/pages\/4056","targetHints":{"allow":["GET"]}}],"collection":[{"href":"https:\/\/strangercam.com\/es\/wp-json\/wp\/v2\/pages"}],"about":[{"href":"https:\/\/strangercam.com\/es\/wp-json\/wp\/v2\/types\/page"}],"author":[{"embeddable":true,"href":"https:\/\/strangercam.com\/es\/wp-json\/wp\/v2\/users\/8"}],"replies":[{"embeddable":true,"href":"https:\/\/strangercam.com\/es\/wp-json\/wp\/v2\/comments?post=4056"}],"version-history":[{"count":3,"href":"https:\/\/strangercam.com\/es\/wp-json\/wp\/v2\/pages\/4056\/revisions"}],"predecessor-version":[{"id":13001,"href":"https:\/\/strangercam.com\/es\/wp-json\/wp\/v2\/pages\/4056\/revisions\/13001"}],"wp:attachment":[{"href":"https:\/\/strangercam.com\/es\/wp-json\/wp\/v2\/media?parent=4056"}],"curies":[{"name":"wp","href":"https:\/\/api.w.org\/{rel}","templated":true}]}}