{"id":4039,"date":"2025-09-03T11:47:55","date_gmt":"2025-09-03T09:47:55","guid":{"rendered":"https:\/\/strangercam.com\/?page_id=4039"},"modified":"2025-09-03T13:44:58","modified_gmt":"2025-09-03T11:44:58","slug":"videochat-aleatorio-con-desconocidos","status":"publish","type":"page","link":"https:\/\/strangercam.com\/es\/random-video-chat-with-strangers\/","title":{"rendered":"Videochat aleatorio con desconocidos"},"content":{"rendered":"<p>\u00bfEst\u00e1s buscando la mejor manera de disfrutar de un v\u00eddeo aleatorio <a href=\"https:\/\/strangercam.com\/es\/chathub\/\">chat<\/a> con desconocidos? No es el \u00fanico. Cada mes, millones de personas de todo el mundo entran en Internet para conectar instant\u00e1neamente con desconocidos, ya sea por diversi\u00f3n, amistad, intercambio cultural o flirteo desenfadado. A diferencia de las aplicaciones de citas o las redes sociales, que pueden parecer lentas o artificiales, el videochat aleatorio es espont\u00e1neo, aut\u00e9ntico y emocionante.<\/p>\n<p>Gracias a plataformas como StrangerCam, puedes iniciar hoy mismo una videoconferencia aleatoria gratuita con desconocidos, sin registros, descargas ni costes ocultos. Con un solo clic, estar\u00e1s cara a cara con alguien nuevo de cualquier parte del mundo.<\/p>\n<p>Esta gu\u00eda te guiar\u00e1 a trav\u00e9s de todo lo que necesitas saber: qu\u00e9 es el videochat aleatorio con desconocidos, por qu\u00e9 a la gente le encanta, c\u00f3mo funciona, qu\u00e9 caracter\u00edsticas buscar, comparaciones de plataformas, consejos de seguridad y por qu\u00e9 StrangerCam es una de las mejores opciones en 2025.<\/p>\n<h2>\u00bfQu\u00e9 es el videochat aleatorio con desconocidos?<\/h2>\n<p>Un videochat aleatorio con desconocidos es una funci\u00f3n online que te conecta instant\u00e1neamente con otras personas a trav\u00e9s de una webcam y un micr\u00f3fono. A diferencia de las salas de chat de texto, el videochat ofrece una interacci\u00f3n en vivo, cara a cara, que hace que las conversaciones sean m\u00e1s reales y atractivas.<\/p>\n<p>No necesitas crear una cuenta ni rellenar un perfil. S\u00f3lo tienes que pulsar \"Empezar\" y en cuesti\u00f3n de segundos estar\u00e1s hablando con una nueva persona. Si no est\u00e1s disfrutando de la conversaci\u00f3n, pulsa \"Siguiente\" y conectar\u00e1s con otra persona al instante.<\/p>\n<h2>Por qu\u00e9 a la gente le encanta el videochat aleatorio gratis con desconocidos<\/h2>\n<p>La popularidad del videochat aleatorio gratuito con desconocidos se debe a varias razones clave:<\/p>\n<ul>\n<li>Espontaneidad: cada charla es diferente e imprevisible.<\/li>\n<li>Autenticidad: El v\u00eddeo en directo garantiza que te re\u00fanes con personas reales, no con bots.<\/li>\n<li>Sin compromisos: Sin cuentas, sin descargas, s\u00f3lo conversaciones instant\u00e1neas.<\/li>\n<li>Alcance mundial: Conoce a gente de decenas de pa\u00edses en tiempo real.<\/li>\n<li>Amistad y diversi\u00f3n: Algunos lo utilizan para hacer amigos; otros para ligar o divertirse.<\/li>\n<li>Escape r\u00e1pido del aburrimiento: Perfecto cuando quieres romper tu rutina.<\/li>\n<\/ul>\n<h2>\u00bfC\u00f3mo funciona el videochat aleatorio con desconocidos?<\/h2>\n<p>Empezar es sencillo y r\u00e1pido:<\/p>\n<ol>\n<li>Abre una plataforma como StrangerCam en tu tel\u00e9fono u ordenador.<\/li>\n<li>Permite el acceso a tu webcam y micr\u00f3fono.<\/li>\n<li>Haz clic en \"Iniciar chat\".<\/li>\n<li>Hable cara a cara con un desconocido al instante.<\/li>\n<li>Haz clic en \"Siguiente\" en cualquier momento para conocer a alguien nuevo.<\/li>\n<\/ol>\n<p>Este ciclo puede repetirse sin fin, ofreci\u00e9ndote oportunidades ilimitadas de conectar.<\/p>\n<h2>Caracter\u00edsticas principales<\/h2>\n<p>No todas las plataformas son iguales. Esto es lo que debes tener en cuenta a la hora de elegir un sitio para chatear por v\u00eddeo con desconocidos:<\/p>\n<h3>1. Acceso realmente libre<\/h3>\n<p>Algunos sitios dicen ser gratuitos pero bloquean funciones clave tras muros de pago. Busque acceso ilimitado sin trucos.<\/p>\n<h3>2. No es necesario inscribirse<\/h3>\n<p>Los mejores sitios no requieren registro, cuentas ni datos personales.<\/p>\n<h3>3. Filtros de g\u00e9nero y ubicaci\u00f3n<\/h3>\n<p>\u00datil si quieres conocer a tipos espec\u00edficos de personas.<\/p>\n<h3>4. Moderaci\u00f3n fuerte<\/h3>\n<p>Las herramientas de notificaci\u00f3n y los sistemas de moderaci\u00f3n garantizan un entorno seguro.<\/p>\n<h3>5. Dise\u00f1o compatible con dispositivos m\u00f3viles<\/h3>\n<p>Una buena plataforma debe funcionar con la misma fluidez en los tel\u00e9fonos que en los ordenadores de sobremesa.<\/p>\n<h3>6. V\u00eddeo y audio de alta calidad<\/h3>\n<p>Las conexiones claras y estables hacen que las conversaciones sean m\u00e1s agradables.<\/p>\n<h2>Las mejores plataformas para chatear por v\u00eddeo con desconocidos en 2025<\/h2>\n<p>He aqu\u00ed una comparaci\u00f3n de plataformas populares que ofrecen videochats aleatorios con desconocidos:<\/p>\n<table>\n<thead>\n<tr>\n<th>Plataforma<\/th>\n<th align=\"center\">Acceso gratuito<\/th>\n<th align=\"center\">Filtro de g\u00e9nero<\/th>\n<th align=\"center\">Se necesita inscripci\u00f3n<\/th>\n<th align=\"center\">Asistencia m\u00f3vil<\/th>\n<th align=\"center\">Moderaci\u00f3n<\/th>\n<th>Notas<\/th>\n<\/tr>\n<\/thead>\n<tbody>\n<tr>\n<td>StrangerCam<\/td>\n<td align=\"center\">\u2705<\/td>\n<td align=\"center\">\u2705 (Gratis)<\/td>\n<td align=\"center\">\u274c<\/td>\n<td align=\"center\">\u2705<\/td>\n<td align=\"center\">\u2705<\/td>\n<td>La mejor opci\u00f3n general, realmente gratis<\/td>\n<\/tr>\n<tr>\n<td><a href=\"https:\/\/strangercam.com\/es\/chatroulette\/\">Chatroulette<\/a><\/td>\n<td align=\"center\">\u2705<\/td>\n<td align=\"center\">\u274c (de pago)<\/td>\n<td align=\"center\">\u274c<\/td>\n<td align=\"center\">\u2705<\/td>\n<td align=\"center\">\u2705<\/td>\n<td>Opci\u00f3n cl\u00e1sica, pero los filtros cuestan<\/td>\n<\/tr>\n<tr>\n<td>Chatrandom<\/td>\n<td align=\"center\">\u2705<\/td>\n<td align=\"center\">\u274c (de pago)<\/td>\n<td align=\"center\">\u274c<\/td>\n<td align=\"center\">\u2705<\/td>\n<td align=\"center\">\u2705<\/td>\n<td>Popular, pero con funciones premium bloqueadas<\/td>\n<\/tr>\n<tr>\n<td><a href=\"https:\/\/strangercam.com\/es\/ometv\/\">OmeTV<\/a><\/td>\n<td align=\"center\">\u2705<\/td>\n<td align=\"center\">\u274c<\/td>\n<td align=\"center\">\u274c<\/td>\n<td align=\"center\">\u2705<\/td>\n<td align=\"center\">\u2705<\/td>\n<td>S\u00f3lo al azar, aplicaci\u00f3n m\u00f3vil disponible<\/td>\n<\/tr>\n<tr>\n<td>Shagle<\/td>\n<td align=\"center\">\u2705<\/td>\n<td align=\"center\">\u274c (de pago)<\/td>\n<td align=\"center\">\u274c<\/td>\n<td align=\"center\">\u2705<\/td>\n<td align=\"center\">\u2705<\/td>\n<td>Las funciones premium se promocionan mucho<\/td>\n<\/tr>\n<tr>\n<td><a href=\"https:\/\/strangercam.com\/es\/coomeet\/\">CooMeet<\/a><\/td>\n<td align=\"center\">\u274c (Prueba)<\/td>\n<td align=\"center\">\u2705<\/td>\n<td align=\"center\">\u2705<\/td>\n<td align=\"center\">\u2705<\/td>\n<td align=\"center\">\u2705<\/td>\n<td>Pagado tras una breve prueba<\/td>\n<\/tr>\n<tr>\n<td>LuckyCrush<\/td>\n<td align=\"center\">\u274c<\/td>\n<td align=\"center\">\u2705<\/td>\n<td align=\"center\">\u2705<\/td>\n<td align=\"center\">\u2705<\/td>\n<td align=\"center\">\u2705<\/td>\n<td>Charla siempre remunerada y basada en el g\u00e9nero<\/td>\n<\/tr>\n<\/tbody>\n<\/table>\n<p>Entre ellas, StrangerCam destaca por ser una de las \u00fanicas plataformas que ofrecen videochat aleatorio gratuito con desconocidos sin l\u00edmite de acceso, sin necesidad de registrarse y con un filtro de g\u00e9nero que funciona.<\/p>\n<h2>Por qu\u00e9 StrangerCam es la mejor opci\u00f3n<\/h2>\n<p>A continuaci\u00f3n te explicamos por qu\u00e9 StrangerCam es la mejor opci\u00f3n para realizar videoconferencias aleatorias con desconocidos en 2025:<\/p>\n<h3>1. Completamente gratis<\/h3>\n<p>Sin cr\u00e9ditos, pruebas ni cargos ocultos: chat ilimitado y gratuito.<\/p>\n<h3>2. Filtro de g\u00e9nero gratuito<\/h3>\n<p>Elige a qui\u00e9n quieres conocer -chicos, chicas o ambos- sin pagar.<\/p>\n<h3>3. No es necesario inscribirse<\/h3>\n<p>Permanezca en el anonimato y con\u00e9ctese al instante.<\/p>\n<h3>4. Seguro y moderado<\/h3>\n<p>Gracias a las herramientas de moderaci\u00f3n e informaci\u00f3n, StrangerCam mantiene un ambiente positivo.<\/p>\n<h3>5. Base mundial de usuarios<\/h3>\n<p>Conoce a desconocidos de m\u00e1s de 100 pa\u00edses, disponible 24 horas al d\u00eda, 7 d\u00edas a la semana.<\/p>\n<h3>6. Optimizado para todos los dispositivos<\/h3>\n<p>Funciona perfectamente tanto en el m\u00f3vil como en el ordenador.<\/p>\n<h2>Testimonios de usuarios reales<\/h2>\n<blockquote><p><em>\"Quer\u00eda una plataforma en la que pudiera chatear por v\u00eddeo con desconocidos sin pagar. StrangerCam era el \u00fanico sitio que realmente cumpl\u00eda\".<\/em><br \/>\n- Chris, 25 a\u00f1os<\/p><\/blockquote>\n<blockquote><p><em>\"El filtro de g\u00e9nero funciona perfectamente y gratis. Eso es raro hoy en d\u00eda\".<\/em><br \/>\n- Sof\u00eda, 22 a\u00f1os<\/p><\/blockquote>\n<blockquote><p><em>\"Conoc\u00ed a gente de cinco pa\u00edses en menos de una hora. Es adictivo pero divertido\".<\/em><br \/>\n- Ryan, 29 a\u00f1os<\/p><\/blockquote>\n<blockquote><p><em>\"StrangerCam es seguro, f\u00e1cil y genuinamente gratis. Es mi lugar favorito para conectarme en l\u00ednea\".<\/em><br \/>\n- Leah, 21 a\u00f1os<\/p><\/blockquote>\n<h2>Consejos de seguridad para videoconferencias aleatorias con desconocidos<\/h2>\n<p>Aunque estas plataformas son divertidas, siempre debes protegerte:<\/p>\n<ul>\n<li>Nunca compartas informaci\u00f3n personal como tu nombre, n\u00famero de tel\u00e9fono o direcci\u00f3n.<\/li>\n<li>No hagas clic en enlaces compartidos por desconocidos.<\/li>\n<li>Utilice \"Siguiente\" libremente si se siente inc\u00f3modo.<\/li>\n<li>Comprueba el fondo antes de encender la c\u00e1mara.<\/li>\n<li>Lim\u00edtate a las herramientas de la plataforma para bloquear o denunciar a los malos usuarios.<\/li>\n<li>Respeta las normas de edad: si tienes menos de 18 a\u00f1os, evita los sitios de videochat para adultos.<\/li>\n<\/ul>\n<h2>C\u00f3mo empezar - Paso a paso<\/h2>\n<p>Se tarda menos de un minuto en iniciar una videoconferencia aleatoria con desconocidos:<\/p>\n<ol>\n<li>Abre StrangerCam en tu navegador o dispositivo m\u00f3vil.<\/li>\n<li>Permitir el acceso a la c\u00e1mara y al micr\u00f3fono.<\/li>\n<li>Seleccionar preferencias (como filtros de g\u00e9nero si est\u00e1n disponibles).<\/li>\n<li>Haz clic en Iniciar chat para conectarte al instante.<\/li>\n<li>Pulsa Siguiente en cualquier momento para conocer a alguien nuevo.<\/li>\n<\/ol>\n<p>R\u00e1pido, sencillo y totalmente gratuito.<\/p>\n<h2>Reflexiones finales - Pruebe hoy mismo el chat de v\u00eddeo aleatorio gratuito con desconocidos<\/h2>\n<p>En 2025, el videochat aleatorio con desconocidos sigue siendo una de las formas m\u00e1s divertidas y emocionantes de conocer gente nueva en Internet. Es espont\u00e1neo, aut\u00e9ntico y te conecta al instante con personas reales de todo el mundo.<\/p>\n<p>Pero no todas las plataformas merecen la pena. Muchas ocultan funciones tras muros de pago o est\u00e1n plagadas de bots. Por eso StrangerCam es la mejor opci\u00f3n: es gratis, an\u00f3nima, segura y activa 24\/7 con gente dispuesta a chatear.<\/p>\n<p>\u00bfListo para probarlo? Inicia hoy mismo un videochat aleatorio gratuito con desconocidos y descubre a qui\u00e9n conocer\u00e1s despu\u00e9s.<\/p>","protected":false},"excerpt":{"rendered":"<p>Are you searching for the best way to enjoy a random video chat with strangers? You\u2019re not alone. Every month, millions of people around the world go online to connect instantly with strangers\u2014whether for fun, friendship, cultural exchange, or lighthearted flirting. Unlike dating apps or social media, which can feel slow or artificial, random video [&hellip;]<\/p>\n","protected":false},"author":8,"featured_media":0,"parent":0,"menu_order":0,"comment_status":"closed","ping_status":"closed","template":"","meta":{"footnotes":""},"class_list":["post-4039","page","type-page","status-publish","hentry"],"yoast_head":"<!-- This site is optimized with the Yoast SEO plugin v27.4 - https:\/\/yoast.com\/product\/yoast-seo-wordpress\/ -->\n<title>Random Video Chat With Strangers on Strangercam.com<\/title>\n<meta name=\"description\" content=\"Liking Random Video Chat With Strangers? Join millions on StrangerCam.com! Start a random video chat, turn on your cam, and meet strangers instantly.\" \/>\n<meta name=\"robots\" content=\"index, follow, max-snippet:-1, max-image-preview:large, max-video-preview:-1\" \/>\n<link rel=\"canonical\" href=\"https:\/\/strangercam.com\/es\/videochat-aleatorio-con-desconocidos\/\" \/>\n<meta property=\"og:locale\" content=\"es_ES\" \/>\n<meta property=\"og:type\" content=\"article\" \/>\n<meta property=\"og:title\" content=\"Random Video Chat With Strangers on Strangercam.com\" \/>\n<meta property=\"og:description\" content=\"Liking Random Video Chat With Strangers? Join millions on StrangerCam.com! Start a random video chat, turn on your cam, and meet strangers instantly.\" \/>\n<meta property=\"og:url\" content=\"https:\/\/strangercam.com\/es\/videochat-aleatorio-con-desconocidos\/\" \/>\n<meta property=\"og:site_name\" content=\"Strangercam\" \/>\n<meta property=\"article:publisher\" content=\"https:\/\/www.facebook.com\/strangercam\" \/>\n<meta property=\"article:modified_time\" content=\"2025-09-03T11:44:58+00:00\" \/>\n<meta property=\"og:image\" content=\"https:\/\/strangercam.com\/wp-content\/uploads\/2021\/10\/Untitled-2.png\" \/>\n\t<meta property=\"og:image:width\" content=\"800\" \/>\n\t<meta property=\"og:image:height\" content=\"532\" \/>\n\t<meta property=\"og:image:type\" content=\"image\/png\" \/>\n<meta name=\"twitter:card\" content=\"summary_large_image\" \/>\n<meta name=\"twitter:site\" content=\"@strangercamapp\" \/>\n<meta name=\"twitter:label1\" content=\"Tiempo de lectura\" \/>\n\t<meta name=\"twitter:data1\" content=\"5 minutos\" \/>\n<script type=\"application\/ld+json\" class=\"yoast-schema-graph\">{\"@context\":\"https:\\\/\\\/schema.org\",\"@graph\":[{\"@type\":\"WebPage\",\"@id\":\"https:\\\/\\\/strangercam.com\\\/random-video-chat-with-strangers\\\/\",\"url\":\"https:\\\/\\\/strangercam.com\\\/random-video-chat-with-strangers\\\/\",\"name\":\"Random Video Chat With Strangers on Strangercam.com\",\"isPartOf\":{\"@id\":\"https:\\\/\\\/strangercam.com\\\/#website\"},\"datePublished\":\"2025-09-03T09:47:55+00:00\",\"dateModified\":\"2025-09-03T11:44:58+00:00\",\"description\":\"Liking Random Video Chat With Strangers? Join millions on StrangerCam.com! Start a random video chat, turn on your cam, and meet strangers instantly.\",\"breadcrumb\":{\"@id\":\"https:\\\/\\\/strangercam.com\\\/random-video-chat-with-strangers\\\/#breadcrumb\"},\"inLanguage\":\"es\",\"potentialAction\":[{\"@type\":\"ReadAction\",\"target\":[\"https:\\\/\\\/strangercam.com\\\/random-video-chat-with-strangers\\\/\"]}]},{\"@type\":\"BreadcrumbList\",\"@id\":\"https:\\\/\\\/strangercam.com\\\/random-video-chat-with-strangers\\\/#breadcrumb\",\"itemListElement\":[{\"@type\":\"ListItem\",\"position\":1,\"name\":\"Home\",\"item\":\"https:\\\/\\\/strangercam.com\\\/\"},{\"@type\":\"ListItem\",\"position\":2,\"name\":\"Random Video Chat With Strangers\"}]},{\"@type\":\"WebSite\",\"@id\":\"https:\\\/\\\/strangercam.com\\\/#website\",\"url\":\"https:\\\/\\\/strangercam.com\\\/\",\"name\":\"Strangercam\",\"description\":\"Random Video Chat with Strangers\",\"publisher\":{\"@id\":\"https:\\\/\\\/strangercam.com\\\/#organization\"},\"alternateName\":\"Strangercam.com\",\"potentialAction\":[{\"@type\":\"SearchAction\",\"target\":{\"@type\":\"EntryPoint\",\"urlTemplate\":\"https:\\\/\\\/strangercam.com\\\/?s={search_term_string}\"},\"query-input\":{\"@type\":\"PropertyValueSpecification\",\"valueRequired\":true,\"valueName\":\"search_term_string\"}}],\"inLanguage\":\"es\"},{\"@type\":\"Organization\",\"@id\":\"https:\\\/\\\/strangercam.com\\\/#organization\",\"name\":\"Strangercam\",\"alternateName\":\"Strangercam.com\",\"url\":\"https:\\\/\\\/strangercam.com\\\/\",\"logo\":{\"@type\":\"ImageObject\",\"inLanguage\":\"es\",\"@id\":\"https:\\\/\\\/strangercam.com\\\/#\\\/schema\\\/logo\\\/image\\\/\",\"url\":\"https:\\\/\\\/strangercam.com\\\/wp-content\\\/uploads\\\/2020\\\/11\\\/cropped-new-favicon-black.png\",\"contentUrl\":\"https:\\\/\\\/strangercam.com\\\/wp-content\\\/uploads\\\/2020\\\/11\\\/cropped-new-favicon-black.png\",\"width\":512,\"height\":512,\"caption\":\"Strangercam\"},\"image\":{\"@id\":\"https:\\\/\\\/strangercam.com\\\/#\\\/schema\\\/logo\\\/image\\\/\"},\"sameAs\":[\"https:\\\/\\\/www.facebook.com\\\/strangercam\",\"https:\\\/\\\/x.com\\\/strangercamapp\"]}]}<\/script>\n<!-- \/ Yoast SEO plugin. -->","yoast_head_json":{"title":"Videochat aleatorio con desconocidos en Strangercam.com","description":"\u00bfTe gusta el videochat aleatorio con desconocidos? \u00a1Join millones en StrangerCam.com! Inicia un videochat aleatorio, enciende tu c\u00e1mara y conoce a desconocidos al instante.","robots":{"index":"index","follow":"follow","max-snippet":"max-snippet:-1","max-image-preview":"max-image-preview:large","max-video-preview":"max-video-preview:-1"},"canonical":"https:\/\/strangercam.com\/es\/videochat-aleatorio-con-desconocidos\/","og_locale":"es_ES","og_type":"article","og_title":"Random Video Chat With Strangers on Strangercam.com","og_description":"Liking Random Video Chat With Strangers? Join millions on StrangerCam.com! Start a random video chat, turn on your cam, and meet strangers instantly.","og_url":"https:\/\/strangercam.com\/es\/videochat-aleatorio-con-desconocidos\/","og_site_name":"Strangercam","article_publisher":"https:\/\/www.facebook.com\/strangercam","article_modified_time":"2025-09-03T11:44:58+00:00","og_image":[{"width":800,"height":532,"url":"https:\/\/strangercam.com\/wp-content\/uploads\/2021\/10\/Untitled-2.png","type":"image\/png"}],"twitter_card":"summary_large_image","twitter_site":"@strangercamapp","twitter_misc":{"Tiempo de lectura":"5 minutos"},"schema":{"@context":"https:\/\/schema.org","@graph":[{"@type":"WebPage","@id":"https:\/\/strangercam.com\/random-video-chat-with-strangers\/","url":"https:\/\/strangercam.com\/random-video-chat-with-strangers\/","name":"Videochat aleatorio con desconocidos en Strangercam.com","isPartOf":{"@id":"https:\/\/strangercam.com\/#website"},"datePublished":"2025-09-03T09:47:55+00:00","dateModified":"2025-09-03T11:44:58+00:00","description":"\u00bfTe gusta el videochat aleatorio con desconocidos? \u00a1Join millones en StrangerCam.com! Inicia un videochat aleatorio, enciende tu c\u00e1mara y conoce a desconocidos al instante.","breadcrumb":{"@id":"https:\/\/strangercam.com\/random-video-chat-with-strangers\/#breadcrumb"},"inLanguage":"es","potentialAction":[{"@type":"ReadAction","target":["https:\/\/strangercam.com\/random-video-chat-with-strangers\/"]}]},{"@type":"BreadcrumbList","@id":"https:\/\/strangercam.com\/random-video-chat-with-strangers\/#breadcrumb","itemListElement":[{"@type":"ListItem","position":1,"name":"Home","item":"https:\/\/strangercam.com\/"},{"@type":"ListItem","position":2,"name":"Random Video Chat With Strangers"}]},{"@type":"WebSite","@id":"https:\/\/strangercam.com\/#website","url":"https:\/\/strangercam.com\/","name":"Strangercam","description":"Videochat aleatorio con desconocidos","publisher":{"@id":"https:\/\/strangercam.com\/#organization"},"alternateName":"Strangercam.com","potentialAction":[{"@type":"SearchAction","target":{"@type":"EntryPoint","urlTemplate":"https:\/\/strangercam.com\/?s={search_term_string}"},"query-input":{"@type":"PropertyValueSpecification","valueRequired":true,"valueName":"search_term_string"}}],"inLanguage":"es"},{"@type":"Organization","@id":"https:\/\/strangercam.com\/#organization","name":"Strangercam","alternateName":"Strangercam.com","url":"https:\/\/strangercam.com\/","logo":{"@type":"ImageObject","inLanguage":"es","@id":"https:\/\/strangercam.com\/#\/schema\/logo\/image\/","url":"https:\/\/strangercam.com\/wp-content\/uploads\/2020\/11\/cropped-new-favicon-black.png","contentUrl":"https:\/\/strangercam.com\/wp-content\/uploads\/2020\/11\/cropped-new-favicon-black.png","width":512,"height":512,"caption":"Strangercam"},"image":{"@id":"https:\/\/strangercam.com\/#\/schema\/logo\/image\/"},"sameAs":["https:\/\/www.facebook.com\/strangercam","https:\/\/x.com\/strangercamapp"]}]}},"_links":{"self":[{"href":"https:\/\/strangercam.com\/es\/wp-json\/wp\/v2\/pages\/4039","targetHints":{"allow":["GET"]}}],"collection":[{"href":"https:\/\/strangercam.com\/es\/wp-json\/wp\/v2\/pages"}],"about":[{"href":"https:\/\/strangercam.com\/es\/wp-json\/wp\/v2\/types\/page"}],"author":[{"embeddable":true,"href":"https:\/\/strangercam.com\/es\/wp-json\/wp\/v2\/users\/8"}],"replies":[{"embeddable":true,"href":"https:\/\/strangercam.com\/es\/wp-json\/wp\/v2\/comments?post=4039"}],"version-history":[{"count":3,"href":"https:\/\/strangercam.com\/es\/wp-json\/wp\/v2\/pages\/4039\/revisions"}],"predecessor-version":[{"id":12999,"href":"https:\/\/strangercam.com\/es\/wp-json\/wp\/v2\/pages\/4039\/revisions\/12999"}],"wp:attachment":[{"href":"https:\/\/strangercam.com\/es\/wp-json\/wp\/v2\/media?parent=4039"}],"curies":[{"name":"wp","href":"https:\/\/api.w.org\/{rel}","templated":true}]}}