{"id":4022,"date":"2025-09-03T12:43:36","date_gmt":"2025-09-03T10:43:36","guid":{"rendered":"https:\/\/strangercam.com\/?page_id=4022"},"modified":"2025-09-03T13:42:39","modified_gmt":"2025-09-03T11:42:39","slug":"chat-de-video-aleatorio-gratis","status":"publish","type":"page","link":"https:\/\/strangercam.com\/es\/free-random-video-chat\/","title":{"rendered":"Videochat aleatorio gratis"},"content":{"rendered":"<p>\u00bfEst\u00e1s buscando la mejor manera de disfrutar de un v\u00eddeo aleatorio gratuito <a href=\"https:\/\/strangercam.com\/es\/chathub\/\">chat<\/a>? No es el \u00fanico. Millones de personas en todo el mundo buscan plataformas de videochat aleatorio cada mes, con la esperanza de conectar instant\u00e1neamente con desconocidos, ya sea por amistad, intercambio cultural, flirteo casual o simplemente para matar el aburrimiento. A diferencia de las aplicaciones de citas o las redes sociales, que pueden parecer lentas o artificiales, el videochat aleatorio es espont\u00e1neo, aut\u00e9ntico y emocionante.<\/p>\n<p>Con plataformas como StrangerCam, es m\u00e1s f\u00e1cil que nunca disfrutar de un videochat aleatorio gratuito, sin registros, descargas ni costes ocultos. Solo tienes que pulsar un bot\u00f3n y al instante estar\u00e1s cara a cara con alguien nuevo de cualquier parte del mundo.<\/p>\n<p>Esta gu\u00eda cubrir\u00e1 todo lo que necesitas saber: qu\u00e9 es el videochat aleatorio gratuito, por qu\u00e9 a la gente le encanta, c\u00f3mo funciona, las mejores caracter\u00edsticas que debes buscar, comparaciones de plataformas populares, consejos de seguridad y por qu\u00e9 StrangerCam es una de las mejores opciones en 2025.<\/p>\n<h2>\u00bfQu\u00e9 es el chat de v\u00eddeo aleatorio gratuito?<\/h2>\n<p>El videochat aleatorio gratuito es un servicio en l\u00ednea que te conecta instant\u00e1neamente con desconocidos para realizar videollamadas en directo utilizando tu c\u00e1mara web y tu micr\u00f3fono. La parte \"aleatoria\" significa que nunca sabes con qui\u00e9n te vas a encontrar hasta que empieza el chat: puede ser alguien cercano o alguien al otro lado del mundo.<\/p>\n<p>A diferencia de las salas de chat de texto, el chat de v\u00eddeo aleatorio te ofrece una experiencia mucho m\u00e1s aut\u00e9ntica y atractiva porque puedes ver y o\u00edr a la persona en tiempo real. Si no est\u00e1s disfrutando de la conversaci\u00f3n, solo tienes que pulsar \"Siguiente\" para pasar a otra persona.<\/p>\n<h2>Por qu\u00e9 la gente adora el chat de v\u00eddeo aleatorio gratuito<\/h2>\n<p>Hay muchas razones por las que el videochat aleatorio gratuito se ha hecho tan popular:<\/p>\n<ul>\n<li>Diversi\u00f3n espont\u00e1nea: Cada chat es \u00fanico e imprevisible.<\/li>\n<li>Interacci\u00f3n humana real: Las videollamadas confirman que la otra persona es real, no un bot.<\/li>\n<li>Conexiones instant\u00e1neas: Sin largas inscripciones ni esperas de respuesta.<\/li>\n<li>Alcance global: Conoce a desconocidos de todo el mundo, 24 horas al d\u00eda, 7 d\u00edas a la semana.<\/li>\n<li>Entretenimiento: Perfecto para pasar el rato, hacer amigos o ligar ocasionalmente.<\/li>\n<li>Libertad de elecci\u00f3n: \u00bfNo te gusta el ambiente? S\u00f3lo tienes que hacer clic en \"Siguiente\".<\/li>\n<\/ul>\n<h2>\u00bfC\u00f3mo funciona el chat de v\u00eddeo aleatorio gratuito?<\/h2>\n<p>Iniciar un videochat aleatorio gratuito es incre\u00edblemente f\u00e1cil:<\/p>\n<ol>\n<li>Abre la plataforma en tu tel\u00e9fono u ordenador.<\/li>\n<li>Permitir el acceso a la c\u00e1mara y al micr\u00f3fono.<\/li>\n<li>Haz clic en \"Iniciar chat\".<\/li>\n<li>Con\u00e9ctese al instante con un desconocido a trav\u00e9s de una videollamada.<\/li>\n<li>Haz clic en \"Siguiente\" en cualquier momento para conocer a alguien nuevo.<\/li>\n<\/ol>\n<p>Algunas plataformas a\u00f1aden funciones adicionales como filtros de g\u00e9nero, preferencias de ubicaci\u00f3n e incluso herramientas de traducci\u00f3n autom\u00e1tica para facilitar el chat entre idiomas.<\/p>\n<h2>Caracter\u00edsticas principales<\/h2>\n<p>No todas las plataformas de videochat son iguales. Si quieres la mejor experiencia de videochat aleatorio gratis, esto es lo que debes buscar:<\/p>\n<h3>1. Acceso realmente libre<\/h3>\n<p>Algunos sitios se anuncian como \"gratuitos\", pero luego restringen funciones o te empujan a muros de pago. Elige una plataforma que ofrezca acceso ilimitado.<\/p>\n<h3>2. No es necesario inscribirse<\/h3>\n<p>Mantente en el anonimato y empieza a chatear sin cuentas ni inicios de sesi\u00f3n.<\/p>\n<h3>3. Filtros de g\u00e9nero y ubicaci\u00f3n<\/h3>\n<p>\u00datil si prefieres hablar con tipos espec\u00edficos de personas.<\/p>\n<h3>4. Moderaci\u00f3n fuerte<\/h3>\n<p>Los moderadores activos y las herramientas de denuncia garantizan una experiencia m\u00e1s segura.<\/p>\n<h3>5. Dise\u00f1o compatible con dispositivos m\u00f3viles<\/h3>\n<p>Una buena plataforma debe funcionar a la perfecci\u00f3n tanto en el escritorio como en el m\u00f3vil.<\/p>\n<h3>6. V\u00eddeo y audio de alta calidad<\/h3>\n<p>Las conexiones claras hacen que las charlas sean m\u00e1s naturales y agradables.<\/p>\n<h2>Las mejores plataformas de videochat aleatorio gratis en 2025<\/h2>\n<p>He aqu\u00ed la comparaci\u00f3n entre las plataformas de videochat aleatorias m\u00e1s populares:<\/p>\n<table>\n<thead>\n<tr>\n<th>Plataforma<\/th>\n<th align=\"center\">Acceso gratuito<\/th>\n<th align=\"center\">Filtro de g\u00e9nero<\/th>\n<th align=\"center\">Se necesita inscripci\u00f3n<\/th>\n<th align=\"center\">Asistencia m\u00f3vil<\/th>\n<th align=\"center\">Moderaci\u00f3n<\/th>\n<th>Notas<\/th>\n<\/tr>\n<\/thead>\n<tbody>\n<tr>\n<td>StrangerCam<\/td>\n<td align=\"center\">\u2705<\/td>\n<td align=\"center\">\u2705 (Gratis)<\/td>\n<td align=\"center\">\u274c<\/td>\n<td align=\"center\">\u2705<\/td>\n<td align=\"center\">\u2705<\/td>\n<td>La mejor opci\u00f3n general, realmente gratis<\/td>\n<\/tr>\n<tr>\n<td><a href=\"https:\/\/strangercam.com\/es\/chatroulette\/\">Chatroulette<\/a><\/td>\n<td align=\"center\">\u2705<\/td>\n<td align=\"center\">\u274c (de pago)<\/td>\n<td align=\"center\">\u274c<\/td>\n<td align=\"center\">\u2705<\/td>\n<td align=\"center\">\u2705<\/td>\n<td>Cl\u00e1sico pero con filtros de g\u00e9nero bloqueados<\/td>\n<\/tr>\n<tr>\n<td>Chatrandom<\/td>\n<td align=\"center\">\u2705<\/td>\n<td align=\"center\">\u274c (de pago)<\/td>\n<td align=\"center\">\u274c<\/td>\n<td align=\"center\">\u2705<\/td>\n<td align=\"center\">\u2705<\/td>\n<td>Gran base de usuarios, actualizaciones premium<\/td>\n<\/tr>\n<tr>\n<td><a href=\"https:\/\/strangercam.com\/es\/ometv\/\">OmeTV<\/a><\/td>\n<td align=\"center\">\u2705<\/td>\n<td align=\"center\">\u274c<\/td>\n<td align=\"center\">\u274c<\/td>\n<td align=\"center\">\u2705<\/td>\n<td align=\"center\">\u2705<\/td>\n<td>Aplicaci\u00f3n m\u00f3vil, s\u00f3lo aleatoria<\/td>\n<\/tr>\n<tr>\n<td>Shagle<\/td>\n<td align=\"center\">\u2705<\/td>\n<td align=\"center\">\u274c (de pago)<\/td>\n<td align=\"center\">\u274c<\/td>\n<td align=\"center\">\u2705<\/td>\n<td align=\"center\">\u2705<\/td>\n<td>Prima fuertemente empujada<\/td>\n<\/tr>\n<tr>\n<td><a href=\"https:\/\/strangercam.com\/es\/coomeet\/\">CooMeet<\/a><\/td>\n<td align=\"center\">\u274c (Prueba)<\/td>\n<td align=\"center\">\u2705<\/td>\n<td align=\"center\">\u2705<\/td>\n<td align=\"center\">\u2705<\/td>\n<td align=\"center\">\u2705<\/td>\n<td>De pago tras una prueba gratuita limitada<\/td>\n<\/tr>\n<tr>\n<td>LuckyCrush<\/td>\n<td align=\"center\">\u274c<\/td>\n<td align=\"center\">\u2705<\/td>\n<td align=\"center\">\u2705<\/td>\n<td align=\"center\">\u2705<\/td>\n<td align=\"center\">\u2705<\/td>\n<td>Charlas siempre remuneradas y espec\u00edficas para cada sexo<\/td>\n<\/tr>\n<\/tbody>\n<\/table>\n<p>Entre ellas, StrangerCam es una de las \u00fanicas plataformas que ofrece videochat aleatorio gratuito e ilimitado con un filtro de g\u00e9nero que funciona y sin necesidad de registrarse.<\/p>\n<h2>Por qu\u00e9 StrangerCam es la mejor opci\u00f3n<\/h2>\n<p>A continuaci\u00f3n te explicamos por qu\u00e9 StrangerCam es una de las mejores plataformas de videochat aleatorio gratis de 2025:<\/p>\n<h3>1. Completamente gratis<\/h3>\n<p>Chats ilimitados, sin costes ocultos ni cr\u00e9ditos.<\/p>\n<h3>2. Filtro de g\u00e9nero gratuito<\/h3>\n<p>Elige con qui\u00e9n quieres hablar -chicos, chicas o ambos- sin muros de pago.<\/p>\n<h3>3. No es necesario inscribirse<\/h3>\n<p>Mant\u00e9n el anonimato y empieza a chatear al instante.<\/p>\n<h3>4. Seguro y moderado<\/h3>\n<p>Con herramientas activas de moderaci\u00f3n y denuncia, StrangerCam mantiene la seguridad de la comunidad.<\/p>\n<h3>5. Base mundial de usuarios<\/h3>\n<p>Conoce a desconocidos de m\u00e1s de 100 pa\u00edses en cualquier momento.<\/p>\n<h3>6. Optimizado para todos los dispositivos<\/h3>\n<p>Funciona sin problemas en m\u00f3viles, tabletas y ordenadores de sobremesa.<\/p>\n<h2>Testimonios de usuarios reales<\/h2>\n<blockquote><p>\"Buscaba un sitio que me permitiera hacer videochats aleatorios gratis, y StrangerCam era el \u00fanico que no me empujaba a un muro de pago\".<br \/>\n- Alex, 27 a\u00f1os<\/p><\/blockquote>\n<blockquote><p>\"He conocido a gente de cinco pa\u00edses diferentes en una sola noche. Siempre es emocionante porque nunca sabes qui\u00e9n es el siguiente\".<br \/>\n- Sof\u00eda, 22 a\u00f1os<\/p><\/blockquote>\n<blockquote><p>\"El filtro de g\u00e9nero funciona de verdad sin pagar m\u00e1s. Eso cambia las reglas del juego en comparaci\u00f3n con otras plataformas\".<br \/>\n- Ryan, 30 a\u00f1os<\/p><\/blockquote>\n<blockquote><p>\"Es r\u00e1pido, divertido y seguro. StrangerCam se ha convertido en mi forma favorita de conocer gente nueva online.\"<br \/>\n- Emily, 19 a\u00f1os<\/p><\/blockquote>\n<h2>Consejos de seguridad para videoconferencias aleatorias gratuitas<\/h2>\n<p>Aunque chatear por v\u00eddeo es divertido, ten siempre presente la seguridad:<\/p>\n<ul>\n<li>No compartas datos personales como tu n\u00famero de tel\u00e9fono, correo electr\u00f3nico o direcci\u00f3n.<\/li>\n<li>Evite hacer clic en los enlaces que env\u00edan los desconocidos.<\/li>\n<li>Utilice \"Siguiente\" libremente si se siente inc\u00f3modo.<\/li>\n<li>Comprueba tus antecedentes para asegurarte de que no se ve nada privado.<\/li>\n<li>Denuncia a los malos usuarios utilizando las herramientas de la plataforma.<\/li>\n<li>Respeta las restricciones de edad: si tienes menos de 18 a\u00f1os, no utilices plataformas de videochat para adultos.<\/li>\n<\/ul>\n<h2>C\u00f3mo empezar - Paso a paso<\/h2>\n<p>S\u00f3lo se tarda unos segundos en iniciar un videochat aleatorio gratuito:<\/p>\n<ol>\n<li>Abre StrangerCam en tu navegador o tel\u00e9fono.<\/li>\n<li>Permitir el acceso a la c\u00e1mara y al micr\u00f3fono.<\/li>\n<li>Elija sus preferencias (como el filtro de g\u00e9nero, si est\u00e1 disponible).<\/li>\n<li>Haz clic en Iniciar chat para conectarte al instante.<\/li>\n<li>Haz clic en Siguiente cuando quieras para conocer a alguien nuevo.<\/li>\n<\/ol>\n<p>R\u00e1pido, sencillo y totalmente gratuito.<\/p>\n<h2>Reflexiones finales - Pruebe el chat de v\u00eddeo aleatorio gratuito hoy mismo<\/h2>\n<p>En 2025, el videochat aleatorio gratuito es una de las formas m\u00e1s f\u00e1ciles y emocionantes de conocer gente nueva en Internet. Es r\u00e1pido, divertido y te conecta al instante con desconocidos de todo el mundo.<\/p>\n<p>Pero no todas las plataformas cumplen. Muchas ocultan funciones tras muros de pago o est\u00e1n llenas de bots. Por eso StrangerCam es la mejor opci\u00f3n: es gratis, segura, an\u00f3nima y siempre est\u00e1 activa con usuarios de todo el mundo dispuestos a chatear.<\/p>\n<p>\u00bfListo para probarlo? Inicia un videochat aleatorio gratis hoy mismo y descubre a qui\u00e9n conocer\u00e1s despu\u00e9s.<\/p>","protected":false},"excerpt":{"rendered":"<p>Are you looking for the best way to enjoy a free random video chat? You\u2019re not alone. Millions of people worldwide search for random video chat platforms every month, hoping to connect instantly with strangers\u2014whether for friendship, cultural exchange, casual flirting, or simply to kill boredom. Unlike dating apps or social networks, which can feel [&hellip;]<\/p>\n","protected":false},"author":8,"featured_media":0,"parent":0,"menu_order":0,"comment_status":"closed","ping_status":"closed","template":"","meta":{"footnotes":""},"class_list":["post-4022","page","type-page","status-publish","hentry"],"yoast_head":"<!-- This site is optimized with the Yoast SEO plugin v27.4 - https:\/\/yoast.com\/product\/yoast-seo-wordpress\/ -->\n<title>Free Random Video Chat on Strangercam.com<\/title>\n<meta name=\"description\" content=\"Liking Free Random Video Chat? Join millions on StrangerCam.com! Start a random video chat, turn on your cam, and meet strangers instantly.\" \/>\n<meta name=\"robots\" content=\"index, follow, max-snippet:-1, max-image-preview:large, max-video-preview:-1\" \/>\n<link rel=\"canonical\" href=\"https:\/\/strangercam.com\/es\/chat-de-video-aleatorio-gratis\/\" \/>\n<meta property=\"og:locale\" content=\"es_ES\" \/>\n<meta property=\"og:type\" content=\"article\" \/>\n<meta property=\"og:title\" content=\"Free Random Video Chat on Strangercam.com\" \/>\n<meta property=\"og:description\" content=\"Liking Free Random Video Chat? Join millions on StrangerCam.com! Start a random video chat, turn on your cam, and meet strangers instantly.\" \/>\n<meta property=\"og:url\" content=\"https:\/\/strangercam.com\/es\/chat-de-video-aleatorio-gratis\/\" \/>\n<meta property=\"og:site_name\" content=\"Strangercam\" \/>\n<meta property=\"article:publisher\" content=\"https:\/\/www.facebook.com\/strangercam\" \/>\n<meta property=\"article:modified_time\" content=\"2025-09-03T11:42:39+00:00\" \/>\n<meta property=\"og:image\" content=\"https:\/\/strangercam.com\/wp-content\/uploads\/2021\/10\/Untitled-2.png\" \/>\n\t<meta property=\"og:image:width\" content=\"800\" \/>\n\t<meta property=\"og:image:height\" content=\"532\" \/>\n\t<meta property=\"og:image:type\" content=\"image\/png\" \/>\n<meta name=\"twitter:card\" content=\"summary_large_image\" \/>\n<meta name=\"twitter:site\" content=\"@strangercamapp\" \/>\n<meta name=\"twitter:label1\" content=\"Tiempo de lectura\" \/>\n\t<meta name=\"twitter:data1\" content=\"5 minutos\" \/>\n<script type=\"application\/ld+json\" class=\"yoast-schema-graph\">{\"@context\":\"https:\\\/\\\/schema.org\",\"@graph\":[{\"@type\":\"WebPage\",\"@id\":\"https:\\\/\\\/strangercam.com\\\/free-random-video-chat\\\/\",\"url\":\"https:\\\/\\\/strangercam.com\\\/free-random-video-chat\\\/\",\"name\":\"Free Random Video Chat on Strangercam.com\",\"isPartOf\":{\"@id\":\"https:\\\/\\\/strangercam.com\\\/#website\"},\"datePublished\":\"2025-09-03T10:43:36+00:00\",\"dateModified\":\"2025-09-03T11:42:39+00:00\",\"description\":\"Liking Free Random Video Chat? Join millions on StrangerCam.com! Start a random video chat, turn on your cam, and meet strangers instantly.\",\"breadcrumb\":{\"@id\":\"https:\\\/\\\/strangercam.com\\\/free-random-video-chat\\\/#breadcrumb\"},\"inLanguage\":\"es\",\"potentialAction\":[{\"@type\":\"ReadAction\",\"target\":[\"https:\\\/\\\/strangercam.com\\\/free-random-video-chat\\\/\"]}]},{\"@type\":\"BreadcrumbList\",\"@id\":\"https:\\\/\\\/strangercam.com\\\/free-random-video-chat\\\/#breadcrumb\",\"itemListElement\":[{\"@type\":\"ListItem\",\"position\":1,\"name\":\"Home\",\"item\":\"https:\\\/\\\/strangercam.com\\\/\"},{\"@type\":\"ListItem\",\"position\":2,\"name\":\"Free Random Video Chat\"}]},{\"@type\":\"WebSite\",\"@id\":\"https:\\\/\\\/strangercam.com\\\/#website\",\"url\":\"https:\\\/\\\/strangercam.com\\\/\",\"name\":\"Strangercam\",\"description\":\"Random Video Chat with Strangers\",\"publisher\":{\"@id\":\"https:\\\/\\\/strangercam.com\\\/#organization\"},\"alternateName\":\"Strangercam.com\",\"potentialAction\":[{\"@type\":\"SearchAction\",\"target\":{\"@type\":\"EntryPoint\",\"urlTemplate\":\"https:\\\/\\\/strangercam.com\\\/?s={search_term_string}\"},\"query-input\":{\"@type\":\"PropertyValueSpecification\",\"valueRequired\":true,\"valueName\":\"search_term_string\"}}],\"inLanguage\":\"es\"},{\"@type\":\"Organization\",\"@id\":\"https:\\\/\\\/strangercam.com\\\/#organization\",\"name\":\"Strangercam\",\"alternateName\":\"Strangercam.com\",\"url\":\"https:\\\/\\\/strangercam.com\\\/\",\"logo\":{\"@type\":\"ImageObject\",\"inLanguage\":\"es\",\"@id\":\"https:\\\/\\\/strangercam.com\\\/#\\\/schema\\\/logo\\\/image\\\/\",\"url\":\"https:\\\/\\\/strangercam.com\\\/wp-content\\\/uploads\\\/2020\\\/11\\\/cropped-new-favicon-black.png\",\"contentUrl\":\"https:\\\/\\\/strangercam.com\\\/wp-content\\\/uploads\\\/2020\\\/11\\\/cropped-new-favicon-black.png\",\"width\":512,\"height\":512,\"caption\":\"Strangercam\"},\"image\":{\"@id\":\"https:\\\/\\\/strangercam.com\\\/#\\\/schema\\\/logo\\\/image\\\/\"},\"sameAs\":[\"https:\\\/\\\/www.facebook.com\\\/strangercam\",\"https:\\\/\\\/x.com\\\/strangercamapp\"]}]}<\/script>\n<!-- \/ Yoast SEO plugin. -->","yoast_head_json":{"title":"Videochat aleatorio gratis en Strangercam.com","description":"\u00bfTe gusta el Video Chat Aleatorio Gratis? \u00a1Join millones en StrangerCam.com! Inicia un videochat aleatorio, enciende tu c\u00e1mara y conoce a desconocidos al instante.","robots":{"index":"index","follow":"follow","max-snippet":"max-snippet:-1","max-image-preview":"max-image-preview:large","max-video-preview":"max-video-preview:-1"},"canonical":"https:\/\/strangercam.com\/es\/chat-de-video-aleatorio-gratis\/","og_locale":"es_ES","og_type":"article","og_title":"Free Random Video Chat on Strangercam.com","og_description":"Liking Free Random Video Chat? Join millions on StrangerCam.com! Start a random video chat, turn on your cam, and meet strangers instantly.","og_url":"https:\/\/strangercam.com\/es\/chat-de-video-aleatorio-gratis\/","og_site_name":"Strangercam","article_publisher":"https:\/\/www.facebook.com\/strangercam","article_modified_time":"2025-09-03T11:42:39+00:00","og_image":[{"width":800,"height":532,"url":"https:\/\/strangercam.com\/wp-content\/uploads\/2021\/10\/Untitled-2.png","type":"image\/png"}],"twitter_card":"summary_large_image","twitter_site":"@strangercamapp","twitter_misc":{"Tiempo de lectura":"5 minutos"},"schema":{"@context":"https:\/\/schema.org","@graph":[{"@type":"WebPage","@id":"https:\/\/strangercam.com\/free-random-video-chat\/","url":"https:\/\/strangercam.com\/free-random-video-chat\/","name":"Videochat aleatorio gratis en Strangercam.com","isPartOf":{"@id":"https:\/\/strangercam.com\/#website"},"datePublished":"2025-09-03T10:43:36+00:00","dateModified":"2025-09-03T11:42:39+00:00","description":"\u00bfTe gusta el Video Chat Aleatorio Gratis? \u00a1Join millones en StrangerCam.com! Inicia un videochat aleatorio, enciende tu c\u00e1mara y conoce a desconocidos al instante.","breadcrumb":{"@id":"https:\/\/strangercam.com\/free-random-video-chat\/#breadcrumb"},"inLanguage":"es","potentialAction":[{"@type":"ReadAction","target":["https:\/\/strangercam.com\/free-random-video-chat\/"]}]},{"@type":"BreadcrumbList","@id":"https:\/\/strangercam.com\/free-random-video-chat\/#breadcrumb","itemListElement":[{"@type":"ListItem","position":1,"name":"Home","item":"https:\/\/strangercam.com\/"},{"@type":"ListItem","position":2,"name":"Free Random Video Chat"}]},{"@type":"WebSite","@id":"https:\/\/strangercam.com\/#website","url":"https:\/\/strangercam.com\/","name":"Strangercam","description":"Videochat aleatorio con desconocidos","publisher":{"@id":"https:\/\/strangercam.com\/#organization"},"alternateName":"Strangercam.com","potentialAction":[{"@type":"SearchAction","target":{"@type":"EntryPoint","urlTemplate":"https:\/\/strangercam.com\/?s={search_term_string}"},"query-input":{"@type":"PropertyValueSpecification","valueRequired":true,"valueName":"search_term_string"}}],"inLanguage":"es"},{"@type":"Organization","@id":"https:\/\/strangercam.com\/#organization","name":"Strangercam","alternateName":"Strangercam.com","url":"https:\/\/strangercam.com\/","logo":{"@type":"ImageObject","inLanguage":"es","@id":"https:\/\/strangercam.com\/#\/schema\/logo\/image\/","url":"https:\/\/strangercam.com\/wp-content\/uploads\/2020\/11\/cropped-new-favicon-black.png","contentUrl":"https:\/\/strangercam.com\/wp-content\/uploads\/2020\/11\/cropped-new-favicon-black.png","width":512,"height":512,"caption":"Strangercam"},"image":{"@id":"https:\/\/strangercam.com\/#\/schema\/logo\/image\/"},"sameAs":["https:\/\/www.facebook.com\/strangercam","https:\/\/x.com\/strangercamapp"]}]}},"_links":{"self":[{"href":"https:\/\/strangercam.com\/es\/wp-json\/wp\/v2\/pages\/4022","targetHints":{"allow":["GET"]}}],"collection":[{"href":"https:\/\/strangercam.com\/es\/wp-json\/wp\/v2\/pages"}],"about":[{"href":"https:\/\/strangercam.com\/es\/wp-json\/wp\/v2\/types\/page"}],"author":[{"embeddable":true,"href":"https:\/\/strangercam.com\/es\/wp-json\/wp\/v2\/users\/8"}],"replies":[{"embeddable":true,"href":"https:\/\/strangercam.com\/es\/wp-json\/wp\/v2\/comments?post=4022"}],"version-history":[{"count":3,"href":"https:\/\/strangercam.com\/es\/wp-json\/wp\/v2\/pages\/4022\/revisions"}],"predecessor-version":[{"id":12997,"href":"https:\/\/strangercam.com\/es\/wp-json\/wp\/v2\/pages\/4022\/revisions\/12997"}],"wp:attachment":[{"href":"https:\/\/strangercam.com\/es\/wp-json\/wp\/v2\/media?parent=4022"}],"curies":[{"name":"wp","href":"https:\/\/api.w.org\/{rel}","templated":true}]}}