{"id":4004,"date":"2025-09-03T12:37:25","date_gmt":"2025-09-03T10:37:25","guid":{"rendered":"https:\/\/strangercam.com\/?page_id=4004"},"modified":"2025-09-03T13:39:32","modified_gmt":"2025-09-03T11:39:32","slug":"videollamada-a-desconocidos","status":"publish","type":"page","link":"https:\/\/strangercam.com\/es\/video-call-strangers\/","title":{"rendered":"Videollamada a desconocidos"},"content":{"rendered":"<p>\u00bfHas estado buscando la mejor forma de videollamar a desconocidos? No es el \u00fanico. Cada mes, millones de personas buscan plataformas de videollamadas instant\u00e1neas en las que conocer gente al azar, hacer nuevos amigos, flirtear casualmente o simplemente pasar el rato. A diferencia de las aplicaciones de citas o las redes sociales, que pueden parecer lentas o falsas, una videollamada con desconocidos es espont\u00e1nea, real y emocionante.<\/p>\n<p>Con plataformas como StrangerCam, puedes disfrutar de videollamadas gratuitas con desconocidos en cualquier momento: sin registros, sin descargas y sin costes ocultos. Es una de las formas m\u00e1s f\u00e1ciles y divertidas de conectar cara a cara con personas de todo el mundo.<\/p>\n<p>Esta gu\u00eda te explicar\u00e1 todo lo que necesitas saber: qu\u00e9 significa videollamar a desconocidos, por qu\u00e9 es tan popular, c\u00f3mo funciona, qu\u00e9 funciones son las m\u00e1s importantes, comparaciones de las principales plataformas, consejos de seguridad y por qu\u00e9 StrangerCam es uno de los mejores sitios para videollamar a desconocidos en 2025.<\/p>\n<h2>\u00bfQu\u00e9 significa \"videollamada a desconocidos\"?<\/h2>\n<p>Cuando realizas videollamadas a desconocidos, te conectas instant\u00e1neamente con personas aleatorias a trav\u00e9s de una webcam y audio en directo <a href=\"https:\/\/strangercam.com\/es\/chathub\/\">chat<\/a>. A diferencia de las plataformas basadas en texto, las videollamadas garantizan que est\u00e1s hablando con una persona real en tiempo real.<\/p>\n<p>No hay necesidad de cuentas, perfiles o interminables deslizamientos. S\u00f3lo tienes que pulsar un bot\u00f3n y ya est\u00e1s cara a cara con alguien nuevo. Si el chat no es lo que buscas, pulsa Siguiente y pasa a la siguiente persona al instante.<\/p>\n<h2>Por qu\u00e9 a la gente le encantan las videollamadas gratis con desconocidos<\/h2>\n<p>La popularidad de las videollamadas gratuitas con desconocidos se ha disparado porque ofrecen algo \u00fanico:<\/p>\n<ul>\n<li>Autenticidad: El v\u00eddeo hace que sea imposible fingir. Ves y oyes a la persona real al instante.<\/li>\n<li>Espontaneidad: cada charla es una sorpresa. Nunca se sabe qui\u00e9n es el siguiente.<\/li>\n<li>Sin compromiso: Sin registros, sin perfiles, s\u00f3lo una conexi\u00f3n r\u00e1pida e instant\u00e1nea.<\/li>\n<li>Alcance mundial: Conoce a desconocidos en todo el mundo, 24 horas al d\u00eda, 7 d\u00edas a la semana.<\/li>\n<li>Amistad y flirteo: Algunas personas lo utilizan para hacer nuevos amigos; otras para ligar alegremente.<\/li>\n<li>Entretenimiento r\u00e1pido: Perfecto para curar el aburrimiento o a\u00f1adir emoci\u00f3n a tu d\u00eda.<\/li>\n<\/ul>\n<h2>\u00bfC\u00f3mo funciona una videollamada a un desconocido?<\/h2>\n<p>Utilizar una plataforma de videollamadas para desconocidos es r\u00e1pido y sencillo:<\/p>\n<ol>\n<li>Abra la plataforma (navegador de escritorio o m\u00f3vil).<\/li>\n<li>Permitir el acceso a la c\u00e1mara y al micr\u00f3fono.<\/li>\n<li>Haz clic en \"Iniciar chat\" para conectar instant\u00e1neamente con una persona al azar.<\/li>\n<li>Hable cara a cara en tiempo real.<\/li>\n<li>Haz clic en \"Siguiente\" cada vez que quieras conocer a alguien nuevo.<\/li>\n<\/ol>\n<p>Algunos sitios tambi\u00e9n ofrecen funciones como filtros de g\u00e9nero, selecci\u00f3n de pa\u00eds e incluso traducci\u00f3n en el chat.<\/p>\n<h2>Caracter\u00edsticas principales<\/h2>\n<p>No todas las plataformas que ofrecen videollamadas con desconocidos merecen tu tiempo. Esto es lo que debes buscar:<\/p>\n<h3>1. Acceso realmente libre<\/h3>\n<p>Evite los sitios que dicen ser gratuitos pero restringen sus funciones tras muros de pago.<\/p>\n<h3>2. No es necesario inscribirse<\/h3>\n<p>Deber\u00edas poder chatear al instante sin registrarte.<\/p>\n<h3>3. Filtros de g\u00e9nero y ubicaci\u00f3n<\/h3>\n<p>\u00datil si quieres conocer a tipos espec\u00edficos de personas.<\/p>\n<h3>4. Moderaci\u00f3n segura<\/h3>\n<p>Las plataformas con herramientas de informaci\u00f3n y moderaci\u00f3n ofrecen entornos m\u00e1s seguros.<\/p>\n<h3>5. Experiencia m\u00f3vil<\/h3>\n<p>Aseg\u00farese de que la plataforma funciona tanto en tel\u00e9fonos inteligentes como en ordenadores de sobremesa.<\/p>\n<h3>6. V\u00eddeo y audio de alta calidad<\/h3>\n<p>Las conexiones claras hacen que las conversaciones sean naturales y agradables.<\/p>\n<h2>Las mejores plataformas para videollamar a desconocidos en 2025<\/h2>\n<p>He aqu\u00ed una comparaci\u00f3n de las principales plataformas de videollamadas para desconocidos:<\/p>\n<table>\n<thead>\n<tr>\n<th>Plataforma<\/th>\n<th align=\"center\">Acceso gratuito<\/th>\n<th align=\"center\">Filtro de g\u00e9nero<\/th>\n<th align=\"center\">Se necesita inscripci\u00f3n<\/th>\n<th align=\"center\">Asistencia m\u00f3vil<\/th>\n<th align=\"center\">Moderaci\u00f3n<\/th>\n<th>Notas<\/th>\n<\/tr>\n<\/thead>\n<tbody>\n<tr>\n<td>StrangerCam<\/td>\n<td align=\"center\">\u2705<\/td>\n<td align=\"center\">\u2705 (Gratis)<\/td>\n<td align=\"center\">\u274c<\/td>\n<td align=\"center\">\u2705<\/td>\n<td align=\"center\">\u2705<\/td>\n<td>La mejor opci\u00f3n general, realmente gratis<\/td>\n<\/tr>\n<tr>\n<td><a href=\"https:\/\/strangercam.com\/es\/chatroulette\/\">Chatroulette<\/a><\/td>\n<td align=\"center\">\u2705<\/td>\n<td align=\"center\">\u274c (de pago)<\/td>\n<td align=\"center\">\u274c<\/td>\n<td align=\"center\">\u2705<\/td>\n<td align=\"center\">\u2705<\/td>\n<td>Cl\u00e1sico, pero con filtro de g\u00e9nero<\/td>\n<\/tr>\n<tr>\n<td>Chatrandom<\/td>\n<td align=\"center\">\u2705<\/td>\n<td align=\"center\">\u274c (de pago)<\/td>\n<td align=\"center\">\u274c<\/td>\n<td align=\"center\">\u2705<\/td>\n<td align=\"center\">\u2705<\/td>\n<td>Gran base de usuarios, pero actualizaciones forzadas<\/td>\n<\/tr>\n<tr>\n<td><a href=\"https:\/\/strangercam.com\/es\/ometv\/\">OmeTV<\/a><\/td>\n<td align=\"center\">\u2705<\/td>\n<td align=\"center\">\u274c<\/td>\n<td align=\"center\">\u274c<\/td>\n<td align=\"center\">\u2705<\/td>\n<td align=\"center\">\u2705<\/td>\n<td>S\u00f3lo al azar, aplicaci\u00f3n m\u00f3vil disponible<\/td>\n<\/tr>\n<tr>\n<td>Shagle<\/td>\n<td align=\"center\">\u2705<\/td>\n<td align=\"center\">\u274c (de pago)<\/td>\n<td align=\"center\">\u274c<\/td>\n<td align=\"center\">\u2705<\/td>\n<td align=\"center\">\u2705<\/td>\n<td>Chats gratuitos, funciones premium de pago<\/td>\n<\/tr>\n<tr>\n<td><a href=\"https:\/\/strangercam.com\/es\/coomeet\/\">CooMeet<\/a><\/td>\n<td align=\"center\">\u274c (Prueba)<\/td>\n<td align=\"center\">\u2705<\/td>\n<td align=\"center\">\u2705<\/td>\n<td align=\"center\">\u2705<\/td>\n<td align=\"center\">\u2705<\/td>\n<td>De pago tras una breve prueba gratuita<\/td>\n<\/tr>\n<tr>\n<td>LuckyCrush<\/td>\n<td align=\"center\">\u274c<\/td>\n<td align=\"center\">\u2705<\/td>\n<td align=\"center\">\u2705<\/td>\n<td align=\"center\">\u2705<\/td>\n<td align=\"center\">\u2705<\/td>\n<td>Charla siempre remunerada y basada en el g\u00e9nero<\/td>\n<\/tr>\n<\/tbody>\n<\/table>\n<p>StrangerCam es una de las pocas plataformas que ofrecen videollamadas gratuitas con desconocidos con un filtro de g\u00e9nero que funciona, sin necesidad de registrarse y con uso ilimitado.<\/p>\n<h2>Por qu\u00e9 StrangerCam es la mejor opci\u00f3n<\/h2>\n<p>A continuaci\u00f3n te explicamos por qu\u00e9 StrangerCam es la mejor plataforma para videollamar a desconocidos en 2025:<\/p>\n<h3>1. 100% Gratuito e ilimitado<\/h3>\n<p>Sin cr\u00e9ditos ni l\u00edmites, s\u00f3lo videollamadas gratuitas.<\/p>\n<h3>2. Filtro de g\u00e9nero gratuito<\/h3>\n<p>Elige con qui\u00e9n quieres hablar -chicos, chicas o ambos- sin pagar.<\/p>\n<h3>3. No es necesario inscribirse<\/h3>\n<p>Permanezca en el anonimato y con\u00e9ctese al instante.<\/p>\n<h3>4. Seguro y moderado<\/h3>\n<p>La moderaci\u00f3n activa y las herramientas de denuncia mantienen la amabilidad de la comunidad.<\/p>\n<h3>5. Base mundial de usuarios<\/h3>\n<p>Conoce a desconocidos de m\u00e1s de 100 pa\u00edses en cualquier momento.<\/p>\n<h3>6. Funciona en todos los dispositivos<\/h3>\n<p>Optimizado tanto para m\u00f3viles como para ordenadores de sobremesa.<\/p>\n<h2>Testimonios de usuarios reales<\/h2>\n<blockquote><p><em>\"Quer\u00eda un sitio donde pudiera videollamar a desconocidos sin que me timaran. StrangerCam fue la primera plataforma realmente gratuita\".<\/em><br \/>\n- Josh, 27 a\u00f1os<\/p><\/blockquote>\n<blockquote><p><em>\"Me encanta no tener que registrarme. Basta con hacer clic en empezar y ya estoy conectado con gente real\".<\/em><br \/>\n- Isabella, 22 a\u00f1os<\/p><\/blockquote>\n<blockquote><p><em>\"El filtro de g\u00e9nero funciona de verdad sin tener que pagar m\u00e1s. Por fin un sitio que cumple lo que promete\".<\/em><br \/>\n- Liam, 29 a\u00f1os<\/p><\/blockquote>\n<blockquote><p><em>\"R\u00e1pido, f\u00e1cil y divertido. He conocido a gente de todo el mundo en una sola tarde\".<\/em><br \/>\n- Sof\u00eda, 24 a\u00f1os<\/p><\/blockquote>\n<h2>Consejos de seguridad para videollamadas a desconocidos<\/h2>\n<p>Aunque las videollamadas con desconocidos son divertidas, siempre debes mantener la seguridad:<\/p>\n<ul>\n<li>No compartas datos personales como tu nombre, direcci\u00f3n o n\u00famero de tel\u00e9fono.<\/li>\n<li>Evite hacer clic en enlaces de desconocidos.<\/li>\n<li>Utiliza el bot\u00f3n \"Siguiente\" si el chat te resulta inc\u00f3modo.<\/li>\n<li>Comprueba tus antecedentes antes de encender la webcam.<\/li>\n<li>Lim\u00edtate a las herramientas de seguridad de la plataforma (bloquear\/denunciar).<\/li>\n<li>Respeta los l\u00edmites de edad: no utilices plataformas para adultos si tienes menos de 18 a\u00f1os.<\/li>\n<\/ul>\n<h2>C\u00f3mo empezar - Paso a paso<\/h2>\n<p>Se tarda menos de un minuto en iniciar una videollamada con desconocidos:<\/p>\n<ol>\n<li>Abre StrangerCam en tu navegador o en el m\u00f3vil.<\/li>\n<li>Permitir el acceso a la c\u00e1mara web y al micr\u00f3fono.<\/li>\n<li>Seleccionar preferencias (como filtros de g\u00e9nero).<\/li>\n<li>Haz clic en Iniciar chat para conectarte al instante.<\/li>\n<li>Pulsa Siguiente en cualquier momento para conocer a alguien nuevo.<\/li>\n<\/ol>\n<p>Eso es todo: r\u00e1pido, sencillo y gratis.<\/p>\n<h2>Reflexiones finales - Pruebe hoy mismo las videollamadas gratuitas con desconocidos<\/h2>\n<p>En 2025, una de las formas m\u00e1s f\u00e1ciles de conocer gente nueva es hacer videollamadas a desconocidos por Internet. Es espont\u00e1neo, emocionante y te proporciona conexiones reales al instante.<\/p>\n<p>Pero no todas las plataformas cumplen. Muchos sitios ocultan funciones esenciales tras muros de pago o llenan sus chats de bots. Por eso StrangerCam es la mejor opci\u00f3n: es gratis, segura, an\u00f3nima y est\u00e1 llena de gente de todo el mundo dispuesta a conectar.<\/p>\n<p>\u00bfListo para conocer a alguien nuevo? Inicia hoy mismo una videollamada gratuita con desconocidos y descubre a qui\u00e9n conocer\u00e1s despu\u00e9s.<\/p>","protected":false},"excerpt":{"rendered":"<p>Have you been looking for the best way to video call strangers? You\u2019re not alone. Every month, millions of people search for instant video call platforms where they can meet random people, make new friends, flirt casually, or simply pass the time. Unlike dating apps or social networks, which can feel slow or fake, a [&hellip;]<\/p>\n","protected":false},"author":8,"featured_media":0,"parent":0,"menu_order":0,"comment_status":"closed","ping_status":"closed","template":"","meta":{"footnotes":""},"class_list":["post-4004","page","type-page","status-publish","hentry"],"yoast_head":"<!-- This site is optimized with the Yoast SEO plugin v27.4 - https:\/\/yoast.com\/product\/yoast-seo-wordpress\/ -->\n<title>Video Call Strangers on Strangercam.com<\/title>\n<meta name=\"description\" content=\"Liking Video Call Strangers? Join millions on StrangerCam.com! Start a random video chat, turn on your cam, and meet strangers instantly.\" \/>\n<meta name=\"robots\" content=\"index, follow, max-snippet:-1, max-image-preview:large, max-video-preview:-1\" \/>\n<link rel=\"canonical\" href=\"https:\/\/strangercam.com\/es\/videollamada-a-desconocidos\/\" \/>\n<meta property=\"og:locale\" content=\"es_ES\" \/>\n<meta property=\"og:type\" content=\"article\" \/>\n<meta property=\"og:title\" content=\"Video Call Strangers on Strangercam.com\" \/>\n<meta property=\"og:description\" content=\"Liking Video Call Strangers? Join millions on StrangerCam.com! Start a random video chat, turn on your cam, and meet strangers instantly.\" \/>\n<meta property=\"og:url\" content=\"https:\/\/strangercam.com\/es\/videollamada-a-desconocidos\/\" \/>\n<meta property=\"og:site_name\" content=\"Strangercam\" \/>\n<meta property=\"article:publisher\" content=\"https:\/\/www.facebook.com\/strangercam\" \/>\n<meta property=\"article:modified_time\" content=\"2025-09-03T11:39:32+00:00\" \/>\n<meta property=\"og:image\" content=\"https:\/\/strangercam.com\/wp-content\/uploads\/2021\/10\/Untitled-2.png\" \/>\n\t<meta property=\"og:image:width\" content=\"800\" \/>\n\t<meta property=\"og:image:height\" content=\"532\" \/>\n\t<meta property=\"og:image:type\" content=\"image\/png\" \/>\n<meta name=\"twitter:card\" content=\"summary_large_image\" \/>\n<meta name=\"twitter:site\" content=\"@strangercamapp\" \/>\n<meta name=\"twitter:label1\" content=\"Tiempo de lectura\" \/>\n\t<meta name=\"twitter:data1\" content=\"5 minutos\" \/>\n<script type=\"application\/ld+json\" class=\"yoast-schema-graph\">{\"@context\":\"https:\\\/\\\/schema.org\",\"@graph\":[{\"@type\":\"WebPage\",\"@id\":\"https:\\\/\\\/strangercam.com\\\/video-call-strangers\\\/\",\"url\":\"https:\\\/\\\/strangercam.com\\\/video-call-strangers\\\/\",\"name\":\"Video Call Strangers on Strangercam.com\",\"isPartOf\":{\"@id\":\"https:\\\/\\\/strangercam.com\\\/#website\"},\"datePublished\":\"2025-09-03T10:37:25+00:00\",\"dateModified\":\"2025-09-03T11:39:32+00:00\",\"description\":\"Liking Video Call Strangers? Join millions on StrangerCam.com! Start a random video chat, turn on your cam, and meet strangers instantly.\",\"breadcrumb\":{\"@id\":\"https:\\\/\\\/strangercam.com\\\/video-call-strangers\\\/#breadcrumb\"},\"inLanguage\":\"es\",\"potentialAction\":[{\"@type\":\"ReadAction\",\"target\":[\"https:\\\/\\\/strangercam.com\\\/video-call-strangers\\\/\"]}]},{\"@type\":\"BreadcrumbList\",\"@id\":\"https:\\\/\\\/strangercam.com\\\/video-call-strangers\\\/#breadcrumb\",\"itemListElement\":[{\"@type\":\"ListItem\",\"position\":1,\"name\":\"Home\",\"item\":\"https:\\\/\\\/strangercam.com\\\/\"},{\"@type\":\"ListItem\",\"position\":2,\"name\":\"Video Call Strangers\"}]},{\"@type\":\"WebSite\",\"@id\":\"https:\\\/\\\/strangercam.com\\\/#website\",\"url\":\"https:\\\/\\\/strangercam.com\\\/\",\"name\":\"Strangercam\",\"description\":\"Random Video Chat with Strangers\",\"publisher\":{\"@id\":\"https:\\\/\\\/strangercam.com\\\/#organization\"},\"alternateName\":\"Strangercam.com\",\"potentialAction\":[{\"@type\":\"SearchAction\",\"target\":{\"@type\":\"EntryPoint\",\"urlTemplate\":\"https:\\\/\\\/strangercam.com\\\/?s={search_term_string}\"},\"query-input\":{\"@type\":\"PropertyValueSpecification\",\"valueRequired\":true,\"valueName\":\"search_term_string\"}}],\"inLanguage\":\"es\"},{\"@type\":\"Organization\",\"@id\":\"https:\\\/\\\/strangercam.com\\\/#organization\",\"name\":\"Strangercam\",\"alternateName\":\"Strangercam.com\",\"url\":\"https:\\\/\\\/strangercam.com\\\/\",\"logo\":{\"@type\":\"ImageObject\",\"inLanguage\":\"es\",\"@id\":\"https:\\\/\\\/strangercam.com\\\/#\\\/schema\\\/logo\\\/image\\\/\",\"url\":\"https:\\\/\\\/strangercam.com\\\/wp-content\\\/uploads\\\/2020\\\/11\\\/cropped-new-favicon-black.png\",\"contentUrl\":\"https:\\\/\\\/strangercam.com\\\/wp-content\\\/uploads\\\/2020\\\/11\\\/cropped-new-favicon-black.png\",\"width\":512,\"height\":512,\"caption\":\"Strangercam\"},\"image\":{\"@id\":\"https:\\\/\\\/strangercam.com\\\/#\\\/schema\\\/logo\\\/image\\\/\"},\"sameAs\":[\"https:\\\/\\\/www.facebook.com\\\/strangercam\",\"https:\\\/\\\/x.com\\\/strangercamapp\"]}]}<\/script>\n<!-- \/ Yoast SEO plugin. -->","yoast_head_json":{"title":"Videollamada a desconocidos en Strangercam.com","description":"\u00bfTe gusta videollamar a desconocidos? \u00a1Join millones en StrangerCam.com! Inicia un videochat aleatorio, enciende tu c\u00e1mara y conoce a desconocidos al instante.","robots":{"index":"index","follow":"follow","max-snippet":"max-snippet:-1","max-image-preview":"max-image-preview:large","max-video-preview":"max-video-preview:-1"},"canonical":"https:\/\/strangercam.com\/es\/videollamada-a-desconocidos\/","og_locale":"es_ES","og_type":"article","og_title":"Video Call Strangers on Strangercam.com","og_description":"Liking Video Call Strangers? Join millions on StrangerCam.com! Start a random video chat, turn on your cam, and meet strangers instantly.","og_url":"https:\/\/strangercam.com\/es\/videollamada-a-desconocidos\/","og_site_name":"Strangercam","article_publisher":"https:\/\/www.facebook.com\/strangercam","article_modified_time":"2025-09-03T11:39:32+00:00","og_image":[{"width":800,"height":532,"url":"https:\/\/strangercam.com\/wp-content\/uploads\/2021\/10\/Untitled-2.png","type":"image\/png"}],"twitter_card":"summary_large_image","twitter_site":"@strangercamapp","twitter_misc":{"Tiempo de lectura":"5 minutos"},"schema":{"@context":"https:\/\/schema.org","@graph":[{"@type":"WebPage","@id":"https:\/\/strangercam.com\/video-call-strangers\/","url":"https:\/\/strangercam.com\/video-call-strangers\/","name":"Videollamada a desconocidos en Strangercam.com","isPartOf":{"@id":"https:\/\/strangercam.com\/#website"},"datePublished":"2025-09-03T10:37:25+00:00","dateModified":"2025-09-03T11:39:32+00:00","description":"\u00bfTe gusta videollamar a desconocidos? \u00a1Join millones en StrangerCam.com! Inicia un videochat aleatorio, enciende tu c\u00e1mara y conoce a desconocidos al instante.","breadcrumb":{"@id":"https:\/\/strangercam.com\/video-call-strangers\/#breadcrumb"},"inLanguage":"es","potentialAction":[{"@type":"ReadAction","target":["https:\/\/strangercam.com\/video-call-strangers\/"]}]},{"@type":"BreadcrumbList","@id":"https:\/\/strangercam.com\/video-call-strangers\/#breadcrumb","itemListElement":[{"@type":"ListItem","position":1,"name":"Home","item":"https:\/\/strangercam.com\/"},{"@type":"ListItem","position":2,"name":"Video Call Strangers"}]},{"@type":"WebSite","@id":"https:\/\/strangercam.com\/#website","url":"https:\/\/strangercam.com\/","name":"Strangercam","description":"Videochat aleatorio con desconocidos","publisher":{"@id":"https:\/\/strangercam.com\/#organization"},"alternateName":"Strangercam.com","potentialAction":[{"@type":"SearchAction","target":{"@type":"EntryPoint","urlTemplate":"https:\/\/strangercam.com\/?s={search_term_string}"},"query-input":{"@type":"PropertyValueSpecification","valueRequired":true,"valueName":"search_term_string"}}],"inLanguage":"es"},{"@type":"Organization","@id":"https:\/\/strangercam.com\/#organization","name":"Strangercam","alternateName":"Strangercam.com","url":"https:\/\/strangercam.com\/","logo":{"@type":"ImageObject","inLanguage":"es","@id":"https:\/\/strangercam.com\/#\/schema\/logo\/image\/","url":"https:\/\/strangercam.com\/wp-content\/uploads\/2020\/11\/cropped-new-favicon-black.png","contentUrl":"https:\/\/strangercam.com\/wp-content\/uploads\/2020\/11\/cropped-new-favicon-black.png","width":512,"height":512,"caption":"Strangercam"},"image":{"@id":"https:\/\/strangercam.com\/#\/schema\/logo\/image\/"},"sameAs":["https:\/\/www.facebook.com\/strangercam","https:\/\/x.com\/strangercamapp"]}]}},"_links":{"self":[{"href":"https:\/\/strangercam.com\/es\/wp-json\/wp\/v2\/pages\/4004","targetHints":{"allow":["GET"]}}],"collection":[{"href":"https:\/\/strangercam.com\/es\/wp-json\/wp\/v2\/pages"}],"about":[{"href":"https:\/\/strangercam.com\/es\/wp-json\/wp\/v2\/types\/page"}],"author":[{"embeddable":true,"href":"https:\/\/strangercam.com\/es\/wp-json\/wp\/v2\/users\/8"}],"replies":[{"embeddable":true,"href":"https:\/\/strangercam.com\/es\/wp-json\/wp\/v2\/comments?post=4004"}],"version-history":[{"count":2,"href":"https:\/\/strangercam.com\/es\/wp-json\/wp\/v2\/pages\/4004\/revisions"}],"predecessor-version":[{"id":12995,"href":"https:\/\/strangercam.com\/es\/wp-json\/wp\/v2\/pages\/4004\/revisions\/12995"}],"wp:attachment":[{"href":"https:\/\/strangercam.com\/es\/wp-json\/wp\/v2\/media?parent=4004"}],"curies":[{"name":"wp","href":"https:\/\/api.w.org\/{rel}","templated":true}]}}