{"id":3987,"date":"2025-08-28T17:34:41","date_gmt":"2025-08-28T15:34:41","guid":{"rendered":"https:\/\/strangercam.com\/?page_id=3987"},"modified":"2025-09-03T13:32:08","modified_gmt":"2025-09-03T11:32:08","slug":"video-de-hablar-con-extranos-en-linea","status":"publish","type":"page","link":"https:\/\/strangercam.com\/es\/video-de-hablar-con-extranos-en-linea\/","title":{"rendered":"V\u00eddeo en l\u00ednea de Talk to Strangers"},"content":{"rendered":"<p>\u00bfBuscas la mejor manera de hablar con desconocidos en l\u00ednea al estilo de los v\u00eddeos? No eres el \u00fanico. Cada d\u00eda, millones de personas entran en <a href=\"https:\/\/strangercam.com\/es\/chathub\/\">chat<\/a> para conectar cara a cara con gente nueva de todo el mundo. A diferencia de las redes sociales o las aplicaciones de citas, donde las conversaciones a menudo parecen escenificadas o tardan en empezar, el videochat en directo con desconocidos es instant\u00e1neo, aut\u00e9ntico y emocionante.<\/p>\n<p>Con plataformas modernas como StrangerCam, puedes empezar un videochat en l\u00ednea gratis con desconocidos de inmediato: sin registros, sin descargas y sin cargos ocultos. Tanto si quieres hacer amigos, practicar un idioma, disfrutar de un flirteo casual o simplemente vencer el aburrimiento, hablar con desconocidos por v\u00eddeo nunca ha sido tan f\u00e1cil y seguro.<\/p>\n<p>Esta gu\u00eda te explicar\u00e1 todo lo que necesitas saber sobre los videochats en l\u00ednea con desconocidos: c\u00f3mo funcionan, por qu\u00e9 se han hecho tan populares, las caracter\u00edsticas que m\u00e1s importan, consejos de seguridad, comparaciones de plataformas y por qu\u00e9 StrangerCam es una de las mejores opciones para 2025.<\/p>\n<h2>\u00bfQu\u00e9 significa \"Hablar con extra\u00f1os en v\u00eddeo en l\u00ednea\"?<\/h2>\n<p>Cuando hablas con desconocidos a trav\u00e9s del estilo de v\u00eddeo en l\u00ednea, utilizas tu c\u00e1mara web y tu micr\u00f3fono para conectar instant\u00e1neamente con personas al azar a trav\u00e9s de Internet. A diferencia de las salas de chat de texto o las plataformas sociales, este formato ofrece conversaciones cara a cara y en tiempo real con desconocidos, lo que te proporciona una experiencia mucho m\u00e1s genuina y espont\u00e1nea.<\/p>\n<p>En lugar de deslizar el dedo sin parar en las aplicaciones de citas o esperar respuestas en las redes sociales, pulsa un bot\u00f3n y conoce a alguien al instante. Puede ser alguien de tu pa\u00eds o un desconocido del otro lado del mundo. Cada conversaci\u00f3n es una sorpresa.<\/p>\n<h2>Por qu\u00e9 a la gente le encantan los videochats gratuitos en l\u00ednea con desconocidos<\/h2>\n<p>El auge de las plataformas de v\u00eddeo en l\u00ednea para hablar gratis con desconocidos ha sido enorme, y por una buena raz\u00f3n. He aqu\u00ed por qu\u00e9 los usuarios vuelven una y otra vez:<\/p>\n<ul>\n<li>Conexi\u00f3n humana real: El v\u00eddeo demuestra que est\u00e1s hablando con una persona real, no con un perfil falso o un bot.<\/li>\n<li>Emocionante y espont\u00e1neo: Cada charla es impredecible: divertida, amistosa, coqueta o, a veces, profunda.<\/li>\n<li>Sin barreras: Sin necesidad de registrarse, sin perfiles, sin esperas: conexi\u00f3n instant\u00e1nea.<\/li>\n<li>Intercambio cultural: Conoce a personas de distintos pa\u00edses y aprende sobre sus estilos de vida.<\/li>\n<li>Alivio de la soledad: Para muchos, es una forma r\u00e1pida de sentirse conectados y vencer el aburrimiento.<\/li>\n<li>Libertad de elecci\u00f3n: Si no congenias con alguien, con un clic pasas al siguiente chat.<\/li>\n<\/ul>\n<h2>\u00bfC\u00f3mo funciona hablar por v\u00eddeo con desconocidos en Internet?<\/h2>\n<p>El proceso est\u00e1 dise\u00f1ado para que sea r\u00e1pido y sencillo:<\/p>\n<ol>\n<li>Abre la plataforma (m\u00f3vil o escritorio).<\/li>\n<li>Permita el acceso a la c\u00e1mara y al micr\u00f3fono cuando se le solicite.<\/li>\n<li>Haz clic en \"Iniciar chat\" para conectarte al instante con un desconocido cualquiera.<\/li>\n<li>Habla en directo por v\u00eddeo. Si no te gusta el chat, pulsa \"Siguiente\".<\/li>\n<li>Rep\u00edtelo sin cesar: no hay l\u00edmite para el n\u00famero de personas que puedes conocer.<\/li>\n<\/ol>\n<p>Algunas plataformas tambi\u00e9n incluyen extras como filtros de g\u00e9nero, concordancia de ubicaci\u00f3n e incluso herramientas de traducci\u00f3n integradas para chats en varios idiomas.<\/p>\n<h2>Caracter\u00edsticas principales<\/h2>\n<p>Si quieres disfrutar de la mejor experiencia de v\u00eddeo en l\u00ednea cuando hables con desconocidos, no pierdas de vista estas funciones:<\/p>\n<h3>1. Acceso realmente libre<\/h3>\n<p>Las mejores plataformas te permiten chatear sin obligarte a suscribirte.<\/p>\n<h3>2. No es necesario inscribirse<\/h3>\n<p>Permanece en el anonimato y entra directamente en la diversi\u00f3n sin cuentas ni inicios de sesi\u00f3n.<\/p>\n<h3>3. Filtros de g\u00e9nero y ubicaci\u00f3n<\/h3>\n<p>\u00datil si quieres conocer a tipos espec\u00edficos de personas (como chatear s\u00f3lo con chicas o con desconocidos de tu pa\u00eds).<\/p>\n<h3>4. Controles de moderaci\u00f3n y seguridad<\/h3>\n<p>Los moderadores activos y las herramientas de denuncia ayudan a mantener el espacio a salvo de conductas inapropiadas.<\/p>\n<h3>5. Dise\u00f1o compatible con dispositivos m\u00f3viles<\/h3>\n<p>Deber\u00edas poder conectarte f\u00e1cilmente desde tu tel\u00e9fono, no s\u00f3lo desde tu ordenador.<\/p>\n<h3>6. V\u00eddeo de alta calidad<\/h3>\n<p>El v\u00eddeo n\u00edtido y fluido hace que las conversaciones sean m\u00e1s naturales y agradables.<\/p>\n<h2>Las mejores plataformas para hablar por v\u00eddeo con desconocidos en 2025<\/h2>\n<p>A continuaci\u00f3n se comparan algunas de las plataformas m\u00e1s populares:<\/p>\n<table>\n<thead>\n<tr>\n<th>Plataforma<\/th>\n<th align=\"center\">Acceso gratuito<\/th>\n<th align=\"center\">Filtro de g\u00e9nero<\/th>\n<th align=\"center\">Se necesita inscripci\u00f3n<\/th>\n<th align=\"center\">Asistencia m\u00f3vil<\/th>\n<th align=\"center\">Moderaci\u00f3n<\/th>\n<th>Notas<\/th>\n<\/tr>\n<\/thead>\n<tbody>\n<tr>\n<td>StrangerCam<\/td>\n<td align=\"center\">\u2705<\/td>\n<td align=\"center\">\u2705 (Gratis)<\/td>\n<td align=\"center\">\u274c<\/td>\n<td align=\"center\">\u2705<\/td>\n<td align=\"center\">\u2705<\/td>\n<td>La mejor opci\u00f3n general, segura y realmente gratuita<\/td>\n<\/tr>\n<tr>\n<td><a href=\"https:\/\/strangercam.com\/es\/chatroulette\/\">Chatroulette<\/a><\/td>\n<td align=\"center\">\u2705<\/td>\n<td align=\"center\">\u274c (de pago)<\/td>\n<td align=\"center\">\u274c<\/td>\n<td align=\"center\">\u2705<\/td>\n<td align=\"center\">\u2705<\/td>\n<td>Cl\u00e1sico, pero con filtro de g\u00e9nero<\/td>\n<\/tr>\n<tr>\n<td>Chatrandom<\/td>\n<td align=\"center\">\u2705<\/td>\n<td align=\"center\">\u274c (de pago)<\/td>\n<td align=\"center\">\u274c<\/td>\n<td align=\"center\">\u2705<\/td>\n<td align=\"center\">\u2705<\/td>\n<td>Gran base de usuarios, pero se necesitan actualizaciones<\/td>\n<\/tr>\n<tr>\n<td><a href=\"https:\/\/strangercam.com\/es\/ometv\/\">OmeTV<\/a><\/td>\n<td align=\"center\">\u2705<\/td>\n<td align=\"center\">\u274c<\/td>\n<td align=\"center\">\u274c<\/td>\n<td align=\"center\">\u2705<\/td>\n<td align=\"center\">\u2705<\/td>\n<td>Basado en aplicaciones, s\u00f3lo aleatorio<\/td>\n<\/tr>\n<tr>\n<td>Shagle<\/td>\n<td align=\"center\">\u2705<\/td>\n<td align=\"center\">\u274c (de pago)<\/td>\n<td align=\"center\">\u274c<\/td>\n<td align=\"center\">\u2705<\/td>\n<td align=\"center\">\u2705<\/td>\n<td>Chats gratuitos, pero se imponen las actualizaciones premium<\/td>\n<\/tr>\n<tr>\n<td><a href=\"https:\/\/strangercam.com\/es\/coomeet\/\">CooMeet<\/a><\/td>\n<td align=\"center\">\u274c (Prueba)<\/td>\n<td align=\"center\">\u2705<\/td>\n<td align=\"center\">\u2705<\/td>\n<td align=\"center\">\u2705<\/td>\n<td align=\"center\">\u2705<\/td>\n<td>Pagado despu\u00e9s de unas cuantas charlas gratuitas<\/td>\n<\/tr>\n<tr>\n<td>LuckyCrush<\/td>\n<td align=\"center\">\u274c<\/td>\n<td align=\"center\">\u2705<\/td>\n<td align=\"center\">\u2705<\/td>\n<td align=\"center\">\u2705<\/td>\n<td align=\"center\">\u2705<\/td>\n<td>Conexiones siempre remuneradas y basadas en el g\u00e9nero<\/td>\n<\/tr>\n<\/tbody>\n<\/table>\n<p>Entre ellas, StrangerCam es una de las \u00fanicas plataformas que ofrece chats de v\u00eddeo en l\u00ednea gratuitos e ilimitados con desconocidos y un filtro de g\u00e9nero que funciona sin necesidad de registrarse.<\/p>\n<h2>Por qu\u00e9 StrangerCam es el mejor lugar para hablar con desconocidos en Internet<\/h2>\n<p>He aqu\u00ed por qu\u00e9 StrangerCam es una de las principales plataformas en 2025 para hablar con desconocidos en l\u00ednea por v\u00eddeo:<\/p>\n<h3>1. Completamente gratis e ilimitado<\/h3>\n<p>Sin costes ocultos, pruebas ni sistemas de cr\u00e9dito: puedes chatear todo lo que quieras.<\/p>\n<h3>2. Filtro de g\u00e9nero real y gratuito<\/h3>\n<p>A diferencia de la mayor\u00eda de los competidores, StrangerCam te permite seleccionar chicas, chicos o ambos sin pagar.<\/p>\n<h3>3. No es necesario registrarse<\/h3>\n<p>Salta directamente a la diversi\u00f3n sin crear una cuenta.<\/p>\n<h3>4. Seguro y moderado<\/h3>\n<p>Los s\u00f3lidos sistemas de informaci\u00f3n y la moderaci\u00f3n en directo la convierten en una de las opciones m\u00e1s seguras.<\/p>\n<h3>5. Base mundial de usuarios<\/h3>\n<p>Conoce a desconocidos de m\u00e1s de 100 pa\u00edses, en cualquier momento, 24 horas al d\u00eda, 7 d\u00edas a la semana.<\/p>\n<h3>6. Funciona en todas partes<\/h3>\n<p>Optimizado tanto para ordenadores de sobremesa como para m\u00f3viles, para que puedas chatear sobre la marcha.<\/p>\n<h2>Testimonios de usuarios reales<\/h2>\n<blockquote><p><em>\"S\u00f3lo quer\u00eda un lugar donde hablar con desconocidos en l\u00ednea, al estilo de los v\u00eddeos, sin muros de pago ni descargas. StrangerCam me dio exactamente eso: gratis, r\u00e1pido y divertido\".<\/em><br \/>\n- Daniel, 28 a\u00f1os<\/p><\/blockquote>\n<blockquote><p><em>\"Aqu\u00ed he conocido a gente de muchos pa\u00edses diferentes. Es adictivo y una forma estupenda de pasar las tardes\".<\/em><br \/>\n- Sophia, 24 a\u00f1os<\/p><\/blockquote>\n<blockquote><p><em>\"Por fin un sitio donde el filtro de g\u00e9nero funciona de verdad sin tener que pagar. Muy recomendable\".<\/em><br \/>\n- Ryan, 32 a\u00f1os<\/p><\/blockquote>\n<blockquote><p><em>\"Se siente m\u00e1s seguro que otras plataformas que he probado. La moderaci\u00f3n es s\u00f3lida, y puedo saltar al instante si no me gusta el ambiente.\"<\/em><br \/>\n- Leah, 21 a\u00f1os<\/p><\/blockquote>\n<h2>Consejos de seguridad para hablar con desconocidos en Internet<\/h2>\n<p>Aunque los chats de v\u00eddeo en l\u00ednea son divertidos, priorice siempre la seguridad:<\/p>\n<ul>\n<li>No compartas datos personales (direcci\u00f3n, nombre completo, n\u00famero de tel\u00e9fono).<\/li>\n<li>Omite o bloquea a cualquiera que te haga sentir inc\u00f3modo.<\/li>\n<li>Nunca hagas clic en enlaces enviados por desconocidos.<\/li>\n<li>Utiliza un fondo neutro para no revelar detalles privados.<\/li>\n<li>Lim\u00edtese a las herramientas de la plataforma: utilice las funciones de elaboraci\u00f3n de informes si es necesario.<\/li>\n<li>Respeta los l\u00edmites de edad: si tienes menos de 18 a\u00f1os, no utilices sitios de chat aleatorio para adultos.<\/li>\n<\/ul>\n<h2>C\u00f3mo empezar - Paso a paso<\/h2>\n<p>Se tarda menos de un minuto en empezar a hablar con desconocidos por v\u00eddeo:<\/p>\n<ol>\n<li>Abre StrangerCam en tu navegador.<\/li>\n<li>Permitir el acceso a la c\u00e1mara y al micr\u00f3fono.<\/li>\n<li>Seleccionar preferencias (como el filtro de g\u00e9nero).<\/li>\n<li>Haz clic en Iniciar chat para conocer a tu primer desconocido al instante.<\/li>\n<li>Haz clic en Siguiente en cualquier momento para iniciar una nueva conversaci\u00f3n.<\/li>\n<\/ol>\n<p>Eso es todo: r\u00e1pido, f\u00e1cil y completamente gratis.<\/p>\n<h2>Preguntas frecuentes<\/h2>\n<h3>\u00bfEs realmente gratis hablar por v\u00eddeo con desconocidos en Internet?<\/h3>\n<p>S\u00ed. Plataformas como StrangerCam ofrecen chats gratuitos ilimitados sin cargos ocultos.<\/p>\n<h3>\u00bfTengo que inscribirme?<\/h3>\n<p>No. StrangerCam no requiere una cuenta o inicio de sesi\u00f3n.<\/p>\n<h3>\u00bfSon reales los extra\u00f1os?<\/h3>\n<p>S\u00ed. Con el v\u00eddeo en directo, hablas con personas reales, no con bots o cuentas falsas.<\/p>\n<h3>\u00bfPuedo utilizarlo en mi tel\u00e9fono?<\/h3>\n<p>S\u00ed, StrangerCam funciona perfectamente tanto en ordenadores de sobremesa como en dispositivos m\u00f3viles.<\/p>\n<h3>\u00bfEs seguro?<\/h3>\n<p>S\u00ed, siempre que sigas los consejos b\u00e1sicos de seguridad y utilices las funciones de denuncia de StrangerCam.<\/p>\n<h2>Reflexiones finales - Pruebe el videochat gratuito en l\u00ednea con desconocidos hoy mismo<\/h2>\n<p>En 2025, la forma m\u00e1s f\u00e1cil de conocer gente nueva en Internet es hablar con desconocidos a trav\u00e9s del videochat. Es espont\u00e1neo, aut\u00e9ntico y gratuito, y te da la oportunidad de conectar al instante con personas reales de todo el mundo.<\/p>\n<p>Pero no todas las plataformas cumplen. Muchas ocultan funciones tras muros de pago o llenan sus sitios de bots. Por eso StrangerCam es una de las mejores opciones hoy en d\u00eda: es gratis, segura, an\u00f3nima y abierta 24\/7 con una comunidad global esperando conocerte.<\/p>\n<p>\u00bfListo para conectar? Inicie ahora un videochat gratuito en l\u00ednea con desconocidos: nunca se sabe a qui\u00e9n conocer\u00e1 despu\u00e9s.<\/p>","protected":false},"excerpt":{"rendered":"<p>Are you looking for the best way to talk to strangers online video style? You\u2019re not the only one. Every day, millions of people jump onto random chat platforms to connect face-to-face with new people across the globe. Unlike social media or dating apps, where conversations often feel staged or take time to start, live [&hellip;]<\/p>\n","protected":false},"author":8,"featured_media":0,"parent":0,"menu_order":0,"comment_status":"closed","ping_status":"closed","template":"","meta":{"footnotes":""},"class_list":["post-3987","page","type-page","status-publish","hentry"],"yoast_head":"<!-- This site is optimized with the Yoast SEO plugin v26.9 - https:\/\/yoast.com\/product\/yoast-seo-wordpress\/ -->\n<title>Talk to Strangers Online Video on Strangercam.com<\/title>\n<meta name=\"description\" content=\"Liking Talk to Strangers Online Video? Join millions on StrangerCam.com! Start a random video chat, turn on your cam, and meet strangers instantly.\" \/>\n<meta name=\"robots\" content=\"index, follow, max-snippet:-1, max-image-preview:large, max-video-preview:-1\" \/>\n<link rel=\"canonical\" href=\"https:\/\/strangercam.com\/es\/video-de-hablar-con-extranos-en-linea\/\" \/>\n<meta property=\"og:locale\" content=\"es_ES\" \/>\n<meta property=\"og:type\" content=\"article\" \/>\n<meta property=\"og:title\" content=\"Talk to Strangers Online Video on Strangercam.com\" \/>\n<meta property=\"og:description\" content=\"Liking Talk to Strangers Online Video? Join millions on StrangerCam.com! Start a random video chat, turn on your cam, and meet strangers instantly.\" \/>\n<meta property=\"og:url\" content=\"https:\/\/strangercam.com\/es\/video-de-hablar-con-extranos-en-linea\/\" \/>\n<meta property=\"og:site_name\" content=\"Strangercam\" \/>\n<meta property=\"article:publisher\" content=\"https:\/\/www.facebook.com\/strangercam\" \/>\n<meta property=\"article:modified_time\" content=\"2025-09-03T11:32:08+00:00\" \/>\n<meta property=\"og:image\" content=\"https:\/\/strangercam.com\/wp-content\/uploads\/2021\/10\/Untitled-2.png\" \/>\n\t<meta property=\"og:image:width\" content=\"800\" \/>\n\t<meta property=\"og:image:height\" content=\"532\" \/>\n\t<meta property=\"og:image:type\" content=\"image\/png\" \/>\n<meta name=\"twitter:card\" content=\"summary_large_image\" \/>\n<meta name=\"twitter:site\" content=\"@strangercamapp\" \/>\n<meta name=\"twitter:label1\" content=\"Tiempo de lectura\" \/>\n\t<meta name=\"twitter:data1\" content=\"6 minutos\" \/>\n<script type=\"application\/ld+json\" class=\"yoast-schema-graph\">{\"@context\":\"https:\/\/schema.org\",\"@graph\":[{\"@type\":\"WebPage\",\"@id\":\"https:\/\/strangercam.com\/talk-to-strangers-online-video\/\",\"url\":\"https:\/\/strangercam.com\/talk-to-strangers-online-video\/\",\"name\":\"Talk to Strangers Online Video on Strangercam.com\",\"isPartOf\":{\"@id\":\"https:\/\/strangercam.com\/#website\"},\"datePublished\":\"2025-08-28T15:34:41+00:00\",\"dateModified\":\"2025-09-03T11:32:08+00:00\",\"description\":\"Liking Talk to Strangers Online Video? Join millions on StrangerCam.com! Start a random video chat, turn on your cam, and meet strangers instantly.\",\"breadcrumb\":{\"@id\":\"https:\/\/strangercam.com\/talk-to-strangers-online-video\/#breadcrumb\"},\"inLanguage\":\"es\",\"potentialAction\":[{\"@type\":\"ReadAction\",\"target\":[\"https:\/\/strangercam.com\/talk-to-strangers-online-video\/\"]}]},{\"@type\":\"BreadcrumbList\",\"@id\":\"https:\/\/strangercam.com\/talk-to-strangers-online-video\/#breadcrumb\",\"itemListElement\":[{\"@type\":\"ListItem\",\"position\":1,\"name\":\"Home\",\"item\":\"https:\/\/strangercam.com\/\"},{\"@type\":\"ListItem\",\"position\":2,\"name\":\"Talk to Strangers Online Video\"}]},{\"@type\":\"WebSite\",\"@id\":\"https:\/\/strangercam.com\/#website\",\"url\":\"https:\/\/strangercam.com\/\",\"name\":\"Strangercam\",\"description\":\"Random Video Chat with Strangers\",\"publisher\":{\"@id\":\"https:\/\/strangercam.com\/#organization\"},\"alternateName\":\"Strangercam.com\",\"potentialAction\":[{\"@type\":\"SearchAction\",\"target\":{\"@type\":\"EntryPoint\",\"urlTemplate\":\"https:\/\/strangercam.com\/?s={search_term_string}\"},\"query-input\":{\"@type\":\"PropertyValueSpecification\",\"valueRequired\":true,\"valueName\":\"search_term_string\"}}],\"inLanguage\":\"es\"},{\"@type\":\"Organization\",\"@id\":\"https:\/\/strangercam.com\/#organization\",\"name\":\"Strangercam\",\"alternateName\":\"Strangercam.com\",\"url\":\"https:\/\/strangercam.com\/\",\"logo\":{\"@type\":\"ImageObject\",\"inLanguage\":\"es\",\"@id\":\"https:\/\/strangercam.com\/#\/schema\/logo\/image\/\",\"url\":\"https:\/\/strangercam.com\/wp-content\/uploads\/2020\/11\/cropped-new-favicon-black.png\",\"contentUrl\":\"https:\/\/strangercam.com\/wp-content\/uploads\/2020\/11\/cropped-new-favicon-black.png\",\"width\":512,\"height\":512,\"caption\":\"Strangercam\"},\"image\":{\"@id\":\"https:\/\/strangercam.com\/#\/schema\/logo\/image\/\"},\"sameAs\":[\"https:\/\/www.facebook.com\/strangercam\",\"https:\/\/x.com\/strangercamapp\"]}]}<\/script>\n<!-- \/ Yoast SEO plugin. -->","yoast_head_json":{"title":"V\u00eddeo en l\u00ednea de Talk to Strangers en Strangercam.com","description":"\u00bfTe gusta Hablar con Extra\u00f1os Online Video? \u00a1Join millones en StrangerCam.com! Inicia un videochat aleatorio, enciende tu c\u00e1mara y conoce a desconocidos al instante.","robots":{"index":"index","follow":"follow","max-snippet":"max-snippet:-1","max-image-preview":"max-image-preview:large","max-video-preview":"max-video-preview:-1"},"canonical":"https:\/\/strangercam.com\/es\/video-de-hablar-con-extranos-en-linea\/","og_locale":"es_ES","og_type":"article","og_title":"Talk to Strangers Online Video on Strangercam.com","og_description":"Liking Talk to Strangers Online Video? Join millions on StrangerCam.com! Start a random video chat, turn on your cam, and meet strangers instantly.","og_url":"https:\/\/strangercam.com\/es\/video-de-hablar-con-extranos-en-linea\/","og_site_name":"Strangercam","article_publisher":"https:\/\/www.facebook.com\/strangercam","article_modified_time":"2025-09-03T11:32:08+00:00","og_image":[{"width":800,"height":532,"url":"https:\/\/strangercam.com\/wp-content\/uploads\/2021\/10\/Untitled-2.png","type":"image\/png"}],"twitter_card":"summary_large_image","twitter_site":"@strangercamapp","twitter_misc":{"Tiempo de lectura":"6 minutos"},"schema":{"@context":"https:\/\/schema.org","@graph":[{"@type":"WebPage","@id":"https:\/\/strangercam.com\/talk-to-strangers-online-video\/","url":"https:\/\/strangercam.com\/talk-to-strangers-online-video\/","name":"V\u00eddeo en l\u00ednea de Talk to Strangers en Strangercam.com","isPartOf":{"@id":"https:\/\/strangercam.com\/#website"},"datePublished":"2025-08-28T15:34:41+00:00","dateModified":"2025-09-03T11:32:08+00:00","description":"\u00bfTe gusta Hablar con Extra\u00f1os Online Video? \u00a1Join millones en StrangerCam.com! Inicia un videochat aleatorio, enciende tu c\u00e1mara y conoce a desconocidos al instante.","breadcrumb":{"@id":"https:\/\/strangercam.com\/talk-to-strangers-online-video\/#breadcrumb"},"inLanguage":"es","potentialAction":[{"@type":"ReadAction","target":["https:\/\/strangercam.com\/talk-to-strangers-online-video\/"]}]},{"@type":"BreadcrumbList","@id":"https:\/\/strangercam.com\/talk-to-strangers-online-video\/#breadcrumb","itemListElement":[{"@type":"ListItem","position":1,"name":"Home","item":"https:\/\/strangercam.com\/"},{"@type":"ListItem","position":2,"name":"Talk to Strangers Online Video"}]},{"@type":"WebSite","@id":"https:\/\/strangercam.com\/#website","url":"https:\/\/strangercam.com\/","name":"Strangercam","description":"Videochat aleatorio con desconocidos","publisher":{"@id":"https:\/\/strangercam.com\/#organization"},"alternateName":"Strangercam.com","potentialAction":[{"@type":"SearchAction","target":{"@type":"EntryPoint","urlTemplate":"https:\/\/strangercam.com\/?s={search_term_string}"},"query-input":{"@type":"PropertyValueSpecification","valueRequired":true,"valueName":"search_term_string"}}],"inLanguage":"es"},{"@type":"Organization","@id":"https:\/\/strangercam.com\/#organization","name":"Strangercam","alternateName":"Strangercam.com","url":"https:\/\/strangercam.com\/","logo":{"@type":"ImageObject","inLanguage":"es","@id":"https:\/\/strangercam.com\/#\/schema\/logo\/image\/","url":"https:\/\/strangercam.com\/wp-content\/uploads\/2020\/11\/cropped-new-favicon-black.png","contentUrl":"https:\/\/strangercam.com\/wp-content\/uploads\/2020\/11\/cropped-new-favicon-black.png","width":512,"height":512,"caption":"Strangercam"},"image":{"@id":"https:\/\/strangercam.com\/#\/schema\/logo\/image\/"},"sameAs":["https:\/\/www.facebook.com\/strangercam","https:\/\/x.com\/strangercamapp"]}]}},"_links":{"self":[{"href":"https:\/\/strangercam.com\/es\/wp-json\/wp\/v2\/pages\/3987","targetHints":{"allow":["GET"]}}],"collection":[{"href":"https:\/\/strangercam.com\/es\/wp-json\/wp\/v2\/pages"}],"about":[{"href":"https:\/\/strangercam.com\/es\/wp-json\/wp\/v2\/types\/page"}],"author":[{"embeddable":true,"href":"https:\/\/strangercam.com\/es\/wp-json\/wp\/v2\/users\/8"}],"replies":[{"embeddable":true,"href":"https:\/\/strangercam.com\/es\/wp-json\/wp\/v2\/comments?post=3987"}],"version-history":[{"count":2,"href":"https:\/\/strangercam.com\/es\/wp-json\/wp\/v2\/pages\/3987\/revisions"}],"predecessor-version":[{"id":12981,"href":"https:\/\/strangercam.com\/es\/wp-json\/wp\/v2\/pages\/3987\/revisions\/12981"}],"wp:attachment":[{"href":"https:\/\/strangercam.com\/es\/wp-json\/wp\/v2\/media?parent=3987"}],"curies":[{"name":"wp","href":"https:\/\/api.w.org\/{rel}","templated":true}]}}