{"id":3970,"date":"2025-08-28T17:31:39","date_gmt":"2025-08-28T15:31:39","guid":{"rendered":"https:\/\/strangercam.com\/?page_id=3970"},"modified":"2025-09-03T13:32:00","modified_gmt":"2025-09-03T11:32:00","slug":"chat-por-webcam-al-azar","status":"publish","type":"page","link":"https:\/\/strangercam.com\/es\/chat-por-webcam-al-azar\/","title":{"rendered":"Chat por webcam aleatorio"},"content":{"rendered":"<p>Buscando la emoci\u00f3n de una webcam al azar <a href=\"https:\/\/strangercam.com\/es\/chathub\/\">chat<\/a>? No es el \u00fanico. Desde los primeros d\u00edas de <a href=\"https:\/\/strangercam.com\/es\/omegle\/\">Omegle<\/a> y <a href=\"https:\/\/strangercam.com\/es\/chatroulette\/\">Chatroulette<\/a>, millones de personas han descubierto la diversi\u00f3n de conectar cara a cara con desconocidos con s\u00f3lo pulsar un bot\u00f3n. A diferencia de las redes sociales o las aplicaciones de citas, donde las conversaciones parecen planificadas o lentas, el chat aleatorio por webcam es instant\u00e1neo, espont\u00e1neo y real.<\/p>\n<p>En 2025, plataformas como StrangerCam hacen que sea m\u00e1s f\u00e1cil que nunca disfrutar de un chat con webcam aleatorio gratis, sin descargas, sin registros y sin costes ocultos. Tanto si est\u00e1s aqu\u00ed para conocer nuevos amigos, ligar, compartir culturas o simplemente escapar del aburrimiento, el chat por webcam con desconocidos es una de las formas m\u00e1s emocionantes de conectar en l\u00ednea.<\/p>\n<p>Esta gu\u00eda te explicar\u00e1 todo lo que necesitas saber: c\u00f3mo funciona el chat por webcam aleatorio, por qu\u00e9 a la gente le encanta, qu\u00e9 caracter\u00edsticas buscar, comparaciones de las principales plataformas, consejos de seguridad y por qu\u00e9 StrangerCam es una de las mejores opciones hoy en d\u00eda.<\/p>\n<h2>\u00bfQu\u00e9 es el chat por webcam aleatorio?<\/h2>\n<p>El chat aleatorio con webcam es una experiencia de v\u00eddeo en directo que te conecta instant\u00e1neamente con desconocidos de todo el mundo a trav\u00e9s de tu webcam y tu micr\u00f3fono. A diferencia de las salas de chat de texto, el chat por webcam te permite interactuar cara a cara en tiempo real.<\/p>\n<p>El proceso se ha dise\u00f1ado para que sea r\u00e1pido y sencillo: s\u00f3lo tienes que pulsar \"Empezar\" y en cuesti\u00f3n de segundos se te emparejar\u00e1 con alguien nuevo. Si no te gusta la conversaci\u00f3n, pulsa \"Siguiente\" para seguir adelante. Cada chat es \u00fanico: a veces divertido, a veces coqueto, a veces sorprendente.<\/p>\n<h2>Por qu\u00e9 a la gente le encanta el chat por webcam aleatorio gratis<\/h2>\n<p>El atractivo del chat con webcam aleatorio gratuito est\u00e1 creciendo r\u00e1pidamente, y he aqu\u00ed por qu\u00e9:<\/p>\n<ul>\n<li>Diversi\u00f3n espont\u00e1nea - Nunca sabes a qui\u00e9n conocer\u00e1s despu\u00e9s.<\/li>\n<li>Autenticidad: el v\u00eddeo demuestra que est\u00e1s hablando con una persona real, no con un bot o un perfil falso.<\/li>\n<li>Sin registros ni compromisos: muchas plataformas no requieren cuentas. Basta con hacer clic y chatear.<\/li>\n<li>Global Connections - Conoce a gente de todo el mundo en cuesti\u00f3n de segundos.<\/li>\n<li>Variedad - Cada charla es diferente: informal, cultural o incluso coqueta.<\/li>\n<li>Alivio del estr\u00e9s y entretenimiento - Una forma perfecta de relajarse y curar el aburrimiento.<\/li>\n<\/ul>\n<h2>\u00bfC\u00f3mo funciona el chat por webcam aleatorio?<\/h2>\n<p>Iniciar un chat por webcam al azar es incre\u00edblemente sencillo:<\/p>\n<ol>\n<li>Abre la plataforma en tu ordenador o dispositivo m\u00f3vil.<\/li>\n<li>Permitir el acceso a la c\u00e1mara y al micr\u00f3fono.<\/li>\n<li>Haz clic en \"Iniciar chat\". Estar\u00e1s conectado al instante con un desconocido.<\/li>\n<li>Hable en directo cara a cara.<\/li>\n<li>Haz clic en \"Siguiente\" cada vez que quieras conocer a alguien nuevo.<\/li>\n<\/ol>\n<p>Todo el proceso dura menos de un minuto, por lo que es una de las formas m\u00e1s f\u00e1ciles de conocer gente nueva en Internet.<\/p>\n<h2>Caracter\u00edsticas principales<\/h2>\n<p>No todas las plataformas de chat con webcam son iguales. Para obtener la mejor experiencia, busca estas caracter\u00edsticas clave:<\/p>\n<h3>1. Acceso realmente libre<\/h3>\n<p>Evite los sitios que dicen ser gratuitos pero que r\u00e1pidamente le empujan a los muros de pago.<\/p>\n<h3>2. No es necesario inscribirse<\/h3>\n<p>No deber\u00eda ser necesario registrarse ni facilitar datos personales para empezar a chatear.<\/p>\n<h3>3. Filtros de g\u00e9nero y ubicaci\u00f3n<\/h3>\n<p>Elige chatear con tipos espec\u00edficos de personas, como s\u00f3lo chicas o personas de determinados pa\u00edses.<\/p>\n<h3>4. Herramientas potentes de moderaci\u00f3n y elaboraci\u00f3n de informes<\/h3>\n<p>Estos mantienen el entorno seguro eliminando a los usuarios abusivos y a los bots.<\/p>\n<h3>5. Compatibilidad m\u00f3vil<\/h3>\n<p>Una buena plataforma debe funcionar sin problemas en tel\u00e9fonos, tabletas y ordenadores de sobremesa.<\/p>\n<h3>6. V\u00eddeo y audio de alta calidad<\/h3>\n<p>Las conexiones claras y fiables hacen que las conversaciones sean m\u00e1s naturales y divertidas.<\/p>\n<h2>Las mejores plataformas de chat aleatorio con webcam en 2025<\/h2>\n<p>As\u00ed es como se comparan las principales opciones para los usuarios que buscan un chat con webcam aleatorio:<\/p>\n<table>\n<thead>\n<tr>\n<th>Plataforma<\/th>\n<th align=\"center\">Acceso gratuito<\/th>\n<th align=\"center\">Filtro de g\u00e9nero<\/th>\n<th align=\"center\">Se necesita inscripci\u00f3n<\/th>\n<th align=\"center\">Asistencia m\u00f3vil<\/th>\n<th align=\"center\">Moderaci\u00f3n<\/th>\n<th>Notas<\/th>\n<\/tr>\n<\/thead>\n<tbody>\n<tr>\n<td>StrangerCam<\/td>\n<td align=\"center\">\u2705<\/td>\n<td align=\"center\">\u2705 (Gratis)<\/td>\n<td align=\"center\">\u274c<\/td>\n<td align=\"center\">\u2705<\/td>\n<td align=\"center\">\u2705<\/td>\n<td>La mejor opci\u00f3n para todo, realmente gratis<\/td>\n<\/tr>\n<tr>\n<td>Chatroulette<\/td>\n<td align=\"center\">\u2705<\/td>\n<td align=\"center\">\u274c (de pago)<\/td>\n<td align=\"center\">\u274c<\/td>\n<td align=\"center\">\u2705<\/td>\n<td align=\"center\">\u2705<\/td>\n<td>Cl\u00e1sico pero con filtros de pago<\/td>\n<\/tr>\n<tr>\n<td>Chatrandom<\/td>\n<td align=\"center\">\u2705<\/td>\n<td align=\"center\">\u274c (de pago)<\/td>\n<td align=\"center\">\u274c<\/td>\n<td align=\"center\">\u2705<\/td>\n<td align=\"center\">\u2705<\/td>\n<td>Popular, pero las mejoras se imponen<\/td>\n<\/tr>\n<tr>\n<td><a href=\"https:\/\/strangercam.com\/es\/ometv\/\">OmeTV<\/a><\/td>\n<td align=\"center\">\u2705<\/td>\n<td align=\"center\">\u274c<\/td>\n<td align=\"center\">\u274c<\/td>\n<td align=\"center\">\u2705<\/td>\n<td align=\"center\">\u2705<\/td>\n<td>Aplicaci\u00f3n m\u00f3vil, s\u00f3lo coincidencias aleatorias<\/td>\n<\/tr>\n<tr>\n<td>Shagle<\/td>\n<td align=\"center\">\u2705<\/td>\n<td align=\"center\">\u274c (de pago)<\/td>\n<td align=\"center\">\u274c<\/td>\n<td align=\"center\">\u2705<\/td>\n<td align=\"center\">\u2705<\/td>\n<td>Muchas funciones bloqueadas en Premium<\/td>\n<\/tr>\n<tr>\n<td><a href=\"https:\/\/strangercam.com\/es\/coomeet\/\">CooMeet<\/a><\/td>\n<td align=\"center\">\u274c (Prueba)<\/td>\n<td align=\"center\">\u2705<\/td>\n<td align=\"center\">\u2705<\/td>\n<td align=\"center\">\u2705<\/td>\n<td align=\"center\">\u2705<\/td>\n<td>De pago tras una prueba gratuita limitada<\/td>\n<\/tr>\n<tr>\n<td>LuckyCrush<\/td>\n<td align=\"center\">\u274c<\/td>\n<td align=\"center\">\u2705<\/td>\n<td align=\"center\">\u2705<\/td>\n<td align=\"center\">\u2705<\/td>\n<td align=\"center\">\u2705<\/td>\n<td>Siempre remunerado, adecuaci\u00f3n en funci\u00f3n del sexo<\/td>\n<\/tr>\n<\/tbody>\n<\/table>\n<p>StrangerCam destaca por ser una de las \u00fanicas plataformas que ofrecen chat por webcam aleatorio gratuito con filtros de g\u00e9nero que funcionan, sin necesidad de registrarse y con acceso ilimitado.<\/p>\n<h2>Por qu\u00e9 StrangerCam es el mejor sitio para chatear por webcam al azar<\/h2>\n<p>A continuaci\u00f3n te explicamos por qu\u00e9 StrangerCam es la mejor opci\u00f3n para chatear por webcam en 2025:<\/p>\n<h3>1. Completamente gratis<\/h3>\n<p>Chats ilimitados con desconocidos, sin cargos ocultos.<\/p>\n<h3>2. Filtro de g\u00e9nero gratuito<\/h3>\n<p>Selecciona chicos, chicas o ambos, sin muros de pago.<\/p>\n<h3>3. No es necesario inscribirse<\/h3>\n<p>Entra directamente en el chat con total anonimato.<\/p>\n<h3>4. Seguro y moderado<\/h3>\n<p>Las s\u00f3lidas herramientas de informaci\u00f3n y los sistemas de moderaci\u00f3n mantienen el espacio limpio y agradable.<\/p>\n<h3>5. Comunidad mundial<\/h3>\n<p>Extranjeros de m\u00e1s de 100 pa\u00edses en l\u00ednea 24 horas al d\u00eda, 7 d\u00edas a la semana.<\/p>\n<h3>6. Dise\u00f1o compatible con dispositivos m\u00f3viles<\/h3>\n<p>Optimizado para todos los dispositivos: chatea en cualquier momento y lugar.<\/p>\n<h2>Testimonios de usuarios reales<\/h2>\n<blockquote><p><em>\"El chat aleatorio por webcam es mi forma favorita de relajarme despu\u00e9s del trabajo. StrangerCam lo hace tan f\u00e1cil: sin registros, sin tonter\u00edas, solo chats gratis\".<\/em><br \/>\n- Michael, 29 a\u00f1os<\/p><\/blockquote>\n<blockquote><p><em>\"El filtro de g\u00e9nero funciona realmente gratis, lo cual es raro. He tenido conversaciones estupendas con chicas de todo el mundo\".<\/em><br \/>\n- Emma, 23 a\u00f1os<\/p><\/blockquote>\n<blockquote><p><em>\"Es muy divertido. En un momento estoy charlando con alguien de Italia y al siguiente con alguien de Canad\u00e1. Nunca sabes qu\u00e9 esperar\".<\/em><br \/>\n- David, 26 a\u00f1os<\/p><\/blockquote>\n<blockquote><p><em>\"Prob\u00e9 otros sitios, pero la mayor\u00eda me ped\u00edan que pagara. StrangerCam es el \u00fanico que cumpli\u00f3 su promesa de chat por webcam aleatorio gratis\".<\/em><br \/>\n- Sophia, 20 a\u00f1os<\/p><\/blockquote>\n<h2>Consejos de seguridad para el chat aleatorio por webcam<\/h2>\n<p>Aunque el chat por webcam es divertido, siempre debes mantenerte a salvo:<\/p>\n<ul>\n<li>No compartas datos personales como tu tel\u00e9fono, correo electr\u00f3nico o direcci\u00f3n.<\/li>\n<li>Omite o bloquea a cualquiera que te incomode.<\/li>\n<li>Nunca hagas clic en los enlaces que comparten desconocidos.<\/li>\n<li>Utiliza un fondo neutro para no revelar detalles privados.<\/li>\n<li>Respete las normas de edad: si es menor de 18 a\u00f1os, evite los sitios de chat para adultos.<\/li>\n<li>Utiliza las herramientas de la plataforma para denunciar o bloquear a los malos usuarios.<\/li>\n<\/ul>\n<h2>C\u00f3mo empezar - Paso a paso<\/h2>\n<p>Iniciar un chat por webcam al azar s\u00f3lo lleva unos segundos:<\/p>\n<ol>\n<li>Abre StrangerCam en tu navegador.<\/li>\n<li>Permitir el acceso a la c\u00e1mara web y al micr\u00f3fono.<\/li>\n<li>Seleccionar preferencias (como el filtro de g\u00e9nero).<\/li>\n<li>Haz clic en Iniciar chat para conectarte al instante.<\/li>\n<li>Haz clic en Siguiente cuando quieras para conocer a alguien nuevo.<\/li>\n<\/ol>\n<p>Eso es todo: r\u00e1pido, sencillo y completamente gratis.<\/p>\n<h2>Preguntas frecuentes<\/h2>\n<h3>\u00bfEs gratis el chat por webcam?<\/h3>\n<p>S\u00ed. StrangerCam ofrece chats ilimitados y gratuitos por webcam con desconocidos.<\/p>\n<h3>\u00bfTengo que inscribirme?<\/h3>\n<p>No. StrangerCam no requiere registro.<\/p>\n<h3>\u00bfLas personas son reales?<\/h3>\n<p>S\u00ed. El chat por webcam garantiza que est\u00e9s conectado con personas reales, no con bots.<\/p>\n<h3>\u00bfPuedo utilizarlo en mi tel\u00e9fono?<\/h3>\n<p>S\u00ed, StrangerCam es compatible con m\u00f3viles y funciona en todos los dispositivos.<\/p>\n<h3>\u00bfEs seguro?<\/h3>\n<p>S\u00ed, siempre que sigas los consejos de seguridad y utilices las herramientas de informaci\u00f3n de la plataforma.<\/p>\n<h2>Reflexiones finales - Prueba el chat por webcam aleatorio gratis hoy mismo<\/h2>\n<p>En 2025, el chat aleatorio por webcam sigue siendo una de las formas m\u00e1s interesantes de conocer gente nueva en Internet. Es gratis, espont\u00e1neo y te permite experimentar una aut\u00e9ntica interacci\u00f3n humana en tiempo real.<\/p>\n<p>Pero no todas las plataformas lo consiguen: muchas ocultan los filtros tras muros de pago o inundan sus chats de bots. Por eso StrangerCam es la mejor opci\u00f3n: es gratis, an\u00f3nima, segura y siempre est\u00e1 llena de gente dispuesta a conectar.<\/p>\n<p>\u00bfListo para probarlo? Inicia un chat por webcam aleatorio gratis hoy mismo y descubre a qui\u00e9n conocer\u00e1s despu\u00e9s.<\/p>","protected":false},"excerpt":{"rendered":"<p>Looking for the thrill of a random webcam chat? You\u2019re not alone. Since the early days of Omegle and Chatroulette, millions of people have discovered the fun of connecting face-to-face with strangers at the click of a button. Unlike social media or dating apps, where conversations feel planned or slow, random webcam chat is instant, [&hellip;]<\/p>\n","protected":false},"author":8,"featured_media":0,"parent":0,"menu_order":0,"comment_status":"closed","ping_status":"closed","template":"","meta":{"footnotes":""},"class_list":["post-3970","page","type-page","status-publish","hentry"],"yoast_head":"<!-- This site is optimized with the Yoast SEO plugin v26.9 - https:\/\/yoast.com\/product\/yoast-seo-wordpress\/ -->\n<title>Random Webcam Chat with Random Chat on Strangercam.com<\/title>\n<meta name=\"description\" content=\"Liking Random Webcam Chat? Join millions on StrangerCam.com! Start a random video chat, turn on your cam, and meet strangers instantly.\" \/>\n<meta name=\"robots\" content=\"index, follow, max-snippet:-1, max-image-preview:large, max-video-preview:-1\" \/>\n<link rel=\"canonical\" href=\"https:\/\/strangercam.com\/es\/chat-por-webcam-al-azar\/\" \/>\n<meta property=\"og:locale\" content=\"es_ES\" \/>\n<meta property=\"og:type\" content=\"article\" \/>\n<meta property=\"og:title\" content=\"Random Webcam Chat with Random Chat on Strangercam.com\" \/>\n<meta property=\"og:description\" content=\"Liking Random Webcam Chat? Join millions on StrangerCam.com! Start a random video chat, turn on your cam, and meet strangers instantly.\" \/>\n<meta property=\"og:url\" content=\"https:\/\/strangercam.com\/es\/chat-por-webcam-al-azar\/\" \/>\n<meta property=\"og:site_name\" content=\"Strangercam\" \/>\n<meta property=\"article:publisher\" content=\"https:\/\/www.facebook.com\/strangercam\" \/>\n<meta property=\"article:modified_time\" content=\"2025-09-03T11:32:00+00:00\" \/>\n<meta property=\"og:image\" content=\"https:\/\/strangercam.com\/wp-content\/uploads\/2021\/10\/Untitled-2.png\" \/>\n\t<meta property=\"og:image:width\" content=\"800\" \/>\n\t<meta property=\"og:image:height\" content=\"532\" \/>\n\t<meta property=\"og:image:type\" content=\"image\/png\" \/>\n<meta name=\"twitter:card\" content=\"summary_large_image\" \/>\n<meta name=\"twitter:site\" content=\"@strangercamapp\" \/>\n<meta name=\"twitter:label1\" content=\"Tiempo de lectura\" \/>\n\t<meta name=\"twitter:data1\" content=\"5 minutos\" \/>\n<script type=\"application\/ld+json\" class=\"yoast-schema-graph\">{\"@context\":\"https:\/\/schema.org\",\"@graph\":[{\"@type\":\"WebPage\",\"@id\":\"https:\/\/strangercam.com\/random-webcam-chat\/\",\"url\":\"https:\/\/strangercam.com\/random-webcam-chat\/\",\"name\":\"Random Webcam Chat with Random Chat on Strangercam.com\",\"isPartOf\":{\"@id\":\"https:\/\/strangercam.com\/#website\"},\"datePublished\":\"2025-08-28T15:31:39+00:00\",\"dateModified\":\"2025-09-03T11:32:00+00:00\",\"description\":\"Liking Random Webcam Chat? Join millions on StrangerCam.com! Start a random video chat, turn on your cam, and meet strangers instantly.\",\"breadcrumb\":{\"@id\":\"https:\/\/strangercam.com\/random-webcam-chat\/#breadcrumb\"},\"inLanguage\":\"es\",\"potentialAction\":[{\"@type\":\"ReadAction\",\"target\":[\"https:\/\/strangercam.com\/random-webcam-chat\/\"]}]},{\"@type\":\"BreadcrumbList\",\"@id\":\"https:\/\/strangercam.com\/random-webcam-chat\/#breadcrumb\",\"itemListElement\":[{\"@type\":\"ListItem\",\"position\":1,\"name\":\"Home\",\"item\":\"https:\/\/strangercam.com\/\"},{\"@type\":\"ListItem\",\"position\":2,\"name\":\"Random Webcam Chat\"}]},{\"@type\":\"WebSite\",\"@id\":\"https:\/\/strangercam.com\/#website\",\"url\":\"https:\/\/strangercam.com\/\",\"name\":\"Strangercam\",\"description\":\"Random Video Chat with Strangers\",\"publisher\":{\"@id\":\"https:\/\/strangercam.com\/#organization\"},\"alternateName\":\"Strangercam.com\",\"potentialAction\":[{\"@type\":\"SearchAction\",\"target\":{\"@type\":\"EntryPoint\",\"urlTemplate\":\"https:\/\/strangercam.com\/?s={search_term_string}\"},\"query-input\":{\"@type\":\"PropertyValueSpecification\",\"valueRequired\":true,\"valueName\":\"search_term_string\"}}],\"inLanguage\":\"es\"},{\"@type\":\"Organization\",\"@id\":\"https:\/\/strangercam.com\/#organization\",\"name\":\"Strangercam\",\"alternateName\":\"Strangercam.com\",\"url\":\"https:\/\/strangercam.com\/\",\"logo\":{\"@type\":\"ImageObject\",\"inLanguage\":\"es\",\"@id\":\"https:\/\/strangercam.com\/#\/schema\/logo\/image\/\",\"url\":\"https:\/\/strangercam.com\/wp-content\/uploads\/2020\/11\/cropped-new-favicon-black.png\",\"contentUrl\":\"https:\/\/strangercam.com\/wp-content\/uploads\/2020\/11\/cropped-new-favicon-black.png\",\"width\":512,\"height\":512,\"caption\":\"Strangercam\"},\"image\":{\"@id\":\"https:\/\/strangercam.com\/#\/schema\/logo\/image\/\"},\"sameAs\":[\"https:\/\/www.facebook.com\/strangercam\",\"https:\/\/x.com\/strangercamapp\"]}]}<\/script>\n<!-- \/ Yoast SEO plugin. -->","yoast_head_json":{"title":"Chat por webcam aleatorio con Random Chat en Strangercam.com","description":"\u00bfTe gusta el chat por webcam aleatorio? \u00a1Join millones en StrangerCam.com! Inicia un chat de v\u00eddeo aleatorio, enciende tu c\u00e1mara y conoce a desconocidos al instante.","robots":{"index":"index","follow":"follow","max-snippet":"max-snippet:-1","max-image-preview":"max-image-preview:large","max-video-preview":"max-video-preview:-1"},"canonical":"https:\/\/strangercam.com\/es\/chat-por-webcam-al-azar\/","og_locale":"es_ES","og_type":"article","og_title":"Random Webcam Chat with Random Chat on Strangercam.com","og_description":"Liking Random Webcam Chat? Join millions on StrangerCam.com! Start a random video chat, turn on your cam, and meet strangers instantly.","og_url":"https:\/\/strangercam.com\/es\/chat-por-webcam-al-azar\/","og_site_name":"Strangercam","article_publisher":"https:\/\/www.facebook.com\/strangercam","article_modified_time":"2025-09-03T11:32:00+00:00","og_image":[{"width":800,"height":532,"url":"https:\/\/strangercam.com\/wp-content\/uploads\/2021\/10\/Untitled-2.png","type":"image\/png"}],"twitter_card":"summary_large_image","twitter_site":"@strangercamapp","twitter_misc":{"Tiempo de lectura":"5 minutos"},"schema":{"@context":"https:\/\/schema.org","@graph":[{"@type":"WebPage","@id":"https:\/\/strangercam.com\/random-webcam-chat\/","url":"https:\/\/strangercam.com\/random-webcam-chat\/","name":"Chat por webcam aleatorio con Random Chat en Strangercam.com","isPartOf":{"@id":"https:\/\/strangercam.com\/#website"},"datePublished":"2025-08-28T15:31:39+00:00","dateModified":"2025-09-03T11:32:00+00:00","description":"\u00bfTe gusta el chat por webcam aleatorio? \u00a1Join millones en StrangerCam.com! Inicia un chat de v\u00eddeo aleatorio, enciende tu c\u00e1mara y conoce a desconocidos al instante.","breadcrumb":{"@id":"https:\/\/strangercam.com\/random-webcam-chat\/#breadcrumb"},"inLanguage":"es","potentialAction":[{"@type":"ReadAction","target":["https:\/\/strangercam.com\/random-webcam-chat\/"]}]},{"@type":"BreadcrumbList","@id":"https:\/\/strangercam.com\/random-webcam-chat\/#breadcrumb","itemListElement":[{"@type":"ListItem","position":1,"name":"Home","item":"https:\/\/strangercam.com\/"},{"@type":"ListItem","position":2,"name":"Random Webcam Chat"}]},{"@type":"WebSite","@id":"https:\/\/strangercam.com\/#website","url":"https:\/\/strangercam.com\/","name":"Strangercam","description":"Videochat aleatorio con desconocidos","publisher":{"@id":"https:\/\/strangercam.com\/#organization"},"alternateName":"Strangercam.com","potentialAction":[{"@type":"SearchAction","target":{"@type":"EntryPoint","urlTemplate":"https:\/\/strangercam.com\/?s={search_term_string}"},"query-input":{"@type":"PropertyValueSpecification","valueRequired":true,"valueName":"search_term_string"}}],"inLanguage":"es"},{"@type":"Organization","@id":"https:\/\/strangercam.com\/#organization","name":"Strangercam","alternateName":"Strangercam.com","url":"https:\/\/strangercam.com\/","logo":{"@type":"ImageObject","inLanguage":"es","@id":"https:\/\/strangercam.com\/#\/schema\/logo\/image\/","url":"https:\/\/strangercam.com\/wp-content\/uploads\/2020\/11\/cropped-new-favicon-black.png","contentUrl":"https:\/\/strangercam.com\/wp-content\/uploads\/2020\/11\/cropped-new-favicon-black.png","width":512,"height":512,"caption":"Strangercam"},"image":{"@id":"https:\/\/strangercam.com\/#\/schema\/logo\/image\/"},"sameAs":["https:\/\/www.facebook.com\/strangercam","https:\/\/x.com\/strangercamapp"]}]}},"_links":{"self":[{"href":"https:\/\/strangercam.com\/es\/wp-json\/wp\/v2\/pages\/3970","targetHints":{"allow":["GET"]}}],"collection":[{"href":"https:\/\/strangercam.com\/es\/wp-json\/wp\/v2\/pages"}],"about":[{"href":"https:\/\/strangercam.com\/es\/wp-json\/wp\/v2\/types\/page"}],"author":[{"embeddable":true,"href":"https:\/\/strangercam.com\/es\/wp-json\/wp\/v2\/users\/8"}],"replies":[{"embeddable":true,"href":"https:\/\/strangercam.com\/es\/wp-json\/wp\/v2\/comments?post=3970"}],"version-history":[{"count":2,"href":"https:\/\/strangercam.com\/es\/wp-json\/wp\/v2\/pages\/3970\/revisions"}],"predecessor-version":[{"id":12980,"href":"https:\/\/strangercam.com\/es\/wp-json\/wp\/v2\/pages\/3970\/revisions\/12980"}],"wp:attachment":[{"href":"https:\/\/strangercam.com\/es\/wp-json\/wp\/v2\/media?parent=3970"}],"curies":[{"name":"wp","href":"https:\/\/api.w.org\/{rel}","templated":true}]}}