{"id":3953,"date":"2025-08-28T17:28:59","date_gmt":"2025-08-28T15:28:59","guid":{"rendered":"https:\/\/strangercam.com\/?page_id=3953"},"modified":"2025-09-03T13:31:49","modified_gmt":"2025-09-03T11:31:49","slug":"video-chat-online-random","status":"publish","type":"page","link":"https:\/\/strangercam.com\/es\/random-video-chat-online\/","title":{"rendered":"Videochat aleatorio en l\u00ednea"},"content":{"rendered":"<p>Busca la mejor forma de disfrutar de v\u00eddeos aleatorios <a href=\"https:\/\/strangercam.com\/es\/chathub\/\">chat<\/a> \u00bfen l\u00ednea? No es el \u00fanico. Desde los tiempos de <a href=\"https:\/\/strangercam.com\/es\/omegle\/\">Omegle<\/a> y <a href=\"https:\/\/strangercam.com\/es\/chatroulette\/\">Chatroulette<\/a>, millones de personas de todo el mundo se han sentido atra\u00eddas por la emoci\u00f3n de conectar cara a cara con desconocidos. A diferencia de las aplicaciones de citas o las redes sociales, que pueden parecer escenificadas o lentas, el videochat aleatorio en l\u00ednea es r\u00e1pido, real y espont\u00e1neo.<\/p>\n<p>En 2025, plataformas como StrangerCam hacen que sea m\u00e1s f\u00e1cil que nunca empezar un videochat aleatorio gratis en l\u00ednea, sin descargas, sin registros y sin costes ocultos. Tanto si est\u00e1s aqu\u00ed para hacer nuevos amigos, ligar, practicar idiomas o simplemente matar el tiempo, esta gu\u00eda te mostrar\u00e1 todo lo que necesitas saber: c\u00f3mo funciona, por qu\u00e9 a la gente le encanta, las caracter\u00edsticas que m\u00e1s importan, consejos de seguridad, comparaciones de las principales plataformas y por qu\u00e9 StrangerCam es una de las mejores opciones hoy en d\u00eda.<\/p>\n<h2>\u00bfQu\u00e9 es el chat de v\u00eddeo aleatorio en l\u00ednea?<\/h2>\n<p>El chat de v\u00eddeo aleatorio en l\u00ednea es una experiencia de chat de v\u00eddeo en directo uno a uno en la que te conectas instant\u00e1neamente con un desconocido utilizando tu c\u00e1mara web y tu micr\u00f3fono. El aspecto \"aleatorio\" significa que nunca sabes con qui\u00e9n te vas a encontrar hasta que empieza el chat: puede ser alguien cercano o alguien del otro lado del mundo.<\/p>\n<p>El formato es sencillo: pulsa \"Empezar\" y en cuesti\u00f3n de segundos estar\u00e1s cara a cara con alguien nuevo. \u00bfNo te gusta la conversaci\u00f3n? Haz clic en \"Siguiente\" para emparejarte con otra persona al instante. Cada chat es \u00fanico: divertido, sorprendente y siempre imprevisible.<\/p>\n<h2>Por qu\u00e9 a la gente le encanta el videochat aleatorio gratis en l\u00ednea<\/h2>\n<p>Hay una raz\u00f3n por la que millones de personas buscan videochats aleatorios gratuitos en l\u00ednea cada mes. Esto es lo que lo hace tan atractivo:<\/p>\n<ul>\n<li>Espontaneidad: cada charla es una sorpresa, lo que crea emoci\u00f3n y curiosidad.<\/li>\n<li>Autenticidad: A diferencia del chat de texto, el v\u00eddeo garantiza que la persona es real. Sin bots ni falsificaciones.<\/li>\n<li>Alcance mundial: Conoce a gente de decenas de pa\u00edses, 24 horas al d\u00eda, 7 d\u00edas a la semana.<\/li>\n<li>Sin inscripciones ni compromisos: Muchas plataformas no requieren m\u00e1s que un clic.<\/li>\n<li>Amistad y diversi\u00f3n: Algunos lo utilizan para hacer amigos, otros para ligar o divertirse.<\/li>\n<li>Escape r\u00e1pido del aburrimiento: Las charlas aleatorias son la forma perfecta de romper la rutina.<\/li>\n<\/ul>\n<h2>\u00bfC\u00f3mo funciona el videochat aleatorio en l\u00ednea?<\/h2>\n<p>Empezar es sencillo y r\u00e1pido:<\/p>\n<ol>\n<li>Abre una plataforma como StrangerCam en tu navegador o en tu tel\u00e9fono.<\/li>\n<li>Permitir el acceso a la c\u00e1mara y al micr\u00f3fono.<\/li>\n<li>Haz clic en \"Iniciar chat\" para conectar con un desconocido al instante.<\/li>\n<li>Chatea en directo por v\u00eddeo.<\/li>\n<li>Haz clic en \"Siguiente\" en cualquier momento para seguir adelante y conocer a alguien nuevo.<\/li>\n<\/ol>\n<p>Algunas plataformas tambi\u00e9n incluyen extras como filtros de g\u00e9nero, selecci\u00f3n de pa\u00eds e incluso traducci\u00f3n autom\u00e1tica para chats internacionales.<\/p>\n<h2>Caracter\u00edsticas principales<\/h2>\n<p>No todas las plataformas que ofrecen videochat aleatorio en l\u00ednea son iguales. Esto es lo que debes buscar:<\/p>\n<h3>1. Acceso libre sin l\u00edmites<\/h3>\n<p>Tenga cuidado con las plataformas que dicen ser gratuitas pero luego bloquean funciones tras muros de pago.<\/p>\n<h3>2. No es necesario inscribirse<\/h3>\n<p>Los mejores sitios no requieren una cuenta ni informaci\u00f3n personal.<\/p>\n<h3>3. Filtros de g\u00e9nero y ubicaci\u00f3n<\/h3>\n<p>Te ayudan a conectar con el tipo de personas que te interesan.<\/p>\n<h3>4. Moderaci\u00f3n y seguridad<\/h3>\n<p>Las herramientas de denuncia y los sistemas de moderaci\u00f3n garantizan la seguridad de la comunidad.<\/p>\n<h3>5. Experiencia m\u00f3vil<\/h3>\n<p>Deber\u00edas poder disfrutar de chats de v\u00eddeo f\u00e1cilmente tanto desde el escritorio como desde el m\u00f3vil.<\/p>\n<h3>6. V\u00eddeo y audio de alta calidad<\/h3>\n<p>Una conexi\u00f3n fluida hace que las conversaciones sean m\u00e1s naturales y agradables.<\/p>\n<h2>Las mejores plataformas para videochat aleatorio en l\u00ednea en 2025<\/h2>\n<p>He aqu\u00ed una comparaci\u00f3n de las plataformas m\u00e1s populares para videochat aleatorio en l\u00ednea:<\/p>\n<table>\n<thead>\n<tr>\n<th>Plataforma<\/th>\n<th align=\"center\">Acceso gratuito<\/th>\n<th align=\"center\">Filtro de g\u00e9nero<\/th>\n<th align=\"center\">Se necesita inscripci\u00f3n<\/th>\n<th align=\"center\">Asistencia m\u00f3vil<\/th>\n<th align=\"center\">Moderaci\u00f3n<\/th>\n<th>Notas<\/th>\n<\/tr>\n<\/thead>\n<tbody>\n<tr>\n<td>StrangerCam<\/td>\n<td align=\"center\">\u2705<\/td>\n<td align=\"center\">\u2705 (Gratis)<\/td>\n<td align=\"center\">\u274c<\/td>\n<td align=\"center\">\u2705<\/td>\n<td align=\"center\">\u2705<\/td>\n<td>La mejor opci\u00f3n general, realmente gratis<\/td>\n<\/tr>\n<tr>\n<td>Chatroulette<\/td>\n<td align=\"center\">\u2705<\/td>\n<td align=\"center\">\u274c (de pago)<\/td>\n<td align=\"center\">\u274c<\/td>\n<td align=\"center\">\u2705<\/td>\n<td align=\"center\">\u2705<\/td>\n<td>Cl\u00e1sico, pero los filtros de g\u00e9nero cuestan<\/td>\n<\/tr>\n<tr>\n<td>Chatrandom<\/td>\n<td align=\"center\">\u2705<\/td>\n<td align=\"center\">\u274c (de pago)<\/td>\n<td align=\"center\">\u274c<\/td>\n<td align=\"center\">\u2705<\/td>\n<td align=\"center\">\u2705<\/td>\n<td>Popular, pero las mejoras se imponen<\/td>\n<\/tr>\n<tr>\n<td><a href=\"https:\/\/strangercam.com\/es\/ometv\/\">OmeTV<\/a><\/td>\n<td align=\"center\">\u2705<\/td>\n<td align=\"center\">\u274c<\/td>\n<td align=\"center\">\u274c<\/td>\n<td align=\"center\">\u2705<\/td>\n<td align=\"center\">\u2705<\/td>\n<td>Aplicaci\u00f3n m\u00f3vil, s\u00f3lo aleatoria<\/td>\n<\/tr>\n<tr>\n<td>Shagle<\/td>\n<td align=\"center\">\u2705<\/td>\n<td align=\"center\">\u274c (de pago)<\/td>\n<td align=\"center\">\u274c<\/td>\n<td align=\"center\">\u2705<\/td>\n<td align=\"center\">\u2705<\/td>\n<td>Se requieren actualizaciones premium para los filtros<\/td>\n<\/tr>\n<tr>\n<td><a href=\"https:\/\/strangercam.com\/es\/coomeet\/\">CooMeet<\/a><\/td>\n<td align=\"center\">\u274c (Prueba)<\/td>\n<td align=\"center\">\u2705<\/td>\n<td align=\"center\">\u2705<\/td>\n<td align=\"center\">\u2705<\/td>\n<td align=\"center\">\u2705<\/td>\n<td>De pago tras una prueba gratuita limitada<\/td>\n<\/tr>\n<tr>\n<td>LuckyCrush<\/td>\n<td align=\"center\">\u274c<\/td>\n<td align=\"center\">\u2705<\/td>\n<td align=\"center\">\u2705<\/td>\n<td align=\"center\">\u2705<\/td>\n<td align=\"center\">\u2705<\/td>\n<td>Siempre de pago, chat espec\u00edfico para cada sexo<\/td>\n<\/tr>\n<\/tbody>\n<\/table>\n<p>Entre ellas, StrangerCam es una de las \u00fanicas plataformas que ofrece videochat en l\u00ednea ilimitado y gratuito con filtro de g\u00e9nero y sin necesidad de registrarse.<\/p>\n<h2>Por qu\u00e9 StrangerCam es el mejor lugar para videochat aleatorio en l\u00ednea<\/h2>\n<p>He aqu\u00ed por qu\u00e9 StrangerCam destaca en 2025 para las personas que buscan un videochat aleatorio en l\u00ednea:<\/p>\n<h3>1. Completamente gratis<\/h3>\n<p>Chats ilimitados, sin costes ocultos ni cr\u00e9ditos.<\/p>\n<h3>2. Filtro de g\u00e9nero gratuito<\/h3>\n<p>Elige a qui\u00e9n quieres conocer -chicos, chicas o ambos- sin pagar.<\/p>\n<h3>3. Sin inscripci\u00f3n ni registro<\/h3>\n<p>Permanezca en el anonimato y chatee al instante.<\/p>\n<h3>4. Seguro y moderado<\/h3>\n<p>Unas s\u00f3lidas herramientas de moderaci\u00f3n y denuncia protegen a la comunidad.<\/p>\n<h3>5. Base mundial de usuarios<\/h3>\n<p>Conoce a gente de m\u00e1s de 100 pa\u00edses, en cualquier momento.<\/p>\n<h3>6. Funciona en todas partes<\/h3>\n<p>Optimizado para ordenadores de sobremesa, tabletas y m\u00f3viles.<\/p>\n<h2>Testimonios de usuarios reales<\/h2>\n<blockquote><p><em>\"Buscaba una forma de hacer videochat online al azar sin quedarme atrapado en los paywalls. StrangerCam era el \u00fanico sitio que realmente lo manten\u00eda gratis\".<\/em><br \/>\n- Chris, 25 a\u00f1os<\/p><\/blockquote>\n<blockquote><p><em>\"He conocido a gente de Europa, Asia y Estados Unidos en una sola noche. Es la mejor manera de conectar con desconocidos al instante\".<\/em><br \/>\n- Maya, 21 a\u00f1os<\/p><\/blockquote>\n<blockquote><p><em>\"El filtro de g\u00e9nero es gratuito y funciona perfectamente. La mayor\u00eda de los sitios intentan cobrar por ello\".<\/em><br \/>\n- Daniel, 28 a\u00f1os<\/p><\/blockquote>\n<blockquote><p><em>\"Sencillo, seguro y divertido. StrangerCam es mi recurso siempre que quiero conocer extra\u00f1os online\".<\/em><br \/>\n- Sophia, 23 a\u00f1os<\/p><\/blockquote>\n<h2>Consejos de seguridad para videoconferencias aleatorias en l\u00ednea<\/h2>\n<p>Aunque chatear por v\u00eddeo es divertido, la seguridad debe ser siempre lo primero:<\/p>\n<ul>\n<li>No compartas informaci\u00f3n personal como tu n\u00famero de tel\u00e9fono, direcci\u00f3n o correo electr\u00f3nico.<\/li>\n<li>Utilice el bot\u00f3n \"Siguiente\" si se siente inc\u00f3modo.<\/li>\n<li>Evite hacer clic en los enlaces que env\u00edan los desconocidos.<\/li>\n<li>Comprueba tus antecedentes para asegurarte de que no revelas datos privados.<\/li>\n<li>Lim\u00edtate a las herramientas de la plataforma (bloquear\/denunciar a los malos usuarios).<\/li>\n<li>Respeta las normas de edad: si tienes menos de 18 a\u00f1os, evita las plataformas de videochat para adultos.<\/li>\n<\/ul>\n<h2>C\u00f3mo empezar - Paso a paso<\/h2>\n<p>Joiomar un videochat aleatorio en l\u00ednea lleva menos de un minuto:<\/p>\n<ol>\n<li>Abre StrangerCam en tu navegador o en tu tel\u00e9fono.<\/li>\n<li>Permitir el acceso a la c\u00e1mara web y al micr\u00f3fono.<\/li>\n<li>Seleccione las preferencias (como el filtro de g\u00e9nero si lo desea).<\/li>\n<li>Haz clic en Iniciar chat para conectarte al instante.<\/li>\n<li>Chatea cara a cara y haz clic en Siguiente en cualquier momento.<\/li>\n<\/ol>\n<p>R\u00e1pido, sencillo y gratuito.<\/p>\n<h2>Preguntas frecuentes<\/h2>\n<h3>\u00bfEs realmente gratis el videochat aleatorio en l\u00ednea?<\/h3>\n<p>S\u00ed. StrangerCam ofrece chats gratuitos ilimitados sin cargos ocultos.<\/p>\n<h3>\u00bfTengo que inscribirme?<\/h3>\n<p>No. StrangerCam no requiere cuenta ni inicio de sesi\u00f3n.<\/p>\n<h3>\u00bfLas personas son reales?<\/h3>\n<p>S\u00ed. El v\u00eddeo en directo garantiza que est\u00e1s hablando con personas reales, no con bots.<\/p>\n<h3>\u00bfPuedo utilizarlo en el m\u00f3vil?<\/h3>\n<p>S\u00ed, StrangerCam es totalmente compatible con dispositivos m\u00f3viles.<\/p>\n<h3>\u00bfEs seguro?<\/h3>\n<p>S\u00ed, siempre que sigas los consejos de seguridad y utilices las herramientas de denuncia de StrangerCam.<\/p>\n<h2>Reflexiones finales - Pruebe el chat de v\u00eddeo aleatorio gratuito en l\u00ednea hoy mismo<\/h2>\n<p>En 2025, el videochat aleatorio en l\u00ednea es una de las formas m\u00e1s emocionantes y aut\u00e9nticas de conocer gente nueva. Es espont\u00e1neo, gratuito y te conecta al instante con personas reales de todo el mundo.<\/p>\n<p>No todas las plataformas cumplen lo que prometen: muchas ocultan funciones tras muros de pago o tienen demasiados bots. Por eso StrangerCam es la mejor opci\u00f3n: es gratuita, an\u00f3nima, moderada y est\u00e1 repleta de usuarios de todo el mundo dispuestos a conocerte 24\/7.<\/p>\n<p>\u00bfListo para probarlo? Inicia ahora un videochat aleatorio gratuito en l\u00ednea y descubre a qui\u00e9n conocer\u00e1s despu\u00e9s.<\/p>","protected":false},"excerpt":{"rendered":"<p>Looking for the best way to enjoy random video chat online? You\u2019re not alone. Since the days of Omegle and Chatroulette, millions of people around the world have been drawn to the excitement of connecting face-to-face with strangers. Unlike dating apps or social media, which can feel staged or slow, random video chat online is [&hellip;]<\/p>\n","protected":false},"author":8,"featured_media":0,"parent":0,"menu_order":0,"comment_status":"closed","ping_status":"closed","template":"","meta":{"footnotes":""},"class_list":["post-3953","page","type-page","status-publish","hentry"],"yoast_head":"<!-- This site is optimized with the Yoast SEO plugin v27.4 - https:\/\/yoast.com\/product\/yoast-seo-wordpress\/ -->\n<title>Random Video Chat Online on Strangercam.com<\/title>\n<meta name=\"description\" content=\"Liking Random Video Chat Online? Join millions on StrangerCam.com! Start a random video chat, turn on your cam, and meet strangers instantly.\" \/>\n<meta name=\"robots\" content=\"index, follow, max-snippet:-1, max-image-preview:large, max-video-preview:-1\" \/>\n<link rel=\"canonical\" href=\"https:\/\/strangercam.com\/es\/video-chat-online-random\/\" \/>\n<meta property=\"og:locale\" content=\"es_ES\" \/>\n<meta property=\"og:type\" content=\"article\" \/>\n<meta property=\"og:title\" content=\"Random Video Chat Online on Strangercam.com\" \/>\n<meta property=\"og:description\" content=\"Liking Random Video Chat Online? Join millions on StrangerCam.com! Start a random video chat, turn on your cam, and meet strangers instantly.\" \/>\n<meta property=\"og:url\" content=\"https:\/\/strangercam.com\/es\/video-chat-online-random\/\" \/>\n<meta property=\"og:site_name\" content=\"Strangercam\" \/>\n<meta property=\"article:publisher\" content=\"https:\/\/www.facebook.com\/strangercam\" \/>\n<meta property=\"article:modified_time\" content=\"2025-09-03T11:31:49+00:00\" \/>\n<meta property=\"og:image\" content=\"https:\/\/strangercam.com\/wp-content\/uploads\/2021\/10\/Untitled-2.png\" \/>\n\t<meta property=\"og:image:width\" content=\"800\" \/>\n\t<meta property=\"og:image:height\" content=\"532\" \/>\n\t<meta property=\"og:image:type\" content=\"image\/png\" \/>\n<meta name=\"twitter:card\" content=\"summary_large_image\" \/>\n<meta name=\"twitter:site\" content=\"@strangercamapp\" \/>\n<meta name=\"twitter:label1\" content=\"Tiempo de lectura\" \/>\n\t<meta name=\"twitter:data1\" content=\"5 minutos\" \/>\n<script type=\"application\/ld+json\" class=\"yoast-schema-graph\">{\"@context\":\"https:\\\/\\\/schema.org\",\"@graph\":[{\"@type\":\"WebPage\",\"@id\":\"https:\\\/\\\/strangercam.com\\\/random-video-chat-online\\\/\",\"url\":\"https:\\\/\\\/strangercam.com\\\/random-video-chat-online\\\/\",\"name\":\"Random Video Chat Online on Strangercam.com\",\"isPartOf\":{\"@id\":\"https:\\\/\\\/strangercam.com\\\/#website\"},\"datePublished\":\"2025-08-28T15:28:59+00:00\",\"dateModified\":\"2025-09-03T11:31:49+00:00\",\"description\":\"Liking Random Video Chat Online? Join millions on StrangerCam.com! Start a random video chat, turn on your cam, and meet strangers instantly.\",\"breadcrumb\":{\"@id\":\"https:\\\/\\\/strangercam.com\\\/random-video-chat-online\\\/#breadcrumb\"},\"inLanguage\":\"es\",\"potentialAction\":[{\"@type\":\"ReadAction\",\"target\":[\"https:\\\/\\\/strangercam.com\\\/random-video-chat-online\\\/\"]}]},{\"@type\":\"BreadcrumbList\",\"@id\":\"https:\\\/\\\/strangercam.com\\\/random-video-chat-online\\\/#breadcrumb\",\"itemListElement\":[{\"@type\":\"ListItem\",\"position\":1,\"name\":\"Home\",\"item\":\"https:\\\/\\\/strangercam.com\\\/\"},{\"@type\":\"ListItem\",\"position\":2,\"name\":\"Random Video Chat Online\"}]},{\"@type\":\"WebSite\",\"@id\":\"https:\\\/\\\/strangercam.com\\\/#website\",\"url\":\"https:\\\/\\\/strangercam.com\\\/\",\"name\":\"Strangercam\",\"description\":\"Random Video Chat with Strangers\",\"publisher\":{\"@id\":\"https:\\\/\\\/strangercam.com\\\/#organization\"},\"alternateName\":\"Strangercam.com\",\"potentialAction\":[{\"@type\":\"SearchAction\",\"target\":{\"@type\":\"EntryPoint\",\"urlTemplate\":\"https:\\\/\\\/strangercam.com\\\/?s={search_term_string}\"},\"query-input\":{\"@type\":\"PropertyValueSpecification\",\"valueRequired\":true,\"valueName\":\"search_term_string\"}}],\"inLanguage\":\"es\"},{\"@type\":\"Organization\",\"@id\":\"https:\\\/\\\/strangercam.com\\\/#organization\",\"name\":\"Strangercam\",\"alternateName\":\"Strangercam.com\",\"url\":\"https:\\\/\\\/strangercam.com\\\/\",\"logo\":{\"@type\":\"ImageObject\",\"inLanguage\":\"es\",\"@id\":\"https:\\\/\\\/strangercam.com\\\/#\\\/schema\\\/logo\\\/image\\\/\",\"url\":\"https:\\\/\\\/strangercam.com\\\/wp-content\\\/uploads\\\/2020\\\/11\\\/cropped-new-favicon-black.png\",\"contentUrl\":\"https:\\\/\\\/strangercam.com\\\/wp-content\\\/uploads\\\/2020\\\/11\\\/cropped-new-favicon-black.png\",\"width\":512,\"height\":512,\"caption\":\"Strangercam\"},\"image\":{\"@id\":\"https:\\\/\\\/strangercam.com\\\/#\\\/schema\\\/logo\\\/image\\\/\"},\"sameAs\":[\"https:\\\/\\\/www.facebook.com\\\/strangercam\",\"https:\\\/\\\/x.com\\\/strangercamapp\"]}]}<\/script>\n<!-- \/ Yoast SEO plugin. -->","yoast_head_json":{"title":"Video Chat Aleatorio Online en Strangercam.com","description":"\u00bfTe gusta el Video Chat Aleatorio Online? \u00a1Join millones en StrangerCam.com! Inicia un videochat aleatorio, enciende tu c\u00e1mara y conoce a desconocidos al instante.","robots":{"index":"index","follow":"follow","max-snippet":"max-snippet:-1","max-image-preview":"max-image-preview:large","max-video-preview":"max-video-preview:-1"},"canonical":"https:\/\/strangercam.com\/es\/video-chat-online-random\/","og_locale":"es_ES","og_type":"article","og_title":"Random Video Chat Online on Strangercam.com","og_description":"Liking Random Video Chat Online? Join millions on StrangerCam.com! Start a random video chat, turn on your cam, and meet strangers instantly.","og_url":"https:\/\/strangercam.com\/es\/video-chat-online-random\/","og_site_name":"Strangercam","article_publisher":"https:\/\/www.facebook.com\/strangercam","article_modified_time":"2025-09-03T11:31:49+00:00","og_image":[{"width":800,"height":532,"url":"https:\/\/strangercam.com\/wp-content\/uploads\/2021\/10\/Untitled-2.png","type":"image\/png"}],"twitter_card":"summary_large_image","twitter_site":"@strangercamapp","twitter_misc":{"Tiempo de lectura":"5 minutos"},"schema":{"@context":"https:\/\/schema.org","@graph":[{"@type":"WebPage","@id":"https:\/\/strangercam.com\/random-video-chat-online\/","url":"https:\/\/strangercam.com\/random-video-chat-online\/","name":"Video Chat Aleatorio Online en Strangercam.com","isPartOf":{"@id":"https:\/\/strangercam.com\/#website"},"datePublished":"2025-08-28T15:28:59+00:00","dateModified":"2025-09-03T11:31:49+00:00","description":"\u00bfTe gusta el Video Chat Aleatorio Online? \u00a1Join millones en StrangerCam.com! Inicia un videochat aleatorio, enciende tu c\u00e1mara y conoce a desconocidos al instante.","breadcrumb":{"@id":"https:\/\/strangercam.com\/random-video-chat-online\/#breadcrumb"},"inLanguage":"es","potentialAction":[{"@type":"ReadAction","target":["https:\/\/strangercam.com\/random-video-chat-online\/"]}]},{"@type":"BreadcrumbList","@id":"https:\/\/strangercam.com\/random-video-chat-online\/#breadcrumb","itemListElement":[{"@type":"ListItem","position":1,"name":"Home","item":"https:\/\/strangercam.com\/"},{"@type":"ListItem","position":2,"name":"Random Video Chat Online"}]},{"@type":"WebSite","@id":"https:\/\/strangercam.com\/#website","url":"https:\/\/strangercam.com\/","name":"Strangercam","description":"Videochat aleatorio con desconocidos","publisher":{"@id":"https:\/\/strangercam.com\/#organization"},"alternateName":"Strangercam.com","potentialAction":[{"@type":"SearchAction","target":{"@type":"EntryPoint","urlTemplate":"https:\/\/strangercam.com\/?s={search_term_string}"},"query-input":{"@type":"PropertyValueSpecification","valueRequired":true,"valueName":"search_term_string"}}],"inLanguage":"es"},{"@type":"Organization","@id":"https:\/\/strangercam.com\/#organization","name":"Strangercam","alternateName":"Strangercam.com","url":"https:\/\/strangercam.com\/","logo":{"@type":"ImageObject","inLanguage":"es","@id":"https:\/\/strangercam.com\/#\/schema\/logo\/image\/","url":"https:\/\/strangercam.com\/wp-content\/uploads\/2020\/11\/cropped-new-favicon-black.png","contentUrl":"https:\/\/strangercam.com\/wp-content\/uploads\/2020\/11\/cropped-new-favicon-black.png","width":512,"height":512,"caption":"Strangercam"},"image":{"@id":"https:\/\/strangercam.com\/#\/schema\/logo\/image\/"},"sameAs":["https:\/\/www.facebook.com\/strangercam","https:\/\/x.com\/strangercamapp"]}]}},"_links":{"self":[{"href":"https:\/\/strangercam.com\/es\/wp-json\/wp\/v2\/pages\/3953","targetHints":{"allow":["GET"]}}],"collection":[{"href":"https:\/\/strangercam.com\/es\/wp-json\/wp\/v2\/pages"}],"about":[{"href":"https:\/\/strangercam.com\/es\/wp-json\/wp\/v2\/types\/page"}],"author":[{"embeddable":true,"href":"https:\/\/strangercam.com\/es\/wp-json\/wp\/v2\/users\/8"}],"replies":[{"embeddable":true,"href":"https:\/\/strangercam.com\/es\/wp-json\/wp\/v2\/comments?post=3953"}],"version-history":[{"count":2,"href":"https:\/\/strangercam.com\/es\/wp-json\/wp\/v2\/pages\/3953\/revisions"}],"predecessor-version":[{"id":12979,"href":"https:\/\/strangercam.com\/es\/wp-json\/wp\/v2\/pages\/3953\/revisions\/12979"}],"wp:attachment":[{"href":"https:\/\/strangercam.com\/es\/wp-json\/wp\/v2\/media?parent=3953"}],"curies":[{"name":"wp","href":"https:\/\/api.w.org\/{rel}","templated":true}]}}