{"id":3935,"date":"2025-08-28T17:19:09","date_gmt":"2025-08-28T15:19:09","guid":{"rendered":"https:\/\/strangercam.com\/?page_id=3935"},"modified":"2025-09-03T13:31:40","modified_gmt":"2025-09-03T11:31:40","slug":"chat-aleatorio-gratis","status":"publish","type":"page","link":"https:\/\/strangercam.com\/es\/free-random-chat\/","title":{"rendered":"Chat aleatorio gratuito"},"content":{"rendered":"<p>\u00bfBusca la mejor manera de disfrutar de un sorteo gratuito? <a href=\"https:\/\/strangercam.com\/es\/chathub\/\">chat<\/a>? No est\u00e1 solo. Millones de personas en todo el mundo buscan plataformas de chat aleatorio cada mes, con la esperanza de conectar instant\u00e1neamente con gente nueva, ya sea por diversi\u00f3n, amistad, intercambio cultural o flirteo casual. A diferencia de las redes sociales o las aplicaciones de citas, que a menudo exigen pasar el dedo sin parar o enviar mensajes lentamente, el chat aleatorio gratuito se basa en conversaciones instant\u00e1neas cara a cara con desconocidos.<\/p>\n<p>En 2025, plataformas como StrangerCam facilitan el inicio de un chat aleatorio gratuito, sin registros, descargas ni cargos ocultos. Solo tienes que pulsar un bot\u00f3n y empezar a chatear con alguien nuevo desde cualquier parte del mundo.<\/p>\n<p>Esta gu\u00eda cubre todo lo que necesitas saber: qu\u00e9 es el chat aleatorio gratuito, por qu\u00e9 es tan popular, c\u00f3mo funciona, las caracter\u00edsticas que debes buscar, comparaciones de plataformas, consejos de seguridad y por qu\u00e9 StrangerCam es una de las mejores opciones hoy en d\u00eda.<\/p>\n<h2>\u00bfQu\u00e9 es el chat aleatorio gratuito?<\/h2>\n<p>El chat aleatorio gratuito es un servicio en l\u00ednea que te empareja instant\u00e1neamente con desconocidos para mantener conversaciones en directo, ya sea mediante texto, v\u00eddeo o ambos. A diferencia de las salas de chat tradicionales, las plataformas de chat aleatorio funcionan en tiempo real y no requieren perfiles ni registros.<\/p>\n<p>S\u00f3lo tienes que conectarte (o, en la mayor\u00eda de los casos, ni siquiera hacerlo), pulsar \u201cEmpezar\u201d e inmediatamente estar\u00e1s conectado con una persona al azar. Si no te gusta la conversaci\u00f3n, solo tienes que pulsar \u201cSiguiente\u201d para <a href=\"https:\/\/strangercam.com\/es\/coomeet\/\">conozca<\/a> alguien nuevo. La experiencia es espont\u00e1nea, divertida y completamente imprevisible.<\/p>\n<h2>Por qu\u00e9 la gente adora el chat aleatorio gratuito<\/h2>\n<p>La popularidad del chat aleatorio gratuito se ha disparado en la \u00faltima d\u00e9cada, y he aqu\u00ed por qu\u00e9:<\/p>\n<ul>\n<li>Diversi\u00f3n al instante: Conoce gente nueva en segundos.<\/li>\n<li>Espontaneidad: Cada charla es diferente, a veces divertida, a veces coqueta, a veces profunda.<\/li>\n<li>Sin perfiles falsos: El videochat demuestra que la persona es real.<\/li>\n<li>Sin compromiso: No es necesario registrarse ni introducir datos personales.<\/li>\n<li>Conexiones globales: Chatea con desconocidos de todo el mundo.<\/li>\n<li>Vencer el aburrimiento: Una forma divertida de pasar el tiempo y establecer contactos inesperados.<\/li>\n<\/ul>\n<h2>\u00bfC\u00f3mo funciona el chat aleatorio gratuito?<\/h2>\n<p>Joiener una plataforma de chat aleatorio gratis es r\u00e1pido y f\u00e1cil:<\/p>\n<ol>\n<li>Abre la plataforma en tu dispositivo.<\/li>\n<li>Elige el modo de chat (v\u00eddeo o texto).<\/li>\n<li>Permitir el acceso a la c\u00e1mara y al micr\u00f3fono (para videochat).<\/li>\n<li>Haz clic en \"Iniciar chat\" para conectar al instante con un desconocido cualquiera.<\/li>\n<li>Disfruta de tu conversaci\u00f3n. Si no te apetece, pulsa \"Siguiente\".<\/li>\n<\/ol>\n<p>Este ciclo puede repetirse sin fin, ofreci\u00e9ndole oportunidades ilimitadas de conocer gente nueva.<\/p>\n<h2>Caracter\u00edsticas principales<\/h2>\n<p>No todas las plataformas de chat aleatorio son iguales. Esto es lo que hay que tener en cuenta a la hora de elegir el mejor sitio de chat aleatorio gratuito:<\/p>\n<h3>1. Acceso realmente libre<\/h3>\n<p>Algunos sitios se anuncian como \"gratuitos\", pero enseguida te empujan a los muros de pago. Busca un chat gratuito, ilimitado y aut\u00e9ntico.<\/p>\n<h3>2. No es necesario inscribirse<\/h3>\n<p>No deber\u00edas tener que crear una cuenta ni dar datos personales.<\/p>\n<h3>3. M\u00faltiples modos de chat<\/h3>\n<p>Opciones para chats de v\u00eddeo, audio o s\u00f3lo texto.<\/p>\n<h3>4. Filtros de g\u00e9nero y ubicaci\u00f3n<\/h3>\n<p>\u00datil para encontrar tipos espec\u00edficos de personas.<\/p>\n<h3>5. Herramientas de moderaci\u00f3n y seguridad<\/h3>\n<p>Unos s\u00f3lidos sistemas de denuncia y bloqueo mantienen segura a la comunidad.<\/p>\n<h3>6. Dise\u00f1o compatible con dispositivos m\u00f3viles<\/h3>\n<p>Las mejores plataformas funcionan en tel\u00e9fonos, tabletas y ordenadores de sobremesa.<\/p>\n<h2>Mejores plataformas de chat aleatorio gratis en 2025<\/h2>\n<p>He aqu\u00ed una comparaci\u00f3n de los sitios m\u00e1s populares para chatear gratis al azar:<\/p>\n<table>\n<thead>\n<tr>\n<th>Plataforma<\/th>\n<th align=\"center\">Acceso gratuito<\/th>\n<th align=\"center\">Modo v\u00eddeo<\/th>\n<th align=\"center\">Se necesita inscripci\u00f3n<\/th>\n<th align=\"center\">Filtro de g\u00e9nero<\/th>\n<th align=\"center\">Moderaci\u00f3n<\/th>\n<th>Notas<\/th>\n<\/tr>\n<\/thead>\n<tbody>\n<tr>\n<td>StrangerCam<\/td>\n<td align=\"center\">\u2705<\/td>\n<td align=\"center\">\u2705<\/td>\n<td align=\"center\">\u274c<\/td>\n<td align=\"center\">\u2705 (Gratis)<\/td>\n<td align=\"center\">\u2705<\/td>\n<td>Los mejores filtros generales y gratuitos de v\u00eddeo y g\u00e9nero<\/td>\n<\/tr>\n<tr>\n<td><a href=\"https:\/\/strangercam.com\/es\/chatroulette\/\">Chatroulette<\/a><\/td>\n<td align=\"center\">\u2705<\/td>\n<td align=\"center\">\u2705<\/td>\n<td align=\"center\">\u274c<\/td>\n<td align=\"center\">\u274c (de pago)<\/td>\n<td align=\"center\">\u2705<\/td>\n<td>Cl\u00e1sico, pero filtro de g\u00e9nero de pago<\/td>\n<\/tr>\n<tr>\n<td>Chatrandom<\/td>\n<td align=\"center\">\u2705<\/td>\n<td align=\"center\">\u2705<\/td>\n<td align=\"center\">\u274c<\/td>\n<td align=\"center\">\u274c (de pago)<\/td>\n<td align=\"center\">\u2705<\/td>\n<td>Popular, pero con funciones premium bloqueadas<\/td>\n<\/tr>\n<tr>\n<td><a href=\"https:\/\/strangercam.com\/es\/ometv\/\">OmeTV<\/a><\/td>\n<td align=\"center\">\u2705<\/td>\n<td align=\"center\">\u2705<\/td>\n<td align=\"center\">\u274c<\/td>\n<td align=\"center\">\u274c<\/td>\n<td align=\"center\">\u2705<\/td>\n<td>Aplicaci\u00f3n m\u00f3vil, s\u00f3lo aleatoria<\/td>\n<\/tr>\n<tr>\n<td>Shagle<\/td>\n<td align=\"center\">\u2705<\/td>\n<td align=\"center\">\u2705<\/td>\n<td align=\"center\">\u274c<\/td>\n<td align=\"center\">\u274c (de pago)<\/td>\n<td align=\"center\">\u2705<\/td>\n<td>Prima fuertemente empujada<\/td>\n<\/tr>\n<tr>\n<td>Emerald Chat<\/td>\n<td align=\"center\">\u2705<\/td>\n<td align=\"center\">\u2705<\/td>\n<td align=\"center\">\u274c<\/td>\n<td align=\"center\">\u274c<\/td>\n<td align=\"center\">\u2705<\/td>\n<td>Sistema basado en la reputaci\u00f3n<\/td>\n<\/tr>\n<tr>\n<td>LuckyCrush<\/td>\n<td align=\"center\">\u274c<\/td>\n<td align=\"center\">\u2705<\/td>\n<td align=\"center\">\u2705<\/td>\n<td align=\"center\">\u2705<\/td>\n<td align=\"center\">\u2705<\/td>\n<td>Charla siempre remunerada y basada en el g\u00e9nero<\/td>\n<\/tr>\n<\/tbody>\n<\/table>\n<p>StrangerCam es una de las pocas plataformas que ofrece chat aleatorio gratis con v\u00eddeo, filtros de g\u00e9nero reales, sin registros y acceso ilimitado.<\/p>\n<h2>Por qu\u00e9 StrangerCam es la mejor opci\u00f3n de chat aleatorio gratuito<\/h2>\n<p>StrangerCam se ha convertido en 2025 en uno de los principales destinos para los usuarios que quieren chatear gratis al azar. He aqu\u00ed por qu\u00e9:<\/p>\n<h3>1. Realmente gratuito e ilimitado<\/h3>\n<p>Sin cr\u00e9ditos, sin juicios, sin restricciones.<\/p>\n<h3>2. Opciones de v\u00eddeo y texto<\/h3>\n<p>Elige si quieres chatear cara a cara o s\u00f3lo por texto.<\/p>\n<h3>3. Filtro de g\u00e9nero libre<\/h3>\n<p>Selecciona con qui\u00e9n quieres chatear -hombre, mujer o ambos- sin pagar.<\/p>\n<h3>4. No es necesario inscribirse<\/h3>\n<p>Mant\u00e9n el anonimato mientras chateas con desconocidos.<\/p>\n<h3>5. Comunidad mundial<\/h3>\n<p>Conoce a gente de m\u00e1s de 100 pa\u00edses, en cualquier momento.<\/p>\n<h3>6. Seguro y moderado<\/h3>\n<p>La moderaci\u00f3n activa mantiene alejados a los bots y el spam.<\/p>\n<h2>Testimonios de usuarios reales<\/h2>\n<blockquote><p><em>\"Buscaba un chat aleatorio gratuito sin costes ocultos. StrangerCam fue el primer sitio que realmente cumpli\u00f3\".<\/em><br \/>\n- Ryan, 24 a\u00f1os<\/p><\/blockquote>\n<blockquote><p><em>\"Me gusta poder elegir entre v\u00eddeo o texto. Algunos d\u00edas solo quiero escribir, otros me apetece hablar cara a cara\".<\/em><br \/>\n- Mar\u00eda, 21 a\u00f1os<\/p><\/blockquote>\n<blockquote><p><em>\"El filtro de g\u00e9nero funciona de verdad aqu\u00ed, a diferencia de otros sitios llamados gratuitos\".<\/em><br \/>\n- Ethan, 28 a\u00f1os<\/p><\/blockquote>\n<blockquote><p><em>\"Sencillo, divertido y r\u00e1pido. Ya he conocido a gente de muchos pa\u00edses\".<\/em><br \/>\n- Sophie, 22 a\u00f1os<\/p><\/blockquote>\n<h2>Consejos de seguridad para el chat aleatorio gratuito<\/h2>\n<p>Aunque chatear al azar puede ser divertido, es importante mantenerse a salvo:<\/p>\n<ul>\n<li>No compartas informaci\u00f3n personal como tu nombre completo, direcci\u00f3n o tel\u00e9fono.<\/li>\n<li>Omite o bloquea a cualquiera que te incomode.<\/li>\n<li>Nunca haga clic en enlaces sospechosos.<\/li>\n<li>Utiliza un fondo neutro para no revelar detalles privados.<\/li>\n<li>Lim\u00edtese a las funciones de la plataforma: utilice el bot\u00f3n de informe cuando sea necesario.<\/li>\n<li>Respeta las normas de edad: si tienes menos de 18 a\u00f1os, no utilices sitios de chat para adultos.<\/li>\n<\/ul>\n<h2>C\u00f3mo empezar - Paso a paso<\/h2>\n<p>Iniciar un chat aleatorio gratuito lleva menos de un minuto:<\/p>\n<ol>\n<li>Abre StrangerCam en tu dispositivo.<\/li>\n<li>Selecciona si quieres chat de v\u00eddeo o de texto.<\/li>\n<li>Permite el acceso a tu c\u00e1mara y micr\u00f3fono (si utilizas v\u00eddeo).<\/li>\n<li>Haz clic en Iniciar chat para conectarte al instante.<\/li>\n<li>Pulsa Siguiente en cualquier momento para conocer a alguien nuevo.<\/li>\n<\/ol>\n<p>R\u00e1pido, sencillo y gratuito.<\/p>\n<h2>Preguntas frecuentes<\/h2>\n<h3>\u00bfEs realmente gratis el chat aleatorio?<\/h3>\n<p>S\u00ed. StrangerCam ofrece chats aleatorios ilimitados sin cargos ocultos.<\/p>\n<h3>\u00bfTengo que inscribirme?<\/h3>\n<p>No. StrangerCam no requiere cuenta ni registro.<\/p>\n<h3>\u00bfLas personas son reales?<\/h3>\n<p>S\u00ed. Con el chat de v\u00eddeo, siempre estar\u00e1s conectado con usuarios reales.<\/p>\n<h3>\u00bfPuedo utilizarlo en el m\u00f3vil?<\/h3>\n<p>S\u00ed, StrangerCam funciona sin problemas en todos los dispositivos.<\/p>\n<h3>\u00bfEs seguro?<\/h3>\n<p>S\u00ed, siempre que sigas los consejos b\u00e1sicos de seguridad y utilices las herramientas de moderaci\u00f3n de StrangerCam.<\/p>\n<h2>Reflexiones finales - Pruebe el chat aleatorio gratuito hoy mismo<\/h2>\n<p>En 2025, el chat aleatorio gratuito sigue siendo una de las formas m\u00e1s f\u00e1ciles y divertidas de conectar con gente nueva en Internet. Es espont\u00e1neo, aut\u00e9ntico y puede conectarte con desconocidos de cualquier parte del mundo en cuesti\u00f3n de segundos.<\/p>\n<p>Pero no todas las plataformas cumplen. Muchos sitios ocultan funciones esenciales tras muros de pago o est\u00e1n plagados de bots. Por eso StrangerCam es la mejor opci\u00f3n: es realmente gratis, an\u00f3nima, moderada y siempre est\u00e1 llena de gente dispuesta a chatear.<\/p>\n<p>\u00bfListo para probar? Inicia ahora un chat aleatorio gratuito y descubre a qui\u00e9n conocer\u00e1s despu\u00e9s.<\/p>","protected":false},"excerpt":{"rendered":"<p>Are you looking for the best way to enjoy a free random chat? You\u2019re not alone. Millions of people worldwide search for random chat platforms every month, hoping to connect instantly with new people\u2014whether for fun, friendship, cultural exchange, or casual flirting. Unlike social media or dating apps, which often require endless swiping or slow [&hellip;]<\/p>\n","protected":false},"author":8,"featured_media":0,"parent":0,"menu_order":0,"comment_status":"closed","ping_status":"closed","template":"","meta":{"footnotes":""},"class_list":["post-3935","page","type-page","status-publish","hentry"],"yoast_head":"<!-- This site is optimized with the Yoast SEO plugin v27.4 - https:\/\/yoast.com\/product\/yoast-seo-wordpress\/ -->\n<title>Free Random Chat with Random Chat on Strangercam.com<\/title>\n<meta name=\"description\" content=\"Liking Free Random Chat? Join millions on StrangerCam.com! Start a random video chat, turn on your cam, and meet strangers instantly.\" \/>\n<meta name=\"robots\" content=\"index, follow, max-snippet:-1, max-image-preview:large, max-video-preview:-1\" \/>\n<link rel=\"canonical\" href=\"https:\/\/strangercam.com\/es\/chat-aleatorio-gratis\/\" \/>\n<meta property=\"og:locale\" content=\"es_ES\" \/>\n<meta property=\"og:type\" content=\"article\" \/>\n<meta property=\"og:title\" content=\"Free Random Chat with Random Chat on Strangercam.com\" \/>\n<meta property=\"og:description\" content=\"Liking Free Random Chat? Join millions on StrangerCam.com! Start a random video chat, turn on your cam, and meet strangers instantly.\" \/>\n<meta property=\"og:url\" content=\"https:\/\/strangercam.com\/es\/chat-aleatorio-gratis\/\" \/>\n<meta property=\"og:site_name\" content=\"Strangercam\" \/>\n<meta property=\"article:publisher\" content=\"https:\/\/www.facebook.com\/strangercam\" \/>\n<meta property=\"article:modified_time\" content=\"2025-09-03T11:31:40+00:00\" \/>\n<meta property=\"og:image\" content=\"https:\/\/strangercam.com\/wp-content\/uploads\/2021\/10\/Untitled-2.png\" \/>\n\t<meta property=\"og:image:width\" content=\"800\" \/>\n\t<meta property=\"og:image:height\" content=\"532\" \/>\n\t<meta property=\"og:image:type\" content=\"image\/png\" \/>\n<meta name=\"twitter:card\" content=\"summary_large_image\" \/>\n<meta name=\"twitter:site\" content=\"@strangercamapp\" \/>\n<meta name=\"twitter:label1\" content=\"Tiempo de lectura\" \/>\n\t<meta name=\"twitter:data1\" content=\"5 minutos\" \/>\n<script type=\"application\/ld+json\" class=\"yoast-schema-graph\">{\"@context\":\"https:\\\/\\\/schema.org\",\"@graph\":[{\"@type\":\"WebPage\",\"@id\":\"https:\\\/\\\/strangercam.com\\\/free-random-chat\\\/\",\"url\":\"https:\\\/\\\/strangercam.com\\\/free-random-chat\\\/\",\"name\":\"Free Random Chat with Random Chat on Strangercam.com\",\"isPartOf\":{\"@id\":\"https:\\\/\\\/strangercam.com\\\/#website\"},\"datePublished\":\"2025-08-28T15:19:09+00:00\",\"dateModified\":\"2025-09-03T11:31:40+00:00\",\"description\":\"Liking Free Random Chat? Join millions on StrangerCam.com! Start a random video chat, turn on your cam, and meet strangers instantly.\",\"breadcrumb\":{\"@id\":\"https:\\\/\\\/strangercam.com\\\/free-random-chat\\\/#breadcrumb\"},\"inLanguage\":\"es\",\"potentialAction\":[{\"@type\":\"ReadAction\",\"target\":[\"https:\\\/\\\/strangercam.com\\\/free-random-chat\\\/\"]}]},{\"@type\":\"BreadcrumbList\",\"@id\":\"https:\\\/\\\/strangercam.com\\\/free-random-chat\\\/#breadcrumb\",\"itemListElement\":[{\"@type\":\"ListItem\",\"position\":1,\"name\":\"Home\",\"item\":\"https:\\\/\\\/strangercam.com\\\/\"},{\"@type\":\"ListItem\",\"position\":2,\"name\":\"Free Random Chat\"}]},{\"@type\":\"WebSite\",\"@id\":\"https:\\\/\\\/strangercam.com\\\/#website\",\"url\":\"https:\\\/\\\/strangercam.com\\\/\",\"name\":\"Strangercam\",\"description\":\"Random Video Chat with Strangers\",\"publisher\":{\"@id\":\"https:\\\/\\\/strangercam.com\\\/#organization\"},\"alternateName\":\"Strangercam.com\",\"potentialAction\":[{\"@type\":\"SearchAction\",\"target\":{\"@type\":\"EntryPoint\",\"urlTemplate\":\"https:\\\/\\\/strangercam.com\\\/?s={search_term_string}\"},\"query-input\":{\"@type\":\"PropertyValueSpecification\",\"valueRequired\":true,\"valueName\":\"search_term_string\"}}],\"inLanguage\":\"es\"},{\"@type\":\"Organization\",\"@id\":\"https:\\\/\\\/strangercam.com\\\/#organization\",\"name\":\"Strangercam\",\"alternateName\":\"Strangercam.com\",\"url\":\"https:\\\/\\\/strangercam.com\\\/\",\"logo\":{\"@type\":\"ImageObject\",\"inLanguage\":\"es\",\"@id\":\"https:\\\/\\\/strangercam.com\\\/#\\\/schema\\\/logo\\\/image\\\/\",\"url\":\"https:\\\/\\\/strangercam.com\\\/wp-content\\\/uploads\\\/2020\\\/11\\\/cropped-new-favicon-black.png\",\"contentUrl\":\"https:\\\/\\\/strangercam.com\\\/wp-content\\\/uploads\\\/2020\\\/11\\\/cropped-new-favicon-black.png\",\"width\":512,\"height\":512,\"caption\":\"Strangercam\"},\"image\":{\"@id\":\"https:\\\/\\\/strangercam.com\\\/#\\\/schema\\\/logo\\\/image\\\/\"},\"sameAs\":[\"https:\\\/\\\/www.facebook.com\\\/strangercam\",\"https:\\\/\\\/x.com\\\/strangercamapp\"]}]}<\/script>\n<!-- \/ Yoast SEO plugin. -->","yoast_head_json":{"title":"Chat aleatorio gratis con Chat aleatorio en Strangercam.com","description":"\u00bfTe gusta el chat aleatorio gratis? \u00a1Join millones en StrangerCam.com! Inicia un chat de v\u00eddeo aleatorio, enciende tu c\u00e1mara y conoce a desconocidos al instante.","robots":{"index":"index","follow":"follow","max-snippet":"max-snippet:-1","max-image-preview":"max-image-preview:large","max-video-preview":"max-video-preview:-1"},"canonical":"https:\/\/strangercam.com\/es\/chat-aleatorio-gratis\/","og_locale":"es_ES","og_type":"article","og_title":"Free Random Chat with Random Chat on Strangercam.com","og_description":"Liking Free Random Chat? Join millions on StrangerCam.com! Start a random video chat, turn on your cam, and meet strangers instantly.","og_url":"https:\/\/strangercam.com\/es\/chat-aleatorio-gratis\/","og_site_name":"Strangercam","article_publisher":"https:\/\/www.facebook.com\/strangercam","article_modified_time":"2025-09-03T11:31:40+00:00","og_image":[{"width":800,"height":532,"url":"https:\/\/strangercam.com\/wp-content\/uploads\/2021\/10\/Untitled-2.png","type":"image\/png"}],"twitter_card":"summary_large_image","twitter_site":"@strangercamapp","twitter_misc":{"Tiempo de lectura":"5 minutos"},"schema":{"@context":"https:\/\/schema.org","@graph":[{"@type":"WebPage","@id":"https:\/\/strangercam.com\/free-random-chat\/","url":"https:\/\/strangercam.com\/free-random-chat\/","name":"Chat aleatorio gratis con Chat aleatorio en Strangercam.com","isPartOf":{"@id":"https:\/\/strangercam.com\/#website"},"datePublished":"2025-08-28T15:19:09+00:00","dateModified":"2025-09-03T11:31:40+00:00","description":"\u00bfTe gusta el chat aleatorio gratis? \u00a1Join millones en StrangerCam.com! Inicia un chat de v\u00eddeo aleatorio, enciende tu c\u00e1mara y conoce a desconocidos al instante.","breadcrumb":{"@id":"https:\/\/strangercam.com\/free-random-chat\/#breadcrumb"},"inLanguage":"es","potentialAction":[{"@type":"ReadAction","target":["https:\/\/strangercam.com\/free-random-chat\/"]}]},{"@type":"BreadcrumbList","@id":"https:\/\/strangercam.com\/free-random-chat\/#breadcrumb","itemListElement":[{"@type":"ListItem","position":1,"name":"Home","item":"https:\/\/strangercam.com\/"},{"@type":"ListItem","position":2,"name":"Free Random Chat"}]},{"@type":"WebSite","@id":"https:\/\/strangercam.com\/#website","url":"https:\/\/strangercam.com\/","name":"Strangercam","description":"Videochat aleatorio con desconocidos","publisher":{"@id":"https:\/\/strangercam.com\/#organization"},"alternateName":"Strangercam.com","potentialAction":[{"@type":"SearchAction","target":{"@type":"EntryPoint","urlTemplate":"https:\/\/strangercam.com\/?s={search_term_string}"},"query-input":{"@type":"PropertyValueSpecification","valueRequired":true,"valueName":"search_term_string"}}],"inLanguage":"es"},{"@type":"Organization","@id":"https:\/\/strangercam.com\/#organization","name":"Strangercam","alternateName":"Strangercam.com","url":"https:\/\/strangercam.com\/","logo":{"@type":"ImageObject","inLanguage":"es","@id":"https:\/\/strangercam.com\/#\/schema\/logo\/image\/","url":"https:\/\/strangercam.com\/wp-content\/uploads\/2020\/11\/cropped-new-favicon-black.png","contentUrl":"https:\/\/strangercam.com\/wp-content\/uploads\/2020\/11\/cropped-new-favicon-black.png","width":512,"height":512,"caption":"Strangercam"},"image":{"@id":"https:\/\/strangercam.com\/#\/schema\/logo\/image\/"},"sameAs":["https:\/\/www.facebook.com\/strangercam","https:\/\/x.com\/strangercamapp"]}]}},"_links":{"self":[{"href":"https:\/\/strangercam.com\/es\/wp-json\/wp\/v2\/pages\/3935","targetHints":{"allow":["GET"]}}],"collection":[{"href":"https:\/\/strangercam.com\/es\/wp-json\/wp\/v2\/pages"}],"about":[{"href":"https:\/\/strangercam.com\/es\/wp-json\/wp\/v2\/types\/page"}],"author":[{"embeddable":true,"href":"https:\/\/strangercam.com\/es\/wp-json\/wp\/v2\/users\/8"}],"replies":[{"embeddable":true,"href":"https:\/\/strangercam.com\/es\/wp-json\/wp\/v2\/comments?post=3935"}],"version-history":[{"count":1,"href":"https:\/\/strangercam.com\/es\/wp-json\/wp\/v2\/pages\/3935\/revisions"}],"predecessor-version":[{"id":12978,"href":"https:\/\/strangercam.com\/es\/wp-json\/wp\/v2\/pages\/3935\/revisions\/12978"}],"wp:attachment":[{"href":"https:\/\/strangercam.com\/es\/wp-json\/wp\/v2\/media?parent=3935"}],"curies":[{"name":"wp","href":"https:\/\/api.w.org\/{rel}","templated":true}]}}