{"id":3918,"date":"2025-08-28T17:12:57","date_gmt":"2025-08-28T15:12:57","guid":{"rendered":"https:\/\/strangercam.com\/?page_id=3918"},"modified":"2025-09-03T13:31:29","modified_gmt":"2025-09-03T11:31:29","slug":"videollamada-para-hablar-con-desconocidos","status":"publish","type":"page","link":"https:\/\/strangercam.com\/es\/talk-to-strangers-video-call\/","title":{"rendered":"Videollamada Talk to Strangers"},"content":{"rendered":"<p>\u00bfHas estado buscando una forma de hablar con desconocidos por videollamada? No es el \u00fanico. Desde el auge de las <a href=\"https:\/\/strangercam.com\/es\/chathub\/\">chat<\/a> plataformas como <a href=\"https:\/\/strangercam.com\/es\/omegle\/\">Omegle<\/a>, <a href=\"https:\/\/strangercam.com\/es\/chatroulette\/\">Chatroulette<\/a>, y sus sucesores modernos, millones de personas han recurrido a las videollamadas en directo con desconocidos para hacer nuevos amigos, disfrutar de conversaciones informales o simplemente vencer el aburrimiento.<\/p>\n<p>Hoy en d\u00eda, plataformas como StrangerCam hacen que sea m\u00e1s f\u00e1cil que nunca disfrutar de una videollamada gratuita con desconocidos: sin registros, sin descargas y sin cargos ocultos. Tanto si quieres charlar casualmente, ligar, aprender sobre diferentes culturas o simplemente re\u00edrte con alguien nuevo, las videollamadas online con desconocidos te dan acceso instant\u00e1neo a personas reales de todo el mundo.<\/p>\n<p>En esta gu\u00eda, cubriremos todo lo que necesitas saber: qu\u00e9 son las videollamadas a desconocidos, por qu\u00e9 son tan populares, c\u00f3mo funcionan, qu\u00e9 caracter\u00edsticas buscar, comparaciones de las mejores plataformas, consejos de seguridad y por qu\u00e9 StrangerCam es una de las mejores opciones en 2025.<\/p>\n<h2>\u00bfQu\u00e9 significa \"Videollamada para hablar con desconocidos\"?<\/h2>\n<p>Cuando hablas con desconocidos a trav\u00e9s de una videollamada, utilizas tu webcam y tu micr\u00f3fono para conectar instant\u00e1neamente con personas al azar en l\u00ednea. A diferencia de las redes sociales o las aplicaciones de citas, donde las conversaciones pueden parecer forzadas o lentas, las videollamadas con desconocidos son espont\u00e1neas y reales.<\/p>\n<p>No necesitas crear un perfil, subir fotos ni pasarte horas desplaz\u00e1ndote. S\u00f3lo tienes que pulsar un bot\u00f3n y estar\u00e1s cara a cara con alguien nuevo. Si no est\u00e1s disfrutando del chat, pulsa Siguiente y estar\u00e1s conectado con otra persona en cuesti\u00f3n de segundos.<\/p>\n<h2>Por qu\u00e9 a la gente le encantan las videollamadas gratis con desconocidos<\/h2>\n<p>El atractivo de las plataformas de videollamadas gratuitas para hablar con desconocidos es evidente:<\/p>\n<ul>\n<li>Interacci\u00f3n humana real: a diferencia del chat de texto, el v\u00eddeo garantiza que est\u00e1s hablando con una persona real.<\/li>\n<li>Espontaneidad - Cada llamada es \u00fanica, sorprendente e imprevisible.<\/li>\n<li>Sin compromiso - No se requieren cuentas ni inscripciones; puedes darte de baja en cualquier momento.<\/li>\n<li>Alcance mundial: conoce a desconocidos de todo el mundo al instante.<\/li>\n<li>Amistad y flirteo - Algunas personas lo utilizan para hacer amigos, otras para divertirse de forma desenfadada y casual.<\/li>\n<li>Escape r\u00e1pido - Perfecto para cuando est\u00e1s aburrido o quieres un descanso social.<\/li>\n<\/ul>\n<h2>\u00bfC\u00f3mo funciona una videollamada a un desconocido?<\/h2>\n<p>El proceso es r\u00e1pido y apto para principiantes:<\/p>\n<ol>\n<li>Abre la plataforma (como StrangerCam) en tu dispositivo.<\/li>\n<li>Permite el acceso a tu c\u00e1mara y micr\u00f3fono.<\/li>\n<li>Haz clic en \"Iniciar chat\". Te conectar\u00e1s al instante con un desconocido cualquiera.<\/li>\n<li>Hable en directo por videollamada.<\/li>\n<li>Haz clic en \"Siguiente\" si quieres conocer a alguien nuevo.<\/li>\n<\/ol>\n<p>Esta sencilla configuraci\u00f3n la convierte en una de las formas m\u00e1s r\u00e1pidas de conectar con personas de todo el mundo.<\/p>\n<h2>Caracter\u00edsticas principales<\/h2>\n<p>Cuando busques el mejor sitio para hablar con desconocidos por videollamada, aqu\u00ed tienes las caracter\u00edsticas que m\u00e1s importan:<\/p>\n<h3>1. Acceso realmente libre<\/h3>\n<p>La plataforma debe ofrecerte acceso ilimitado sin cortafuegos de pago.<\/p>\n<h3>2. No es necesario inscribirse<\/h3>\n<p>Las mejores plataformas no requieren cuentas, inicios de sesi\u00f3n ni datos personales.<\/p>\n<h3>3. Filtros de g\u00e9nero y ubicaci\u00f3n<\/h3>\n<p>Elige con qui\u00e9n quieres hablar: chicas, chicos o personas de determinados pa\u00edses.<\/p>\n<h3>4. Moderaci\u00f3n fuerte<\/h3>\n<p>Las plataformas deben disponer de herramientas para denunciar, bloquear y mantener seguro el espacio.<\/p>\n<h3>5. Experiencia m\u00f3vil<\/h3>\n<p>Aseg\u00farese de que la plataforma funciona bien tanto en tel\u00e9fonos como en ordenadores de sobremesa.<\/p>\n<h3>6. V\u00eddeo y audio de alta calidad<\/h3>\n<p>Las conexiones claras y fluidas hacen que la conversaci\u00f3n sea m\u00e1s amena.<\/p>\n<h2>Las mejores plataformas para hablar por videollamada con desconocidos en 2025<\/h2>\n<p>He aqu\u00ed una comparaci\u00f3n de las principales plataformas para videollamadas de desconocidos:<\/p>\n<table>\n<thead>\n<tr>\n<th>Plataforma<\/th>\n<th align=\"center\">Acceso gratuito<\/th>\n<th align=\"center\">Filtro de g\u00e9nero<\/th>\n<th align=\"center\">Se necesita inscripci\u00f3n<\/th>\n<th align=\"center\">Asistencia m\u00f3vil<\/th>\n<th align=\"center\">Moderaci\u00f3n<\/th>\n<th>Notas<\/th>\n<\/tr>\n<\/thead>\n<tbody>\n<tr>\n<td>StrangerCam<\/td>\n<td align=\"center\">\u2705<\/td>\n<td align=\"center\">\u2705 (Gratis)<\/td>\n<td align=\"center\">\u274c<\/td>\n<td align=\"center\">\u2705<\/td>\n<td align=\"center\">\u2705<\/td>\n<td>La mejor opci\u00f3n general, realmente gratis<\/td>\n<\/tr>\n<tr>\n<td>Chatroulette<\/td>\n<td align=\"center\">\u2705<\/td>\n<td align=\"center\">\u274c (de pago)<\/td>\n<td align=\"center\">\u274c<\/td>\n<td align=\"center\">\u2705<\/td>\n<td align=\"center\">\u2705<\/td>\n<td>Cl\u00e1sico, pero con filtros de g\u00e9nero bloqueados<\/td>\n<\/tr>\n<tr>\n<td>Chatrandom<\/td>\n<td align=\"center\">\u2705<\/td>\n<td align=\"center\">\u274c (de pago)<\/td>\n<td align=\"center\">\u274c<\/td>\n<td align=\"center\">\u2705<\/td>\n<td align=\"center\">\u2705<\/td>\n<td>Gran base de usuarios, filtros premium<\/td>\n<\/tr>\n<tr>\n<td><a href=\"https:\/\/strangercam.com\/es\/ometv\/\">OmeTV<\/a><\/td>\n<td align=\"center\">\u2705<\/td>\n<td align=\"center\">\u274c<\/td>\n<td align=\"center\">\u274c<\/td>\n<td align=\"center\">\u2705<\/td>\n<td align=\"center\">\u2705<\/td>\n<td>S\u00f3lo al azar, aplicaci\u00f3n m\u00f3vil disponible<\/td>\n<\/tr>\n<tr>\n<td>Shagle<\/td>\n<td align=\"center\">\u2705<\/td>\n<td align=\"center\">\u274c (de pago)<\/td>\n<td align=\"center\">\u274c<\/td>\n<td align=\"center\">\u2705<\/td>\n<td align=\"center\">\u2705<\/td>\n<td>Acceso gratuito pero filtros de pago<\/td>\n<\/tr>\n<tr>\n<td><a href=\"https:\/\/strangercam.com\/es\/coomeet\/\">CooMeet<\/a><\/td>\n<td align=\"center\">\u274c (Prueba)<\/td>\n<td align=\"center\">\u2705<\/td>\n<td align=\"center\">\u2705<\/td>\n<td align=\"center\">\u2705<\/td>\n<td align=\"center\">\u2705<\/td>\n<td>De pago tras una prueba gratuita limitada<\/td>\n<\/tr>\n<tr>\n<td>LuckyCrush<\/td>\n<td align=\"center\">\u274c<\/td>\n<td align=\"center\">\u2705<\/td>\n<td align=\"center\">\u2705<\/td>\n<td align=\"center\">\u2705<\/td>\n<td align=\"center\">\u2705<\/td>\n<td>Charlas siempre remuneradas y basadas en el g\u00e9nero<\/td>\n<\/tr>\n<\/tbody>\n<\/table>\n<p>Entre ellas, StrangerCam es una de las \u00fanicas plataformas que ofrece videollamadas gratuitas e ilimitadas con desconocidos, con un filtro de g\u00e9nero real y sin necesidad de registrarse.<\/p>\n<h2>Por qu\u00e9 StrangerCam es la mejor opci\u00f3n<\/h2>\n<p>StrangerCam destaca en 2025 como una de las formas m\u00e1s fiables de hablar con desconocidos por videollamada. He aqu\u00ed por qu\u00e9:<\/p>\n<h3>1. Completamente gratis<\/h3>\n<p>Sin costes ocultos, pruebas ni sistemas de cr\u00e9dito.<\/p>\n<h3>2. Filtro de g\u00e9nero gratuito<\/h3>\n<p>A diferencia de la mayor\u00eda de sus competidores, StrangerCam te permite elegir a qui\u00e9n quieres conocer, sin muros de pago.<\/p>\n<h3>3. Sin inscripci\u00f3n ni registro<\/h3>\n<p>Mant\u00e9n el anonimato y empieza a chatear al instante.<\/p>\n<h3>4. Seguro y moderado<\/h3>\n<p>Las potentes funciones de denuncia y moderaci\u00f3n en directo hacen que el entorno sea m\u00e1s seguro.<\/p>\n<h3>5. Base mundial de usuarios<\/h3>\n<p>Extra\u00f1os de m\u00e1s de 100 pa\u00edses est\u00e1n en l\u00ednea 24 horas al d\u00eda, 7 d\u00edas a la semana.<\/p>\n<h3>6. Optimizado para todos los dispositivos<\/h3>\n<p>Funciona perfectamente tanto en el m\u00f3vil como en el ordenador.<\/p>\n<h2>Testimonios de usuarios reales<\/h2>\n<blockquote><p><em>\"Quer\u00eda un sitio donde hablar con desconocidos por videollamada sin tener que pagar. StrangerCam fue la primera plataforma realmente gratuita\".<\/em><br \/>\n- Jake, 26 a\u00f1os<\/p><\/blockquote>\n<blockquote><p><em>\"Me parece m\u00e1s seguro que otros sitios que he probado. Puedo bloquear y omitir personas al instante si no me siento c\u00f3moda\".<\/em><br \/>\n- Leah, 23 a\u00f1os<\/p><\/blockquote>\n<blockquote><p><em>\"El filtro de g\u00e9nero funciona sin pagar m\u00e1s, lo que es raro hoy en d\u00eda\".<\/em><br \/>\n- Marcus, 29 a\u00f1os<\/p><\/blockquote>\n<blockquote><p><em>\"R\u00e1pido, sencillo y divertido. Ya he hecho amigos de tres pa\u00edses diferentes\".<\/em><br \/>\n- Sophia, 21 a\u00f1os<\/p><\/blockquote>\n<h2>Consejos de seguridad para hablar con desconocidos por videollamada<\/h2>\n<p>Aunque las videollamadas con desconocidos son divertidas, la seguridad es importante:<\/p>\n<ul>\n<li>Nunca compartas datos personales (n\u00famero de tel\u00e9fono, direcci\u00f3n, correo electr\u00f3nico).<\/li>\n<li>Evite hacer clic en enlaces enviados por desconocidos.<\/li>\n<li>Utilice el bot\u00f3n \"Siguiente\" si se siente inc\u00f3modo.<\/li>\n<li>Comprueba tus antecedentes para evitar revelar detalles privados.<\/li>\n<li>Lim\u00edtese a las herramientas de la plataforma para bloquear e informar.<\/li>\n<li>Respeta las normas de edad: si tienes menos de 18 a\u00f1os, no utilices plataformas para adultos.<\/li>\n<\/ul>\n<h2>C\u00f3mo empezar - Paso a paso<\/h2>\n<p>Iniciar una videollamada con un desconocido lleva menos de un minuto:<\/p>\n<ol>\n<li>Abre StrangerCam en tu navegador o dispositivo.<\/li>\n<li>Permitir el acceso a la c\u00e1mara web y al micr\u00f3fono.<\/li>\n<li>Elige preferencias (como filtros de g\u00e9nero).<\/li>\n<li>Haz clic en Iniciar chat para conectarte al instante.<\/li>\n<li>Habla con desconocidos cara a cara y haz clic en Siguiente en cualquier momento para iniciar un nuevo chat.<\/li>\n<\/ol>\n<p>R\u00e1pido, f\u00e1cil y totalmente gratuito.<\/p>\n<h2>Preguntas frecuentes<\/h2>\n<h3>\u00bfEs realmente gratis hablar con desconocidos por videollamada?<\/h3>\n<p>S\u00ed. StrangerCam ofrece videollamadas ilimitadas con desconocidos sin costes ocultos.<\/p>\n<h3>\u00bfTengo que registrarme?<\/h3>\n<p>No. StrangerCam no requiere registros ni cuentas.<\/p>\n<h3>\u00bfLas personas son reales?<\/h3>\n<p>S\u00ed. El v\u00eddeo en directo garantiza que est\u00e1s hablando con personas reales, no con bots.<\/p>\n<h3>\u00bfPuedo utilizarlo en mi tel\u00e9fono?<\/h3>\n<p>S\u00ed, StrangerCam es totalmente compatible con dispositivos m\u00f3viles.<\/p>\n<h3>\u00bfEs seguro?<\/h3>\n<p>S\u00ed, siempre que sigas los consejos de seguridad y utilices las herramientas de moderaci\u00f3n de StrangerCam.<\/p>\n<h2>Reflexiones finales - Pruebe hoy mismo las videollamadas gratuitas con desconocidos<\/h2>\n<p>En 2025, una de las formas m\u00e1s f\u00e1ciles y divertidas de conocer gente nueva es hablar con desconocidos por videollamada. Es espont\u00e1nea, gratuita y te ofrece conexiones reales en cuesti\u00f3n de segundos.<\/p>\n<p>Pero no todas las plataformas cumplen. Muchos sitios ocultan los filtros de g\u00e9nero tras muros de pago o llenan sus comunidades de bots. Por eso StrangerCam es la mejor opci\u00f3n: es gratis, segura, an\u00f3nima y est\u00e1 repleta de usuarios de todo el mundo dispuestos a conocerte.<\/p>\n<p>\u00bfListo para conectar? Inicia hoy mismo una videollamada gratuita con desconocidos y descubre a qui\u00e9n conocer\u00e1s despu\u00e9s.<\/p>","protected":false},"excerpt":{"rendered":"<p>Have you been searching for a way to talk to strangers video call style? You\u2019re not alone. Since the rise of random chat platforms like Omegle, Chatroulette, and their modern successors, millions of people have turned to live video calls with strangers to make new friends, enjoy casual conversations, or simply beat boredom. Today, platforms [&hellip;]<\/p>\n","protected":false},"author":8,"featured_media":0,"parent":0,"menu_order":0,"comment_status":"closed","ping_status":"closed","template":"","meta":{"footnotes":""},"class_list":["post-3918","page","type-page","status-publish","hentry"],"yoast_head":"<!-- This site is optimized with the Yoast SEO plugin v27.4 - https:\/\/yoast.com\/product\/yoast-seo-wordpress\/ -->\n<title>Talk to Strangers Video Call on Strangercam.com<\/title>\n<meta name=\"description\" content=\"Liking Talk to Strangers Video Call? Join millions on StrangerCam.com! Start a random video chat, turn on your cam, and meet strangers instantly.\" \/>\n<meta name=\"robots\" content=\"index, follow, max-snippet:-1, max-image-preview:large, max-video-preview:-1\" \/>\n<link rel=\"canonical\" href=\"https:\/\/strangercam.com\/es\/videollamada-para-hablar-con-desconocidos\/\" \/>\n<meta property=\"og:locale\" content=\"es_ES\" \/>\n<meta property=\"og:type\" content=\"article\" \/>\n<meta property=\"og:title\" content=\"Talk to Strangers Video Call on Strangercam.com\" \/>\n<meta property=\"og:description\" content=\"Liking Talk to Strangers Video Call? Join millions on StrangerCam.com! Start a random video chat, turn on your cam, and meet strangers instantly.\" \/>\n<meta property=\"og:url\" content=\"https:\/\/strangercam.com\/es\/videollamada-para-hablar-con-desconocidos\/\" \/>\n<meta property=\"og:site_name\" content=\"Strangercam\" \/>\n<meta property=\"article:publisher\" content=\"https:\/\/www.facebook.com\/strangercam\" \/>\n<meta property=\"article:modified_time\" content=\"2025-09-03T11:31:29+00:00\" \/>\n<meta property=\"og:image\" content=\"https:\/\/strangercam.com\/wp-content\/uploads\/2021\/10\/Untitled-2.png\" \/>\n\t<meta property=\"og:image:width\" content=\"800\" \/>\n\t<meta property=\"og:image:height\" content=\"532\" \/>\n\t<meta property=\"og:image:type\" content=\"image\/png\" \/>\n<meta name=\"twitter:card\" content=\"summary_large_image\" \/>\n<meta name=\"twitter:site\" content=\"@strangercamapp\" \/>\n<meta name=\"twitter:label1\" content=\"Tiempo de lectura\" \/>\n\t<meta name=\"twitter:data1\" content=\"5 minutos\" \/>\n<script type=\"application\/ld+json\" class=\"yoast-schema-graph\">{\"@context\":\"https:\\\/\\\/schema.org\",\"@graph\":[{\"@type\":\"WebPage\",\"@id\":\"https:\\\/\\\/strangercam.com\\\/talk-to-strangers-video-call\\\/\",\"url\":\"https:\\\/\\\/strangercam.com\\\/talk-to-strangers-video-call\\\/\",\"name\":\"Talk to Strangers Video Call on Strangercam.com\",\"isPartOf\":{\"@id\":\"https:\\\/\\\/strangercam.com\\\/#website\"},\"datePublished\":\"2025-08-28T15:12:57+00:00\",\"dateModified\":\"2025-09-03T11:31:29+00:00\",\"description\":\"Liking Talk to Strangers Video Call? Join millions on StrangerCam.com! Start a random video chat, turn on your cam, and meet strangers instantly.\",\"breadcrumb\":{\"@id\":\"https:\\\/\\\/strangercam.com\\\/talk-to-strangers-video-call\\\/#breadcrumb\"},\"inLanguage\":\"es\",\"potentialAction\":[{\"@type\":\"ReadAction\",\"target\":[\"https:\\\/\\\/strangercam.com\\\/talk-to-strangers-video-call\\\/\"]}]},{\"@type\":\"BreadcrumbList\",\"@id\":\"https:\\\/\\\/strangercam.com\\\/talk-to-strangers-video-call\\\/#breadcrumb\",\"itemListElement\":[{\"@type\":\"ListItem\",\"position\":1,\"name\":\"Home\",\"item\":\"https:\\\/\\\/strangercam.com\\\/\"},{\"@type\":\"ListItem\",\"position\":2,\"name\":\"Talk to Strangers Video Call\"}]},{\"@type\":\"WebSite\",\"@id\":\"https:\\\/\\\/strangercam.com\\\/#website\",\"url\":\"https:\\\/\\\/strangercam.com\\\/\",\"name\":\"Strangercam\",\"description\":\"Random Video Chat with Strangers\",\"publisher\":{\"@id\":\"https:\\\/\\\/strangercam.com\\\/#organization\"},\"alternateName\":\"Strangercam.com\",\"potentialAction\":[{\"@type\":\"SearchAction\",\"target\":{\"@type\":\"EntryPoint\",\"urlTemplate\":\"https:\\\/\\\/strangercam.com\\\/?s={search_term_string}\"},\"query-input\":{\"@type\":\"PropertyValueSpecification\",\"valueRequired\":true,\"valueName\":\"search_term_string\"}}],\"inLanguage\":\"es\"},{\"@type\":\"Organization\",\"@id\":\"https:\\\/\\\/strangercam.com\\\/#organization\",\"name\":\"Strangercam\",\"alternateName\":\"Strangercam.com\",\"url\":\"https:\\\/\\\/strangercam.com\\\/\",\"logo\":{\"@type\":\"ImageObject\",\"inLanguage\":\"es\",\"@id\":\"https:\\\/\\\/strangercam.com\\\/#\\\/schema\\\/logo\\\/image\\\/\",\"url\":\"https:\\\/\\\/strangercam.com\\\/wp-content\\\/uploads\\\/2020\\\/11\\\/cropped-new-favicon-black.png\",\"contentUrl\":\"https:\\\/\\\/strangercam.com\\\/wp-content\\\/uploads\\\/2020\\\/11\\\/cropped-new-favicon-black.png\",\"width\":512,\"height\":512,\"caption\":\"Strangercam\"},\"image\":{\"@id\":\"https:\\\/\\\/strangercam.com\\\/#\\\/schema\\\/logo\\\/image\\\/\"},\"sameAs\":[\"https:\\\/\\\/www.facebook.com\\\/strangercam\",\"https:\\\/\\\/x.com\\\/strangercamapp\"]}]}<\/script>\n<!-- \/ Yoast SEO plugin. -->","yoast_head_json":{"title":"Videollamada Talk to Strangers en Strangercam.com","description":"\u00bfTe gusta hablar con extra\u00f1os por videollamada? \u00a1Join millones en StrangerCam.com! Inicia un videochat aleatorio, enciende tu c\u00e1mara y conoce a desconocidos al instante.","robots":{"index":"index","follow":"follow","max-snippet":"max-snippet:-1","max-image-preview":"max-image-preview:large","max-video-preview":"max-video-preview:-1"},"canonical":"https:\/\/strangercam.com\/es\/videollamada-para-hablar-con-desconocidos\/","og_locale":"es_ES","og_type":"article","og_title":"Talk to Strangers Video Call on Strangercam.com","og_description":"Liking Talk to Strangers Video Call? Join millions on StrangerCam.com! Start a random video chat, turn on your cam, and meet strangers instantly.","og_url":"https:\/\/strangercam.com\/es\/videollamada-para-hablar-con-desconocidos\/","og_site_name":"Strangercam","article_publisher":"https:\/\/www.facebook.com\/strangercam","article_modified_time":"2025-09-03T11:31:29+00:00","og_image":[{"width":800,"height":532,"url":"https:\/\/strangercam.com\/wp-content\/uploads\/2021\/10\/Untitled-2.png","type":"image\/png"}],"twitter_card":"summary_large_image","twitter_site":"@strangercamapp","twitter_misc":{"Tiempo de lectura":"5 minutos"},"schema":{"@context":"https:\/\/schema.org","@graph":[{"@type":"WebPage","@id":"https:\/\/strangercam.com\/talk-to-strangers-video-call\/","url":"https:\/\/strangercam.com\/talk-to-strangers-video-call\/","name":"Videollamada Talk to Strangers en Strangercam.com","isPartOf":{"@id":"https:\/\/strangercam.com\/#website"},"datePublished":"2025-08-28T15:12:57+00:00","dateModified":"2025-09-03T11:31:29+00:00","description":"\u00bfTe gusta hablar con extra\u00f1os por videollamada? \u00a1Join millones en StrangerCam.com! Inicia un videochat aleatorio, enciende tu c\u00e1mara y conoce a desconocidos al instante.","breadcrumb":{"@id":"https:\/\/strangercam.com\/talk-to-strangers-video-call\/#breadcrumb"},"inLanguage":"es","potentialAction":[{"@type":"ReadAction","target":["https:\/\/strangercam.com\/talk-to-strangers-video-call\/"]}]},{"@type":"BreadcrumbList","@id":"https:\/\/strangercam.com\/talk-to-strangers-video-call\/#breadcrumb","itemListElement":[{"@type":"ListItem","position":1,"name":"Home","item":"https:\/\/strangercam.com\/"},{"@type":"ListItem","position":2,"name":"Talk to Strangers Video Call"}]},{"@type":"WebSite","@id":"https:\/\/strangercam.com\/#website","url":"https:\/\/strangercam.com\/","name":"Strangercam","description":"Videochat aleatorio con desconocidos","publisher":{"@id":"https:\/\/strangercam.com\/#organization"},"alternateName":"Strangercam.com","potentialAction":[{"@type":"SearchAction","target":{"@type":"EntryPoint","urlTemplate":"https:\/\/strangercam.com\/?s={search_term_string}"},"query-input":{"@type":"PropertyValueSpecification","valueRequired":true,"valueName":"search_term_string"}}],"inLanguage":"es"},{"@type":"Organization","@id":"https:\/\/strangercam.com\/#organization","name":"Strangercam","alternateName":"Strangercam.com","url":"https:\/\/strangercam.com\/","logo":{"@type":"ImageObject","inLanguage":"es","@id":"https:\/\/strangercam.com\/#\/schema\/logo\/image\/","url":"https:\/\/strangercam.com\/wp-content\/uploads\/2020\/11\/cropped-new-favicon-black.png","contentUrl":"https:\/\/strangercam.com\/wp-content\/uploads\/2020\/11\/cropped-new-favicon-black.png","width":512,"height":512,"caption":"Strangercam"},"image":{"@id":"https:\/\/strangercam.com\/#\/schema\/logo\/image\/"},"sameAs":["https:\/\/www.facebook.com\/strangercam","https:\/\/x.com\/strangercamapp"]}]}},"_links":{"self":[{"href":"https:\/\/strangercam.com\/es\/wp-json\/wp\/v2\/pages\/3918","targetHints":{"allow":["GET"]}}],"collection":[{"href":"https:\/\/strangercam.com\/es\/wp-json\/wp\/v2\/pages"}],"about":[{"href":"https:\/\/strangercam.com\/es\/wp-json\/wp\/v2\/types\/page"}],"author":[{"embeddable":true,"href":"https:\/\/strangercam.com\/es\/wp-json\/wp\/v2\/users\/8"}],"replies":[{"embeddable":true,"href":"https:\/\/strangercam.com\/es\/wp-json\/wp\/v2\/comments?post=3918"}],"version-history":[{"count":2,"href":"https:\/\/strangercam.com\/es\/wp-json\/wp\/v2\/pages\/3918\/revisions"}],"predecessor-version":[{"id":12977,"href":"https:\/\/strangercam.com\/es\/wp-json\/wp\/v2\/pages\/3918\/revisions\/12977"}],"wp:attachment":[{"href":"https:\/\/strangercam.com\/es\/wp-json\/wp\/v2\/media?parent=3918"}],"curies":[{"name":"wp","href":"https:\/\/api.w.org\/{rel}","templated":true}]}}