{"id":3634,"date":"2025-08-18T13:16:01","date_gmt":"2025-08-18T11:16:01","guid":{"rendered":"https:\/\/strangercam.com\/?page_id=3634"},"modified":"2025-08-18T14:15:47","modified_gmt":"2025-08-18T12:15:47","slug":"videollamada-aleatoria","status":"publish","type":"page","link":"https:\/\/strangercam.com\/es\/videollamada-aleatoria\/","title":{"rendered":"Videollamada aleatoria"},"content":{"rendered":"<p>\u00bfHas estado buscando la mejor manera de disfrutar de una videollamada aleatoria? No est\u00e1 solo. Millones de personas en todo el mundo utilizan plataformas de videollamadas aleatorias cada d\u00eda para conocer a desconocidos, hacer nuevos amigos, ligar o simplemente pasar el rato. A diferencia de las redes sociales o las aplicaciones de citas, donde las conversaciones pueden parecer forzadas o lentas, las videollamadas aleatorias son instant\u00e1neas, espont\u00e1neas y reales.<\/p>\n<p>Con plataformas como StrangerCam, puedes empezar ahora mismo una videollamada aleatoria gratuita, sin registros, descargas ni cargos ocultos. Es una de las formas m\u00e1s sencillas de conectar con personas cara a cara, desde cualquier lugar del mundo y en cualquier momento.<\/p>\n<p>Esta gu\u00eda te explicar\u00e1 todo lo que necesitas saber sobre las videollamadas aleatorias: c\u00f3mo funcionan, por qu\u00e9 se han hecho tan populares, las mejores caracter\u00edsticas que debes buscar, comparaciones de las principales plataformas, consejos de seguridad y por qu\u00e9 StrangerCam destaca como una de las mejores opciones en 2025.<\/p>\n<h2>\u00bfQu\u00e9 es una videollamada aleatoria?<\/h2>\n<p>Una videollamada aleatoria es una funci\u00f3n online que te conecta instant\u00e1neamente con un desconocido a trav\u00e9s de una webcam y audio en directo. No sabes con qui\u00e9n te vas a encontrar hasta que te conectas: puede ser alguien cercano o alguien que est\u00e9 a miles de kil\u00f3metros.<\/p>\n<p>La belleza de las videollamadas aleatorias reside en su imprevisibilidad. Cada <a href=\"https:\/\/strangercam.com\/es\/chathub\/\">chat<\/a> es \u00fanico. Puede que conozcas a un nuevo amigo, compartas unas risas con alguien del otro lado del mundo o simplemente mantengas una divertida conversaci\u00f3n de dos minutos antes de hacer clic en \u201cSiguiente\u201d para volver a intentarlo.<\/p>\n<h2>Por qu\u00e9 la gente adora las videollamadas aleatorias gratuitas<\/h2>\n<p>La popularidad de las videollamadas aleatorias gratuitas ha crecido enormemente en la \u00faltima d\u00e9cada. He aqu\u00ed por qu\u00e9:<\/p>\n<ul>\n<li>Diversi\u00f3n espont\u00e1nea: cada llamada es una sorpresa, lo que hace que la experiencia siga siendo emocionante.<\/li>\n<li>Conexiones reales - A diferencia del chat de texto, el v\u00eddeo en directo muestra a la persona real, no un perfil curado o una cuenta falsa.<\/li>\n<li>Sin compromisos: no es necesario registrarse, inscribirse ni dar biograf\u00edas detalladas. Basta con hacer clic y listo.<\/li>\n<li>Alcance mundial: conozca al instante a personas de diferentes culturas y or\u00edgenes.<\/li>\n<li>Perfecto para el aburrimiento - Una forma r\u00e1pida de escapar de la rutina y suscitar nuevas conversaciones.<\/li>\n<li>Amistad o flirteo - Algunas personas lo utilizan para hacer nuevos amigos; a otras les gusta el flirteo desenfadado y casual.<\/li>\n<\/ul>\n<h2>\u00bfC\u00f3mo funcionan las videollamadas aleatorias?<\/h2>\n<p>Utilizar un servicio de videollamadas aleatorias es r\u00e1pido y sencillo:<\/p>\n<ol>\n<li>Abra la plataforma (navegador de escritorio o m\u00f3vil).<\/li>\n<li>Permita el acceso a la c\u00e1mara y al micr\u00f3fono cuando se le solicite.<\/li>\n<li>Haz clic en \"Iniciar llamada\". Te conectar\u00e1s con un desconocido al azar al instante.<\/li>\n<li>Chatea cara a cara. Si no te gusta la conversaci\u00f3n, pulsa \"Siguiente\" para seguir adelante.<\/li>\n<li>Repite tanto como quieras. La mayor\u00eda de los servicios son gratuitos e ilimitados.<\/li>\n<\/ol>\n<p>Algunas plataformas tambi\u00e9n ofrecen filtros de g\u00e9nero, preferencias de ubicaci\u00f3n e incluso herramientas de traducci\u00f3n autom\u00e1tica para conversaciones internacionales.<\/p>\n<h2>Caracter\u00edsticas principales de una plataforma de videollamadas aleatorias<\/h2>\n<p>No todos los sitios de videollamadas aleatorias son iguales. Esto es lo que debes buscar:<\/p>\n<h3>1. Acceso realmente libre<\/h3>\n<p>Muchos sitios dicen ser gratuitos, pero enseguida te empujan a los muros de pago. Las mejores plataformas son realmente gratuitas.<\/p>\n<h3>2. No es necesario inscribirse<\/h3>\n<p>Evite las plataformas que le obliguen a registrarse o a compartir informaci\u00f3n personal.<\/p>\n<h3>3. Filtros de g\u00e9nero y ubicaci\u00f3n<\/h3>\n<p>Si quieres tener m\u00e1s control sobre con qui\u00e9n hablas, los filtros facilitan la experiencia.<\/p>\n<h3>4. Moderaci\u00f3n segura<\/h3>\n<p>Las potentes herramientas de notificaci\u00f3n y moderaci\u00f3n le protegen del spam, los bots y los comportamientos inapropiados.<\/p>\n<h3>5. Dise\u00f1o compatible con dispositivos m\u00f3viles<\/h3>\n<p>Una buena plataforma deber\u00eda funcionar igual de bien en tu tel\u00e9fono que en tu ordenador.<\/p>\n<h3>6. V\u00eddeo y audio de alta calidad<\/h3>\n<p>Un v\u00eddeo n\u00edtido y sin retrasos es esencial para disfrutar del chat.<\/p>\n<h2>Las mejores plataformas de videollamadas aleatorias en 2025<\/h2>\n<p>He aqu\u00ed una comparaci\u00f3n de algunos de los sitios m\u00e1s populares para videollamadas aleatorias:<\/p>\n<table>\n<thead>\n<tr>\n<th>Plataforma<\/th>\n<th align=\"center\">Acceso gratuito<\/th>\n<th align=\"center\">Filtro de g\u00e9nero<\/th>\n<th align=\"center\">Se necesita inscripci\u00f3n<\/th>\n<th align=\"center\">Asistencia m\u00f3vil<\/th>\n<th align=\"center\">Moderaci\u00f3n<\/th>\n<th>Notas<\/th>\n<\/tr>\n<\/thead>\n<tbody>\n<tr>\n<td>StrangerCam<\/td>\n<td align=\"center\">\u2705<\/td>\n<td align=\"center\">\u2705 (Gratis)<\/td>\n<td align=\"center\">\u274c<\/td>\n<td align=\"center\">\u2705<\/td>\n<td align=\"center\">\u2705<\/td>\n<td>La mejor opci\u00f3n general, realmente gratis<\/td>\n<\/tr>\n<tr>\n<td><a href=\"https:\/\/strangercam.com\/es\/chatroulette\/\">Chatroulette<\/a><\/td>\n<td align=\"center\">\u2705<\/td>\n<td align=\"center\">\u274c (de pago)<\/td>\n<td align=\"center\">\u274c<\/td>\n<td align=\"center\">\u2705<\/td>\n<td align=\"center\">\u2705<\/td>\n<td>Opci\u00f3n cl\u00e1sica, pero con filtros de pago<\/td>\n<\/tr>\n<tr>\n<td>Chatrandom<\/td>\n<td align=\"center\">\u2705<\/td>\n<td align=\"center\">\u274c (de pago)<\/td>\n<td align=\"center\">\u274c<\/td>\n<td align=\"center\">\u2705<\/td>\n<td align=\"center\">\u2705<\/td>\n<td>Popular, pero filtros bloqueados tras el pago<\/td>\n<\/tr>\n<tr>\n<td><a href=\"https:\/\/strangercam.com\/es\/ometv\/\">OmeTV<\/a><\/td>\n<td align=\"center\">\u2705<\/td>\n<td align=\"center\">\u274c<\/td>\n<td align=\"center\">\u274c<\/td>\n<td align=\"center\">\u2705<\/td>\n<td align=\"center\">\u2705<\/td>\n<td>Aplicaci\u00f3n m\u00f3vil, s\u00f3lo coincidencias aleatorias<\/td>\n<\/tr>\n<tr>\n<td>Shagle<\/td>\n<td align=\"center\">\u2705<\/td>\n<td align=\"center\">\u274c (de pago)<\/td>\n<td align=\"center\">\u274c<\/td>\n<td align=\"center\">\u2705<\/td>\n<td align=\"center\">\u2705<\/td>\n<td>Muchas funciones bloqueadas en la versi\u00f3n Premium<\/td>\n<\/tr>\n<tr>\n<td><a href=\"https:\/\/strangercam.com\/es\/coomeet\/\">CooMeet<\/a><\/td>\n<td align=\"center\">\u274c (Prueba)<\/td>\n<td align=\"center\">\u2705<\/td>\n<td align=\"center\">\u2705<\/td>\n<td align=\"center\">\u2705<\/td>\n<td align=\"center\">\u2705<\/td>\n<td>De pago tras una prueba gratuita limitada<\/td>\n<\/tr>\n<tr>\n<td>LuckyCrush<\/td>\n<td align=\"center\">\u274c<\/td>\n<td align=\"center\">\u2705<\/td>\n<td align=\"center\">\u2705<\/td>\n<td align=\"center\">\u2705<\/td>\n<td align=\"center\">\u2705<\/td>\n<td>Siempre de pago, s\u00f3lo chat de g\u00e9nero<\/td>\n<\/tr>\n<\/tbody>\n<\/table>\n<p>StrangerCam es una de las pocas plataformas que ofrece videollamadas aleatorias gratuitas con un filtro de g\u00e9nero que funciona, sin necesidad de registrarse y con uso ilimitado.<\/p>\n<h2>Por qu\u00e9 StrangerCam es el mejor lugar para videollamadas aleatorias<\/h2>\n<p>StrangerCam se ha convertido r\u00e1pidamente en una de las opciones m\u00e1s fiables para las personas que buscan videollamadas aleatorias. He aqu\u00ed por qu\u00e9:<\/p>\n<h3>1. Completamente gratis<\/h3>\n<p>Videollamadas aleatorias ilimitadas sin costes ocultos.<\/p>\n<h3>2. Filtro de g\u00e9nero gratuito<\/h3>\n<p>Elige a qui\u00e9n quieres conocer -hombre, mujer o ambos- sin pagar.<\/p>\n<h3>3. Sin inscripci\u00f3n ni registro<\/h3>\n<p>Permanezca en el anonimato. Haz clic y chatea al instante.<\/p>\n<h3>4. Seguro y moderado<\/h3>\n<p>Las herramientas activas de denuncia y los sistemas de moderaci\u00f3n mantienen alejados a los bots y a los usuarios inapropiados.<\/p>\n<h3>5. Base mundial de usuarios<\/h3>\n<p>Personas de todo el mundo est\u00e1n en l\u00ednea 24 horas al d\u00eda, 7 d\u00edas a la semana, lo que garantiza una experiencia novedosa en todo momento.<\/p>\n<h3>6. Mobile-Friendly<\/h3>\n<p>Optimizado para tel\u00e9fonos, tabletas y ordenadores para videollamadas fluidas en cualquier lugar.<\/p>\n<h2>Testimonios de usuarios reales<\/h2>\n<blockquote><p><em>\"He probado otros sitios, pero StrangerCam es el \u00fanico en el que las videollamadas aleatorias eran realmente gratuitas sin cargos ocultos\".<\/em><br \/>\n- Jason, 26 a\u00f1os<\/p><\/blockquote>\n<blockquote><p><em>\"El filtro de g\u00e9nero funciona y no tuve que pagar por \u00e9l. Por fin una plataforma que hace lo que dice\".<\/em><br \/>\n- Emily, 23 a\u00f1os<\/p><\/blockquote>\n<blockquote><p><em>\"Conect\u00e9 con gente de cinco pa\u00edses distintos en menos de una hora. Es muy adictivo\".<\/em><br \/>\n- Ryan, 29 a\u00f1os<\/p><\/blockquote>\n<blockquote><p><em>\u201cStrangerCam es la mejor alternativa a <a href=\"https:\/\/strangercam.com\/es\/omegle\/\">Omegle<\/a> que he encontrado. Gratis, seguro y siempre ocupado con gente en l\u00ednea\u201d.\u201d<\/em><br \/>\n- Megan, 21 a\u00f1os<\/p><\/blockquote>\n<h2>Consejos de seguridad para videollamadas aleatorias<\/h2>\n<p>Aunque las videollamadas aleatorias son divertidas, es importante mantener la seguridad:<\/p>\n<ul>\n<li>Nunca compartas informaci\u00f3n personal como tu direcci\u00f3n, n\u00famero de tel\u00e9fono o nombre completo.<\/li>\n<li>No hagas clic en enlaces compartidos por desconocidos.<\/li>\n<li>Utilice libremente el bot\u00f3n \"Siguiente\" si se siente inc\u00f3modo.<\/li>\n<li>Comprueba tus antecedentes para evitar exponer detalles privados.<\/li>\n<li>Denuncia a los usuarios inapropiados para mantener la seguridad de la comunidad.<\/li>\n<li>Si tienes menos de 18 a\u00f1os, no utilices plataformas de videollamadas aleatorias para adultos.<\/li>\n<\/ul>\n<h2>C\u00f3mo empezar - Paso a paso<\/h2>\n<p>Iniciar una videollamada aleatoria lleva menos de un minuto:<\/p>\n<ol>\n<li>Abre StrangerCam en tu navegador o dispositivo.<\/li>\n<li>Permite el acceso a tu c\u00e1mara y micr\u00f3fono.<\/li>\n<li>Seleccione las preferencias (filtro de g\u00e9nero si lo desea).<\/li>\n<li>Haz clic en Iniciar llamada para conectarte al instante.<\/li>\n<li>Chatea cara a cara. Haz clic en Siguiente en cualquier momento para conocer a alguien nuevo.<\/li>\n<\/ol>\n<p>As\u00ed de sencillo, r\u00e1pido y gratis.<\/p>\n<h2>Reflexiones finales - Pruebe ahora las videollamadas aleatorias gratuitas<\/h2>\n<p>En 2025, las videollamadas aleatorias son una de las formas m\u00e1s interesantes de conectar con gente nueva en Internet. Son r\u00e1pidas, gratuitas, espont\u00e1neas y te ofrecen una aut\u00e9ntica interacci\u00f3n humana con solo pulsar un bot\u00f3n.<\/p>\n<p>Pero no todas las plataformas cumplen. Muchas ocultan funciones esenciales como los filtros de g\u00e9nero tras muros de pago o inundan sus sitios con bots. Por eso StrangerCam es la mejor opci\u00f3n: es gratis, segura, an\u00f3nima y te conecta con gente real de todo el mundo.<\/p>\n<p>\u00bfListo para experimentarlo? Prueba hoy mismo una videollamada aleatoria gratuita y descubre a qui\u00e9n conocer\u00e1s despu\u00e9s.<\/p>","protected":false},"excerpt":{"rendered":"<p>Have you been searching for the best way to enjoy a random video call? You\u2019re not alone. Millions of people across the globe use random video call platforms every day to meet strangers, make new friends, flirt, or simply pass the time. Unlike social media or dating apps, where conversations can feel forced or slow, [&hellip;]<\/p>\n","protected":false},"author":8,"featured_media":0,"parent":0,"menu_order":0,"comment_status":"closed","ping_status":"closed","template":"","meta":{"footnotes":""},"class_list":["post-3634","page","type-page","status-publish","hentry"],"yoast_head":"<!-- This site is optimized with the Yoast SEO plugin v26.9 - https:\/\/yoast.com\/product\/yoast-seo-wordpress\/ -->\n<title>Random Video Call with Random Chat on Strangercam.com<\/title>\n<meta name=\"description\" content=\"Liking Random Video Call? Join millions on StrangerCam.com! Start a random video chat, turn on your cam, and meet strangers instantly.\" \/>\n<meta name=\"robots\" content=\"index, follow, max-snippet:-1, max-image-preview:large, max-video-preview:-1\" \/>\n<link rel=\"canonical\" href=\"https:\/\/strangercam.com\/es\/videollamada-aleatoria\/\" \/>\n<meta property=\"og:locale\" content=\"es_ES\" \/>\n<meta property=\"og:type\" content=\"article\" \/>\n<meta property=\"og:title\" content=\"Random Video Call with Random Chat on Strangercam.com\" \/>\n<meta property=\"og:description\" content=\"Liking Random Video Call? Join millions on StrangerCam.com! Start a random video chat, turn on your cam, and meet strangers instantly.\" \/>\n<meta property=\"og:url\" content=\"https:\/\/strangercam.com\/es\/videollamada-aleatoria\/\" \/>\n<meta property=\"og:site_name\" content=\"Strangercam\" \/>\n<meta property=\"article:publisher\" content=\"https:\/\/www.facebook.com\/strangercam\" \/>\n<meta property=\"article:modified_time\" content=\"2025-08-18T12:15:47+00:00\" \/>\n<meta property=\"og:image\" content=\"https:\/\/strangercam.com\/wp-content\/uploads\/2021\/10\/Untitled-2.png\" \/>\n\t<meta property=\"og:image:width\" content=\"800\" \/>\n\t<meta property=\"og:image:height\" content=\"532\" \/>\n\t<meta property=\"og:image:type\" content=\"image\/png\" \/>\n<meta name=\"twitter:card\" content=\"summary_large_image\" \/>\n<meta name=\"twitter:site\" content=\"@strangercamapp\" \/>\n<meta name=\"twitter:label1\" content=\"Tiempo de lectura\" \/>\n\t<meta name=\"twitter:data1\" content=\"5 minutos\" \/>\n<script type=\"application\/ld+json\" class=\"yoast-schema-graph\">{\"@context\":\"https:\/\/schema.org\",\"@graph\":[{\"@type\":\"WebPage\",\"@id\":\"https:\/\/strangercam.com\/random-video-call\/\",\"url\":\"https:\/\/strangercam.com\/random-video-call\/\",\"name\":\"Random Video Call with Random Chat on Strangercam.com\",\"isPartOf\":{\"@id\":\"https:\/\/strangercam.com\/#website\"},\"datePublished\":\"2025-08-18T11:16:01+00:00\",\"dateModified\":\"2025-08-18T12:15:47+00:00\",\"description\":\"Liking Random Video Call? Join millions on StrangerCam.com! Start a random video chat, turn on your cam, and meet strangers instantly.\",\"breadcrumb\":{\"@id\":\"https:\/\/strangercam.com\/random-video-call\/#breadcrumb\"},\"inLanguage\":\"es\",\"potentialAction\":[{\"@type\":\"ReadAction\",\"target\":[\"https:\/\/strangercam.com\/random-video-call\/\"]}]},{\"@type\":\"BreadcrumbList\",\"@id\":\"https:\/\/strangercam.com\/random-video-call\/#breadcrumb\",\"itemListElement\":[{\"@type\":\"ListItem\",\"position\":1,\"name\":\"Home\",\"item\":\"https:\/\/strangercam.com\/\"},{\"@type\":\"ListItem\",\"position\":2,\"name\":\"Random Video Call\"}]},{\"@type\":\"WebSite\",\"@id\":\"https:\/\/strangercam.com\/#website\",\"url\":\"https:\/\/strangercam.com\/\",\"name\":\"Strangercam\",\"description\":\"Random Video Chat with Strangers\",\"publisher\":{\"@id\":\"https:\/\/strangercam.com\/#organization\"},\"alternateName\":\"Strangercam.com\",\"potentialAction\":[{\"@type\":\"SearchAction\",\"target\":{\"@type\":\"EntryPoint\",\"urlTemplate\":\"https:\/\/strangercam.com\/?s={search_term_string}\"},\"query-input\":{\"@type\":\"PropertyValueSpecification\",\"valueRequired\":true,\"valueName\":\"search_term_string\"}}],\"inLanguage\":\"es\"},{\"@type\":\"Organization\",\"@id\":\"https:\/\/strangercam.com\/#organization\",\"name\":\"Strangercam\",\"alternateName\":\"Strangercam.com\",\"url\":\"https:\/\/strangercam.com\/\",\"logo\":{\"@type\":\"ImageObject\",\"inLanguage\":\"es\",\"@id\":\"https:\/\/strangercam.com\/#\/schema\/logo\/image\/\",\"url\":\"https:\/\/strangercam.com\/wp-content\/uploads\/2020\/11\/cropped-new-favicon-black.png\",\"contentUrl\":\"https:\/\/strangercam.com\/wp-content\/uploads\/2020\/11\/cropped-new-favicon-black.png\",\"width\":512,\"height\":512,\"caption\":\"Strangercam\"},\"image\":{\"@id\":\"https:\/\/strangercam.com\/#\/schema\/logo\/image\/\"},\"sameAs\":[\"https:\/\/www.facebook.com\/strangercam\",\"https:\/\/x.com\/strangercamapp\"]}]}<\/script>\n<!-- \/ Yoast SEO plugin. -->","yoast_head_json":{"title":"Videollamada aleatoria con chat aleatorio en Strangercam.com","description":"\u00bfTe gusta la videollamada aleatoria? \u00a1Join millones en StrangerCam.com! Inicia una videollamada aleatoria, enciende tu c\u00e1mara y conoce a desconocidos al instante.","robots":{"index":"index","follow":"follow","max-snippet":"max-snippet:-1","max-image-preview":"max-image-preview:large","max-video-preview":"max-video-preview:-1"},"canonical":"https:\/\/strangercam.com\/es\/videollamada-aleatoria\/","og_locale":"es_ES","og_type":"article","og_title":"Random Video Call with Random Chat on Strangercam.com","og_description":"Liking Random Video Call? Join millions on StrangerCam.com! Start a random video chat, turn on your cam, and meet strangers instantly.","og_url":"https:\/\/strangercam.com\/es\/videollamada-aleatoria\/","og_site_name":"Strangercam","article_publisher":"https:\/\/www.facebook.com\/strangercam","article_modified_time":"2025-08-18T12:15:47+00:00","og_image":[{"width":800,"height":532,"url":"https:\/\/strangercam.com\/wp-content\/uploads\/2021\/10\/Untitled-2.png","type":"image\/png"}],"twitter_card":"summary_large_image","twitter_site":"@strangercamapp","twitter_misc":{"Tiempo de lectura":"5 minutos"},"schema":{"@context":"https:\/\/schema.org","@graph":[{"@type":"WebPage","@id":"https:\/\/strangercam.com\/random-video-call\/","url":"https:\/\/strangercam.com\/random-video-call\/","name":"Videollamada aleatoria con chat aleatorio en Strangercam.com","isPartOf":{"@id":"https:\/\/strangercam.com\/#website"},"datePublished":"2025-08-18T11:16:01+00:00","dateModified":"2025-08-18T12:15:47+00:00","description":"\u00bfTe gusta la videollamada aleatoria? \u00a1Join millones en StrangerCam.com! Inicia una videollamada aleatoria, enciende tu c\u00e1mara y conoce a desconocidos al instante.","breadcrumb":{"@id":"https:\/\/strangercam.com\/random-video-call\/#breadcrumb"},"inLanguage":"es","potentialAction":[{"@type":"ReadAction","target":["https:\/\/strangercam.com\/random-video-call\/"]}]},{"@type":"BreadcrumbList","@id":"https:\/\/strangercam.com\/random-video-call\/#breadcrumb","itemListElement":[{"@type":"ListItem","position":1,"name":"Home","item":"https:\/\/strangercam.com\/"},{"@type":"ListItem","position":2,"name":"Random Video Call"}]},{"@type":"WebSite","@id":"https:\/\/strangercam.com\/#website","url":"https:\/\/strangercam.com\/","name":"Strangercam","description":"Videochat aleatorio con desconocidos","publisher":{"@id":"https:\/\/strangercam.com\/#organization"},"alternateName":"Strangercam.com","potentialAction":[{"@type":"SearchAction","target":{"@type":"EntryPoint","urlTemplate":"https:\/\/strangercam.com\/?s={search_term_string}"},"query-input":{"@type":"PropertyValueSpecification","valueRequired":true,"valueName":"search_term_string"}}],"inLanguage":"es"},{"@type":"Organization","@id":"https:\/\/strangercam.com\/#organization","name":"Strangercam","alternateName":"Strangercam.com","url":"https:\/\/strangercam.com\/","logo":{"@type":"ImageObject","inLanguage":"es","@id":"https:\/\/strangercam.com\/#\/schema\/logo\/image\/","url":"https:\/\/strangercam.com\/wp-content\/uploads\/2020\/11\/cropped-new-favicon-black.png","contentUrl":"https:\/\/strangercam.com\/wp-content\/uploads\/2020\/11\/cropped-new-favicon-black.png","width":512,"height":512,"caption":"Strangercam"},"image":{"@id":"https:\/\/strangercam.com\/#\/schema\/logo\/image\/"},"sameAs":["https:\/\/www.facebook.com\/strangercam","https:\/\/x.com\/strangercamapp"]}]}},"_links":{"self":[{"href":"https:\/\/strangercam.com\/es\/wp-json\/wp\/v2\/pages\/3634","targetHints":{"allow":["GET"]}}],"collection":[{"href":"https:\/\/strangercam.com\/es\/wp-json\/wp\/v2\/pages"}],"about":[{"href":"https:\/\/strangercam.com\/es\/wp-json\/wp\/v2\/types\/page"}],"author":[{"embeddable":true,"href":"https:\/\/strangercam.com\/es\/wp-json\/wp\/v2\/users\/8"}],"replies":[{"embeddable":true,"href":"https:\/\/strangercam.com\/es\/wp-json\/wp\/v2\/comments?post=3634"}],"version-history":[{"count":2,"href":"https:\/\/strangercam.com\/es\/wp-json\/wp\/v2\/pages\/3634\/revisions"}],"predecessor-version":[{"id":12970,"href":"https:\/\/strangercam.com\/es\/wp-json\/wp\/v2\/pages\/3634\/revisions\/12970"}],"wp:attachment":[{"href":"https:\/\/strangercam.com\/es\/wp-json\/wp\/v2\/media?parent=3634"}],"curies":[{"name":"wp","href":"https:\/\/api.w.org\/{rel}","templated":true}]}}