{"id":3516,"date":"2025-08-18T13:21:58","date_gmt":"2025-08-18T11:21:58","guid":{"rendered":"https:\/\/strangercam.com\/?page_id=3516"},"modified":"2025-08-18T14:14:10","modified_gmt":"2025-08-18T12:14:10","slug":"videochat-con-extranos","status":"publish","type":"page","link":"https:\/\/strangercam.com\/es\/videochat-con-extranos\/","title":{"rendered":"Videochat con desconocidos"},"content":{"rendered":"<p>\u00bfEst\u00e1 buscando la mejor manera de <a href=\"https:\/\/strangercam.com\/es\/chathub\/\">chat<\/a> con desconocidos? No es el \u00fanico. Desde el auge de <a href=\"https:\/\/strangercam.com\/es\/omegle\/\">Omegle<\/a>, <a href=\"https:\/\/strangercam.com\/es\/chatroulette\/\">Chatroulette<\/a>, y otras plataformas similares, millones de personas de todo el mundo han descubierto la emoci\u00f3n del videochat instant\u00e1neo con personas de todo el planeta. En 2025, la tendencia es mayor que nunca, con nuevas plataformas que ofrecen experiencias m\u00e1s seguras, fluidas y atractivas.<\/p>\n<p>Gracias a plataformas modernas como StrangerCam, puedes disfrutar del videochat gratis con desconocidos en cualquier momento, sin registros, descargas ni muros de pago ocultos. Tanto si quieres conocer nuevos amigos, ligar, practicar idiomas o simplemente combatir el aburrimiento, el videochat con desconocidos es una de las formas m\u00e1s emocionantes y espont\u00e1neas de conectar en l\u00ednea.<\/p>\n<p>Esta gu\u00eda cubrir\u00e1 todo lo que necesitas saber: c\u00f3mo funciona, por qu\u00e9 es popular, las caracter\u00edsticas que debes buscar, comparaciones de las principales plataformas, consejos de seguridad y por qu\u00e9 StrangerCam es una de las mejores opciones para videochatear con desconocidos en 2025.<\/p>\n<h2>\u00bfQu\u00e9 es el videochat con desconocidos?<\/h2>\n<p>El videochat con desconocidos es un servicio en l\u00ednea que te empareja con personas al azar para mantener conversaciones de v\u00eddeo en directo, uno a uno. Con tu c\u00e1mara web y tu micr\u00f3fono, puedes ver y o\u00edr al otro en tiempo real.<\/p>\n<p>A diferencia de las redes sociales, donde las interacciones son artificiales, el videochat con desconocidos es crudo, aut\u00e9ntico e impredecible. Cada vez que se pulsa el bot\u00f3n \"Siguiente\" aparece una nueva cara y una nueva historia, lo que la convierte en una de las experiencias en l\u00ednea m\u00e1s emocionantes de la actualidad.<\/p>\n<h2>Por qu\u00e9 a la gente le encanta el videochat gratis con desconocidos<\/h2>\n<p>La popularidad del videochat gratuito con desconocidos se debe a varias ventajas clave:<\/p>\n<ul>\n<li>Espontaneidad y sorpresa - Cada charla es diferente; nunca sabes a qui\u00e9n conocer\u00e1s despu\u00e9s.<\/li>\n<li>Amistades globales - Con\u00e9ctese con personas de todo el mundo, experimente nuevas culturas y ampl\u00ede su perspectiva.<\/li>\n<li>Sin perfiles falsos - El v\u00eddeo demuestra que la persona es real, a diferencia de las aplicaciones basadas en texto, llenas de bots y catfish.<\/li>\n<li>Anonimato - No se necesita cuenta; mant\u00e9ngase tan privado como desee.<\/li>\n<li>Variedad de intenciones - Algunas personas buscan diversi\u00f3n, otras amistad, otras un flirteo casual.<\/li>\n<li>Gratificaci\u00f3n instant\u00e1nea: no hay que esperar respuestas ni deslizar el dedo sin parar: las conexiones son instant\u00e1neas.<\/li>\n<\/ul>\n<h2>\u00bfC\u00f3mo funciona el videochat con desconocidos?<\/h2>\n<p>Joiener una plataforma de videochat con desconocidos es sencillo y r\u00e1pido:<\/p>\n<ol>\n<li>Abre la plataforma (escritorio o m\u00f3vil).<\/li>\n<li>Permite el acceso a tu webcam y micr\u00f3fono.<\/li>\n<li>Haz clic en \"Empezar\" para conectar instant\u00e1neamente con un desconocido al azar.<\/li>\n<li>Chatea en directo cara a cara. Si no te interesa, haz clic en \"Siguiente\" para conocer a alguien nuevo.<\/li>\n<li>Rep\u00edtelo sin cesar: el proceso es r\u00e1pido, divertido y gratuito.<\/li>\n<\/ol>\n<p>Algunas plataformas tambi\u00e9n incluyen filtros de g\u00e9nero, coincidencias basadas en la ubicaci\u00f3n y herramientas de traducci\u00f3n para mejorar la experiencia.<\/p>\n<h2>Caracter\u00edsticas principales<\/h2>\n<p>Si buscas el mejor sitio para chatear por v\u00eddeo con desconocidos, aqu\u00ed tienes las caracter\u00edsticas que m\u00e1s te interesan:<\/p>\n<h3>1. Acceso realmente libre<\/h3>\n<p>Cuidado con las plataformas que dicen \"gratis\" pero restringen los chats a los pocos minutos. Busca las de uso ilimitado y sin coste.<\/p>\n<h3>2. No es necesario inscribirse<\/h3>\n<p>Los mejores sitios no requieren una cuenta ni informaci\u00f3n personal.<\/p>\n<h3>3. Filtros de g\u00e9nero y ubicaci\u00f3n<\/h3>\n<p>\u00datil si quieres hablar con tipos espec\u00edficos de personas (por ejemplo, s\u00f3lo chicas, o gente de tu pa\u00eds).<\/p>\n<h3>4. Moderaci\u00f3n fuerte<\/h3>\n<p>Los sistemas de denuncia activos y los moderadores mantienen la plataforma segura y agradable.<\/p>\n<h3>5. Dise\u00f1o compatible con dispositivos m\u00f3viles<\/h3>\n<p>Una buena plataforma debe funcionar sin problemas en tel\u00e9fonos, tabletas y ordenadores.<\/p>\n<h3>6. V\u00eddeo y audio de alta calidad<\/h3>\n<p>Unas conexiones claras hacen que la experiencia sea mejor y m\u00e1s natural.<\/p>\n<h2>Las mejores plataformas para chatear por v\u00eddeo con desconocidos en 2025<\/h2>\n<p>He aqu\u00ed la comparaci\u00f3n entre las principales plataformas:<\/p>\n<table>\n<thead>\n<tr>\n<th>Plataforma<\/th>\n<th align=\"center\">Uso gratuito<\/th>\n<th align=\"center\">Filtro de g\u00e9nero<\/th>\n<th align=\"center\">Se necesita inscripci\u00f3n<\/th>\n<th align=\"center\">Asistencia m\u00f3vil<\/th>\n<th align=\"center\">Moderaci\u00f3n<\/th>\n<th>Notas<\/th>\n<\/tr>\n<\/thead>\n<tbody>\n<tr>\n<td>StrangerCam<\/td>\n<td align=\"center\">\u2705<\/td>\n<td align=\"center\">\u2705 (Gratis)<\/td>\n<td align=\"center\">\u274c<\/td>\n<td align=\"center\">\u2705<\/td>\n<td align=\"center\">\u2705<\/td>\n<td>El mejor chat de v\u00eddeo gratuito con desconocidos<\/td>\n<\/tr>\n<tr>\n<td>Chatroulette<\/td>\n<td align=\"center\">\u2705<\/td>\n<td align=\"center\">\u274c (de pago)<\/td>\n<td align=\"center\">\u274c<\/td>\n<td align=\"center\">\u2705<\/td>\n<td align=\"center\">\u2705<\/td>\n<td>Cl\u00e1sico, pero con filtros de g\u00e9nero bloqueados<\/td>\n<\/tr>\n<tr>\n<td>Chatrandom<\/td>\n<td align=\"center\">\u2705<\/td>\n<td align=\"center\">\u274c (de pago)<\/td>\n<td align=\"center\">\u274c<\/td>\n<td align=\"center\">\u2705<\/td>\n<td align=\"center\">\u2705<\/td>\n<td>Popular, pero los filtros necesitan mejoras<\/td>\n<\/tr>\n<tr>\n<td><a href=\"https:\/\/strangercam.com\/es\/ometv\/\">OmeTV<\/a><\/td>\n<td align=\"center\">\u2705<\/td>\n<td align=\"center\">\u274c<\/td>\n<td align=\"center\">\u274c<\/td>\n<td align=\"center\">\u2705<\/td>\n<td align=\"center\">\u2705<\/td>\n<td>S\u00f3lo emparejamiento aleatorio, aplicaci\u00f3n m\u00f3vil disponible<\/td>\n<\/tr>\n<tr>\n<td>Shagle<\/td>\n<td align=\"center\">\u2705<\/td>\n<td align=\"center\">\u274c (de pago)<\/td>\n<td align=\"center\">\u274c<\/td>\n<td align=\"center\">\u2705<\/td>\n<td align=\"center\">\u2705<\/td>\n<td>Las funciones premium se promocionan mucho<\/td>\n<\/tr>\n<tr>\n<td><a href=\"https:\/\/strangercam.com\/es\/coomeet\/\">CooMeet<\/a><\/td>\n<td align=\"center\">\u274c (Prueba)<\/td>\n<td align=\"center\">\u2705<\/td>\n<td align=\"center\">\u2705<\/td>\n<td align=\"center\">\u2705<\/td>\n<td align=\"center\">\u2705<\/td>\n<td>Mayoritariamente de pago tras la prueba gratuita<\/td>\n<\/tr>\n<tr>\n<td>LuckyCrush<\/td>\n<td align=\"center\">\u274c<\/td>\n<td align=\"center\">\u2705<\/td>\n<td align=\"center\">\u2705<\/td>\n<td align=\"center\">\u2705<\/td>\n<td align=\"center\">\u2705<\/td>\n<td>Charla siempre remunerada y basada en el g\u00e9nero<\/td>\n<\/tr>\n<\/tbody>\n<\/table>\n<p>Entre ellas, StrangerCam es una de las \u00fanicas plataformas que ofrece una aut\u00e9ntica experiencia de videochat gratis con desconocidos, con un filtro de g\u00e9nero que funciona y sin necesidad de registrarse.<\/p>\n<h2>Por qu\u00e9 StrangerCam es la mejor opci\u00f3n<\/h2>\n<p>A continuaci\u00f3n te explicamos por qu\u00e9 StrangerCam est\u00e1 considerado uno de los mejores sitios para chatear por v\u00eddeo con desconocidos en 2025:<\/p>\n<h3>1. 100% Gratuito e ilimitado<\/h3>\n<p>A diferencia de muchos competidores, StrangerCam no bloquea funciones tras muros de pago.<\/p>\n<h3>2. Filtro de g\u00e9nero gratuito<\/h3>\n<p>Conoce exactamente a quien quieras -chicos, chicas o ambos- sin cargos adicionales.<\/p>\n<h3>3. Sin registro ni datos personales<\/h3>\n<p>Permanezca en el anonimato. Sin registro, sin recopilaci\u00f3n de datos.<\/p>\n<h3>4. Comunidad mundial<\/h3>\n<p>Extra\u00f1os de m\u00e1s de 100 pa\u00edses est\u00e1n en l\u00ednea 24 horas al d\u00eda, 7 d\u00edas a la semana.<\/p>\n<h3>5. Seguro y moderado<\/h3>\n<p>Con potentes herramientas de denuncia y una moderaci\u00f3n activa, el entorno es m\u00e1s seguro y amigable.<\/p>\n<h3>6. Compatible con m\u00f3viles y ordenadores de sobremesa<\/h3>\n<p>Util\u00edzalo en cualquier dispositivo, en cualquier momento y en cualquier lugar.<\/p>\n<h2>Testimonios de usuarios reales<\/h2>\n<blockquote><p><em>\"Quer\u00eda una plataforma para chatear por v\u00eddeo con desconocidos tras el cierre de Omegle, y StrangerCam se convirti\u00f3 en mi favorita. Es gratis, r\u00e1pido y est\u00e1 lleno de gente real\".<\/em><br \/>\n- Adam, 27 a\u00f1os<\/p><\/blockquote>\n<blockquote><p><em>\"A diferencia de otros sitios, el filtro de g\u00e9nero funciona realmente gratis. He tenido chats geniales con gente de todo el mundo\".<\/em><br \/>\n- Sof\u00eda, 22 a\u00f1os<\/p><\/blockquote>\n<blockquote><p><em>\"Sin descarga de aplicaciones, sin registro, solo conexiones instant\u00e1neas. Exactamente lo que buscaba\".<\/em><br \/>\n- Liam, 30 a\u00f1os<\/p><\/blockquote>\n<blockquote><p><em>\"La moderaci\u00f3n me hace sentir segura. Si alguien es grosero, puedo saltarlo o denunciarlo al instante\".<\/em><br \/>\n- Isabella, 24 a\u00f1os<\/p><\/blockquote>\n<h2>Consejos de seguridad para videoconferencias con desconocidos<\/h2>\n<p>Aunque las videoconferencias aleatorias son divertidas, es importante protegerse:<\/p>\n<ul>\n<li>No compartas datos personales (nombre real, tel\u00e9fono, direcci\u00f3n).<\/li>\n<li>Evite hacer clic en enlaces enviados por desconocidos.<\/li>\n<li>Utilice \"Siguiente\" libremente si se siente inc\u00f3modo.<\/li>\n<li>Comprueba tus antecedentes para evitar mostrar informaci\u00f3n privada.<\/li>\n<li>Lim\u00edtate a las herramientas de la plataforma (bloquea\/denuncia cuando sea necesario).<\/li>\n<li>Si tienes menos de 18 a\u00f1os, no utilices plataformas de chat para adultos.<\/li>\n<\/ul>\n<h2>C\u00f3mo empezar - Paso a paso<\/h2>\n<p>Se tarda menos de un minuto en iniciar una videoconferencia con desconocidos:<\/p>\n<ol>\n<li>Abre StrangerCam en tu dispositivo.<\/li>\n<li>Permitir el acceso a la c\u00e1mara y al micr\u00f3fono.<\/li>\n<li>Seleccione sus preferencias (por ejemplo, filtro de g\u00e9nero).<\/li>\n<li>Haz clic en Iniciar chat para conectarte al instante.<\/li>\n<li>Conoce a desconocidos cara a cara y haz clic en Siguiente en cualquier momento.<\/li>\n<\/ol>\n<p>Eso es todo: r\u00e1pido, f\u00e1cil y gratis.<\/p>\n<h2>Reflexiones finales - Pruebe ahora el Videochat Gratis con Desconocidos<\/h2>\n<p>En 2025, el videochat con desconocidos sigue siendo una de las formas m\u00e1s interesantes de conocer gente nueva en Internet. Es espont\u00e1neo, aut\u00e9ntico y te conecta al instante con personas reales de todo el mundo. Pero no todas las plataformas cumplen sus promesas: algunas limitan sus funciones o imponen barreras de pago.<\/p>\n<p>Por eso StrangerCam destaca: es gratis, segura, an\u00f3nima y global. Si buscas hacer amigos, conocer chicas o simplemente disfrutar de conversaciones al azar, es una de las mejores opciones disponibles hoy en d\u00eda.<\/p>\n<p>\u00bfListo para conectar? Inicia ahora un videochat gratuito con desconocidos y descubre a qui\u00e9n conocer\u00e1s despu\u00e9s.<\/p>","protected":false},"excerpt":{"rendered":"<p>Are you searching for the best way to video chat with strangers? You\u2019re not alone. Since the rise of Omegle, Chatroulette, and similar platforms, millions of people worldwide have discovered the thrill of instant video chat with random people across the globe. In 2025, the trend is bigger than ever\u2014with new platforms offering safer, smoother, [&hellip;]<\/p>\n","protected":false},"author":8,"featured_media":0,"parent":0,"menu_order":0,"comment_status":"closed","ping_status":"closed","template":"","meta":{"footnotes":""},"class_list":["post-3516","page","type-page","status-publish","hentry"],"yoast_head":"<!-- This site is optimized with the Yoast SEO plugin v26.9 - https:\/\/yoast.com\/product\/yoast-seo-wordpress\/ -->\n<title>Video Chat With Strangers with Random Chat on Strangercam.com<\/title>\n<meta name=\"description\" content=\"Liking Video Chat With Strangers? Join millions on StrangerCam.com! Start a random video chat, turn on your cam, and meet strangers instantly.\" \/>\n<meta name=\"robots\" content=\"index, follow, max-snippet:-1, max-image-preview:large, max-video-preview:-1\" \/>\n<link rel=\"canonical\" href=\"https:\/\/strangercam.com\/es\/videochat-con-extranos\/\" \/>\n<meta property=\"og:locale\" content=\"es_ES\" \/>\n<meta property=\"og:type\" content=\"article\" \/>\n<meta property=\"og:title\" content=\"Video Chat With Strangers with Random Chat on Strangercam.com\" \/>\n<meta property=\"og:description\" content=\"Liking Video Chat With Strangers? Join millions on StrangerCam.com! Start a random video chat, turn on your cam, and meet strangers instantly.\" \/>\n<meta property=\"og:url\" content=\"https:\/\/strangercam.com\/es\/videochat-con-extranos\/\" \/>\n<meta property=\"og:site_name\" content=\"Strangercam\" \/>\n<meta property=\"article:publisher\" content=\"https:\/\/www.facebook.com\/strangercam\" \/>\n<meta property=\"article:modified_time\" content=\"2025-08-18T12:14:10+00:00\" \/>\n<meta property=\"og:image\" content=\"https:\/\/strangercam.com\/wp-content\/uploads\/2021\/10\/Untitled-2.png\" \/>\n\t<meta property=\"og:image:width\" content=\"800\" \/>\n\t<meta property=\"og:image:height\" content=\"532\" \/>\n\t<meta property=\"og:image:type\" content=\"image\/png\" \/>\n<meta name=\"twitter:card\" content=\"summary_large_image\" \/>\n<meta name=\"twitter:site\" content=\"@strangercamapp\" \/>\n<meta name=\"twitter:label1\" content=\"Tiempo de lectura\" \/>\n\t<meta name=\"twitter:data1\" content=\"5 minutos\" \/>\n<script type=\"application\/ld+json\" class=\"yoast-schema-graph\">{\"@context\":\"https:\/\/schema.org\",\"@graph\":[{\"@type\":\"WebPage\",\"@id\":\"https:\/\/strangercam.com\/video-chat-with-strangers\/\",\"url\":\"https:\/\/strangercam.com\/video-chat-with-strangers\/\",\"name\":\"Video Chat With Strangers with Random Chat on Strangercam.com\",\"isPartOf\":{\"@id\":\"https:\/\/strangercam.com\/#website\"},\"datePublished\":\"2025-08-18T11:21:58+00:00\",\"dateModified\":\"2025-08-18T12:14:10+00:00\",\"description\":\"Liking Video Chat With Strangers? Join millions on StrangerCam.com! Start a random video chat, turn on your cam, and meet strangers instantly.\",\"breadcrumb\":{\"@id\":\"https:\/\/strangercam.com\/video-chat-with-strangers\/#breadcrumb\"},\"inLanguage\":\"es\",\"potentialAction\":[{\"@type\":\"ReadAction\",\"target\":[\"https:\/\/strangercam.com\/video-chat-with-strangers\/\"]}]},{\"@type\":\"BreadcrumbList\",\"@id\":\"https:\/\/strangercam.com\/video-chat-with-strangers\/#breadcrumb\",\"itemListElement\":[{\"@type\":\"ListItem\",\"position\":1,\"name\":\"Home\",\"item\":\"https:\/\/strangercam.com\/\"},{\"@type\":\"ListItem\",\"position\":2,\"name\":\"Video Chat With Strangers\"}]},{\"@type\":\"WebSite\",\"@id\":\"https:\/\/strangercam.com\/#website\",\"url\":\"https:\/\/strangercam.com\/\",\"name\":\"Strangercam\",\"description\":\"Random Video Chat with Strangers\",\"publisher\":{\"@id\":\"https:\/\/strangercam.com\/#organization\"},\"alternateName\":\"Strangercam.com\",\"potentialAction\":[{\"@type\":\"SearchAction\",\"target\":{\"@type\":\"EntryPoint\",\"urlTemplate\":\"https:\/\/strangercam.com\/?s={search_term_string}\"},\"query-input\":{\"@type\":\"PropertyValueSpecification\",\"valueRequired\":true,\"valueName\":\"search_term_string\"}}],\"inLanguage\":\"es\"},{\"@type\":\"Organization\",\"@id\":\"https:\/\/strangercam.com\/#organization\",\"name\":\"Strangercam\",\"alternateName\":\"Strangercam.com\",\"url\":\"https:\/\/strangercam.com\/\",\"logo\":{\"@type\":\"ImageObject\",\"inLanguage\":\"es\",\"@id\":\"https:\/\/strangercam.com\/#\/schema\/logo\/image\/\",\"url\":\"https:\/\/strangercam.com\/wp-content\/uploads\/2020\/11\/cropped-new-favicon-black.png\",\"contentUrl\":\"https:\/\/strangercam.com\/wp-content\/uploads\/2020\/11\/cropped-new-favicon-black.png\",\"width\":512,\"height\":512,\"caption\":\"Strangercam\"},\"image\":{\"@id\":\"https:\/\/strangercam.com\/#\/schema\/logo\/image\/\"},\"sameAs\":[\"https:\/\/www.facebook.com\/strangercam\",\"https:\/\/x.com\/strangercamapp\"]}]}<\/script>\n<!-- \/ Yoast SEO plugin. -->","yoast_head_json":{"title":"Videochat con desconocidos con Random Chat en Strangercam.com","description":"\u00bfTe gusta el videochat con desconocidos? \u00a1Join millones en StrangerCam.com! Inicia un videochat aleatorio, enciende tu c\u00e1mara y conoce a desconocidos al instante.","robots":{"index":"index","follow":"follow","max-snippet":"max-snippet:-1","max-image-preview":"max-image-preview:large","max-video-preview":"max-video-preview:-1"},"canonical":"https:\/\/strangercam.com\/es\/videochat-con-extranos\/","og_locale":"es_ES","og_type":"article","og_title":"Video Chat With Strangers with Random Chat on Strangercam.com","og_description":"Liking Video Chat With Strangers? Join millions on StrangerCam.com! Start a random video chat, turn on your cam, and meet strangers instantly.","og_url":"https:\/\/strangercam.com\/es\/videochat-con-extranos\/","og_site_name":"Strangercam","article_publisher":"https:\/\/www.facebook.com\/strangercam","article_modified_time":"2025-08-18T12:14:10+00:00","og_image":[{"width":800,"height":532,"url":"https:\/\/strangercam.com\/wp-content\/uploads\/2021\/10\/Untitled-2.png","type":"image\/png"}],"twitter_card":"summary_large_image","twitter_site":"@strangercamapp","twitter_misc":{"Tiempo de lectura":"5 minutos"},"schema":{"@context":"https:\/\/schema.org","@graph":[{"@type":"WebPage","@id":"https:\/\/strangercam.com\/video-chat-with-strangers\/","url":"https:\/\/strangercam.com\/video-chat-with-strangers\/","name":"Videochat con desconocidos con Random Chat en Strangercam.com","isPartOf":{"@id":"https:\/\/strangercam.com\/#website"},"datePublished":"2025-08-18T11:21:58+00:00","dateModified":"2025-08-18T12:14:10+00:00","description":"\u00bfTe gusta el videochat con desconocidos? \u00a1Join millones en StrangerCam.com! Inicia un videochat aleatorio, enciende tu c\u00e1mara y conoce a desconocidos al instante.","breadcrumb":{"@id":"https:\/\/strangercam.com\/video-chat-with-strangers\/#breadcrumb"},"inLanguage":"es","potentialAction":[{"@type":"ReadAction","target":["https:\/\/strangercam.com\/video-chat-with-strangers\/"]}]},{"@type":"BreadcrumbList","@id":"https:\/\/strangercam.com\/video-chat-with-strangers\/#breadcrumb","itemListElement":[{"@type":"ListItem","position":1,"name":"Home","item":"https:\/\/strangercam.com\/"},{"@type":"ListItem","position":2,"name":"Video Chat With Strangers"}]},{"@type":"WebSite","@id":"https:\/\/strangercam.com\/#website","url":"https:\/\/strangercam.com\/","name":"Strangercam","description":"Videochat aleatorio con desconocidos","publisher":{"@id":"https:\/\/strangercam.com\/#organization"},"alternateName":"Strangercam.com","potentialAction":[{"@type":"SearchAction","target":{"@type":"EntryPoint","urlTemplate":"https:\/\/strangercam.com\/?s={search_term_string}"},"query-input":{"@type":"PropertyValueSpecification","valueRequired":true,"valueName":"search_term_string"}}],"inLanguage":"es"},{"@type":"Organization","@id":"https:\/\/strangercam.com\/#organization","name":"Strangercam","alternateName":"Strangercam.com","url":"https:\/\/strangercam.com\/","logo":{"@type":"ImageObject","inLanguage":"es","@id":"https:\/\/strangercam.com\/#\/schema\/logo\/image\/","url":"https:\/\/strangercam.com\/wp-content\/uploads\/2020\/11\/cropped-new-favicon-black.png","contentUrl":"https:\/\/strangercam.com\/wp-content\/uploads\/2020\/11\/cropped-new-favicon-black.png","width":512,"height":512,"caption":"Strangercam"},"image":{"@id":"https:\/\/strangercam.com\/#\/schema\/logo\/image\/"},"sameAs":["https:\/\/www.facebook.com\/strangercam","https:\/\/x.com\/strangercamapp"]}]}},"_links":{"self":[{"href":"https:\/\/strangercam.com\/es\/wp-json\/wp\/v2\/pages\/3516","targetHints":{"allow":["GET"]}}],"collection":[{"href":"https:\/\/strangercam.com\/es\/wp-json\/wp\/v2\/pages"}],"about":[{"href":"https:\/\/strangercam.com\/es\/wp-json\/wp\/v2\/types\/page"}],"author":[{"embeddable":true,"href":"https:\/\/strangercam.com\/es\/wp-json\/wp\/v2\/users\/8"}],"replies":[{"embeddable":true,"href":"https:\/\/strangercam.com\/es\/wp-json\/wp\/v2\/comments?post=3516"}],"version-history":[{"count":2,"href":"https:\/\/strangercam.com\/es\/wp-json\/wp\/v2\/pages\/3516\/revisions"}],"predecessor-version":[{"id":12969,"href":"https:\/\/strangercam.com\/es\/wp-json\/wp\/v2\/pages\/3516\/revisions\/12969"}],"wp:attachment":[{"href":"https:\/\/strangercam.com\/es\/wp-json\/wp\/v2\/media?parent=3516"}],"curies":[{"name":"wp","href":"https:\/\/api.w.org\/{rel}","templated":true}]}}