{"id":3300,"date":"2021-05-09T21:47:49","date_gmt":"2021-05-09T19:47:49","guid":{"rendered":"https:\/\/strangercam.com\/?page_id=3300"},"modified":"2023-08-21T12:24:41","modified_gmt":"2023-08-21T10:24:41","slug":"chatpig","status":"publish","type":"page","link":"https:\/\/strangercam.com\/es\/chatpig\/","title":{"rendered":"Chatpig"},"content":{"rendered":"<p>Las tecnolog\u00edas mejoran d\u00eda a d\u00eda y permiten conectar con otras personas lo antes posible. Tambi\u00e9n proporcionan maneras de desarrollar relaciones a distancia y hacer nuevos amigos a trav\u00e9s de sitios de citas y aplicaciones. Chatpig sitio web de citas permite a los miembros para asegurar la diversi\u00f3n y la emoci\u00f3n despu\u00e9s de crear una cuenta. Permite a los usuarios encontrar nuevos amigos de diferentes \u00e1mbitos de la vida con facilidad. Aquellos que quieran identificar solteros en un lugar pueden beneficiarse mucho de la p\u00e1gina web, ya que cubre excelentes caracter\u00edsticas para ellos. Adem\u00e1s, el sitio web es la mejor opci\u00f3n para <a href=\"https:\/\/strangercam.com\/es\/shagle\/\">para adultos<\/a> de citas que satisfagan las necesidades de los usuarios.<\/p>\n<h2>\u00bfC\u00f3mo crear una cuenta en el sitio web de citas Chatpig?<\/h2>\n<p>El proceso de registro es muy sencillo y los nuevos miembros pueden continuar en el sitio web como invitados o creando una cuenta. Por otro lado, es necesario seleccionar el sexo y aceptar los t\u00e9rminos y condiciones del sitio al elegir la opci\u00f3n de invitado. Los nuevos usuarios que deseen crear una cuenta deben tener un correo electr\u00f3nico v\u00e1lido y proporcionar un apodo con una contrase\u00f1a segura. Despu\u00e9s de recibir la cuenta por correo electr\u00f3nico, hay que introducir el c\u00f3digo de activaci\u00f3n para validarla.<\/p>\n<h3>Saber m\u00e1s sobre adult cam chat<\/h3>\n<p>El sitio web de citas ofrece <a href=\"https:\/\/strangercam.com\/es\/bazoocam\/\">leva<\/a> <a href=\"https:\/\/strangercam.com\/es\/chatroulette\/\">chat<\/a> servicios para que los usuarios conversen con modelos y otras personas. Una persona puede iniciar sesi\u00f3n en el sitio con su nombre de usuario y contrase\u00f1a para empezar a chatear con los dem\u00e1s. Adem\u00e1s, los miembros pueden incluso elegir el tipo de c\u00e1mara que desean tras evaluar detalladamente las categor\u00edas. Es la \u00fanica plataforma de chat por webcam en la que los usuarios pueden hablar con hombres, mujeres, parejas y otros. Aparte de eso, se puede chatear con cualquier g\u00e9nero sin utilizar un filtro de g\u00e9nero. Sin embargo, los usuarios deben seguir las normas y reglamentos en detalle al chatear con <a href=\"https:\/\/strangercam.com\/es\/videochat-con-chicas\/\">chicas<\/a>.<\/p>\n<h3>\u00bfQu\u00e9 caracter\u00edsticas tiene el Chatpig?<\/h3>\n<p>En el sitio web hay disponibles varias salas de chat en las que se puede encontrar f\u00e1cilmente a numerosos chicos y chicas calientes. Ofrece la posibilidad de enviar mensajes de texto, fotos y emojis a otras personas que ayudar\u00e1n a identificar a quienes comparten intereses comunes. Los usuarios pueden incluso comprar una ficha en el sitio web para convertirse en miembros. Otras caracter\u00edsticas que ofrece el sitio web son una interfaz de calidad, calidad de la audiencia, seguridad y privacidad, lo que garantiza una buena experiencia. Al mismo tiempo, es aconsejable seguir los t\u00e9rminos y condiciones correctamente antes de crear una cuenta en el sitio web que ayuda a <a href=\"https:\/\/strangercam.com\/es\/coomeet\/\">conozca<\/a> necesidades esenciales.<\/p>","protected":false},"excerpt":{"rendered":"<p>Technologies are improving day by day allowing people to connect with others as soon as possible. They also provide ways to develop long-distance relationships and make new friends through dating sites and apps. Chatpig dating website enables members to ensure fun and excitement after creating an account. It enables users to find new friends from [&hellip;]<\/p>\n","protected":false},"author":6,"featured_media":559,"parent":0,"menu_order":0,"comment_status":"closed","ping_status":"closed","template":"","meta":{"footnotes":""},"class_list":["post-3300","page","type-page","status-publish","has-post-thumbnail","hentry"],"yoast_head":"<!-- This site is optimized with the Yoast SEO plugin v26.9 - https:\/\/yoast.com\/product\/yoast-seo-wordpress\/ -->\n<title>Chatpig - Most Popular Video Chats - Cam on StrangerCam.com<\/title>\n<meta name=\"description\" content=\"Like Chatpig? Come chat with more than 5.000.000 strangers on Stranger Cam for Free! Turn on your cam and find new friends &amp; maby a match!\" \/>\n<meta name=\"robots\" content=\"index, follow, max-snippet:-1, max-image-preview:large, max-video-preview:-1\" \/>\n<link rel=\"canonical\" href=\"https:\/\/strangercam.com\/es\/chatpig\/\" \/>\n<meta property=\"og:locale\" content=\"es_ES\" \/>\n<meta property=\"og:type\" content=\"article\" \/>\n<meta property=\"og:title\" content=\"Chatpig - Most Popular Video Chats - Cam on StrangerCam.com\" \/>\n<meta property=\"og:description\" content=\"Like Chatpig? Come chat with more than 5.000.000 strangers on Stranger Cam for Free! Turn on your cam and find new friends &amp; maby a match!\" \/>\n<meta property=\"og:url\" content=\"https:\/\/strangercam.com\/es\/chatpig\/\" \/>\n<meta property=\"og:site_name\" content=\"Strangercam\" \/>\n<meta property=\"article:publisher\" content=\"https:\/\/www.facebook.com\/strangercam\" \/>\n<meta property=\"article:modified_time\" content=\"2023-08-21T10:24:41+00:00\" \/>\n<meta property=\"og:image\" content=\"https:\/\/strangercam.com\/wp-content\/uploads\/2020\/11\/stranger-cam-1.png\" \/>\n\t<meta property=\"og:image:width\" content=\"800\" \/>\n\t<meta property=\"og:image:height\" content=\"800\" \/>\n\t<meta property=\"og:image:type\" content=\"image\/png\" \/>\n<meta name=\"twitter:card\" content=\"summary_large_image\" \/>\n<meta name=\"twitter:site\" content=\"@strangercamapp\" \/>\n<meta name=\"twitter:label1\" content=\"Tiempo de lectura\" \/>\n\t<meta name=\"twitter:data1\" content=\"2 minutos\" \/>\n<script type=\"application\/ld+json\" class=\"yoast-schema-graph\">{\"@context\":\"https:\/\/schema.org\",\"@graph\":[{\"@type\":\"WebPage\",\"@id\":\"https:\/\/strangercam.com\/chatpig\/\",\"url\":\"https:\/\/strangercam.com\/chatpig\/\",\"name\":\"Chatpig - Most Popular Video Chats - Cam on StrangerCam.com\",\"isPartOf\":{\"@id\":\"https:\/\/strangercam.com\/#website\"},\"primaryImageOfPage\":{\"@id\":\"https:\/\/strangercam.com\/chatpig\/#primaryimage\"},\"image\":{\"@id\":\"https:\/\/strangercam.com\/chatpig\/#primaryimage\"},\"thumbnailUrl\":\"https:\/\/strangercam.com\/wp-content\/uploads\/2020\/11\/stranger-cam-1.png\",\"datePublished\":\"2021-05-09T19:47:49+00:00\",\"dateModified\":\"2023-08-21T10:24:41+00:00\",\"description\":\"Like Chatpig? Come chat with more than 5.000.000 strangers on Stranger Cam for Free! Turn on your cam and find new friends & maby a match!\",\"breadcrumb\":{\"@id\":\"https:\/\/strangercam.com\/chatpig\/#breadcrumb\"},\"inLanguage\":\"es\",\"potentialAction\":[{\"@type\":\"ReadAction\",\"target\":[\"https:\/\/strangercam.com\/chatpig\/\"]}]},{\"@type\":\"ImageObject\",\"inLanguage\":\"es\",\"@id\":\"https:\/\/strangercam.com\/chatpig\/#primaryimage\",\"url\":\"https:\/\/strangercam.com\/wp-content\/uploads\/2020\/11\/stranger-cam-1.png\",\"contentUrl\":\"https:\/\/strangercam.com\/wp-content\/uploads\/2020\/11\/stranger-cam-1.png\",\"width\":800,\"height\":800,\"caption\":\"stranger cam random video chat\"},{\"@type\":\"BreadcrumbList\",\"@id\":\"https:\/\/strangercam.com\/chatpig\/#breadcrumb\",\"itemListElement\":[{\"@type\":\"ListItem\",\"position\":1,\"name\":\"Home\",\"item\":\"https:\/\/strangercam.com\/\"},{\"@type\":\"ListItem\",\"position\":2,\"name\":\"Chatpig\"}]},{\"@type\":\"WebSite\",\"@id\":\"https:\/\/strangercam.com\/#website\",\"url\":\"https:\/\/strangercam.com\/\",\"name\":\"Strangercam\",\"description\":\"Random Video Chat with Strangers\",\"publisher\":{\"@id\":\"https:\/\/strangercam.com\/#organization\"},\"alternateName\":\"Strangercam.com\",\"potentialAction\":[{\"@type\":\"SearchAction\",\"target\":{\"@type\":\"EntryPoint\",\"urlTemplate\":\"https:\/\/strangercam.com\/?s={search_term_string}\"},\"query-input\":{\"@type\":\"PropertyValueSpecification\",\"valueRequired\":true,\"valueName\":\"search_term_string\"}}],\"inLanguage\":\"es\"},{\"@type\":\"Organization\",\"@id\":\"https:\/\/strangercam.com\/#organization\",\"name\":\"Strangercam\",\"alternateName\":\"Strangercam.com\",\"url\":\"https:\/\/strangercam.com\/\",\"logo\":{\"@type\":\"ImageObject\",\"inLanguage\":\"es\",\"@id\":\"https:\/\/strangercam.com\/#\/schema\/logo\/image\/\",\"url\":\"https:\/\/strangercam.com\/wp-content\/uploads\/2020\/11\/cropped-new-favicon-black.png\",\"contentUrl\":\"https:\/\/strangercam.com\/wp-content\/uploads\/2020\/11\/cropped-new-favicon-black.png\",\"width\":512,\"height\":512,\"caption\":\"Strangercam\"},\"image\":{\"@id\":\"https:\/\/strangercam.com\/#\/schema\/logo\/image\/\"},\"sameAs\":[\"https:\/\/www.facebook.com\/strangercam\",\"https:\/\/x.com\/strangercamapp\"]}]}<\/script>\n<!-- \/ Yoast SEO plugin. -->","yoast_head_json":{"title":"Chatpig - Videochats m\u00e1s populares - Cam en StrangerCam.com","description":"\u00bfTe gusta Chatpig? \u00a1Ven a chatear gratis con m\u00e1s de 5.000.000 de desconocidos en Stranger Cam! \u00a1Enciende tu c\u00e1mara y encuentra nuevos amigos y tal vez una pareja!","robots":{"index":"index","follow":"follow","max-snippet":"max-snippet:-1","max-image-preview":"max-image-preview:large","max-video-preview":"max-video-preview:-1"},"canonical":"https:\/\/strangercam.com\/es\/chatpig\/","og_locale":"es_ES","og_type":"article","og_title":"Chatpig - Most Popular Video Chats - Cam on StrangerCam.com","og_description":"Like Chatpig? Come chat with more than 5.000.000 strangers on Stranger Cam for Free! Turn on your cam and find new friends & maby a match!","og_url":"https:\/\/strangercam.com\/es\/chatpig\/","og_site_name":"Strangercam","article_publisher":"https:\/\/www.facebook.com\/strangercam","article_modified_time":"2023-08-21T10:24:41+00:00","og_image":[{"width":800,"height":800,"url":"https:\/\/strangercam.com\/wp-content\/uploads\/2020\/11\/stranger-cam-1.png","type":"image\/png"}],"twitter_card":"summary_large_image","twitter_site":"@strangercamapp","twitter_misc":{"Tiempo de lectura":"2 minutos"},"schema":{"@context":"https:\/\/schema.org","@graph":[{"@type":"WebPage","@id":"https:\/\/strangercam.com\/chatpig\/","url":"https:\/\/strangercam.com\/chatpig\/","name":"Chatpig - Videochats m\u00e1s populares - Cam en StrangerCam.com","isPartOf":{"@id":"https:\/\/strangercam.com\/#website"},"primaryImageOfPage":{"@id":"https:\/\/strangercam.com\/chatpig\/#primaryimage"},"image":{"@id":"https:\/\/strangercam.com\/chatpig\/#primaryimage"},"thumbnailUrl":"https:\/\/strangercam.com\/wp-content\/uploads\/2020\/11\/stranger-cam-1.png","datePublished":"2021-05-09T19:47:49+00:00","dateModified":"2023-08-21T10:24:41+00:00","description":"\u00bfTe gusta Chatpig? \u00a1Ven a chatear gratis con m\u00e1s de 5.000.000 de desconocidos en Stranger Cam! \u00a1Enciende tu c\u00e1mara y encuentra nuevos amigos y tal vez una pareja!","breadcrumb":{"@id":"https:\/\/strangercam.com\/chatpig\/#breadcrumb"},"inLanguage":"es","potentialAction":[{"@type":"ReadAction","target":["https:\/\/strangercam.com\/chatpig\/"]}]},{"@type":"ImageObject","inLanguage":"es","@id":"https:\/\/strangercam.com\/chatpig\/#primaryimage","url":"https:\/\/strangercam.com\/wp-content\/uploads\/2020\/11\/stranger-cam-1.png","contentUrl":"https:\/\/strangercam.com\/wp-content\/uploads\/2020\/11\/stranger-cam-1.png","width":800,"height":800,"caption":"stranger cam random video chat"},{"@type":"BreadcrumbList","@id":"https:\/\/strangercam.com\/chatpig\/#breadcrumb","itemListElement":[{"@type":"ListItem","position":1,"name":"Home","item":"https:\/\/strangercam.com\/"},{"@type":"ListItem","position":2,"name":"Chatpig"}]},{"@type":"WebSite","@id":"https:\/\/strangercam.com\/#website","url":"https:\/\/strangercam.com\/","name":"Strangercam","description":"Videochat aleatorio con desconocidos","publisher":{"@id":"https:\/\/strangercam.com\/#organization"},"alternateName":"Strangercam.com","potentialAction":[{"@type":"SearchAction","target":{"@type":"EntryPoint","urlTemplate":"https:\/\/strangercam.com\/?s={search_term_string}"},"query-input":{"@type":"PropertyValueSpecification","valueRequired":true,"valueName":"search_term_string"}}],"inLanguage":"es"},{"@type":"Organization","@id":"https:\/\/strangercam.com\/#organization","name":"Strangercam","alternateName":"Strangercam.com","url":"https:\/\/strangercam.com\/","logo":{"@type":"ImageObject","inLanguage":"es","@id":"https:\/\/strangercam.com\/#\/schema\/logo\/image\/","url":"https:\/\/strangercam.com\/wp-content\/uploads\/2020\/11\/cropped-new-favicon-black.png","contentUrl":"https:\/\/strangercam.com\/wp-content\/uploads\/2020\/11\/cropped-new-favicon-black.png","width":512,"height":512,"caption":"Strangercam"},"image":{"@id":"https:\/\/strangercam.com\/#\/schema\/logo\/image\/"},"sameAs":["https:\/\/www.facebook.com\/strangercam","https:\/\/x.com\/strangercamapp"]}]}},"_links":{"self":[{"href":"https:\/\/strangercam.com\/es\/wp-json\/wp\/v2\/pages\/3300","targetHints":{"allow":["GET"]}}],"collection":[{"href":"https:\/\/strangercam.com\/es\/wp-json\/wp\/v2\/pages"}],"about":[{"href":"https:\/\/strangercam.com\/es\/wp-json\/wp\/v2\/types\/page"}],"author":[{"embeddable":true,"href":"https:\/\/strangercam.com\/es\/wp-json\/wp\/v2\/users\/6"}],"replies":[{"embeddable":true,"href":"https:\/\/strangercam.com\/es\/wp-json\/wp\/v2\/comments?post=3300"}],"version-history":[{"count":0,"href":"https:\/\/strangercam.com\/es\/wp-json\/wp\/v2\/pages\/3300\/revisions"}],"wp:featuredmedia":[{"embeddable":true,"href":"https:\/\/strangercam.com\/es\/wp-json\/wp\/v2\/media\/559"}],"wp:attachment":[{"href":"https:\/\/strangercam.com\/es\/wp-json\/wp\/v2\/media?parent=3300"}],"curies":[{"name":"wp","href":"https:\/\/api.w.org\/{rel}","templated":true}]}}