{"id":3283,"date":"2021-05-09T21:43:36","date_gmt":"2021-05-09T19:43:36","guid":{"rendered":"https:\/\/strangercam.com\/?page_id=3283"},"modified":"2023-08-21T11:40:07","modified_gmt":"2023-08-21T09:40:07","slug":"alotalk","status":"publish","type":"page","link":"https:\/\/strangercam.com\/es\/allotalk\/","title":{"rendered":"Allotalk"},"content":{"rendered":"<p>Un sitio web de citas permite a los usuarios encontrar f\u00e1cilmente solteros y nuevos amigos en un lugar determinado. Por otra parte, los nuevos miembros deben elegir el sitio web adecuado que se adapte a sus necesidades y otras cosas. Allotalk es un sitio web de citas destinado a adolescentes, solteros y desconocidos que desean <a href=\"https:\/\/strangercam.com\/es\/chatroulette\/\">chat<\/a> con <a href=\"https:\/\/strangercam.com\/es\/chatrandom\/\">al azar<\/a> personas a trav\u00e9s de salas de chat. Es <a href=\"https:\/\/strangercam.com\/es\/1v1-chat\/\">un<\/a> de las plataformas de chat en l\u00ednea m\u00e1s seguras para los adolescentes, que les permite identificar a sus verdaderos amigos con facilidad. La plataforma es la opci\u00f3n adecuada para quienes desean <a href=\"https:\/\/strangercam.com\/es\/coomeet\/\">conozca<\/a> solteros con culturas diferentes.<\/p>\n<h2>\u00bfC\u00f3mo utilizar el sitio web de citas Allotalk?<\/h2>\n<p>El sitio web de citas ofrece la posibilidad de entablar conversaciones con otras personas a trav\u00e9s de salas de chat y chats privados. Cuenta con ocho salas de chat para adolescentes que les permiten hacer amigos de distintas partes del mundo. Cualquiera que desee registrarse en este sitio web puede utilizar su cuenta de Facebook o Twitter. Por otro lado, deben utilizar el mismo nombre de usuario y contrase\u00f1a durante el proceso de registro, lo que les ayudar\u00e1 a cumplir sus objetivos. Adem\u00e1s, la plataforma ofrece una opci\u00f3n de invitado para los nuevos usuarios, que s\u00f3lo tienen que proporcionar un nombre de usuario y entrar en la casilla captcha para la confirmaci\u00f3n.<\/p>\n<h2>\u00bfCu\u00e1les son los pros y los contras?<\/h2>\n<p>El sitio web tiene un dise\u00f1o sencillo y una interfaz de usuario que permite a los usuarios comunicarse f\u00e1cilmente con los dem\u00e1s. Adem\u00e1s, ofrece m\u00e9todos para enviar mensajes privados a otras personas que ayudar\u00e1n a forjar amistades con facilidad. Los usuarios pueden incluso enviar regalos y v\u00eddeos de YouTube en un chat de grupo para invitar a m\u00e1s amigos. Otra caracter\u00edstica del sitio web es que ofrece m\u00e9todos para crear tu propia sala de chat en funci\u00f3n de tus preferencias. Como todas las salas de chat funcionan r\u00e1pido, no requiere ning\u00fan plug-in. Aunque la versi\u00f3n de la aplicaci\u00f3n es c\u00f3moda de usar, s\u00f3lo est\u00e1 disponible para tel\u00e9fonos Android.<\/p>\n<h2>\u00bfCu\u00e1les son los planes de precios?<\/h2>\n<p>Antes de crear una cuenta, hay que conocer en detalle los planes de precios que ayudar\u00e1n a tomar la decisi\u00f3n correcta. Allotalk ofrece <a href=\"https:\/\/strangercam.com\/es\/chat4free\/\">gratis<\/a> servicios y servicios de pago para los usuarios y pueden elegir el mejor despu\u00e9s de hacer la investigaci\u00f3n. Ofrece planes mensuales, trimestrales y anuales para nuevos miembros, mostrando as\u00ed formas de obtener excelentes beneficios. Los servicios de pago permiten a los usuarios subir sus im\u00e1genes, ver mensajes de chat y enviar mensajes de voz. Sin embargo, es necesario leer detalladamente los t\u00e9rminos y condiciones al crear una cuenta. El sitio web es la mejor opci\u00f3n para encontrar personas afines de diferentes \u00e1mbitos de la vida sin complicaciones.<\/p>","protected":false},"excerpt":{"rendered":"<p>A dating website allows users to find singles as well as new friends in a location easily. On the other hand, new members should choose the right website which tailors to their needs and other things. Allotalk is a dating website meant for teenagers, singles, and strangers who want to chat with random people through [&hellip;]<\/p>\n","protected":false},"author":6,"featured_media":559,"parent":0,"menu_order":0,"comment_status":"closed","ping_status":"closed","template":"","meta":{"footnotes":""},"class_list":["post-3283","page","type-page","status-publish","has-post-thumbnail","hentry"],"yoast_head":"<!-- This site is optimized with the Yoast SEO plugin v27.4 - https:\/\/yoast.com\/product\/yoast-seo-wordpress\/ -->\n<title>Allotalk - Most Popular Video Chats - Cam on StrangerCam.com<\/title>\n<meta name=\"description\" content=\"Like Allotalk? Come chat with more than 5.000.000 strangers on Stranger Cam for Free! Turn on your cam and find new friends &amp; maby a match!\" \/>\n<meta name=\"robots\" content=\"index, follow, max-snippet:-1, max-image-preview:large, max-video-preview:-1\" \/>\n<link rel=\"canonical\" href=\"https:\/\/strangercam.com\/es\/alotalk\/\" \/>\n<meta property=\"og:locale\" content=\"es_ES\" \/>\n<meta property=\"og:type\" content=\"article\" \/>\n<meta property=\"og:title\" content=\"Allotalk - Most Popular Video Chats - Cam on StrangerCam.com\" \/>\n<meta property=\"og:description\" content=\"Like Allotalk? Come chat with more than 5.000.000 strangers on Stranger Cam for Free! Turn on your cam and find new friends &amp; maby a match!\" \/>\n<meta property=\"og:url\" content=\"https:\/\/strangercam.com\/es\/alotalk\/\" \/>\n<meta property=\"og:site_name\" content=\"Strangercam\" \/>\n<meta property=\"article:publisher\" content=\"https:\/\/www.facebook.com\/strangercam\" \/>\n<meta property=\"article:modified_time\" content=\"2023-08-21T09:40:07+00:00\" \/>\n<meta property=\"og:image\" content=\"https:\/\/strangercam.com\/wp-content\/uploads\/2020\/11\/stranger-cam-1.png\" \/>\n\t<meta property=\"og:image:width\" content=\"800\" \/>\n\t<meta property=\"og:image:height\" content=\"800\" \/>\n\t<meta property=\"og:image:type\" content=\"image\/png\" \/>\n<meta name=\"twitter:card\" content=\"summary_large_image\" \/>\n<meta name=\"twitter:site\" content=\"@strangercamapp\" \/>\n<meta name=\"twitter:label1\" content=\"Tiempo de lectura\" \/>\n\t<meta name=\"twitter:data1\" content=\"2 minutos\" \/>\n<script type=\"application\/ld+json\" class=\"yoast-schema-graph\">{\"@context\":\"https:\\\/\\\/schema.org\",\"@graph\":[{\"@type\":\"WebPage\",\"@id\":\"https:\\\/\\\/strangercam.com\\\/allotalk\\\/\",\"url\":\"https:\\\/\\\/strangercam.com\\\/allotalk\\\/\",\"name\":\"Allotalk - Most Popular Video Chats - Cam on StrangerCam.com\",\"isPartOf\":{\"@id\":\"https:\\\/\\\/strangercam.com\\\/#website\"},\"primaryImageOfPage\":{\"@id\":\"https:\\\/\\\/strangercam.com\\\/allotalk\\\/#primaryimage\"},\"image\":{\"@id\":\"https:\\\/\\\/strangercam.com\\\/allotalk\\\/#primaryimage\"},\"thumbnailUrl\":\"https:\\\/\\\/strangercam.com\\\/wp-content\\\/uploads\\\/2020\\\/11\\\/stranger-cam-1.png\",\"datePublished\":\"2021-05-09T19:43:36+00:00\",\"dateModified\":\"2023-08-21T09:40:07+00:00\",\"description\":\"Like Allotalk? Come chat with more than 5.000.000 strangers on Stranger Cam for Free! Turn on your cam and find new friends & maby a match!\",\"breadcrumb\":{\"@id\":\"https:\\\/\\\/strangercam.com\\\/allotalk\\\/#breadcrumb\"},\"inLanguage\":\"es\",\"potentialAction\":[{\"@type\":\"ReadAction\",\"target\":[\"https:\\\/\\\/strangercam.com\\\/allotalk\\\/\"]}]},{\"@type\":\"ImageObject\",\"inLanguage\":\"es\",\"@id\":\"https:\\\/\\\/strangercam.com\\\/allotalk\\\/#primaryimage\",\"url\":\"https:\\\/\\\/strangercam.com\\\/wp-content\\\/uploads\\\/2020\\\/11\\\/stranger-cam-1.png\",\"contentUrl\":\"https:\\\/\\\/strangercam.com\\\/wp-content\\\/uploads\\\/2020\\\/11\\\/stranger-cam-1.png\",\"width\":800,\"height\":800,\"caption\":\"stranger cam random video chat\"},{\"@type\":\"BreadcrumbList\",\"@id\":\"https:\\\/\\\/strangercam.com\\\/allotalk\\\/#breadcrumb\",\"itemListElement\":[{\"@type\":\"ListItem\",\"position\":1,\"name\":\"Home\",\"item\":\"https:\\\/\\\/strangercam.com\\\/\"},{\"@type\":\"ListItem\",\"position\":2,\"name\":\"Allotalk\"}]},{\"@type\":\"WebSite\",\"@id\":\"https:\\\/\\\/strangercam.com\\\/#website\",\"url\":\"https:\\\/\\\/strangercam.com\\\/\",\"name\":\"Strangercam\",\"description\":\"Random Video Chat with Strangers\",\"publisher\":{\"@id\":\"https:\\\/\\\/strangercam.com\\\/#organization\"},\"alternateName\":\"Strangercam.com\",\"potentialAction\":[{\"@type\":\"SearchAction\",\"target\":{\"@type\":\"EntryPoint\",\"urlTemplate\":\"https:\\\/\\\/strangercam.com\\\/?s={search_term_string}\"},\"query-input\":{\"@type\":\"PropertyValueSpecification\",\"valueRequired\":true,\"valueName\":\"search_term_string\"}}],\"inLanguage\":\"es\"},{\"@type\":\"Organization\",\"@id\":\"https:\\\/\\\/strangercam.com\\\/#organization\",\"name\":\"Strangercam\",\"alternateName\":\"Strangercam.com\",\"url\":\"https:\\\/\\\/strangercam.com\\\/\",\"logo\":{\"@type\":\"ImageObject\",\"inLanguage\":\"es\",\"@id\":\"https:\\\/\\\/strangercam.com\\\/#\\\/schema\\\/logo\\\/image\\\/\",\"url\":\"https:\\\/\\\/strangercam.com\\\/wp-content\\\/uploads\\\/2020\\\/11\\\/cropped-new-favicon-black.png\",\"contentUrl\":\"https:\\\/\\\/strangercam.com\\\/wp-content\\\/uploads\\\/2020\\\/11\\\/cropped-new-favicon-black.png\",\"width\":512,\"height\":512,\"caption\":\"Strangercam\"},\"image\":{\"@id\":\"https:\\\/\\\/strangercam.com\\\/#\\\/schema\\\/logo\\\/image\\\/\"},\"sameAs\":[\"https:\\\/\\\/www.facebook.com\\\/strangercam\",\"https:\\\/\\\/x.com\\\/strangercamapp\"]}]}<\/script>\n<!-- \/ Yoast SEO plugin. -->","yoast_head_json":{"title":"Allotalk - Videochats m\u00e1s populares - Cam en StrangerCam.com","description":"\u00bfTe gusta Allotalk? \u00a1Ven a chatear gratis con m\u00e1s de 5.000.000 de desconocidos en Stranger Cam! \u00a1Enciende tu c\u00e1mara y encuentra nuevos amigos y tal vez una pareja!","robots":{"index":"index","follow":"follow","max-snippet":"max-snippet:-1","max-image-preview":"max-image-preview:large","max-video-preview":"max-video-preview:-1"},"canonical":"https:\/\/strangercam.com\/es\/alotalk\/","og_locale":"es_ES","og_type":"article","og_title":"Allotalk - Most Popular Video Chats - Cam on StrangerCam.com","og_description":"Like Allotalk? Come chat with more than 5.000.000 strangers on Stranger Cam for Free! Turn on your cam and find new friends & maby a match!","og_url":"https:\/\/strangercam.com\/es\/alotalk\/","og_site_name":"Strangercam","article_publisher":"https:\/\/www.facebook.com\/strangercam","article_modified_time":"2023-08-21T09:40:07+00:00","og_image":[{"width":800,"height":800,"url":"https:\/\/strangercam.com\/wp-content\/uploads\/2020\/11\/stranger-cam-1.png","type":"image\/png"}],"twitter_card":"summary_large_image","twitter_site":"@strangercamapp","twitter_misc":{"Tiempo de lectura":"2 minutos"},"schema":{"@context":"https:\/\/schema.org","@graph":[{"@type":"WebPage","@id":"https:\/\/strangercam.com\/allotalk\/","url":"https:\/\/strangercam.com\/allotalk\/","name":"Allotalk - Videochats m\u00e1s populares - Cam en StrangerCam.com","isPartOf":{"@id":"https:\/\/strangercam.com\/#website"},"primaryImageOfPage":{"@id":"https:\/\/strangercam.com\/allotalk\/#primaryimage"},"image":{"@id":"https:\/\/strangercam.com\/allotalk\/#primaryimage"},"thumbnailUrl":"https:\/\/strangercam.com\/wp-content\/uploads\/2020\/11\/stranger-cam-1.png","datePublished":"2021-05-09T19:43:36+00:00","dateModified":"2023-08-21T09:40:07+00:00","description":"\u00bfTe gusta Allotalk? \u00a1Ven a chatear gratis con m\u00e1s de 5.000.000 de desconocidos en Stranger Cam! \u00a1Enciende tu c\u00e1mara y encuentra nuevos amigos y tal vez una pareja!","breadcrumb":{"@id":"https:\/\/strangercam.com\/allotalk\/#breadcrumb"},"inLanguage":"es","potentialAction":[{"@type":"ReadAction","target":["https:\/\/strangercam.com\/allotalk\/"]}]},{"@type":"ImageObject","inLanguage":"es","@id":"https:\/\/strangercam.com\/allotalk\/#primaryimage","url":"https:\/\/strangercam.com\/wp-content\/uploads\/2020\/11\/stranger-cam-1.png","contentUrl":"https:\/\/strangercam.com\/wp-content\/uploads\/2020\/11\/stranger-cam-1.png","width":800,"height":800,"caption":"stranger cam random video chat"},{"@type":"BreadcrumbList","@id":"https:\/\/strangercam.com\/allotalk\/#breadcrumb","itemListElement":[{"@type":"ListItem","position":1,"name":"Home","item":"https:\/\/strangercam.com\/"},{"@type":"ListItem","position":2,"name":"Allotalk"}]},{"@type":"WebSite","@id":"https:\/\/strangercam.com\/#website","url":"https:\/\/strangercam.com\/","name":"Strangercam","description":"Videochat aleatorio con desconocidos","publisher":{"@id":"https:\/\/strangercam.com\/#organization"},"alternateName":"Strangercam.com","potentialAction":[{"@type":"SearchAction","target":{"@type":"EntryPoint","urlTemplate":"https:\/\/strangercam.com\/?s={search_term_string}"},"query-input":{"@type":"PropertyValueSpecification","valueRequired":true,"valueName":"search_term_string"}}],"inLanguage":"es"},{"@type":"Organization","@id":"https:\/\/strangercam.com\/#organization","name":"Strangercam","alternateName":"Strangercam.com","url":"https:\/\/strangercam.com\/","logo":{"@type":"ImageObject","inLanguage":"es","@id":"https:\/\/strangercam.com\/#\/schema\/logo\/image\/","url":"https:\/\/strangercam.com\/wp-content\/uploads\/2020\/11\/cropped-new-favicon-black.png","contentUrl":"https:\/\/strangercam.com\/wp-content\/uploads\/2020\/11\/cropped-new-favicon-black.png","width":512,"height":512,"caption":"Strangercam"},"image":{"@id":"https:\/\/strangercam.com\/#\/schema\/logo\/image\/"},"sameAs":["https:\/\/www.facebook.com\/strangercam","https:\/\/x.com\/strangercamapp"]}]}},"_links":{"self":[{"href":"https:\/\/strangercam.com\/es\/wp-json\/wp\/v2\/pages\/3283","targetHints":{"allow":["GET"]}}],"collection":[{"href":"https:\/\/strangercam.com\/es\/wp-json\/wp\/v2\/pages"}],"about":[{"href":"https:\/\/strangercam.com\/es\/wp-json\/wp\/v2\/types\/page"}],"author":[{"embeddable":true,"href":"https:\/\/strangercam.com\/es\/wp-json\/wp\/v2\/users\/6"}],"replies":[{"embeddable":true,"href":"https:\/\/strangercam.com\/es\/wp-json\/wp\/v2\/comments?post=3283"}],"version-history":[{"count":0,"href":"https:\/\/strangercam.com\/es\/wp-json\/wp\/v2\/pages\/3283\/revisions"}],"wp:featuredmedia":[{"embeddable":true,"href":"https:\/\/strangercam.com\/es\/wp-json\/wp\/v2\/media\/559"}],"wp:attachment":[{"href":"https:\/\/strangercam.com\/es\/wp-json\/wp\/v2\/media?parent=3283"}],"curies":[{"name":"wp","href":"https:\/\/api.w.org\/{rel}","templated":true}]}}