{"id":3232,"date":"2021-05-09T21:30:30","date_gmt":"2021-05-09T19:30:30","guid":{"rendered":"https:\/\/strangercam.com\/?page_id=3232"},"modified":"2023-08-21T12:24:41","modified_gmt":"2023-08-21T10:24:41","slug":"faceflow","status":"publish","type":"page","link":"https:\/\/strangercam.com\/es\/faceflow\/","title":{"rendered":"FaceFlow"},"content":{"rendered":"<p>Elegir un sitio web de citas no es una tarea f\u00e1cil porque debe <a href=\"https:\/\/strangercam.com\/es\/coomeet\/\">conozca<\/a> las expectativas de los usuarios de forma adecuada. El sitio web FaceFlow ofrece m\u00e9todos para descubrir nuevos amigos y almas gemelas que compartan intereses comunes. Permite a los usuarios hacer <a href=\"https:\/\/strangercam.com\/es\/chat4free\/\">gratis<\/a> <a href=\"https:\/\/strangercam.com\/es\/rabbit-video-chat\/\">v\u00eddeo<\/a> conferencias telef\u00f3nicas, mostrando as\u00ed formas de conectar con otras personas en un tiempo r\u00e9cord. El proceso de registro es muy sencillo y los nuevos usuarios s\u00f3lo tienen que facilitar algunos datos importantes. Adem\u00e1s, la plataforma web cuenta con una amplia base de datos de usuarios que permite a los miembros entablar conversaciones en funci\u00f3n de sus preferencias.<\/p>\n<h2>\u00bfC\u00f3mo funciona FaceFlow?<\/h2>\n<p>El sitio web de citas FaceFlow cuenta con numerosas salas de chat a las que los usuarios pueden acceder tras crear una cuenta. Pueden hacer clic en el bot\u00f3n \"buscar pareja al azar\" que les permitir\u00e1 encontrar una pareja al azar con facilidad. Las salas de chat permiten a los usuarios comunicarse con varias personas a la vez para encontrar parejas adecuadas. Por otro lado, permitir\u00e1n a los usuarios elegir s\u00f3lo a personas del vecindario. Al azar <a href=\"https:\/\/strangercam.com\/es\/chatroulette\/\">chat<\/a> est\u00e1 disponible para aquellos que quieran conectar con desconocidos lo antes posible. Las opciones de b\u00fasqueda y los filtros son otras de las funciones que ofrece el sitio web y que permiten a los usuarios conocer a gente en funci\u00f3n de su procedencia.<\/p>\n<h3>\u00bfQu\u00e9 caracter\u00edsticas tiene el FaceFlow?<\/h3>\n<p>El sitio web de citas FaceFlow ofrece funciones \u00fanicas a los usuarios que les permiten garantizar una mejor experiencia. Algunas de ellas incluyen chat de texto enriquecido, mensajes de voz, perfiles de usuario, salas de chat p\u00fablicas, intercambio de archivos, videollamadas en grupo, videollamadas 1 a 1, etc. Funciona en todos los dispositivos, incluidos los tel\u00e9fonos m\u00f3viles, para conectar con los dem\u00e1s lo antes posible. El sitio web es f\u00e1cil de entender y navegar, ya que responde a las necesidades esenciales de los usuarios. Los miembros pueden subir sus fotos y otros detalles en el sitio web para crear impactos en los dem\u00e1s en gran medida.<\/p>\n<h3>Razones para elegir el sitio web FaceFlow<\/h3>\n<p>El sitio web de citas es gratuito y permite a los usuarios realizar videollamadas de alta calidad. Adem\u00e1s, permite evaluar la audiencia en funci\u00f3n de la geograf\u00eda, el sexo, los intereses y otros factores. Los usuarios no disponen de una versi\u00f3n espec\u00edfica para m\u00f3viles, por lo que deber\u00edan optar \u00fanicamente por ordenadores de sobremesa a la hora de buscar citas. <a href=\"https:\/\/strangercam.com\/es\/1v1-chat\/\">Un<\/a> pueden ponerse en contacto con el servicio de atenci\u00f3n al cliente a trav\u00e9s del correo electr\u00f3nico para conocer m\u00e1s detalles. El sitio web ofrece distintos tipos de t\u00e9cnicas de comunicaci\u00f3n para que los usuarios puedan comunicarse eficazmente con los dem\u00e1s. No es necesario descargar nada mientras se utiliza el sitio web y los miembros pueden encontrar coincidencias potenciales cuando quieren construir relaciones a larga distancia.<\/p>","protected":false},"excerpt":{"rendered":"<p>Choosing a dating website is not an easy-going job because it should meet the expectations of users properly. FaceFlow website provides methods to discover new friends and soulmates who share common interests. It allows users to make free video conference calls thereby showing ways to connect with others in a quick turnaround time. The registration [&hellip;]<\/p>\n","protected":false},"author":6,"featured_media":559,"parent":0,"menu_order":0,"comment_status":"closed","ping_status":"closed","template":"","meta":{"footnotes":""},"class_list":["post-3232","page","type-page","status-publish","has-post-thumbnail","hentry"],"yoast_head":"<!-- This site is optimized with the Yoast SEO plugin v27.4 - https:\/\/yoast.com\/product\/yoast-seo-wordpress\/ -->\n<title>FaceFlow - Most Popular Video Chats - Cam on StrangerCam.com<\/title>\n<meta name=\"description\" content=\"Like FaceFlow? Come chat with more than 5.000.000 strangers on Stranger Cam for Free! Turn on your cam and find new friends &amp; maby a match!\" \/>\n<meta name=\"robots\" content=\"index, follow, max-snippet:-1, max-image-preview:large, max-video-preview:-1\" \/>\n<link rel=\"canonical\" href=\"https:\/\/strangercam.com\/es\/faceflow\/\" \/>\n<meta property=\"og:locale\" content=\"es_ES\" \/>\n<meta property=\"og:type\" content=\"article\" \/>\n<meta property=\"og:title\" content=\"FaceFlow - Most Popular Video Chats - Cam on StrangerCam.com\" \/>\n<meta property=\"og:description\" content=\"Like FaceFlow? Come chat with more than 5.000.000 strangers on Stranger Cam for Free! Turn on your cam and find new friends &amp; maby a match!\" \/>\n<meta property=\"og:url\" content=\"https:\/\/strangercam.com\/es\/faceflow\/\" \/>\n<meta property=\"og:site_name\" content=\"Strangercam\" \/>\n<meta property=\"article:publisher\" content=\"https:\/\/www.facebook.com\/strangercam\" \/>\n<meta property=\"article:modified_time\" content=\"2023-08-21T10:24:41+00:00\" \/>\n<meta property=\"og:image\" content=\"https:\/\/strangercam.com\/wp-content\/uploads\/2020\/11\/stranger-cam-1.png\" \/>\n\t<meta property=\"og:image:width\" content=\"800\" \/>\n\t<meta property=\"og:image:height\" content=\"800\" \/>\n\t<meta property=\"og:image:type\" content=\"image\/png\" \/>\n<meta name=\"twitter:card\" content=\"summary_large_image\" \/>\n<meta name=\"twitter:site\" content=\"@strangercamapp\" \/>\n<meta name=\"twitter:label1\" content=\"Tiempo de lectura\" \/>\n\t<meta name=\"twitter:data1\" content=\"2 minutos\" \/>\n<script type=\"application\/ld+json\" class=\"yoast-schema-graph\">{\"@context\":\"https:\\\/\\\/schema.org\",\"@graph\":[{\"@type\":\"WebPage\",\"@id\":\"https:\\\/\\\/strangercam.com\\\/faceflow\\\/\",\"url\":\"https:\\\/\\\/strangercam.com\\\/faceflow\\\/\",\"name\":\"FaceFlow - Most Popular Video Chats - Cam on StrangerCam.com\",\"isPartOf\":{\"@id\":\"https:\\\/\\\/strangercam.com\\\/#website\"},\"primaryImageOfPage\":{\"@id\":\"https:\\\/\\\/strangercam.com\\\/faceflow\\\/#primaryimage\"},\"image\":{\"@id\":\"https:\\\/\\\/strangercam.com\\\/faceflow\\\/#primaryimage\"},\"thumbnailUrl\":\"https:\\\/\\\/strangercam.com\\\/wp-content\\\/uploads\\\/2020\\\/11\\\/stranger-cam-1.png\",\"datePublished\":\"2021-05-09T19:30:30+00:00\",\"dateModified\":\"2023-08-21T10:24:41+00:00\",\"description\":\"Like FaceFlow? Come chat with more than 5.000.000 strangers on Stranger Cam for Free! Turn on your cam and find new friends & maby a match!\",\"breadcrumb\":{\"@id\":\"https:\\\/\\\/strangercam.com\\\/faceflow\\\/#breadcrumb\"},\"inLanguage\":\"es\",\"potentialAction\":[{\"@type\":\"ReadAction\",\"target\":[\"https:\\\/\\\/strangercam.com\\\/faceflow\\\/\"]}]},{\"@type\":\"ImageObject\",\"inLanguage\":\"es\",\"@id\":\"https:\\\/\\\/strangercam.com\\\/faceflow\\\/#primaryimage\",\"url\":\"https:\\\/\\\/strangercam.com\\\/wp-content\\\/uploads\\\/2020\\\/11\\\/stranger-cam-1.png\",\"contentUrl\":\"https:\\\/\\\/strangercam.com\\\/wp-content\\\/uploads\\\/2020\\\/11\\\/stranger-cam-1.png\",\"width\":800,\"height\":800,\"caption\":\"stranger cam random video chat\"},{\"@type\":\"BreadcrumbList\",\"@id\":\"https:\\\/\\\/strangercam.com\\\/faceflow\\\/#breadcrumb\",\"itemListElement\":[{\"@type\":\"ListItem\",\"position\":1,\"name\":\"Home\",\"item\":\"https:\\\/\\\/strangercam.com\\\/\"},{\"@type\":\"ListItem\",\"position\":2,\"name\":\"FaceFlow\"}]},{\"@type\":\"WebSite\",\"@id\":\"https:\\\/\\\/strangercam.com\\\/#website\",\"url\":\"https:\\\/\\\/strangercam.com\\\/\",\"name\":\"Strangercam\",\"description\":\"Random Video Chat with Strangers\",\"publisher\":{\"@id\":\"https:\\\/\\\/strangercam.com\\\/#organization\"},\"alternateName\":\"Strangercam.com\",\"potentialAction\":[{\"@type\":\"SearchAction\",\"target\":{\"@type\":\"EntryPoint\",\"urlTemplate\":\"https:\\\/\\\/strangercam.com\\\/?s={search_term_string}\"},\"query-input\":{\"@type\":\"PropertyValueSpecification\",\"valueRequired\":true,\"valueName\":\"search_term_string\"}}],\"inLanguage\":\"es\"},{\"@type\":\"Organization\",\"@id\":\"https:\\\/\\\/strangercam.com\\\/#organization\",\"name\":\"Strangercam\",\"alternateName\":\"Strangercam.com\",\"url\":\"https:\\\/\\\/strangercam.com\\\/\",\"logo\":{\"@type\":\"ImageObject\",\"inLanguage\":\"es\",\"@id\":\"https:\\\/\\\/strangercam.com\\\/#\\\/schema\\\/logo\\\/image\\\/\",\"url\":\"https:\\\/\\\/strangercam.com\\\/wp-content\\\/uploads\\\/2020\\\/11\\\/cropped-new-favicon-black.png\",\"contentUrl\":\"https:\\\/\\\/strangercam.com\\\/wp-content\\\/uploads\\\/2020\\\/11\\\/cropped-new-favicon-black.png\",\"width\":512,\"height\":512,\"caption\":\"Strangercam\"},\"image\":{\"@id\":\"https:\\\/\\\/strangercam.com\\\/#\\\/schema\\\/logo\\\/image\\\/\"},\"sameAs\":[\"https:\\\/\\\/www.facebook.com\\\/strangercam\",\"https:\\\/\\\/x.com\\\/strangercamapp\"]}]}<\/script>\n<!-- \/ Yoast SEO plugin. -->","yoast_head_json":{"title":"FaceFlow - Videochats m\u00e1s populares - Cam en StrangerCam.com","description":"\u00bfTe gusta FaceFlow? \u00a1Ven a chatear gratis con m\u00e1s de 5.000.000 de desconocidos en Stranger Cam! \u00a1Enciende tu c\u00e1mara y encuentra nuevos amigos y tal vez una pareja!","robots":{"index":"index","follow":"follow","max-snippet":"max-snippet:-1","max-image-preview":"max-image-preview:large","max-video-preview":"max-video-preview:-1"},"canonical":"https:\/\/strangercam.com\/es\/faceflow\/","og_locale":"es_ES","og_type":"article","og_title":"FaceFlow - Most Popular Video Chats - Cam on StrangerCam.com","og_description":"Like FaceFlow? Come chat with more than 5.000.000 strangers on Stranger Cam for Free! Turn on your cam and find new friends & maby a match!","og_url":"https:\/\/strangercam.com\/es\/faceflow\/","og_site_name":"Strangercam","article_publisher":"https:\/\/www.facebook.com\/strangercam","article_modified_time":"2023-08-21T10:24:41+00:00","og_image":[{"width":800,"height":800,"url":"https:\/\/strangercam.com\/wp-content\/uploads\/2020\/11\/stranger-cam-1.png","type":"image\/png"}],"twitter_card":"summary_large_image","twitter_site":"@strangercamapp","twitter_misc":{"Tiempo de lectura":"2 minutos"},"schema":{"@context":"https:\/\/schema.org","@graph":[{"@type":"WebPage","@id":"https:\/\/strangercam.com\/faceflow\/","url":"https:\/\/strangercam.com\/faceflow\/","name":"FaceFlow - Videochats m\u00e1s populares - Cam en StrangerCam.com","isPartOf":{"@id":"https:\/\/strangercam.com\/#website"},"primaryImageOfPage":{"@id":"https:\/\/strangercam.com\/faceflow\/#primaryimage"},"image":{"@id":"https:\/\/strangercam.com\/faceflow\/#primaryimage"},"thumbnailUrl":"https:\/\/strangercam.com\/wp-content\/uploads\/2020\/11\/stranger-cam-1.png","datePublished":"2021-05-09T19:30:30+00:00","dateModified":"2023-08-21T10:24:41+00:00","description":"\u00bfTe gusta FaceFlow? \u00a1Ven a chatear gratis con m\u00e1s de 5.000.000 de desconocidos en Stranger Cam! \u00a1Enciende tu c\u00e1mara y encuentra nuevos amigos y tal vez una pareja!","breadcrumb":{"@id":"https:\/\/strangercam.com\/faceflow\/#breadcrumb"},"inLanguage":"es","potentialAction":[{"@type":"ReadAction","target":["https:\/\/strangercam.com\/faceflow\/"]}]},{"@type":"ImageObject","inLanguage":"es","@id":"https:\/\/strangercam.com\/faceflow\/#primaryimage","url":"https:\/\/strangercam.com\/wp-content\/uploads\/2020\/11\/stranger-cam-1.png","contentUrl":"https:\/\/strangercam.com\/wp-content\/uploads\/2020\/11\/stranger-cam-1.png","width":800,"height":800,"caption":"stranger cam random video chat"},{"@type":"BreadcrumbList","@id":"https:\/\/strangercam.com\/faceflow\/#breadcrumb","itemListElement":[{"@type":"ListItem","position":1,"name":"Home","item":"https:\/\/strangercam.com\/"},{"@type":"ListItem","position":2,"name":"FaceFlow"}]},{"@type":"WebSite","@id":"https:\/\/strangercam.com\/#website","url":"https:\/\/strangercam.com\/","name":"Strangercam","description":"Videochat aleatorio con desconocidos","publisher":{"@id":"https:\/\/strangercam.com\/#organization"},"alternateName":"Strangercam.com","potentialAction":[{"@type":"SearchAction","target":{"@type":"EntryPoint","urlTemplate":"https:\/\/strangercam.com\/?s={search_term_string}"},"query-input":{"@type":"PropertyValueSpecification","valueRequired":true,"valueName":"search_term_string"}}],"inLanguage":"es"},{"@type":"Organization","@id":"https:\/\/strangercam.com\/#organization","name":"Strangercam","alternateName":"Strangercam.com","url":"https:\/\/strangercam.com\/","logo":{"@type":"ImageObject","inLanguage":"es","@id":"https:\/\/strangercam.com\/#\/schema\/logo\/image\/","url":"https:\/\/strangercam.com\/wp-content\/uploads\/2020\/11\/cropped-new-favicon-black.png","contentUrl":"https:\/\/strangercam.com\/wp-content\/uploads\/2020\/11\/cropped-new-favicon-black.png","width":512,"height":512,"caption":"Strangercam"},"image":{"@id":"https:\/\/strangercam.com\/#\/schema\/logo\/image\/"},"sameAs":["https:\/\/www.facebook.com\/strangercam","https:\/\/x.com\/strangercamapp"]}]}},"_links":{"self":[{"href":"https:\/\/strangercam.com\/es\/wp-json\/wp\/v2\/pages\/3232","targetHints":{"allow":["GET"]}}],"collection":[{"href":"https:\/\/strangercam.com\/es\/wp-json\/wp\/v2\/pages"}],"about":[{"href":"https:\/\/strangercam.com\/es\/wp-json\/wp\/v2\/types\/page"}],"author":[{"embeddable":true,"href":"https:\/\/strangercam.com\/es\/wp-json\/wp\/v2\/users\/6"}],"replies":[{"embeddable":true,"href":"https:\/\/strangercam.com\/es\/wp-json\/wp\/v2\/comments?post=3232"}],"version-history":[{"count":0,"href":"https:\/\/strangercam.com\/es\/wp-json\/wp\/v2\/pages\/3232\/revisions"}],"wp:featuredmedia":[{"embeddable":true,"href":"https:\/\/strangercam.com\/es\/wp-json\/wp\/v2\/media\/559"}],"wp:attachment":[{"href":"https:\/\/strangercam.com\/es\/wp-json\/wp\/v2\/media?parent=3232"}],"curies":[{"name":"wp","href":"https:\/\/api.w.org\/{rel}","templated":true}]}}