{"id":3197,"date":"2021-05-09T21:20:36","date_gmt":"2021-05-09T19:20:36","guid":{"rendered":"https:\/\/strangercam.com\/?page_id=3197"},"modified":"2023-08-21T12:24:41","modified_gmt":"2023-08-21T10:24:41","slug":"chatous","status":"publish","type":"page","link":"https:\/\/strangercam.com\/es\/chatous\/","title":{"rendered":"Chatous"},"content":{"rendered":"<p>Un sitio web de citas es un lugar adecuado para quienes desean <a href=\"https:\/\/strangercam.com\/es\/coomeet\/\">conozca<\/a> las personas de sus sue\u00f1os cuando se trata de relaciones a distancia. Al mismo tiempo, no todos los sitios web de citas son iguales y requieren m\u00e1s atenci\u00f3n. Elegir el sitio web de citas adecuado permite a los usuarios hacer nuevos amigos y compa\u00f1eros de diversas corrientes de la vida.<\/p>\n<p>Existe un impulso natural en la naturaleza humana de hablar con desconocidos y compartir experiencias con los dem\u00e1s. No se puede ocultar durante mucho tiempo. Al final, hay que ir en esa direcci\u00f3n. En este mundo digitalizado, es m\u00e1s accesible que nunca. Chatous ha tra\u00eddo un potente sistema combinado con IA para ayudar a cumplir tus sue\u00f1os de hablar con extra\u00f1os.<\/p>\n<p>Chatous sitio web de citas ofrece excelentes caracter\u00edsticas para los chicos,\u00a0<a href=\"https:\/\/strangercam.com\/es\/videochat-con-chicas\/\">chicas<\/a>, hombres y mujeres para identificar r\u00e1pidamente a personas que buscan amistad, diversi\u00f3n o amor. El sitio web ofrece formas de interactuar con los dem\u00e1s para conocer sus intereses y otros detalles.<\/p>\n<h2>Privacidad y control<\/h2>\n<p>La principal preocupaci\u00f3n de los usuarios que quieren utilizar una plataforma de chat para chatear en l\u00ednea es la privacidad y la seguridad. Les preocupa quedar expuestos. Nadie quiere lanzarse a nada sin saber que aqu\u00ed est\u00e1 seguro.<\/p>\n<p>Los sitios web de citas Chatous proponen soluciones permanentes a esta preocupaci\u00f3n de los usuarios. Disponen de un s\u00f3lido sistema de privacidad y control. Puedes elegir con qui\u00e9n quieres hablar y a qui\u00e9n quieres ignorar. Si una persona es sexualmente expl\u00edcita y no te gustan sus movimientos, puedes denunciarla directamente a los funcionarios. Ellos tomar\u00e1n las medidas necesarias contra esa persona.<\/p>\n<p>Chatous no es muy estricto a la hora de recopilar informaci\u00f3n de los visitantes. En su pol\u00edtica de privacidad se menciona claramente que \"al utilizar Chatous, usted acepta expresamente las pr\u00e1cticas de tratamiento de la informaci\u00f3n descritas en esta Pol\u00edtica de Privacidad.\" Hay ciertas lagunas en la pol\u00edtica de privacidad e intercambio de datos de Chatous. En el sitio web queda claro que \"No obstante, existen determinadas circunstancias en las que podemos compartir sus Datos con determinados terceros sin previo aviso.\"<\/p>\n<h2>Inicio de sesi\u00f3n y uso<\/h2>\n<p>Chatous ofrece un sencillo proceso de inicio de sesi\u00f3n. Primero tienes que crear una cuenta. Tienes que acceder a tu cuenta para empezar a chatear. Tienes que seleccionar un nombre de usuario y luego una contrase\u00f1a para garantizar la seguridad de tu cuenta.<\/p>\n<p>Puede utilizar directamente las funciones despu\u00e9s de iniciar sesi\u00f3n. El sitio web le dar\u00e1 opciones de g\u00e9neros para elegir. Puedes elegir el g\u00e9nero masculino o femenino seg\u00fan tu gusto. Tienes que indicar tu edad. La edad se pide para que el usuario sentado al otro lado pueda ver tu edad y decidir en consecuencia.<\/p>\n<h2>Hacer nuevos amigos<\/h2>\n<p>Hacer nuevos amigos siempre es divertido. Puedes hablar con desconocidos de todo el mundo a trav\u00e9s de la web. Si te interesa saber qu\u00e9 ocurre en otros pa\u00edses y qu\u00e9 culturas adoran y disfrutan otras personas, deber\u00edas utilizar la web para hablar con la gente.<\/p>\n<p>El sitio web le dirigir\u00e1 a la persona m\u00e1s adecuada utilizando la informaci\u00f3n facilitada. Entonces podr\u00e1 hablar con ella o pasar a la siguiente si no le gusta la primera.<\/p>\n<h2>Grupo o aleatorio<\/h2>\n<p>Tambi\u00e9n puede optar por <a href=\"https:\/\/strangercam.com\/es\/chatroulette\/\">chat<\/a> en grupos o permitir que el sistema de IA del sitio web seleccione a una persona para usted al azar. Ambas opciones son divertidas y aumentan las posibilidades de encontrar pareja.<\/p>\n<p>Si eres extrovertido y te gusta estar rodeado de gente, el chat en grupo es para ti. La selecci\u00f3n aleatoria tiene m\u00e1s que ver con la diversi\u00f3n y la sorpresa.<br \/>\n\u00bfCu\u00e1les son las caracter\u00edsticas de la web de citas Chatous?<\/p>\n<p>El sitio web de citas ofrece caracter\u00edsticas \u00fanicas a los usuarios, mostrando as\u00ed formas de identificar a personas afines que comparten cosas cotidianas. Un sistema de b\u00fasqueda de pareja ofrece m\u00e9todos para chatear con personas al azar o con nuevos conocidos. Adem\u00e1s, el sitio web permite a los usuarios enviar fotos de alta calidad a un compa\u00f1ero de chat utilizando una webcam. Otra caracter\u00edstica del sitio es que permite filtrar los perfiles en funci\u00f3n de su ubicaci\u00f3n, edad, sexo y otros criterios. Los usuarios pueden incluso seleccionar un hashtag para debatir un tema con otras personas que les ayude a entablar relaciones.<\/p>\n<h2>Servicios adicionales disponibles en el sitio web de citas Chatous<\/h2>\n<p>Los nuevos miembros pueden utilizar un\u00a0<a href=\"https:\/\/strangercam.com\/es\/chathub\/\">chat de v\u00eddeo aleatorio<\/a> con micr\u00f3fono y c\u00e1mara. El sitio web tambi\u00e9n permite a los usuarios enviar mensajes de texto a otras personas despu\u00e9s de preseleccionarlas adecuadamente. La funci\u00f3n de chat de texto permite enviar v\u00eddeos cortos, im\u00e1genes y mensajes de voz a otras personas. Viene con una interfaz innovadora y f\u00e1cil de usar que permite a los usuarios navegar por la misma en ordenadores de sobremesa y otros dispositivos con facilidad. Adem\u00e1s, los miembros recibir\u00e1n notificaciones en tiempo real tras crear una cuenta en sencillos pasos. El sitio web ofrece a los usuarios una identidad protegida y anonimato para minimizar problemas no deseados.<\/p>\n<h2>\u00bfCu\u00e1les son los contras de la web de citas Chatous?<\/h2>\n<p>Aunque los sitios web de citas Chatous ofrecen a los usuarios varias ventajas, tambi\u00e9n deben conocer en detalle los contras. Cuenta con varios bots femeninos en la app que llevar\u00e1n a los usuarios a unas <a href=\"https:\/\/strangercam.com\/es\/rabbit-video-chat\/\">chat de v\u00eddeo<\/a> plataformas o sitios web. Adem\u00e1s, los usuarios deben dar m\u00e1s importancia a la seguridad cuando utilicen el sitio web en ordenadores de sobremesa y dispositivos m\u00f3viles. Los nuevos miembros deber\u00edan leer las opiniones antes de crear una cuenta. La funci\u00f3n de hashtag tiene algunos defectos, y los usuarios deben ser conscientes de ellos cuando quieran chatear con otros. Se puede seleccionar el sitio web para debatir m\u00e1s temas con personas compatibles que crear\u00e1n v\u00ednculos y relaciones.<\/p>","protected":false},"excerpt":{"rendered":"<p>A dating website is a suitable place for those who want to meet their dream persons when it comes to long-distance relationships. At the same time, not all dating websites are the same that require more attention. Choosing the right dating website allows users to make new friends and companions from several streams of life. [&hellip;]<\/p>\n","protected":false},"author":6,"featured_media":559,"parent":0,"menu_order":0,"comment_status":"closed","ping_status":"closed","template":"","meta":{"footnotes":""},"class_list":["post-3197","page","type-page","status-publish","has-post-thumbnail","hentry"],"yoast_head":"<!-- This site is optimized with the Yoast SEO plugin v26.9 - https:\/\/yoast.com\/product\/yoast-seo-wordpress\/ -->\n<title>Chatous - Most Popular Video Chats - Cam on StrangerCam.com<\/title>\n<meta name=\"description\" content=\"Like Chatous? Come chat with more than 5.000.000 strangers on Stranger Cam for Free! Turn on your cam and find new friends &amp; maby a match!\" \/>\n<meta name=\"robots\" content=\"index, follow, max-snippet:-1, max-image-preview:large, max-video-preview:-1\" \/>\n<link rel=\"canonical\" href=\"https:\/\/strangercam.com\/es\/chatous\/\" \/>\n<meta property=\"og:locale\" content=\"es_ES\" \/>\n<meta property=\"og:type\" content=\"article\" \/>\n<meta property=\"og:title\" content=\"Chatous - Most Popular Video Chats - Cam on StrangerCam.com\" \/>\n<meta property=\"og:description\" content=\"Like Chatous? Come chat with more than 5.000.000 strangers on Stranger Cam for Free! Turn on your cam and find new friends &amp; maby a match!\" \/>\n<meta property=\"og:url\" content=\"https:\/\/strangercam.com\/es\/chatous\/\" \/>\n<meta property=\"og:site_name\" content=\"Strangercam\" \/>\n<meta property=\"article:publisher\" content=\"https:\/\/www.facebook.com\/strangercam\" \/>\n<meta property=\"article:modified_time\" content=\"2023-08-21T10:24:41+00:00\" \/>\n<meta property=\"og:image\" content=\"https:\/\/strangercam.com\/wp-content\/uploads\/2020\/11\/stranger-cam-1.png\" \/>\n\t<meta property=\"og:image:width\" content=\"800\" \/>\n\t<meta property=\"og:image:height\" content=\"800\" \/>\n\t<meta property=\"og:image:type\" content=\"image\/png\" \/>\n<meta name=\"twitter:card\" content=\"summary_large_image\" \/>\n<meta name=\"twitter:site\" content=\"@strangercamapp\" \/>\n<meta name=\"twitter:label1\" content=\"Tiempo de lectura\" \/>\n\t<meta name=\"twitter:data1\" content=\"4 minutos\" \/>\n<script type=\"application\/ld+json\" class=\"yoast-schema-graph\">{\"@context\":\"https:\/\/schema.org\",\"@graph\":[{\"@type\":\"WebPage\",\"@id\":\"https:\/\/strangercam.com\/chatous\/\",\"url\":\"https:\/\/strangercam.com\/chatous\/\",\"name\":\"Chatous - Most Popular Video Chats - Cam on StrangerCam.com\",\"isPartOf\":{\"@id\":\"https:\/\/strangercam.com\/#website\"},\"primaryImageOfPage\":{\"@id\":\"https:\/\/strangercam.com\/chatous\/#primaryimage\"},\"image\":{\"@id\":\"https:\/\/strangercam.com\/chatous\/#primaryimage\"},\"thumbnailUrl\":\"https:\/\/strangercam.com\/wp-content\/uploads\/2020\/11\/stranger-cam-1.png\",\"datePublished\":\"2021-05-09T19:20:36+00:00\",\"dateModified\":\"2023-08-21T10:24:41+00:00\",\"description\":\"Like Chatous? Come chat with more than 5.000.000 strangers on Stranger Cam for Free! Turn on your cam and find new friends & maby a match!\",\"breadcrumb\":{\"@id\":\"https:\/\/strangercam.com\/chatous\/#breadcrumb\"},\"inLanguage\":\"es\",\"potentialAction\":[{\"@type\":\"ReadAction\",\"target\":[\"https:\/\/strangercam.com\/chatous\/\"]}]},{\"@type\":\"ImageObject\",\"inLanguage\":\"es\",\"@id\":\"https:\/\/strangercam.com\/chatous\/#primaryimage\",\"url\":\"https:\/\/strangercam.com\/wp-content\/uploads\/2020\/11\/stranger-cam-1.png\",\"contentUrl\":\"https:\/\/strangercam.com\/wp-content\/uploads\/2020\/11\/stranger-cam-1.png\",\"width\":800,\"height\":800,\"caption\":\"stranger cam random video chat\"},{\"@type\":\"BreadcrumbList\",\"@id\":\"https:\/\/strangercam.com\/chatous\/#breadcrumb\",\"itemListElement\":[{\"@type\":\"ListItem\",\"position\":1,\"name\":\"Home\",\"item\":\"https:\/\/strangercam.com\/\"},{\"@type\":\"ListItem\",\"position\":2,\"name\":\"Chatous\"}]},{\"@type\":\"WebSite\",\"@id\":\"https:\/\/strangercam.com\/#website\",\"url\":\"https:\/\/strangercam.com\/\",\"name\":\"Strangercam\",\"description\":\"Random Video Chat with Strangers\",\"publisher\":{\"@id\":\"https:\/\/strangercam.com\/#organization\"},\"alternateName\":\"Strangercam.com\",\"potentialAction\":[{\"@type\":\"SearchAction\",\"target\":{\"@type\":\"EntryPoint\",\"urlTemplate\":\"https:\/\/strangercam.com\/?s={search_term_string}\"},\"query-input\":{\"@type\":\"PropertyValueSpecification\",\"valueRequired\":true,\"valueName\":\"search_term_string\"}}],\"inLanguage\":\"es\"},{\"@type\":\"Organization\",\"@id\":\"https:\/\/strangercam.com\/#organization\",\"name\":\"Strangercam\",\"alternateName\":\"Strangercam.com\",\"url\":\"https:\/\/strangercam.com\/\",\"logo\":{\"@type\":\"ImageObject\",\"inLanguage\":\"es\",\"@id\":\"https:\/\/strangercam.com\/#\/schema\/logo\/image\/\",\"url\":\"https:\/\/strangercam.com\/wp-content\/uploads\/2020\/11\/cropped-new-favicon-black.png\",\"contentUrl\":\"https:\/\/strangercam.com\/wp-content\/uploads\/2020\/11\/cropped-new-favicon-black.png\",\"width\":512,\"height\":512,\"caption\":\"Strangercam\"},\"image\":{\"@id\":\"https:\/\/strangercam.com\/#\/schema\/logo\/image\/\"},\"sameAs\":[\"https:\/\/www.facebook.com\/strangercam\",\"https:\/\/x.com\/strangercamapp\"]}]}<\/script>\n<!-- \/ Yoast SEO plugin. -->","yoast_head_json":{"title":"Chatous - Videochats m\u00e1s populares - Cam en StrangerCam.com","description":"\u00bfTe gusta Chatous? \u00a1Ven a chatear gratis con m\u00e1s de 5.000.000 de desconocidos en Stranger Cam! \u00a1Enciende tu c\u00e1mara y encuentra nuevos amigos y tal vez una pareja!","robots":{"index":"index","follow":"follow","max-snippet":"max-snippet:-1","max-image-preview":"max-image-preview:large","max-video-preview":"max-video-preview:-1"},"canonical":"https:\/\/strangercam.com\/es\/chatous\/","og_locale":"es_ES","og_type":"article","og_title":"Chatous - Most Popular Video Chats - Cam on StrangerCam.com","og_description":"Like Chatous? Come chat with more than 5.000.000 strangers on Stranger Cam for Free! Turn on your cam and find new friends & maby a match!","og_url":"https:\/\/strangercam.com\/es\/chatous\/","og_site_name":"Strangercam","article_publisher":"https:\/\/www.facebook.com\/strangercam","article_modified_time":"2023-08-21T10:24:41+00:00","og_image":[{"width":800,"height":800,"url":"https:\/\/strangercam.com\/wp-content\/uploads\/2020\/11\/stranger-cam-1.png","type":"image\/png"}],"twitter_card":"summary_large_image","twitter_site":"@strangercamapp","twitter_misc":{"Tiempo de lectura":"4 minutos"},"schema":{"@context":"https:\/\/schema.org","@graph":[{"@type":"WebPage","@id":"https:\/\/strangercam.com\/chatous\/","url":"https:\/\/strangercam.com\/chatous\/","name":"Chatous - Videochats m\u00e1s populares - Cam en StrangerCam.com","isPartOf":{"@id":"https:\/\/strangercam.com\/#website"},"primaryImageOfPage":{"@id":"https:\/\/strangercam.com\/chatous\/#primaryimage"},"image":{"@id":"https:\/\/strangercam.com\/chatous\/#primaryimage"},"thumbnailUrl":"https:\/\/strangercam.com\/wp-content\/uploads\/2020\/11\/stranger-cam-1.png","datePublished":"2021-05-09T19:20:36+00:00","dateModified":"2023-08-21T10:24:41+00:00","description":"\u00bfTe gusta Chatous? \u00a1Ven a chatear gratis con m\u00e1s de 5.000.000 de desconocidos en Stranger Cam! \u00a1Enciende tu c\u00e1mara y encuentra nuevos amigos y tal vez una pareja!","breadcrumb":{"@id":"https:\/\/strangercam.com\/chatous\/#breadcrumb"},"inLanguage":"es","potentialAction":[{"@type":"ReadAction","target":["https:\/\/strangercam.com\/chatous\/"]}]},{"@type":"ImageObject","inLanguage":"es","@id":"https:\/\/strangercam.com\/chatous\/#primaryimage","url":"https:\/\/strangercam.com\/wp-content\/uploads\/2020\/11\/stranger-cam-1.png","contentUrl":"https:\/\/strangercam.com\/wp-content\/uploads\/2020\/11\/stranger-cam-1.png","width":800,"height":800,"caption":"stranger cam random video chat"},{"@type":"BreadcrumbList","@id":"https:\/\/strangercam.com\/chatous\/#breadcrumb","itemListElement":[{"@type":"ListItem","position":1,"name":"Home","item":"https:\/\/strangercam.com\/"},{"@type":"ListItem","position":2,"name":"Chatous"}]},{"@type":"WebSite","@id":"https:\/\/strangercam.com\/#website","url":"https:\/\/strangercam.com\/","name":"Strangercam","description":"Videochat aleatorio con desconocidos","publisher":{"@id":"https:\/\/strangercam.com\/#organization"},"alternateName":"Strangercam.com","potentialAction":[{"@type":"SearchAction","target":{"@type":"EntryPoint","urlTemplate":"https:\/\/strangercam.com\/?s={search_term_string}"},"query-input":{"@type":"PropertyValueSpecification","valueRequired":true,"valueName":"search_term_string"}}],"inLanguage":"es"},{"@type":"Organization","@id":"https:\/\/strangercam.com\/#organization","name":"Strangercam","alternateName":"Strangercam.com","url":"https:\/\/strangercam.com\/","logo":{"@type":"ImageObject","inLanguage":"es","@id":"https:\/\/strangercam.com\/#\/schema\/logo\/image\/","url":"https:\/\/strangercam.com\/wp-content\/uploads\/2020\/11\/cropped-new-favicon-black.png","contentUrl":"https:\/\/strangercam.com\/wp-content\/uploads\/2020\/11\/cropped-new-favicon-black.png","width":512,"height":512,"caption":"Strangercam"},"image":{"@id":"https:\/\/strangercam.com\/#\/schema\/logo\/image\/"},"sameAs":["https:\/\/www.facebook.com\/strangercam","https:\/\/x.com\/strangercamapp"]}]}},"_links":{"self":[{"href":"https:\/\/strangercam.com\/es\/wp-json\/wp\/v2\/pages\/3197","targetHints":{"allow":["GET"]}}],"collection":[{"href":"https:\/\/strangercam.com\/es\/wp-json\/wp\/v2\/pages"}],"about":[{"href":"https:\/\/strangercam.com\/es\/wp-json\/wp\/v2\/types\/page"}],"author":[{"embeddable":true,"href":"https:\/\/strangercam.com\/es\/wp-json\/wp\/v2\/users\/6"}],"replies":[{"embeddable":true,"href":"https:\/\/strangercam.com\/es\/wp-json\/wp\/v2\/comments?post=3197"}],"version-history":[{"count":0,"href":"https:\/\/strangercam.com\/es\/wp-json\/wp\/v2\/pages\/3197\/revisions"}],"wp:featuredmedia":[{"embeddable":true,"href":"https:\/\/strangercam.com\/es\/wp-json\/wp\/v2\/media\/559"}],"wp:attachment":[{"href":"https:\/\/strangercam.com\/es\/wp-json\/wp\/v2\/media?parent=3197"}],"curies":[{"name":"wp","href":"https:\/\/api.w.org\/{rel}","templated":true}]}}