{"id":3171,"date":"2021-05-09T21:14:34","date_gmt":"2021-05-09T19:14:34","guid":{"rendered":"https:\/\/strangercam.com\/?page_id=3171"},"modified":"2023-08-21T11:40:39","modified_gmt":"2023-08-21T09:40:39","slug":"chatblink","status":"publish","type":"page","link":"https:\/\/strangercam.com\/es\/chatblink\/","title":{"rendered":"Chatblink"},"content":{"rendered":"<p>Hoy en d\u00eda, a la mayor\u00eda de la gente le gusta encontrar f\u00e1cilmente nuevos amigos en un lugar. Como resultado, los sitios web de citas est\u00e1n ganando popularidad en diferentes partes del mundo, ya que proporcionan m\u00e9todos para hacer crecer el amor y la amistad con los dem\u00e1s. Sin embargo, es necesario evaluar en detalle que ayudar\u00e1 a seleccionar la correcta en consecuencia. Chatblink sitio web de citas es el lugar adecuado para aquellos que quieren interactuar con otros a trav\u00e9s de <a href=\"https:\/\/strangercam.com\/es\/chatroulette\/\">chat<\/a> habitaciones. Es un <a href=\"https:\/\/strangercam.com\/es\/chat4free\/\">gratis<\/a> sitio web de citas que permite a los usuarios encontrar y <a href=\"https:\/\/strangercam.com\/es\/coomeet\/\">conozca<\/a> nuevos amigos con facilidad.<\/p>\n<h2>\u00bfCu\u00e1les son las principales caracter\u00edsticas del sitio web de citas Chatblink?<\/h2>\n<p>El usuario puede encontrar una amplia gama de salas de chat en este sitio web despu\u00e9s de crear una cuenta. Lo mejor es que permite a los usuarios unirse r\u00e1pidamente a una sala que se adapte a sus intereses. Los usuarios pueden quedar con hombres y mujeres atractivos de distintas partes del mundo.<a href=\"https:\/\/cashpotresulttoday.com\/\">.<\/a> El chat de texto es otra de las ventajas que ofrece el sitio web para chatear en l\u00ednea con usuarios aleatorios. La interfaz de usuario del sitio web Chatblink es sencilla y permite a los usuarios empezar a utilizarlo lo antes posible. Adem\u00e1s, contribuye a proteger los datos de los clientes para minimizar problemas no deseados.<\/p>\n<h3>\u00bfC\u00f3mo crear una cuenta en el sitio web?<\/h3>\n<p>Los nuevos usuarios pueden crear una cuenta en el sitio web introduciendo su correo electr\u00f3nico y sus contrase\u00f1as. Deber\u00e1n elegir un nombre de usuario tras especificar su sexo y edad. Cualquiera que tenga una cuenta en Facebook puede introducir un <a href=\"https:\/\/strangercam.com\/es\/chatroom2000\/\">sala de chat<\/a> directamente lo antes posible<a href=\"https:\/\/nlcbplaywheresults.com\/\">.<\/a> Permite mejorar significativamente las competencias ling\u00fc\u00edsticas y otras cosas tras interactuar con otras personas. Por otro lado, es necesario seguir detalladamente las instrucciones antes de crear una cuenta. El sitio web es la opci\u00f3n correcta para aquellos que quieren evitar la soledad y otros problemas en la vida.<\/p>\n<h3>\u00bfPor qu\u00e9 Chatblink es la mejor opci\u00f3n para los usuarios?<\/h3>\n<p>El sitio web permite a los usuarios elegir chats aleatorios cuando quieren conversar con desconocidos de distintas partes del mundo. Ofrece la posibilidad de encontrar amigos de verdad y compa\u00f1eros de distintos \u00e1mbitos de la vida con facilidad. El sitio web tambi\u00e9n ofrece <a href=\"https:\/\/strangercam.com\/es\/shagle\/\">para adultos<\/a> servicios de citas para hombres y mujeres que desean compartir sus emociones con ellos. Como el proceso de registro es muy sencillo, los usuarios pueden ahorrar m\u00e1s tiempo. Adem\u00e1s, permite a los usuarios encontrar compa\u00f1eros en diferentes categor\u00edas, mostrando as\u00ed formas de estrechar lazos. Los nuevos miembros deben entender los t\u00e9rminos y condiciones antes de entrar en una sala de chat del sitio web.<\/p>","protected":false},"excerpt":{"rendered":"<p>Most people these days like to find new friends in a location easily. As a result, dating websites are gaining popularity in different parts of the world because they provide methods to grow love and friendship with others. However, it is necessary to evaluate them in detail that will help select the right one accordingly. [&hellip;]<\/p>\n","protected":false},"author":6,"featured_media":559,"parent":0,"menu_order":0,"comment_status":"closed","ping_status":"closed","template":"","meta":{"footnotes":""},"class_list":["post-3171","page","type-page","status-publish","has-post-thumbnail","hentry"],"yoast_head":"<!-- This site is optimized with the Yoast SEO plugin v26.9 - https:\/\/yoast.com\/product\/yoast-seo-wordpress\/ -->\n<title>Chatblink - Most Popular Video Chats - Cam on StrangerCam.com<\/title>\n<meta name=\"description\" content=\"Like Chatblink? Come chat with more than 5.000.000 strangers on Stranger Cam for Free! Turn on your cam and find new friends &amp; maby a match!\" \/>\n<meta name=\"robots\" content=\"index, follow, max-snippet:-1, max-image-preview:large, max-video-preview:-1\" \/>\n<link rel=\"canonical\" href=\"https:\/\/strangercam.com\/es\/chatblink\/\" \/>\n<meta property=\"og:locale\" content=\"es_ES\" \/>\n<meta property=\"og:type\" content=\"article\" \/>\n<meta property=\"og:title\" content=\"Chatblink - Most Popular Video Chats - Cam on StrangerCam.com\" \/>\n<meta property=\"og:description\" content=\"Like Chatblink? Come chat with more than 5.000.000 strangers on Stranger Cam for Free! Turn on your cam and find new friends &amp; maby a match!\" \/>\n<meta property=\"og:url\" content=\"https:\/\/strangercam.com\/es\/chatblink\/\" \/>\n<meta property=\"og:site_name\" content=\"Strangercam\" \/>\n<meta property=\"article:publisher\" content=\"https:\/\/www.facebook.com\/strangercam\" \/>\n<meta property=\"article:modified_time\" content=\"2023-08-21T09:40:39+00:00\" \/>\n<meta property=\"og:image\" content=\"https:\/\/strangercam.com\/wp-content\/uploads\/2020\/11\/stranger-cam-1.png\" \/>\n\t<meta property=\"og:image:width\" content=\"800\" \/>\n\t<meta property=\"og:image:height\" content=\"800\" \/>\n\t<meta property=\"og:image:type\" content=\"image\/png\" \/>\n<meta name=\"twitter:card\" content=\"summary_large_image\" \/>\n<meta name=\"twitter:site\" content=\"@strangercamapp\" \/>\n<meta name=\"twitter:label1\" content=\"Tiempo de lectura\" \/>\n\t<meta name=\"twitter:data1\" content=\"2 minutos\" \/>\n<script type=\"application\/ld+json\" class=\"yoast-schema-graph\">{\"@context\":\"https:\/\/schema.org\",\"@graph\":[{\"@type\":\"WebPage\",\"@id\":\"https:\/\/strangercam.com\/chatblink\/\",\"url\":\"https:\/\/strangercam.com\/chatblink\/\",\"name\":\"Chatblink - Most Popular Video Chats - Cam on StrangerCam.com\",\"isPartOf\":{\"@id\":\"https:\/\/strangercam.com\/#website\"},\"primaryImageOfPage\":{\"@id\":\"https:\/\/strangercam.com\/chatblink\/#primaryimage\"},\"image\":{\"@id\":\"https:\/\/strangercam.com\/chatblink\/#primaryimage\"},\"thumbnailUrl\":\"https:\/\/strangercam.com\/wp-content\/uploads\/2020\/11\/stranger-cam-1.png\",\"datePublished\":\"2021-05-09T19:14:34+00:00\",\"dateModified\":\"2023-08-21T09:40:39+00:00\",\"description\":\"Like Chatblink? Come chat with more than 5.000.000 strangers on Stranger Cam for Free! Turn on your cam and find new friends & maby a match!\",\"breadcrumb\":{\"@id\":\"https:\/\/strangercam.com\/chatblink\/#breadcrumb\"},\"inLanguage\":\"es\",\"potentialAction\":[{\"@type\":\"ReadAction\",\"target\":[\"https:\/\/strangercam.com\/chatblink\/\"]}]},{\"@type\":\"ImageObject\",\"inLanguage\":\"es\",\"@id\":\"https:\/\/strangercam.com\/chatblink\/#primaryimage\",\"url\":\"https:\/\/strangercam.com\/wp-content\/uploads\/2020\/11\/stranger-cam-1.png\",\"contentUrl\":\"https:\/\/strangercam.com\/wp-content\/uploads\/2020\/11\/stranger-cam-1.png\",\"width\":800,\"height\":800,\"caption\":\"stranger cam random video chat\"},{\"@type\":\"BreadcrumbList\",\"@id\":\"https:\/\/strangercam.com\/chatblink\/#breadcrumb\",\"itemListElement\":[{\"@type\":\"ListItem\",\"position\":1,\"name\":\"Home\",\"item\":\"https:\/\/strangercam.com\/\"},{\"@type\":\"ListItem\",\"position\":2,\"name\":\"Chatblink\"}]},{\"@type\":\"WebSite\",\"@id\":\"https:\/\/strangercam.com\/#website\",\"url\":\"https:\/\/strangercam.com\/\",\"name\":\"Strangercam\",\"description\":\"Random Video Chat with Strangers\",\"publisher\":{\"@id\":\"https:\/\/strangercam.com\/#organization\"},\"alternateName\":\"Strangercam.com\",\"potentialAction\":[{\"@type\":\"SearchAction\",\"target\":{\"@type\":\"EntryPoint\",\"urlTemplate\":\"https:\/\/strangercam.com\/?s={search_term_string}\"},\"query-input\":{\"@type\":\"PropertyValueSpecification\",\"valueRequired\":true,\"valueName\":\"search_term_string\"}}],\"inLanguage\":\"es\"},{\"@type\":\"Organization\",\"@id\":\"https:\/\/strangercam.com\/#organization\",\"name\":\"Strangercam\",\"alternateName\":\"Strangercam.com\",\"url\":\"https:\/\/strangercam.com\/\",\"logo\":{\"@type\":\"ImageObject\",\"inLanguage\":\"es\",\"@id\":\"https:\/\/strangercam.com\/#\/schema\/logo\/image\/\",\"url\":\"https:\/\/strangercam.com\/wp-content\/uploads\/2020\/11\/cropped-new-favicon-black.png\",\"contentUrl\":\"https:\/\/strangercam.com\/wp-content\/uploads\/2020\/11\/cropped-new-favicon-black.png\",\"width\":512,\"height\":512,\"caption\":\"Strangercam\"},\"image\":{\"@id\":\"https:\/\/strangercam.com\/#\/schema\/logo\/image\/\"},\"sameAs\":[\"https:\/\/www.facebook.com\/strangercam\",\"https:\/\/x.com\/strangercamapp\"]}]}<\/script>\n<!-- \/ Yoast SEO plugin. -->","yoast_head_json":{"title":"Chatblink - Videochats m\u00e1s populares - Cam en StrangerCam.com","description":"\u00bfTe gusta Chatblink? \u00a1Ven a chatear gratis con m\u00e1s de 5.000.000 de desconocidos en Stranger Cam! \u00a1Enciende tu c\u00e1mara y encuentra nuevos amigos y tal vez una pareja!","robots":{"index":"index","follow":"follow","max-snippet":"max-snippet:-1","max-image-preview":"max-image-preview:large","max-video-preview":"max-video-preview:-1"},"canonical":"https:\/\/strangercam.com\/es\/chatblink\/","og_locale":"es_ES","og_type":"article","og_title":"Chatblink - Most Popular Video Chats - Cam on StrangerCam.com","og_description":"Like Chatblink? Come chat with more than 5.000.000 strangers on Stranger Cam for Free! Turn on your cam and find new friends & maby a match!","og_url":"https:\/\/strangercam.com\/es\/chatblink\/","og_site_name":"Strangercam","article_publisher":"https:\/\/www.facebook.com\/strangercam","article_modified_time":"2023-08-21T09:40:39+00:00","og_image":[{"width":800,"height":800,"url":"https:\/\/strangercam.com\/wp-content\/uploads\/2020\/11\/stranger-cam-1.png","type":"image\/png"}],"twitter_card":"summary_large_image","twitter_site":"@strangercamapp","twitter_misc":{"Tiempo de lectura":"2 minutos"},"schema":{"@context":"https:\/\/schema.org","@graph":[{"@type":"WebPage","@id":"https:\/\/strangercam.com\/chatblink\/","url":"https:\/\/strangercam.com\/chatblink\/","name":"Chatblink - Videochats m\u00e1s populares - Cam en StrangerCam.com","isPartOf":{"@id":"https:\/\/strangercam.com\/#website"},"primaryImageOfPage":{"@id":"https:\/\/strangercam.com\/chatblink\/#primaryimage"},"image":{"@id":"https:\/\/strangercam.com\/chatblink\/#primaryimage"},"thumbnailUrl":"https:\/\/strangercam.com\/wp-content\/uploads\/2020\/11\/stranger-cam-1.png","datePublished":"2021-05-09T19:14:34+00:00","dateModified":"2023-08-21T09:40:39+00:00","description":"\u00bfTe gusta Chatblink? \u00a1Ven a chatear gratis con m\u00e1s de 5.000.000 de desconocidos en Stranger Cam! \u00a1Enciende tu c\u00e1mara y encuentra nuevos amigos y tal vez una pareja!","breadcrumb":{"@id":"https:\/\/strangercam.com\/chatblink\/#breadcrumb"},"inLanguage":"es","potentialAction":[{"@type":"ReadAction","target":["https:\/\/strangercam.com\/chatblink\/"]}]},{"@type":"ImageObject","inLanguage":"es","@id":"https:\/\/strangercam.com\/chatblink\/#primaryimage","url":"https:\/\/strangercam.com\/wp-content\/uploads\/2020\/11\/stranger-cam-1.png","contentUrl":"https:\/\/strangercam.com\/wp-content\/uploads\/2020\/11\/stranger-cam-1.png","width":800,"height":800,"caption":"stranger cam random video chat"},{"@type":"BreadcrumbList","@id":"https:\/\/strangercam.com\/chatblink\/#breadcrumb","itemListElement":[{"@type":"ListItem","position":1,"name":"Home","item":"https:\/\/strangercam.com\/"},{"@type":"ListItem","position":2,"name":"Chatblink"}]},{"@type":"WebSite","@id":"https:\/\/strangercam.com\/#website","url":"https:\/\/strangercam.com\/","name":"Strangercam","description":"Videochat aleatorio con desconocidos","publisher":{"@id":"https:\/\/strangercam.com\/#organization"},"alternateName":"Strangercam.com","potentialAction":[{"@type":"SearchAction","target":{"@type":"EntryPoint","urlTemplate":"https:\/\/strangercam.com\/?s={search_term_string}"},"query-input":{"@type":"PropertyValueSpecification","valueRequired":true,"valueName":"search_term_string"}}],"inLanguage":"es"},{"@type":"Organization","@id":"https:\/\/strangercam.com\/#organization","name":"Strangercam","alternateName":"Strangercam.com","url":"https:\/\/strangercam.com\/","logo":{"@type":"ImageObject","inLanguage":"es","@id":"https:\/\/strangercam.com\/#\/schema\/logo\/image\/","url":"https:\/\/strangercam.com\/wp-content\/uploads\/2020\/11\/cropped-new-favicon-black.png","contentUrl":"https:\/\/strangercam.com\/wp-content\/uploads\/2020\/11\/cropped-new-favicon-black.png","width":512,"height":512,"caption":"Strangercam"},"image":{"@id":"https:\/\/strangercam.com\/#\/schema\/logo\/image\/"},"sameAs":["https:\/\/www.facebook.com\/strangercam","https:\/\/x.com\/strangercamapp"]}]}},"_links":{"self":[{"href":"https:\/\/strangercam.com\/es\/wp-json\/wp\/v2\/pages\/3171","targetHints":{"allow":["GET"]}}],"collection":[{"href":"https:\/\/strangercam.com\/es\/wp-json\/wp\/v2\/pages"}],"about":[{"href":"https:\/\/strangercam.com\/es\/wp-json\/wp\/v2\/types\/page"}],"author":[{"embeddable":true,"href":"https:\/\/strangercam.com\/es\/wp-json\/wp\/v2\/users\/6"}],"replies":[{"embeddable":true,"href":"https:\/\/strangercam.com\/es\/wp-json\/wp\/v2\/comments?post=3171"}],"version-history":[{"count":0,"href":"https:\/\/strangercam.com\/es\/wp-json\/wp\/v2\/pages\/3171\/revisions"}],"wp:featuredmedia":[{"embeddable":true,"href":"https:\/\/strangercam.com\/es\/wp-json\/wp\/v2\/media\/559"}],"wp:attachment":[{"href":"https:\/\/strangercam.com\/es\/wp-json\/wp\/v2\/media?parent=3171"}],"curies":[{"name":"wp","href":"https:\/\/api.w.org\/{rel}","templated":true}]}}