{"id":3158,"date":"2021-05-09T21:11:08","date_gmt":"2021-05-09T19:11:08","guid":{"rendered":"https:\/\/strangercam.com\/?page_id=3158"},"modified":"2023-08-21T12:43:25","modified_gmt":"2023-08-21T10:43:25","slug":"tinychat","status":"publish","type":"page","link":"https:\/\/strangercam.com\/es\/tinychat\/","title":{"rendered":"Tinychat"},"content":{"rendered":"<p>En l\u00ednea <a href=\"https:\/\/strangercam.com\/es\/chatroulette\/\">chat<\/a> Hay diferentes tipos de sitios web que permiten a los usuarios descubrir a personas que desean entablar amistad con otras. Tinychat es uno de ellos que tiene miembros de diferentes partes del mundo. Proporciona formas de conectar con personas de ideas afines con las \u00faltimas caracter\u00edsticas. Este sitio web es un lugar adecuado para aquellos que quieren evitar la soledad y el aburrimiento en la vida. Adem\u00e1s, la plataforma cuenta con salas de chat para que los usuarios puedan comunicarse entre s\u00ed. <a href=\"https:\/\/strangercam.com\/es\/rabbit-video-chat\/\">v\u00eddeo<\/a> llamadas con funciones avanzadas. Cualquier persona que quiera construir sus lazos con los dem\u00e1s puede seleccionar este sitio web que le ayudar\u00e1 a obtener resultados \u00f3ptimos.<\/p>\n<h2>\u00bfC\u00f3mo inscribirse en Tinychat?<\/h2>\n<p>Registrarse en Tinychat puede llevar s\u00f3lo unos minutos y los nuevos miembros deben crear una cuenta primero. Recibir\u00e1n una URL inmediatamente despu\u00e9s de crear una cuenta con un nombre de usuario y una contrase\u00f1a preferidos. Los nuevos usuarios pueden entrar en las salas de chat simplemente escribiendo la URL. El sitio web ofrece incluso la posibilidad de crear una cuenta a trav\u00e9s de Facebook. Hace que el proceso de registro sea m\u00e1s r\u00e1pido, mostrando as\u00ed formas de conectar con los grupos lo antes posible. Otra caracter\u00edstica del sitio web es que permite a los usuarios crear perfiles subiendo fotos y facilitando otros datos.<\/p>\n<h3>\u00bfC\u00f3mo utilizar Tinychat?<\/h3>\n<p>Los usuarios pueden enviar regalos y mensajes a otros miembros de esta plataforma que ayudan a estrechar lazos con los dem\u00e1s. Sin embargo, para ver los perfiles de los dem\u00e1s sin ninguna dificultad, deben pasar a premium. El sitio web muestra incluso m\u00e9todos para permanecer en el anonimato cuando los usuarios no quieren revelar su identidad real. Permite a los usuarios difundirse a trav\u00e9s de plataformas de v\u00eddeo, audio y texto. Adem\u00e1s, el sitio web permite a los usuarios promocionar sus salas de chat para que aparezcan en el <a href=\"https:\/\/strangercam.com\/es\/mili\/\">En directo<\/a> directorio. La aplicaci\u00f3n Tinychat tambi\u00e9n est\u00e1 disponible para usuarios m\u00f3viles, que pueden descargarla en sus dispositivos en sencillos pasos.<\/p>\n<h3>\u00bfCu\u00e1les son los pros y los contras del Tinychat?<\/h3>\n<p>La webcam funciona a la perfecci\u00f3n, lo que permite a los usuarios garantizar una mejor experiencia. Inicio de una <a href=\"https:\/\/strangercam.com\/es\/videollamada-aleatoria-americana\/\">videollamada<\/a> en el sitio web es muy f\u00e1cil que da m\u00e9todos para conectar con otros r\u00e1pidamente. Un usuario puede bloquear a alguien cuando no le gusta comunicarse con una persona. Adem\u00e1s, permite controlar el n\u00famero de personas que participan en el chat. El principal inconveniente de esta plataforma de citas es que las tarifas de los planes de suscripci\u00f3n son elevadas. Las personas mayores de 13 a\u00f1os pueden unirse a la plataforma y tienen que seguir las normas y reglamentos en detalle que le ayudar\u00e1 a <a href=\"https:\/\/strangercam.com\/es\/coomeet\/\">conozca<\/a> las necesidades esenciales.<\/p>","protected":false},"excerpt":{"rendered":"<p>Online chat websites involve different types allowing users to discover people who want to make friendships with others. Tinychat is one among them that has members from different parts of the world. It provides ways to connect with like-minded persons with the latest features. This website is a suitable place for those who like to [&hellip;]<\/p>\n","protected":false},"author":6,"featured_media":559,"parent":0,"menu_order":0,"comment_status":"closed","ping_status":"closed","template":"","meta":{"footnotes":""},"class_list":["post-3158","page","type-page","status-publish","has-post-thumbnail","hentry"],"yoast_head":"<!-- This site is optimized with the Yoast SEO plugin v26.9 - https:\/\/yoast.com\/product\/yoast-seo-wordpress\/ -->\n<title>Tinychat - Video Chat - Cam on StrangerCam.com<\/title>\n<meta name=\"description\" content=\"Like Tinychat? Come chat with more than 5.000.000 strangers on Stranger Cam for Free! Turn on your cam and find new friends &amp; maby a match!\" \/>\n<meta name=\"robots\" content=\"index, follow, max-snippet:-1, max-image-preview:large, max-video-preview:-1\" \/>\n<link rel=\"canonical\" href=\"https:\/\/strangercam.com\/es\/tinychat\/\" \/>\n<meta property=\"og:locale\" content=\"es_ES\" \/>\n<meta property=\"og:type\" content=\"article\" \/>\n<meta property=\"og:title\" content=\"Tinychat - Video Chat - Cam on StrangerCam.com\" \/>\n<meta property=\"og:description\" content=\"Like Tinychat? Come chat with more than 5.000.000 strangers on Stranger Cam for Free! Turn on your cam and find new friends &amp; maby a match!\" \/>\n<meta property=\"og:url\" content=\"https:\/\/strangercam.com\/es\/tinychat\/\" \/>\n<meta property=\"og:site_name\" content=\"Strangercam\" \/>\n<meta property=\"article:publisher\" content=\"https:\/\/www.facebook.com\/strangercam\" \/>\n<meta property=\"article:modified_time\" content=\"2023-08-21T10:43:25+00:00\" \/>\n<meta property=\"og:image\" content=\"https:\/\/strangercam.com\/wp-content\/uploads\/2020\/11\/stranger-cam-1.png\" \/>\n\t<meta property=\"og:image:width\" content=\"800\" \/>\n\t<meta property=\"og:image:height\" content=\"800\" \/>\n\t<meta property=\"og:image:type\" content=\"image\/png\" \/>\n<meta name=\"twitter:card\" content=\"summary_large_image\" \/>\n<meta name=\"twitter:site\" content=\"@strangercamapp\" \/>\n<meta name=\"twitter:label1\" content=\"Tiempo de lectura\" \/>\n\t<meta name=\"twitter:data1\" content=\"2 minutos\" \/>\n<script type=\"application\/ld+json\" class=\"yoast-schema-graph\">{\"@context\":\"https:\/\/schema.org\",\"@graph\":[{\"@type\":\"WebPage\",\"@id\":\"https:\/\/strangercam.com\/tinychat\/\",\"url\":\"https:\/\/strangercam.com\/tinychat\/\",\"name\":\"Tinychat - Video Chat - Cam on StrangerCam.com\",\"isPartOf\":{\"@id\":\"https:\/\/strangercam.com\/#website\"},\"primaryImageOfPage\":{\"@id\":\"https:\/\/strangercam.com\/tinychat\/#primaryimage\"},\"image\":{\"@id\":\"https:\/\/strangercam.com\/tinychat\/#primaryimage\"},\"thumbnailUrl\":\"https:\/\/strangercam.com\/wp-content\/uploads\/2020\/11\/stranger-cam-1.png\",\"datePublished\":\"2021-05-09T19:11:08+00:00\",\"dateModified\":\"2023-08-21T10:43:25+00:00\",\"description\":\"Like Tinychat? Come chat with more than 5.000.000 strangers on Stranger Cam for Free! Turn on your cam and find new friends & maby a match!\",\"breadcrumb\":{\"@id\":\"https:\/\/strangercam.com\/tinychat\/#breadcrumb\"},\"inLanguage\":\"es\",\"potentialAction\":[{\"@type\":\"ReadAction\",\"target\":[\"https:\/\/strangercam.com\/tinychat\/\"]}]},{\"@type\":\"ImageObject\",\"inLanguage\":\"es\",\"@id\":\"https:\/\/strangercam.com\/tinychat\/#primaryimage\",\"url\":\"https:\/\/strangercam.com\/wp-content\/uploads\/2020\/11\/stranger-cam-1.png\",\"contentUrl\":\"https:\/\/strangercam.com\/wp-content\/uploads\/2020\/11\/stranger-cam-1.png\",\"width\":800,\"height\":800,\"caption\":\"stranger cam random video chat\"},{\"@type\":\"BreadcrumbList\",\"@id\":\"https:\/\/strangercam.com\/tinychat\/#breadcrumb\",\"itemListElement\":[{\"@type\":\"ListItem\",\"position\":1,\"name\":\"Home\",\"item\":\"https:\/\/strangercam.com\/\"},{\"@type\":\"ListItem\",\"position\":2,\"name\":\"Tinychat\"}]},{\"@type\":\"WebSite\",\"@id\":\"https:\/\/strangercam.com\/#website\",\"url\":\"https:\/\/strangercam.com\/\",\"name\":\"Strangercam\",\"description\":\"Random Video Chat with Strangers\",\"publisher\":{\"@id\":\"https:\/\/strangercam.com\/#organization\"},\"alternateName\":\"Strangercam.com\",\"potentialAction\":[{\"@type\":\"SearchAction\",\"target\":{\"@type\":\"EntryPoint\",\"urlTemplate\":\"https:\/\/strangercam.com\/?s={search_term_string}\"},\"query-input\":{\"@type\":\"PropertyValueSpecification\",\"valueRequired\":true,\"valueName\":\"search_term_string\"}}],\"inLanguage\":\"es\"},{\"@type\":\"Organization\",\"@id\":\"https:\/\/strangercam.com\/#organization\",\"name\":\"Strangercam\",\"alternateName\":\"Strangercam.com\",\"url\":\"https:\/\/strangercam.com\/\",\"logo\":{\"@type\":\"ImageObject\",\"inLanguage\":\"es\",\"@id\":\"https:\/\/strangercam.com\/#\/schema\/logo\/image\/\",\"url\":\"https:\/\/strangercam.com\/wp-content\/uploads\/2020\/11\/cropped-new-favicon-black.png\",\"contentUrl\":\"https:\/\/strangercam.com\/wp-content\/uploads\/2020\/11\/cropped-new-favicon-black.png\",\"width\":512,\"height\":512,\"caption\":\"Strangercam\"},\"image\":{\"@id\":\"https:\/\/strangercam.com\/#\/schema\/logo\/image\/\"},\"sameAs\":[\"https:\/\/www.facebook.com\/strangercam\",\"https:\/\/x.com\/strangercamapp\"]}]}<\/script>\n<!-- \/ Yoast SEO plugin. -->","yoast_head_json":{"title":"Tinychat - Video Chat - Cam en StrangerCam.com","description":"\u00bfTe gusta Tinychat? \u00a1Ven a chatear gratis con m\u00e1s de 5.000.000 de desconocidos en Stranger Cam! \u00a1Enciende tu c\u00e1mara y encuentra nuevos amigos y tal vez una pareja!","robots":{"index":"index","follow":"follow","max-snippet":"max-snippet:-1","max-image-preview":"max-image-preview:large","max-video-preview":"max-video-preview:-1"},"canonical":"https:\/\/strangercam.com\/es\/tinychat\/","og_locale":"es_ES","og_type":"article","og_title":"Tinychat - Video Chat - Cam on StrangerCam.com","og_description":"Like Tinychat? Come chat with more than 5.000.000 strangers on Stranger Cam for Free! Turn on your cam and find new friends & maby a match!","og_url":"https:\/\/strangercam.com\/es\/tinychat\/","og_site_name":"Strangercam","article_publisher":"https:\/\/www.facebook.com\/strangercam","article_modified_time":"2023-08-21T10:43:25+00:00","og_image":[{"width":800,"height":800,"url":"https:\/\/strangercam.com\/wp-content\/uploads\/2020\/11\/stranger-cam-1.png","type":"image\/png"}],"twitter_card":"summary_large_image","twitter_site":"@strangercamapp","twitter_misc":{"Tiempo de lectura":"2 minutos"},"schema":{"@context":"https:\/\/schema.org","@graph":[{"@type":"WebPage","@id":"https:\/\/strangercam.com\/tinychat\/","url":"https:\/\/strangercam.com\/tinychat\/","name":"Tinychat - Video Chat - Cam en StrangerCam.com","isPartOf":{"@id":"https:\/\/strangercam.com\/#website"},"primaryImageOfPage":{"@id":"https:\/\/strangercam.com\/tinychat\/#primaryimage"},"image":{"@id":"https:\/\/strangercam.com\/tinychat\/#primaryimage"},"thumbnailUrl":"https:\/\/strangercam.com\/wp-content\/uploads\/2020\/11\/stranger-cam-1.png","datePublished":"2021-05-09T19:11:08+00:00","dateModified":"2023-08-21T10:43:25+00:00","description":"\u00bfTe gusta Tinychat? \u00a1Ven a chatear gratis con m\u00e1s de 5.000.000 de desconocidos en Stranger Cam! \u00a1Enciende tu c\u00e1mara y encuentra nuevos amigos y tal vez una pareja!","breadcrumb":{"@id":"https:\/\/strangercam.com\/tinychat\/#breadcrumb"},"inLanguage":"es","potentialAction":[{"@type":"ReadAction","target":["https:\/\/strangercam.com\/tinychat\/"]}]},{"@type":"ImageObject","inLanguage":"es","@id":"https:\/\/strangercam.com\/tinychat\/#primaryimage","url":"https:\/\/strangercam.com\/wp-content\/uploads\/2020\/11\/stranger-cam-1.png","contentUrl":"https:\/\/strangercam.com\/wp-content\/uploads\/2020\/11\/stranger-cam-1.png","width":800,"height":800,"caption":"stranger cam random video chat"},{"@type":"BreadcrumbList","@id":"https:\/\/strangercam.com\/tinychat\/#breadcrumb","itemListElement":[{"@type":"ListItem","position":1,"name":"Home","item":"https:\/\/strangercam.com\/"},{"@type":"ListItem","position":2,"name":"Tinychat"}]},{"@type":"WebSite","@id":"https:\/\/strangercam.com\/#website","url":"https:\/\/strangercam.com\/","name":"Strangercam","description":"Videochat aleatorio con desconocidos","publisher":{"@id":"https:\/\/strangercam.com\/#organization"},"alternateName":"Strangercam.com","potentialAction":[{"@type":"SearchAction","target":{"@type":"EntryPoint","urlTemplate":"https:\/\/strangercam.com\/?s={search_term_string}"},"query-input":{"@type":"PropertyValueSpecification","valueRequired":true,"valueName":"search_term_string"}}],"inLanguage":"es"},{"@type":"Organization","@id":"https:\/\/strangercam.com\/#organization","name":"Strangercam","alternateName":"Strangercam.com","url":"https:\/\/strangercam.com\/","logo":{"@type":"ImageObject","inLanguage":"es","@id":"https:\/\/strangercam.com\/#\/schema\/logo\/image\/","url":"https:\/\/strangercam.com\/wp-content\/uploads\/2020\/11\/cropped-new-favicon-black.png","contentUrl":"https:\/\/strangercam.com\/wp-content\/uploads\/2020\/11\/cropped-new-favicon-black.png","width":512,"height":512,"caption":"Strangercam"},"image":{"@id":"https:\/\/strangercam.com\/#\/schema\/logo\/image\/"},"sameAs":["https:\/\/www.facebook.com\/strangercam","https:\/\/x.com\/strangercamapp"]}]}},"_links":{"self":[{"href":"https:\/\/strangercam.com\/es\/wp-json\/wp\/v2\/pages\/3158","targetHints":{"allow":["GET"]}}],"collection":[{"href":"https:\/\/strangercam.com\/es\/wp-json\/wp\/v2\/pages"}],"about":[{"href":"https:\/\/strangercam.com\/es\/wp-json\/wp\/v2\/types\/page"}],"author":[{"embeddable":true,"href":"https:\/\/strangercam.com\/es\/wp-json\/wp\/v2\/users\/6"}],"replies":[{"embeddable":true,"href":"https:\/\/strangercam.com\/es\/wp-json\/wp\/v2\/comments?post=3158"}],"version-history":[{"count":0,"href":"https:\/\/strangercam.com\/es\/wp-json\/wp\/v2\/pages\/3158\/revisions"}],"wp:featuredmedia":[{"embeddable":true,"href":"https:\/\/strangercam.com\/es\/wp-json\/wp\/v2\/media\/559"}],"wp:attachment":[{"href":"https:\/\/strangercam.com\/es\/wp-json\/wp\/v2\/media?parent=3158"}],"curies":[{"name":"wp","href":"https:\/\/api.w.org\/{rel}","templated":true}]}}