{"id":3045,"date":"2025-08-18T13:16:48","date_gmt":"2025-08-18T11:16:48","guid":{"rendered":"https:\/\/strangercam.com\/?page_id=3045"},"modified":"2025-08-18T14:11:55","modified_gmt":"2025-08-18T12:11:55","slug":"videochat-con-chicas","status":"publish","type":"page","link":"https:\/\/strangercam.com\/es\/video-chat-with-girls\/","title":{"rendered":"Video Chat con Mujeres"},"content":{"rendered":"<p>\u00bfEst\u00e1 buscando el mejor lugar para grabar <a href=\"https:\/\/strangercam.com\/es\/chathub\/\">chat<\/a> con chicas? No est\u00e1 solo. Cada d\u00eda, miles de personas se conectan a Internet en busca de conversaciones aut\u00e9nticas y espont\u00e1neas con mujeres reales de todo el mundo. A diferencia de las aplicaciones de citas, en las que te desplazas sin parar por los perfiles, o de las redes sociales, en las que todo parece escenificado, el videochat en directo con chicas es instant\u00e1neo, real y aut\u00e9ntico.<\/p>\n<p>Gracias a plataformas como StrangerCam, ahora es posible disfrutar del videochat gratis con chicas en cualquier momento, sin la molestia de crear una cuenta, pagar tarifas ocultas o descargar una aplicaci\u00f3n. Tanto si quieres hacer amigos, ligar o simplemente pasar el rato, chatear por v\u00eddeo con chicas en l\u00ednea nunca ha sido tan f\u00e1cil y accesible.<\/p>\n<p>Esta gu\u00eda te mostrar\u00e1 todo lo que necesitas saber: c\u00f3mo funciona, por qu\u00e9 a la gente le encanta, qu\u00e9 caracter\u00edsticas son las m\u00e1s importantes, consejos de seguridad y por qu\u00e9 StrangerCam es una de las mejores plataformas para videochatear con chicas en 2025.<\/p>\n<h2>\u00bfQu\u00e9 es el videochat con chicas?<\/h2>\n<p>El videochat con chicas es una interacci\u00f3n en l\u00ednea en directo, cara a cara, en la que te conectas instant\u00e1neamente con usuarias utilizando tu webcam y tu micr\u00f3fono. Es como una actualizaci\u00f3n moderna de los chats de texto, con la diferencia de que puedes ver y o\u00edr a la persona con la que hablas.<\/p>\n<p>A diferencia de las redes sociales o los sitios de citas, donde las conversaciones tardan en empezar, el videochat te permite entrar directamente en interacciones reales. No hay que deslizar el dedo, ni esperar respuestas, solo conexi\u00f3n inmediata.<\/p>\n<h2>Por qu\u00e9 a la gente le encanta el videochat gratis con chicas<\/h2>\n<p>La creciente popularidad del videochat gratis con chicas puede explicarse por unas sencillas razones:<\/p>\n<ul>\n<li>Autenticidad: A diferencia del texto, el v\u00eddeo hace que sea imposible fingir qui\u00e9n eres. Sabes que est\u00e1s hablando con una persona real.<\/li>\n<li>Conexi\u00f3n instant\u00e1nea: Sin largas inscripciones ni p\u00e9rdidas de tiempo: con\u00e9ctese al instante.<\/li>\n<li>La emoci\u00f3n de lo desconocido: Cada charla es \u00fanica y ofrece algo diferente cada vez.<\/li>\n<li>Amistad y flirteo: Algunos la utilizan para encontrar nuevos amigos, otros para divertirse y ligar sin hacer da\u00f1o.<\/li>\n<li>Diversidad: Chatea con chicas de todo el mundo, experimenta nuevas culturas y ampl\u00eda tu perspectiva.<\/li>\n<li>Accesibilidad: Plataformas como StrangerCam hacen que 100% sea gratis y f\u00e1cil de usar tanto en m\u00f3viles como en ordenadores de sobremesa.<\/li>\n<\/ul>\n<h2>\u00bfC\u00f3mo funciona el videochat con chicas?<\/h2>\n<p>Iniciar un videochat con chicas es sencillo, incluso para los principiantes:<\/p>\n<ol>\n<li>Abre una plataforma de videochat (como StrangerCam) en tu tel\u00e9fono u ordenador.<\/li>\n<li>Activa la c\u00e1mara web y el micr\u00f3fono cuando se te solicite.<\/li>\n<li>Seleccione las preferencias si est\u00e1n disponibles (por ejemplo, elija emparejarse s\u00f3lo con usuarios femeninos).<\/li>\n<li>Haz clic en \"Iniciar chat\". Estar\u00e1s conectado al instante con una chica al azar.<\/li>\n<li>Disfruta del chat. Si no te apetece la conversaci\u00f3n, haz clic en \"Siguiente\" para conocer a alguien nuevo.<\/li>\n<\/ol>\n<p>El proceso completo dura menos de un minuto.<\/p>\n<h2>Caracter\u00edsticas principales<\/h2>\n<p>No todas las plataformas que anuncian videochat con chicas merecen tu tiempo. Muchas ocultan funciones tras muros de pago o no cumplen sus promesas. Esto es lo que debes buscar:<\/p>\n<h3>1. Filtros de g\u00e9nero gratuitos<\/h3>\n<p>Un filtro de g\u00e9nero que funcione es esencial si quieres conocer chicas en concreto. Desconf\u00eda de los sitios que lo anuncian pero solo lo desbloquean tras el pago.<\/p>\n<h3>2. No es necesario inscribirse<\/h3>\n<p>No deber\u00edas tener que crear una cuenta ni dar datos personales para empezar a chatear.<\/p>\n<h3>3. Moderaci\u00f3n fuerte<\/h3>\n<p>Las buenas plataformas cuentan con moderadores activos y herramientas de denuncia para mantener un entorno seguro y amigable.<\/p>\n<h3>4. V\u00eddeo de alta calidad<\/h3>\n<p>El v\u00eddeo y el audio fluidos y fiables hacen que las conversaciones sean naturales y agradables.<\/p>\n<h3>5. Dise\u00f1o compatible con dispositivos m\u00f3viles<\/h3>\n<p>Deber\u00edas poder chatear por v\u00eddeo con chicas f\u00e1cilmente desde tu tel\u00e9fono o tableta, no s\u00f3lo desde un ordenador.<\/p>\n<h3>6. Comunidad mundial<\/h3>\n<p>Una mayor base de usuarios significa m\u00e1s variedad y m\u00e1s posibilidades de conectar con gente interesante.<\/p>\n<h2>Las mejores plataformas para videochatear con chicas en 2025<\/h2>\n<p>He aqu\u00ed una comparaci\u00f3n de las plataformas m\u00e1s populares que la gente utiliza para chatear por v\u00eddeo con chicas:<\/p>\n<table>\n<thead>\n<tr>\n<th>Plataforma<\/th>\n<th align=\"center\">Filtro de g\u00e9nero gratuito<\/th>\n<th align=\"center\">Se necesita inscripci\u00f3n<\/th>\n<th align=\"center\">Asistencia m\u00f3vil<\/th>\n<th align=\"center\">Moderaci\u00f3n<\/th>\n<th>Notas<\/th>\n<\/tr>\n<\/thead>\n<tbody>\n<tr>\n<td>StrangerCam<\/td>\n<td align=\"center\">\u2705<\/td>\n<td align=\"center\">\u274c<\/td>\n<td align=\"center\">\u2705<\/td>\n<td align=\"center\">\u2705<\/td>\n<td>100% filtro de g\u00e9nero libre y en funcionamiento<\/td>\n<\/tr>\n<tr>\n<td><a href=\"https:\/\/strangercam.com\/es\/chatroulette\/\">Chatroulette<\/a><\/td>\n<td align=\"center\">\u274c (de pago)<\/td>\n<td align=\"center\">\u274c<\/td>\n<td align=\"center\">\u2705<\/td>\n<td align=\"center\">\u2705<\/td>\n<td>Cl\u00e1sico, pero el filtro de g\u00e9nero cuesta<\/td>\n<\/tr>\n<tr>\n<td>Chatrandom<\/td>\n<td align=\"center\">\u274c (de pago)<\/td>\n<td align=\"center\">\u274c<\/td>\n<td align=\"center\">\u2705<\/td>\n<td align=\"center\">\u2705<\/td>\n<td>Popular, pero con muchos muros de pago<\/td>\n<\/tr>\n<tr>\n<td><a href=\"https:\/\/strangercam.com\/es\/ometv\/\">OmeTV<\/a><\/td>\n<td align=\"center\">\u274c<\/td>\n<td align=\"center\">\u274c<\/td>\n<td align=\"center\">\u2705<\/td>\n<td align=\"center\">\u2705<\/td>\n<td>Aplicaci\u00f3n m\u00f3vil, s\u00f3lo aleatoria<\/td>\n<\/tr>\n<tr>\n<td>Shagle<\/td>\n<td align=\"center\">\u274c (de pago)<\/td>\n<td align=\"center\">\u274c<\/td>\n<td align=\"center\">\u2705<\/td>\n<td align=\"center\">\u2705<\/td>\n<td>Impulsa fuertemente las actualizaciones<\/td>\n<\/tr>\n<tr>\n<td><a href=\"https:\/\/strangercam.com\/es\/coomeet\/\">CooMeet<\/a><\/td>\n<td align=\"center\">\u2705 (s\u00f3lo de prueba)<\/td>\n<td align=\"center\">\u2705<\/td>\n<td align=\"center\">\u2705<\/td>\n<td align=\"center\">\u2705<\/td>\n<td>Pagado despu\u00e9s de unas cuantas charlas gratuitas<\/td>\n<\/tr>\n<tr>\n<td>LuckyCrush<\/td>\n<td align=\"center\">\u2705 (de pago)<\/td>\n<td align=\"center\">\u2705<\/td>\n<td align=\"center\">\u2705<\/td>\n<td align=\"center\">\u2705<\/td>\n<td>Igualdad entre hombres y mujeres, siempre remunerada<\/td>\n<\/tr>\n<\/tbody>\n<\/table>\n<p>StrangerCam es una de las \u00fanicas plataformas que ofrece un filtro de g\u00e9nero real y gratuito y chats de v\u00eddeo ilimitados con chicas, sin trucos ni cargos ocultos.<\/p>\n<h2>Por qu\u00e9 StrangerCam es el mejor sitio para chatear por v\u00eddeo con chicas<\/h2>\n<p>Cuando se trata de videochat con chicas, StrangerCam tiene varias ventajas destacadas:<\/p>\n<h3>1. Realmente gratuito e ilimitado<\/h3>\n<p>Chatea todo el tiempo que quieras sin preocuparte de cr\u00e9ditos, l\u00edmites o tarifas ocultas.<\/p>\n<h3>2. Filtro de g\u00e9nero gratuito que funciona<\/h3>\n<p>A diferencia de la mayor\u00eda de los sitios, StrangerCam te permite seleccionar chicas de forma gratuita, sin muro de pago.<\/p>\n<h3>3. No es necesario registrarse ni descargar nada<\/h3>\n<p>No necesitas cuenta, correo electr\u00f3nico ni n\u00famero de tel\u00e9fono. Solo tienes que hacer clic y empezar a chatear.<\/p>\n<h3>4. Seguro y moderado<\/h3>\n<p>Los informes integrados y los moderadores activos ayudan a mantener una comunidad positiva.<\/p>\n<h3>5. Base mundial de usuarias<\/h3>\n<p>Conoce a chicas de decenas de pa\u00edses a cualquier hora del d\u00eda.<\/p>\n<h3>6. Optimizado para m\u00f3viles y ordenadores de sobremesa<\/h3>\n<p>Tanto si est\u00e1s en un tel\u00e9fono, una tableta o un ordenador, StrangerCam funciona sin problemas en todas partes.<\/p>\n<h2>Testimonios de usuarios reales<\/h2>\n<blockquote><p><em>\"La mayor\u00eda de los sitios dec\u00edan que pod\u00eda chatear por v\u00eddeo con chicas gratis, pero luego intentaban cobrarme. StrangerCam fue el primer sitio en el que el filtro de g\u00e9nero funcion\u00f3 de verdad sin pagar\".<\/em><br \/>\n- Ethan, 28 a\u00f1os<\/p><\/blockquote>\n<blockquote><p><em>\"Como mujer, me siento m\u00e1s segura aqu\u00ed en comparaci\u00f3n con otras plataformas. Puedo saltar, bloquear y denunciar al instante, lo que me hace sentir m\u00e1s c\u00f3moda\".<\/em><br \/>\n- Laura, 24 a\u00f1os<\/p><\/blockquote>\n<blockquote><p><em>\"He conocido chicas de Brasil, Espa\u00f1a y Estados Unidos en una sola noche. Es adictivo pero divertido\".<\/em><br \/>\n- David, 30 a\u00f1os<\/p><\/blockquote>\n<blockquote><p><em>\"R\u00e1pido, f\u00e1cil y realmente gratis. StrangerCam es mi opci\u00f3n siempre que quiero chatear con chicas online\".<\/em><br \/>\n- Chris, 21 a\u00f1os<\/p><\/blockquote>\n<h2>Consejos de seguridad para el videochat con chicas<\/h2>\n<p>Como en cualquier plataforma online, tu seguridad debe ser siempre lo primero. Aqu\u00ed tienes algunas normas que debes seguir:<\/p>\n<ul>\n<li>No compartas informaci\u00f3n personal: Mant\u00e9n en privado tu nombre, direcci\u00f3n, tel\u00e9fono y correo electr\u00f3nico.<\/li>\n<li>Saltar si no te sientes c\u00f3modo: Si una conversaci\u00f3n no te parece bien, haz clic en \"Siguiente\".<\/li>\n<li>Evita hacer clic en enlaces: No abras enlaces externos compartidos por desconocidos.<\/li>\n<li>Comprueba tus antecedentes: Aseg\u00farate de que no se ve nada privado detr\u00e1s de ti.<\/li>\n<li>Mantente an\u00f3nimo: utiliza un apodo si te piden un nombre para mostrar.<\/li>\n<li>Si tienes menos de 18 a\u00f1os, no lo uses: Respeta siempre las restricciones de edad de la plataforma.<\/li>\n<\/ul>\n<h2>C\u00f3mo empezar - Paso a paso<\/h2>\n<p>Empezar con el videochat con chicas lleva menos de un minuto:<\/p>\n<ol>\n<li>Abre StrangerCam en tu dispositivo.<\/li>\n<li>Permitir el acceso a la c\u00e1mara y al micr\u00f3fono.<\/li>\n<li>Seleccione el filtro de g\u00e9nero (elija \"chicas\").<\/li>\n<li>Haz clic en Iniciar chat para emparejarte al instante.<\/li>\n<li>Disfruta de tu conversaci\u00f3n. Haz clic en Siguiente para avanzar cuando quieras.<\/li>\n<\/ol>\n<p>Eso es todo lo que hace falta: r\u00e1pido, sencillo y gratis.<\/p>\n<h2>Pensamientos Finales - Prueba el Video Chat Gratis con Chicas Ahora<\/h2>\n<p>Si est\u00e1s buscando un lugar donde chatear por v\u00eddeo con chicas, la buena noticia es que en 2025 es m\u00e1s f\u00e1cil que nunca. StrangerCam ofrece todo lo que necesitas: un filtro de g\u00e9nero gratuito, emparejamiento instant\u00e1neo, moderaci\u00f3n segura y una comunidad femenina global disponible 24\/7.<\/p>\n<p>No pierdas el tiempo en plataformas que prometen videoconferencias gratuitas pero lo ocultan todo tras suscripciones. Elige un sitio que sea realmente gratuito, seguro y divertido.<\/p>\n<p>\u00bfListo para conocer a alguien nuevo? Inicia un videochat gratis con chicas hoy mismo y descubre la emoci\u00f3n de las conexiones espont\u00e1neas.<\/p>","protected":false},"excerpt":{"rendered":"<p>Are you searching for the best place to video chat with girls? You\u2019re not alone. Every day, thousands of people go online looking for genuine, spontaneous conversations with real women around the world. Unlike dating apps, where you scroll through profiles endlessly, or social media, where everything feels staged, live video chat with girls is [&hellip;]<\/p>\n","protected":false},"author":8,"featured_media":0,"parent":0,"menu_order":0,"comment_status":"closed","ping_status":"closed","template":"","meta":{"footnotes":""},"class_list":["post-3045","page","type-page","status-publish","hentry"],"yoast_head":"<!-- This site is optimized with the Yoast SEO plugin v27.4 - https:\/\/yoast.com\/product\/yoast-seo-wordpress\/ -->\n<title>Video Chat With Girls with Random Chat on Strangercam.com<\/title>\n<meta name=\"description\" content=\"Liking Video Chat With Girls? Join millions on StrangerCam.com! Start a random video chat, turn on your cam, and meet strangers instantly.\" \/>\n<meta name=\"robots\" content=\"index, follow, max-snippet:-1, max-image-preview:large, max-video-preview:-1\" \/>\n<link rel=\"canonical\" href=\"https:\/\/strangercam.com\/es\/videochat-con-chicas\/\" \/>\n<meta property=\"og:locale\" content=\"es_ES\" \/>\n<meta property=\"og:type\" content=\"article\" \/>\n<meta property=\"og:title\" content=\"Video Chat With Girls with Random Chat on Strangercam.com\" \/>\n<meta property=\"og:description\" content=\"Liking Video Chat With Girls? Join millions on StrangerCam.com! Start a random video chat, turn on your cam, and meet strangers instantly.\" \/>\n<meta property=\"og:url\" content=\"https:\/\/strangercam.com\/es\/videochat-con-chicas\/\" \/>\n<meta property=\"og:site_name\" content=\"Strangercam\" \/>\n<meta property=\"article:publisher\" content=\"https:\/\/www.facebook.com\/strangercam\" \/>\n<meta property=\"article:modified_time\" content=\"2025-08-18T12:11:55+00:00\" \/>\n<meta property=\"og:image\" content=\"https:\/\/strangercam.com\/wp-content\/uploads\/2021\/10\/Untitled-2.png\" \/>\n\t<meta property=\"og:image:width\" content=\"800\" \/>\n\t<meta property=\"og:image:height\" content=\"532\" \/>\n\t<meta property=\"og:image:type\" content=\"image\/png\" \/>\n<meta name=\"twitter:card\" content=\"summary_large_image\" \/>\n<meta name=\"twitter:site\" content=\"@strangercamapp\" \/>\n<meta name=\"twitter:label1\" content=\"Tiempo de lectura\" \/>\n\t<meta name=\"twitter:data1\" content=\"5 minutos\" \/>\n<script type=\"application\/ld+json\" class=\"yoast-schema-graph\">{\"@context\":\"https:\\\/\\\/schema.org\",\"@graph\":[{\"@type\":\"WebPage\",\"@id\":\"https:\\\/\\\/strangercam.com\\\/video-chat-with-girls\\\/\",\"url\":\"https:\\\/\\\/strangercam.com\\\/video-chat-with-girls\\\/\",\"name\":\"Video Chat With Girls with Random Chat on Strangercam.com\",\"isPartOf\":{\"@id\":\"https:\\\/\\\/strangercam.com\\\/#website\"},\"datePublished\":\"2025-08-18T11:16:48+00:00\",\"dateModified\":\"2025-08-18T12:11:55+00:00\",\"description\":\"Liking Video Chat With Girls? Join millions on StrangerCam.com! Start a random video chat, turn on your cam, and meet strangers instantly.\",\"breadcrumb\":{\"@id\":\"https:\\\/\\\/strangercam.com\\\/video-chat-with-girls\\\/#breadcrumb\"},\"inLanguage\":\"es\",\"potentialAction\":[{\"@type\":\"ReadAction\",\"target\":[\"https:\\\/\\\/strangercam.com\\\/video-chat-with-girls\\\/\"]}]},{\"@type\":\"BreadcrumbList\",\"@id\":\"https:\\\/\\\/strangercam.com\\\/video-chat-with-girls\\\/#breadcrumb\",\"itemListElement\":[{\"@type\":\"ListItem\",\"position\":1,\"name\":\"Home\",\"item\":\"https:\\\/\\\/strangercam.com\\\/\"},{\"@type\":\"ListItem\",\"position\":2,\"name\":\"Video Chat With Girls\"}]},{\"@type\":\"WebSite\",\"@id\":\"https:\\\/\\\/strangercam.com\\\/#website\",\"url\":\"https:\\\/\\\/strangercam.com\\\/\",\"name\":\"Strangercam\",\"description\":\"Random Video Chat with Strangers\",\"publisher\":{\"@id\":\"https:\\\/\\\/strangercam.com\\\/#organization\"},\"alternateName\":\"Strangercam.com\",\"potentialAction\":[{\"@type\":\"SearchAction\",\"target\":{\"@type\":\"EntryPoint\",\"urlTemplate\":\"https:\\\/\\\/strangercam.com\\\/?s={search_term_string}\"},\"query-input\":{\"@type\":\"PropertyValueSpecification\",\"valueRequired\":true,\"valueName\":\"search_term_string\"}}],\"inLanguage\":\"es\"},{\"@type\":\"Organization\",\"@id\":\"https:\\\/\\\/strangercam.com\\\/#organization\",\"name\":\"Strangercam\",\"alternateName\":\"Strangercam.com\",\"url\":\"https:\\\/\\\/strangercam.com\\\/\",\"logo\":{\"@type\":\"ImageObject\",\"inLanguage\":\"es\",\"@id\":\"https:\\\/\\\/strangercam.com\\\/#\\\/schema\\\/logo\\\/image\\\/\",\"url\":\"https:\\\/\\\/strangercam.com\\\/wp-content\\\/uploads\\\/2020\\\/11\\\/cropped-new-favicon-black.png\",\"contentUrl\":\"https:\\\/\\\/strangercam.com\\\/wp-content\\\/uploads\\\/2020\\\/11\\\/cropped-new-favicon-black.png\",\"width\":512,\"height\":512,\"caption\":\"Strangercam\"},\"image\":{\"@id\":\"https:\\\/\\\/strangercam.com\\\/#\\\/schema\\\/logo\\\/image\\\/\"},\"sameAs\":[\"https:\\\/\\\/www.facebook.com\\\/strangercam\",\"https:\\\/\\\/x.com\\\/strangercamapp\"]}]}<\/script>\n<!-- \/ Yoast SEO plugin. -->","yoast_head_json":{"title":"Video Chat con Chicas con Random Chat en Strangercam.com","description":"\u00bfTe gusta el videochat con chicas? \u00a1Join millones en StrangerCam.com! Inicia un videochat aleatorio, enciende tu c\u00e1mara y conoce a desconocidos al instante.","robots":{"index":"index","follow":"follow","max-snippet":"max-snippet:-1","max-image-preview":"max-image-preview:large","max-video-preview":"max-video-preview:-1"},"canonical":"https:\/\/strangercam.com\/es\/videochat-con-chicas\/","og_locale":"es_ES","og_type":"article","og_title":"Video Chat With Girls with Random Chat on Strangercam.com","og_description":"Liking Video Chat With Girls? Join millions on StrangerCam.com! Start a random video chat, turn on your cam, and meet strangers instantly.","og_url":"https:\/\/strangercam.com\/es\/videochat-con-chicas\/","og_site_name":"Strangercam","article_publisher":"https:\/\/www.facebook.com\/strangercam","article_modified_time":"2025-08-18T12:11:55+00:00","og_image":[{"width":800,"height":532,"url":"https:\/\/strangercam.com\/wp-content\/uploads\/2021\/10\/Untitled-2.png","type":"image\/png"}],"twitter_card":"summary_large_image","twitter_site":"@strangercamapp","twitter_misc":{"Tiempo de lectura":"5 minutos"},"schema":{"@context":"https:\/\/schema.org","@graph":[{"@type":"WebPage","@id":"https:\/\/strangercam.com\/video-chat-with-girls\/","url":"https:\/\/strangercam.com\/video-chat-with-girls\/","name":"Video Chat con Chicas con Random Chat en Strangercam.com","isPartOf":{"@id":"https:\/\/strangercam.com\/#website"},"datePublished":"2025-08-18T11:16:48+00:00","dateModified":"2025-08-18T12:11:55+00:00","description":"\u00bfTe gusta el videochat con chicas? \u00a1Join millones en StrangerCam.com! Inicia un videochat aleatorio, enciende tu c\u00e1mara y conoce a desconocidos al instante.","breadcrumb":{"@id":"https:\/\/strangercam.com\/video-chat-with-girls\/#breadcrumb"},"inLanguage":"es","potentialAction":[{"@type":"ReadAction","target":["https:\/\/strangercam.com\/video-chat-with-girls\/"]}]},{"@type":"BreadcrumbList","@id":"https:\/\/strangercam.com\/video-chat-with-girls\/#breadcrumb","itemListElement":[{"@type":"ListItem","position":1,"name":"Home","item":"https:\/\/strangercam.com\/"},{"@type":"ListItem","position":2,"name":"Video Chat With Girls"}]},{"@type":"WebSite","@id":"https:\/\/strangercam.com\/#website","url":"https:\/\/strangercam.com\/","name":"Strangercam","description":"Videochat aleatorio con desconocidos","publisher":{"@id":"https:\/\/strangercam.com\/#organization"},"alternateName":"Strangercam.com","potentialAction":[{"@type":"SearchAction","target":{"@type":"EntryPoint","urlTemplate":"https:\/\/strangercam.com\/?s={search_term_string}"},"query-input":{"@type":"PropertyValueSpecification","valueRequired":true,"valueName":"search_term_string"}}],"inLanguage":"es"},{"@type":"Organization","@id":"https:\/\/strangercam.com\/#organization","name":"Strangercam","alternateName":"Strangercam.com","url":"https:\/\/strangercam.com\/","logo":{"@type":"ImageObject","inLanguage":"es","@id":"https:\/\/strangercam.com\/#\/schema\/logo\/image\/","url":"https:\/\/strangercam.com\/wp-content\/uploads\/2020\/11\/cropped-new-favicon-black.png","contentUrl":"https:\/\/strangercam.com\/wp-content\/uploads\/2020\/11\/cropped-new-favicon-black.png","width":512,"height":512,"caption":"Strangercam"},"image":{"@id":"https:\/\/strangercam.com\/#\/schema\/logo\/image\/"},"sameAs":["https:\/\/www.facebook.com\/strangercam","https:\/\/x.com\/strangercamapp"]}]}},"_links":{"self":[{"href":"https:\/\/strangercam.com\/es\/wp-json\/wp\/v2\/pages\/3045","targetHints":{"allow":["GET"]}}],"collection":[{"href":"https:\/\/strangercam.com\/es\/wp-json\/wp\/v2\/pages"}],"about":[{"href":"https:\/\/strangercam.com\/es\/wp-json\/wp\/v2\/types\/page"}],"author":[{"embeddable":true,"href":"https:\/\/strangercam.com\/es\/wp-json\/wp\/v2\/users\/8"}],"replies":[{"embeddable":true,"href":"https:\/\/strangercam.com\/es\/wp-json\/wp\/v2\/comments?post=3045"}],"version-history":[{"count":2,"href":"https:\/\/strangercam.com\/es\/wp-json\/wp\/v2\/pages\/3045\/revisions"}],"predecessor-version":[{"id":12968,"href":"https:\/\/strangercam.com\/es\/wp-json\/wp\/v2\/pages\/3045\/revisions\/12968"}],"wp:attachment":[{"href":"https:\/\/strangercam.com\/es\/wp-json\/wp\/v2\/media?parent=3045"}],"curies":[{"name":"wp","href":"https:\/\/api.w.org\/{rel}","templated":true}]}}