{"id":201,"date":"2025-08-18T13:43:14","date_gmt":"2025-08-18T11:43:14","guid":{"rendered":"https:\/\/strangercam.com\/?page_id=201"},"modified":"2025-08-18T14:08:48","modified_gmt":"2025-08-18T12:08:48","slug":"chat-de-camara-aleatorio","status":"publish","type":"page","link":"https:\/\/strangercam.com\/es\/chat-de-camara-aleatorio\/","title":{"rendered":"Random Cam Chat"},"content":{"rendered":"<p>\u00bfBuscas la emoci\u00f3n del azar? <a href=\"https:\/\/strangercam.com\/es\/bazoocam\/\">leva<\/a> \u00bfchatear? No es el \u00fanico. Desde los primeros d\u00edas de <a href=\"https:\/\/strangercam.com\/es\/omegle\/\">Omegle<\/a> y <a href=\"https:\/\/strangercam.com\/es\/chatroulette\/\">Chatroulette<\/a>, millones de personas han recurrido al azar <a href=\"https:\/\/strangercam.com\/es\/chat-de-camara-a-camara\/\">cam chat<\/a> para conocer a desconocidos al instante, cara a cara. La idea es sencilla pero poderosa: enciende tu webcam, pulsa un bot\u00f3n y con\u00e9ctate con alguien nuevo en cuesti\u00f3n de segundos.<\/p>\n<p>Hoy en d\u00eda, plataformas como StrangerCam hacen que sea m\u00e1s f\u00e1cil que nunca disfrutar del chat con c\u00e1maras aleatorias gratis sin registros, descargas ni muros de pago ocultos. Tanto si buscas amistad, flirteo, intercambio cultural o simplemente una forma de curar el aburrimiento, el chat con c\u00e1maras aleatorias te ofrece una experiencia en l\u00ednea \u00fanica.<\/p>\n<p>En esta gu\u00eda en profundidad, exploraremos c\u00f3mo funciona, qu\u00e9 caracter\u00edsticas son las m\u00e1s importantes, por qu\u00e9 a la gente le encanta y por qu\u00e9 StrangerCam destaca como uno de los mejores lugares para chatear con c\u00e1maras aleatorias en 2025.<\/p>\n<h2>\u00bfQu\u00e9 es el chat aleatorio con c\u00e1maras?<\/h2>\n<p>Random cam chat es un servicio en l\u00ednea que te empareja con desconocidos a trav\u00e9s de una webcam y un micr\u00f3fono para mantener conversaciones de v\u00eddeo en directo y cara a cara. La parte \"aleatoria\" significa que nunca sabes con qui\u00e9n te vas a encontrar: puede ser alguien de tu pa\u00eds o del otro lado del mundo.<\/p>\n<p>A diferencia de las redes sociales o las aplicaciones de citas, el chat por webcam aleatorio elimina los filtros de los perfiles y las biograf\u00edas. Conoces a gente en directo, en tiempo real, sin ning\u00fan tipo de configuraci\u00f3n. Si la conversaci\u00f3n no te gusta, solo tienes que hacer clic en \"Siguiente\" para conectar al instante con otra persona.<\/p>\n<h2>Por qu\u00e9 la gente ama el chat aleatorio gratis<\/h2>\n<p>La popularidad del chat por webcam aleatorio se debe a varias razones:<\/p>\n<ul>\n<li>Espontaneidad: cada conversaci\u00f3n es una sorpresa, lo que la hace emocionante y adictiva.<\/li>\n<li>Conexi\u00f3n humana: Especialmente en un mundo de mensajes de texto y redes sociales, la interacci\u00f3n cara a cara resulta refrescante.<\/li>\n<li>Anonimato: La mayor\u00eda de las plataformas no requieren cuentas ni datos personales. Puedes mantenerte tan privado como quieras.<\/li>\n<li>Intercambio cultural: Conoce a personas de todo el mundo, aprende sobre sus culturas y comparte tus propias experiencias.<\/li>\n<li>Sin perfiles falsos: Como el v\u00eddeo es en directo, sabes que est\u00e1s hablando con gente real, no con bots o catfish.<\/li>\n<li>Alivio del estr\u00e9s y diversi\u00f3n: Es una forma f\u00e1cil de relajarse, re\u00edr y charlar sin presiones.<\/li>\n<\/ul>\n<h2>C\u00f3mo funciona el chat aleatorio<\/h2>\n<p>Empezar a utilizar el chat con c\u00e1maras aleatorias es muy sencillo:<\/p>\n<ol>\n<li>Abre la plataforma en tu ordenador o smartphone.<\/li>\n<li>Permite el acceso a tu webcam y micr\u00f3fono.<\/li>\n<li>Haz clic en \"Iniciar chat\". Te conectar\u00e1s al instante con un desconocido cualquiera.<\/li>\n<li>Hable cara a cara. Qu\u00e9date todo el tiempo que quieras o haz clic en \"Siguiente\" para cambiar de persona.<\/li>\n<li>Repite sin parar. La mayor\u00eda de las plataformas ofrecen chats ilimitados gratis.<\/li>\n<\/ol>\n<p>Algunos sitios incluyen extras como filtros de g\u00e9nero, preferencias de ubicaci\u00f3n o herramientas de traducci\u00f3n integradas para facilitar a\u00fan m\u00e1s los chats internacionales.<\/p>\n<h2>Caracter\u00edsticas principales<\/h2>\n<p>No todas las plataformas de chat con c\u00e1maras aleatorias son iguales. Para obtener la mejor experiencia, esto es lo que debes buscar:<\/p>\n<h3>1. Acceso realmente libre<\/h3>\n<p>Evita las plataformas que prometen chats gratuitos pero te empujan a los muros de pago. Los mejores sitios permiten un uso ilimitado y gratuito.<\/p>\n<h3>2. No es necesario inscribirse<\/h3>\n<p>No deber\u00edas tener que registrarte ni facilitar datos personales para utilizar el chat por webcam aleatorio.<\/p>\n<h3>3. Filtros de g\u00e9nero y ubicaci\u00f3n<\/h3>\n<p>As\u00ed te resultar\u00e1 m\u00e1s f\u00e1cil conectar con el tipo de personas que buscas.<\/p>\n<h3>4. Dise\u00f1o compatible con dispositivos m\u00f3viles<\/h3>\n<p>Una buena plataforma debe funcionar a la perfecci\u00f3n tanto en el escritorio como en el m\u00f3vil.<\/p>\n<h3>5. Moderaci\u00f3n fuerte<\/h3>\n<p>La moderaci\u00f3n activa y las herramientas de denuncia ayudan a mantener el espacio a salvo de conductas inapropiadas.<\/p>\n<h3>6. V\u00eddeo y audio de alta calidad<\/h3>\n<p>Las conexiones fluidas y claras hacen que los chats sean m\u00e1s agradables.<\/p>\n<h2>Las mejores plataformas de chat con c\u00e1maras aleatorias en 2025<\/h2>\n<p>Compara algunas de las plataformas de chat con c\u00e1maras aleatorias m\u00e1s populares:<\/p>\n<table>\n<thead>\n<tr>\n<th>Plataforma<\/th>\n<th align=\"center\">Uso gratuito<\/th>\n<th align=\"center\">Filtro de g\u00e9nero<\/th>\n<th align=\"center\">Se necesita inscripci\u00f3n<\/th>\n<th align=\"center\">Asistencia m\u00f3vil<\/th>\n<th>Notas<\/th>\n<\/tr>\n<\/thead>\n<tbody>\n<tr>\n<td>StrangerCam<\/td>\n<td align=\"center\">\u2705<\/td>\n<td align=\"center\">\u2705 (Gratis)<\/td>\n<td align=\"center\">\u274c<\/td>\n<td align=\"center\">\u2705<\/td>\n<td>La mejor opci\u00f3n para chatear gratis con c\u00e1maras aleatorias<\/td>\n<\/tr>\n<tr>\n<td>Chatroulette<\/td>\n<td align=\"center\">\u2705<\/td>\n<td align=\"center\">\u274c (de pago)<\/td>\n<td align=\"center\">\u274c<\/td>\n<td align=\"center\">\u2705<\/td>\n<td>Cl\u00e1sico, pero con filtro de g\u00e9nero<\/td>\n<\/tr>\n<tr>\n<td>Chatrandom<\/td>\n<td align=\"center\">\u2705<\/td>\n<td align=\"center\">\u274c (de pago)<\/td>\n<td align=\"center\">\u274c<\/td>\n<td align=\"center\">\u2705<\/td>\n<td>Gran base de usuarios, filtros de pago<\/td>\n<\/tr>\n<tr>\n<td>OmeTV<\/td>\n<td align=\"center\">\u2705<\/td>\n<td align=\"center\">\u274c<\/td>\n<td align=\"center\">\u274c<\/td>\n<td align=\"center\">\u2705<\/td>\n<td>Aplicaci\u00f3n m\u00f3vil disponible, s\u00f3lo al azar<\/td>\n<\/tr>\n<tr>\n<td>Shagle<\/td>\n<td align=\"center\">\u2705<\/td>\n<td align=\"center\">\u274c (de pago)<\/td>\n<td align=\"center\">\u274c<\/td>\n<td align=\"center\">\u2705<\/td>\n<td>Chats gratuitos, pero se imponen las actualizaciones premium<\/td>\n<\/tr>\n<tr>\n<td><a href=\"https:\/\/strangercam.com\/es\/coomeet\/\">CooMeet<\/a><\/td>\n<td align=\"center\">\u274c (Prueba)<\/td>\n<td align=\"center\">\u2705<\/td>\n<td align=\"center\">\u2705<\/td>\n<td align=\"center\">\u2705<\/td>\n<td>La mayor parte se paga una vez finalizado el periodo de prueba<\/td>\n<\/tr>\n<tr>\n<td>LuckyCrush<\/td>\n<td align=\"center\">\u274c<\/td>\n<td align=\"center\">\u2705<\/td>\n<td align=\"center\">\u2705<\/td>\n<td align=\"center\">\u2705<\/td>\n<td>Siempre remunerado, equiparaci\u00f3n en funci\u00f3n del sexo<\/td>\n<\/tr>\n<\/tbody>\n<\/table>\n<p>StrangerCam destaca por ser gratuita, segura y compatible con filtros, a diferencia de la mayor\u00eda de competidores que cobran por funciones avanzadas.<\/p>\n<h2>Por qu\u00e9 StrangerCam es la mejor opci\u00f3n para chatear con c\u00e1maras aleatorias<\/h2>\n<p>He aqu\u00ed por qu\u00e9 StrangerCam es una de las mejores plataformas del tipo Omegle en 2025:<\/p>\n<h3>1. Completamente gratis<\/h3>\n<p>Sin cargos ocultos, cr\u00e9ditos ni pruebas limitadas. Puedes chatear todo lo que quieras, gratis.<\/p>\n<h3>2. Filtro de g\u00e9nero real<\/h3>\n<p>A diferencia de la mayor\u00eda de los sitios gratuitos, StrangerCam te permite elegir conectar con hombres, mujeres o ambos sin cobrar.<\/p>\n<h3>3. No necesita cuenta<\/h3>\n<p>Empieza a chatear al instante. No se requiere registro, correo electr\u00f3nico o informaci\u00f3n personal.<\/p>\n<h3>4. Comunidad mundial 24\/7<\/h3>\n<p>Siempre activa, para que nunca te quedes sin gente a la que conocer.<\/p>\n<h3>5. Optimizado para m\u00f3viles<\/h3>\n<p>Funciona perfectamente en tel\u00e9fonos, tabletas y ordenadores.<\/p>\n<h3>6. Seguro y moderado<\/h3>\n<p>Los moderadores especializados y las herramientas de informaci\u00f3n mantienen la plataforma limpia y agradable.<\/p>\n<h2>Testimonios de usuarios reales<\/h2>\n<blockquote><p><em>\"He probado muchos sitios de chat desde el cierre de Omegle, pero StrangerCam es el \u00fanico que me ha parecido aut\u00e9ntico. Es gratis y est\u00e1 lleno de gente real\".<\/em><br \/>\n- Chris, 25 a\u00f1os<\/p><\/blockquote>\n<blockquote><p><em>\"El filtro de g\u00e9nero funciona de verdad sin pagar m\u00e1s. Eso es una gran victoria para m\u00ed\".<\/em><br \/>\n- Marta, 23 a\u00f1os<\/p><\/blockquote>\n<blockquote><p><em>\"Conect\u00e9 con gente de cinco pa\u00edses distintos en una sola noche. Es una forma muy divertida de conocer a desconocidos\".<\/em><br \/>\n- Dylan, 30<\/p><\/blockquote>\n<blockquote><p><em>\"Gratis, r\u00e1pido y seguro. StrangerCam es mi go-to para el chat de levas al azar ahora \".<\/em><br \/>\n- Leah, 20 a\u00f1os<\/p><\/blockquote>\n<h2>Consejos de seguridad para el chat aleatorio<\/h2>\n<p>Para sacar el m\u00e1ximo partido del chat aleatorio gratis con c\u00e1mara y, al mismo tiempo, mantener la seguridad, ten en cuenta estos consejos:<\/p>\n<ul>\n<li>No compartas informaci\u00f3n personal como tu nombre completo, direcci\u00f3n o n\u00famero de tel\u00e9fono.<\/li>\n<li>Omite o bloquea a cualquiera que te incomode.<\/li>\n<li>Nunca hagas clic en enlaces enviados por desconocidos.<\/li>\n<li>Ten cuidado con tus antecedentes para evitar mostrar detalles privados.<\/li>\n<li>Utiliza auriculares para obtener un sonido m\u00e1s n\u00edtido y mayor privacidad.<\/li>\n<li>Si tienes menos de 18 a\u00f1os, evita utilizar plataformas de chat con c\u00e1maras aleatorias.<\/li>\n<\/ul>\n<h2>C\u00f3mo empezar - Paso a paso<\/h2>\n<p>1TP162Entrar en un chat de c\u00e1mara aleatorio lleva menos de un minuto:<\/p>\n<ol>\n<li>Vaya a la plataforma en su navegador o tel\u00e9fono.<\/li>\n<li>Permitir el acceso a la c\u00e1mara y al micr\u00f3fono.<\/li>\n<li>Pulsa \"Iniciar chat\".<\/li>\n<li>Conoce a un desconocido al instante.<\/li>\n<li>Haz clic en \"Siguiente\" cada vez que quieras cambiar a alguien nuevo.<\/li>\n<\/ol>\n<p>Eso es todo: r\u00e1pido, sencillo y gratis.<\/p>\n<h2>Pensamientos finales - Prueba el chat aleatorio con c\u00e1mara gratis ahora<\/h2>\n<p>El chat aleatorio por c\u00e1mara es una de las formas m\u00e1s emocionantes de conectar en l\u00ednea en 2025. Es espont\u00e1neo, divertido y una alternativa refrescante a las redes sociales o las aplicaciones de citas. Con plataformas como StrangerCam, disfrutas de una experiencia realmente gratuita: sin registros, sin muros de pago y con una comunidad global dispuesta a conocerte 24\/7.<\/p>\n<p>No pierdas el tiempo en plataformas que prometen videoconferencias gratuitas pero lo ocultan todo tras muros de pago. Elige un lugar donde puedas conectar, re\u00edr y hacer nuevos amigos al instante.<\/p>\n<p>\u00bfListo para experimentarlo? Prueba el chat por c\u00e1mara aleatorio gratis hoy mismo y descubre a qui\u00e9n conocer\u00e1s despu\u00e9s.<\/p>","protected":false},"excerpt":{"rendered":"<p>Are you looking for the thrill of random cam chat? You\u2019re not alone. Since the early days of Omegle and Chatroulette, millions of people have turned to random cam chat sites to meet strangers instantly, face-to-face. The idea is simple yet powerful: switch on your webcam, click a button, and get connected to someone new [&hellip;]<\/p>\n","protected":false},"author":8,"featured_media":0,"parent":0,"menu_order":0,"comment_status":"closed","ping_status":"closed","template":"","meta":{"footnotes":""},"class_list":["post-201","page","type-page","status-publish","hentry"],"yoast_head":"<!-- This site is optimized with the Yoast SEO plugin v26.9 - https:\/\/yoast.com\/product\/yoast-seo-wordpress\/ -->\n<title>Random Cam Chat with Random Chat on Strangercam.com<\/title>\n<meta name=\"description\" content=\"Liking Random Cam Chat? Join millions on StrangerCam.com! Start a random video chat, turn on your cam, and meet strangers instantly.\" \/>\n<meta name=\"robots\" content=\"index, follow, max-snippet:-1, max-image-preview:large, max-video-preview:-1\" \/>\n<link rel=\"canonical\" href=\"https:\/\/strangercam.com\/es\/chat-de-camara-aleatorio\/\" \/>\n<meta property=\"og:locale\" content=\"es_ES\" \/>\n<meta property=\"og:type\" content=\"article\" \/>\n<meta property=\"og:title\" content=\"Random Cam Chat with Random Chat on Strangercam.com\" \/>\n<meta property=\"og:description\" content=\"Liking Random Cam Chat? Join millions on StrangerCam.com! Start a random video chat, turn on your cam, and meet strangers instantly.\" \/>\n<meta property=\"og:url\" content=\"https:\/\/strangercam.com\/es\/chat-de-camara-aleatorio\/\" \/>\n<meta property=\"og:site_name\" content=\"Strangercam\" \/>\n<meta property=\"article:publisher\" content=\"https:\/\/www.facebook.com\/strangercam\" \/>\n<meta property=\"article:modified_time\" content=\"2025-08-18T12:08:48+00:00\" \/>\n<meta property=\"og:image\" content=\"https:\/\/strangercam.com\/wp-content\/uploads\/2021\/10\/Untitled-2.png\" \/>\n\t<meta property=\"og:image:width\" content=\"800\" \/>\n\t<meta property=\"og:image:height\" content=\"532\" \/>\n\t<meta property=\"og:image:type\" content=\"image\/png\" \/>\n<meta name=\"twitter:card\" content=\"summary_large_image\" \/>\n<meta name=\"twitter:site\" content=\"@strangercamapp\" \/>\n<meta name=\"twitter:label1\" content=\"Tiempo de lectura\" \/>\n\t<meta name=\"twitter:data1\" content=\"5 minutos\" \/>\n<script type=\"application\/ld+json\" class=\"yoast-schema-graph\">{\"@context\":\"https:\/\/schema.org\",\"@graph\":[{\"@type\":\"WebPage\",\"@id\":\"https:\/\/strangercam.com\/random-cam-chat\/\",\"url\":\"https:\/\/strangercam.com\/random-cam-chat\/\",\"name\":\"Random Cam Chat with Random Chat on Strangercam.com\",\"isPartOf\":{\"@id\":\"https:\/\/strangercam.com\/#website\"},\"datePublished\":\"2025-08-18T11:43:14+00:00\",\"dateModified\":\"2025-08-18T12:08:48+00:00\",\"description\":\"Liking Random Cam Chat? Join millions on StrangerCam.com! Start a random video chat, turn on your cam, and meet strangers instantly.\",\"breadcrumb\":{\"@id\":\"https:\/\/strangercam.com\/random-cam-chat\/#breadcrumb\"},\"inLanguage\":\"es\",\"potentialAction\":[{\"@type\":\"ReadAction\",\"target\":[\"https:\/\/strangercam.com\/random-cam-chat\/\"]}]},{\"@type\":\"BreadcrumbList\",\"@id\":\"https:\/\/strangercam.com\/random-cam-chat\/#breadcrumb\",\"itemListElement\":[{\"@type\":\"ListItem\",\"position\":1,\"name\":\"Home\",\"item\":\"https:\/\/strangercam.com\/\"},{\"@type\":\"ListItem\",\"position\":2,\"name\":\"Random Cam Chat\"}]},{\"@type\":\"WebSite\",\"@id\":\"https:\/\/strangercam.com\/#website\",\"url\":\"https:\/\/strangercam.com\/\",\"name\":\"Strangercam\",\"description\":\"Random Video Chat with Strangers\",\"publisher\":{\"@id\":\"https:\/\/strangercam.com\/#organization\"},\"alternateName\":\"Strangercam.com\",\"potentialAction\":[{\"@type\":\"SearchAction\",\"target\":{\"@type\":\"EntryPoint\",\"urlTemplate\":\"https:\/\/strangercam.com\/?s={search_term_string}\"},\"query-input\":{\"@type\":\"PropertyValueSpecification\",\"valueRequired\":true,\"valueName\":\"search_term_string\"}}],\"inLanguage\":\"es\"},{\"@type\":\"Organization\",\"@id\":\"https:\/\/strangercam.com\/#organization\",\"name\":\"Strangercam\",\"alternateName\":\"Strangercam.com\",\"url\":\"https:\/\/strangercam.com\/\",\"logo\":{\"@type\":\"ImageObject\",\"inLanguage\":\"es\",\"@id\":\"https:\/\/strangercam.com\/#\/schema\/logo\/image\/\",\"url\":\"https:\/\/strangercam.com\/wp-content\/uploads\/2020\/11\/cropped-new-favicon-black.png\",\"contentUrl\":\"https:\/\/strangercam.com\/wp-content\/uploads\/2020\/11\/cropped-new-favicon-black.png\",\"width\":512,\"height\":512,\"caption\":\"Strangercam\"},\"image\":{\"@id\":\"https:\/\/strangercam.com\/#\/schema\/logo\/image\/\"},\"sameAs\":[\"https:\/\/www.facebook.com\/strangercam\",\"https:\/\/x.com\/strangercamapp\"]}]}<\/script>\n<!-- \/ Yoast SEO plugin. -->","yoast_head_json":{"title":"Random Cam Chat con Random Chat en Strangercam.com","description":"\u00bfTe gusta el chat aleatorio? \u00a1Join millones en StrangerCam.com! Inicia un videochat aleatorio, enciende tu c\u00e1mara y conoce a desconocidos al instante.","robots":{"index":"index","follow":"follow","max-snippet":"max-snippet:-1","max-image-preview":"max-image-preview:large","max-video-preview":"max-video-preview:-1"},"canonical":"https:\/\/strangercam.com\/es\/chat-de-camara-aleatorio\/","og_locale":"es_ES","og_type":"article","og_title":"Random Cam Chat with Random Chat on Strangercam.com","og_description":"Liking Random Cam Chat? Join millions on StrangerCam.com! Start a random video chat, turn on your cam, and meet strangers instantly.","og_url":"https:\/\/strangercam.com\/es\/chat-de-camara-aleatorio\/","og_site_name":"Strangercam","article_publisher":"https:\/\/www.facebook.com\/strangercam","article_modified_time":"2025-08-18T12:08:48+00:00","og_image":[{"width":800,"height":532,"url":"https:\/\/strangercam.com\/wp-content\/uploads\/2021\/10\/Untitled-2.png","type":"image\/png"}],"twitter_card":"summary_large_image","twitter_site":"@strangercamapp","twitter_misc":{"Tiempo de lectura":"5 minutos"},"schema":{"@context":"https:\/\/schema.org","@graph":[{"@type":"WebPage","@id":"https:\/\/strangercam.com\/random-cam-chat\/","url":"https:\/\/strangercam.com\/random-cam-chat\/","name":"Random Cam Chat con Random Chat en Strangercam.com","isPartOf":{"@id":"https:\/\/strangercam.com\/#website"},"datePublished":"2025-08-18T11:43:14+00:00","dateModified":"2025-08-18T12:08:48+00:00","description":"\u00bfTe gusta el chat aleatorio? \u00a1Join millones en StrangerCam.com! Inicia un videochat aleatorio, enciende tu c\u00e1mara y conoce a desconocidos al instante.","breadcrumb":{"@id":"https:\/\/strangercam.com\/random-cam-chat\/#breadcrumb"},"inLanguage":"es","potentialAction":[{"@type":"ReadAction","target":["https:\/\/strangercam.com\/random-cam-chat\/"]}]},{"@type":"BreadcrumbList","@id":"https:\/\/strangercam.com\/random-cam-chat\/#breadcrumb","itemListElement":[{"@type":"ListItem","position":1,"name":"Home","item":"https:\/\/strangercam.com\/"},{"@type":"ListItem","position":2,"name":"Random Cam Chat"}]},{"@type":"WebSite","@id":"https:\/\/strangercam.com\/#website","url":"https:\/\/strangercam.com\/","name":"Strangercam","description":"Videochat aleatorio con desconocidos","publisher":{"@id":"https:\/\/strangercam.com\/#organization"},"alternateName":"Strangercam.com","potentialAction":[{"@type":"SearchAction","target":{"@type":"EntryPoint","urlTemplate":"https:\/\/strangercam.com\/?s={search_term_string}"},"query-input":{"@type":"PropertyValueSpecification","valueRequired":true,"valueName":"search_term_string"}}],"inLanguage":"es"},{"@type":"Organization","@id":"https:\/\/strangercam.com\/#organization","name":"Strangercam","alternateName":"Strangercam.com","url":"https:\/\/strangercam.com\/","logo":{"@type":"ImageObject","inLanguage":"es","@id":"https:\/\/strangercam.com\/#\/schema\/logo\/image\/","url":"https:\/\/strangercam.com\/wp-content\/uploads\/2020\/11\/cropped-new-favicon-black.png","contentUrl":"https:\/\/strangercam.com\/wp-content\/uploads\/2020\/11\/cropped-new-favicon-black.png","width":512,"height":512,"caption":"Strangercam"},"image":{"@id":"https:\/\/strangercam.com\/#\/schema\/logo\/image\/"},"sameAs":["https:\/\/www.facebook.com\/strangercam","https:\/\/x.com\/strangercamapp"]}]}},"_links":{"self":[{"href":"https:\/\/strangercam.com\/es\/wp-json\/wp\/v2\/pages\/201","targetHints":{"allow":["GET"]}}],"collection":[{"href":"https:\/\/strangercam.com\/es\/wp-json\/wp\/v2\/pages"}],"about":[{"href":"https:\/\/strangercam.com\/es\/wp-json\/wp\/v2\/types\/page"}],"author":[{"embeddable":true,"href":"https:\/\/strangercam.com\/es\/wp-json\/wp\/v2\/users\/8"}],"replies":[{"embeddable":true,"href":"https:\/\/strangercam.com\/es\/wp-json\/wp\/v2\/comments?post=201"}],"version-history":[{"count":2,"href":"https:\/\/strangercam.com\/es\/wp-json\/wp\/v2\/pages\/201\/revisions"}],"predecessor-version":[{"id":12967,"href":"https:\/\/strangercam.com\/es\/wp-json\/wp\/v2\/pages\/201\/revisions\/12967"}],"wp:attachment":[{"href":"https:\/\/strangercam.com\/es\/wp-json\/wp\/v2\/media?parent=201"}],"curies":[{"name":"wp","href":"https:\/\/api.w.org\/{rel}","templated":true}]}}