{"id":148,"date":"2025-08-18T12:34:38","date_gmt":"2025-08-18T10:34:38","guid":{"rendered":"https:\/\/strangercam.com\/?page_id=148"},"modified":"2025-08-18T14:02:52","modified_gmt":"2025-08-18T12:02:52","slug":"chat-de-camara-a-camara","status":"publish","type":"page","link":"https:\/\/strangercam.com\/es\/cam-to-cam-chat\/","title":{"rendered":"Chat c\u00e1mara a c\u00e1mara gratuito"},"content":{"rendered":"<p>Si alguna vez has querido conocer a alguien nuevo cara a cara sin salir de casa, <a href=\"https:\/\/strangercam.com\/es\/bazoocam\/\">leva<\/a> a leva <a href=\"https:\/\/strangercam.com\/es\/chathub\/\">chat<\/a> es una de las formas m\u00e1s emocionantes de hacerlo. A diferencia del chat de texto, en el que nunca puedes estar seguro de qui\u00e9n est\u00e1 realmente al otro lado, el videochat c\u00e1mara a c\u00e1mara te pone directamente frente a personas reales, al instante. \u00bfY lo mejor? Con plataformas como StrangerCam, puedes disfrutar gratis del chat c\u00e1mara a c\u00e1mara sin tener que registrarte, pagar o descargar una aplicaci\u00f3n.<\/p>\n<p>En esta gu\u00eda, exploraremos c\u00f3mo funciona el chat c\u00e1mara a c\u00e1mara, por qu\u00e9 es tan popular, qu\u00e9 caracter\u00edsticas importan m\u00e1s y c\u00f3mo elegir las mejores plataformas en 2025. Si est\u00e1s aqu\u00ed para hacer nuevos amigos, conocer chicas, ligar o simplemente curar el aburrimiento, este art\u00edculo te dar\u00e1 todo lo que necesitas saber.<\/p>\n<h2>\u00bfQu\u00e9 es el chat c\u00e1mara a c\u00e1mara?<\/h2>\n<p>El chat c\u00e1mara a c\u00e1mara es un sistema de videochat en directo en el que dos personas se conectan cara a cara a trav\u00e9s de sus c\u00e1maras web. A diferencia de los sitios de streaming o las redes sociales, el chat c\u00e1mara a c\u00e1mara se basa en la interacci\u00f3n en tiempo real: ves y oyes a la otra persona al instante, y ella te ve y te oye a ti.<\/p>\n<p>A diferencia de las llamadas en grupo o las conferencias, las videoconferencias suelen ser cara a cara, lo que las hace m\u00e1s personales, privadas y espont\u00e1neas.<\/p>\n<h2>Por qu\u00e9 la gente ama el chat gratis entre c\u00e1maras<\/h2>\n<p>Hay innumerables razones por las que la gente acude en masa a las plataformas gratuitas de chat c\u00e1mara a c\u00e1mara:<\/p>\n<ul>\n<li>Conexi\u00f3n instant\u00e1nea - Conoce a gente real de todo el mundo en cuesti\u00f3n de segundos.<\/li>\n<li>Nada de perfiles falsos - Como est\u00e1s en un v\u00eddeo en directo, sabes que la otra persona es real.<\/li>\n<li>Espontaneidad - Cada charla es una sorpresa; nunca sabes a qui\u00e9n conocer\u00e1s despu\u00e9s.<\/li>\n<li>Diversi\u00f3n y entretenimiento: perfecto para matar el aburrimiento, practicar habilidades sociales o ligar.<\/li>\n<li>Anonimato: muchos sitios te permiten permanecer en el anonimato, sin necesidad de crear una cuenta.<\/li>\n<li>Coste cero - Con la plataforma adecuada, no es necesario pagar para chatear por v\u00eddeo con desconocidos.<\/li>\n<\/ul>\n<h2>C\u00f3mo funciona el chat entre c\u00e1maras<\/h2>\n<p>El proceso es incre\u00edblemente sencillo:<\/p>\n<ol>\n<li>Abre el sitio de chat en tu ordenador o dispositivo m\u00f3vil.<\/li>\n<li>Permita el acceso a la c\u00e1mara y al micr\u00f3fono cuando se le solicite.<\/li>\n<li>Haz clic en \"Empezar\" o \"Siguiente\". Te conectar\u00e1s con un desconocido al azar al instante.<\/li>\n<li>Chatea en directo ante la c\u00e1mara. Si no congenias con la persona, pulsa \"Siguiente\" y sigue adelante.<\/li>\n<li>Repite todo lo que quieras: el chat es gratuito e ilimitado.<\/li>\n<\/ol>\n<p>En algunas plataformas, puedes aplicar filtros de sexo o pa\u00eds para mejorar tus coincidencias.<\/p>\n<h2>Caracter\u00edsticas principales<\/h2>\n<p>A la hora de elegir un sitio de chat c\u00e1mara a c\u00e1mara, esto es lo que m\u00e1s importa:<\/p>\n<ul>\n<li>Acceso gratuito: chats ilimitados sin muros de pago.<\/li>\n<li>Filtros de g\u00e9nero y ubicaci\u00f3n: posibilidad de elegir con qui\u00e9n quieres chatear.<\/li>\n<li>Conexiones con un solo clic: sin configuraciones complicadas.<\/li>\n<li>Compatible con dispositivos m\u00f3viles: funciona a la perfecci\u00f3n tanto en tel\u00e9fonos como en ordenadores.<\/li>\n<li>Moderaci\u00f3n y seguridad: protecci\u00f3n activa contra bots, estafadores y contenidos inapropiados.<\/li>\n<li>No es necesario registrarse: anonimato y privacidad reales.<\/li>\n<\/ul>\n<h2>Chat c\u00e1mara a c\u00e1mara gratis vs Chat c\u00e1mara a c\u00e1mara de pago<\/h2>\n<p>No todas las plataformas de chat c\u00e1mara a c\u00e1mara son iguales. Algunas ofrecen acceso gratuito con conexiones aleatorias reales, mientras que otras restringen las funciones tras muros de pago.<\/p>\n<p>He aqu\u00ed c\u00f3mo se comparan:<\/p>\n<table>\n<thead>\n<tr>\n<th>Caracter\u00edstica<\/th>\n<th>Chat c\u00e1mara a c\u00e1mara gratuito<\/th>\n<th>Chat c\u00e1mara a c\u00e1mara de pago<\/th>\n<\/tr>\n<\/thead>\n<tbody>\n<tr>\n<td>Coste<\/td>\n<td>Gratis para siempre<\/td>\n<td>Abono o cr\u00e9ditos<\/td>\n<\/tr>\n<tr>\n<td>Anonimato<\/td>\n<td>No es necesario inscribirse<\/td>\n<td>Requiere cuenta\/pago<\/td>\n<\/tr>\n<tr>\n<td>Filtro de g\u00e9nero<\/td>\n<td>Disponible en algunas plataformas gratuitas (como StrangerCam)<\/td>\n<td>Siempre incluido<\/td>\n<\/tr>\n<tr>\n<td>Moderaci\u00f3n<\/td>\n<td>S\u00ed (en plataformas libres de confianza)<\/td>\n<td>S\u00ed<\/td>\n<\/tr>\n<tr>\n<td>Lo mejor para<\/td>\n<td>Diversi\u00f3n casual y espont\u00e1nea<\/td>\n<td>Citas serias, intereses espec\u00edficos<\/td>\n<\/tr>\n<\/tbody>\n<\/table>\n<p>Para la mayor\u00eda de los usuarios, el chat c\u00e1mara a c\u00e1mara gratuito es la mejor opci\u00f3n: es espont\u00e1neo, an\u00f3nimo y f\u00e1cil de usar.<\/p>\n<h2>Tabla comparativa: Los Mejores Sitios de Chat Cam to Cam en 2025<\/h2>\n<table>\n<thead>\n<tr>\n<th>Plataforma<\/th>\n<th align=\"center\">Acceso gratuito<\/th>\n<th align=\"center\">Filtro de g\u00e9nero<\/th>\n<th align=\"center\">Se necesita inscripci\u00f3n<\/th>\n<th align=\"center\">Compatible con m\u00f3viles<\/th>\n<th>Notas<\/th>\n<\/tr>\n<\/thead>\n<tbody>\n<tr>\n<td>StrangerCam<\/td>\n<td align=\"center\">\u2705<\/td>\n<td align=\"center\">\u2705 (Gratis)<\/td>\n<td align=\"center\">\u274c<\/td>\n<td align=\"center\">\u2705<\/td>\n<td>El mejor chat c\u00e1mara a c\u00e1mara gratuito<\/td>\n<\/tr>\n<tr>\n<td><a href=\"https:\/\/strangercam.com\/es\/chatroulette\/\">Chatroulette<\/a><\/td>\n<td align=\"center\">\u2705<\/td>\n<td align=\"center\">\u274c (de pago)<\/td>\n<td align=\"center\">\u274c<\/td>\n<td align=\"center\">\u2705<\/td>\n<td>Cl\u00e1sico, pero con filtro de g\u00e9nero<\/td>\n<\/tr>\n<tr>\n<td>Chatrandom<\/td>\n<td align=\"center\">\u2705<\/td>\n<td align=\"center\">\u274c (de pago)<\/td>\n<td align=\"center\">\u274c<\/td>\n<td align=\"center\">\u2705<\/td>\n<td>Popular, pero los filtros cuestan dinero<\/td>\n<\/tr>\n<tr>\n<td><a href=\"https:\/\/strangercam.com\/es\/ometv\/\">OmeTV<\/a><\/td>\n<td align=\"center\">\u2705<\/td>\n<td align=\"center\">\u274c<\/td>\n<td align=\"center\">\u274c<\/td>\n<td align=\"center\">\u2705<\/td>\n<td>Buena aplicaci\u00f3n, s\u00f3lo aleatoria<\/td>\n<\/tr>\n<tr>\n<td>Shagle<\/td>\n<td align=\"center\">\u2705<\/td>\n<td align=\"center\">\u274c (de pago)<\/td>\n<td align=\"center\">\u274c<\/td>\n<td align=\"center\">\u2705<\/td>\n<td>Paywalls para una mejor concordancia<\/td>\n<\/tr>\n<tr>\n<td><a href=\"https:\/\/strangercam.com\/es\/coomeet\/\">CooMeet<\/a><\/td>\n<td align=\"center\">\u274c (Prueba)<\/td>\n<td align=\"center\">\u2705<\/td>\n<td align=\"center\">\u2705<\/td>\n<td align=\"center\">\u2705<\/td>\n<td>Servicio mayoritariamente de pago<\/td>\n<\/tr>\n<tr>\n<td>LuckyCrush<\/td>\n<td align=\"center\">\u274c<\/td>\n<td align=\"center\">\u2705<\/td>\n<td align=\"center\">\u2705<\/td>\n<td align=\"center\">\u2705<\/td>\n<td>Basado en el g\u00e9nero, pero siempre remunerado<\/td>\n<\/tr>\n<\/tbody>\n<\/table>\n<p>StrangerCam es una de las \u00fanicas plataformas que ofrece chat c\u00e1mara a c\u00e1mara gratuito con filtros de g\u00e9nero reales, algo que la mayor\u00eda de sus competidores ocultan tras muros de pago.<\/p>\n<h2>Por qu\u00e9 StrangerCam es el mejor sitio para chatear gratis entre c\u00e1maras<\/h2>\n<p>A continuaci\u00f3n te explicamos por qu\u00e9 StrangerCam destaca como la mejor opci\u00f3n en 2025:<\/p>\n<h3>1. Realmente gratis, sin registro<\/h3>\n<p>Sin cargos ocultos, sin l\u00edmites, sin inicio de sesi\u00f3n. Solo tienes que abrir y empezar a chatear.<\/p>\n<h3>2. Filtro de g\u00e9nero que realmente funciona<\/h3>\n<p>A diferencia de otros sitios \"gratuitos\", StrangerCam te permite filtrar por chicas, chicos o ambos sin cobrar.<\/p>\n<h3>3. Moderaci\u00f3n activa<\/h3>\n<p>Los moderadores reales y los filtros de IA mantienen alejados a los bots y a los usuarios abusivos.<\/p>\n<h3>4. Dise\u00f1o optimizado para m\u00f3viles<\/h3>\n<p>Ya sea en iPhone, Android o sobremesa, el chat es fluido y de alta calidad.<\/p>\n<h3>5. Comunidad mundial<\/h3>\n<p>Usuarios de m\u00e1s de 100 pa\u00edses te permiten chatear 24 horas al d\u00eda, 7 d\u00edas a la semana.<\/p>\n<h3>6. Anonimato y privacidad<\/h3>\n<p>Sin registro, sin seguimiento, sin almacenamiento de videochats.<\/p>\n<h2>Testimonios de usuarios reales<\/h2>\n<blockquote><p><em>\"He probado varios sitios de cam a cam, pero StrangerCam es el \u00fanico que realmente me dio chats gratis e ilimitados sin obligarme a pagar. El filtro de g\u00e9nero es una gran ventaja\".<\/em><br \/>\n- Kevin, 29 a\u00f1os<\/p><\/blockquote>\n<blockquote><p><em>\"Como chica, me siento m\u00e1s segura aqu\u00ed porque hay una moderaci\u00f3n adecuada. Puedo saltar al instante si alguien es grosero\".<\/em><br \/>\n- Anna, 22 a\u00f1os<\/p><\/blockquote>\n<blockquote><p><em>\"Funciona perfectamente en mi tel\u00e9fono. En pocos minutos estaba hablando con alguien de Italia. El chat cam to cam gratis no puede ser mejor que esto\".<\/em><br \/>\n- David, 24 a\u00f1os<\/p><\/blockquote>\n<h2>Consejos de seguridad para el chat entre c\u00e1maras<\/h2>\n<p>Para disfrutar del chat c\u00e1mara a c\u00e1mara de forma segura:<\/p>\n<ul>\n<li>No compartas informaci\u00f3n personal (nombre real, direcci\u00f3n, n\u00famero de tel\u00e9fono).<\/li>\n<li>Evite hacer clic en los enlaces que env\u00edan los desconocidos.<\/li>\n<li>Utiliza el bot\u00f3n \"Siguiente\" con libertad: no te quedes en chats que te resulten inc\u00f3modos.<\/li>\n<li>Mant\u00e9n un fondo neutro para evitar revelar detalles personales.<\/li>\n<li>Denuncia inmediatamente los malos comportamientos.<\/li>\n<\/ul>\n<h2>C\u00f3mo iniciar un chat c\u00e1mara a c\u00e1mara gratis en segundos<\/h2>\n<ol>\n<li>Abre la plataforma.<\/li>\n<li>Permitir el acceso a la c\u00e1mara y al micr\u00f3fono.<\/li>\n<li>Elige tus preferencias (como el filtro de g\u00e9nero).<\/li>\n<li>Haz clic en \"Iniciar chat\".<\/li>\n<li>Disfruta de tu conexi\u00f3n en directo c\u00e1mara a c\u00e1mara.<\/li>\n<\/ol>\n<p>Se tarda menos de un minuto en pasar de estar aburrido a chatear en directo con un desconocido.<\/p>\n<h2>Reflexiones finales - Pruebe el chat c\u00e1mara a c\u00e1mara gratuito hoy mismo<\/h2>\n<p>En 2025, el chat c\u00e1mara a c\u00e1mara sigue siendo una de las mejores formas de conocer gente nueva, hacer amigos y disfrutar de conversaciones espont\u00e1neas. Pero no todas las plataformas son iguales. Muchas cobran dinero, restringen funciones o no protegen a los usuarios de bots y spam.<\/p>\n<p>Por eso destaca el chat c\u00e1mara a c\u00e1mara gratuito de StrangerCam. Con filtros de g\u00e9nero reales, acceso instant\u00e1neo, usuarios globales y una estricta moderaci\u00f3n, es uno de los lugares m\u00e1s seguros y agradables para conocer extra\u00f1os en l\u00ednea.<\/p>\n<p>\u00bfListo para probarlo? Entra ahora en un chat c\u00e1mara a c\u00e1mara gratuito y descubre a qui\u00e9n conocer\u00e1s.<\/p>","protected":false},"excerpt":{"rendered":"<p>If you\u2019ve ever wanted to meet someone new face-to-face without leaving your home, cam to cam chat is one of the most exciting ways to do it. Unlike text chat, where you can never be sure who\u2019s really on the other side, cam to cam video chat puts you directly in front of real people\u2014instantly. [&hellip;]<\/p>\n","protected":false},"author":8,"featured_media":0,"parent":0,"menu_order":0,"comment_status":"closed","ping_status":"closed","template":"","meta":{"footnotes":""},"class_list":["post-148","page","type-page","status-publish","hentry"],"yoast_head":"<!-- This site is optimized with the Yoast SEO plugin v27.4 - https:\/\/yoast.com\/product\/yoast-seo-wordpress\/ -->\n<title>Free Cam to Cam Chat with Random Chat on Strangercam.com<\/title>\n<meta name=\"description\" content=\"Liking Free Cam to Cam Chat? Join millions on StrangerCam.com! Start a random video chat, turn on your cam, and meet strangers instantly.\" \/>\n<meta name=\"robots\" content=\"index, follow, max-snippet:-1, max-image-preview:large, max-video-preview:-1\" \/>\n<link rel=\"canonical\" href=\"https:\/\/strangercam.com\/es\/chat-de-camara-a-camara\/\" \/>\n<meta property=\"og:locale\" content=\"es_ES\" \/>\n<meta property=\"og:type\" content=\"article\" \/>\n<meta property=\"og:title\" content=\"Free Cam to Cam Chat with Random Chat on Strangercam.com\" \/>\n<meta property=\"og:description\" content=\"Liking Free Cam to Cam Chat? Join millions on StrangerCam.com! Start a random video chat, turn on your cam, and meet strangers instantly.\" \/>\n<meta property=\"og:url\" content=\"https:\/\/strangercam.com\/es\/chat-de-camara-a-camara\/\" \/>\n<meta property=\"og:site_name\" content=\"Strangercam\" \/>\n<meta property=\"article:publisher\" content=\"https:\/\/www.facebook.com\/strangercam\" \/>\n<meta property=\"article:modified_time\" content=\"2025-08-18T12:02:52+00:00\" \/>\n<meta property=\"og:image\" content=\"https:\/\/strangercam.com\/wp-content\/uploads\/2021\/10\/Untitled-2.png\" \/>\n\t<meta property=\"og:image:width\" content=\"800\" \/>\n\t<meta property=\"og:image:height\" content=\"532\" \/>\n\t<meta property=\"og:image:type\" content=\"image\/png\" \/>\n<meta name=\"twitter:card\" content=\"summary_large_image\" \/>\n<meta name=\"twitter:site\" content=\"@strangercamapp\" \/>\n<meta name=\"twitter:label1\" content=\"Tiempo de lectura\" \/>\n\t<meta name=\"twitter:data1\" content=\"5 minutos\" \/>\n<script type=\"application\/ld+json\" class=\"yoast-schema-graph\">{\"@context\":\"https:\\\/\\\/schema.org\",\"@graph\":[{\"@type\":\"WebPage\",\"@id\":\"https:\\\/\\\/strangercam.com\\\/cam-to-cam-chat\\\/\",\"url\":\"https:\\\/\\\/strangercam.com\\\/cam-to-cam-chat\\\/\",\"name\":\"Free Cam to Cam Chat with Random Chat on Strangercam.com\",\"isPartOf\":{\"@id\":\"https:\\\/\\\/strangercam.com\\\/#website\"},\"datePublished\":\"2025-08-18T10:34:38+00:00\",\"dateModified\":\"2025-08-18T12:02:52+00:00\",\"description\":\"Liking Free Cam to Cam Chat? Join millions on StrangerCam.com! Start a random video chat, turn on your cam, and meet strangers instantly.\",\"breadcrumb\":{\"@id\":\"https:\\\/\\\/strangercam.com\\\/cam-to-cam-chat\\\/#breadcrumb\"},\"inLanguage\":\"es\",\"potentialAction\":[{\"@type\":\"ReadAction\",\"target\":[\"https:\\\/\\\/strangercam.com\\\/cam-to-cam-chat\\\/\"]}]},{\"@type\":\"BreadcrumbList\",\"@id\":\"https:\\\/\\\/strangercam.com\\\/cam-to-cam-chat\\\/#breadcrumb\",\"itemListElement\":[{\"@type\":\"ListItem\",\"position\":1,\"name\":\"Home\",\"item\":\"https:\\\/\\\/strangercam.com\\\/\"},{\"@type\":\"ListItem\",\"position\":2,\"name\":\"Free Cam to Cam Chat\"}]},{\"@type\":\"WebSite\",\"@id\":\"https:\\\/\\\/strangercam.com\\\/#website\",\"url\":\"https:\\\/\\\/strangercam.com\\\/\",\"name\":\"Strangercam\",\"description\":\"Random Video Chat with Strangers\",\"publisher\":{\"@id\":\"https:\\\/\\\/strangercam.com\\\/#organization\"},\"alternateName\":\"Strangercam.com\",\"potentialAction\":[{\"@type\":\"SearchAction\",\"target\":{\"@type\":\"EntryPoint\",\"urlTemplate\":\"https:\\\/\\\/strangercam.com\\\/?s={search_term_string}\"},\"query-input\":{\"@type\":\"PropertyValueSpecification\",\"valueRequired\":true,\"valueName\":\"search_term_string\"}}],\"inLanguage\":\"es\"},{\"@type\":\"Organization\",\"@id\":\"https:\\\/\\\/strangercam.com\\\/#organization\",\"name\":\"Strangercam\",\"alternateName\":\"Strangercam.com\",\"url\":\"https:\\\/\\\/strangercam.com\\\/\",\"logo\":{\"@type\":\"ImageObject\",\"inLanguage\":\"es\",\"@id\":\"https:\\\/\\\/strangercam.com\\\/#\\\/schema\\\/logo\\\/image\\\/\",\"url\":\"https:\\\/\\\/strangercam.com\\\/wp-content\\\/uploads\\\/2020\\\/11\\\/cropped-new-favicon-black.png\",\"contentUrl\":\"https:\\\/\\\/strangercam.com\\\/wp-content\\\/uploads\\\/2020\\\/11\\\/cropped-new-favicon-black.png\",\"width\":512,\"height\":512,\"caption\":\"Strangercam\"},\"image\":{\"@id\":\"https:\\\/\\\/strangercam.com\\\/#\\\/schema\\\/logo\\\/image\\\/\"},\"sameAs\":[\"https:\\\/\\\/www.facebook.com\\\/strangercam\",\"https:\\\/\\\/x.com\\\/strangercamapp\"]}]}<\/script>\n<!-- \/ Yoast SEO plugin. -->","yoast_head_json":{"title":"Chat c\u00e1mara a c\u00e1mara gratis con chat aleatorio en Strangercam.com","description":"\u00bfTe gusta el chat gratis entre c\u00e1maras? \u00a1Join millones en StrangerCam.com! Inicia un chat de v\u00eddeo aleatorio, enciende tu c\u00e1mara y conoce a desconocidos al instante.","robots":{"index":"index","follow":"follow","max-snippet":"max-snippet:-1","max-image-preview":"max-image-preview:large","max-video-preview":"max-video-preview:-1"},"canonical":"https:\/\/strangercam.com\/es\/chat-de-camara-a-camara\/","og_locale":"es_ES","og_type":"article","og_title":"Free Cam to Cam Chat with Random Chat on Strangercam.com","og_description":"Liking Free Cam to Cam Chat? Join millions on StrangerCam.com! Start a random video chat, turn on your cam, and meet strangers instantly.","og_url":"https:\/\/strangercam.com\/es\/chat-de-camara-a-camara\/","og_site_name":"Strangercam","article_publisher":"https:\/\/www.facebook.com\/strangercam","article_modified_time":"2025-08-18T12:02:52+00:00","og_image":[{"width":800,"height":532,"url":"https:\/\/strangercam.com\/wp-content\/uploads\/2021\/10\/Untitled-2.png","type":"image\/png"}],"twitter_card":"summary_large_image","twitter_site":"@strangercamapp","twitter_misc":{"Tiempo de lectura":"5 minutos"},"schema":{"@context":"https:\/\/schema.org","@graph":[{"@type":"WebPage","@id":"https:\/\/strangercam.com\/cam-to-cam-chat\/","url":"https:\/\/strangercam.com\/cam-to-cam-chat\/","name":"Chat c\u00e1mara a c\u00e1mara gratis con chat aleatorio en Strangercam.com","isPartOf":{"@id":"https:\/\/strangercam.com\/#website"},"datePublished":"2025-08-18T10:34:38+00:00","dateModified":"2025-08-18T12:02:52+00:00","description":"\u00bfTe gusta el chat gratis entre c\u00e1maras? \u00a1Join millones en StrangerCam.com! Inicia un chat de v\u00eddeo aleatorio, enciende tu c\u00e1mara y conoce a desconocidos al instante.","breadcrumb":{"@id":"https:\/\/strangercam.com\/cam-to-cam-chat\/#breadcrumb"},"inLanguage":"es","potentialAction":[{"@type":"ReadAction","target":["https:\/\/strangercam.com\/cam-to-cam-chat\/"]}]},{"@type":"BreadcrumbList","@id":"https:\/\/strangercam.com\/cam-to-cam-chat\/#breadcrumb","itemListElement":[{"@type":"ListItem","position":1,"name":"Home","item":"https:\/\/strangercam.com\/"},{"@type":"ListItem","position":2,"name":"Free Cam to Cam Chat"}]},{"@type":"WebSite","@id":"https:\/\/strangercam.com\/#website","url":"https:\/\/strangercam.com\/","name":"Strangercam","description":"Videochat aleatorio con desconocidos","publisher":{"@id":"https:\/\/strangercam.com\/#organization"},"alternateName":"Strangercam.com","potentialAction":[{"@type":"SearchAction","target":{"@type":"EntryPoint","urlTemplate":"https:\/\/strangercam.com\/?s={search_term_string}"},"query-input":{"@type":"PropertyValueSpecification","valueRequired":true,"valueName":"search_term_string"}}],"inLanguage":"es"},{"@type":"Organization","@id":"https:\/\/strangercam.com\/#organization","name":"Strangercam","alternateName":"Strangercam.com","url":"https:\/\/strangercam.com\/","logo":{"@type":"ImageObject","inLanguage":"es","@id":"https:\/\/strangercam.com\/#\/schema\/logo\/image\/","url":"https:\/\/strangercam.com\/wp-content\/uploads\/2020\/11\/cropped-new-favicon-black.png","contentUrl":"https:\/\/strangercam.com\/wp-content\/uploads\/2020\/11\/cropped-new-favicon-black.png","width":512,"height":512,"caption":"Strangercam"},"image":{"@id":"https:\/\/strangercam.com\/#\/schema\/logo\/image\/"},"sameAs":["https:\/\/www.facebook.com\/strangercam","https:\/\/x.com\/strangercamapp"]}]}},"_links":{"self":[{"href":"https:\/\/strangercam.com\/es\/wp-json\/wp\/v2\/pages\/148","targetHints":{"allow":["GET"]}}],"collection":[{"href":"https:\/\/strangercam.com\/es\/wp-json\/wp\/v2\/pages"}],"about":[{"href":"https:\/\/strangercam.com\/es\/wp-json\/wp\/v2\/types\/page"}],"author":[{"embeddable":true,"href":"https:\/\/strangercam.com\/es\/wp-json\/wp\/v2\/users\/8"}],"replies":[{"embeddable":true,"href":"https:\/\/strangercam.com\/es\/wp-json\/wp\/v2\/comments?post=148"}],"version-history":[{"count":2,"href":"https:\/\/strangercam.com\/es\/wp-json\/wp\/v2\/pages\/148\/revisions"}],"predecessor-version":[{"id":12962,"href":"https:\/\/strangercam.com\/es\/wp-json\/wp\/v2\/pages\/148\/revisions\/12962"}],"wp:attachment":[{"href":"https:\/\/strangercam.com\/es\/wp-json\/wp\/v2\/media?parent=148"}],"curies":[{"name":"wp","href":"https:\/\/api.w.org\/{rel}","templated":true}]}}