{"id":1319,"date":"2021-04-06T11:11:22","date_gmt":"2021-04-06T09:11:22","guid":{"rendered":"https:\/\/strangercam.com\/?page_id=1319"},"modified":"2023-08-21T11:40:39","modified_gmt":"2023-08-21T09:40:39","slug":"camloo","status":"publish","type":"page","link":"https:\/\/strangercam.com\/es\/camloo\/","title":{"rendered":"Camloo"},"content":{"rendered":"<p>Camloo es un v\u00eddeo en directo <a href=\"https:\/\/strangercam.com\/es\/chatroulette\/\">chat<\/a> software que le ayuda a <a href=\"https:\/\/strangercam.com\/es\/coomeet\/\">conozca<\/a> personas al azar a trav\u00e9s de Internet. La ventaja de utilizar Camloo es que te permite conectar con diferentes personas de todo el mundo con un solo clic. Con sus \u00faltimas llamadas con v\u00eddeo, puede hacer amigos f\u00e1cilmente a trav\u00e9s de chats aleatorios, citas en l\u00ednea, conversaciones y otros en la punta de su mano.<\/p>\n<p>Camloo te ayuda a conocer gente interesante de todo el mundo a trav\u00e9s de conversaciones aleatorias. Adem\u00e1s, esta aplicaci\u00f3n le permite comunicarse con extra\u00f1os para conectar al instante con conversaciones en\u00e9rgicas.<\/p>\n<p>\u00bfA qu\u00e9 esperas para unirte a esta interesante comunidad de Camloo?<\/p>\n<h2>Caracter\u00edsticas de Camloo<\/h2>\n<p>Conocer gente de todo el mundo no s\u00f3lo es f\u00e1cil, sino tambi\u00e9n sencillo con Camloo. Si eres de los que esperan ansiosos tener una cita, Camloo es la plataforma ideal para ti. Con Camloo en tu dispositivo smartphone, podr\u00e1s hacer nuevos descubrimientos cada d\u00eda.<\/p>\n<p>Adem\u00e1s, es la plataforma ideal para compartir tus sentimientos, ideas o incluso tu discusi\u00f3n personal con alguien.<br \/>\nCamloo puede ayudar a unir a todas las personas a trav\u00e9s del mundo de Internet. Con Camloo en la mano, nunca se sentir\u00e1 solo. Las funciones del Camloo le ayudar\u00e1n a conectar con su pareja al instante.<\/p>\n<p>Conecta ahora con conversaciones m\u00e1s significativas de desconocidos de todo el mundo f\u00e1cilmente y sin interrupciones.<\/p>\n<h2>Caracter\u00edsticas de Random Video Chat<\/h2>\n<ul>\n<li>Chat f\u00e1cil - Conectarse con desconocidos en Camloo es sencillo y f\u00e1cil. Adem\u00e1s, tambi\u00e9n permite chatear por v\u00eddeo sin coste alguno. Puedes incluso utilizar una versi\u00f3n m\u00e1s personalizada de Camloo que te ayudar\u00e1 a explorar funciones m\u00e1s interesantes de esta plataforma.<\/li>\n<li>Encontrar una gran coincidencia - Si quiere pasar a otra llamada en Camloo, puede hacerlo como un juego de ni\u00f1os. S\u00f3lo tiene que pulsar la flecha siguiente para <a href=\"https:\/\/strangercam.com\/es\/american-random-video-call\/\">videollamada<\/a> a otra persona despu\u00e9s de terminar la llamada anterior. F\u00e1cil, \u00bfverdad?<\/li>\n<li>Hacer nuevos amigos - La comunidad Camloo est\u00e1 esperando para llevarte a conocer gente nueva e interesante cada d\u00eda. Mejor no hacerles esperar. Hacer nuevos amigos y socializar en esta gran plataforma no s\u00f3lo mejor, sino tambi\u00e9n perfecto para usted.<\/li>\n<li>Muestra tu talento - \u00bfTienes una gran voz? \u00bfTu baile hace bailar al mundo a tu ritmo? Entonces Camloo es la mejor plataforma que necesitas para ti. Camloo puede sacar lo mejor de tu talento y ayudarte a convertirte en una superestrella.<\/li>\n<li>Puramente Seguro - El equipo de Camloo est\u00e1 trabajando duro para que chatear sea f\u00e1cil y seguro. No s\u00f3lo te libera de preocupaciones, sino tambi\u00e9n de la pirater\u00eda inform\u00e1tica y otros problemas de seguridad. No te olvides nunca de consultar sus consejos de privacidad para estar completamente tranquilo.<\/li>\n<\/ul>\n<h2>Ventajas e inconvenientes del Camloo<\/h2>\n<p>Existen muchas aplicaciones de citas, pero Camloo es diferente. No es s\u00f3lo una forma de conocer gente al azar, es una forma de conocer gente al azar y pasar un buen rato. Pero, \u00bfmerece realmente la pena? Veamos los pros y los contras de Camloo.<\/p>\n<h4>PROS:<\/h4>\n<ul>\n<li style=\"font-weight: 400;\" aria-level=\"1\">Es gratis. No tienes que pagar nada para usar la aplicaci\u00f3n.<\/li>\n<li style=\"font-weight: 400;\" aria-level=\"1\">Es f\u00e1cil de usar. La interfaz es sencilla y directa.<\/li>\n<li style=\"font-weight: 400;\" aria-level=\"1\">Es an\u00f3nimo. No tienes que usar tu nombre real ni ning\u00fan dato personal.<\/li>\n<li style=\"font-weight: 400;\" aria-level=\"1\">Es r\u00e1pido. Puedes navegar r\u00e1pidamente por los perfiles y encontrar a alguien con quien chatear.<\/li>\n<\/ul>\n<h4>CONS:<\/h4>\n<ul>\n<li style=\"font-weight: 400;\" aria-level=\"1\">No es muy popular. A\u00fan no hay muchos usuarios en la aplicaci\u00f3n, as\u00ed que tus opciones pueden ser limitadas.<\/li>\n<li style=\"font-weight: 400;\" aria-level=\"1\">No es muy conocida. Camloo no es tan conocida como otras aplicaciones de citas, por lo que puede ser m\u00e1s dif\u00edcil encontrar pareja.<\/li>\n<\/ul>\n<h2>\u00bfC\u00f3mo utilizar Camloo?<\/h2>\n<p>Si buscas una nueva forma de conocer gente al azar, Camloo es una gran opci\u00f3n. Aqu\u00ed te explicamos c\u00f3mo usarla:<\/p>\n<ol>\n<li style=\"font-weight: 400;\" aria-level=\"1\">Reg\u00edstrese para obtener una cuenta. Tendr\u00e1s que facilitar algunos datos b\u00e1sicos, como tu nombre y direcci\u00f3n de correo electr\u00f3nico.<\/li>\n<li style=\"font-weight: 400;\" aria-level=\"1\">Una vez que hayas iniciado sesi\u00f3n, podr\u00e1s ver una lista de todos los usuarios disponibles. Puedes navegar por ellos o utilizar la funci\u00f3n de b\u00fasqueda para encontrar a alguien en concreto.<\/li>\n<li style=\"font-weight: 400;\" aria-level=\"1\">Cuando encuentres a alguien con quien quieras hablar, haz clic en su nombre y acceder\u00e1s a su p\u00e1gina de perfil. A partir de ah\u00ed, puedes iniciar una conversaci\u00f3n escribiendo en el cuadro de texto de la parte inferior de la p\u00e1gina.<\/li>\n<li style=\"font-weight: 400;\" aria-level=\"1\">Y ya est\u00e1. Puedes seguir chateando todo el tiempo que quieras o pasar a otra persona en cualquier momento.<\/li>\n<\/ol>\n<h2>\u00bfPor qu\u00e9 Camloo es una plataforma de videochat aleatoria tan popular?<\/h2>\n<p>Camloo es una nueva plataforma de videochat aleatorio que est\u00e1 arrasando en Internet. Hay muchas razones por las que Camloo es tan popular, pero una de las principales es porque permite a los usuarios conocer gente nueva de todo el mundo de una forma divertida e interactiva.<\/p>\n<p>Otra raz\u00f3n por la que Camloo es tan popular es porque es una forma muy segura de chatear con desconocidos. Todas las conversaciones est\u00e1n encriptadas y Camloo tambi\u00e9n ofrece una serie de funciones de seguridad, como la posibilidad de denunciar a usuarios que se comporten de forma inapropiada.<\/p>\n<p>As\u00ed que si est\u00e1s buscando una forma nueva y emocionante de conocer gente de todo el mundo, \u00a1no dejes de echar un vistazo a Camloo!<\/p>\n<h2>\u00bfC\u00f3mo aprovechar al m\u00e1ximo el Camloo?<\/h2>\n<p>Si te gusta conocer gente nueva y hacer amigos, Camloo es la plataforma perfecta para ti. Camloo es una nueva red social que te ayuda a conectar con gente aleatoria de todo el mundo. Puedes utilizar Camloo para chatear con nuevos amigos, conocer gente nueva e incluso encontrar el amor. Pero, \u00bfc\u00f3mo sacar el m\u00e1ximo partido a Camloo? Aqu\u00ed tienes algunos consejos:<\/p>\n<ol>\n<li style=\"font-weight: 400;\" aria-level=\"1\">\u00a0Utiliza la funci\u00f3n de b\u00fasqueda para encontrar personas que compartan tus intereses. As\u00ed podr\u00e1s iniciar una conversaci\u00f3n m\u00e1s f\u00e1cilmente.<\/li>\n<li style=\"font-weight: 400;\" aria-level=\"1\">\u00a0\u00danete a grupos y participa en debates. Es una forma estupenda de conocer gente nueva y hacer amigos.<\/li>\n<li style=\"font-weight: 400;\" aria-level=\"1\">S\u00e9 activo en el sitio. Cuanto m\u00e1s activo seas, m\u00e1s probable ser\u00e1 que la gente quiera ser tu amigo.<\/li>\n<li style=\"font-weight: 400;\" aria-level=\"1\">S\u00e9 t\u00fa mismo. No tengas miedo de mostrar tu personalidad en Camloo. Es una forma estupenda de hacer amigos y conocer gente nueva.<\/li>\n<\/ol>\n<h2>\u00bfEs seguro el Camloo?<\/h2>\n<p>Cuando se trata de citas en l\u00ednea, la seguridad es siempre una de las principales preocupaciones. Entonces, \u00bfes Camloo seguro? La respuesta es s\u00ed, Camloo es una forma segura de conocer gente nueva en Internet. Estas son algunas de las medidas que tomamos para mantener la seguridad de nuestros usuarios:<\/p>\n<p>S\u00f3lo permitimos que los usuarios se registren con una direcci\u00f3n de correo electr\u00f3nico v\u00e1lida. Esto nos ayuda a verificar a cada miembro y asegurarnos de que son quienes dicen ser.<\/p>\n<p>Tenemos una estricta pol\u00edtica anti-spam. Esto significa que los miembros s\u00f3lo pueden enviar mensajes a otros miembros que hayan acordado mutuamente chatear. Esto ayuda a reducir los mensajes no deseados y el spam.<\/p>\n<p>Moderamos todos los perfiles y fotos antes de publicarlos en el sitio. As\u00ed nos aseguramos de que todos los miembros son aut\u00e9nticos y de que no hay perfiles ni fotos falsos.<\/p>\n<p>Contamos con un equipo especializado de representantes de atenci\u00f3n al cliente que est\u00e1n disponibles 24 horas al d\u00eda, 7 d\u00edas a la semana, para ayudarle con cualquier duda o pregunta que pueda tener.<\/p>\n<p>As\u00ed que puedes estar tranquilo, Camloo es una forma segura de conocer gente nueva en l\u00ednea.<\/p>\n<h2>Medidas preventivas que deben tomarse al utilizar una plataforma de videochat aleatoria:<\/h2>\n<p>Al utilizar cualquier <a href=\"https:\/\/strangercam.com\/es\/chathub\/\">chat de v\u00eddeo aleatorio<\/a> plataforma, es importante tomar algunas medidas preventivas para garantizar su seguridad. He aqu\u00ed algunos consejos:<\/p>\n<ul>\n<li style=\"font-weight: 400;\" aria-level=\"1\">No facilite nunca datos personales como su nombre, direcci\u00f3n o n\u00famero de tel\u00e9fono.<\/li>\n<li style=\"font-weight: 400;\" aria-level=\"1\">Si alguien con quien chateas te pide informaci\u00f3n personal, decl\u00ednala educadamente y termina la conversaci\u00f3n.<\/li>\n<li style=\"font-weight: 400;\" aria-level=\"1\">Evita enviar o aceptar cualquier tipo de archivo de alguien que no conozcas. Estos archivos podr\u00edan contener virus o malware que pueden da\u00f1ar tu ordenador.<\/li>\n<li style=\"font-weight: 400;\" aria-level=\"1\">Si alguna vez te sientes inc\u00f3modo o amenazado durante un chat, termina la conversaci\u00f3n inmediatamente y denuncia al usuario a los administradores de la plataforma.<\/li>\n<\/ul>\n<h2>Conclusi\u00f3n<\/h2>\n<p>Camloo es una forma estupenda de conocer gente nueva, tanto si buscas el amor como si s\u00f3lo quieres hacer nuevos amigos. Lo mejor de Camloo es que es completamente gratis, as\u00ed que no pierdes nada por probarlo. \u00bfPor qu\u00e9 no te registras hoy mismo y ves a qui\u00e9n conoces?<\/p>","protected":false},"excerpt":{"rendered":"<p>Camloo is a live video chat software that helps you to meet random people over the internet. The benefit of using Camloo is that enables you to connect with different people around the world with the click of your finger. With its latest video-enabled calling, you can make friends easily through random chit-chats, online dating, [&hellip;]<\/p>\n","protected":false},"author":6,"featured_media":559,"parent":0,"menu_order":0,"comment_status":"closed","ping_status":"closed","template":"","meta":{"footnotes":""},"class_list":["post-1319","page","type-page","status-publish","has-post-thumbnail","hentry"],"yoast_head":"<!-- This site is optimized with the Yoast SEO plugin v27.4 - https:\/\/yoast.com\/product\/yoast-seo-wordpress\/ -->\n<title>Camloo - Free Random Video Chat - Cam on StrangerCam.com<\/title>\n<meta name=\"description\" content=\"Like Camloo? Come chat with more than 5.000.000 strangers on Stranger Cam for Free! Turn on your cam and find new friends &amp; maby a match!\" \/>\n<meta name=\"robots\" content=\"index, follow, max-snippet:-1, max-image-preview:large, max-video-preview:-1\" \/>\n<link rel=\"canonical\" href=\"https:\/\/strangercam.com\/es\/camloo\/\" \/>\n<meta property=\"og:locale\" content=\"es_ES\" \/>\n<meta property=\"og:type\" content=\"article\" \/>\n<meta property=\"og:title\" content=\"Camloo - Free Random Video Chat - Cam on StrangerCam.com\" \/>\n<meta property=\"og:description\" content=\"Like Camloo? Come chat with more than 5.000.000 strangers on Stranger Cam for Free! Turn on your cam and find new friends &amp; maby a match!\" \/>\n<meta property=\"og:url\" content=\"https:\/\/strangercam.com\/es\/camloo\/\" \/>\n<meta property=\"og:site_name\" content=\"Strangercam\" \/>\n<meta property=\"article:publisher\" content=\"https:\/\/www.facebook.com\/strangercam\" \/>\n<meta property=\"article:modified_time\" content=\"2023-08-21T09:40:39+00:00\" \/>\n<meta property=\"og:image\" content=\"https:\/\/strangercam.com\/wp-content\/uploads\/2020\/11\/stranger-cam-1.png\" \/>\n\t<meta property=\"og:image:width\" content=\"800\" \/>\n\t<meta property=\"og:image:height\" content=\"800\" \/>\n\t<meta property=\"og:image:type\" content=\"image\/png\" \/>\n<meta name=\"twitter:card\" content=\"summary_large_image\" \/>\n<meta name=\"twitter:site\" content=\"@strangercamapp\" \/>\n<meta name=\"twitter:label1\" content=\"Tiempo de lectura\" \/>\n\t<meta name=\"twitter:data1\" content=\"7 minutos\" \/>\n<script type=\"application\/ld+json\" class=\"yoast-schema-graph\">{\"@context\":\"https:\\\/\\\/schema.org\",\"@graph\":[{\"@type\":\"WebPage\",\"@id\":\"https:\\\/\\\/strangercam.com\\\/camloo\\\/\",\"url\":\"https:\\\/\\\/strangercam.com\\\/camloo\\\/\",\"name\":\"Camloo - Free Random Video Chat - Cam on StrangerCam.com\",\"isPartOf\":{\"@id\":\"https:\\\/\\\/strangercam.com\\\/#website\"},\"primaryImageOfPage\":{\"@id\":\"https:\\\/\\\/strangercam.com\\\/camloo\\\/#primaryimage\"},\"image\":{\"@id\":\"https:\\\/\\\/strangercam.com\\\/camloo\\\/#primaryimage\"},\"thumbnailUrl\":\"https:\\\/\\\/strangercam.com\\\/wp-content\\\/uploads\\\/2020\\\/11\\\/stranger-cam-1.png\",\"datePublished\":\"2021-04-06T09:11:22+00:00\",\"dateModified\":\"2023-08-21T09:40:39+00:00\",\"description\":\"Like Camloo? Come chat with more than 5.000.000 strangers on Stranger Cam for Free! Turn on your cam and find new friends & maby a match!\",\"breadcrumb\":{\"@id\":\"https:\\\/\\\/strangercam.com\\\/camloo\\\/#breadcrumb\"},\"inLanguage\":\"es\",\"potentialAction\":[{\"@type\":\"ReadAction\",\"target\":[\"https:\\\/\\\/strangercam.com\\\/camloo\\\/\"]}]},{\"@type\":\"ImageObject\",\"inLanguage\":\"es\",\"@id\":\"https:\\\/\\\/strangercam.com\\\/camloo\\\/#primaryimage\",\"url\":\"https:\\\/\\\/strangercam.com\\\/wp-content\\\/uploads\\\/2020\\\/11\\\/stranger-cam-1.png\",\"contentUrl\":\"https:\\\/\\\/strangercam.com\\\/wp-content\\\/uploads\\\/2020\\\/11\\\/stranger-cam-1.png\",\"width\":800,\"height\":800,\"caption\":\"stranger cam random video chat\"},{\"@type\":\"BreadcrumbList\",\"@id\":\"https:\\\/\\\/strangercam.com\\\/camloo\\\/#breadcrumb\",\"itemListElement\":[{\"@type\":\"ListItem\",\"position\":1,\"name\":\"Home\",\"item\":\"https:\\\/\\\/strangercam.com\\\/\"},{\"@type\":\"ListItem\",\"position\":2,\"name\":\"Camloo\"}]},{\"@type\":\"WebSite\",\"@id\":\"https:\\\/\\\/strangercam.com\\\/#website\",\"url\":\"https:\\\/\\\/strangercam.com\\\/\",\"name\":\"Strangercam\",\"description\":\"Random Video Chat with Strangers\",\"publisher\":{\"@id\":\"https:\\\/\\\/strangercam.com\\\/#organization\"},\"alternateName\":\"Strangercam.com\",\"potentialAction\":[{\"@type\":\"SearchAction\",\"target\":{\"@type\":\"EntryPoint\",\"urlTemplate\":\"https:\\\/\\\/strangercam.com\\\/?s={search_term_string}\"},\"query-input\":{\"@type\":\"PropertyValueSpecification\",\"valueRequired\":true,\"valueName\":\"search_term_string\"}}],\"inLanguage\":\"es\"},{\"@type\":\"Organization\",\"@id\":\"https:\\\/\\\/strangercam.com\\\/#organization\",\"name\":\"Strangercam\",\"alternateName\":\"Strangercam.com\",\"url\":\"https:\\\/\\\/strangercam.com\\\/\",\"logo\":{\"@type\":\"ImageObject\",\"inLanguage\":\"es\",\"@id\":\"https:\\\/\\\/strangercam.com\\\/#\\\/schema\\\/logo\\\/image\\\/\",\"url\":\"https:\\\/\\\/strangercam.com\\\/wp-content\\\/uploads\\\/2020\\\/11\\\/cropped-new-favicon-black.png\",\"contentUrl\":\"https:\\\/\\\/strangercam.com\\\/wp-content\\\/uploads\\\/2020\\\/11\\\/cropped-new-favicon-black.png\",\"width\":512,\"height\":512,\"caption\":\"Strangercam\"},\"image\":{\"@id\":\"https:\\\/\\\/strangercam.com\\\/#\\\/schema\\\/logo\\\/image\\\/\"},\"sameAs\":[\"https:\\\/\\\/www.facebook.com\\\/strangercam\",\"https:\\\/\\\/x.com\\\/strangercamapp\"]}]}<\/script>\n<!-- \/ Yoast SEO plugin. -->","yoast_head_json":{"title":"Camloo - Free Random Video Chat - Cam en StrangerCam.com","description":"\u00bfTe gusta Camloo? \u00a1Ven a chatear gratis con m\u00e1s de 5.000.000 de desconocidos en Stranger Cam! \u00a1Enciende tu c\u00e1mara y encuentra nuevos amigos y tal vez una pareja!","robots":{"index":"index","follow":"follow","max-snippet":"max-snippet:-1","max-image-preview":"max-image-preview:large","max-video-preview":"max-video-preview:-1"},"canonical":"https:\/\/strangercam.com\/es\/camloo\/","og_locale":"es_ES","og_type":"article","og_title":"Camloo - Free Random Video Chat - Cam on StrangerCam.com","og_description":"Like Camloo? Come chat with more than 5.000.000 strangers on Stranger Cam for Free! Turn on your cam and find new friends & maby a match!","og_url":"https:\/\/strangercam.com\/es\/camloo\/","og_site_name":"Strangercam","article_publisher":"https:\/\/www.facebook.com\/strangercam","article_modified_time":"2023-08-21T09:40:39+00:00","og_image":[{"width":800,"height":800,"url":"https:\/\/strangercam.com\/wp-content\/uploads\/2020\/11\/stranger-cam-1.png","type":"image\/png"}],"twitter_card":"summary_large_image","twitter_site":"@strangercamapp","twitter_misc":{"Tiempo de lectura":"7 minutos"},"schema":{"@context":"https:\/\/schema.org","@graph":[{"@type":"WebPage","@id":"https:\/\/strangercam.com\/camloo\/","url":"https:\/\/strangercam.com\/camloo\/","name":"Camloo - Free Random Video Chat - Cam en StrangerCam.com","isPartOf":{"@id":"https:\/\/strangercam.com\/#website"},"primaryImageOfPage":{"@id":"https:\/\/strangercam.com\/camloo\/#primaryimage"},"image":{"@id":"https:\/\/strangercam.com\/camloo\/#primaryimage"},"thumbnailUrl":"https:\/\/strangercam.com\/wp-content\/uploads\/2020\/11\/stranger-cam-1.png","datePublished":"2021-04-06T09:11:22+00:00","dateModified":"2023-08-21T09:40:39+00:00","description":"\u00bfTe gusta Camloo? \u00a1Ven a chatear gratis con m\u00e1s de 5.000.000 de desconocidos en Stranger Cam! \u00a1Enciende tu c\u00e1mara y encuentra nuevos amigos y tal vez una pareja!","breadcrumb":{"@id":"https:\/\/strangercam.com\/camloo\/#breadcrumb"},"inLanguage":"es","potentialAction":[{"@type":"ReadAction","target":["https:\/\/strangercam.com\/camloo\/"]}]},{"@type":"ImageObject","inLanguage":"es","@id":"https:\/\/strangercam.com\/camloo\/#primaryimage","url":"https:\/\/strangercam.com\/wp-content\/uploads\/2020\/11\/stranger-cam-1.png","contentUrl":"https:\/\/strangercam.com\/wp-content\/uploads\/2020\/11\/stranger-cam-1.png","width":800,"height":800,"caption":"stranger cam random video chat"},{"@type":"BreadcrumbList","@id":"https:\/\/strangercam.com\/camloo\/#breadcrumb","itemListElement":[{"@type":"ListItem","position":1,"name":"Home","item":"https:\/\/strangercam.com\/"},{"@type":"ListItem","position":2,"name":"Camloo"}]},{"@type":"WebSite","@id":"https:\/\/strangercam.com\/#website","url":"https:\/\/strangercam.com\/","name":"Strangercam","description":"Videochat aleatorio con desconocidos","publisher":{"@id":"https:\/\/strangercam.com\/#organization"},"alternateName":"Strangercam.com","potentialAction":[{"@type":"SearchAction","target":{"@type":"EntryPoint","urlTemplate":"https:\/\/strangercam.com\/?s={search_term_string}"},"query-input":{"@type":"PropertyValueSpecification","valueRequired":true,"valueName":"search_term_string"}}],"inLanguage":"es"},{"@type":"Organization","@id":"https:\/\/strangercam.com\/#organization","name":"Strangercam","alternateName":"Strangercam.com","url":"https:\/\/strangercam.com\/","logo":{"@type":"ImageObject","inLanguage":"es","@id":"https:\/\/strangercam.com\/#\/schema\/logo\/image\/","url":"https:\/\/strangercam.com\/wp-content\/uploads\/2020\/11\/cropped-new-favicon-black.png","contentUrl":"https:\/\/strangercam.com\/wp-content\/uploads\/2020\/11\/cropped-new-favicon-black.png","width":512,"height":512,"caption":"Strangercam"},"image":{"@id":"https:\/\/strangercam.com\/#\/schema\/logo\/image\/"},"sameAs":["https:\/\/www.facebook.com\/strangercam","https:\/\/x.com\/strangercamapp"]}]}},"_links":{"self":[{"href":"https:\/\/strangercam.com\/es\/wp-json\/wp\/v2\/pages\/1319","targetHints":{"allow":["GET"]}}],"collection":[{"href":"https:\/\/strangercam.com\/es\/wp-json\/wp\/v2\/pages"}],"about":[{"href":"https:\/\/strangercam.com\/es\/wp-json\/wp\/v2\/types\/page"}],"author":[{"embeddable":true,"href":"https:\/\/strangercam.com\/es\/wp-json\/wp\/v2\/users\/6"}],"replies":[{"embeddable":true,"href":"https:\/\/strangercam.com\/es\/wp-json\/wp\/v2\/comments?post=1319"}],"version-history":[{"count":0,"href":"https:\/\/strangercam.com\/es\/wp-json\/wp\/v2\/pages\/1319\/revisions"}],"wp:featuredmedia":[{"embeddable":true,"href":"https:\/\/strangercam.com\/es\/wp-json\/wp\/v2\/media\/559"}],"wp:attachment":[{"href":"https:\/\/strangercam.com\/es\/wp-json\/wp\/v2\/media?parent=1319"}],"curies":[{"name":"wp","href":"https:\/\/api.w.org\/{rel}","templated":true}]}}