{"id":13057,"date":"2025-10-24T10:20:35","date_gmt":"2025-10-24T08:20:35","guid":{"rendered":"https:\/\/strangercam.com\/?page_id=13057"},"modified":"2025-10-24T10:20:35","modified_gmt":"2025-10-24T08:20:35","slug":"umingle","status":"publish","type":"page","link":"https:\/\/strangercam.com\/es\/umingle\/","title":{"rendered":"Umingle"},"content":{"rendered":"<p>En la era post-Omegle, docenas de v\u00eddeos aleatorios <a href=\"https:\/\/strangercam.com\/es\/chathub\/\">chat<\/a> han surgido plataformas que intentan captar la emoci\u00f3n de las conversaciones espont\u00e1neas en l\u00ednea. Pocas, sin embargo, consiguen combinar sencillez, rapidez y seguridad de una forma que realmente funcione. Umingle es uno de los nuevos participantes en este espacio: una plataforma global de videochat aleatorio creada para personas que quieren <a href=\"https:\/\/strangercam.com\/es\/coomeet\/\">conozca<\/a> extra\u00f1os al instante, sin inscripciones ni funciones complicadas.<\/p>\n<p>Dise\u00f1ado para una generaci\u00f3n que valora las interacciones r\u00e1pidas y aut\u00e9nticas, Umingle da un giro moderno a la cl\u00e1sica experiencia de \"hablar con desconocidos\". Pero, \u00bfqu\u00e9 tal se le da frente a nombres consagrados como Ohmegle, Lotta y ChatRT? Ve\u00e1moslo m\u00e1s de cerca.<\/p>\n<h2>\u00bfQu\u00e9 es Umingle?<\/h2>\n<p>Umingle es una plataforma gratuita de videochat aleatorio que conecta a usuarios de todo el mundo para mantener conversaciones cara a cara en tiempo real. No necesitas crear una cuenta, subir una foto ni verificar tu identidad: solo tienes que hacer clic en \"Empezar a chatear\" y te emparejar\u00e1 al instante con un desconocido.<\/p>\n<p>El nombre del sitio refleja perfectamente su objetivo: \"mezclarse\" en l\u00ednea, de forma casual y libre. A diferencia de las aplicaciones de citas que requieren biograf\u00edas, swipes y esperas interminables, Umingle te ofrece una interacci\u00f3n directa y espont\u00e1nea desde el primer momento.<\/p>\n<h2>\u00bfCu\u00e1l es la finalidad de Umingle?<\/h2>\n<p>La misi\u00f3n de Umingle es sencilla: hacer que conocer gente online sea divertido, r\u00e1pido y sin fricciones.<\/p>\n<p>Est\u00e1 pensado para usuarios que:<\/p>\n<ul>\n<li>Echa de menos la sencillez del videochat al estilo Omegle<\/li>\n<li>Quieres conocer gente nueva de forma an\u00f3nima y sin presiones<\/li>\n<li>Prefieren las conversaciones r\u00e1pidas y espont\u00e1neas a los perfiles elaborados.<\/li>\n<li>Disfrute del intercambio cultural y la conexi\u00f3n global<\/li>\n<\/ul>\n<p>Tanto si quieres hacer amigos, practicar un idioma, ligar casualmente o simplemente pasar el rato, Umingle crea un espacio digital acogedor para una aut\u00e9ntica interacci\u00f3n cara a cara.<\/p>\n<h2>Caracter\u00edsticas principales<\/h2>\n<p>1. Videochat aleatorio instant\u00e1neo<br \/>\nLa principal caracter\u00edstica de Umingle es su sistema de videochat en directo. Con un solo clic, se le empareja con alguien nuevo, al instante. Sin colas, sin esperas y sin registros.<\/p>\n<p>2. Bot\u00f3n Saltar\/Siguiente<br \/>\n\u00bfNo le gusta el chat actual? Simplemente haz clic en \"Siguiente\" para saltar y emparejarte con otra persona. Es r\u00e1pido y fluido, y te permite conocer a docenas de personas nuevas en cuesti\u00f3n de minutos.<\/p>\n<p>3. Opci\u00f3n de chat de texto<br \/>\nAdem\u00e1s de v\u00eddeo, Umingle ofrece una funci\u00f3n de chat de texto, ideal para romper el hielo o charlar tranquilamente cuando no se quiere utilizar el micr\u00f3fono.<\/p>\n<p>4. 100% Experiencia an\u00f3nima<br \/>\nUmingle no te pide ni tu nombre, ni tu correo electr\u00f3nico, ni tu n\u00famero de tel\u00e9fono. Tu privacidad se respeta desde el principio, y permaneces completamente an\u00f3nimo durante todos tus chats.<\/p>\n<p>5. Compatible con m\u00f3viles y ordenadores de sobremesa<br \/>\nLa plataforma est\u00e1 dise\u00f1ada para funcionar perfectamente tanto en navegadores de escritorio como en dispositivos m\u00f3viles. Tanto si usas el m\u00f3vil como el port\u00e1til, la interfaz se ajusta a la perfecci\u00f3n para que el chat de v\u00eddeo y texto sea fluido.<\/p>\n<p>6. Interfaz ligera y moderna<br \/>\nUmingle tiene un dise\u00f1o limpio y minimalista. No hay ventanas emergentes que distraigan ni anuncios excesivos: s\u00f3lo una gran ventana de v\u00eddeo, botones intuitivos y conexiones r\u00e1pidas.<\/p>\n<p>7. Herramientas de informe y moderaci\u00f3n<br \/>\nLa seguridad de los usuarios es una prioridad absoluta. Si encuentras un comportamiento inapropiado, el bot\u00f3n de denuncia te permite marcar el chat al instante. Umingle utiliza una mezcla de filtros de IA y moderaci\u00f3n humana para mantener un entorno seguro.<\/p>\n<h2>\u00bfEs gratis Umingle?<\/h2>\n<p>S\u00ed - Umingle es 100% de uso gratuito.<\/p>\n<p>Todas las funciones b\u00e1sicas est\u00e1n disponibles sin coste alguno:<\/p>\n<ul>\n<li>Chats de v\u00eddeo y texto aleatorios ilimitados<\/li>\n<li>Funci\u00f3n de salto instant\u00e1neo\/siguiente<\/li>\n<li>Compatibilidad con m\u00f3viles y ordenadores de sobremesa<\/li>\n<\/ul>\n<p>No hay suscripciones, monedas ni actualizaciones de pago. La plataforma es totalmente accesible para todo el mundo, con el apoyo de una ligera publicidad que no interfiere con la experiencia de chat.<\/p>\n<h2>\u00bfQui\u00e9n utiliza Umingle?<\/h2>\n<p>Umingle atrae a un p\u00fablico diverso e internacional que disfruta socializando en l\u00ednea:<\/p>\n<ul>\n<li>Edades: Mayoritariamente 18-35 (s\u00f3lo para adultos mayores de 18 a\u00f1os)<\/li>\n<li>Base de usuarios: Estudiantes, viajeros, j\u00f3venes profesionales y chateadores ocasionales.<\/li>\n<li>Pa\u00edses: Popular en Estados Unidos, Reino Unido, Francia, India, Brasil y Filipinas.<\/li>\n<li>Motivaciones: Conocer nuevos amigos, flirteo casual, intercambio cultural, practicar idiomas o, simplemente, aliviar el aburrimiento.<\/li>\n<\/ul>\n<p>Lo que hace atractivo a Umingle es su comunidad equilibrada y amistosa. Aunque tiene alcance global, la interfaz y la moderaci\u00f3n ayudan a mantener un ambiente m\u00e1s positivo y respetuoso que muchas plataformas de chat aleatorias m\u00e1s antiguas.<\/p>\n<h2>Seguridad, privacidad y moderaci\u00f3n<\/h2>\n<p>Umingle entiende que el anonimato puede atraer tanto lo mejor como lo peor del comportamiento online. Para contrarrestarlo, emplea fuertes medidas de seguridad y moderaci\u00f3n comunitaria.<\/p>\n<h3>Privacidad<\/h3>\n<ul>\n<li>No es necesario registrarse ni facilitar datos personales<\/li>\n<li>Los chats no se graban ni se almacenan<\/li>\n<li>El acceso a la c\u00e1mara web y al micr\u00f3fono est\u00e1 totalmente controlado por el usuario<\/li>\n<li>El cifrado HTTPS garantiza conexiones seguras<\/li>\n<\/ul>\n<h3>Moderaci\u00f3n<\/h3>\n<ul>\n<li>La detecci\u00f3n de contenidos basada en IA ayuda a identificar comportamientos inadecuados<\/li>\n<li>Las herramientas de informaci\u00f3n de los usuarios permiten se\u00f1alar r\u00e1pidamente las infracciones<\/li>\n<li>Los moderadores humanos revisan las denuncias y eliminan a los infractores reincidentes<\/li>\n<\/ul>\n<h3>Consejos de seguridad<\/h3>\n<ul>\n<li>No compartas nunca datos personales como el nombre completo, la direcci\u00f3n o las cuentas de redes sociales.<\/li>\n<li>Termina cualquier conversaci\u00f3n que te haga sentir inc\u00f3modo<\/li>\n<li>Utilice \"Omitir\" e \"Informar\" siempre que sea necesario<\/li>\n<li>Tratar cada interacci\u00f3n como an\u00f3nima y temporal<\/li>\n<\/ul>\n<h2>Experiencia de usuario y dise\u00f1o<\/h2>\n<p>Umingle ofrece una experiencia fluida, r\u00e1pida y despejada, moderna e intuitiva:<\/p>\n<ul>\n<li>P\u00e1gina de inicio: Dise\u00f1o sencillo con un bot\u00f3n \"Iniciar chat\" destacado y directrices claras.<\/li>\n<li>Interfaz de v\u00eddeo: Grandes paneles de v\u00eddeo y controles de f\u00e1cil acceso para saltar, texto e informe<\/li>\n<li>Rendimiento: Conexiones r\u00e1pidas, lag m\u00ednimo y reconexiones r\u00e1pidas entre chats.<\/li>\n<li>Optimizaci\u00f3n para m\u00f3viles: Perfectamente adaptable a smartphones y tablets<\/li>\n<li>Estilo visual: Dise\u00f1o limpio y minimalista centrado primero en el v\u00eddeo y no en elementos que distraigan.<\/li>\n<\/ul>\n<p>En general, Umingle parece profesional y ligero, evitando el aspecto anticuado de los antiguos sitios de chat aleatorios.<\/p>\n<h2>Umingle frente a otras plataformas de chat aleatorias<\/h2>\n<p>\u00bfC\u00f3mo se compara Umingle con otras alternativas del tipo Omegle?<\/p>\n<table>\n<thead>\n<tr>\n<th>Caracter\u00edstica<\/th>\n<th>Umingle<\/th>\n<th><a href=\"https:\/\/strangercam.com\/es\/omegle\/\">Omegle<\/a> (cerrado)<\/th>\n<th>Ohmegle<\/th>\n<th>Lotta<\/th>\n<th>ChatRT<\/th>\n<th>MatchPub<\/th>\n<th><a href=\"https:\/\/strangercam.com\/es\/ometv\/\">OmeTV<\/a><\/th>\n<\/tr>\n<\/thead>\n<tbody>\n<tr>\n<td>Random Video Chat con Desconocidos<\/td>\n<td>S\u00ed<\/td>\n<td>S\u00ed<\/td>\n<td>S\u00ed<\/td>\n<td>S\u00ed<\/td>\n<td>S\u00ed<\/td>\n<td>S\u00ed<\/td>\n<td>S\u00ed<\/td>\n<\/tr>\n<tr>\n<td>Opci\u00f3n de chat de texto<\/td>\n<td>S\u00ed<\/td>\n<td>S\u00ed<\/td>\n<td>S\u00ed<\/td>\n<td>S\u00ed<\/td>\n<td>S\u00ed<\/td>\n<td>S\u00ed<\/td>\n<td>S\u00ed<\/td>\n<\/tr>\n<tr>\n<td>Inscripci\u00f3n necesaria<\/td>\n<td>No<\/td>\n<td>No<\/td>\n<td>No<\/td>\n<td>No<\/td>\n<td>No<\/td>\n<td>No<\/td>\n<td>No<\/td>\n<\/tr>\n<tr>\n<td>Compatible con m\u00f3viles<\/td>\n<td>Excelente<\/td>\n<td>Pobre<\/td>\n<td>Excelente<\/td>\n<td>Excelente<\/td>\n<td>Excelente<\/td>\n<td>Excelente<\/td>\n<td>Bien<\/td>\n<\/tr>\n<tr>\n<td>Filtros de g\u00e9nero\/regi\u00f3n<\/td>\n<td>No<\/td>\n<td>No<\/td>\n<td>No<\/td>\n<td>No<\/td>\n<td>No<\/td>\n<td>No<\/td>\n<td>Pagado<\/td>\n<\/tr>\n<tr>\n<td>Herramientas de moderaci\u00f3n<\/td>\n<td>Fuerte<\/td>\n<td>D\u00e9bil<\/td>\n<td>Moderado<\/td>\n<td>Bien<\/td>\n<td>Fuerte<\/td>\n<td>Bien<\/td>\n<td>Fuerte<\/td>\n<\/tr>\n<tr>\n<td>Uso gratuito<\/td>\n<td>S\u00ed<\/td>\n<td>S\u00ed<\/td>\n<td>S\u00ed<\/td>\n<td>S\u00ed<\/td>\n<td>S\u00ed<\/td>\n<td>S\u00ed<\/td>\n<td>S\u00ed\/Pagado<\/td>\n<\/tr>\n<\/tbody>\n<\/table>\n<p>Resumen: Umingle es m\u00e1s comparable a ChatRT y Lotta -todos gratuitos, an\u00f3nimos y r\u00e1pidos-, pero destaca por su interfaz m\u00e1s limpia y su experiencia m\u00f3vil m\u00e1s fluida. Aunque todav\u00eda no ofrece filtros avanzados, su sencillez es parte de su encanto.<\/p>\n<h2>Ventajas e inconvenientes<\/h2>\n<p>Pros:<\/p>\n<ul>\n<li>100% gratis sin registro<\/li>\n<li>Videochat aleatorio r\u00e1pido y an\u00f3nimo<\/li>\n<li>Dise\u00f1o limpio y moderno con un rendimiento fluido<\/li>\n<li>Funciona perfectamente en el m\u00f3vil y en el ordenador<\/li>\n<li>Opciones de salto instant\u00e1neo y chat de texto<\/li>\n<li>Potentes herramientas de moderaci\u00f3n y elaboraci\u00f3n de informes<\/li>\n<\/ul>\n<p>Contras:<\/p>\n<ul>\n<li>Sin filtros de g\u00e9nero ni de pa\u00eds<\/li>\n<li>Usuarios inapropiados ocasionales (com\u00fan a todos los sitios de chat an\u00f3nimos)<\/li>\n<li>M\u00e1s usuarios masculinos que femeninos<\/li>\n<li>Sin perfil ni sistema de amigos<\/li>\n<li>Su base de usuarios sigue creciendo en comparaci\u00f3n con alternativas m\u00e1s antiguas<\/li>\n<\/ul>\n<h2>Casos de uso ideales<\/h2>\n<p>Umingle es perfecto para:<\/p>\n<ul>\n<li>Ventiladores de Omegle y <a href=\"https:\/\/strangercam.com\/es\/chatroulette\/\">Chatroulette<\/a> que quieren un sustituto moderno<\/li>\n<li>Personas a las que les gustan las conversaciones an\u00f3nimas e individuales<\/li>\n<li>Estudiantes de idiomas o viajeros que exploran conexiones globales<\/li>\n<li>Estudiantes y j\u00f3venes adultos que buscan relacionarse de manera informal<\/li>\n<li>Los usuarios de m\u00f3viles buscan un videochat aleatorio r\u00e1pido y gratuito<\/li>\n<\/ul>\n<p>Menos ideal para:<\/p>\n<ul>\n<li>Menores de edad (mayores de 18 a\u00f1os)<\/li>\n<li>Los que desean filtros de citas u opciones de reencuentro<\/li>\n<li>Personas que buscan conexiones a largo plazo o perfiles sociales<\/li>\n<\/ul>\n<p>Umingle es una de las plataformas de videochat aleatorio estilo Omegle m\u00e1s prometedoras de 2025. Captura todo lo que hac\u00eda divertido el chat espont\u00e1neo en l\u00ednea -simplicidad, velocidad y alcance global-, a la vez que lo actualiza con un dise\u00f1o moderno y apto para m\u00f3viles y s\u00f3lidas herramientas de seguridad.<\/p>\n<p>Si buscas una forma r\u00e1pida, gratuita y an\u00f3nima de conocer a desconocidos en l\u00ednea, Umingle te ofrece exactamente eso. Con un rendimiento fluido, informes sencillos y una base de usuarios acogedora, se est\u00e1 convirtiendo r\u00e1pidamente en uno de los mejores sitios nuevos de chat aleatorio del a\u00f1o.<\/p>\n<p>Tanto si quieres hacer amigos, ligar o simplemente pasar el rato, merece la pena probar Umingle.<\/p>","protected":false},"excerpt":{"rendered":"<p>In the post-Omegle era, dozens of random video chat platforms have emerged, all trying to capture the excitement of spontaneous online conversations. Few, however, manage to combine simplicity, speed, and safety in a way that actually works. Umingle is one of the newest entrants in this space \u2014 a global random video chat platform built [&hellip;]<\/p>\n","protected":false},"author":6,"featured_media":0,"parent":0,"menu_order":0,"comment_status":"closed","ping_status":"closed","template":"","meta":{"footnotes":""},"class_list":["post-13057","page","type-page","status-publish","hentry"],"yoast_head":"<!-- This site is optimized with the Yoast SEO plugin v26.9 - https:\/\/yoast.com\/product\/yoast-seo-wordpress\/ -->\n<title>Umingle - Chat with Strangers - StrangerCam.com<\/title>\n<meta name=\"description\" content=\"Like Umingle? Come chat with more than 5.000.000 strangers on Strangercam for Free! Turn on your cam and find new friends &amp; maby a match!\" \/>\n<meta name=\"robots\" content=\"index, follow, max-snippet:-1, max-image-preview:large, max-video-preview:-1\" \/>\n<link rel=\"canonical\" href=\"https:\/\/strangercam.com\/es\/umingle\/\" \/>\n<meta property=\"og:locale\" content=\"es_ES\" \/>\n<meta property=\"og:type\" content=\"article\" \/>\n<meta property=\"og:title\" content=\"Umingle - Chat with Strangers - StrangerCam.com\" \/>\n<meta property=\"og:description\" content=\"Like Umingle? Come chat with more than 5.000.000 strangers on Strangercam for Free! Turn on your cam and find new friends &amp; maby a match!\" \/>\n<meta property=\"og:url\" content=\"https:\/\/strangercam.com\/es\/umingle\/\" \/>\n<meta property=\"og:site_name\" content=\"Strangercam\" \/>\n<meta property=\"article:publisher\" content=\"https:\/\/www.facebook.com\/strangercam\" \/>\n<meta property=\"og:image\" content=\"https:\/\/strangercam.com\/wp-content\/uploads\/2021\/10\/Untitled-2.png\" \/>\n\t<meta property=\"og:image:width\" content=\"800\" \/>\n\t<meta property=\"og:image:height\" content=\"532\" \/>\n\t<meta property=\"og:image:type\" content=\"image\/png\" \/>\n<meta name=\"twitter:card\" content=\"summary_large_image\" \/>\n<meta name=\"twitter:site\" content=\"@strangercamapp\" \/>\n<meta name=\"twitter:label1\" content=\"Tiempo de lectura\" \/>\n\t<meta name=\"twitter:data1\" content=\"6 minutos\" \/>\n<script type=\"application\/ld+json\" class=\"yoast-schema-graph\">{\"@context\":\"https:\/\/schema.org\",\"@graph\":[{\"@type\":\"WebPage\",\"@id\":\"https:\/\/strangercam.com\/umingle\/\",\"url\":\"https:\/\/strangercam.com\/umingle\/\",\"name\":\"Umingle - Chat with Strangers - StrangerCam.com\",\"isPartOf\":{\"@id\":\"https:\/\/strangercam.com\/#website\"},\"datePublished\":\"2025-10-24T08:20:35+00:00\",\"description\":\"Like Umingle? Come chat with more than 5.000.000 strangers on Strangercam for Free! Turn on your cam and find new friends & maby a match!\",\"breadcrumb\":{\"@id\":\"https:\/\/strangercam.com\/umingle\/#breadcrumb\"},\"inLanguage\":\"es\",\"potentialAction\":[{\"@type\":\"ReadAction\",\"target\":[\"https:\/\/strangercam.com\/umingle\/\"]}]},{\"@type\":\"BreadcrumbList\",\"@id\":\"https:\/\/strangercam.com\/umingle\/#breadcrumb\",\"itemListElement\":[{\"@type\":\"ListItem\",\"position\":1,\"name\":\"Home\",\"item\":\"https:\/\/strangercam.com\/\"},{\"@type\":\"ListItem\",\"position\":2,\"name\":\"Umingle\"}]},{\"@type\":\"WebSite\",\"@id\":\"https:\/\/strangercam.com\/#website\",\"url\":\"https:\/\/strangercam.com\/\",\"name\":\"Strangercam\",\"description\":\"Random Video Chat with Strangers\",\"publisher\":{\"@id\":\"https:\/\/strangercam.com\/#organization\"},\"alternateName\":\"Strangercam.com\",\"potentialAction\":[{\"@type\":\"SearchAction\",\"target\":{\"@type\":\"EntryPoint\",\"urlTemplate\":\"https:\/\/strangercam.com\/?s={search_term_string}\"},\"query-input\":{\"@type\":\"PropertyValueSpecification\",\"valueRequired\":true,\"valueName\":\"search_term_string\"}}],\"inLanguage\":\"es\"},{\"@type\":\"Organization\",\"@id\":\"https:\/\/strangercam.com\/#organization\",\"name\":\"Strangercam\",\"alternateName\":\"Strangercam.com\",\"url\":\"https:\/\/strangercam.com\/\",\"logo\":{\"@type\":\"ImageObject\",\"inLanguage\":\"es\",\"@id\":\"https:\/\/strangercam.com\/#\/schema\/logo\/image\/\",\"url\":\"https:\/\/strangercam.com\/wp-content\/uploads\/2020\/11\/cropped-new-favicon-black.png\",\"contentUrl\":\"https:\/\/strangercam.com\/wp-content\/uploads\/2020\/11\/cropped-new-favicon-black.png\",\"width\":512,\"height\":512,\"caption\":\"Strangercam\"},\"image\":{\"@id\":\"https:\/\/strangercam.com\/#\/schema\/logo\/image\/\"},\"sameAs\":[\"https:\/\/www.facebook.com\/strangercam\",\"https:\/\/x.com\/strangercamapp\"]}]}<\/script>\n<!-- \/ Yoast SEO plugin. -->","yoast_head_json":{"title":"Umingle - Chat con desconocidos - StrangerCam.com","description":"\u00bfTe gusta Umingle? \u00a1Ven a chatear gratis con m\u00e1s de 5.000.000 de desconocidos en Strangercam! \u00a1Enciende tu c\u00e1mara y encuentra nuevos amigos y tal vez una pareja!","robots":{"index":"index","follow":"follow","max-snippet":"max-snippet:-1","max-image-preview":"max-image-preview:large","max-video-preview":"max-video-preview:-1"},"canonical":"https:\/\/strangercam.com\/es\/umingle\/","og_locale":"es_ES","og_type":"article","og_title":"Umingle - Chat with Strangers - StrangerCam.com","og_description":"Like Umingle? Come chat with more than 5.000.000 strangers on Strangercam for Free! Turn on your cam and find new friends & maby a match!","og_url":"https:\/\/strangercam.com\/es\/umingle\/","og_site_name":"Strangercam","article_publisher":"https:\/\/www.facebook.com\/strangercam","og_image":[{"width":800,"height":532,"url":"https:\/\/strangercam.com\/wp-content\/uploads\/2021\/10\/Untitled-2.png","type":"image\/png"}],"twitter_card":"summary_large_image","twitter_site":"@strangercamapp","twitter_misc":{"Tiempo de lectura":"6 minutos"},"schema":{"@context":"https:\/\/schema.org","@graph":[{"@type":"WebPage","@id":"https:\/\/strangercam.com\/umingle\/","url":"https:\/\/strangercam.com\/umingle\/","name":"Umingle - Chat con desconocidos - StrangerCam.com","isPartOf":{"@id":"https:\/\/strangercam.com\/#website"},"datePublished":"2025-10-24T08:20:35+00:00","description":"\u00bfTe gusta Umingle? \u00a1Ven a chatear gratis con m\u00e1s de 5.000.000 de desconocidos en Strangercam! \u00a1Enciende tu c\u00e1mara y encuentra nuevos amigos y tal vez una pareja!","breadcrumb":{"@id":"https:\/\/strangercam.com\/umingle\/#breadcrumb"},"inLanguage":"es","potentialAction":[{"@type":"ReadAction","target":["https:\/\/strangercam.com\/umingle\/"]}]},{"@type":"BreadcrumbList","@id":"https:\/\/strangercam.com\/umingle\/#breadcrumb","itemListElement":[{"@type":"ListItem","position":1,"name":"Home","item":"https:\/\/strangercam.com\/"},{"@type":"ListItem","position":2,"name":"Umingle"}]},{"@type":"WebSite","@id":"https:\/\/strangercam.com\/#website","url":"https:\/\/strangercam.com\/","name":"Strangercam","description":"Videochat aleatorio con desconocidos","publisher":{"@id":"https:\/\/strangercam.com\/#organization"},"alternateName":"Strangercam.com","potentialAction":[{"@type":"SearchAction","target":{"@type":"EntryPoint","urlTemplate":"https:\/\/strangercam.com\/?s={search_term_string}"},"query-input":{"@type":"PropertyValueSpecification","valueRequired":true,"valueName":"search_term_string"}}],"inLanguage":"es"},{"@type":"Organization","@id":"https:\/\/strangercam.com\/#organization","name":"Strangercam","alternateName":"Strangercam.com","url":"https:\/\/strangercam.com\/","logo":{"@type":"ImageObject","inLanguage":"es","@id":"https:\/\/strangercam.com\/#\/schema\/logo\/image\/","url":"https:\/\/strangercam.com\/wp-content\/uploads\/2020\/11\/cropped-new-favicon-black.png","contentUrl":"https:\/\/strangercam.com\/wp-content\/uploads\/2020\/11\/cropped-new-favicon-black.png","width":512,"height":512,"caption":"Strangercam"},"image":{"@id":"https:\/\/strangercam.com\/#\/schema\/logo\/image\/"},"sameAs":["https:\/\/www.facebook.com\/strangercam","https:\/\/x.com\/strangercamapp"]}]}},"_links":{"self":[{"href":"https:\/\/strangercam.com\/es\/wp-json\/wp\/v2\/pages\/13057","targetHints":{"allow":["GET"]}}],"collection":[{"href":"https:\/\/strangercam.com\/es\/wp-json\/wp\/v2\/pages"}],"about":[{"href":"https:\/\/strangercam.com\/es\/wp-json\/wp\/v2\/types\/page"}],"author":[{"embeddable":true,"href":"https:\/\/strangercam.com\/es\/wp-json\/wp\/v2\/users\/6"}],"replies":[{"embeddable":true,"href":"https:\/\/strangercam.com\/es\/wp-json\/wp\/v2\/comments?post=13057"}],"version-history":[{"count":1,"href":"https:\/\/strangercam.com\/es\/wp-json\/wp\/v2\/pages\/13057\/revisions"}],"predecessor-version":[{"id":13058,"href":"https:\/\/strangercam.com\/es\/wp-json\/wp\/v2\/pages\/13057\/revisions\/13058"}],"wp:attachment":[{"href":"https:\/\/strangercam.com\/es\/wp-json\/wp\/v2\/media?parent=13057"}],"curies":[{"name":"wp","href":"https:\/\/api.w.org\/{rel}","templated":true}]}}