{"id":1303,"date":"2025-08-05T10:30:38","date_gmt":"2025-08-05T08:30:38","guid":{"rendered":"https:\/\/strangercam.com\/?page_id=1303"},"modified":"2025-08-05T10:41:12","modified_gmt":"2025-08-05T08:41:12","slug":"aplicacion-monkey","status":"publish","type":"page","link":"https:\/\/strangercam.com\/es\/monkey-app\/","title":{"rendered":"Monkey App"},"content":{"rendered":"<p>A medida que el mundo del v\u00eddeo en l\u00ednea <a href=\"https:\/\/strangercam.com\/es\/chatroulette\/\">chat<\/a> A medida que evolucionan las redes sociales, surgen constantemente nuevas aplicaciones para satisfacer las necesidades de un p\u00fablico m\u00e1s joven y m\u00e1s m\u00f3vil. Monkey App es una de estas plataformas, que mezcla la emoci\u00f3n de la <a href=\"https:\/\/strangercam.com\/es\/chathub\/\">chat de v\u00eddeo aleatorio<\/a> con el descubrimiento social y el v\u00eddeo de corta duraci\u00f3n, creando un espacio \u00fanico que se siente parte de la cultura de la UE. <a href=\"https:\/\/strangercam.com\/es\/omegle\/\">Omegle<\/a>, parte TikTok y parte reuni\u00f3n de grupo.<\/p>\n<p>Pero, \u00bfdestaca Monkey App? \u00bfEs seguro, atractivo y merece tu tiempo? En este an\u00e1lisis en profundidad, cubrimos todo lo que necesitas saber sobre Monkey: c\u00f3mo funciona, qu\u00e9 caracter\u00edsticas ofrece, a qui\u00e9n va dirigido y c\u00f3mo se compara con otras plataformas l\u00edderes de videochat y redes sociales.<\/p>\n<h2>\u00bfQu\u00e9 es Monkey App?<\/h2>\n<p>Monkey App es una plataforma m\u00f3vil de videochat aleatorio y descubrimiento social que conecta a los usuarios para mantener conversaciones de v\u00eddeo en directo, uno a uno, y salas de grupo interactivas. Lanzada en 2016 y relanzada varias veces desde entonces, Monkey es especialmente popular entre la Generaci\u00f3n Z y los millennials m\u00e1s j\u00f3venes, ya que ofrece una experiencia tan divertida y creativa como conocer gente nueva.<\/p>\n<p>A diferencia de los cl\u00e1sicos sitios de chat aleatorio que se centran \u00fanicamente en el anonimato, Monkey incorpora elementos de las redes sociales, con perfiles de usuario, videoclips cortos y contenidos de tendencia, lo que lo convierte en una de las comunidades de videochat m\u00e1s vibrantes que existen.<\/p>\n<h2>\u00bfPara qu\u00e9 sirve el Monkey App?<\/h2>\n<p>La misi\u00f3n de Monkey App es hacer que la socializaci\u00f3n en l\u00ednea sea espont\u00e1nea, creativa y divertida. El objetivo de la aplicaci\u00f3n es:<\/p>\n<ul>\n<li>Conecte a las personas al instante mediante v\u00eddeo en directo y chat de grupo<\/li>\n<li>Fomentar la expresi\u00f3n creativa a trav\u00e9s de intros de v\u00eddeo, clips y contenidos de tendencia.<\/li>\n<li>Fomentar un espacio seguro y acogedor para los j\u00f3venes, en el que la interacci\u00f3n y la amistad sean aut\u00e9nticas.<\/li>\n<\/ul>\n<p>Monkey no es s\u00f3lo una aplicaci\u00f3n de chat aleatoria; es una experiencia de descubrimiento social completa para la generaci\u00f3n TikTok, en la que puedes mostrar tu personalidad, descubrir nuevas tendencias y construir una red global de amigos en tiempo real.<\/p>\n<h2>Caracter\u00edsticas principales<\/h2>\n<p>1. Videochat aleatorio uno a uno<br \/>\nEl n\u00facleo de Monkey es el emparejamiento instant\u00e1neo por v\u00eddeo en directo. Pulsa \"Empezar\" y se te emparejar\u00e1 con otro usuario para una charla r\u00e1pida c\u00e1mara a c\u00e1mara, que suele durar 15 segundos, pero que pod\u00e9is prolongar de mutuo acuerdo.<\/p>\n<p>2. Salas de v\u00eddeo en grupo (\"Hubs\")<br \/>\nMonkey permite a los usuarios unirse o crear \"hubs\" tem\u00e1ticos: salas virtuales de grupo basadas en intereses, m\u00fasica, juegos o tendencias. En ellas, varios usuarios pueden chatear por v\u00eddeo, interactuar por texto y enviar reacciones en un ambiente animado y festivo.<\/p>\n<p>3. Perfiles sociales y videoclips<br \/>\nA diferencia de las aplicaciones de chat de la vieja escuela, Monkey te permite crear un perfil con foto, edad e intereses. Puedes subir v\u00eddeos cortos de presentaci\u00f3n o clips (similares a los de TikTok), lo que facilita que otros te descubran y conecten contigo en funci\u00f3n de tu personalidad.<\/p>\n<p>4. Trending Content y Leaderboards<br \/>\nMonkey cuenta con secciones de \"tendencias\" y \"usuarios destacados\", que muestran perfiles populares y videoclips creativos. Los usuarios pueden ascender a trav\u00e9s de su actividad, lo que hace que la plataforma sea competitiva e interactiva.<\/p>\n<p>5. Chat de texto y mensajer\u00eda instant\u00e1nea<br \/>\nSi no est\u00e1s preparado para el v\u00eddeo, Monkey tambi\u00e9n ofrece chat de texto. Puedes enviar mensajes directos, emojis o unirte a hilos de texto en curso en hubs.<\/p>\n<p>6. Filtros de coincidencia<br \/>\nLos usuarios Premium pueden utilizar filtros de g\u00e9nero y regi\u00f3n para una experiencia m\u00e1s personalizada, mientras que los usuarios gratuitos disfrutan de conexiones globales aleatorias.<\/p>\n<p>7. Herramientas de informaci\u00f3n y seguridad<br \/>\nMonkey ofrece herramientas de denuncia, bloqueo y moderaci\u00f3n dentro de la aplicaci\u00f3n. La plataforma tambi\u00e9n emplea moderaci\u00f3n por IA para ayudar a mantener los chats positivos y libres de contenido abusivo o inapropiado.<\/p>\n<h2>\u00bfEs gratis el Monkey App?<\/h2>\n<p>Monkey se puede descargar y utilizar de forma gratuita, con acceso al chat de v\u00eddeo aleatorio, los hubs y la mensajer\u00eda b\u00e1sica. Sin embargo, algunas funciones premium -como los filtros avanzados de emparejamiento, los chats de v\u00eddeo ampliados o los potenciadores de perfil- pueden requerir compras dentro de la aplicaci\u00f3n o una suscripci\u00f3n.<\/p>\n<p>Todos los usuarios pueden:<\/p>\n<ul>\n<li>Join chats de v\u00eddeo en directo y concentradores de grupos<\/li>\n<li>Busca y conecta con los perfiles de moda<\/li>\n<li>Crear un perfil personal y subir clips<\/li>\n<li>Utilizar herramientas de seguridad y moderaci\u00f3n<\/li>\n<\/ul>\n<p>Entre las funciones premium (de pago) se incluyen:<\/p>\n<ul>\n<li>Correspondencia entre g\u00e9nero y regi\u00f3n<\/li>\n<li>Tiempo a\u00f1adido ilimitado en los chats<\/li>\n<li>Exposici\u00f3n prioritaria en las secciones de tendencias<\/li>\n<\/ul>\n<p>Los precios son competitivos con los de otras aplicaciones sociales y est\u00e1n claramente indicados en la p\u00e1gina de la tienda de la aplicaci\u00f3n.<\/p>\n<h2>\u00bfQui\u00e9n utiliza Monkey App?<\/h2>\n<p>Monkey est\u00e1 pensado para un p\u00fablico joven, internacional y socialmente activo:<\/p>\n<ul>\n<li>Edades: 18-25 es el grupo demogr\u00e1fico principal (Monkey es estrictamente 18+)<\/li>\n<li>Ubicaciones: Estados Unidos, Canad\u00e1, Reino Unido, Europa, Brasil, India, Sudeste Asi\u00e1tico, etc.<\/li>\n<li>Usuarios: Estudiantes, creadores, m\u00fasicos, influencers y aquellos que buscan una interacci\u00f3n espont\u00e1nea y creativa.<\/li>\n<\/ul>\n<p>La plataforma atrae a personas que adoran los contenidos al estilo TikTok, disfrutan conociendo nuevos amigos o simplemente quieren una forma divertida de pasar el tiempo y compartir su personalidad con el mundo.<\/p>\n<h2>Seguridad, privacidad y moderaci\u00f3n<\/h2>\n<p>Monkey App reconoce la importancia de la seguridad, especialmente para su p\u00fablico joven, y emplea varias medidas:<\/p>\n<h3>Privacidad<\/h3>\n<ul>\n<li>Los usuarios pueden controlar lo que comparten en su perfil<\/li>\n<li>Los chats no se archivan p\u00fablicamente ni permiten b\u00fasquedas<\/li>\n<li>No se permite compartir informaci\u00f3n de contacto personal en los chats p\u00fablicos<\/li>\n<\/ul>\n<h3>Moderaci\u00f3n<\/h3>\n<ul>\n<li>Filtrado de contenidos basado en IA: Detecta desnudos, abusos o infracciones de las normas.<\/li>\n<li>Denuncias y bloqueos manuales: Los usuarios pueden se\u00f1alar comportamientos inadecuados al instante<\/li>\n<li>Normas de la comunidad: Normas estrictas sobre intimidaci\u00f3n, acoso e intercambio de contenidos.<\/li>\n<\/ul>\n<p>Monkey est\u00e1 dise\u00f1ada para ser una plataforma positiva y agradable para los j\u00f3venes, pero como con cualquier aplicaci\u00f3n de chat en directo, los usuarios deben tener cuidado y evitar compartir informaci\u00f3n personal con desconocidos.<\/p>\n<h2>Experiencia de usuario y dise\u00f1o<\/h2>\n<p>El dise\u00f1o de Monkey es juvenil, intuitivo y est\u00e1 optimizado para m\u00f3viles:<\/p>\n<ul>\n<li>La aplicaci\u00f3n se abre con una interfaz limpia y deslizable, con opciones claras para chatear, unirse a los hubs o navegar por los contenidos de tendencia.<\/li>\n<li>Las ventanas de perfiles y v\u00eddeo son grandes y f\u00e1ciles de navegar<\/li>\n<li>Iconos coloridos, animaciones e integraci\u00f3n de m\u00fasica dan a la aplicaci\u00f3n un aire l\u00fadico y festivo.<\/li>\n<li>Las notificaciones y los mensajes son sencillos y no intrusivos.<\/li>\n<\/ul>\n<p>El rendimiento es fluido tanto en dispositivos Android como iOS, con actualizaciones frecuentes y nuevas funciones a\u00f1adidas para mantener las cosas frescas.<\/p>\n<h2>Monkey App frente a otras aplicaciones de videoconferencia y descubrimiento social<\/h2>\n<p>\u00bfC\u00f3mo se compara Monkey con otras plataformas l\u00edderes de videochat?<\/p>\n<table>\n<thead>\n<tr>\n<th>Caracter\u00edstica<\/th>\n<th>Mono<\/th>\n<th><a href=\"https:\/\/strangercam.com\/es\/ometv\/\">OmeTV<\/a><\/th>\n<th>Azar<\/th>\n<th>ChitChatTV<\/th>\n<th>Yubo<\/th>\n<\/tr>\n<\/thead>\n<tbody>\n<tr>\n<td>Videochat individual<\/td>\n<td>S\u00ed<\/td>\n<td>S\u00ed<\/td>\n<td>S\u00ed<\/td>\n<td>S\u00ed<\/td>\n<td>S\u00ed<\/td>\n<\/tr>\n<tr>\n<td>Salas de v\u00eddeo para grupos<\/td>\n<td>S\u00ed<\/td>\n<td>No<\/td>\n<td>No<\/td>\n<td>No<\/td>\n<td>S\u00ed<\/td>\n<\/tr>\n<tr>\n<td>Perfiles sociales\/Clips<\/td>\n<td>S\u00ed<\/td>\n<td>No<\/td>\n<td>S\u00ed<\/td>\n<td>No<\/td>\n<td>S\u00ed<\/td>\n<\/tr>\n<tr>\n<td>Filtros coincidentes<\/td>\n<td>Pagado<\/td>\n<td>Pagado<\/td>\n<td>Pagado<\/td>\n<td>No<\/td>\n<td>Limitado<\/td>\n<\/tr>\n<tr>\n<td>Uso gratuito<\/td>\n<td>S\u00ed<\/td>\n<td>S\u00ed<\/td>\n<td>S\u00ed<\/td>\n<td>S\u00ed<\/td>\n<td>S\u00ed<\/td>\n<\/tr>\n<tr>\n<td>Contenido de actualidad<\/td>\n<td>S\u00ed<\/td>\n<td>No<\/td>\n<td>No<\/td>\n<td>No<\/td>\n<td>S\u00ed<\/td>\n<\/tr>\n<tr>\n<td>Enfoque por edades<\/td>\n<td>18-25<\/td>\n<td>18+<\/td>\n<td>18+<\/td>\n<td>18+<\/td>\n<td>18-25<\/td>\n<\/tr>\n<tr>\n<td>Dise\u00f1o Mobile-First<\/td>\n<td>S\u00ed<\/td>\n<td>S\u00ed<\/td>\n<td>S\u00ed<\/td>\n<td>S\u00ed<\/td>\n<td>S\u00ed<\/td>\n<\/tr>\n<\/tbody>\n<\/table>\n<p>Resumen: Monkey destaca por su mezcla de chat de v\u00eddeo en directo, contenidos creativos, salas de grupo y un divertido elemento social competitivo. Se trata menos de puro anonimato y m\u00e1s de descubrir y expresar la personalidad en tiempo real.<\/p>\n<h2>Ventajas e inconvenientes<\/h2>\n<p>Pros:<\/p>\n<ul>\n<li>Videochat gratuito e instant\u00e1neo con desconocidos de todo el mundo<\/li>\n<li>Grupos \u00fanicos para videoconferencias tem\u00e1ticas<\/li>\n<li>Funciones sociales divertidas y creativas y personalizaci\u00f3n del perfil<\/li>\n<li>Comunidad joven y din\u00e1mica<\/li>\n<li>Filtros de concordancia premium y opciones de chat ampliadas<\/li>\n<li>Herramientas s\u00f3lidas de seguridad y moderaci\u00f3n<\/li>\n<\/ul>\n<p>Contras:<\/p>\n<ul>\n<li>Dise\u00f1ado para 18-25 a\u00f1os, por lo que los usuarios de m\u00e1s edad pueden sentirse fuera de lugar.<\/li>\n<li>Compras dentro de la aplicaci\u00f3n para algunos filtros y funciones<\/li>\n<li>Algunos usuarios pueden hacer un mal uso de la plataforma, a pesar de la moderaci\u00f3n<\/li>\n<li>Se requiere aplicaci\u00f3n m\u00f3vil; no hay versi\u00f3n de navegador para usuarios de ordenadores de sobremesa.<\/li>\n<li>El ritmo r\u00e1pido puede no convenir a todo el mundo<\/li>\n<\/ul>\n<h2>Casos de uso ideales<\/h2>\n<p>Monkey es perfecto para:<\/p>\n<ul>\n<li>J\u00f3venes adultos que desean <a href=\"https:\/\/strangercam.com\/es\/coomeet\/\">conozca<\/a> nuevas personas en un entorno en l\u00ednea animado y creativo<\/li>\n<li>Fans de TikTok o Instagram Reels que tambi\u00e9n disfrutan de la conversaci\u00f3n en directo<\/li>\n<li>Usuarios que desean unirse a videoconferencias en grupo o salas sociales tem\u00e1ticas<\/li>\n<li>Creadores, m\u00fasicos o personas influyentes que buscan exposici\u00f3n y participaci\u00f3n del p\u00fablico<\/li>\n<\/ul>\n<p>Menos ideal para:<\/p>\n<ul>\n<li>Usuarios que buscan un chat puramente an\u00f3nimo o s\u00f3lo de texto<\/li>\n<li>Adultos mayores de 30 a\u00f1os (el ambiente es muy Gen Z)<\/li>\n<li>Personas sin acceso a un dispositivo m\u00f3vil compatible<\/li>\n<\/ul>\n<p>Monkey App es la plataforma l\u00edder de videochat y descubrimiento social para la Generaci\u00f3n Z en 2025. Combina la espontaneidad del chat aleatorio cl\u00e1sico con la creatividad y la comunidad de las aplicaciones sociales modernas, por lo que es divertido, seguro y muy atractivo para los adultos j\u00f3venes de todo el mundo.<\/p>\n<p>Tanto si quieres chatear uno a uno, unirte a una quedada de grupo o compartir tus propios v\u00eddeos e intereses, Monkey ofrece un espacio l\u00fadico y \u00fanico para conectar. Si buscas una forma r\u00e1pida, visual y social de hacer nuevos amigos y expresarte, merece la pena probar Monkey App.<\/p>","protected":false},"excerpt":{"rendered":"<p>As the world of online video chat and social networking evolves, new apps are constantly emerging to cater to the needs of a younger, more mobile-first audience. Monkey App is one such platform, blending the thrill of random video chat with social discovery and short-form video\u2014creating a unique space that feels part Omegle, part TikTok, [&hellip;]<\/p>\n","protected":false},"author":6,"featured_media":0,"parent":0,"menu_order":0,"comment_status":"closed","ping_status":"closed","template":"","meta":{"footnotes":""},"class_list":["post-1303","page","type-page","status-publish","hentry"],"yoast_head":"<!-- This site is optimized with the Yoast SEO plugin v27.4 - https:\/\/yoast.com\/product\/yoast-seo-wordpress\/ -->\n<title>Monkey App - Random Video Chat Omegle - StrangerCam.com<\/title>\n<meta name=\"description\" content=\"Like Monkey App? Come chat with more than 5.000.000 strangers on Strangercam for Free! Turn on your cam and find new friends &amp; maby a match!\" \/>\n<meta name=\"robots\" content=\"index, follow, max-snippet:-1, max-image-preview:large, max-video-preview:-1\" \/>\n<link rel=\"canonical\" href=\"https:\/\/strangercam.com\/es\/aplicacion-monkey\/\" \/>\n<meta property=\"og:locale\" content=\"es_ES\" \/>\n<meta property=\"og:type\" content=\"article\" \/>\n<meta property=\"og:title\" content=\"Monkey App - Random Video Chat Omegle - StrangerCam.com\" \/>\n<meta property=\"og:description\" content=\"Like Monkey App? Come chat with more than 5.000.000 strangers on Strangercam for Free! Turn on your cam and find new friends &amp; maby a match!\" \/>\n<meta property=\"og:url\" content=\"https:\/\/strangercam.com\/es\/aplicacion-monkey\/\" \/>\n<meta property=\"og:site_name\" content=\"Strangercam\" \/>\n<meta property=\"article:publisher\" content=\"https:\/\/www.facebook.com\/strangercam\" \/>\n<meta property=\"article:modified_time\" content=\"2025-08-05T08:41:12+00:00\" \/>\n<meta property=\"og:image\" content=\"https:\/\/strangercam.com\/wp-content\/uploads\/2021\/10\/Untitled-2.png\" \/>\n\t<meta property=\"og:image:width\" content=\"800\" \/>\n\t<meta property=\"og:image:height\" content=\"532\" \/>\n\t<meta property=\"og:image:type\" content=\"image\/png\" \/>\n<meta name=\"twitter:card\" content=\"summary_large_image\" \/>\n<meta name=\"twitter:site\" content=\"@strangercamapp\" \/>\n<meta name=\"twitter:label1\" content=\"Tiempo de lectura\" \/>\n\t<meta name=\"twitter:data1\" content=\"6 minutos\" \/>\n<script type=\"application\/ld+json\" class=\"yoast-schema-graph\">{\"@context\":\"https:\\\/\\\/schema.org\",\"@graph\":[{\"@type\":\"WebPage\",\"@id\":\"https:\\\/\\\/strangercam.com\\\/monkey-app\\\/\",\"url\":\"https:\\\/\\\/strangercam.com\\\/monkey-app\\\/\",\"name\":\"Monkey App - Random Video Chat Omegle - StrangerCam.com\",\"isPartOf\":{\"@id\":\"https:\\\/\\\/strangercam.com\\\/#website\"},\"datePublished\":\"2025-08-05T08:30:38+00:00\",\"dateModified\":\"2025-08-05T08:41:12+00:00\",\"description\":\"Like Monkey App? Come chat with more than 5.000.000 strangers on Strangercam for Free! Turn on your cam and find new friends & maby a match!\",\"breadcrumb\":{\"@id\":\"https:\\\/\\\/strangercam.com\\\/monkey-app\\\/#breadcrumb\"},\"inLanguage\":\"es\",\"potentialAction\":[{\"@type\":\"ReadAction\",\"target\":[\"https:\\\/\\\/strangercam.com\\\/monkey-app\\\/\"]}]},{\"@type\":\"BreadcrumbList\",\"@id\":\"https:\\\/\\\/strangercam.com\\\/monkey-app\\\/#breadcrumb\",\"itemListElement\":[{\"@type\":\"ListItem\",\"position\":1,\"name\":\"Home\",\"item\":\"https:\\\/\\\/strangercam.com\\\/\"},{\"@type\":\"ListItem\",\"position\":2,\"name\":\"Monkey App\"}]},{\"@type\":\"WebSite\",\"@id\":\"https:\\\/\\\/strangercam.com\\\/#website\",\"url\":\"https:\\\/\\\/strangercam.com\\\/\",\"name\":\"Strangercam\",\"description\":\"Random Video Chat with Strangers\",\"publisher\":{\"@id\":\"https:\\\/\\\/strangercam.com\\\/#organization\"},\"alternateName\":\"Strangercam.com\",\"potentialAction\":[{\"@type\":\"SearchAction\",\"target\":{\"@type\":\"EntryPoint\",\"urlTemplate\":\"https:\\\/\\\/strangercam.com\\\/?s={search_term_string}\"},\"query-input\":{\"@type\":\"PropertyValueSpecification\",\"valueRequired\":true,\"valueName\":\"search_term_string\"}}],\"inLanguage\":\"es\"},{\"@type\":\"Organization\",\"@id\":\"https:\\\/\\\/strangercam.com\\\/#organization\",\"name\":\"Strangercam\",\"alternateName\":\"Strangercam.com\",\"url\":\"https:\\\/\\\/strangercam.com\\\/\",\"logo\":{\"@type\":\"ImageObject\",\"inLanguage\":\"es\",\"@id\":\"https:\\\/\\\/strangercam.com\\\/#\\\/schema\\\/logo\\\/image\\\/\",\"url\":\"https:\\\/\\\/strangercam.com\\\/wp-content\\\/uploads\\\/2020\\\/11\\\/cropped-new-favicon-black.png\",\"contentUrl\":\"https:\\\/\\\/strangercam.com\\\/wp-content\\\/uploads\\\/2020\\\/11\\\/cropped-new-favicon-black.png\",\"width\":512,\"height\":512,\"caption\":\"Strangercam\"},\"image\":{\"@id\":\"https:\\\/\\\/strangercam.com\\\/#\\\/schema\\\/logo\\\/image\\\/\"},\"sameAs\":[\"https:\\\/\\\/www.facebook.com\\\/strangercam\",\"https:\\\/\\\/x.com\\\/strangercamapp\"]}]}<\/script>\n<!-- \/ Yoast SEO plugin. -->","yoast_head_json":{"title":"Monkey App - Video Chat Aleatorio Omegle - StrangerCam.com","description":"\u00bfTe gusta Monkey App? \u00a1Ven a chatear gratis con m\u00e1s de 5.000.000 de desconocidos en Strangercam! \u00a1Enciende tu c\u00e1mara y encuentra nuevos amigos y tal vez una pareja!","robots":{"index":"index","follow":"follow","max-snippet":"max-snippet:-1","max-image-preview":"max-image-preview:large","max-video-preview":"max-video-preview:-1"},"canonical":"https:\/\/strangercam.com\/es\/aplicacion-monkey\/","og_locale":"es_ES","og_type":"article","og_title":"Monkey App - Random Video Chat Omegle - StrangerCam.com","og_description":"Like Monkey App? Come chat with more than 5.000.000 strangers on Strangercam for Free! Turn on your cam and find new friends & maby a match!","og_url":"https:\/\/strangercam.com\/es\/aplicacion-monkey\/","og_site_name":"Strangercam","article_publisher":"https:\/\/www.facebook.com\/strangercam","article_modified_time":"2025-08-05T08:41:12+00:00","og_image":[{"width":800,"height":532,"url":"https:\/\/strangercam.com\/wp-content\/uploads\/2021\/10\/Untitled-2.png","type":"image\/png"}],"twitter_card":"summary_large_image","twitter_site":"@strangercamapp","twitter_misc":{"Tiempo de lectura":"6 minutos"},"schema":{"@context":"https:\/\/schema.org","@graph":[{"@type":"WebPage","@id":"https:\/\/strangercam.com\/monkey-app\/","url":"https:\/\/strangercam.com\/monkey-app\/","name":"Monkey App - Video Chat Aleatorio Omegle - StrangerCam.com","isPartOf":{"@id":"https:\/\/strangercam.com\/#website"},"datePublished":"2025-08-05T08:30:38+00:00","dateModified":"2025-08-05T08:41:12+00:00","description":"\u00bfTe gusta Monkey App? \u00a1Ven a chatear gratis con m\u00e1s de 5.000.000 de desconocidos en Strangercam! \u00a1Enciende tu c\u00e1mara y encuentra nuevos amigos y tal vez una pareja!","breadcrumb":{"@id":"https:\/\/strangercam.com\/monkey-app\/#breadcrumb"},"inLanguage":"es","potentialAction":[{"@type":"ReadAction","target":["https:\/\/strangercam.com\/monkey-app\/"]}]},{"@type":"BreadcrumbList","@id":"https:\/\/strangercam.com\/monkey-app\/#breadcrumb","itemListElement":[{"@type":"ListItem","position":1,"name":"Home","item":"https:\/\/strangercam.com\/"},{"@type":"ListItem","position":2,"name":"Monkey App"}]},{"@type":"WebSite","@id":"https:\/\/strangercam.com\/#website","url":"https:\/\/strangercam.com\/","name":"Strangercam","description":"Videochat aleatorio con desconocidos","publisher":{"@id":"https:\/\/strangercam.com\/#organization"},"alternateName":"Strangercam.com","potentialAction":[{"@type":"SearchAction","target":{"@type":"EntryPoint","urlTemplate":"https:\/\/strangercam.com\/?s={search_term_string}"},"query-input":{"@type":"PropertyValueSpecification","valueRequired":true,"valueName":"search_term_string"}}],"inLanguage":"es"},{"@type":"Organization","@id":"https:\/\/strangercam.com\/#organization","name":"Strangercam","alternateName":"Strangercam.com","url":"https:\/\/strangercam.com\/","logo":{"@type":"ImageObject","inLanguage":"es","@id":"https:\/\/strangercam.com\/#\/schema\/logo\/image\/","url":"https:\/\/strangercam.com\/wp-content\/uploads\/2020\/11\/cropped-new-favicon-black.png","contentUrl":"https:\/\/strangercam.com\/wp-content\/uploads\/2020\/11\/cropped-new-favicon-black.png","width":512,"height":512,"caption":"Strangercam"},"image":{"@id":"https:\/\/strangercam.com\/#\/schema\/logo\/image\/"},"sameAs":["https:\/\/www.facebook.com\/strangercam","https:\/\/x.com\/strangercamapp"]}]}},"_links":{"self":[{"href":"https:\/\/strangercam.com\/es\/wp-json\/wp\/v2\/pages\/1303","targetHints":{"allow":["GET"]}}],"collection":[{"href":"https:\/\/strangercam.com\/es\/wp-json\/wp\/v2\/pages"}],"about":[{"href":"https:\/\/strangercam.com\/es\/wp-json\/wp\/v2\/types\/page"}],"author":[{"embeddable":true,"href":"https:\/\/strangercam.com\/es\/wp-json\/wp\/v2\/users\/6"}],"replies":[{"embeddable":true,"href":"https:\/\/strangercam.com\/es\/wp-json\/wp\/v2\/comments?post=1303"}],"version-history":[{"count":1,"href":"https:\/\/strangercam.com\/es\/wp-json\/wp\/v2\/pages\/1303\/revisions"}],"predecessor-version":[{"id":12953,"href":"https:\/\/strangercam.com\/es\/wp-json\/wp\/v2\/pages\/1303\/revisions\/12953"}],"wp:attachment":[{"href":"https:\/\/strangercam.com\/es\/wp-json\/wp\/v2\/media?parent=1303"}],"curies":[{"name":"wp","href":"https:\/\/api.w.org\/{rel}","templated":true}]}}