{"id":13024,"date":"2025-09-10T11:58:44","date_gmt":"2025-09-10T09:58:44","guid":{"rendered":"https:\/\/strangercam.com\/?page_id=13024"},"modified":"2025-09-10T11:58:57","modified_gmt":"2025-09-10T09:58:57","slug":"airtalk","status":"publish","type":"page","link":"https:\/\/strangercam.com\/es\/airtalk\/","title":{"rendered":"AirTALK"},"content":{"rendered":"<p>La demanda de v\u00eddeo r\u00e1pido, an\u00f3nimo y espont\u00e1neo <a href=\"https:\/\/strangercam.com\/es\/chathub\/\">chat<\/a> ha crecido r\u00e1pidamente desde el cierre de Omegle. Nuevas aplicaciones y sitios web compiten por convertirse en el pr\u00f3ximo gran destino de conversaciones al azar. AirTALK es uno de los nuevos nombres en este espacio: ofrece videoconferencias instant\u00e1neas con desconocidos, combinadas con un dise\u00f1o ligero y f\u00e1cil de usar desde el m\u00f3vil que facilita la conexi\u00f3n con personas de todo el mundo.<\/p>\n<p>Pero, \u00bfc\u00f3mo ser\u00e1 AirTALK en 2025? \u00bfEs un verdadero <a href=\"https:\/\/strangercam.com\/es\/omegle\/\">Omegle<\/a> y \u00bfaporta algo nuevo? En esta revisi\u00f3n, exploraremos todo lo que necesitas saber sobre AirTALK: su prop\u00f3sito, caracter\u00edsticas, audiencia, medidas de seguridad, pros y contras, y c\u00f3mo se compara con otras plataformas de videochat aleatorias.<\/p>\n<h2>\u00bfQu\u00e9 es AirTALK?<\/h2>\n<p>AirTALK es una aplicaci\u00f3n y un sitio web de videoconferencias aleatorias que permite a los usuarios <a href=\"https:\/\/strangercam.com\/es\/coomeet\/\">conozca<\/a> desconocidos al instante a trav\u00e9s de videollamadas individuales en directo. Como Omegle y <a href=\"https:\/\/strangercam.com\/es\/chatroulette\/\">Chatroulette<\/a> antes, AirTALK no requiere un complicado proceso de registro: basta con tocar para empezar y al instante te emparejas con alguien nuevo.<\/p>\n<p>Se centra en la sencillez, el anonimato y la rapidez. A diferencia de las aplicaciones sociales, en las que predominan los perfiles y los algoritmos, AirTALK se centra en la interacci\u00f3n en directo y sin guiones. El dise\u00f1o es elegante, los tiempos de carga son r\u00e1pidos y la optimizaci\u00f3n para m\u00f3viles facilita su uso sobre la marcha.<\/p>\n<h2>\u00bfCu\u00e1l es el objetivo de AirTALK?<\/h2>\n<p>La misi\u00f3n de AirTALK es hacer que la comunicaci\u00f3n global sea f\u00e1cil y divertida. La plataforma existe para las personas que:<\/p>\n<ul>\n<li>Alternativas sin restricciones y an\u00f3nimas a Omegle<\/li>\n<li>Disfruta conociendo a desconocidos en un videochat en tiempo real<\/li>\n<li>Prefieren las conversaciones r\u00e1pidas y espont\u00e1neas a los feeds sociales.<\/li>\n<li>Buscas una forma divertida, segura y gratuita de acabar con el aburrimiento<\/li>\n<\/ul>\n<p>Piense en AirTALK como un punto de encuentro virtual en el que nunca sabe con qui\u00e9n se va a encontrar, perfecto para charlar, practicar idiomas, hacer amigos o simplemente disfrutar de una interacci\u00f3n sin gui\u00f3n.<\/p>\n<h2>Caracter\u00edsticas principales<\/h2>\n<p>1. Videochat aleatorio instant\u00e1neo<br \/>\nLa funci\u00f3n principal es el chat de v\u00eddeo en directo uno a uno. Se le empareja instant\u00e1neamente con otro usuario en l\u00ednea para mantener una conversaci\u00f3n privada. Sin salas de espera, sin colas, solo emparejamientos r\u00e1pidos.<\/p>\n<p>2. Bot\u00f3n Saltar\/Siguiente<br \/>\n\u00bfNo te gusta el chat? Pulsa \"Siguiente\" para avanzar al instante. La funci\u00f3n de salto hace que navegar por las conversaciones sea r\u00e1pido y fluido.<\/p>\n<p>3. Opci\u00f3n de chat de texto<br \/>\nAirTALK tambi\u00e9n permite enviar mensajes de texto adem\u00e1s de v\u00eddeo. Esto resulta \u00fatil para romper el hielo, superar barreras ling\u00fc\u00edsticas o cuando no quieres encender el micr\u00f3fono.<\/p>\n<p>4. No es necesario registrarse<br \/>\nNo es necesario crear una cuenta ni compartir informaci\u00f3n personal. AirTALK est\u00e1 dise\u00f1ado para el anonimato, lo que permite a los usuarios entrar directamente en el chat.<\/p>\n<p>5. Compatible con m\u00f3viles y ordenadores de sobremesa<br \/>\nLa plataforma se ha dise\u00f1ado pensando primero en los m\u00f3viles, pero funciona igual de bien en ordenadores de sobremesa. Tanto en el m\u00f3vil como en el port\u00e1til, la interfaz se adapta para ofrecer una experiencia optimizada.<\/p>\n<p>6. Dise\u00f1o ligero y moderno<br \/>\nAirTALK tiene una interfaz limpia y minimalista. Las ventanas de v\u00eddeo son grandes y claras, y los controles (omitir, silenciar, informar) son f\u00e1ciles de encontrar.<\/p>\n<p>7. Herramientas de seguridad y notificaci\u00f3n<br \/>\nTodos los chats incluyen un bot\u00f3n de denuncia para que los usuarios puedan se\u00f1alar comportamientos inadecuados. Los moderadores y los filtros basados en IA ayudan a hacer cumplir las normas de la comunidad.<\/p>\n<h2>\u00bfEs AirTALK gratuito?<\/h2>\n<p>S\u00ed, AirTALK es totalmente gratuito. Todas las funciones esenciales -chat de v\u00eddeo, chat de texto, salto e informes- est\u00e1n disponibles sin coste alguno.<\/p>\n<p>Los hay:<\/p>\n<ul>\n<li>Sin suscripciones<\/li>\n<li>Sin sistemas de fichas<\/li>\n<li>Sin muros de pago ocultos<\/li>\n<\/ul>\n<p>La plataforma puede mostrar una ligera publicidad para cubrir los costes operativos, pero \u00e9sta no interfiere en la experiencia de chat.<\/p>\n<h2>\u00bfQui\u00e9n utiliza AirTALK?<\/h2>\n<p>AirTALK atrae a un p\u00fablico diverso e internacional:<\/p>\n<ul>\n<li>Rango de edad: Principalmente 18-35 (estrictamente adultos, s\u00f3lo mayores de 18 a\u00f1os)<\/li>\n<li>Tipos de usuarios: Estudiantes, j\u00f3venes profesionales, viajeros y chateadores ocasionales.<\/li>\n<li>Geograf\u00eda: Popular en Estados Unidos, Europa, Sudam\u00e9rica, India y el Sudeste Asi\u00e1tico.<\/li>\n<li>Motivaciones: Conocer nuevos amigos, practicar idiomas, flirteo ocasional, intercambio cultural o simplemente pasar el rato.<\/li>\n<\/ul>\n<p>Debido a su reciente lanzamiento, el p\u00fablico de AirTALK es m\u00e1s joven y conocedor de la tecnolog\u00eda, sobre todo los que antes utilizaban Omegle y ahora buscan alternativas.<\/p>\n<h2>Seguridad, privacidad y moderaci\u00f3n<\/h2>\n<p>AirTALK hace especial hincapi\u00e9 en la seguridad y la privacidad de los usuarios.<\/p>\n<h3>Privacidad<\/h3>\n<ul>\n<li>No se requieren datos personales, correos electr\u00f3nicos ni n\u00fameros de tel\u00e9fono<\/li>\n<li>Los chats no se graban ni se almacenan<\/li>\n<li>Los usuarios permanecen an\u00f3nimos a menos que decidan compartir informaci\u00f3n<\/li>\n<\/ul>\n<h3>Moderaci\u00f3n<\/h3>\n<ul>\n<li>Denuncias en el chat: Se\u00f1ala al instante comportamientos abusivos o inapropiados<\/li>\n<li>Filtros basados en IA: Detecta contenidos expl\u00edcitos y bloquea a los infractores<\/li>\n<li>Moderaci\u00f3n humana: Revisar los informes y aplicar prohibiciones a los infractores reincidentes.<\/li>\n<\/ul>\n<h3>Consejos de seguridad<\/h3>\n<ul>\n<li>No compartas datos sensibles (nombre, direcci\u00f3n, redes sociales)<\/li>\n<li>Termine cualquier charla que le resulte inc\u00f3moda<\/li>\n<li>Utiliza \"Saltar\" e \"Informar\" para que tu experiencia sea positiva<\/li>\n<\/ul>\n<h2>Experiencia de usuario y dise\u00f1o<\/h2>\n<p>AirTALK proporciona una experiencia de usuario fluida y agradable:<\/p>\n<ul>\n<li>P\u00e1gina de inicio: Dise\u00f1o sencillo con un gran bot\u00f3n \"Iniciar chat\" y directrices de la comunidad.<\/li>\n<li>Interfaz de chat de v\u00eddeo: Ventanas de v\u00eddeo n\u00edtidas con controles intuitivos de salto y silencio<\/li>\n<li>Optimizaci\u00f3n para m\u00f3viles: Se ejecuta r\u00e1pidamente en tel\u00e9fonos, con dise\u00f1o responsivo para todos los tama\u00f1os de pantalla.<\/li>\n<li>Rendimiento: Retraso m\u00ednimo, tiempos de carga r\u00e1pidos y transiciones fluidas entre chats.<\/li>\n<\/ul>\n<p>En comparaci\u00f3n con los antiguos y toscos sitios de chat aleatorios, AirTALK se siente ligero, moderno y pulido.<\/p>\n<h2>AirTALK frente a otras plataformas de chat aleatorias<\/h2>\n<p>\u00bfC\u00f3mo se compara AirTALK con otras alternativas Omegle?<\/p>\n<table>\n<thead>\n<tr>\n<th>Caracter\u00edstica<\/th>\n<th>AirTALK<\/th>\n<th>Omegle (cerrado)<\/th>\n<th>Ohmegle<\/th>\n<th>Lotta<\/th>\n<th>MatchPub<\/th>\n<th><a href=\"https:\/\/strangercam.com\/es\/ometv\/\">OmeTV<\/a><\/th>\n<th>Chato<\/th>\n<\/tr>\n<\/thead>\n<tbody>\n<tr>\n<td>Videochat<\/td>\n<td>S\u00ed<\/td>\n<td>S\u00ed<\/td>\n<td>S\u00ed<\/td>\n<td>S\u00ed<\/td>\n<td>S\u00ed<\/td>\n<td>S\u00ed<\/td>\n<td>S\u00ed<\/td>\n<\/tr>\n<tr>\n<td>Chat de texto<\/td>\n<td>S\u00ed<\/td>\n<td>S\u00ed<\/td>\n<td>S\u00ed<\/td>\n<td>S\u00ed<\/td>\n<td>S\u00ed<\/td>\n<td>S\u00ed<\/td>\n<td>S\u00ed<\/td>\n<\/tr>\n<tr>\n<td>Inscripci\u00f3n necesaria<\/td>\n<td>No<\/td>\n<td>No<\/td>\n<td>No<\/td>\n<td>No<\/td>\n<td>No<\/td>\n<td>No<\/td>\n<td>No<\/td>\n<\/tr>\n<tr>\n<td>Asistencia m\u00f3vil<\/td>\n<td>Excelente<\/td>\n<td>Pobre<\/td>\n<td>Excelente<\/td>\n<td>Excelente<\/td>\n<td>Excelente<\/td>\n<td>Bien<\/td>\n<td>Excelente<\/td>\n<\/tr>\n<tr>\n<td>Filtros de g\u00e9nero\/regi\u00f3n<\/td>\n<td>No<\/td>\n<td>No<\/td>\n<td>No<\/td>\n<td>No<\/td>\n<td>No<\/td>\n<td>Pagado<\/td>\n<td>No<\/td>\n<\/tr>\n<tr>\n<td>Herramientas de moderaci\u00f3n<\/td>\n<td>Fuerte<\/td>\n<td>D\u00e9bil<\/td>\n<td>Moderado<\/td>\n<td>Bien<\/td>\n<td>Bien<\/td>\n<td>Fuerte<\/td>\n<td>Bien<\/td>\n<\/tr>\n<tr>\n<td>Uso gratuito<\/td>\n<td>S\u00ed<\/td>\n<td>S\u00ed<\/td>\n<td>S\u00ed<\/td>\n<td>S\u00ed<\/td>\n<td>S\u00ed<\/td>\n<td>S\u00ed\/Pagado<\/td>\n<td>S\u00ed<\/td>\n<\/tr>\n<\/tbody>\n<\/table>\n<p>Resumen: AirTALK es lo m\u00e1s parecido a Lotta, MatchPub y Chato: r\u00e1pido, sencillo, gratuito y an\u00f3nimo. A diferencia de OmeTV, no ofrece filtros premium, pero su dise\u00f1o limpio y el soporte m\u00f3vil sin problemas lo hacen destacar.<\/p>\n<h2>Ventajas e inconvenientes<\/h2>\n<p>Pros:<\/p>\n<ul>\n<li>Gratuito y an\u00f3nimo, sin necesidad de registrarse<\/li>\n<li>Conexiones de v\u00eddeo y chat de texto r\u00e1pidas y fluidas<\/li>\n<li>Interfaz ligera y moderna<\/li>\n<li>Dise\u00f1o optimizado para m\u00f3viles<\/li>\n<li>Base de usuarios global y diversa<\/li>\n<li>Funciones eficaces de salto e informe<\/li>\n<\/ul>\n<p>Contras:<\/p>\n<ul>\n<li>Sin filtros de g\u00e9nero o ubicaci\u00f3n<\/li>\n<li>Exposici\u00f3n ocasional a conductas inapropiadas (com\u00fan a todos los sitios de chat an\u00f3nimos)<\/li>\n<li>M\u00e1s usuarios masculinos que femeninos<\/li>\n<li>Sin perfiles de usuario, listas de amigos ni posibilidad de volver a conectar con antiguos usuarios.<\/li>\n<li>Su comunidad sigue creciendo en comparaci\u00f3n con otras alternativas m\u00e1s grandes<\/li>\n<\/ul>\n<h2>Casos de uso ideales<\/h2>\n<p>AirTALK es perfecto para:<\/p>\n<ul>\n<li>Fans de Omegle y Chatroulette en busca de un sustituto moderno<\/li>\n<li>Personas que buscan conversaciones r\u00e1pidas y an\u00f3nimas sin registrarse<\/li>\n<li>Estudiantes y viajeros que disfrutan del intercambio cultural<\/li>\n<li>Estudiantes de idiomas que practican con personas reales de todo el mundo<\/li>\n<li>Los usuarios que prefieren los dispositivos m\u00f3viles quieren un chat de v\u00eddeo fluido y sobre la marcha<\/li>\n<\/ul>\n<p>Menos ideal para:<\/p>\n<ul>\n<li>Usuarios menores de 18 a\u00f1os (s\u00f3lo adultos)<\/li>\n<li>Los que buscan filtros de citas o coincidencias seleccionadas<\/li>\n<li>Personas que desean conexiones a largo plazo o listas de amigos<\/li>\n<\/ul>\n<p>AirTALK es una de las nuevas alternativas Omegle m\u00e1s prometedoras de 2025. Ofrece chats de v\u00eddeo uno a uno r\u00e1pidos, an\u00f3nimos y gratuitos en un paquete limpio y apto para m\u00f3viles. Con s\u00f3lidas protecciones de la privacidad y herramientas de informaci\u00f3n f\u00e1ciles de usar, parece m\u00e1s segura y pulida que muchas plataformas antiguas.<\/p>\n<p>Si buscas una forma moderna y fiable de chatear con desconocidos de todo el mundo, ya sea para divertirte, practicar idiomas o mantener una conversaci\u00f3n informal, merece la pena que pruebes AirTALK.<\/p>","protected":false},"excerpt":{"rendered":"<p>The demand for fast, anonymous, and spontaneous video chat platforms has grown rapidly since Omegle\u2019s shutdown. New apps and websites are racing to become the next big destination for random conversations. AirTALK is one of the fresh names in this space\u2014offering instant one-on-one video chat with strangers, combined with a lightweight, mobile-friendly design that makes [&hellip;]<\/p>\n","protected":false},"author":6,"featured_media":0,"parent":0,"menu_order":0,"comment_status":"closed","ping_status":"closed","template":"","meta":{"footnotes":""},"class_list":["post-13024","page","type-page","status-publish","hentry"],"yoast_head":"<!-- This site is optimized with the Yoast SEO plugin v27.4 - https:\/\/yoast.com\/product\/yoast-seo-wordpress\/ -->\n<title>AirTALK - Voice Call with Strangers - StrangerCam.com<\/title>\n<meta name=\"description\" content=\"Like AirTALK? Come chat with more than 5.000.000 strangers on Strangercam for Free! Turn on your cam and find new friends &amp; maby a match!\" \/>\n<meta name=\"robots\" content=\"index, follow, max-snippet:-1, max-image-preview:large, max-video-preview:-1\" \/>\n<link rel=\"canonical\" href=\"https:\/\/strangercam.com\/es\/airtalk\/\" \/>\n<meta property=\"og:locale\" content=\"es_ES\" \/>\n<meta property=\"og:type\" content=\"article\" \/>\n<meta property=\"og:title\" content=\"AirTALK - Voice Call with Strangers - StrangerCam.com\" \/>\n<meta property=\"og:description\" content=\"Like AirTALK? Come chat with more than 5.000.000 strangers on Strangercam for Free! Turn on your cam and find new friends &amp; maby a match!\" \/>\n<meta property=\"og:url\" content=\"https:\/\/strangercam.com\/es\/airtalk\/\" \/>\n<meta property=\"og:site_name\" content=\"Strangercam\" \/>\n<meta property=\"article:publisher\" content=\"https:\/\/www.facebook.com\/strangercam\" \/>\n<meta property=\"article:modified_time\" content=\"2025-09-10T09:58:57+00:00\" \/>\n<meta property=\"og:image\" content=\"https:\/\/strangercam.com\/wp-content\/uploads\/2021\/10\/Untitled-2.png\" \/>\n\t<meta property=\"og:image:width\" content=\"800\" \/>\n\t<meta property=\"og:image:height\" content=\"532\" \/>\n\t<meta property=\"og:image:type\" content=\"image\/png\" \/>\n<meta name=\"twitter:card\" content=\"summary_large_image\" \/>\n<meta name=\"twitter:site\" content=\"@strangercamapp\" \/>\n<meta name=\"twitter:label1\" content=\"Tiempo de lectura\" \/>\n\t<meta name=\"twitter:data1\" content=\"5 minutos\" \/>\n<script type=\"application\/ld+json\" class=\"yoast-schema-graph\">{\"@context\":\"https:\\\/\\\/schema.org\",\"@graph\":[{\"@type\":\"WebPage\",\"@id\":\"https:\\\/\\\/strangercam.com\\\/airtalk\\\/\",\"url\":\"https:\\\/\\\/strangercam.com\\\/airtalk\\\/\",\"name\":\"AirTALK - Voice Call with Strangers - StrangerCam.com\",\"isPartOf\":{\"@id\":\"https:\\\/\\\/strangercam.com\\\/#website\"},\"datePublished\":\"2025-09-10T09:58:44+00:00\",\"dateModified\":\"2025-09-10T09:58:57+00:00\",\"description\":\"Like AirTALK? Come chat with more than 5.000.000 strangers on Strangercam for Free! Turn on your cam and find new friends & maby a match!\",\"breadcrumb\":{\"@id\":\"https:\\\/\\\/strangercam.com\\\/airtalk\\\/#breadcrumb\"},\"inLanguage\":\"es\",\"potentialAction\":[{\"@type\":\"ReadAction\",\"target\":[\"https:\\\/\\\/strangercam.com\\\/airtalk\\\/\"]}]},{\"@type\":\"BreadcrumbList\",\"@id\":\"https:\\\/\\\/strangercam.com\\\/airtalk\\\/#breadcrumb\",\"itemListElement\":[{\"@type\":\"ListItem\",\"position\":1,\"name\":\"Home\",\"item\":\"https:\\\/\\\/strangercam.com\\\/\"},{\"@type\":\"ListItem\",\"position\":2,\"name\":\"AirTALK\"}]},{\"@type\":\"WebSite\",\"@id\":\"https:\\\/\\\/strangercam.com\\\/#website\",\"url\":\"https:\\\/\\\/strangercam.com\\\/\",\"name\":\"Strangercam\",\"description\":\"Random Video Chat with Strangers\",\"publisher\":{\"@id\":\"https:\\\/\\\/strangercam.com\\\/#organization\"},\"alternateName\":\"Strangercam.com\",\"potentialAction\":[{\"@type\":\"SearchAction\",\"target\":{\"@type\":\"EntryPoint\",\"urlTemplate\":\"https:\\\/\\\/strangercam.com\\\/?s={search_term_string}\"},\"query-input\":{\"@type\":\"PropertyValueSpecification\",\"valueRequired\":true,\"valueName\":\"search_term_string\"}}],\"inLanguage\":\"es\"},{\"@type\":\"Organization\",\"@id\":\"https:\\\/\\\/strangercam.com\\\/#organization\",\"name\":\"Strangercam\",\"alternateName\":\"Strangercam.com\",\"url\":\"https:\\\/\\\/strangercam.com\\\/\",\"logo\":{\"@type\":\"ImageObject\",\"inLanguage\":\"es\",\"@id\":\"https:\\\/\\\/strangercam.com\\\/#\\\/schema\\\/logo\\\/image\\\/\",\"url\":\"https:\\\/\\\/strangercam.com\\\/wp-content\\\/uploads\\\/2020\\\/11\\\/cropped-new-favicon-black.png\",\"contentUrl\":\"https:\\\/\\\/strangercam.com\\\/wp-content\\\/uploads\\\/2020\\\/11\\\/cropped-new-favicon-black.png\",\"width\":512,\"height\":512,\"caption\":\"Strangercam\"},\"image\":{\"@id\":\"https:\\\/\\\/strangercam.com\\\/#\\\/schema\\\/logo\\\/image\\\/\"},\"sameAs\":[\"https:\\\/\\\/www.facebook.com\\\/strangercam\",\"https:\\\/\\\/x.com\\\/strangercamapp\"]}]}<\/script>\n<!-- \/ Yoast SEO plugin. -->","yoast_head_json":{"title":"AirTALK - Llamada de voz con desconocidos - StrangerCam.com","description":"\u00bfTe gusta AirTALK? \u00a1Chatea gratis con m\u00e1s de 5.000.000 de desconocidos en Strangercam! \u00a1Enciende tu c\u00e1mara y encuentra nuevos amigos y tal vez una pareja!","robots":{"index":"index","follow":"follow","max-snippet":"max-snippet:-1","max-image-preview":"max-image-preview:large","max-video-preview":"max-video-preview:-1"},"canonical":"https:\/\/strangercam.com\/es\/airtalk\/","og_locale":"es_ES","og_type":"article","og_title":"AirTALK - Voice Call with Strangers - StrangerCam.com","og_description":"Like AirTALK? Come chat with more than 5.000.000 strangers on Strangercam for Free! Turn on your cam and find new friends & maby a match!","og_url":"https:\/\/strangercam.com\/es\/airtalk\/","og_site_name":"Strangercam","article_publisher":"https:\/\/www.facebook.com\/strangercam","article_modified_time":"2025-09-10T09:58:57+00:00","og_image":[{"width":800,"height":532,"url":"https:\/\/strangercam.com\/wp-content\/uploads\/2021\/10\/Untitled-2.png","type":"image\/png"}],"twitter_card":"summary_large_image","twitter_site":"@strangercamapp","twitter_misc":{"Tiempo de lectura":"5 minutos"},"schema":{"@context":"https:\/\/schema.org","@graph":[{"@type":"WebPage","@id":"https:\/\/strangercam.com\/airtalk\/","url":"https:\/\/strangercam.com\/airtalk\/","name":"AirTALK - Llamada de voz con desconocidos - StrangerCam.com","isPartOf":{"@id":"https:\/\/strangercam.com\/#website"},"datePublished":"2025-09-10T09:58:44+00:00","dateModified":"2025-09-10T09:58:57+00:00","description":"\u00bfTe gusta AirTALK? \u00a1Chatea gratis con m\u00e1s de 5.000.000 de desconocidos en Strangercam! \u00a1Enciende tu c\u00e1mara y encuentra nuevos amigos y tal vez una pareja!","breadcrumb":{"@id":"https:\/\/strangercam.com\/airtalk\/#breadcrumb"},"inLanguage":"es","potentialAction":[{"@type":"ReadAction","target":["https:\/\/strangercam.com\/airtalk\/"]}]},{"@type":"BreadcrumbList","@id":"https:\/\/strangercam.com\/airtalk\/#breadcrumb","itemListElement":[{"@type":"ListItem","position":1,"name":"Home","item":"https:\/\/strangercam.com\/"},{"@type":"ListItem","position":2,"name":"AirTALK"}]},{"@type":"WebSite","@id":"https:\/\/strangercam.com\/#website","url":"https:\/\/strangercam.com\/","name":"Strangercam","description":"Videochat aleatorio con desconocidos","publisher":{"@id":"https:\/\/strangercam.com\/#organization"},"alternateName":"Strangercam.com","potentialAction":[{"@type":"SearchAction","target":{"@type":"EntryPoint","urlTemplate":"https:\/\/strangercam.com\/?s={search_term_string}"},"query-input":{"@type":"PropertyValueSpecification","valueRequired":true,"valueName":"search_term_string"}}],"inLanguage":"es"},{"@type":"Organization","@id":"https:\/\/strangercam.com\/#organization","name":"Strangercam","alternateName":"Strangercam.com","url":"https:\/\/strangercam.com\/","logo":{"@type":"ImageObject","inLanguage":"es","@id":"https:\/\/strangercam.com\/#\/schema\/logo\/image\/","url":"https:\/\/strangercam.com\/wp-content\/uploads\/2020\/11\/cropped-new-favicon-black.png","contentUrl":"https:\/\/strangercam.com\/wp-content\/uploads\/2020\/11\/cropped-new-favicon-black.png","width":512,"height":512,"caption":"Strangercam"},"image":{"@id":"https:\/\/strangercam.com\/#\/schema\/logo\/image\/"},"sameAs":["https:\/\/www.facebook.com\/strangercam","https:\/\/x.com\/strangercamapp"]}]}},"_links":{"self":[{"href":"https:\/\/strangercam.com\/es\/wp-json\/wp\/v2\/pages\/13024","targetHints":{"allow":["GET"]}}],"collection":[{"href":"https:\/\/strangercam.com\/es\/wp-json\/wp\/v2\/pages"}],"about":[{"href":"https:\/\/strangercam.com\/es\/wp-json\/wp\/v2\/types\/page"}],"author":[{"embeddable":true,"href":"https:\/\/strangercam.com\/es\/wp-json\/wp\/v2\/users\/6"}],"replies":[{"embeddable":true,"href":"https:\/\/strangercam.com\/es\/wp-json\/wp\/v2\/comments?post=13024"}],"version-history":[{"count":1,"href":"https:\/\/strangercam.com\/es\/wp-json\/wp\/v2\/pages\/13024\/revisions"}],"predecessor-version":[{"id":13025,"href":"https:\/\/strangercam.com\/es\/wp-json\/wp\/v2\/pages\/13024\/revisions\/13025"}],"wp:attachment":[{"href":"https:\/\/strangercam.com\/es\/wp-json\/wp\/v2\/media?parent=13024"}],"curies":[{"name":"wp","href":"https:\/\/api.w.org\/{rel}","templated":true}]}}