{"id":13022,"date":"2025-09-10T11:55:23","date_gmt":"2025-09-10T09:55:23","guid":{"rendered":"https:\/\/strangercam.com\/?page_id=13022"},"modified":"2025-09-10T11:55:34","modified_gmt":"2025-09-10T09:55:34","slug":"buzzcast","status":"publish","type":"page","link":"https:\/\/strangercam.com\/es\/buzzcast\/","title":{"rendered":"Buzzcast"},"content":{"rendered":"<p>La l\u00ednea entre el v\u00eddeo aleatorio <a href=\"https:\/\/strangercam.com\/es\/chatroulette\/\">chat<\/a>, La relaci\u00f3n entre la transmisi\u00f3n en directo y las redes sociales es cada vez m\u00e1s difusa. BuzzCast es un buen ejemplo de esta tendencia: una plataforma social de v\u00eddeo en la que los usuarios pueden retransmitir en directo, descubrir nuevos amigos, participar en chats de v\u00eddeo aleatorios e interactuar a trav\u00e9s de regalos y comunidades. BuzzCast, que naci\u00f3 como una aplicaci\u00f3n de retransmisi\u00f3n en directo, se ha convertido en una plataforma de descubrimiento social con millones de usuarios en todo el mundo.<\/p>\n<p>Pero, \u00bfmerece la pena dedicar tiempo a BuzzCast en 2025? \u00bfC\u00f3mo se compara con otras aplicaciones como Bigo Live, Azar o Monkey? En este an\u00e1lisis detallado, exploraremos qu\u00e9 ofrece BuzzCast, a qui\u00e9n va dirigido y si realmente destaca en el siempre abarrotado mercado del chat social.<\/p>\n<h2>\u00bfQu\u00e9 es BuzzCast?<\/h2>\n<p>BuzzCast es una aplicaci\u00f3n m\u00f3vil de streaming en directo y chat de v\u00eddeo disponible en iOS y Android. La plataforma combina elementos de streaming al estilo Twitch, v\u00eddeos cortos al estilo TikTok y chat aleatorio al estilo Omegle. Los usuarios pueden:<\/p>\n<ul>\n<li>Realice retransmisiones en directo e interact\u00fae con los espectadores en tiempo real.<\/li>\n<li>Vea y participe en retransmisiones en directo de todo el mundo<\/li>\n<li>Join videochats aleatorios uno a uno con <a href=\"https:\/\/strangercam.com\/es\/coomeet\/\">conozca<\/a> gente nueva<\/li>\n<li>Env\u00eda y recibe regalos virtuales para apoyar a los streamers o hacer m\u00e1s atractivas las conversaciones<\/li>\n<\/ul>\n<p>La aplicaci\u00f3n se presenta como una red de descubrimiento social, no s\u00f3lo como una herramienta de comunicaci\u00f3n. Anima a la gente a mostrar sus talentos, personalidades y estilos de vida a trav\u00e9s de v\u00eddeos en directo.<\/p>\n<h2>\u00bfCu\u00e1l es el objetivo de BuzzCast?<\/h2>\n<p>La misi\u00f3n de BuzzCast es crear un escenario global para la interacci\u00f3n, la creatividad y la conexi\u00f3n. Tiende un puente entre el entretenimiento social y la comunicaci\u00f3n:<\/p>\n<ul>\n<li>Dar a cualquiera las herramientas para transmitirse a una audiencia mundial<\/li>\n<li>Permitir a los usuarios conectarse aleatoriamente con desconocidos para chatear espont\u00e1neamente.<\/li>\n<li>Crear un sistema de monetizaci\u00f3n en el que los streamers puedan obtener ingresos a trav\u00e9s de regalos<\/li>\n<li>Ofrecer una alternativa m\u00e1s interactiva y personal a TikTok o Instagram<\/li>\n<\/ul>\n<p>Es una aplicaci\u00f3n dise\u00f1ada tanto para creadores de contenidos como para exploradores sociales, es decir, para aquellos que quieren ver y participar.<\/p>\n<h2>Caracter\u00edsticas principales<\/h2>\n<p>1. Retransmisi\u00f3n en directo<br \/>\nEl coraz\u00f3n de BuzzCast es su funci\u00f3n de retransmisi\u00f3n en directo. Los usuarios pueden retransmitirse a s\u00ed mismos, actuar, chatear o simplemente compartir su vida cotidiana, mientras que los espectadores pueden comentar y enviar regalos.<\/p>\n<p>2. Videochat individual aleatorio<br \/>\nPara los que prefieren las conversaciones espont\u00e1neas, BuzzCast incluye un modo de videochat aleatorio similar a <a href=\"https:\/\/strangercam.com\/es\/omegle\/\">Omegle<\/a> o Azar. Con un solo clic, te emparejar\u00e1s con alguien nuevo para una charla privada c\u00e1mara a c\u00e1mara.<\/p>\n<p>3. Regalos y monedas virtuales<br \/>\nBuzzCast utiliza un sistema de monedas virtuales. Los espectadores pueden comprar monedas y utilizarlas para enviar regalos (como emojis, animaciones u objetos virtuales) a los streamers. Los streamers m\u00e1s populares pueden convertirlos en ganancias reales.<\/p>\n<p>4. Perfiles sociales<br \/>\nCada usuario tiene un perfil con fotos, v\u00eddeos e informaci\u00f3n personal. Esto hace que BuzzCast sea m\u00e1s parecido a un h\u00edbrido entre una aplicaci\u00f3n de citas y una plataforma de retransmisi\u00f3n en directo, ya que se puede seguir, enviar mensajes e interactuar m\u00e1s all\u00e1 de los chats en directo.<\/p>\n<p>5. V\u00eddeos cortos y clips<br \/>\nAdem\u00e1s de la retransmisi\u00f3n en directo, BuzzCast permite subir clips cortos, de forma similar a TikTok, lo que facilita a los usuarios llamar la atenci\u00f3n y aumentar su n\u00famero de seguidores.<\/p>\n<p>6. Integraci\u00f3n de chat de texto<br \/>\nAdem\u00e1s de v\u00eddeo, los usuarios pueden enviar mensajes de texto, emojis y pegatinas para animar las conversaciones.<\/p>\n<p>7. Alcance mundial<br \/>\nBuzzCast conecta a usuarios de todo el mundo. Gracias a los emojis, el v\u00eddeo y las herramientas de traducci\u00f3n en directo, las barreras ling\u00fc\u00edsticas se eliminan. <a href=\"https:\/\/strangercam.com\/es\/chathub\/\">cubo<\/a>.<\/p>\n<h2>\u00bfEs gratuito BuzzCast?<\/h2>\n<p>S\u00ed, la descarga y el uso de BuzzCast son gratuitos. Puedes ver streams, unirte a chats e interactuar sin pagar.<\/p>\n<p>Sin embargo, el sistema de monetizaci\u00f3n de la aplicaci\u00f3n se basa en las compras dentro de la aplicaci\u00f3n:<\/p>\n<ul>\n<li>Comprar monedas para enviar regalos virtuales<\/li>\n<li>Desbloqueo de algunas funciones de chat premium<\/li>\n<li>Aumentar la visibilidad del perfil<\/li>\n<\/ul>\n<p>Los streamers se benefician de estas compras obteniendo ingresos reales, lo que crea una econom\u00eda viva dentro de la aplicaci\u00f3n.<\/p>\n<h2>\u00bfQui\u00e9n utiliza BuzzCast?<\/h2>\n<p>La audiencia de BuzzCast es diversa, pero tiende hacia los usuarios m\u00e1s j\u00f3venes y socialmente activos:<\/p>\n<ul>\n<li>Edades: Principalmente de 18 a 30 a\u00f1os, aunque participan adultos de todas las edades.<\/li>\n<li>Alcance mundial: Popular en Asia, Oriente Pr\u00f3ximo, Norteam\u00e9rica y parte de Europa.<\/li>\n<li>Base de usuarios:\n<ul>\n<li>Espectadores: Personas que buscan entretenimiento, m\u00fasica, estilo de vida o flujos sociales.<\/li>\n<li>Creadores: Streamers que comparten talentos, chatean o crean comunidades.<\/li>\n<li>Exploradores sociales: Usuarios que quieren charlas individuales o conversaciones globales casuales.<\/li>\n<\/ul>\n<\/li>\n<\/ul>\n<p>BuzzCast atrae a quienes disfrutan de la creatividad de TikTok, la espontaneidad de Omegle y la cultura interactiva en directo de Bigo Live, todo en una sola aplicaci\u00f3n.<\/p>\n<h2>Seguridad, privacidad y moderaci\u00f3n<\/h2>\n<p>BuzzCast incorpora varias medidas para mantener la plataforma segura y amigable:<\/p>\n<h3>Privacidad<\/h3>\n<ul>\n<li>Las cuentas requieren un registro b\u00e1sico (correo electr\u00f3nico, tel\u00e9fono o login social)<\/li>\n<li>Los usuarios pueden controlar lo que se muestra en su perfil<\/li>\n<li>Las conversaciones privadas no se muestran p\u00fablicamente<\/li>\n<\/ul>\n<h3>Moderaci\u00f3n<\/h3>\n<ul>\n<li>Las herramientas de IA detectan desnudos, lenguaje ofensivo y spam<\/li>\n<li>Las funciones de notificaci\u00f3n permiten a los usuarios se\u00f1alar comportamientos inadecuados<\/li>\n<li>Los moderadores revisan los contenidos marcados y aplican las prohibiciones.<\/li>\n<\/ul>\n<h3>Consejos de seguridad<\/h3>\n<ul>\n<li>No compartas informaci\u00f3n personal sensible durante las retransmisiones en directo o los chats<\/li>\n<li>Utiliza las herramientas de bloqueo\/denuncia si alguien es abusivo o inapropiado<\/li>\n<li>Recuerda que los regalos implican dinero real: g\u00e1stalo de forma responsable.<\/li>\n<\/ul>\n<h2>Experiencia de usuario y dise\u00f1o<\/h2>\n<p>BuzzCast ofrece un dise\u00f1o luminoso, moderno y orientado al entretenimiento:<\/p>\n<ul>\n<li>P\u00e1gina de inicio: Presenta los streams m\u00e1s vistos, los creadores recomendados y un acceso r\u00e1pido al chat de v\u00eddeo.<\/li>\n<li>Interfaz de streaming: Gran ventana de v\u00eddeo con comentarios en directo y una barra de gifting para facilitar la interacci\u00f3n.<\/li>\n<li>Interfaz de chat: Controles sencillos para iniciar, saltar o informar de una conversaci\u00f3n.<\/li>\n<li>Rendimiento: Streaming y chat de v\u00eddeo fluidos tanto en Wi-Fi como en datos m\u00f3viles, con un retraso m\u00ednimo.<\/li>\n<li>Mobile-first: Optimizado para iOS y Android, con actualizaciones frecuentes y correcci\u00f3n de errores.<\/li>\n<\/ul>\n<p>La aplicaci\u00f3n combina la est\u00e9tica de las redes sociales con funciones de entretenimiento, lo que la hace atractiva sin resultar abrumadora.<\/p>\n<h2>BuzzCast frente a otras plataformas<\/h2>\n<p>\u00bfC\u00f3mo se compara BuzzCast con otras aplicaciones de chat aleatorio y transmisi\u00f3n en directo?<\/p>\n<table>\n<thead>\n<tr>\n<th>Caracter\u00edstica<\/th>\n<th>BuzzCast<\/th>\n<th>Bigo en directo<\/th>\n<th>Azar<\/th>\n<th>Mono<\/th>\n<th>TikTok<\/th>\n<\/tr>\n<\/thead>\n<tbody>\n<tr>\n<td>Retransmisi\u00f3n en directo<\/td>\n<td>S\u00ed<\/td>\n<td>S\u00ed<\/td>\n<td>No<\/td>\n<td>No<\/td>\n<td>S\u00ed<\/td>\n<\/tr>\n<tr>\n<td>Random Video Chat con Desconocidos<\/td>\n<td>S\u00ed<\/td>\n<td>No<\/td>\n<td>S\u00ed<\/td>\n<td>S\u00ed<\/td>\n<td>No<\/td>\n<\/tr>\n<tr>\n<td>Sistema de regalos virtuales<\/td>\n<td>S\u00ed<\/td>\n<td>S\u00ed<\/td>\n<td>S\u00ed<\/td>\n<td>Limitado<\/td>\n<td>S\u00ed<\/td>\n<\/tr>\n<tr>\n<td>Contenidos de v\u00eddeo breves<\/td>\n<td>S\u00ed<\/td>\n<td>No<\/td>\n<td>No<\/td>\n<td>No<\/td>\n<td>S\u00ed<\/td>\n<\/tr>\n<tr>\n<td>Perfiles sociales<\/td>\n<td>S\u00ed<\/td>\n<td>S\u00ed<\/td>\n<td>S\u00ed<\/td>\n<td>S\u00ed<\/td>\n<td>S\u00ed<\/td>\n<\/tr>\n<tr>\n<td>Uso gratuito<\/td>\n<td>S\u00ed<\/td>\n<td>S\u00ed<\/td>\n<td>S\u00ed<\/td>\n<td>S\u00ed<\/td>\n<td>S\u00ed<\/td>\n<\/tr>\n<tr>\n<td>Monetizaci\u00f3n para creadores<\/td>\n<td>S\u00ed<\/td>\n<td>S\u00ed<\/td>\n<td>S\u00ed<\/td>\n<td>Limitado<\/td>\n<td>S\u00ed<\/td>\n<\/tr>\n<\/tbody>\n<\/table>\n<p>Resumen: BuzzCast es una plataforma h\u00edbrida que combina caracter\u00edsticas de Bigo Live y Azar con elementos de TikTok. Esta mezcla la hace m\u00e1s vers\u00e1til que las aplicaciones de un solo prop\u00f3sito.<\/p>\n<h2>Ventajas e inconvenientes<\/h2>\n<p>Pros:<\/p>\n<ul>\n<li>Uso gratuito con millones de usuarios en todo el mundo<\/li>\n<li>Combina retransmisiones en directo, v\u00eddeos cortos y chat aleatorio en una sola plataforma<\/li>\n<li>El regalo virtual permite a los creadores ganar dinero<\/li>\n<li>Compatibilidad m\u00f3vil y rendimiento fluido<\/li>\n<li>Gran alcance comunitario e internacional<\/li>\n<li>Dise\u00f1o divertido e interactivo con pegatinas, emojis y herramientas sociales<\/li>\n<\/ul>\n<p>Contras:<\/p>\n<ul>\n<li>Gran \u00e9nfasis en las compras dentro de la aplicaci\u00f3n para regalar y potenciar.<\/li>\n<li>Algunos contenidos pueden pasar desapercibidos<\/li>\n<li>M\u00e1s centrado en el entretenimiento que en el chat puramente an\u00f3nimo<\/li>\n<li>Puede ser adictivo debido a la gamificaci\u00f3n y la monetizaci\u00f3n<\/li>\n<li>Requiere registro (no es totalmente an\u00f3nimo como las alternativas Omegle)<\/li>\n<\/ul>\n<h2>Casos de uso ideales<\/h2>\n<p>BuzzCast es perfecto para:<\/p>\n<ul>\n<li>Aspirantes a creadores de contenidos que quieren transmitir y ganar a trav\u00e9s de regalos<\/li>\n<li>Espectadores que buscan entretenimiento en directo e interacci\u00f3n social<\/li>\n<li>Adultos que buscan una mezcla de chats aleatorios y redes sociales estructuradas<\/li>\n<li>Fans de TikTok o Bigo Live que quieren una plataforma m\u00e1s interactiva<\/li>\n<\/ul>\n<p>Menos ideal para:<\/p>\n<ul>\n<li>Usuarios que buscan un videochat puramente an\u00f3nimo (como Omegle o Lotta)<\/li>\n<li>A los que no les gustan las compras in-app o las econom\u00edas de regalos virtuales<\/li>\n<li>Personas que buscan herramientas de comunicaci\u00f3n profesional<\/li>\n<\/ul>\n<p>BuzzCast es una de las plataformas sociales m\u00e1s vers\u00e1tiles de 2025, que fusiona la transmisi\u00f3n en directo, el chat de v\u00eddeo aleatorio y el v\u00eddeo de corta duraci\u00f3n en una sola aplicaci\u00f3n. Su mezcla de entretenimiento e interacci\u00f3n la distingue de las aplicaciones de prop\u00f3sito \u00fanico, mientras que su modelo de monetizaci\u00f3n garantiza la participaci\u00f3n de los creadores.<\/p>\n<p>Si quieres una aplicaci\u00f3n que combine la espontaneidad de Omegle, la diversi\u00f3n de Monkey y la creatividad de TikTok, merece la pena probar BuzzCast. Tanto si eres un streamer, un espectador o simplemente tienes curiosidad por conocer gente de todo el mundo, BuzzCast te ofrece una experiencia social viva y moderna.<\/p>","protected":false},"excerpt":{"rendered":"<p>The line between random video chat, live streaming, and social networking is becoming increasingly blurred. BuzzCast is a prime example of this trend\u2014a social video platform where users can livestream, discover new friends, join random video chats, and interact through gifts and communities. Originally launched as a live streaming app, BuzzCast has grown into a [&hellip;]<\/p>\n","protected":false},"author":6,"featured_media":0,"parent":0,"menu_order":0,"comment_status":"closed","ping_status":"closed","template":"","meta":{"footnotes":""},"class_list":["post-13022","page","type-page","status-publish","hentry"],"yoast_head":"<!-- This site is optimized with the Yoast SEO plugin v26.9 - https:\/\/yoast.com\/product\/yoast-seo-wordpress\/ -->\n<title>Buzzcast - Live Stream, Live Video Chat - StrangerCam.com<\/title>\n<meta name=\"description\" content=\"Like Buzzcast? Come chat with more than 5.000.000 strangers on Strangercam for Free! Turn on your cam and find new friends &amp; maby a match!\" \/>\n<meta name=\"robots\" content=\"index, follow, max-snippet:-1, max-image-preview:large, max-video-preview:-1\" \/>\n<link rel=\"canonical\" href=\"https:\/\/strangercam.com\/es\/buzzcast\/\" \/>\n<meta property=\"og:locale\" content=\"es_ES\" \/>\n<meta property=\"og:type\" content=\"article\" \/>\n<meta property=\"og:title\" content=\"Buzzcast - Live Stream, Live Video Chat - StrangerCam.com\" \/>\n<meta property=\"og:description\" content=\"Like Buzzcast? Come chat with more than 5.000.000 strangers on Strangercam for Free! Turn on your cam and find new friends &amp; maby a match!\" \/>\n<meta property=\"og:url\" content=\"https:\/\/strangercam.com\/es\/buzzcast\/\" \/>\n<meta property=\"og:site_name\" content=\"Strangercam\" \/>\n<meta property=\"article:publisher\" content=\"https:\/\/www.facebook.com\/strangercam\" \/>\n<meta property=\"article:modified_time\" content=\"2025-09-10T09:55:34+00:00\" \/>\n<meta property=\"og:image\" content=\"https:\/\/strangercam.com\/wp-content\/uploads\/2021\/10\/Untitled-2.png\" \/>\n\t<meta property=\"og:image:width\" content=\"800\" \/>\n\t<meta property=\"og:image:height\" content=\"532\" \/>\n\t<meta property=\"og:image:type\" content=\"image\/png\" \/>\n<meta name=\"twitter:card\" content=\"summary_large_image\" \/>\n<meta name=\"twitter:site\" content=\"@strangercamapp\" \/>\n<meta name=\"twitter:label1\" content=\"Tiempo de lectura\" \/>\n\t<meta name=\"twitter:data1\" content=\"6 minutos\" \/>\n<script type=\"application\/ld+json\" class=\"yoast-schema-graph\">{\"@context\":\"https:\/\/schema.org\",\"@graph\":[{\"@type\":\"WebPage\",\"@id\":\"https:\/\/strangercam.com\/buzzcast\/\",\"url\":\"https:\/\/strangercam.com\/buzzcast\/\",\"name\":\"Buzzcast - Live Stream, Live Video Chat - StrangerCam.com\",\"isPartOf\":{\"@id\":\"https:\/\/strangercam.com\/#website\"},\"datePublished\":\"2025-09-10T09:55:23+00:00\",\"dateModified\":\"2025-09-10T09:55:34+00:00\",\"description\":\"Like Buzzcast? Come chat with more than 5.000.000 strangers on Strangercam for Free! Turn on your cam and find new friends & maby a match!\",\"breadcrumb\":{\"@id\":\"https:\/\/strangercam.com\/buzzcast\/#breadcrumb\"},\"inLanguage\":\"es\",\"potentialAction\":[{\"@type\":\"ReadAction\",\"target\":[\"https:\/\/strangercam.com\/buzzcast\/\"]}]},{\"@type\":\"BreadcrumbList\",\"@id\":\"https:\/\/strangercam.com\/buzzcast\/#breadcrumb\",\"itemListElement\":[{\"@type\":\"ListItem\",\"position\":1,\"name\":\"Home\",\"item\":\"https:\/\/strangercam.com\/\"},{\"@type\":\"ListItem\",\"position\":2,\"name\":\"Buzzcast\"}]},{\"@type\":\"WebSite\",\"@id\":\"https:\/\/strangercam.com\/#website\",\"url\":\"https:\/\/strangercam.com\/\",\"name\":\"Strangercam\",\"description\":\"Random Video Chat with Strangers\",\"publisher\":{\"@id\":\"https:\/\/strangercam.com\/#organization\"},\"alternateName\":\"Strangercam.com\",\"potentialAction\":[{\"@type\":\"SearchAction\",\"target\":{\"@type\":\"EntryPoint\",\"urlTemplate\":\"https:\/\/strangercam.com\/?s={search_term_string}\"},\"query-input\":{\"@type\":\"PropertyValueSpecification\",\"valueRequired\":true,\"valueName\":\"search_term_string\"}}],\"inLanguage\":\"es\"},{\"@type\":\"Organization\",\"@id\":\"https:\/\/strangercam.com\/#organization\",\"name\":\"Strangercam\",\"alternateName\":\"Strangercam.com\",\"url\":\"https:\/\/strangercam.com\/\",\"logo\":{\"@type\":\"ImageObject\",\"inLanguage\":\"es\",\"@id\":\"https:\/\/strangercam.com\/#\/schema\/logo\/image\/\",\"url\":\"https:\/\/strangercam.com\/wp-content\/uploads\/2020\/11\/cropped-new-favicon-black.png\",\"contentUrl\":\"https:\/\/strangercam.com\/wp-content\/uploads\/2020\/11\/cropped-new-favicon-black.png\",\"width\":512,\"height\":512,\"caption\":\"Strangercam\"},\"image\":{\"@id\":\"https:\/\/strangercam.com\/#\/schema\/logo\/image\/\"},\"sameAs\":[\"https:\/\/www.facebook.com\/strangercam\",\"https:\/\/x.com\/strangercamapp\"]}]}<\/script>\n<!-- \/ Yoast SEO plugin. -->","yoast_head_json":{"title":"Buzzcast - Transmisi\u00f3n en directo, chat de v\u00eddeo en directo - StrangerCam.com","description":"\u00bfTe gusta Buzzcast? \u00a1Ven a chatear gratis con m\u00e1s de 5.000.000 de desconocidos en Strangercam! Enciende tu c\u00e1mara y encuentra nuevos amigos y tal vez pareja.","robots":{"index":"index","follow":"follow","max-snippet":"max-snippet:-1","max-image-preview":"max-image-preview:large","max-video-preview":"max-video-preview:-1"},"canonical":"https:\/\/strangercam.com\/es\/buzzcast\/","og_locale":"es_ES","og_type":"article","og_title":"Buzzcast - Live Stream, Live Video Chat - StrangerCam.com","og_description":"Like Buzzcast? Come chat with more than 5.000.000 strangers on Strangercam for Free! Turn on your cam and find new friends & maby a match!","og_url":"https:\/\/strangercam.com\/es\/buzzcast\/","og_site_name":"Strangercam","article_publisher":"https:\/\/www.facebook.com\/strangercam","article_modified_time":"2025-09-10T09:55:34+00:00","og_image":[{"width":800,"height":532,"url":"https:\/\/strangercam.com\/wp-content\/uploads\/2021\/10\/Untitled-2.png","type":"image\/png"}],"twitter_card":"summary_large_image","twitter_site":"@strangercamapp","twitter_misc":{"Tiempo de lectura":"6 minutos"},"schema":{"@context":"https:\/\/schema.org","@graph":[{"@type":"WebPage","@id":"https:\/\/strangercam.com\/buzzcast\/","url":"https:\/\/strangercam.com\/buzzcast\/","name":"Buzzcast - Transmisi\u00f3n en directo, chat de v\u00eddeo en directo - StrangerCam.com","isPartOf":{"@id":"https:\/\/strangercam.com\/#website"},"datePublished":"2025-09-10T09:55:23+00:00","dateModified":"2025-09-10T09:55:34+00:00","description":"\u00bfTe gusta Buzzcast? \u00a1Ven a chatear gratis con m\u00e1s de 5.000.000 de desconocidos en Strangercam! Enciende tu c\u00e1mara y encuentra nuevos amigos y tal vez pareja.","breadcrumb":{"@id":"https:\/\/strangercam.com\/buzzcast\/#breadcrumb"},"inLanguage":"es","potentialAction":[{"@type":"ReadAction","target":["https:\/\/strangercam.com\/buzzcast\/"]}]},{"@type":"BreadcrumbList","@id":"https:\/\/strangercam.com\/buzzcast\/#breadcrumb","itemListElement":[{"@type":"ListItem","position":1,"name":"Home","item":"https:\/\/strangercam.com\/"},{"@type":"ListItem","position":2,"name":"Buzzcast"}]},{"@type":"WebSite","@id":"https:\/\/strangercam.com\/#website","url":"https:\/\/strangercam.com\/","name":"Strangercam","description":"Videochat aleatorio con desconocidos","publisher":{"@id":"https:\/\/strangercam.com\/#organization"},"alternateName":"Strangercam.com","potentialAction":[{"@type":"SearchAction","target":{"@type":"EntryPoint","urlTemplate":"https:\/\/strangercam.com\/?s={search_term_string}"},"query-input":{"@type":"PropertyValueSpecification","valueRequired":true,"valueName":"search_term_string"}}],"inLanguage":"es"},{"@type":"Organization","@id":"https:\/\/strangercam.com\/#organization","name":"Strangercam","alternateName":"Strangercam.com","url":"https:\/\/strangercam.com\/","logo":{"@type":"ImageObject","inLanguage":"es","@id":"https:\/\/strangercam.com\/#\/schema\/logo\/image\/","url":"https:\/\/strangercam.com\/wp-content\/uploads\/2020\/11\/cropped-new-favicon-black.png","contentUrl":"https:\/\/strangercam.com\/wp-content\/uploads\/2020\/11\/cropped-new-favicon-black.png","width":512,"height":512,"caption":"Strangercam"},"image":{"@id":"https:\/\/strangercam.com\/#\/schema\/logo\/image\/"},"sameAs":["https:\/\/www.facebook.com\/strangercam","https:\/\/x.com\/strangercamapp"]}]}},"_links":{"self":[{"href":"https:\/\/strangercam.com\/es\/wp-json\/wp\/v2\/pages\/13022","targetHints":{"allow":["GET"]}}],"collection":[{"href":"https:\/\/strangercam.com\/es\/wp-json\/wp\/v2\/pages"}],"about":[{"href":"https:\/\/strangercam.com\/es\/wp-json\/wp\/v2\/types\/page"}],"author":[{"embeddable":true,"href":"https:\/\/strangercam.com\/es\/wp-json\/wp\/v2\/users\/6"}],"replies":[{"embeddable":true,"href":"https:\/\/strangercam.com\/es\/wp-json\/wp\/v2\/comments?post=13022"}],"version-history":[{"count":1,"href":"https:\/\/strangercam.com\/es\/wp-json\/wp\/v2\/pages\/13022\/revisions"}],"predecessor-version":[{"id":13023,"href":"https:\/\/strangercam.com\/es\/wp-json\/wp\/v2\/pages\/13022\/revisions\/13023"}],"wp:attachment":[{"href":"https:\/\/strangercam.com\/es\/wp-json\/wp\/v2\/media?parent=13022"}],"curies":[{"name":"wp","href":"https:\/\/api.w.org\/{rel}","templated":true}]}}