{"id":13018,"date":"2025-09-10T11:48:32","date_gmt":"2025-09-10T09:48:32","guid":{"rendered":"https:\/\/strangercam.com\/?page_id=13018"},"modified":"2025-09-10T11:48:32","modified_gmt":"2025-09-10T09:48:32","slug":"matchpub","status":"publish","type":"page","link":"https:\/\/strangercam.com\/es\/matchpub\/","title":{"rendered":"MatchPub"},"content":{"rendered":"<p>La demanda de v\u00eddeos espont\u00e1neos y an\u00f3nimos <a href=\"https:\/\/strangercam.com\/es\/chathub\/\">chat<\/a> sigue creciendo a medida que la gente busca nuevas formas de socializar en l\u00ednea. Tras el cierre de <a href=\"https:\/\/strangercam.com\/es\/omegle\/\">Omegle<\/a>, Sin embargo, han aparecido varias alternativas, cada una con su propia f\u00f3rmula. MatchPub es una de las plataformas m\u00e1s recientes en este \u00e1mbito, ya que combina la emoci\u00f3n del emparejamiento por v\u00eddeo aleatorio con un ambiente animado y social que hace que parezca un lugar de encuentro digital en lugar de una aplicaci\u00f3n de chat m\u00e1s.<\/p>\n<p>Pero, \u00bfdestaca realmente MatchPub en 2025? \u00bfC\u00f3mo se compara con otros sitios del estilo Omegle como ChitChatTV, Lotta y Ohmegle? En esta revisi\u00f3n, vamos a profundizar en todo lo que necesitas saber sobre MatchPub: sus caracter\u00edsticas, base de usuarios, normas de seguridad, pros y contras, y si vale la pena tu tiempo.<\/p>\n<h2>\u00bfQu\u00e9 es MatchPub?<\/h2>\n<p>MatchPub es un sitio de chat de v\u00eddeo aleatorio basado en navegador dise\u00f1ado para conectar a desconocidos al instante para conversaciones de v\u00eddeo uno a uno. Como Omegle y <a href=\"https:\/\/strangercam.com\/es\/chatroulette\/\">Chatroulette<\/a> antes que ella, MatchPub simplifica las cosas: no necesitas registrarte, crear un perfil ni descargar una aplicaci\u00f3n. En lugar de eso, puedes entrar en un chat en directo en cuesti\u00f3n de segundos.<\/p>\n<p>El tema \"pub\" refleja su misi\u00f3n: MatchPub pretende recrear el ambiente informal y social de conocer gente nueva en un bar o una cafeter\u00eda, pero en un entorno digital. Est\u00e1 dise\u00f1ado para ser amistoso, acogedor y global.<\/p>\n<h2>\u00bfCu\u00e1l es el objetivo de MatchPub?<\/h2>\n<p>El objetivo de MatchPub es hacer que conocer gente nueva en Internet sea tan f\u00e1cil y divertido como entablar una conversaci\u00f3n en la vida real. Est\u00e1 pensada para usuarios cansados de las aplicaciones sociales muy complejas, los registros complicados o los deslizamientos interminables. En su lugar, hace hincapi\u00e9 en:<\/p>\n<ul>\n<li>Espontaneidad: <a href=\"https:\/\/strangercam.com\/es\/coomeet\/\">Conozca<\/a> alguien nuevo al instante con un solo clic<\/li>\n<li>Anonimato: No se requieren perfiles ni datos personales<\/li>\n<li>Alcance mundial: Chatea con gente de todo el mundo<\/li>\n<li>Sentimiento de comunidad: Un espacio divertido e informal, menos an\u00f3nimo que Omegle, pero m\u00e1s accesible que una aplicaci\u00f3n de citas.<\/li>\n<\/ul>\n<p>Tanto si quieres hacer amigos, practicar un idioma, ligar o simplemente pasar el rato, MatchPub te ofrece un espacio para una conversaci\u00f3n informal y sin gui\u00f3n.<\/p>\n<h2>Caracter\u00edsticas principales<\/h2>\n<p>1. Videochat aleatorio uno a uno<br \/>\nLa caracter\u00edstica principal de MatchPub son las conversaciones privadas c\u00e1mara a c\u00e1mara con desconocidos. El emparejamiento es instant\u00e1neo, y cada sesi\u00f3n es una oportunidad de conocer a alguien completamente nuevo.<\/p>\n<p>2. Bot\u00f3n Saltar\/Siguiente<br \/>\n\u00bfNo disfrutas del chat? Pulsa \"Siguiente\" y pasa a otro usuario al instante. No hay penalizaci\u00f3n por saltar y las conexiones se cargan r\u00e1pidamente.<\/p>\n<p>3. Modo de chat de texto<br \/>\nPara los usuarios que prefieren escribir, o cuando el v\u00eddeo no es una opci\u00f3n, MatchPub tambi\u00e9n ofrece un modo de chat de s\u00f3lo texto. Es ideal para romper el hielo o para personas con limitaciones de ancho de banda.<\/p>\n<p>4. No es necesario registrarse<br \/>\nMatchPub es completamente an\u00f3nimo. No necesitas registrarte, crear una cuenta o proporcionar datos personales. Simplemente haz clic y empieza a chatear.<\/p>\n<p>5. Compatibilidad con m\u00f3viles y ordenadores de sobremesa<br \/>\nEl sitio funciona sin problemas tanto en navegadores de escritorio como m\u00f3viles. Su dise\u00f1o limpio y adaptable hace que sea tan f\u00e1cil de usar en el tel\u00e9fono como en el ordenador.<\/p>\n<p>6. Herramientas de informe y bloqueo<br \/>\nUn bot\u00f3n visible \"Denunciar\" permite a los usuarios se\u00f1alar comportamientos inadecuados. Tambi\u00e9n puedes bloquear a los interlocutores molestos para que la experiencia sea m\u00e1s positiva.<\/p>\n<p>7. Dise\u00f1o ligero y r\u00e1pido<br \/>\nMatchPub se carga r\u00e1pidamente y la transici\u00f3n entre chats es perfecta, incluso en dispositivos de gama media y redes m\u00f3viles.<\/p>\n<h2>\u00bfEs gratuito MatchPub?<\/h2>\n<p>S\u00ed, MatchPub es 100% de uso gratuito. Todas sus funciones principales -chat de v\u00eddeo, chat de texto, salto e informes- est\u00e1n disponibles para todo el mundo.<\/p>\n<p>Los hay:<\/p>\n<ul>\n<li>Sin suscripciones<\/li>\n<li>Sin fichas ni cr\u00e9ditos<\/li>\n<li>Sin costes ocultos<\/li>\n<\/ul>\n<p>La plataforma puede emitir ligeros anuncios para cubrir costes, pero no son intrusivos y no interfieren con la experiencia de chat.<\/p>\n<h2>\u00bfQui\u00e9n utiliza MatchPub?<\/h2>\n<p>MatchPub atrae a una audiencia global de chateadores ocasionales, entre los que se incluyen:<\/p>\n<ul>\n<li>Edades: Principalmente 18-35 (estrictamente adultos, s\u00f3lo mayores de 18 a\u00f1os)<\/li>\n<li>Ubicaciones: Usuarios de EE.UU., Reino Unido, Europa, India, Brasil, Sudeste Asi\u00e1tico, etc.<\/li>\n<li>Razones para unirse: Hacer amigos, practicar idiomas, ligar ocasionalmente, descubrir culturas o simplemente pasar el rato.<\/li>\n<\/ul>\n<p>Comparado con plataformas anteriores, MatchPub parece m\u00e1s joven y fresco, lo que atrae especialmente a quienes disfrutan de la espontaneidad de Omegle pero quieren una experiencia m\u00e1s fluida y moderna.<\/p>\n<h2>Seguridad, privacidad y moderaci\u00f3n<\/h2>\n<p>MatchPub reconoce que el chat an\u00f3nimo conlleva riesgos y ha incorporado herramientas para fomentar la seguridad y la privacidad.<\/p>\n<h3>Privacidad<\/h3>\n<ul>\n<li>No se necesita cuenta ni datos personales<\/li>\n<li>No se guardan, graban ni hacen p\u00fablicos los chats<\/li>\n<li>Controla la c\u00e1mara y el micr\u00f3fono en todo momento<\/li>\n<\/ul>\n<h3>Moderaci\u00f3n<\/h3>\n<ul>\n<li>Denuncias en el chat: Se\u00f1ala r\u00e1pidamente contenido inapropiado o acoso.<\/li>\n<li>Filtros de contenidos basados en IA: Detectan y limitan comportamientos abusivos o expl\u00edcitos.<\/li>\n<li>Moderadores humanos: Revisan los informes y aplican prohibiciones a los infractores reincidentes.<\/li>\n<\/ul>\n<h3>Consejos para el usuario<\/h3>\n<ul>\n<li>Nunca compartas informaci\u00f3n personal en el chat<\/li>\n<li>Utiliza los botones de omitir e informar siempre que sea necesario<\/li>\n<li>Mant\u00e9n conversaciones ligeras e informales hasta que conf\u00edes en tu interlocutor.<\/li>\n<\/ul>\n<h2>Experiencia de usuario y dise\u00f1o<\/h2>\n<p>MatchPub ofrece un dise\u00f1o limpio, moderno e intuitivo:<\/p>\n<ul>\n<li>La p\u00e1gina de inicio incluye un claro bot\u00f3n \"Iniciar chat\" y las directrices b\u00e1sicas de la comunidad<\/li>\n<li>Las ventanas de v\u00eddeo son grandes, n\u00edtidas y reactivas<\/li>\n<li>Los botones para saltar, silenciar e informar son f\u00e1ciles de encontrar y utilizar.<\/li>\n<li>Las versiones para m\u00f3vil y escritorio son igual de fluidas y fiables<\/li>\n<li>Los tiempos de carga son cortos, con transiciones instant\u00e1neas entre chats.<\/li>\n<\/ul>\n<p>A diferencia de los sitios saturados o repletos de anuncios, MatchPub es fresco y minimalista, y se centra en la conversaci\u00f3n.<\/p>\n<h2>MatchPub frente a otras plataformas de videochat aleatorias<\/h2>\n<p>\u00bfC\u00f3mo se compara MatchPub con sus principales competidores?<\/p>\n<table>\n<thead>\n<tr>\n<th>Caracter\u00edstica<\/th>\n<th>MatchPub<\/th>\n<th>Omegle (cerrado)<\/th>\n<th>Ohmegle<\/th>\n<th><a href=\"https:\/\/strangercam.com\/es\/ometv\/\">OmeTV<\/a><\/th>\n<th>Lotta<\/th>\n<th>ChitChatTV<\/th>\n<\/tr>\n<\/thead>\n<tbody>\n<tr>\n<td>Random Video Chat con Desconocidos<\/td>\n<td>S\u00ed<\/td>\n<td>S\u00ed<\/td>\n<td>S\u00ed<\/td>\n<td>S\u00ed<\/td>\n<td>S\u00ed<\/td>\n<td>S\u00ed<\/td>\n<\/tr>\n<tr>\n<td>Opci\u00f3n de chat de texto<\/td>\n<td>S\u00ed<\/td>\n<td>S\u00ed<\/td>\n<td>S\u00ed<\/td>\n<td>S\u00ed<\/td>\n<td>S\u00ed<\/td>\n<td>S\u00ed<\/td>\n<\/tr>\n<tr>\n<td>Inscripci\u00f3n necesaria<\/td>\n<td>No<\/td>\n<td>No<\/td>\n<td>No<\/td>\n<td>No<\/td>\n<td>No<\/td>\n<td>No<\/td>\n<\/tr>\n<tr>\n<td>Compatible con m\u00f3viles<\/td>\n<td>Excelente<\/td>\n<td>Pobre<\/td>\n<td>Excelente<\/td>\n<td>Bien<\/td>\n<td>Excelente<\/td>\n<td>Excelente<\/td>\n<\/tr>\n<tr>\n<td>Filtros de g\u00e9nero\/regi\u00f3n<\/td>\n<td>No<\/td>\n<td>No<\/td>\n<td>No<\/td>\n<td>Pagado<\/td>\n<td>No<\/td>\n<td>No<\/td>\n<\/tr>\n<tr>\n<td>Herramientas de moderaci\u00f3n<\/td>\n<td>Bien<\/td>\n<td>D\u00e9bil<\/td>\n<td>Moderado<\/td>\n<td>Fuerte<\/td>\n<td>Bien<\/td>\n<td>Bien<\/td>\n<\/tr>\n<tr>\n<td>Uso gratuito<\/td>\n<td>S\u00ed<\/td>\n<td>S\u00ed<\/td>\n<td>S\u00ed<\/td>\n<td>S\u00ed\/Pagado<\/td>\n<td>S\u00ed<\/td>\n<td>S\u00ed<\/td>\n<\/tr>\n<\/tbody>\n<\/table>\n<p>Resumen: MatchPub es lo m\u00e1s parecido a Ohmegle y Lotta: r\u00e1pido, gratuito, an\u00f3nimo y moderno. No ofrece filtros avanzados como OmeTV, pero lo compensa con sencillez y facilidad de uso.<\/p>\n<h2>Ventajas e inconvenientes<\/h2>\n<p>Pros:<\/p>\n<ul>\n<li>100% gratis, sin necesidad de registrarse<\/li>\n<li>Chat an\u00f3nimo y privado<\/li>\n<li>Dise\u00f1o moderno y adaptable para ordenadores de sobremesa y m\u00f3viles<\/li>\n<li>Conexiones de chat de v\u00eddeo y texto r\u00e1pidas y estables<\/li>\n<li>Herramientas sencillas de salto e informe<\/li>\n<li>Base de usuarios internacional y diversa<\/li>\n<\/ul>\n<p>Contras:<\/p>\n<ul>\n<li>Sin filtros de g\u00e9nero o ubicaci\u00f3n<\/li>\n<li>Contenido inapropiado ocasional (com\u00fan a todas las plataformas de chat an\u00f3nimo)<\/li>\n<li>M\u00e1s usuarios masculinos que femeninos<\/li>\n<li>Sin perfiles de usuario ni historial de chat<\/li>\n<li>No hay forma de volver a conectar con antiguos usuarios<\/li>\n<\/ul>\n<h2>Casos de uso ideales<\/h2>\n<p>MatchPub es perfecto para:<\/p>\n<ul>\n<li>Los fans de Omegle y Chatroulette buscan un sustituto moderno<\/li>\n<li>Adultos que buscan chat espont\u00e1neo y casual con desconocidos<\/li>\n<li>Viajeros, estudiantes y aprendices de idiomas interesados en la conversaci\u00f3n global<\/li>\n<li>Personas que valoran el anonimato y no les gusta registrarse en aplicaciones o cuentas<\/li>\n<li>Cualquiera que busque pasar el rato y tener encuentros sociales sin gui\u00f3n<\/li>\n<\/ul>\n<p>Es menos ideal para:<\/p>\n<ul>\n<li>Usuarios menores de 18 a\u00f1os (s\u00f3lo adultos)<\/li>\n<li>Los que buscan filtros espec\u00edficos para citas o coincidencias seleccionadas<\/li>\n<li>Personas que desean conexiones a largo plazo o la posibilidad de reconectar con chats anteriores<\/li>\n<\/ul>\n<p>MatchPub es una de las mejores plataformas de videochat aleatorio al estilo Omegle de 2025. Combina conexiones instant\u00e1neas y an\u00f3nimas con una interfaz moderna, un s\u00f3lido rendimiento m\u00f3vil y herramientas de moderaci\u00f3n sencillas pero eficaces.<\/p>\n<p>Si buscas una plataforma que te ofrezca la emoci\u00f3n de Omegle con un dise\u00f1o m\u00e1s fluido y una comunidad m\u00e1s fresca, merece la pena que pruebes MatchPub. Es gratis, r\u00e1pido y divertido, el lugar perfecto para descubrir nuevas caras y conversaciones de todo el mundo.<\/p>","protected":false},"excerpt":{"rendered":"<p>The demand for spontaneous, anonymous video chat platforms continues to grow as people seek new ways to socialize online. Following the closure of Omegle, a variety of alternatives have appeared, each offering their own twist on the formula. MatchPub is one of the newer platforms in this space\u2014combining the excitement of random video matching with [&hellip;]<\/p>\n","protected":false},"author":6,"featured_media":0,"parent":0,"menu_order":0,"comment_status":"closed","ping_status":"closed","template":"","meta":{"footnotes":""},"class_list":["post-13018","page","type-page","status-publish","hentry"],"yoast_head":"<!-- This site is optimized with the Yoast SEO plugin v27.4 - https:\/\/yoast.com\/product\/yoast-seo-wordpress\/ -->\n<title>MatchPub - Live 1:1 Video Chat - StrangerCam.com<\/title>\n<meta name=\"description\" content=\"Like MatchPub? Come chat with more than 5.000.000 strangers on Strangercam for Free! Turn on your cam and find new friends &amp; maby a match!\" \/>\n<meta name=\"robots\" content=\"index, follow, max-snippet:-1, max-image-preview:large, max-video-preview:-1\" \/>\n<link rel=\"canonical\" href=\"https:\/\/strangercam.com\/es\/matchpub\/\" \/>\n<meta property=\"og:locale\" content=\"es_ES\" \/>\n<meta property=\"og:type\" content=\"article\" \/>\n<meta property=\"og:title\" content=\"MatchPub - Live 1:1 Video Chat - StrangerCam.com\" \/>\n<meta property=\"og:description\" content=\"Like MatchPub? Come chat with more than 5.000.000 strangers on Strangercam for Free! Turn on your cam and find new friends &amp; maby a match!\" \/>\n<meta property=\"og:url\" content=\"https:\/\/strangercam.com\/es\/matchpub\/\" \/>\n<meta property=\"og:site_name\" content=\"Strangercam\" \/>\n<meta property=\"article:publisher\" content=\"https:\/\/www.facebook.com\/strangercam\" \/>\n<meta property=\"og:image\" content=\"https:\/\/strangercam.com\/wp-content\/uploads\/2021\/10\/Untitled-2.png\" \/>\n\t<meta property=\"og:image:width\" content=\"800\" \/>\n\t<meta property=\"og:image:height\" content=\"532\" \/>\n\t<meta property=\"og:image:type\" content=\"image\/png\" \/>\n<meta name=\"twitter:card\" content=\"summary_large_image\" \/>\n<meta name=\"twitter:site\" content=\"@strangercamapp\" \/>\n<meta name=\"twitter:label1\" content=\"Tiempo de lectura\" \/>\n\t<meta name=\"twitter:data1\" content=\"6 minutos\" \/>\n<script type=\"application\/ld+json\" class=\"yoast-schema-graph\">{\"@context\":\"https:\\\/\\\/schema.org\",\"@graph\":[{\"@type\":\"WebPage\",\"@id\":\"https:\\\/\\\/strangercam.com\\\/matchpub\\\/\",\"url\":\"https:\\\/\\\/strangercam.com\\\/matchpub\\\/\",\"name\":\"MatchPub - Live 1:1 Video Chat - StrangerCam.com\",\"isPartOf\":{\"@id\":\"https:\\\/\\\/strangercam.com\\\/#website\"},\"datePublished\":\"2025-09-10T09:48:32+00:00\",\"description\":\"Like MatchPub? Come chat with more than 5.000.000 strangers on Strangercam for Free! Turn on your cam and find new friends & maby a match!\",\"breadcrumb\":{\"@id\":\"https:\\\/\\\/strangercam.com\\\/matchpub\\\/#breadcrumb\"},\"inLanguage\":\"es\",\"potentialAction\":[{\"@type\":\"ReadAction\",\"target\":[\"https:\\\/\\\/strangercam.com\\\/matchpub\\\/\"]}]},{\"@type\":\"BreadcrumbList\",\"@id\":\"https:\\\/\\\/strangercam.com\\\/matchpub\\\/#breadcrumb\",\"itemListElement\":[{\"@type\":\"ListItem\",\"position\":1,\"name\":\"Home\",\"item\":\"https:\\\/\\\/strangercam.com\\\/\"},{\"@type\":\"ListItem\",\"position\":2,\"name\":\"MatchPub\"}]},{\"@type\":\"WebSite\",\"@id\":\"https:\\\/\\\/strangercam.com\\\/#website\",\"url\":\"https:\\\/\\\/strangercam.com\\\/\",\"name\":\"Strangercam\",\"description\":\"Random Video Chat with Strangers\",\"publisher\":{\"@id\":\"https:\\\/\\\/strangercam.com\\\/#organization\"},\"alternateName\":\"Strangercam.com\",\"potentialAction\":[{\"@type\":\"SearchAction\",\"target\":{\"@type\":\"EntryPoint\",\"urlTemplate\":\"https:\\\/\\\/strangercam.com\\\/?s={search_term_string}\"},\"query-input\":{\"@type\":\"PropertyValueSpecification\",\"valueRequired\":true,\"valueName\":\"search_term_string\"}}],\"inLanguage\":\"es\"},{\"@type\":\"Organization\",\"@id\":\"https:\\\/\\\/strangercam.com\\\/#organization\",\"name\":\"Strangercam\",\"alternateName\":\"Strangercam.com\",\"url\":\"https:\\\/\\\/strangercam.com\\\/\",\"logo\":{\"@type\":\"ImageObject\",\"inLanguage\":\"es\",\"@id\":\"https:\\\/\\\/strangercam.com\\\/#\\\/schema\\\/logo\\\/image\\\/\",\"url\":\"https:\\\/\\\/strangercam.com\\\/wp-content\\\/uploads\\\/2020\\\/11\\\/cropped-new-favicon-black.png\",\"contentUrl\":\"https:\\\/\\\/strangercam.com\\\/wp-content\\\/uploads\\\/2020\\\/11\\\/cropped-new-favicon-black.png\",\"width\":512,\"height\":512,\"caption\":\"Strangercam\"},\"image\":{\"@id\":\"https:\\\/\\\/strangercam.com\\\/#\\\/schema\\\/logo\\\/image\\\/\"},\"sameAs\":[\"https:\\\/\\\/www.facebook.com\\\/strangercam\",\"https:\\\/\\\/x.com\\\/strangercamapp\"]}]}<\/script>\n<!-- \/ Yoast SEO plugin. -->","yoast_head_json":{"title":"MatchPub - Videochat en directo 1:1 - StrangerCam.com","description":"\u00bfTe gusta MatchPub? \u00a1Ven a chatear gratis con m\u00e1s de 5.000.000 de desconocidos en Strangercam! \u00a1Enciende tu c\u00e1mara y encuentra nuevos amigos y tal vez una pareja!","robots":{"index":"index","follow":"follow","max-snippet":"max-snippet:-1","max-image-preview":"max-image-preview:large","max-video-preview":"max-video-preview:-1"},"canonical":"https:\/\/strangercam.com\/es\/matchpub\/","og_locale":"es_ES","og_type":"article","og_title":"MatchPub - Live 1:1 Video Chat - StrangerCam.com","og_description":"Like MatchPub? Come chat with more than 5.000.000 strangers on Strangercam for Free! Turn on your cam and find new friends & maby a match!","og_url":"https:\/\/strangercam.com\/es\/matchpub\/","og_site_name":"Strangercam","article_publisher":"https:\/\/www.facebook.com\/strangercam","og_image":[{"width":800,"height":532,"url":"https:\/\/strangercam.com\/wp-content\/uploads\/2021\/10\/Untitled-2.png","type":"image\/png"}],"twitter_card":"summary_large_image","twitter_site":"@strangercamapp","twitter_misc":{"Tiempo de lectura":"6 minutos"},"schema":{"@context":"https:\/\/schema.org","@graph":[{"@type":"WebPage","@id":"https:\/\/strangercam.com\/matchpub\/","url":"https:\/\/strangercam.com\/matchpub\/","name":"MatchPub - Videochat en directo 1:1 - StrangerCam.com","isPartOf":{"@id":"https:\/\/strangercam.com\/#website"},"datePublished":"2025-09-10T09:48:32+00:00","description":"\u00bfTe gusta MatchPub? \u00a1Ven a chatear gratis con m\u00e1s de 5.000.000 de desconocidos en Strangercam! \u00a1Enciende tu c\u00e1mara y encuentra nuevos amigos y tal vez una pareja!","breadcrumb":{"@id":"https:\/\/strangercam.com\/matchpub\/#breadcrumb"},"inLanguage":"es","potentialAction":[{"@type":"ReadAction","target":["https:\/\/strangercam.com\/matchpub\/"]}]},{"@type":"BreadcrumbList","@id":"https:\/\/strangercam.com\/matchpub\/#breadcrumb","itemListElement":[{"@type":"ListItem","position":1,"name":"Home","item":"https:\/\/strangercam.com\/"},{"@type":"ListItem","position":2,"name":"MatchPub"}]},{"@type":"WebSite","@id":"https:\/\/strangercam.com\/#website","url":"https:\/\/strangercam.com\/","name":"Strangercam","description":"Videochat aleatorio con desconocidos","publisher":{"@id":"https:\/\/strangercam.com\/#organization"},"alternateName":"Strangercam.com","potentialAction":[{"@type":"SearchAction","target":{"@type":"EntryPoint","urlTemplate":"https:\/\/strangercam.com\/?s={search_term_string}"},"query-input":{"@type":"PropertyValueSpecification","valueRequired":true,"valueName":"search_term_string"}}],"inLanguage":"es"},{"@type":"Organization","@id":"https:\/\/strangercam.com\/#organization","name":"Strangercam","alternateName":"Strangercam.com","url":"https:\/\/strangercam.com\/","logo":{"@type":"ImageObject","inLanguage":"es","@id":"https:\/\/strangercam.com\/#\/schema\/logo\/image\/","url":"https:\/\/strangercam.com\/wp-content\/uploads\/2020\/11\/cropped-new-favicon-black.png","contentUrl":"https:\/\/strangercam.com\/wp-content\/uploads\/2020\/11\/cropped-new-favicon-black.png","width":512,"height":512,"caption":"Strangercam"},"image":{"@id":"https:\/\/strangercam.com\/#\/schema\/logo\/image\/"},"sameAs":["https:\/\/www.facebook.com\/strangercam","https:\/\/x.com\/strangercamapp"]}]}},"_links":{"self":[{"href":"https:\/\/strangercam.com\/es\/wp-json\/wp\/v2\/pages\/13018","targetHints":{"allow":["GET"]}}],"collection":[{"href":"https:\/\/strangercam.com\/es\/wp-json\/wp\/v2\/pages"}],"about":[{"href":"https:\/\/strangercam.com\/es\/wp-json\/wp\/v2\/types\/page"}],"author":[{"embeddable":true,"href":"https:\/\/strangercam.com\/es\/wp-json\/wp\/v2\/users\/6"}],"replies":[{"embeddable":true,"href":"https:\/\/strangercam.com\/es\/wp-json\/wp\/v2\/comments?post=13018"}],"version-history":[{"count":1,"href":"https:\/\/strangercam.com\/es\/wp-json\/wp\/v2\/pages\/13018\/revisions"}],"predecessor-version":[{"id":13019,"href":"https:\/\/strangercam.com\/es\/wp-json\/wp\/v2\/pages\/13018\/revisions\/13019"}],"wp:attachment":[{"href":"https:\/\/strangercam.com\/es\/wp-json\/wp\/v2\/media?parent=13018"}],"curies":[{"name":"wp","href":"https:\/\/api.w.org\/{rel}","templated":true}]}}