{"id":12954,"date":"2025-08-05T10:47:17","date_gmt":"2025-08-05T08:47:17","guid":{"rendered":"https:\/\/strangercam.com\/?page_id=12954"},"modified":"2025-08-05T10:47:38","modified_gmt":"2025-08-05T08:47:38","slug":"app-videollamada-gratis-con-chica-al-azar","status":"publish","type":"page","link":"https:\/\/strangercam.com\/es\/free-video-call-app-with-random-girl\/","title":{"rendered":"Free Video Call App Con Chica al azar"},"content":{"rendered":"<p>\u00bfEst\u00e1s buscando una aplicaci\u00f3n de videollamadas gratis con chicas al azar? No eres el \u00fanico. Cada mes, millones de personas buscan chats de v\u00eddeo aut\u00e9nticos y espont\u00e1neos con gente nueva, especialmente con chicas divertidas, simp\u00e1ticas e interesadas en conocer a alguien nuevo. Tanto si te sientes solo, aburrido o simplemente curioso, encontrar la plataforma adecuada marca la diferencia.<\/p>\n<p>En esta completa gu\u00eda, descubrir\u00e1s todo lo que necesitas saber: c\u00f3mo funcionan estas aplicaciones, qu\u00e9 caracter\u00edsticas buscar, consejos de seguridad y una comparaci\u00f3n detallada de los mejores sitios y aplicaciones. Al final, sabr\u00e1s por qu\u00e9 StrangerCam destaca como una de las mejores opciones si quieres una aplicaci\u00f3n de videollamadas gratis con una chica al azar, y c\u00f3mo empezar hoy mismo.<\/p>\n<h2>\u00bfQu\u00e9 es una aplicaci\u00f3n de videollamadas gratis con una chica al azar?<\/h2>\n<p>Una aplicaci\u00f3n de videollamadas gratis con una chica al azar es una aplicaci\u00f3n web o m\u00f3vil que te permite conectar instant\u00e1neamente por webcam y micr\u00f3fono con usuarias al azar de todo el mundo. Solo tienes que entrar en el sitio, pulsar un bot\u00f3n y, en cuesti\u00f3n de segundos, se te emparejar\u00e1 con una chica que tambi\u00e9n busca <a href=\"https:\/\/strangercam.com\/es\/chathub\/\">chat<\/a>. No es necesario registrarse, pagar ni compartir datos personales.<\/p>\n<p>Estas aplicaciones se han hecho muy populares gracias a su sencillez y a la emoci\u00f3n de conocer a alguien nuevo cara a cara. Aunque su tecnolog\u00eda es similar a la de las herramientas de videoconferencia, se centran en la diversi\u00f3n y el descubrimiento social aleatorio, no en el trabajo o los negocios.<\/p>\n<h2>Por qu\u00e9 la gente busca Video Chat aleatorio con chicas<\/h2>\n<p>El aumento de la popularidad de palabras clave como \"aplicaci\u00f3n de videollamadas gratis con una chica al azar\" revela una tendencia creciente:<\/p>\n<ul>\n<li>Soledad y aislamiento: Muchos usuarios, especialmente despu\u00e9s de una pandemia, anhelan una interacci\u00f3n genuina pero no quieren utilizar las aplicaciones de citas tradicionales o las redes sociales.<\/li>\n<li>La emoci\u00f3n de lo desconocido: es emocionante no saber con qui\u00e9n te vas a encontrar: cada conversaci\u00f3n es una sorpresa.<\/li>\n<li>Hacer amigos o ligar: Algunos usuarios s\u00f3lo quieren hablar, hacer nuevos amigos o disfrutar de un flirteo inofensivo en un entorno seguro y controlado.<\/li>\n<li>Evitar falsificaciones y bots: A diferencia del chat de texto, el chat de v\u00eddeo ayuda a filtrar bots y catfishers, para que sepas que est\u00e1s hablando con una persona real.<\/li>\n<\/ul>\n<h2>\u00bfC\u00f3mo funcionan estas aplicaciones?<\/h2>\n<p>El flujo b\u00e1sico de una aplicaci\u00f3n de videollamadas gratis con una chica al azar es extremadamente sencillo:<\/p>\n<ol>\n<li>Acceda a la aplicaci\u00f3n o al sitio web desde su tel\u00e9fono u ordenador. Las versiones web no requieren instalaci\u00f3n.<\/li>\n<li>Conceda acceso a la c\u00e1mara y al micr\u00f3fono cuando se le solicite. Esto es necesario para el chat de v\u00eddeo en directo.<\/li>\n<li>Pulsa \"Empezar\" o \"Siguiente\". La aplicaci\u00f3n te emparejar\u00e1 al instante con un usuario aleatorio, a menudo filtrado por sexo o ubicaci\u00f3n.<\/li>\n<li>Chatea en directo por v\u00eddeo. Si no te apetece, haz clic en \"Siguiente\" para continuar.<\/li>\n<li>En las plataformas realmente gratuitas no es necesario registrarse ni pagar nada.<\/li>\n<\/ol>\n<p>Algunas plataformas incluyen funciones como filtros de g\u00e9nero, concordancia basada en la ubicaci\u00f3n, traducci\u00f3n en el chat y herramientas de informaci\u00f3n para mejorar tu experiencia y seguridad.<\/p>\n<h2>Caracter\u00edsticas principales<\/h2>\n<p>A la hora de elegir la mejor aplicaci\u00f3n de videollamadas gratis con una chica al azar, esto es lo que debes buscar:<\/p>\n<h3>1. Filtros de g\u00e9nero originales<\/h3>\n<p>Muchos usuarios buscan espec\u00edficamente chicas, pero no todas las aplicaciones ofrecen una verdadera selecci\u00f3n de sexo. Algunas falsifican la funci\u00f3n o s\u00f3lo la ponen a disposici\u00f3n de los usuarios de pago. Busca plataformas que ofrezcan un filtro de g\u00e9nero real y gratuito.<\/p>\n<h3>2. No es necesario inscribirse<\/h3>\n<p>Las mejores plataformas te permiten entrar directamente en el chat, sin necesidad de abrir una cuenta o iniciar sesi\u00f3n.<\/p>\n<h3>3. Compatible con dispositivos m\u00f3viles y de sobremesa<\/h3>\n<p>El dise\u00f1o adaptable o las aplicaciones dedicadas garantizan que pueda utilizar el servicio en cualquier dispositivo, desde su port\u00e1til hasta su tel\u00e9fono.<\/p>\n<h3>4. 4. Privacidad y seguridad<\/h3>\n<p>El cifrado avanzado, la no recopilaci\u00f3n de datos y funciones como las opciones de \"desenfoque\" o \"m\u00e1scara\" ayudan a mantener a salvo tus chats de v\u00eddeo.<\/p>\n<h3>5. Moderaci\u00f3n e informes de usuarios<\/h3>\n<p>La moderaci\u00f3n activa y la facilidad de denuncia mantienen la comunidad segura y libre de abusos, spam o contenidos inapropiados.<\/p>\n<h3>6. Sin costes ocultos<\/h3>\n<p>Una aplicaci\u00f3n realmente gratuita no te pedir\u00e1 dinero de repente ni te restringir\u00e1 el acceso tras unas pocas conversaciones.<\/p>\n<h2>Las mejores aplicaciones de videollamadas gratis con chicas al azar (2025)<\/h2>\n<p>Veamos c\u00f3mo se comparan las principales plataformas para usuarios que buscan videollamadas con chicas al azar. Esta tabla resume las caracter\u00edsticas clave:<\/p>\n<table>\n<thead>\n<tr>\n<th>Plataforma<\/th>\n<th align=\"center\">Filtro de g\u00e9nero gratuito<\/th>\n<th align=\"center\">Sin inscripci\u00f3n<\/th>\n<th align=\"center\">Asistencia m\u00f3vil<\/th>\n<th align=\"center\">Moderaci\u00f3n estricta<\/th>\n<th>Notas<\/th>\n<\/tr>\n<\/thead>\n<tbody>\n<tr>\n<td>StrangerCam<\/td>\n<td align=\"center\">\u2705<\/td>\n<td align=\"center\">\u2705<\/td>\n<td align=\"center\">\u2705<\/td>\n<td align=\"center\">\u2705<\/td>\n<td>100% libre, filtro de g\u00e9nero real<\/td>\n<\/tr>\n<tr>\n<td><a href=\"https:\/\/strangercam.com\/es\/chatroulette\/\">Chatroulette<\/a><\/td>\n<td align=\"center\">\u274c (de pago)<\/td>\n<td align=\"center\">\u2705<\/td>\n<td align=\"center\">\u2705<\/td>\n<td align=\"center\">\u2705<\/td>\n<td>Filtro de g\u00e9nero de pago<\/td>\n<\/tr>\n<tr>\n<td>Chatrandom<\/td>\n<td align=\"center\">\u274c (de pago)<\/td>\n<td align=\"center\">\u2705<\/td>\n<td align=\"center\">\u2705<\/td>\n<td align=\"center\">\u2705<\/td>\n<td>Filtro de g\u00e9nero de pago<\/td>\n<\/tr>\n<tr>\n<td><a href=\"https:\/\/strangercam.com\/es\/ometv\/\">OmeTV<\/a><\/td>\n<td align=\"center\">\u274c (Aleatorio)<\/td>\n<td align=\"center\">\u2705<\/td>\n<td align=\"center\">\u2705<\/td>\n<td align=\"center\">\u2705<\/td>\n<td>Sin selecci\u00f3n fiable del sexo<\/td>\n<\/tr>\n<tr>\n<td>Shagle<\/td>\n<td align=\"center\">\u274c (de pago)<\/td>\n<td align=\"center\">\u2705<\/td>\n<td align=\"center\">\u2705<\/td>\n<td align=\"center\">\u2705<\/td>\n<td>Filtro de g\u00e9nero de pago<\/td>\n<\/tr>\n<tr>\n<td><a href=\"https:\/\/strangercam.com\/es\/coomeet\/\">CooMeet<\/a><\/td>\n<td align=\"center\">\u2705 (Prueba gratuita)<\/td>\n<td align=\"center\">\u274c<\/td>\n<td align=\"center\">\u2705<\/td>\n<td align=\"center\">\u2705<\/td>\n<td>S\u00f3lo los primeros chats son gratuitos, luego de pago<\/td>\n<\/tr>\n<tr>\n<td>LuckyCrush<\/td>\n<td align=\"center\">\u2705 (de pago)<\/td>\n<td align=\"center\">\u274c<\/td>\n<td align=\"center\">\u2705<\/td>\n<td align=\"center\">\u2705<\/td>\n<td>Coincidencia de sexos s\u00f3lo para usuarios de pago<\/td>\n<\/tr>\n<\/tbody>\n<\/table>\n<p>StrangerCam es una de las pocas plataformas que ofrece un filtro de g\u00e9nero real, gratuito y sin necesidad de registrarse, para videollamadas con chicas.<\/p>\n<h2>Por qu\u00e9 StrangerCam es la mejor opci\u00f3n<\/h2>\n<p>Si tu objetivo es encontrar una aplicaci\u00f3n de videollamadas gratis con una chica al azar, StrangerCam ofrece varias ventajas \u00fanicas que la hacen destacar en 2025:<\/p>\n<h3>1. Conexiones hembra originales<\/h3>\n<p>A diferencia de la mayor\u00eda de los competidores, StrangerCam ofrece un filtro de g\u00e9nero real y funcional sin cobrarte. Si quieres conocer y chatear con chicas, no con chicos al azar o bots, est\u00e1s en el lugar adecuado.<\/p>\n<h3>2. 100% Gratis y sin necesidad de registrarse<\/h3>\n<p>Empieza a chatear inmediatamente: sin correo electr\u00f3nico, sin inicio de sesi\u00f3n, sin cuotas y sin l\u00edmites.<\/p>\n<h3>3. Interfaz moderna y limpia<\/h3>\n<p>Un dise\u00f1o optimizado para m\u00f3viles y f\u00e1cil de usar se traduce en una calidad de v\u00eddeo y audio fluida en cualquier dispositivo.<\/p>\n<h3>4. Fuerte moderaci\u00f3n y privacidad<\/h3>\n<p>StrangerCam cuenta con s\u00f3lidas herramientas de denuncia, moderaci\u00f3n activa y un estricto sistema anti-bot para mantener los chats seguros y divertidos. Puedes bloquear, denunciar u omitir a cualquiera al instante.<\/p>\n<h3>5. Diversa base mundial de usuarios<\/h3>\n<p>Conoce a chicas de todo el mundo, 24 horas al d\u00eda, 7 d\u00edas a la semana. Tanto si buscas a alguien cerca de casa como si quieres chatear internacionalmente, siempre encontrar\u00e1s a alguien nuevo.<\/p>\n<h3>6. Experiencia divertida y espont\u00e1nea<\/h3>\n<p>Sin perfiles, sin swiping, sin presiones. Simplemente haz clic y conecta con chicas reales, gratis.<\/p>\n<h2>Testimonios de usuarios reales<\/h2>\n<p>\u00bfA\u00fan no est\u00e1 seguro? Aqu\u00ed tienes algunas experiencias reales de usuarios que encontraron lo que buscaban:<\/p>\n<blockquote><p><em>\"He probado un mont\u00f3n de aplicaciones, pero StrangerCam ha sido la \u00fanica en la que he podido conocer y chatear gratis con chicas reales. Sin muros de pago ocultos, \u00a1solo tienes que hacer clic y hablar!\".<\/em><br \/>\n- Daniel, 27 a\u00f1os<\/p><\/blockquote>\n<blockquote><p><em>\"Como mujer, me gusta poder elegir con qui\u00e9n hablar y sentirme segura. Hay moderaci\u00f3n y la opci\u00f3n de saltar al instante si alguien me incomoda\".<\/em><br \/>\n- Samantha, 22 a\u00f1os<\/p><\/blockquote>\n<blockquote><p><em>\"Est\u00e1 bien que no tengas que registrarte. Estuve hablando con alguien de Brasil al minuto de unirme. Una forma divertida de pasar la tarde\".<\/em><br \/>\n- Alex, 24 a\u00f1os<\/p><\/blockquote>\n<blockquote><p><em>\"Era esc\u00e9ptico sobre la gratuidad del filtro de g\u00e9nero, pero funciona. Conoc\u00ed a chicas muy guays con las que chatear y no pagu\u00e9 ni un c\u00e9ntimo\".<\/em><br \/>\n- Mike, 31 a\u00f1os<\/p><\/blockquote>\n<h2>Consejos de seguridad para videoconferencias en l\u00ednea<\/h2>\n<p>Al utilizar cualquier aplicaci\u00f3n gratuita de videollamadas, tu seguridad y privacidad deben ser siempre lo primero. Estos son algunos consejos esenciales:<\/p>\n<h3>1. Nunca compartas informaci\u00f3n personal<\/h3>\n<p>No des tu nombre real, direcci\u00f3n, n\u00famero de tel\u00e9fono o cualquier informaci\u00f3n de contacto personal a desconocidos.<\/p>\n<h3>2. Utilizar los controles de la plataforma<\/h3>\n<p>Si alguien te incomoda, utiliza inmediatamente los botones \"Siguiente\", \"Bloquear\" o \"Denunciar\".<\/p>\n<h3>3. Cuidado con las estafas<\/h3>\n<p>Nunca env\u00edes dinero, hagas clic en enlaces sospechosos ni aceptes solicitudes de abandonar la plataforma por otra aplicaci\u00f3n de chat.<\/p>\n<h3>4. Compruebe sus antecedentes<\/h3>\n<p>Ten cuidado con lo que la c\u00e1mara muestra detr\u00e1s de ti para evitar revelar detalles personales.<\/p>\n<h3>5. Si tienes menos de 18 a\u00f1os, no utilices el chat para adultos<\/h3>\n<p>Respeta siempre las restricciones de edad y nunca utilices aplicaciones de videochat aleatorias si no tienes la edad requerida.<\/p>\n<h3>6. Utilizar un apodo<\/h3>\n<p>Si la plataforma te permite elegir un nombre de usuario o un nombre para mostrar, no utilices tu nombre real.<\/p>\n<h2>C\u00f3mo empezar - Paso a paso<\/h2>\n<p>Empezar a utilizar una aplicaci\u00f3n gratuita de videollamadas con una chica al azar es muy sencillo y te llevar\u00e1 menos de un minuto. He aqu\u00ed c\u00f3mo:<\/p>\n<ol>\n<li>Abre la plataforma (en tu tel\u00e9fono u ordenador).<\/li>\n<li>Permita el acceso a la c\u00e1mara y al micr\u00f3fono cuando se le solicite.<\/li>\n<li>Seleccione la preferencia de sexo (elija \"ni\u00f1a\" o \"mujer\" si est\u00e1 disponible).<\/li>\n<li>Haz clic en \"Empezar\" o \"Conectar\". Se te emparejar\u00e1 al instante con una chica al azar.<\/li>\n<li>\u00a1Disfruta del chat! Si quieres conocer a otra persona, pulsa \"Siguiente\".<\/li>\n<li>Repite todo lo que quieras: es 100% gratis e ilimitado.<\/li>\n<\/ol>\n<p>Consejo profesional: utilice auriculares para mejorar la calidad del sonido y la privacidad.<\/p>\n<h2>Preguntas frecuentes<\/h2>\n<h3>\u00bfEs realmente gratis hacer videollamadas con chicas al azar?<\/h3>\n<p>S\u00ed, StrangerCam y un pu\u00f1ado de otras plataformas te permiten chatear con chicas gratis, sin necesidad de pagos, cr\u00e9ditos o cuentas premium.<\/p>\n<h3>\u00bfTengo que registrarme o crear una cuenta?<\/h3>\n<p>No. Las mejores aplicaciones de videollamadas gratuitas no requieren registro ni correo electr\u00f3nico para empezar.<\/p>\n<h3>\u00bfSon reales las personas que conozco?<\/h3>\n<p>En StrangerCam, la moderaci\u00f3n activa y la verificaci\u00f3n de v\u00eddeo te ayudan a garantizar que chateas con usuarios reales, no con robots ni impostores.<\/p>\n<h3>\u00bfPuedo utilizar mi tel\u00e9fono?<\/h3>\n<p>S\u00ed, StrangerCam es totalmente compatible con dispositivos m\u00f3viles, por lo que puedes chatear desde cualquier tel\u00e9fono o tableta modernos.<\/p>\n<h3>\u00bfEs seguro?<\/h3>\n<p>Aunque StrangerCam ofrece s\u00f3lidas funciones de privacidad y seguridad, siempre debes seguir las normas b\u00e1sicas de seguridad en Internet (consulta los consejos de seguridad anteriores).<\/p>\n<h3>\u00bfPuedo elegir chatear s\u00f3lo con chicas?<\/h3>\n<p>S\u00ed, el filtro de g\u00e9nero de StrangerCam te permite seleccionar emparejarte s\u00f3lo con usuarios femeninos, de forma gratuita.<\/p>\n<p>Si alguna vez has buscado una aplicaci\u00f3n de videollamadas gratis con una chica al azar, la buena noticia es: realmente existe, y est\u00e1 mejor que nunca en 2025. StrangerCam combina un dise\u00f1o moderno e intuitivo con un filtro de g\u00e9nero realmente libre y moderaci\u00f3n en tiempo real para crear una de las mejores experiencias de videochat online.<\/p>\n<p>No pierdas el tiempo con aplicaciones que prometen videochat gratis pero te obligan a pagar o a registrarte s\u00f3lo para hablar con chicas. Elige una plataforma en la que puedas conectar, re\u00edr y hacer nuevas amigas al instante y gratis.<\/p>\n<p>\u00bfListo para conocer a alguien nuevo? Prueba ahora una aplicaci\u00f3n gratuita de videollamadas y experimenta la emoci\u00f3n del chat de v\u00eddeo aleatorio con chicas reales, sin ataduras.<\/p>","protected":false},"excerpt":{"rendered":"<p>Are you searching for a free video call app with random girls? You\u2019re not alone. Millions of people every month are looking for genuine, spontaneous video chats with new people \u2013 especially with girls who are fun, friendly, and interested in meeting someone new. Whether you\u2019re feeling lonely, bored, or just curious, finding the right [&hellip;]<\/p>\n","protected":false},"author":8,"featured_media":0,"parent":0,"menu_order":0,"comment_status":"closed","ping_status":"closed","template":"","meta":{"footnotes":""},"class_list":["post-12954","page","type-page","status-publish","hentry"],"yoast_head":"<!-- This site is optimized with the Yoast SEO plugin v27.4 - https:\/\/yoast.com\/product\/yoast-seo-wordpress\/ -->\n<title>Free Video Call App With Random Girl - StrangerCam.com<\/title>\n<meta name=\"description\" content=\"Free Video Call App With Random Girl anonymously with over 5.000.000 strangers. No Sign-Up Required! Cam with strangers on StrangerCam.com.\" \/>\n<meta name=\"robots\" content=\"index, follow, max-snippet:-1, max-image-preview:large, max-video-preview:-1\" \/>\n<link rel=\"canonical\" href=\"https:\/\/strangercam.com\/es\/app-videollamada-gratis-con-chica-al-azar\/\" \/>\n<meta property=\"og:locale\" content=\"es_ES\" \/>\n<meta property=\"og:type\" content=\"article\" \/>\n<meta property=\"og:title\" content=\"Free Video Call App With Random Girl - StrangerCam.com\" \/>\n<meta property=\"og:description\" content=\"Free Video Call App With Random Girl anonymously with over 5.000.000 strangers. No Sign-Up Required! Cam with strangers on StrangerCam.com.\" \/>\n<meta property=\"og:url\" content=\"https:\/\/strangercam.com\/es\/app-videollamada-gratis-con-chica-al-azar\/\" \/>\n<meta property=\"og:site_name\" content=\"Strangercam\" \/>\n<meta property=\"article:publisher\" content=\"https:\/\/www.facebook.com\/strangercam\" \/>\n<meta property=\"article:modified_time\" content=\"2025-08-05T08:47:38+00:00\" \/>\n<meta property=\"og:image\" content=\"https:\/\/strangercam.com\/wp-content\/uploads\/2021\/10\/Untitled-2.png\" \/>\n\t<meta property=\"og:image:width\" content=\"800\" \/>\n\t<meta property=\"og:image:height\" content=\"532\" \/>\n\t<meta property=\"og:image:type\" content=\"image\/png\" \/>\n<meta name=\"twitter:card\" content=\"summary_large_image\" \/>\n<meta name=\"twitter:site\" content=\"@strangercamapp\" \/>\n<meta name=\"twitter:label1\" content=\"Tiempo de lectura\" \/>\n\t<meta name=\"twitter:data1\" content=\"7 minutos\" \/>\n<script type=\"application\/ld+json\" class=\"yoast-schema-graph\">{\"@context\":\"https:\\\/\\\/schema.org\",\"@graph\":[{\"@type\":\"WebPage\",\"@id\":\"https:\\\/\\\/strangercam.com\\\/free-video-call-app-with-random-girl\\\/\",\"url\":\"https:\\\/\\\/strangercam.com\\\/free-video-call-app-with-random-girl\\\/\",\"name\":\"Free Video Call App With Random Girl - StrangerCam.com\",\"isPartOf\":{\"@id\":\"https:\\\/\\\/strangercam.com\\\/#website\"},\"datePublished\":\"2025-08-05T08:47:17+00:00\",\"dateModified\":\"2025-08-05T08:47:38+00:00\",\"description\":\"Free Video Call App With Random Girl anonymously with over 5.000.000 strangers. No Sign-Up Required! Cam with strangers on StrangerCam.com.\",\"breadcrumb\":{\"@id\":\"https:\\\/\\\/strangercam.com\\\/free-video-call-app-with-random-girl\\\/#breadcrumb\"},\"inLanguage\":\"es\",\"potentialAction\":[{\"@type\":\"ReadAction\",\"target\":[\"https:\\\/\\\/strangercam.com\\\/free-video-call-app-with-random-girl\\\/\"]}]},{\"@type\":\"BreadcrumbList\",\"@id\":\"https:\\\/\\\/strangercam.com\\\/free-video-call-app-with-random-girl\\\/#breadcrumb\",\"itemListElement\":[{\"@type\":\"ListItem\",\"position\":1,\"name\":\"Home\",\"item\":\"https:\\\/\\\/strangercam.com\\\/\"},{\"@type\":\"ListItem\",\"position\":2,\"name\":\"Free Video Call App With Random Girl\"}]},{\"@type\":\"WebSite\",\"@id\":\"https:\\\/\\\/strangercam.com\\\/#website\",\"url\":\"https:\\\/\\\/strangercam.com\\\/\",\"name\":\"Strangercam\",\"description\":\"Random Video Chat with Strangers\",\"publisher\":{\"@id\":\"https:\\\/\\\/strangercam.com\\\/#organization\"},\"alternateName\":\"Strangercam.com\",\"potentialAction\":[{\"@type\":\"SearchAction\",\"target\":{\"@type\":\"EntryPoint\",\"urlTemplate\":\"https:\\\/\\\/strangercam.com\\\/?s={search_term_string}\"},\"query-input\":{\"@type\":\"PropertyValueSpecification\",\"valueRequired\":true,\"valueName\":\"search_term_string\"}}],\"inLanguage\":\"es\"},{\"@type\":\"Organization\",\"@id\":\"https:\\\/\\\/strangercam.com\\\/#organization\",\"name\":\"Strangercam\",\"alternateName\":\"Strangercam.com\",\"url\":\"https:\\\/\\\/strangercam.com\\\/\",\"logo\":{\"@type\":\"ImageObject\",\"inLanguage\":\"es\",\"@id\":\"https:\\\/\\\/strangercam.com\\\/#\\\/schema\\\/logo\\\/image\\\/\",\"url\":\"https:\\\/\\\/strangercam.com\\\/wp-content\\\/uploads\\\/2020\\\/11\\\/cropped-new-favicon-black.png\",\"contentUrl\":\"https:\\\/\\\/strangercam.com\\\/wp-content\\\/uploads\\\/2020\\\/11\\\/cropped-new-favicon-black.png\",\"width\":512,\"height\":512,\"caption\":\"Strangercam\"},\"image\":{\"@id\":\"https:\\\/\\\/strangercam.com\\\/#\\\/schema\\\/logo\\\/image\\\/\"},\"sameAs\":[\"https:\\\/\\\/www.facebook.com\\\/strangercam\",\"https:\\\/\\\/x.com\\\/strangercamapp\"]}]}<\/script>\n<!-- \/ Yoast SEO plugin. -->","yoast_head_json":{"title":"Aplicaci\u00f3n de videollamada gratis con chica aleatoria - StrangerCam.com","description":"Free Video Call App Con Chica al azar de forma an\u00f3nima con m\u00e1s de 5.000.000 extra\u00f1os. \u00a1No es necesario registrarse! Cam con extra\u00f1os en StrangerCam.com.","robots":{"index":"index","follow":"follow","max-snippet":"max-snippet:-1","max-image-preview":"max-image-preview:large","max-video-preview":"max-video-preview:-1"},"canonical":"https:\/\/strangercam.com\/es\/app-videollamada-gratis-con-chica-al-azar\/","og_locale":"es_ES","og_type":"article","og_title":"Free Video Call App With Random Girl - StrangerCam.com","og_description":"Free Video Call App With Random Girl anonymously with over 5.000.000 strangers. No Sign-Up Required! Cam with strangers on StrangerCam.com.","og_url":"https:\/\/strangercam.com\/es\/app-videollamada-gratis-con-chica-al-azar\/","og_site_name":"Strangercam","article_publisher":"https:\/\/www.facebook.com\/strangercam","article_modified_time":"2025-08-05T08:47:38+00:00","og_image":[{"width":800,"height":532,"url":"https:\/\/strangercam.com\/wp-content\/uploads\/2021\/10\/Untitled-2.png","type":"image\/png"}],"twitter_card":"summary_large_image","twitter_site":"@strangercamapp","twitter_misc":{"Tiempo de lectura":"7 minutos"},"schema":{"@context":"https:\/\/schema.org","@graph":[{"@type":"WebPage","@id":"https:\/\/strangercam.com\/free-video-call-app-with-random-girl\/","url":"https:\/\/strangercam.com\/free-video-call-app-with-random-girl\/","name":"Aplicaci\u00f3n de videollamada gratis con chica aleatoria - StrangerCam.com","isPartOf":{"@id":"https:\/\/strangercam.com\/#website"},"datePublished":"2025-08-05T08:47:17+00:00","dateModified":"2025-08-05T08:47:38+00:00","description":"Free Video Call App Con Chica al azar de forma an\u00f3nima con m\u00e1s de 5.000.000 extra\u00f1os. \u00a1No es necesario registrarse! Cam con extra\u00f1os en StrangerCam.com.","breadcrumb":{"@id":"https:\/\/strangercam.com\/free-video-call-app-with-random-girl\/#breadcrumb"},"inLanguage":"es","potentialAction":[{"@type":"ReadAction","target":["https:\/\/strangercam.com\/free-video-call-app-with-random-girl\/"]}]},{"@type":"BreadcrumbList","@id":"https:\/\/strangercam.com\/free-video-call-app-with-random-girl\/#breadcrumb","itemListElement":[{"@type":"ListItem","position":1,"name":"Home","item":"https:\/\/strangercam.com\/"},{"@type":"ListItem","position":2,"name":"Free Video Call App With Random Girl"}]},{"@type":"WebSite","@id":"https:\/\/strangercam.com\/#website","url":"https:\/\/strangercam.com\/","name":"Strangercam","description":"Videochat aleatorio con desconocidos","publisher":{"@id":"https:\/\/strangercam.com\/#organization"},"alternateName":"Strangercam.com","potentialAction":[{"@type":"SearchAction","target":{"@type":"EntryPoint","urlTemplate":"https:\/\/strangercam.com\/?s={search_term_string}"},"query-input":{"@type":"PropertyValueSpecification","valueRequired":true,"valueName":"search_term_string"}}],"inLanguage":"es"},{"@type":"Organization","@id":"https:\/\/strangercam.com\/#organization","name":"Strangercam","alternateName":"Strangercam.com","url":"https:\/\/strangercam.com\/","logo":{"@type":"ImageObject","inLanguage":"es","@id":"https:\/\/strangercam.com\/#\/schema\/logo\/image\/","url":"https:\/\/strangercam.com\/wp-content\/uploads\/2020\/11\/cropped-new-favicon-black.png","contentUrl":"https:\/\/strangercam.com\/wp-content\/uploads\/2020\/11\/cropped-new-favicon-black.png","width":512,"height":512,"caption":"Strangercam"},"image":{"@id":"https:\/\/strangercam.com\/#\/schema\/logo\/image\/"},"sameAs":["https:\/\/www.facebook.com\/strangercam","https:\/\/x.com\/strangercamapp"]}]}},"_links":{"self":[{"href":"https:\/\/strangercam.com\/es\/wp-json\/wp\/v2\/pages\/12954","targetHints":{"allow":["GET"]}}],"collection":[{"href":"https:\/\/strangercam.com\/es\/wp-json\/wp\/v2\/pages"}],"about":[{"href":"https:\/\/strangercam.com\/es\/wp-json\/wp\/v2\/types\/page"}],"author":[{"embeddable":true,"href":"https:\/\/strangercam.com\/es\/wp-json\/wp\/v2\/users\/8"}],"replies":[{"embeddable":true,"href":"https:\/\/strangercam.com\/es\/wp-json\/wp\/v2\/comments?post=12954"}],"version-history":[{"count":1,"href":"https:\/\/strangercam.com\/es\/wp-json\/wp\/v2\/pages\/12954\/revisions"}],"predecessor-version":[{"id":12955,"href":"https:\/\/strangercam.com\/es\/wp-json\/wp\/v2\/pages\/12954\/revisions\/12955"}],"wp:attachment":[{"href":"https:\/\/strangercam.com\/es\/wp-json\/wp\/v2\/media?parent=12954"}],"curies":[{"name":"wp","href":"https:\/\/api.w.org\/{rel}","templated":true}]}}