{"id":12946,"date":"2025-07-28T12:00:33","date_gmt":"2025-07-28T10:00:33","guid":{"rendered":"https:\/\/strangercam.com\/?page_id=12946"},"modified":"2025-07-28T12:00:33","modified_gmt":"2025-07-28T10:00:33","slug":"zeechat","status":"publish","type":"page","link":"https:\/\/strangercam.com\/es\/zeechat\/","title":{"rendered":"Zeechat"},"content":{"rendered":"<p>Con la continua popularidad del chat de v\u00eddeo aleatorio, una oleada de nuevas plataformas est\u00e1 atendiendo a los usuarios que buscan formas nuevas y an\u00f3nimas de <a href=\"https:\/\/strangercam.com\/es\/coomeet\/\">conozca<\/a> personas en todo el mundo. Zeechat es uno de los nuevos participantes, que pretende recuperar la emoci\u00f3n r\u00e1pida y espont\u00e1nea del <a href=\"https:\/\/strangercam.com\/es\/omegle\/\">Omegle<\/a> y Chatroulette, al tiempo que a\u00f1aden un dise\u00f1o moderno, s\u00f3lidas funciones de seguridad y compatibilidad m\u00f3vil sin fisuras.<\/p>\n<p>Pero, \u00bfdestaca realmente el Zeechat en un campo abarrotado de alternativas al Omegle? \u00bfEs f\u00e1cil de usar, seguro y merece la pena dedicarle tiempo en 2025? En esta revisi\u00f3n en profundidad, exploramos todo lo que necesitas saber: c\u00f3mo funciona Zeechat, sus caracter\u00edsticas clave, herramientas de seguridad, base de usuarios, y c\u00f3mo se compara con los principales competidores en el espacio de chat de v\u00eddeo al azar.<\/p>\n<h2>\u00bfQu\u00e9 es Zeechat?<\/h2>\n<p>Zeechat es un sitio de videochat aleatorio basado en navegador que conecta instant\u00e1neamente a los usuarios para mantener conversaciones uno a uno c\u00e1mara a c\u00e1mara con desconocidos de todo el mundo. Al igual que el Omegle original, Zeechat hace hincapi\u00e9 en el anonimato, la velocidad y la simplicidad: no es necesario registrarse, descargar ninguna aplicaci\u00f3n ni proporcionar informaci\u00f3n personal.<\/p>\n<p>Con un solo clic, los usuarios quedan emparejados para un videochat privado. Tanto si quieres ligar, hacer amigos, practicar idiomas o simplemente disfrutar de una relaci\u00f3n social informal, Zeechat te lo pone f\u00e1cil y accesible, todo ello manteniendo tu identidad en privado.<\/p>\n<h2>\u00bfPara qu\u00e9 sirve el Zeechat?<\/h2>\n<p>La misi\u00f3n principal de Zeechat es revigorizar la emoci\u00f3n de los encuentros an\u00f3nimos y sin gui\u00f3n en l\u00ednea, reuniendo a personas de diferentes culturas y or\u00edgenes para charlar en vivo y en directo. Zeechat destaca por varias razones:<\/p>\n<ul>\n<li>Verdadero anonimato: No se necesitan cuentas, nombres de usuario ni datos personales.<\/li>\n<li>Conexiones instant\u00e1neas: Emparejamiento r\u00e1pido con desconocidos, sin salas de espera<\/li>\n<li>Dise\u00f1o moderno y apto para m\u00f3viles: Una interfaz limpia y adaptable a cualquier dispositivo<\/li>\n<li>La seguridad es lo primero: Moderaci\u00f3n proactiva y herramientas de notificaci\u00f3n f\u00e1ciles de usar<\/li>\n<\/ul>\n<p>Tanto si lo que busca es una conversaci\u00f3n genuina, un intercambio cultural, un flirteo ligero o simplemente un rato de aburrimiento, Zeechat le ofrece una forma sin barreras de conectar con el mundo.<\/p>\n<h2>Caracter\u00edsticas principales<\/h2>\n<p>1. Videochat aleatorio instant\u00e1neo<br \/>\nEl coraz\u00f3n del Zeechat es su emparejamiento de v\u00eddeo uno a uno. Haga clic en \"Iniciar chat\", permita el acceso a la c\u00e1mara y al micr\u00f3fono, y se emparejar\u00e1 con otro usuario de cualquier parte del mundo, sin necesidad de iniciar sesi\u00f3n ni descargar nada.<\/p>\n<p>2. Opci\u00f3n de chat de texto<br \/>\nPara quienes no se atreven con la c\u00e1mara, tienen conexiones lentas o simplemente prefieren escribir, el Zeechat le permite enviar mensajes junto con v\u00eddeo. Este modo dual es perfecto para romper el hielo o salvar las diferencias ling\u00fc\u00edsticas.<\/p>\n<p>3. Bot\u00f3n de salto r\u00e1pido\/siguiente<br \/>\nSi una conversaci\u00f3n no es de tu estilo, s\u00f3lo tienes que pulsar \"Siguiente\" para pasar a otra. El motor de emparejamiento de Zeechat garantiza un retardo m\u00ednimo entre chats, manteniendo la experiencia divertida y din\u00e1mica.<\/p>\n<p>4. 100% Gratis y sin registro<br \/>\nTodas las funciones son gratuitas, sin registro ni proceso de inscripci\u00f3n. Esto garantiza la m\u00e1xima privacidad y una experiencia de usuario sin fricciones.<\/p>\n<p>5. Dise\u00f1o moderno y compatible con dispositivos m\u00f3viles<br \/>\nLa interfaz de Zeechat es sensible y est\u00e1 optimizada para el uso t\u00e1ctil, por lo que ofrece el mismo rendimiento fluido en smartphones, tabletas y ordenadores de sobremesa.<\/p>\n<p>6. Herramientas integradas de moderaci\u00f3n y elaboraci\u00f3n de informes<br \/>\nPara mantener Zeechat seguro y acogedor, todos los chats incluyen un bot\u00f3n visible de \"Denunciar\". Los usuarios pueden se\u00f1alar al instante cualquier comportamiento inapropiado, mientras que los moderadores y las herramientas basadas en IA controlan los abusos o las infracciones de contenido.<\/p>\n<p>7. Base de usuarios multinacional<br \/>\nCon usuarios de decenas de pa\u00edses conectados las 24 horas del d\u00eda, los 7 d\u00edas de la semana, Zeechat es un crisol de culturas, lo que la convierte en una gran plataforma para practicar idiomas y entablar amistades internacionales.<\/p>\n<h2>\u00bfEs gratuito el Zeechat?<\/h2>\n<p>S\u00ed, Zeechat es 100% de uso gratuito. No hay cargos ocultos, suscripciones ni muros de pago para el chat b\u00e1sico de v\u00eddeo o texto. La plataforma puede mostrar anuncios ligeros y discretos para cubrir los costes, pero nunca bloquean o degradan la experiencia b\u00e1sica del chat.<\/p>\n<p>Todos los usuarios tienen el mismo acceso:<\/p>\n<ul>\n<li>Sesiones ilimitadas de chat de v\u00eddeo y texto<\/li>\n<li>Funci\u00f3n Saltar\/Siguiente<\/li>\n<li>Herramientas de notificaci\u00f3n y bloqueo<\/li>\n<li>Soporte completo para ordenadores de sobremesa y m\u00f3viles<\/li>\n<\/ul>\n<h2>\u00bfQui\u00e9n utiliza Zeechat?<\/h2>\n<p>El planteamiento sencillo y sin barreras de Zeechat atrae a un amplio p\u00fablico internacional:<\/p>\n<ul>\n<li>Edades: Principalmente adultos de 18 a 35 a\u00f1os, con estrictos requisitos para mayores de 18 a\u00f1os.<\/li>\n<li>Geograf\u00eda: Usuarios de Norteam\u00e9rica, Europa, India, Sudeste Asi\u00e1tico, Brasil, etc.<\/li>\n<li>Intereses: Hacer nuevos amigos, intercambiar idiomas, ligar, socializar y divertirse<\/li>\n<\/ul>\n<p>La plataforma atrae a estudiantes, viajeros, n\u00f3madas digitales y a cualquiera que busque conversaciones genuinas o desenfadadas fuera de su c\u00edrculo social habitual.<\/p>\n<p>Como ocurre con la mayor\u00eda de <a href=\"https:\/\/strangercam.com\/es\/bazoocam\/\">leva<\/a> de chat, suele haber m\u00e1s usuarios masculinos que femeninos, pero el equilibrio entre sexos mejora lentamente a medida que crece la reputaci\u00f3n de la plataforma.<\/p>\n<h2>Seguridad, privacidad y moderaci\u00f3n<\/h2>\n<p>Zeechat hace especial hincapi\u00e9 en la seguridad y privacidad del usuario, con varias medidas importantes:<\/p>\n<h3>Privacidad<\/h3>\n<ul>\n<li>No es necesario registrarse, ni enviar correos electr\u00f3nicos ni datos personales<\/li>\n<li>Los chats no se guardan, almacenan ni permiten b\u00fasquedas.<\/li>\n<li>El acceso a la c\u00e1mara web y al micr\u00f3fono se basa en la sesi\u00f3n y siempre est\u00e1 bajo tu control<\/li>\n<\/ul>\n<h3>Moderaci\u00f3n<\/h3>\n<ul>\n<li>Denuncias en el chat: Se\u00f1ala al instante a los usuarios abusivos o inapropiados<\/li>\n<li>Supervisi\u00f3n de contenidos basada en inteligencia artificial: Detecta desnudos e infracciones de las pol\u00edticas en tiempo real.<\/li>\n<li>Moderadores humanos activos: Revisan los informes y aplican prohibiciones a los infractores reincidentes.<\/li>\n<\/ul>\n<h3>Buenas pr\u00e1cticas para los usuarios<\/h3>\n<ul>\n<li>Nunca compartas datos personales en el chat<\/li>\n<li>Utilice libremente los botones \"Siguiente\" e \"Informar\".<\/li>\n<li>Abandona o salta cualquier conversaci\u00f3n que te resulte inc\u00f3moda<\/li>\n<li>Zeechat es estrictamente para adultos (18+)<\/li>\n<\/ul>\n<h2>Experiencia de usuario y dise\u00f1o<\/h2>\n<p>El dise\u00f1o del Zeechat es moderno, despejado y muy intuitivo:<\/p>\n<ul>\n<li>La p\u00e1gina de inicio ofrece un llamativo bot\u00f3n \"Iniciar chat\" con informaci\u00f3n sobre privacidad y seguridad.<\/li>\n<li>Las ventanas de v\u00eddeo son grandes y claras, con controles visibles para saltar, silenciar e informar<\/li>\n<li>El sitio se carga r\u00e1pidamente y la transici\u00f3n entre chats es fluida, con un retraso m\u00ednimo.<\/li>\n<li>Las versiones para m\u00f3vil y escritorio ofrecen las mismas prestaciones y un rendimiento fiable<\/li>\n<\/ul>\n<p>No hay ventanas emergentes, anuncios agresivos ni men\u00fas complicados, lo que hace que Zeechat sea f\u00e1cil de usar tanto para chateadores nuevos como experimentados.<\/p>\n<h2>Zeechat frente a otras plataformas de videoconferencia aleatorias<\/h2>\n<p>\u00bfC\u00f3mo se compara Zeechat con otros sitios l\u00edderes de chat aleatorio?<\/p>\n<table>\n<thead>\n<tr>\n<th>Caracter\u00edstica<\/th>\n<th>Zeechat<\/th>\n<th>Omegle (cerrado)<\/th>\n<th>Ohmegle<\/th>\n<th>Chaty<\/th>\n<th><a href=\"https:\/\/strangercam.com\/es\/ometv\/\">OmeTV<\/a><\/th>\n<th>Lotta<\/th>\n<\/tr>\n<\/thead>\n<tbody>\n<tr>\n<td>Videochat<\/td>\n<td>S\u00ed<\/td>\n<td>S\u00ed<\/td>\n<td>S\u00ed<\/td>\n<td>S\u00ed<\/td>\n<td>S\u00ed<\/td>\n<td>S\u00ed<\/td>\n<\/tr>\n<tr>\n<td>Chat de texto<\/td>\n<td>S\u00ed<\/td>\n<td>S\u00ed<\/td>\n<td>S\u00ed<\/td>\n<td>S\u00ed<\/td>\n<td>S\u00ed<\/td>\n<td>S\u00ed<\/td>\n<\/tr>\n<tr>\n<td>Inscripci\u00f3n necesaria<\/td>\n<td>No<\/td>\n<td>No<\/td>\n<td>No<\/td>\n<td>No<\/td>\n<td>No<\/td>\n<td>No<\/td>\n<\/tr>\n<tr>\n<td>Asistencia m\u00f3vil<\/td>\n<td>Excelente<\/td>\n<td>Pobre<\/td>\n<td>Excelente<\/td>\n<td>Excelente<\/td>\n<td>Bien<\/td>\n<td>Excelente<\/td>\n<\/tr>\n<tr>\n<td>Herramientas de moderaci\u00f3n<\/td>\n<td>Fuerte<\/td>\n<td>D\u00e9bil<\/td>\n<td>Moderado<\/td>\n<td>Moderado<\/td>\n<td>Fuerte<\/td>\n<td>Bien<\/td>\n<\/tr>\n<tr>\n<td>Uso gratuito<\/td>\n<td>S\u00ed<\/td>\n<td>S\u00ed<\/td>\n<td>S\u00ed<\/td>\n<td>S\u00ed<\/td>\n<td>S\u00ed\/Pagado<\/td>\n<td>S\u00ed<\/td>\n<\/tr>\n<tr>\n<td>Filtros de g\u00e9nero\/regi\u00f3n<\/td>\n<td>No<\/td>\n<td>No<\/td>\n<td>No<\/td>\n<td>No<\/td>\n<td>Pagado<\/td>\n<td>No<\/td>\n<\/tr>\n<\/tbody>\n<\/table>\n<p>Resumen: Los puntos fuertes de Zeechat son su interfaz moderna y minimalista, su r\u00e1pido emparejamiento y su experiencia accesible y totalmente an\u00f3nima. Aunque no ofrece filtros avanzados ni ventajas premium, es una de las formas m\u00e1s sencillas de chatear de forma an\u00f3nima con gente nueva en cualquier momento y lugar.<\/p>\n<h2>Ventajas e inconvenientes<\/h2>\n<p>Pros:<\/p>\n<ul>\n<li>100% acceso gratuito e instant\u00e1neo, sin necesidad de registrarse<\/li>\n<li>Anonimato y estrictos controles de privacidad<\/li>\n<li>Chat de v\u00eddeo y texto r\u00e1pido y estable<\/li>\n<li>Interfaz moderna y m\u00f3vil<\/li>\n<li>Moderaci\u00f3n s\u00f3lida e informes de usuarios<\/li>\n<li>Base de usuarios internacional y multicultural<\/li>\n<\/ul>\n<p>Contras:<\/p>\n<ul>\n<li>No hay filtros de sexo ni de regi\u00f3n (el emparejamiento es totalmente aleatorio)<\/li>\n<li>Contenido inapropiado ocasional (com\u00fan a todos los sitios de chat an\u00f3nimos)<\/li>\n<li>M\u00e1s usuarios masculinos que femeninos<\/li>\n<li>Sin perfiles de usuario ni historial de chat<\/li>\n<li>No hay forma de volver a conectar con usuarios anteriores<\/li>\n<\/ul>\n<h2>Casos de uso ideales<\/h2>\n<p>Zeechat es perfecto para:<\/p>\n<ul>\n<li>Ventiladores de Omegle, <a href=\"https:\/\/strangercam.com\/es\/chatroulette\/\">Chatroulette<\/a>, o Ohmegle si busca una alternativa moderna y sin complicaciones<\/li>\n<li>Adultos que buscan videoconferencias espont\u00e1neas con personas de todo el mundo<\/li>\n<li>Estudiantes de idiomas, viajeros y expatriados que desean un aut\u00e9ntico intercambio cultural<\/li>\n<li>Cualquier persona aburrida que busque una interacci\u00f3n cara a cara y sin gui\u00f3n<\/li>\n<li>Usuarios que valoran el anonimato y no quieren registrarse ni instalar aplicaciones.<\/li>\n<\/ul>\n<p>Menos ideal para:<\/p>\n<ul>\n<li>Usuarios menores de 18 a\u00f1os (s\u00f3lo adultos)<\/li>\n<li>Los que buscan filtros espec\u00edficos para citas o una b\u00fasqueda de pareja personalizada<\/li>\n<li>Personas que desean perfiles o listas de amigos persistentes<\/li>\n<\/ul>\n<p>Zeechat es una de las nuevas plataformas de videochat aleatorio m\u00e1s prometedoras de 2025, que combina conexiones instant\u00e1neas y an\u00f3nimas con una interfaz limpia y herramientas de seguridad proactivas. Lleva la diversi\u00f3n y la emoci\u00f3n del chat cl\u00e1sico al estilo Omegle a una nueva generaci\u00f3n, en el escritorio o en el m\u00f3vil, siempre gratis y siempre privado.<\/p>\n<p>Si quieres conocer gente nueva, disfrutar de conversaciones sin gui\u00f3n o simplemente experimentar la emoci\u00f3n del videochat aleatorio sin complicaciones, merece la pena probar Zeechat.<\/p>","protected":false},"excerpt":{"rendered":"<p>With the continued popularity of random video chat, a wave of new platforms is catering to users seeking fresh, anonymous ways to meet people worldwide. Zeechat is one of the newest entrants, aiming to recapture the fast, spontaneous thrill of Omegle and Chatroulette\u2014while adding modern design, robust safety features, and seamless mobile compatibility. But does [&hellip;]<\/p>\n","protected":false},"author":6,"featured_media":0,"parent":0,"menu_order":0,"comment_status":"closed","ping_status":"closed","template":"","meta":{"footnotes":""},"class_list":["post-12946","page","type-page","status-publish","hentry"],"yoast_head":"<!-- This site is optimized with the Yoast SEO plugin v27.4 - https:\/\/yoast.com\/product\/yoast-seo-wordpress\/ -->\n<title>Zeechat - Live Video Chat, Online Video Call - StrangerCam<\/title>\n<meta name=\"description\" content=\"Like Zeechat? Come chat with more than 5.000.000 strangers on Stranger Cam for Free! Turn on your cam and find new friends &amp; maby a match!\" \/>\n<meta name=\"robots\" content=\"index, follow, max-snippet:-1, max-image-preview:large, max-video-preview:-1\" \/>\n<link rel=\"canonical\" href=\"https:\/\/strangercam.com\/es\/zeechat\/\" \/>\n<meta property=\"og:locale\" content=\"es_ES\" \/>\n<meta property=\"og:type\" content=\"article\" \/>\n<meta property=\"og:title\" content=\"Zeechat - Live Video Chat, Online Video Call - StrangerCam\" \/>\n<meta property=\"og:description\" content=\"Like Zeechat? Come chat with more than 5.000.000 strangers on Stranger Cam for Free! Turn on your cam and find new friends &amp; maby a match!\" \/>\n<meta property=\"og:url\" content=\"https:\/\/strangercam.com\/es\/zeechat\/\" \/>\n<meta property=\"og:site_name\" content=\"Strangercam\" \/>\n<meta property=\"article:publisher\" content=\"https:\/\/www.facebook.com\/strangercam\" \/>\n<meta property=\"og:image\" content=\"https:\/\/strangercam.com\/wp-content\/uploads\/2021\/10\/Untitled-2.png\" \/>\n\t<meta property=\"og:image:width\" content=\"800\" \/>\n\t<meta property=\"og:image:height\" content=\"532\" \/>\n\t<meta property=\"og:image:type\" content=\"image\/png\" \/>\n<meta name=\"twitter:card\" content=\"summary_large_image\" \/>\n<meta name=\"twitter:site\" content=\"@strangercamapp\" \/>\n<meta name=\"twitter:label1\" content=\"Tiempo de lectura\" \/>\n\t<meta name=\"twitter:data1\" content=\"6 minutos\" \/>\n<script type=\"application\/ld+json\" class=\"yoast-schema-graph\">{\"@context\":\"https:\\\/\\\/schema.org\",\"@graph\":[{\"@type\":\"WebPage\",\"@id\":\"https:\\\/\\\/strangercam.com\\\/zeechat\\\/\",\"url\":\"https:\\\/\\\/strangercam.com\\\/zeechat\\\/\",\"name\":\"Zeechat - Live Video Chat, Online Video Call - StrangerCam\",\"isPartOf\":{\"@id\":\"https:\\\/\\\/strangercam.com\\\/#website\"},\"datePublished\":\"2025-07-28T10:00:33+00:00\",\"description\":\"Like Zeechat? Come chat with more than 5.000.000 strangers on Stranger Cam for Free! Turn on your cam and find new friends & maby a match!\",\"breadcrumb\":{\"@id\":\"https:\\\/\\\/strangercam.com\\\/zeechat\\\/#breadcrumb\"},\"inLanguage\":\"es\",\"potentialAction\":[{\"@type\":\"ReadAction\",\"target\":[\"https:\\\/\\\/strangercam.com\\\/zeechat\\\/\"]}]},{\"@type\":\"BreadcrumbList\",\"@id\":\"https:\\\/\\\/strangercam.com\\\/zeechat\\\/#breadcrumb\",\"itemListElement\":[{\"@type\":\"ListItem\",\"position\":1,\"name\":\"Home\",\"item\":\"https:\\\/\\\/strangercam.com\\\/\"},{\"@type\":\"ListItem\",\"position\":2,\"name\":\"Zeechat\"}]},{\"@type\":\"WebSite\",\"@id\":\"https:\\\/\\\/strangercam.com\\\/#website\",\"url\":\"https:\\\/\\\/strangercam.com\\\/\",\"name\":\"Strangercam\",\"description\":\"Random Video Chat with Strangers\",\"publisher\":{\"@id\":\"https:\\\/\\\/strangercam.com\\\/#organization\"},\"alternateName\":\"Strangercam.com\",\"potentialAction\":[{\"@type\":\"SearchAction\",\"target\":{\"@type\":\"EntryPoint\",\"urlTemplate\":\"https:\\\/\\\/strangercam.com\\\/?s={search_term_string}\"},\"query-input\":{\"@type\":\"PropertyValueSpecification\",\"valueRequired\":true,\"valueName\":\"search_term_string\"}}],\"inLanguage\":\"es\"},{\"@type\":\"Organization\",\"@id\":\"https:\\\/\\\/strangercam.com\\\/#organization\",\"name\":\"Strangercam\",\"alternateName\":\"Strangercam.com\",\"url\":\"https:\\\/\\\/strangercam.com\\\/\",\"logo\":{\"@type\":\"ImageObject\",\"inLanguage\":\"es\",\"@id\":\"https:\\\/\\\/strangercam.com\\\/#\\\/schema\\\/logo\\\/image\\\/\",\"url\":\"https:\\\/\\\/strangercam.com\\\/wp-content\\\/uploads\\\/2020\\\/11\\\/cropped-new-favicon-black.png\",\"contentUrl\":\"https:\\\/\\\/strangercam.com\\\/wp-content\\\/uploads\\\/2020\\\/11\\\/cropped-new-favicon-black.png\",\"width\":512,\"height\":512,\"caption\":\"Strangercam\"},\"image\":{\"@id\":\"https:\\\/\\\/strangercam.com\\\/#\\\/schema\\\/logo\\\/image\\\/\"},\"sameAs\":[\"https:\\\/\\\/www.facebook.com\\\/strangercam\",\"https:\\\/\\\/x.com\\\/strangercamapp\"]}]}<\/script>\n<!-- \/ Yoast SEO plugin. -->","yoast_head_json":{"title":"Zeechat - Videochat en directo, Videollamada en l\u00ednea - StrangerCam","description":"\u00bfTe gusta Zeechat? \u00a1Ven a chatear gratis con m\u00e1s de 5.000.000 de desconocidos en Stranger Cam! \u00a1Enciende tu c\u00e1mara y encuentra nuevos amigos y tal vez una pareja!","robots":{"index":"index","follow":"follow","max-snippet":"max-snippet:-1","max-image-preview":"max-image-preview:large","max-video-preview":"max-video-preview:-1"},"canonical":"https:\/\/strangercam.com\/es\/zeechat\/","og_locale":"es_ES","og_type":"article","og_title":"Zeechat - Live Video Chat, Online Video Call - StrangerCam","og_description":"Like Zeechat? Come chat with more than 5.000.000 strangers on Stranger Cam for Free! Turn on your cam and find new friends & maby a match!","og_url":"https:\/\/strangercam.com\/es\/zeechat\/","og_site_name":"Strangercam","article_publisher":"https:\/\/www.facebook.com\/strangercam","og_image":[{"width":800,"height":532,"url":"https:\/\/strangercam.com\/wp-content\/uploads\/2021\/10\/Untitled-2.png","type":"image\/png"}],"twitter_card":"summary_large_image","twitter_site":"@strangercamapp","twitter_misc":{"Tiempo de lectura":"6 minutos"},"schema":{"@context":"https:\/\/schema.org","@graph":[{"@type":"WebPage","@id":"https:\/\/strangercam.com\/zeechat\/","url":"https:\/\/strangercam.com\/zeechat\/","name":"Zeechat - Videochat en directo, Videollamada en l\u00ednea - StrangerCam","isPartOf":{"@id":"https:\/\/strangercam.com\/#website"},"datePublished":"2025-07-28T10:00:33+00:00","description":"\u00bfTe gusta Zeechat? \u00a1Ven a chatear gratis con m\u00e1s de 5.000.000 de desconocidos en Stranger Cam! \u00a1Enciende tu c\u00e1mara y encuentra nuevos amigos y tal vez una pareja!","breadcrumb":{"@id":"https:\/\/strangercam.com\/zeechat\/#breadcrumb"},"inLanguage":"es","potentialAction":[{"@type":"ReadAction","target":["https:\/\/strangercam.com\/zeechat\/"]}]},{"@type":"BreadcrumbList","@id":"https:\/\/strangercam.com\/zeechat\/#breadcrumb","itemListElement":[{"@type":"ListItem","position":1,"name":"Home","item":"https:\/\/strangercam.com\/"},{"@type":"ListItem","position":2,"name":"Zeechat"}]},{"@type":"WebSite","@id":"https:\/\/strangercam.com\/#website","url":"https:\/\/strangercam.com\/","name":"Strangercam","description":"Videochat aleatorio con desconocidos","publisher":{"@id":"https:\/\/strangercam.com\/#organization"},"alternateName":"Strangercam.com","potentialAction":[{"@type":"SearchAction","target":{"@type":"EntryPoint","urlTemplate":"https:\/\/strangercam.com\/?s={search_term_string}"},"query-input":{"@type":"PropertyValueSpecification","valueRequired":true,"valueName":"search_term_string"}}],"inLanguage":"es"},{"@type":"Organization","@id":"https:\/\/strangercam.com\/#organization","name":"Strangercam","alternateName":"Strangercam.com","url":"https:\/\/strangercam.com\/","logo":{"@type":"ImageObject","inLanguage":"es","@id":"https:\/\/strangercam.com\/#\/schema\/logo\/image\/","url":"https:\/\/strangercam.com\/wp-content\/uploads\/2020\/11\/cropped-new-favicon-black.png","contentUrl":"https:\/\/strangercam.com\/wp-content\/uploads\/2020\/11\/cropped-new-favicon-black.png","width":512,"height":512,"caption":"Strangercam"},"image":{"@id":"https:\/\/strangercam.com\/#\/schema\/logo\/image\/"},"sameAs":["https:\/\/www.facebook.com\/strangercam","https:\/\/x.com\/strangercamapp"]}]}},"_links":{"self":[{"href":"https:\/\/strangercam.com\/es\/wp-json\/wp\/v2\/pages\/12946","targetHints":{"allow":["GET"]}}],"collection":[{"href":"https:\/\/strangercam.com\/es\/wp-json\/wp\/v2\/pages"}],"about":[{"href":"https:\/\/strangercam.com\/es\/wp-json\/wp\/v2\/types\/page"}],"author":[{"embeddable":true,"href":"https:\/\/strangercam.com\/es\/wp-json\/wp\/v2\/users\/6"}],"replies":[{"embeddable":true,"href":"https:\/\/strangercam.com\/es\/wp-json\/wp\/v2\/comments?post=12946"}],"version-history":[{"count":1,"href":"https:\/\/strangercam.com\/es\/wp-json\/wp\/v2\/pages\/12946\/revisions"}],"predecessor-version":[{"id":12947,"href":"https:\/\/strangercam.com\/es\/wp-json\/wp\/v2\/pages\/12946\/revisions\/12947"}],"wp:attachment":[{"href":"https:\/\/strangercam.com\/es\/wp-json\/wp\/v2\/media?parent=12946"}],"curies":[{"name":"wp","href":"https:\/\/api.w.org\/{rel}","templated":true}]}}