{"id":12944,"date":"2025-07-28T11:56:56","date_gmt":"2025-07-28T09:56:56","guid":{"rendered":"https:\/\/strangercam.com\/?page_id=12944"},"modified":"2025-07-28T11:56:56","modified_gmt":"2025-07-28T09:56:56","slug":"lotta","status":"publish","type":"page","link":"https:\/\/strangercam.com\/es\/lotta\/","title":{"rendered":"Lotta"},"content":{"rendered":"<p>Como las cl\u00e1sicas plataformas de videochat aleatorias como <a href=\"https:\/\/strangercam.com\/es\/omegle\/\">Omegle<\/a> Una nueva oleada de sitios web est\u00e1 ofreciendo a los usuarios la misma experiencia espont\u00e1nea y an\u00f3nima, con un toque moderno. Lotta es una de las alternativas m\u00e1s recientes y de m\u00e1s r\u00e1pido crecimiento en 2025, que combina la emoci\u00f3n del chat c\u00e1mara a c\u00e1mara aleatorio con una mayor velocidad, seguridad y una interfaz elegante y preparada para dispositivos m\u00f3viles.<\/p>\n<p>Pero, \u00bfmerece la pena dedicarle tiempo a Lotta? \u00bfSe diferencia de otros sitios de videochat del estilo de Omegle? En esta revisi\u00f3n exhaustiva, cubriremos todo lo que necesitas saber: c\u00f3mo funciona Lotta, qu\u00e9 caracter\u00edsticas ofrece, qui\u00e9n lo utiliza y c\u00f3mo se compara con otras plataformas de chat aleatorias importantes en 2025.<\/p>\n<h2>\u00bfQu\u00e9 es Lotta?<\/h2>\n<p>Lotta es una plataforma de videochat aleatorio basada en navegador dise\u00f1ada para establecer conexiones instant\u00e1neas y an\u00f3nimas con desconocidos de todo el mundo. Los usuarios pueden unirse con un solo clic, sin necesidad de registrarse, crear perfiles ni descargar aplicaciones. El sitio est\u00e1 dise\u00f1ado para ser r\u00e1pido y sencillo, y te permite iniciar chats de v\u00eddeo en directo en cuesti\u00f3n de segundos.<\/p>\n<p>Al igual que el Omegle original, el Lotta empareja a los usuarios uno a uno para mantener conversaciones de v\u00eddeo privadas. Pero mientras que la interfaz de Omegle parece anticuada y su moderaci\u00f3n inconsistente, Lotta ofrece una experiencia m\u00e1s moderna, segura y f\u00e1cil de usar, sin dejar de ser 100% gratuita.<\/p>\n<h2>\u00bfPara qu\u00e9 sirve el Lotta?<\/h2>\n<p>Lotta se cre\u00f3 para revivir la magia del videochat an\u00f3nimo y aleatorio que hizo de Omegle un fen\u00f3meno cultural, pero con mejoras clave para los usuarios de hoy en d\u00eda:<\/p>\n<ul>\n<li>Encuentros espont\u00e1neos, cara a cara: <a href=\"https:\/\/strangercam.com\/es\/coomeet\/\">Conozca<\/a> alguien nuevo, en cualquier momento y desde cualquier lugar.<\/li>\n<li>Verdadero anonimato: Sin perfiles, sin registro, sin redes sociales.<\/li>\n<li>Seguridad y moderaci\u00f3n modernas: Mant\u00e9n conversaciones seguras y acogedoras.<\/li>\n<li>Acceso r\u00e1pido y sin fricciones: Empieza a chatear al instante desde el ordenador o el m\u00f3vil.<\/li>\n<\/ul>\n<p>Tanto si quieres hacer nuevos amigos, practicar un idioma, ligar o simplemente tener una charla divertida con un desconocido, Lotta est\u00e1 dise\u00f1ado para ti.<\/p>\n<h2>Caracter\u00edsticas principales<\/h2>\n<p>1. Videochat aleatorio uno a uno<br \/>\nLa caracter\u00edstica principal de Lotta es su chat instant\u00e1neo y privado entre c\u00e1maras. Haz clic en \"Iniciar\", activa la c\u00e1mara web y el micr\u00f3fono y empezar\u00e1s a chatear en cuesti\u00f3n de segundos. Sin nombres de usuario ni biograf\u00edas: t\u00fa y un desconocido, cara a cara.<\/p>\n<p>2. Opci\u00f3n de chat de texto<br \/>\nAdem\u00e1s de v\u00eddeo, el Lotta permite enviar mensajes de texto dentro del chat. Esto resulta \u00fatil para romper el hielo, hacer frente a las barreras ling\u00fc\u00edsticas o si prefieres no hablar en voz alta.<\/p>\n<p>3. Bot\u00f3n Siguiente\/Saltar<br \/>\nSi no te apetece, s\u00f3lo tienes que pulsar \"Siguiente\" para que te emparejen con otra persona. No hay penalizaci\u00f3n ni l\u00edmite en la frecuencia con la que puedes saltar.<\/p>\n<p>4. 100% An\u00f3nimo, Sin registro<br \/>\nNo es necesario registrarse, crear un perfil ni compartir informaci\u00f3n personal. Todas las sesiones son temporales y privadas, lo que hace que Lotta sea una de las experiencias de chat en l\u00ednea m\u00e1s an\u00f3nimas.<\/p>\n<p>5. Dise\u00f1o moderno y optimizado para m\u00f3viles<br \/>\nLotta funciona a la perfecci\u00f3n en navegadores de escritorio y m\u00f3viles. La interfaz es limpia y sensible, por lo que es f\u00e1cil chatear en su tel\u00e9fono, tableta o port\u00e1til, sin necesidad de descargas.<\/p>\n<p>6. Herramientas de moderaci\u00f3n e informaci\u00f3n<br \/>\nPara mantener la seguridad de la plataforma, Lotta ofrece un bot\u00f3n de denuncia en el chat y utiliza una combinaci\u00f3n de moderaci\u00f3n automatizada (basada en IA) y humana. Los usuarios pueden se\u00f1alar contenidos o comportamientos inapropiados al instante.<\/p>\n<p>7. Emparejamiento r\u00e1pido y baja latencia<br \/>\nEl motor de concordancia de Lotta est\u00e1 dise\u00f1ado para la velocidad. Las conexiones de v\u00eddeo son r\u00e1pidas y estables, con un retardo m\u00ednimo, incluso en horas punta o en dispositivos m\u00f3viles.<\/p>\n<h2>\u00bfEs gratuito el Lotta?<\/h2>\n<p>S\u00ed, Lotta es totalmente gratuito. Todas las funciones principales -chat de v\u00eddeo, chat de texto y omisi\u00f3n ilimitada- est\u00e1n disponibles para todo el mundo, sin muros de pago ocultos ni niveles de suscripci\u00f3n.<\/p>\n<p>El sitio puede incluir publicidad ligera y no intrusiva para apoyar las operaciones, pero \u00e9sta nunca interrumpe la experiencia de chat ni limita el acceso.<\/p>\n<h2>\u00bfQui\u00e9n utiliza Lotta?<\/h2>\n<p>Lotta est\u00e1 creando r\u00e1pidamente una base de usuarios diversa y global, que incluye:<\/p>\n<ul>\n<li>Edades: Principalmente 18-35 (estrictamente adultos)<\/li>\n<li>Ubicaciones: Usuarios de Estados Unidos, Canad\u00e1, Reino Unido, Alemania, India, Brasil, Sudeste Asi\u00e1tico, etc.<\/li>\n<li>Intereses: Ligar, hacer amigos, intercambio de idiomas, conversaci\u00f3n informal, descubrimiento cultural<\/li>\n<\/ul>\n<p>Como es nuevo, el Lotta tiende a atraer a usuarios expertos en tecnolog\u00eda, estudiantes y aquellos que echan de menos la energ\u00eda desenfadada del cl\u00e1sico Omegle. La distribuci\u00f3n por sexos es similar a la de otros <a href=\"https:\/\/strangercam.com\/es\/bazoocam\/\">leva<\/a> con m\u00e1s usuarios masculinos que femeninos, pero la participaci\u00f3n femenina crece a medida que el sitio gana popularidad y reputaci\u00f3n.<\/p>\n<h2>Seguridad, privacidad y moderaci\u00f3n<\/h2>\n<p>Lotta reconoce que el anonimato conlleva tanto libertad como riesgo. La plataforma adopta un enfoque proactivo en materia de seguridad y privacidad de los usuarios:<\/p>\n<h3>Privacidad<\/h3>\n<ul>\n<li>No es necesario registrarse ni introducir datos personales<\/li>\n<li>Los chats no se graban ni se almacenan<\/li>\n<li>Controla tu webcam\/micr\u00f3fono en todo momento<\/li>\n<li>No se comparte la IP con los socios de chat<\/li>\n<\/ul>\n<h3>Moderaci\u00f3n<\/h3>\n<ul>\n<li>Bot\u00f3n de denuncia en el chat: Se\u00f1ala al instante cualquier comportamiento inapropiado o abusivo.<\/li>\n<li>Filtrado de contenidos basado en IA: Detecta y bloquea determinadas infracciones en tiempo real.<\/li>\n<li>Moderadores humanos: Revisan los informes y hacen cumplir las normas de la plataforma<\/li>\n<\/ul>\n<h3>Buenas pr\u00e1cticas<\/h3>\n<ul>\n<li>Nunca compartas informaci\u00f3n personal en el chat<\/li>\n<li>Utiliza los botones \"Siguiente\" y \"Denunciar\" siempre que te sientas inc\u00f3modo<\/li>\n<li>Recuerde que todas las interacciones son con extra\u00f1os; extreme las precauciones normales en Internet.<\/li>\n<\/ul>\n<h2>Experiencia de usuario y dise\u00f1o<\/h2>\n<p>La interfaz de usuario del Lotta es una de sus mejores caracter\u00edsticas. Es moderna, minimalista y sin distracciones:<\/p>\n<ul>\n<li>La p\u00e1gina de inicio presenta un llamativo bot\u00f3n \"Iniciar chat\" con informaci\u00f3n clara sobre privacidad y normas.<\/li>\n<li>En cuesti\u00f3n de segundos, estar\u00e1s emparejado y chateando en directo.<\/li>\n<li>Las ventanas de v\u00eddeo son grandes, con controles suaves para silenciar, saltar e informar<\/li>\n<li>La interfaz m\u00f3vil es tan limpia y f\u00e1cil de usar como la versi\u00f3n de escritorio.<\/li>\n<\/ul>\n<p>Lotta evita las ventanas emergentes, los anuncios excesivos y las solicitudes de registro, lo que permite disfrutar de una experiencia de chat agradable y sin fricciones en todo momento.<\/p>\n<h2>Lotta vs Otras Plataformas de Video Chat Aleatorias<\/h2>\n<p>\u00bfC\u00f3mo se compara el Lotta con las alternativas Omegle en 2025?<\/p>\n<table>\n<thead>\n<tr>\n<th>Caracter\u00edstica<\/th>\n<th>Lotta<\/th>\n<th>Omegle (cerrado)<\/th>\n<th>Ohmegle<\/th>\n<th><a href=\"https:\/\/strangercam.com\/es\/ometv\/\">OmeTV<\/a><\/th>\n<th>Chaty<\/th>\n<th>ChitChatTV<\/th>\n<\/tr>\n<\/thead>\n<tbody>\n<tr>\n<td>Videochat<\/td>\n<td>S\u00ed<\/td>\n<td>S\u00ed<\/td>\n<td>S\u00ed<\/td>\n<td>S\u00ed<\/td>\n<td>S\u00ed<\/td>\n<td>S\u00ed<\/td>\n<\/tr>\n<tr>\n<td>Chat de texto<\/td>\n<td>S\u00ed<\/td>\n<td>S\u00ed<\/td>\n<td>S\u00ed<\/td>\n<td>S\u00ed<\/td>\n<td>S\u00ed<\/td>\n<td>S\u00ed<\/td>\n<\/tr>\n<tr>\n<td>Inscripci\u00f3n necesaria<\/td>\n<td>No<\/td>\n<td>No<\/td>\n<td>No<\/td>\n<td>No<\/td>\n<td>No<\/td>\n<td>No<\/td>\n<\/tr>\n<tr>\n<td>Asistencia m\u00f3vil<\/td>\n<td>Excelente<\/td>\n<td>Pobre<\/td>\n<td>Excelente<\/td>\n<td>Bien<\/td>\n<td>Excelente<\/td>\n<td>Excelente<\/td>\n<\/tr>\n<tr>\n<td>Filtro de g\u00e9nero\/regi\u00f3n<\/td>\n<td>No<\/td>\n<td>No<\/td>\n<td>No<\/td>\n<td>Pagado<\/td>\n<td>No<\/td>\n<td>No<\/td>\n<\/tr>\n<tr>\n<td>Moderaci\u00f3n\/Informes<\/td>\n<td>Bien<\/td>\n<td>D\u00e9bil<\/td>\n<td>Moderado<\/td>\n<td>Fuerte<\/td>\n<td>Moderado<\/td>\n<td>Bien<\/td>\n<\/tr>\n<tr>\n<td>Uso gratuito<\/td>\n<td>S\u00ed<\/td>\n<td>S\u00ed<\/td>\n<td>S\u00ed<\/td>\n<td>S\u00ed\/Pagado<\/td>\n<td>S\u00ed<\/td>\n<td>S\u00ed<\/td>\n<\/tr>\n<\/tbody>\n<\/table>\n<p>Resumen: El Lotta rivaliza con el Ohmegle, el Chaty y el ChitChatTV en velocidad y facilidad de uso, pero destaca por su dise\u00f1o fresco y su experiencia fluida, especialmente para los nuevos usuarios y los que utilizan el m\u00f3vil.<\/p>\n<h2>Ventajas e inconvenientes<\/h2>\n<p>Pros:<\/p>\n<ul>\n<li>100% acceso gratuito e instant\u00e1neo, sin necesidad de registrarse<\/li>\n<li>Totalmente an\u00f3nimo y privado<\/li>\n<li>Conexiones de chat de v\u00eddeo y texto r\u00e1pidas y estables<\/li>\n<li>Interfaz elegante, moderna y optimizada para m\u00f3viles<\/li>\n<li>S\u00f3lidas herramientas de informaci\u00f3n y moderaci\u00f3n<\/li>\n<li>Ideal para conversaciones informales y sin gui\u00f3n en todo el mundo<\/li>\n<\/ul>\n<p>Contras:<\/p>\n<ul>\n<li>Sin filtros de sexo o ubicaci\u00f3n (las coincidencias son aleatorias)<\/li>\n<li>Exposici\u00f3n ocasional a comportamientos inadecuados (a pesar de la moderaci\u00f3n)<\/li>\n<li>Sin perfiles de usuario, listas de amigos ni posibilidad de volver a conectarse.<\/li>\n<li>M\u00e1s usuarios masculinos que femeninos (com\u00fan en este nicho)<\/li>\n<li>La plataforma sigue aumentando su base de usuarios en comparaci\u00f3n con los gigantes m\u00e1s antiguos<\/li>\n<\/ul>\n<h2>Casos de uso ideales<\/h2>\n<p>Lotta es perfecto para:<\/p>\n<p>Ventiladores de Omegle, <a href=\"https:\/\/strangercam.com\/es\/chatroulette\/\">Chatroulette<\/a>, o Ohmegle en busca de una nueva plataforma<\/p>\n<p>Usuarios que desean un chat r\u00e1pido, an\u00f3nimo, con v\u00eddeo y sin necesidad de registrarse<\/p>\n<p>Estudiantes de idiomas, expatriados y viajeros con ganas de conversaciones globales<\/p>\n<p>Personas que buscan socializar de forma espont\u00e1nea, divertirse o combatir el aburrimiento<\/p>\n<p>Es menos ideal para:<\/p>\n<ul>\n<li>Los que buscan funciones espec\u00edficas para citas o filtros de usuario<\/li>\n<li>Usuarios menores de 18 a\u00f1os (requisito estricto de edad)<\/li>\n<li>Personas que desean volver a conectar con usuarios concretos o crear chats a largo plazo<\/li>\n<\/ul>\n<p>Lotta es uno de los mejores sitios nuevos de videochat del estilo de Omegle en 2025, que ofrece conexiones instant\u00e1neas y an\u00f3nimas con desconocidos en un paquete moderno y f\u00e1cil de usar. Sin necesidad de registro, con un emparejamiento r\u00e1pido y un fuerte enfoque en la privacidad y la seguridad, es un digno sucesor de la cl\u00e1sica experiencia de videochat aleatorio.<\/p>\n<p>Si quieres conocer a gente nueva, hacer amigos, ligar o simplemente chatear en tiempo real con alguien de todo el mundo, merece la pena que pruebes Lotta. Su dise\u00f1o fresco, su rendimiento fiable y sus funciones accesibles lo convierten en la mejor elecci\u00f3n para la pr\u00f3xima generaci\u00f3n de chateadores aleatorios.<\/p>","protected":false},"excerpt":{"rendered":"<p>As classic random video chat platforms like Omegle fade from the spotlight, a new wave of sites is stepping up to offer users the same spontaneous, anonymous experience\u2014with a modern twist. Lotta is one of the newest and fastest-growing alternatives in 2025, combining the core excitement of random cam-to-cam chat with improved speed, security, and [&hellip;]<\/p>\n","protected":false},"author":6,"featured_media":0,"parent":0,"menu_order":0,"comment_status":"closed","ping_status":"closed","template":"","meta":{"footnotes":""},"class_list":["post-12944","page","type-page","status-publish","hentry"],"yoast_head":"<!-- This site is optimized with the Yoast SEO plugin v27.4 - https:\/\/yoast.com\/product\/yoast-seo-wordpress\/ -->\n<title>Lotta - Meet Strangers &amp; Video Chat Online - StrangerCam<\/title>\n<meta name=\"description\" content=\"Like Lotta? Come chat with more than 5.000.000 strangers on Stranger Cam for Free! Turn on your cam and find new friends &amp; maby a match!\" \/>\n<meta name=\"robots\" content=\"index, follow, max-snippet:-1, max-image-preview:large, max-video-preview:-1\" \/>\n<link rel=\"canonical\" href=\"https:\/\/strangercam.com\/es\/lotta\/\" \/>\n<meta property=\"og:locale\" content=\"es_ES\" \/>\n<meta property=\"og:type\" content=\"article\" \/>\n<meta property=\"og:title\" content=\"Lotta - Meet Strangers &amp; Video Chat Online - StrangerCam\" \/>\n<meta property=\"og:description\" content=\"Like Lotta? Come chat with more than 5.000.000 strangers on Stranger Cam for Free! Turn on your cam and find new friends &amp; maby a match!\" \/>\n<meta property=\"og:url\" content=\"https:\/\/strangercam.com\/es\/lotta\/\" \/>\n<meta property=\"og:site_name\" content=\"Strangercam\" \/>\n<meta property=\"article:publisher\" content=\"https:\/\/www.facebook.com\/strangercam\" \/>\n<meta property=\"og:image\" content=\"https:\/\/strangercam.com\/wp-content\/uploads\/2021\/10\/Untitled-2.png\" \/>\n\t<meta property=\"og:image:width\" content=\"800\" \/>\n\t<meta property=\"og:image:height\" content=\"532\" \/>\n\t<meta property=\"og:image:type\" content=\"image\/png\" \/>\n<meta name=\"twitter:card\" content=\"summary_large_image\" \/>\n<meta name=\"twitter:site\" content=\"@strangercamapp\" \/>\n<meta name=\"twitter:label1\" content=\"Tiempo de lectura\" \/>\n\t<meta name=\"twitter:data1\" content=\"6 minutos\" \/>\n<script type=\"application\/ld+json\" class=\"yoast-schema-graph\">{\"@context\":\"https:\\\/\\\/schema.org\",\"@graph\":[{\"@type\":\"WebPage\",\"@id\":\"https:\\\/\\\/strangercam.com\\\/lotta\\\/\",\"url\":\"https:\\\/\\\/strangercam.com\\\/lotta\\\/\",\"name\":\"Lotta - Meet Strangers & Video Chat Online - StrangerCam\",\"isPartOf\":{\"@id\":\"https:\\\/\\\/strangercam.com\\\/#website\"},\"datePublished\":\"2025-07-28T09:56:56+00:00\",\"description\":\"Like Lotta? Come chat with more than 5.000.000 strangers on Stranger Cam for Free! Turn on your cam and find new friends & maby a match!\",\"breadcrumb\":{\"@id\":\"https:\\\/\\\/strangercam.com\\\/lotta\\\/#breadcrumb\"},\"inLanguage\":\"es\",\"potentialAction\":[{\"@type\":\"ReadAction\",\"target\":[\"https:\\\/\\\/strangercam.com\\\/lotta\\\/\"]}]},{\"@type\":\"BreadcrumbList\",\"@id\":\"https:\\\/\\\/strangercam.com\\\/lotta\\\/#breadcrumb\",\"itemListElement\":[{\"@type\":\"ListItem\",\"position\":1,\"name\":\"Home\",\"item\":\"https:\\\/\\\/strangercam.com\\\/\"},{\"@type\":\"ListItem\",\"position\":2,\"name\":\"Lotta\"}]},{\"@type\":\"WebSite\",\"@id\":\"https:\\\/\\\/strangercam.com\\\/#website\",\"url\":\"https:\\\/\\\/strangercam.com\\\/\",\"name\":\"Strangercam\",\"description\":\"Random Video Chat with Strangers\",\"publisher\":{\"@id\":\"https:\\\/\\\/strangercam.com\\\/#organization\"},\"alternateName\":\"Strangercam.com\",\"potentialAction\":[{\"@type\":\"SearchAction\",\"target\":{\"@type\":\"EntryPoint\",\"urlTemplate\":\"https:\\\/\\\/strangercam.com\\\/?s={search_term_string}\"},\"query-input\":{\"@type\":\"PropertyValueSpecification\",\"valueRequired\":true,\"valueName\":\"search_term_string\"}}],\"inLanguage\":\"es\"},{\"@type\":\"Organization\",\"@id\":\"https:\\\/\\\/strangercam.com\\\/#organization\",\"name\":\"Strangercam\",\"alternateName\":\"Strangercam.com\",\"url\":\"https:\\\/\\\/strangercam.com\\\/\",\"logo\":{\"@type\":\"ImageObject\",\"inLanguage\":\"es\",\"@id\":\"https:\\\/\\\/strangercam.com\\\/#\\\/schema\\\/logo\\\/image\\\/\",\"url\":\"https:\\\/\\\/strangercam.com\\\/wp-content\\\/uploads\\\/2020\\\/11\\\/cropped-new-favicon-black.png\",\"contentUrl\":\"https:\\\/\\\/strangercam.com\\\/wp-content\\\/uploads\\\/2020\\\/11\\\/cropped-new-favicon-black.png\",\"width\":512,\"height\":512,\"caption\":\"Strangercam\"},\"image\":{\"@id\":\"https:\\\/\\\/strangercam.com\\\/#\\\/schema\\\/logo\\\/image\\\/\"},\"sameAs\":[\"https:\\\/\\\/www.facebook.com\\\/strangercam\",\"https:\\\/\\\/x.com\\\/strangercamapp\"]}]}<\/script>\n<!-- \/ Yoast SEO plugin. -->","yoast_head_json":{"title":"Lotta - Conoce Extra\u00f1os y Video Chat Online - StrangerCam","description":"\u00bfTe gusta Lotta? \u00a1Ven a chatear gratis con m\u00e1s de 5.000.000 de desconocidos en Stranger Cam! \u00a1Enciende tu c\u00e1mara y encuentra nuevos amigos y tal vez una pareja!","robots":{"index":"index","follow":"follow","max-snippet":"max-snippet:-1","max-image-preview":"max-image-preview:large","max-video-preview":"max-video-preview:-1"},"canonical":"https:\/\/strangercam.com\/es\/lotta\/","og_locale":"es_ES","og_type":"article","og_title":"Lotta - Meet Strangers & Video Chat Online - StrangerCam","og_description":"Like Lotta? Come chat with more than 5.000.000 strangers on Stranger Cam for Free! Turn on your cam and find new friends & maby a match!","og_url":"https:\/\/strangercam.com\/es\/lotta\/","og_site_name":"Strangercam","article_publisher":"https:\/\/www.facebook.com\/strangercam","og_image":[{"width":800,"height":532,"url":"https:\/\/strangercam.com\/wp-content\/uploads\/2021\/10\/Untitled-2.png","type":"image\/png"}],"twitter_card":"summary_large_image","twitter_site":"@strangercamapp","twitter_misc":{"Tiempo de lectura":"6 minutos"},"schema":{"@context":"https:\/\/schema.org","@graph":[{"@type":"WebPage","@id":"https:\/\/strangercam.com\/lotta\/","url":"https:\/\/strangercam.com\/lotta\/","name":"Lotta - Conoce Extra\u00f1os y Video Chat Online - StrangerCam","isPartOf":{"@id":"https:\/\/strangercam.com\/#website"},"datePublished":"2025-07-28T09:56:56+00:00","description":"\u00bfTe gusta Lotta? \u00a1Ven a chatear gratis con m\u00e1s de 5.000.000 de desconocidos en Stranger Cam! \u00a1Enciende tu c\u00e1mara y encuentra nuevos amigos y tal vez una pareja!","breadcrumb":{"@id":"https:\/\/strangercam.com\/lotta\/#breadcrumb"},"inLanguage":"es","potentialAction":[{"@type":"ReadAction","target":["https:\/\/strangercam.com\/lotta\/"]}]},{"@type":"BreadcrumbList","@id":"https:\/\/strangercam.com\/lotta\/#breadcrumb","itemListElement":[{"@type":"ListItem","position":1,"name":"Home","item":"https:\/\/strangercam.com\/"},{"@type":"ListItem","position":2,"name":"Lotta"}]},{"@type":"WebSite","@id":"https:\/\/strangercam.com\/#website","url":"https:\/\/strangercam.com\/","name":"Strangercam","description":"Videochat aleatorio con desconocidos","publisher":{"@id":"https:\/\/strangercam.com\/#organization"},"alternateName":"Strangercam.com","potentialAction":[{"@type":"SearchAction","target":{"@type":"EntryPoint","urlTemplate":"https:\/\/strangercam.com\/?s={search_term_string}"},"query-input":{"@type":"PropertyValueSpecification","valueRequired":true,"valueName":"search_term_string"}}],"inLanguage":"es"},{"@type":"Organization","@id":"https:\/\/strangercam.com\/#organization","name":"Strangercam","alternateName":"Strangercam.com","url":"https:\/\/strangercam.com\/","logo":{"@type":"ImageObject","inLanguage":"es","@id":"https:\/\/strangercam.com\/#\/schema\/logo\/image\/","url":"https:\/\/strangercam.com\/wp-content\/uploads\/2020\/11\/cropped-new-favicon-black.png","contentUrl":"https:\/\/strangercam.com\/wp-content\/uploads\/2020\/11\/cropped-new-favicon-black.png","width":512,"height":512,"caption":"Strangercam"},"image":{"@id":"https:\/\/strangercam.com\/#\/schema\/logo\/image\/"},"sameAs":["https:\/\/www.facebook.com\/strangercam","https:\/\/x.com\/strangercamapp"]}]}},"_links":{"self":[{"href":"https:\/\/strangercam.com\/es\/wp-json\/wp\/v2\/pages\/12944","targetHints":{"allow":["GET"]}}],"collection":[{"href":"https:\/\/strangercam.com\/es\/wp-json\/wp\/v2\/pages"}],"about":[{"href":"https:\/\/strangercam.com\/es\/wp-json\/wp\/v2\/types\/page"}],"author":[{"embeddable":true,"href":"https:\/\/strangercam.com\/es\/wp-json\/wp\/v2\/users\/6"}],"replies":[{"embeddable":true,"href":"https:\/\/strangercam.com\/es\/wp-json\/wp\/v2\/comments?post=12944"}],"version-history":[{"count":1,"href":"https:\/\/strangercam.com\/es\/wp-json\/wp\/v2\/pages\/12944\/revisions"}],"predecessor-version":[{"id":12945,"href":"https:\/\/strangercam.com\/es\/wp-json\/wp\/v2\/pages\/12944\/revisions\/12945"}],"wp:attachment":[{"href":"https:\/\/strangercam.com\/es\/wp-json\/wp\/v2\/media?parent=12944"}],"curies":[{"name":"wp","href":"https:\/\/api.w.org\/{rel}","templated":true}]}}