{"id":12942,"date":"2025-07-28T11:02:46","date_gmt":"2025-07-28T09:02:46","guid":{"rendered":"https:\/\/strangercam.com\/?page_id=12942"},"modified":"2025-07-28T11:02:46","modified_gmt":"2025-07-28T09:02:46","slug":"chatiwi","status":"publish","type":"page","link":"https:\/\/strangercam.com\/es\/chatiwi\/","title":{"rendered":"Chatiwi"},"content":{"rendered":"<p>El mundo en l\u00ednea <a href=\"https:\/\/strangercam.com\/es\/chatroulette\/\">chat<\/a> rooms ha evolucionado r\u00e1pidamente, pero la demanda de plataformas sociales sencillas, instant\u00e1neas y an\u00f3nimas es m\u00e1s fuerte que nunca. A medida que sitios antiguos como <a href=\"https:\/\/strangercam.com\/es\/chatiw\/\">Chatiw<\/a> y <a href=\"https:\/\/strangercam.com\/es\/chatib\/\">Chatib<\/a> luchan por estar a la altura de las expectativas de los usuarios modernos, Chatiwi se presenta como una nueva alternativa que ofrece las cl\u00e1sicas salas de chat en directo, mensajer\u00eda privada y una comunidad amistosa y global, todo en una plataforma gratuita y de f\u00e1cil acceso.<\/p>\n<p>Entonces, \u00bfc\u00f3mo se compara Chatiwi con los gigantes que lo inspiraron? \u00bfEs realmente gratuito, seguro y f\u00e1cil de usar? En este an\u00e1lisis en profundidad, exploraremos qu\u00e9 ofrece Chatiwi, qui\u00e9n lo utiliza y c\u00f3mo se compara con otras plataformas de chat l\u00edderes en 2025.<\/p>\n<h2>\u00bfQu\u00e9 es Chatiwi?<\/h2>\n<p>Chatiwi es un moderno sitio web de salas de chat basado en navegadores, inspirado en la sencillez y accesibilidad de plataformas cl\u00e1sicas como Chatiw y Chatib. Su principal promesa es conectar a personas de todo el mundo al instante, sin necesidad de registrarse ni descargar nada. Tanto si te interesan las salas de chat p\u00fablicas como las conversaciones privadas cara a cara, Chatiwi te sumerge en la acci\u00f3n con s\u00f3lo un alias y un clic.<\/p>\n<p>Chatiwi se est\u00e1 convirtiendo r\u00e1pidamente en uno de los favoritos de los usuarios que buscan conversaciones genuinas y nuevos amigos en l\u00ednea.<\/p>\n<h2>\u00bfPara qu\u00e9 sirve el Chatiwi?<\/h2>\n<p>La misi\u00f3n de Chatiwi es hacer que la socializaci\u00f3n en l\u00ednea sea divertida, r\u00e1pida y realmente accesible para todos. A diferencia de las aplicaciones que requieren registrarse, crear perfiles o instalar aplicaciones, Chatiwi reduce todo a lo esencial: conectar a personas reales para charlar en directo sobre temas que les interesan.<\/p>\n<p>Entre los principales objetivos figuran:<\/p>\n<ul>\n<li>Salas de chat abiertas y tem\u00e1ticas para debates en grupo<\/li>\n<li>Chats privados sin interrupciones para conexiones m\u00e1s personales<\/li>\n<li>Crear un entorno acogedor para personas de todos los or\u00edgenes, edades e intereses.<\/li>\n<li>Garantizar que todo el mundo pueda unirse a la conversaci\u00f3n al instante, sin barreras.<\/li>\n<\/ul>\n<p>Tanto si quieres charlar sobre m\u00fasica, aficiones, acontecimientos mundiales o simplemente saludar a alguien nuevo, el Chatiwi te ofrece un espacio flexible para hacerlo.<\/p>\n<h2>Caracter\u00edsticas principales<\/h2>\n<p>1. Salas de chat p\u00fablicas en directo<br \/>\nEl principal atractivo de Chatiwi es su variedad de salas de chat abiertas y tem\u00e1ticas. Desde el \u201cChat general\u201d a las salas de inter\u00e9s especial, los usuarios pueden unirse a cualquier debate con un solo clic, chatear en tiempo real, y <a href=\"https:\/\/strangercam.com\/es\/coomeet\/\">conozca<\/a> personas de todo el mundo.<\/p>\n<p>2. Chat privado uno a uno<br \/>\n\u00bfQuieres una conversaci\u00f3n m\u00e1s personal? Chatiwi permite a los usuarios pasar de las salas p\u00fablicas a la mensajer\u00eda privada, lo que permite conexiones m\u00e1s profundas, consejos amistosos o conversaciones confidenciales.<\/p>\n<p>3. No es necesario registrarse<br \/>\nAl igual que los mejores sitios de chat de la vieja escuela, Chatiwi te permite empezar a chatear inmediatamente. Solo tienes que elegir un apodo, sin necesidad de correo electr\u00f3nico, n\u00famero de tel\u00e9fono o redes sociales.<\/p>\n<p>4. Multidispositivo y apto para m\u00f3viles<br \/>\nChatiwi es totalmente adaptable y funciona sin problemas tanto en navegadores de escritorio como m\u00f3viles, por lo que es perfecto para chatear sobre la marcha.<\/p>\n<p>5. Interfaz sencilla y moderna<br \/>\nEl dise\u00f1o limpio del sitio reduce al m\u00ednimo las distracciones. Los mensajes son claros, es f\u00e1cil navegar por las salas y los controles esenciales (silenciar, bloquear, denunciar) est\u00e1n siempre a mano.<\/p>\n<p>6. Seguridad de los usuarios y herramientas de moderaci\u00f3n<br \/>\nChatiwi utiliza una combinaci\u00f3n de moderadores en directo y funciones de denuncia en sala para ayudar a mantener un entorno seguro y respetuoso.<\/p>\n<p>7. Amplia gama de temas<br \/>\nDesde salas de chat regionales a grupos de intereses especiales, hay un espacio para cada uno, ya sea para hablar de m\u00fasica, deportes, la vida o simplemente pasar el rato.<\/p>\n<h2>\u00bfEs gratis el Chatiwi?<\/h2>\n<p>Chatiwi es 100% de uso gratuito. No hay tarifas ocultas, suscripciones ni muros de pago. Todas las funciones (salas p\u00fablicas, mensajer\u00eda privada y herramientas de moderaci\u00f3n) son accesibles para todo el mundo.<\/p>\n<p>La plataforma puede mostrar anuncios ligeros y no intrusivos para apoyar el sitio, pero \u00e9stos nunca interfieren con la experiencia de chat.<\/p>\n<h2>\u00bfQui\u00e9n utiliza Chatiwi?<\/h2>\n<p>Chatiwi atrae a una base de usuarios global y diversa, al igual que Chatiw y Chatib. Entre los usuarios habituales se encuentran:<\/p>\n<ul>\n<li>Adultos de entre 18 y 40 a\u00f1os, aunque hay una mezcla de participantes mayores y m\u00e1s j\u00f3venes.<\/li>\n<li>Personas de Norteam\u00e9rica, Europa, Sudam\u00e9rica, India y Oriente Medio<\/li>\n<li>Estudiantes, profesionales, viajeros, expatriados y cualquiera que busque amistad o una conversaci\u00f3n informal.<\/li>\n<\/ul>\n<p>Razones habituales para unirse a Chatiwi:<\/p>\n<ul>\n<li>Hacer nuevos amigos y ampliar el c\u00edrculo social<\/li>\n<li>Pasar el tiempo, relajarse o evadirse del estr\u00e9s cotidiano<\/li>\n<li>Hablar de aficiones, m\u00fasica, cultura o acontecimientos mundiales<\/li>\n<li>Buscar consejo, compartir historias o simplemente charlar por diversi\u00f3n<\/li>\n<\/ul>\n<p>La variedad de salas de chat garantiza que todos puedan encontrar un espacio en el que se sientan c\u00f3modos e incluidos.<\/p>\n<h2>Seguridad, privacidad y moderaci\u00f3n<\/h2>\n<p>Chatiwi da prioridad a la privacidad de los usuarios y a la seguridad de las conversaciones. As\u00ed es como mantiene la plataforma segura y acogedora:<\/p>\n<h3>Privacidad<\/h3>\n<ul>\n<li>No es necesario crear una cuenta ni proporcionar datos personales<\/li>\n<li>Los chats no se archivan p\u00fablicamente ni permiten b\u00fasquedas<\/li>\n<li>Los usuarios interact\u00faan a trav\u00e9s de los apodos elegidos<\/li>\n<\/ul>\n<h3>Moderaci\u00f3n<\/h3>\n<ul>\n<li>Moderadores en directo supervisan las salas p\u00fablicas durante las horas punta<\/li>\n<li>Las funciones de denuncia y bloqueo en el chat permiten a los usuarios se\u00f1alar comportamientos inadecuados o spam.<\/li>\n<li>Directrices comunitarias claras contra la intimidaci\u00f3n, el acoso y las conductas perturbadoras<\/li>\n<\/ul>\n<h3>Control de usuarios<\/h3>\n<ul>\n<li>Bloquea o silencia instant\u00e1neamente a los usuarios molestos<\/li>\n<li>Cambia f\u00e1cilmente de sala o de apodo en cualquier momento<\/li>\n<li>Pasar a chats privados s\u00f3lo con usuarios de confianza<\/li>\n<\/ul>\n<p>Aunque ninguna sala de chat puede garantizar una experiencia perfecta, la moderaci\u00f3n activa de Chatiwi y las herramientas de seguridad impulsadas por los usuarios la convierten en una opci\u00f3n mejor que la mayor\u00eda para mantener conversaciones respetuosas y amistosas.<\/p>\n<h2>Experiencia de usuario y dise\u00f1o<\/h2>\n<p>Chatiwi ofrece una experiencia de chat fluida e intuitiva:<\/p>\n<ul>\n<li>La p\u00e1gina de inicio facilita la selecci\u00f3n de salas y la introducci\u00f3n de apodos<\/li>\n<li>Las salas de chat se cargan al instante, incluso en dispositivos m\u00f3viles<\/li>\n<li>La entrega de mensajes es r\u00e1pida y fiable, incluso en horas punta.<\/li>\n<li>Las notificaciones y las invitaciones a chats privados son f\u00e1ciles de gestionar<\/li>\n<li>Los controles para bloquear, silenciar o informar son prominentes y f\u00e1ciles de usar<\/li>\n<\/ul>\n<p>Chatiwi evita el desorden, las ventanas emergentes y los men\u00fas confusos, por lo que es accesible para usuarios de todas las edades y conocimientos t\u00e9cnicos.<\/p>\n<h2>Chatiwi vs Otras Plataformas de Salas de Chat<\/h2>\n<p>\u00bfEn qu\u00e9 se diferencia el Chatiwi de sus predecesores y colegas?<\/p>\n<table>\n<thead>\n<tr>\n<th>Caracter\u00edstica<\/th>\n<th>Chatiwi<\/th>\n<th>Chatiw<\/th>\n<th>Chatib<\/th>\n<th>En l\u00edneaFreeChat<\/th>\n<th><a href=\"https:\/\/strangercam.com\/es\/wireclub\/\">Wireclub<\/a><\/th>\n<\/tr>\n<\/thead>\n<tbody>\n<tr>\n<td>Acceso gratuito<\/td>\n<td>S\u00ed<\/td>\n<td>S\u00ed<\/td>\n<td>S\u00ed<\/td>\n<td>S\u00ed<\/td>\n<td>S\u00ed<\/td>\n<\/tr>\n<tr>\n<td>No es necesario registrarse<\/td>\n<td>S\u00ed<\/td>\n<td>S\u00ed<\/td>\n<td>S\u00ed<\/td>\n<td>S\u00ed<\/td>\n<td>No<\/td>\n<\/tr>\n<tr>\n<td>Salas de chat tem\u00e1ticas<\/td>\n<td>S\u00ed<\/td>\n<td>S\u00ed<\/td>\n<td>S\u00ed<\/td>\n<td>S\u00ed<\/td>\n<td>S\u00ed<\/td>\n<\/tr>\n<tr>\n<td>Mensajer\u00eda privada<\/td>\n<td>S\u00ed<\/td>\n<td>S\u00ed<\/td>\n<td>S\u00ed<\/td>\n<td>S\u00ed<\/td>\n<td>S\u00ed<\/td>\n<\/tr>\n<tr>\n<td>Asistencia m\u00f3vil<\/td>\n<td>Excelente<\/td>\n<td>Bien<\/td>\n<td>Bien<\/td>\n<td>Excelente<\/td>\n<td>Bien<\/td>\n<\/tr>\n<tr>\n<td>Herramientas de moderaci\u00f3n<\/td>\n<td>Fuerte<\/td>\n<td>Moderado<\/td>\n<td>Moderado<\/td>\n<td>Fuerte<\/td>\n<td>Fuerte<\/td>\n<\/tr>\n<tr>\n<td>Anuncios<\/td>\n<td>M\u00ednimo<\/td>\n<td>S\u00ed<\/td>\n<td>S\u00ed<\/td>\n<td>M\u00ednimo<\/td>\n<td>S\u00ed<\/td>\n<\/tr>\n<\/tbody>\n<\/table>\n<p>Resumen: Chatiwi iguala o supera a sus rivales en todos los aspectos importantes: ofrece acceso instant\u00e1neo y gratuito, un dise\u00f1o moderno y una moderaci\u00f3n eficaz, con mejor soporte m\u00f3vil y un ambiente comunitario m\u00e1s acogedor.<\/p>\n<h2>Ventajas e inconvenientes<\/h2>\n<p>Pros:<\/p>\n<ul>\n<li>100% chat an\u00f3nimo y gratuito<\/li>\n<li>No es necesario registrarse ni descargar nada<\/li>\n<li>Una base de usuarios global, activa y cordial<\/li>\n<li>Opciones de chat en grupo y privado<\/li>\n<li>Interfaz r\u00e1pida y moderna con gran compatibilidad m\u00f3vil<\/li>\n<li>Moderaci\u00f3n activa y herramientas de seguridad s\u00f3lidas<\/li>\n<\/ul>\n<p>Contras:<\/p>\n<ul>\n<li>Sin chat de v\u00eddeo (s\u00f3lo texto)<\/li>\n<li>Usuarios problem\u00e1ticos ocasionales, aunque suelen ser tratados con rapidez.<\/li>\n<li>Sin perfiles a largo plazo ni historial de usuario<\/li>\n<li>La popularidad de las habitaciones puede fluctuar fuera de las horas punta.<\/li>\n<\/ul>\n<h2>Casos de uso ideales<\/h2>\n<p>Chatiwi es perfecto para:<\/p>\n<ul>\n<li>Cualquiera que haya disfrutado con los cl\u00e1sicos Chatiw o Chatib, pero que desee una experiencia m\u00e1s moderna y adaptada a los dispositivos m\u00f3viles.<\/li>\n<li>Personas que buscan una forma r\u00e1pida, gratuita y sencilla de chatear con desconocidos<\/li>\n<li>Expatriados, viajeros o estudiantes de idiomas que buscan conectarse en todo el mundo<\/li>\n<li>Usuarios que valoran la privacidad y la sencillez en la socializaci\u00f3n en l\u00ednea<\/li>\n<\/ul>\n<p>Menos ideal para:<\/p>\n<ul>\n<li>Los que buscan espec\u00edficamente plataformas de videochat<\/li>\n<li>Usuarios menores de 18 a\u00f1os (la plataforma es s\u00f3lo para adultos)<\/li>\n<li>Personas que desean funciones avanzadas de emparejamiento o citas<\/li>\n<\/ul>\n<p>Chatiwi es una alternativa de primer nivel a Chatiw y Chatib, que ofrece lo mejor de las salas de chat en l\u00ednea cl\u00e1sicas con un toque moderno. R\u00e1pida, gratuita, an\u00f3nima y preparada para dispositivos m\u00f3viles, es una de las formas m\u00e1s sencillas de conocer gente nueva, hacer amigos o disfrutar de un animado chat de grupo en 2025.<\/p>\n<p>Con una moderaci\u00f3n eficaz, un dise\u00f1o f\u00e1cil de usar y una comunidad global acogedora, Chatiwi ofrece exactamente lo que los usuarios quieren de una plataforma de salas de chat: una conversaci\u00f3n espont\u00e1nea, genuina y segura, en cualquier momento y lugar.<\/p>\n<p>Si buscas una sala de chat sencilla y accesible a la que unirte hoy mismo, merece la pena probar Chatiwi.<\/p>","protected":false},"excerpt":{"rendered":"<p>The world of online chat rooms has evolved rapidly, but the demand for simple, instant, and anonymous social platforms is stronger than ever. As older sites like Chatiw and Chatib struggle to keep up with modern user expectations, Chatiwi steps in as a new alternative\u2014offering classic live chat rooms, private messaging, and a friendly, global [&hellip;]<\/p>\n","protected":false},"author":6,"featured_media":0,"parent":0,"menu_order":0,"comment_status":"closed","ping_status":"closed","template":"","meta":{"footnotes":""},"class_list":["post-12942","page","type-page","status-publish","hentry"],"yoast_head":"<!-- This site is optimized with the Yoast SEO plugin v27.4 - https:\/\/yoast.com\/product\/yoast-seo-wordpress\/ -->\n<title>Chatiwi - Your Anonymous Encrypted Chat - StrangerCam<\/title>\n<meta name=\"description\" content=\"Like Chatiwi? Come chat with more than 5.000.000 strangers on Stranger Cam for Free! Turn on your cam and find new friends &amp; maby a match!\" \/>\n<meta name=\"robots\" content=\"index, follow, max-snippet:-1, max-image-preview:large, max-video-preview:-1\" \/>\n<link rel=\"canonical\" href=\"https:\/\/strangercam.com\/es\/chatiwi\/\" \/>\n<meta property=\"og:locale\" content=\"es_ES\" \/>\n<meta property=\"og:type\" content=\"article\" \/>\n<meta property=\"og:title\" content=\"Chatiwi - Your Anonymous Encrypted Chat - StrangerCam\" \/>\n<meta property=\"og:description\" content=\"Like Chatiwi? Come chat with more than 5.000.000 strangers on Stranger Cam for Free! Turn on your cam and find new friends &amp; maby a match!\" \/>\n<meta property=\"og:url\" content=\"https:\/\/strangercam.com\/es\/chatiwi\/\" \/>\n<meta property=\"og:site_name\" content=\"Strangercam\" \/>\n<meta property=\"article:publisher\" content=\"https:\/\/www.facebook.com\/strangercam\" \/>\n<meta property=\"og:image\" content=\"https:\/\/strangercam.com\/wp-content\/uploads\/2021\/10\/Untitled-2.png\" \/>\n\t<meta property=\"og:image:width\" content=\"800\" \/>\n\t<meta property=\"og:image:height\" content=\"532\" \/>\n\t<meta property=\"og:image:type\" content=\"image\/png\" \/>\n<meta name=\"twitter:card\" content=\"summary_large_image\" \/>\n<meta name=\"twitter:site\" content=\"@strangercamapp\" \/>\n<meta name=\"twitter:label1\" content=\"Tiempo de lectura\" \/>\n\t<meta name=\"twitter:data1\" content=\"6 minutos\" \/>\n<script type=\"application\/ld+json\" class=\"yoast-schema-graph\">{\"@context\":\"https:\\\/\\\/schema.org\",\"@graph\":[{\"@type\":\"WebPage\",\"@id\":\"https:\\\/\\\/strangercam.com\\\/chatiwi\\\/\",\"url\":\"https:\\\/\\\/strangercam.com\\\/chatiwi\\\/\",\"name\":\"Chatiwi - Your Anonymous Encrypted Chat - StrangerCam\",\"isPartOf\":{\"@id\":\"https:\\\/\\\/strangercam.com\\\/#website\"},\"datePublished\":\"2025-07-28T09:02:46+00:00\",\"description\":\"Like Chatiwi? Come chat with more than 5.000.000 strangers on Stranger Cam for Free! Turn on your cam and find new friends & maby a match!\",\"breadcrumb\":{\"@id\":\"https:\\\/\\\/strangercam.com\\\/chatiwi\\\/#breadcrumb\"},\"inLanguage\":\"es\",\"potentialAction\":[{\"@type\":\"ReadAction\",\"target\":[\"https:\\\/\\\/strangercam.com\\\/chatiwi\\\/\"]}]},{\"@type\":\"BreadcrumbList\",\"@id\":\"https:\\\/\\\/strangercam.com\\\/chatiwi\\\/#breadcrumb\",\"itemListElement\":[{\"@type\":\"ListItem\",\"position\":1,\"name\":\"Home\",\"item\":\"https:\\\/\\\/strangercam.com\\\/\"},{\"@type\":\"ListItem\",\"position\":2,\"name\":\"Chatiwi\"}]},{\"@type\":\"WebSite\",\"@id\":\"https:\\\/\\\/strangercam.com\\\/#website\",\"url\":\"https:\\\/\\\/strangercam.com\\\/\",\"name\":\"Strangercam\",\"description\":\"Random Video Chat with Strangers\",\"publisher\":{\"@id\":\"https:\\\/\\\/strangercam.com\\\/#organization\"},\"alternateName\":\"Strangercam.com\",\"potentialAction\":[{\"@type\":\"SearchAction\",\"target\":{\"@type\":\"EntryPoint\",\"urlTemplate\":\"https:\\\/\\\/strangercam.com\\\/?s={search_term_string}\"},\"query-input\":{\"@type\":\"PropertyValueSpecification\",\"valueRequired\":true,\"valueName\":\"search_term_string\"}}],\"inLanguage\":\"es\"},{\"@type\":\"Organization\",\"@id\":\"https:\\\/\\\/strangercam.com\\\/#organization\",\"name\":\"Strangercam\",\"alternateName\":\"Strangercam.com\",\"url\":\"https:\\\/\\\/strangercam.com\\\/\",\"logo\":{\"@type\":\"ImageObject\",\"inLanguage\":\"es\",\"@id\":\"https:\\\/\\\/strangercam.com\\\/#\\\/schema\\\/logo\\\/image\\\/\",\"url\":\"https:\\\/\\\/strangercam.com\\\/wp-content\\\/uploads\\\/2020\\\/11\\\/cropped-new-favicon-black.png\",\"contentUrl\":\"https:\\\/\\\/strangercam.com\\\/wp-content\\\/uploads\\\/2020\\\/11\\\/cropped-new-favicon-black.png\",\"width\":512,\"height\":512,\"caption\":\"Strangercam\"},\"image\":{\"@id\":\"https:\\\/\\\/strangercam.com\\\/#\\\/schema\\\/logo\\\/image\\\/\"},\"sameAs\":[\"https:\\\/\\\/www.facebook.com\\\/strangercam\",\"https:\\\/\\\/x.com\\\/strangercamapp\"]}]}<\/script>\n<!-- \/ Yoast SEO plugin. -->","yoast_head_json":{"title":"Chatiwi - Tu Chat An\u00f3nimo Encriptado - StrangerCam","description":"\u00bfTe gusta Chatiwi? \u00a1Ven a chatear gratis con m\u00e1s de 5.000.000 de desconocidos en Stranger Cam! \u00a1Enciende tu c\u00e1mara y encuentra nuevos amigos y tal vez una pareja!","robots":{"index":"index","follow":"follow","max-snippet":"max-snippet:-1","max-image-preview":"max-image-preview:large","max-video-preview":"max-video-preview:-1"},"canonical":"https:\/\/strangercam.com\/es\/chatiwi\/","og_locale":"es_ES","og_type":"article","og_title":"Chatiwi - Your Anonymous Encrypted Chat - StrangerCam","og_description":"Like Chatiwi? Come chat with more than 5.000.000 strangers on Stranger Cam for Free! Turn on your cam and find new friends & maby a match!","og_url":"https:\/\/strangercam.com\/es\/chatiwi\/","og_site_name":"Strangercam","article_publisher":"https:\/\/www.facebook.com\/strangercam","og_image":[{"width":800,"height":532,"url":"https:\/\/strangercam.com\/wp-content\/uploads\/2021\/10\/Untitled-2.png","type":"image\/png"}],"twitter_card":"summary_large_image","twitter_site":"@strangercamapp","twitter_misc":{"Tiempo de lectura":"6 minutos"},"schema":{"@context":"https:\/\/schema.org","@graph":[{"@type":"WebPage","@id":"https:\/\/strangercam.com\/chatiwi\/","url":"https:\/\/strangercam.com\/chatiwi\/","name":"Chatiwi - Tu Chat An\u00f3nimo Encriptado - StrangerCam","isPartOf":{"@id":"https:\/\/strangercam.com\/#website"},"datePublished":"2025-07-28T09:02:46+00:00","description":"\u00bfTe gusta Chatiwi? \u00a1Ven a chatear gratis con m\u00e1s de 5.000.000 de desconocidos en Stranger Cam! \u00a1Enciende tu c\u00e1mara y encuentra nuevos amigos y tal vez una pareja!","breadcrumb":{"@id":"https:\/\/strangercam.com\/chatiwi\/#breadcrumb"},"inLanguage":"es","potentialAction":[{"@type":"ReadAction","target":["https:\/\/strangercam.com\/chatiwi\/"]}]},{"@type":"BreadcrumbList","@id":"https:\/\/strangercam.com\/chatiwi\/#breadcrumb","itemListElement":[{"@type":"ListItem","position":1,"name":"Home","item":"https:\/\/strangercam.com\/"},{"@type":"ListItem","position":2,"name":"Chatiwi"}]},{"@type":"WebSite","@id":"https:\/\/strangercam.com\/#website","url":"https:\/\/strangercam.com\/","name":"Strangercam","description":"Videochat aleatorio con desconocidos","publisher":{"@id":"https:\/\/strangercam.com\/#organization"},"alternateName":"Strangercam.com","potentialAction":[{"@type":"SearchAction","target":{"@type":"EntryPoint","urlTemplate":"https:\/\/strangercam.com\/?s={search_term_string}"},"query-input":{"@type":"PropertyValueSpecification","valueRequired":true,"valueName":"search_term_string"}}],"inLanguage":"es"},{"@type":"Organization","@id":"https:\/\/strangercam.com\/#organization","name":"Strangercam","alternateName":"Strangercam.com","url":"https:\/\/strangercam.com\/","logo":{"@type":"ImageObject","inLanguage":"es","@id":"https:\/\/strangercam.com\/#\/schema\/logo\/image\/","url":"https:\/\/strangercam.com\/wp-content\/uploads\/2020\/11\/cropped-new-favicon-black.png","contentUrl":"https:\/\/strangercam.com\/wp-content\/uploads\/2020\/11\/cropped-new-favicon-black.png","width":512,"height":512,"caption":"Strangercam"},"image":{"@id":"https:\/\/strangercam.com\/#\/schema\/logo\/image\/"},"sameAs":["https:\/\/www.facebook.com\/strangercam","https:\/\/x.com\/strangercamapp"]}]}},"_links":{"self":[{"href":"https:\/\/strangercam.com\/es\/wp-json\/wp\/v2\/pages\/12942","targetHints":{"allow":["GET"]}}],"collection":[{"href":"https:\/\/strangercam.com\/es\/wp-json\/wp\/v2\/pages"}],"about":[{"href":"https:\/\/strangercam.com\/es\/wp-json\/wp\/v2\/types\/page"}],"author":[{"embeddable":true,"href":"https:\/\/strangercam.com\/es\/wp-json\/wp\/v2\/users\/6"}],"replies":[{"embeddable":true,"href":"https:\/\/strangercam.com\/es\/wp-json\/wp\/v2\/comments?post=12942"}],"version-history":[{"count":1,"href":"https:\/\/strangercam.com\/es\/wp-json\/wp\/v2\/pages\/12942\/revisions"}],"predecessor-version":[{"id":12943,"href":"https:\/\/strangercam.com\/es\/wp-json\/wp\/v2\/pages\/12942\/revisions\/12943"}],"wp:attachment":[{"href":"https:\/\/strangercam.com\/es\/wp-json\/wp\/v2\/media?parent=12942"}],"curies":[{"name":"wp","href":"https:\/\/api.w.org\/{rel}","templated":true}]}}