{"id":12939,"date":"2025-07-28T11:00:18","date_gmt":"2025-07-28T09:00:18","guid":{"rendered":"https:\/\/strangercam.com\/?page_id=12939"},"modified":"2025-07-28T11:00:18","modified_gmt":"2025-07-28T09:00:18","slug":"chitchattv","status":"publish","type":"page","link":"https:\/\/strangercam.com\/es\/chitchattv\/","title":{"rendered":"ChitChatTV"},"content":{"rendered":"<p>Con el auge (y a veces la ca\u00edda) del v\u00eddeo popular <a href=\"https:\/\/strangercam.com\/es\/chathub\/\">chat<\/a> aplicaciones como Monkey, Azar y <a href=\"https:\/\/strangercam.com\/es\/ometv\/\">OmeTV<\/a>, La escena del chat en l\u00ednea nunca ha sido tan competitiva ni tan innovadora. ChitChatTV es un nuevo contendiente en el espacio del videochat aleatorio, que promete conexiones instant\u00e1neas, globales e individuales, as\u00ed como una experiencia animada y apta para m\u00f3viles que atrae a la generaci\u00f3n TikTok y m\u00e1s all\u00e1.<\/p>\n<p>\u00bfConsigue el ChitChatTV lo que sus predecesores no consiguieron? \u00bfC\u00f3mo funciona, a qui\u00e9n va dirigido y es realmente la mejor nueva forma de <a href=\"https:\/\/strangercam.com\/es\/coomeet\/\">conozca<\/a> \u00bfextra\u00f1os en l\u00ednea? En este an\u00e1lisis en profundidad, exploramos todo lo que necesitas saber sobre ChitChatTV: sus caracter\u00edsticas, experiencia de usuario, normas de seguridad y c\u00f3mo se compara con los grandes nombres del videochat para 2025.<\/p>\n<h2>\u00bfQu\u00e9 es ChitChatTV?<\/h2>\n<p>ChitChatTV es una moderna plataforma de videochat aleatorio basada en navegador que te conecta instant\u00e1neamente con desconocidos de todo el mundo para mantener conversaciones privadas, en directo y cara a cara. Al igual que Monkey y OmeTV, ChitChatTV est\u00e1 dise\u00f1ado para conexiones espont\u00e1neas en tiempo real, sin necesidad de registrarse y centr\u00e1ndose en la velocidad, la simplicidad y la diversi\u00f3n.<\/p>\n<p>La plataforma se dirige a un p\u00fablico internacional diverso, ya sea para hacer amigos, practicar un idioma, ligar o simplemente pasar el rato en un entorno social seguro. Con un dise\u00f1o orientado a dispositivos m\u00f3viles, ChitChatTV es f\u00e1cil de usar tanto en tel\u00e9fonos como en ordenadores de sobremesa, por lo que es accesible para los usuarios est\u00e9n donde est\u00e9n.<\/p>\n<h2>\u00bfPara qu\u00e9 sirve el ChitChatTV?<\/h2>\n<p>La misi\u00f3n de ChitChatTV es revivir la emoci\u00f3n de conocer gente nueva en l\u00ednea en un entorno seguro, f\u00e1cil de usar y moderno. Destaca por hacer hincapi\u00e9 en:<\/p>\n<ul>\n<li>Acceso r\u00e1pido y sin fricciones: sin descargas, perfiles ni redes sociales.<\/li>\n<li>Interacci\u00f3n humana real y sin guiones, en lugar de contenidos curados o algor\u00edtmicos.<\/li>\n<li>Un ambiente fresco y juvenil que atrae tanto a la Generaci\u00f3n Z como a los millennials que buscan experiencias sociales digitales m\u00e1s genuinas.<\/li>\n<\/ul>\n<p>Tanto si quieres re\u00edrte un rato, hacer un amigo internacional o escapar del aburrimiento, ChitChatTV est\u00e1 dise\u00f1ado para ser el lugar donde comiencen las conversaciones globales.<\/p>\n<h2>Caracter\u00edsticas principales<\/h2>\n<p>1. Videochat aleatorio instant\u00e1neo<br \/>\nLa principal caracter\u00edstica de ChitChatTV es su videochat uno a uno: haz clic para empezar y se te emparejar\u00e1 instant\u00e1neamente con otro usuario en l\u00ednea para una conversaci\u00f3n privada en directo. No hay que esperar aprobaciones, emparejamientos ni colas en las salas: s\u00f3lo t\u00fa y tu compa\u00f1ero de chat, cara a cara.<\/p>\n<p>2. Bot\u00f3n Siguiente\/Omitir para un emparejamiento r\u00e1pido<br \/>\nSi no te apetece una conversaci\u00f3n en particular, puedes saltar al siguiente usuario al instante. Esta experiencia de ciclo r\u00e1pido imita el estilo adictivo y r\u00e1pido que hizo de Monkey y <a href=\"https:\/\/strangercam.com\/es\/omegle\/\">Omegle<\/a> popular.<\/p>\n<p>3. Chat de texto y Emojis<br \/>\nAdem\u00e1s de v\u00eddeo, puedes enviar mensajes de texto y emojis dentro del chat. Esto es perfecto para romper el hielo, compartir bromas o comunicarse cuando existen barreras ling\u00fc\u00edsticas.<\/p>\n<p>4. Sin registro ni creaci\u00f3n de cuenta<br \/>\nEn ChitChatTV todo gira en torno a la privacidad y la velocidad. Los usuarios no tienen que registrarse ni proporcionar datos personales para empezar a chatear, lo que mantiene la experiencia an\u00f3nima y sin complicaciones.<\/p>\n<p>5. Mobile-First, dise\u00f1o responsivo<br \/>\nLa plataforma funciona a la perfecci\u00f3n tanto en navegadores m\u00f3viles como de escritorio. La interfaz de usuario est\u00e1 optimizada para el uso t\u00e1ctil, se carga r\u00e1pidamente y es f\u00e1cil de navegar, lo que la hace ideal para chatear sobre la marcha.<\/p>\n<p>6. Alcance mundial y comunidad multiling\u00fce<br \/>\nChitChatTV conecta a personas de todo el mundo, lo que facilita conocer nuevos amigos, practicar diferentes idiomas y experimentar una variedad de culturas en tiempo real.<\/p>\n<p>7. Herramientas de seguridad y moderaci\u00f3n<br \/>\nLa seguridad de los usuarios est\u00e1 respaldada por un bot\u00f3n de denuncia en el chat y sistemas de moderaci\u00f3n (tanto basados en inteligencia artificial como revisados por humanos) que pretenden limitar los comportamientos inapropiados y mantener la plataforma acogedora para todos.<\/p>\n<h2>\u00bfEs gratis el ChitChatTV?<\/h2>\n<p>S\u00ed, ChitChatTV es totalmente gratuito. Los hay:<\/p>\n<ul>\n<li>Sin muros de pago, suscripciones ni fichas<\/li>\n<li>Acceso ilimitado al chat de v\u00eddeo y texto<\/li>\n<li>Sin necesidad de cuentas premium para desbloquear funciones<\/li>\n<\/ul>\n<p>Aunque puede haber anuncios ocasionales no intrusivos para apoyar la plataforma, todos los usuarios tienen el mismo acceso a la experiencia b\u00e1sica del chat.<\/p>\n<h2>\u00bfQui\u00e9n utiliza ChitChatTV?<\/h2>\n<p>El dise\u00f1o y el ambiente de ChitChatTV atraen a un amplio p\u00fablico internacional:<\/p>\n<ul>\n<li>Edades: Principalmente de 18 a 30 a\u00f1os, pero participan adultos de todas las edades<\/li>\n<li>Base de usuarios: Estudiantes, j\u00f3venes profesionales, viajeros, n\u00f3madas digitales, estudiantes de idiomas y chateadores ocasionales.<\/li>\n<li>Ubicaciones: Bases de usuarios activas en Estados Unidos, Reino Unido, Europa, Brasil, India, Sudeste Asi\u00e1tico, etc.<\/li>\n<\/ul>\n<p>La gente se une a ChitChatTV por diversas razones:<\/p>\n<ul>\n<li>Hacer nuevos amigos y ampliar su c\u00edrculo social global<\/li>\n<li>Ligar o encontrar solteros afines en un espacio seguro y sin presiones<\/li>\n<li>Practicar idiomas o conocer otras culturas<\/li>\n<li>Pasar el tiempo, escapar del aburrimiento o buscar conversaciones genuinas<\/li>\n<\/ul>\n<h2>Seguridad, privacidad y moderaci\u00f3n<\/h2>\n<p>ChitChatTV entiende que la privacidad y la seguridad son cruciales para las plataformas de videochat, e implementa varias medidas para proteger a los usuarios:<\/p>\n<h3>Privacidad<\/h3>\n<ul>\n<li>No se necesitan cuentas, registros ni datos personales<\/li>\n<li>Los chats no se guardan ni se hacen p\u00fablicos<\/li>\n<li>Controla en todo momento el acceso a la webcam y al micr\u00f3fono<\/li>\n<\/ul>\n<h3>Moderaci\u00f3n<\/h3>\n<ul>\n<li>Informes en tiempo real en el chat: Informa f\u00e1cilmente de cualquier comportamiento inapropiado<\/li>\n<li>Detecci\u00f3n basada en IA: Filtra y bloquea determinados contenidos expl\u00edcitos<\/li>\n<li>Moderadores humanos: Revisan a los usuarios marcados y hacen cumplir las directrices de la comunidad<\/li>\n<li>Bloqueo r\u00e1pido: Salta o bloquea al instante a quien te incomode.<\/li>\n<\/ul>\n<h3>Consejos para el usuario<\/h3>\n<ul>\n<li>No comparta nunca datos personales como nombre completo, direcci\u00f3n o enlaces a redes sociales.<\/li>\n<li>Utilice los botones \"Siguiente\" e \"Informe\" seg\u00fan sea necesario<\/li>\n<li>Termine cualquier conversaci\u00f3n que le resulte inc\u00f3moda o sospechosa.<\/li>\n<\/ul>\n<p>ChitChatTV es s\u00f3lo para adultos (18+), y se anima a los usuarios a mantener interacciones respetuosas y desenfadadas.<\/p>\n<h2>Experiencia de usuario y dise\u00f1o<\/h2>\n<p>ChitChatTV ofrece una interfaz moderna, sencilla e intuitiva. La p\u00e1gina de inicio presenta un llamativo bot\u00f3n \"Iniciar chat\" e informaci\u00f3n clara sobre la privacidad y las normas. Con s\u00f3lo dos clics, estar\u00e1s en directo en un chat privado.<\/p>\n<p>Lo m\u00e1s destacado:<\/p>\n<ul>\n<li>Carga r\u00e1pida y emparejamiento casi instant\u00e1neo<\/li>\n<li>Ventanas de v\u00eddeo grandes y claras para facilitar las conversaciones cara a cara<\/li>\n<li>Controles suaves para silenciar, saltar, informar y finalizar chats<\/li>\n<li>Dise\u00f1o limpio y sin publicidad, sin ventanas emergentes ni elementos innecesarios.<\/li>\n<li>Gran compatibilidad m\u00f3vil para chatear en cualquier momento y lugar<\/li>\n<\/ul>\n<p>En comparaci\u00f3n con los sitios de chat tradicionales, ChitChatTV resulta m\u00e1s ligero, r\u00e1pido y atractivo, sobre todo para el p\u00fablico m\u00e1s joven y conocedor de los dispositivos m\u00f3viles.<\/p>\n<h2>ChitChatTV frente a otras plataformas de videoconferencia<\/h2>\n<p>\u00bfC\u00f3mo se compara ChitChatTV con las principales aplicaciones de videochat en 2025?<\/p>\n<table>\n<thead>\n<tr>\n<th>Caracter\u00edstica<\/th>\n<th>ChitChatTV<\/th>\n<th>Mono<\/th>\n<th>Azar<\/th>\n<th>OmeTV<\/th>\n<th>Chaty<\/th>\n<\/tr>\n<\/thead>\n<tbody>\n<tr>\n<td>Random Video Chat con Desconocidos<\/td>\n<td>S\u00ed<\/td>\n<td>S\u00ed<\/td>\n<td>S\u00ed<\/td>\n<td>S\u00ed<\/td>\n<td>S\u00ed<\/td>\n<\/tr>\n<tr>\n<td>Opci\u00f3n de chat de texto<\/td>\n<td>S\u00ed<\/td>\n<td>S\u00ed<\/td>\n<td>S\u00ed<\/td>\n<td>S\u00ed<\/td>\n<td>S\u00ed<\/td>\n<\/tr>\n<tr>\n<td>Inscripci\u00f3n necesaria<\/td>\n<td>No<\/td>\n<td>S\u00ed<\/td>\n<td>S\u00ed<\/td>\n<td>No<\/td>\n<td>No<\/td>\n<\/tr>\n<tr>\n<td>Compatible con m\u00f3viles<\/td>\n<td>Excelente<\/td>\n<td>Excelente<\/td>\n<td>Excelente<\/td>\n<td>Bien<\/td>\n<td>Excelente<\/td>\n<\/tr>\n<tr>\n<td>Filtros de g\u00e9nero\/regi\u00f3n<\/td>\n<td>No<\/td>\n<td>No<\/td>\n<td>Pagado<\/td>\n<td>Pagado<\/td>\n<td>No<\/td>\n<\/tr>\n<tr>\n<td>Uso gratuito<\/td>\n<td>S\u00ed<\/td>\n<td>S\u00ed<\/td>\n<td>S\u00ed\/Pagado<\/td>\n<td>S\u00ed\/Pagado<\/td>\n<td>S\u00ed<\/td>\n<\/tr>\n<tr>\n<td>Moderaci\u00f3n\/Informes<\/td>\n<td>Bien<\/td>\n<td>Moderado<\/td>\n<td>Bien<\/td>\n<td>Fuerte<\/td>\n<td>Moderado<\/td>\n<\/tr>\n<\/tbody>\n<\/table>\n<p>Resumen: ChitChatTV se acerca mucho al ambiente espont\u00e1neo y r\u00e1pido de Monkey y Azar, pero destaca por su enfoque verdaderamente an\u00f3nimo, sin necesidad de registrarse, y su excelente soporte m\u00f3vil.<\/p>\n<h2>Ventajas e inconvenientes<\/h2>\n<p>Pros:<\/p>\n<ul>\n<li>100% gratuito y accesible: no es necesario registrarse ni utilizar una aplicaci\u00f3n.<\/li>\n<li>Emparejamiento r\u00e1pido y an\u00f3nimo para videoconferencias globales uno a uno<\/li>\n<li>Interfaz moderna y optimizada para m\u00f3viles<\/li>\n<li>Chat de texto sencillo y compatibilidad con emoji<\/li>\n<li>Herramientas s\u00f3lidas de seguridad, notificaci\u00f3n y moderaci\u00f3n<\/li>\n<li>Acogida de usuarios de todo el mundo<\/li>\n<\/ul>\n<p>Contras:<\/p>\n<ul>\n<li>Sin filtros por sexo o regi\u00f3n (los emparejamientos son totalmente aleatorios)<\/li>\n<li>Comportamiento inadecuado ocasional, a pesar de la moderaci\u00f3n.<\/li>\n<li>M\u00e1s usuarios masculinos que femeninos (com\u00fan en este nicho)<\/li>\n<li>Sin perfiles, listas de amigos ni posibilidad de volver a conectar.<\/li>\n<li>S\u00f3lo para adultos (mayores de 18 a\u00f1os)<\/li>\n<\/ul>\n<h2>Casos de uso ideales<\/h2>\n<p>ChitChatTV es perfecto para:<\/p>\n<ul>\n<li>Fans de Monkey, OmeTV y Azar que buscan una experiencia de videochat nueva y an\u00f3nima<\/li>\n<li>J\u00f3venes adultos y estudiantes que desean ampliar su red social global<\/li>\n<li>Estudiantes de idiomas, viajeros y expatriados que buscan un intercambio cultural espont\u00e1neo.<\/li>\n<li>Cualquiera que desee pasar el rato, hacer amigos o encontrar un compa\u00f1ero de chat coqueto en un entorno seguro.<\/li>\n<\/ul>\n<p>Es menos ideal para:<\/p>\n<ul>\n<li>Usuarios menores de 18 a\u00f1os (requisito estricto de edad)<\/li>\n<li>Los que buscan filtros espec\u00edficos para citas, coincidencias o relaciones duraderas<\/li>\n<li>La gente se siente inc\u00f3moda con la interacci\u00f3n de v\u00eddeo en directo y sin gui\u00f3n<\/li>\n<\/ul>\n<p>ChitChatTV es una alternativa moderna y f\u00e1cil de usar a las plataformas de videochat aleatorias m\u00e1s populares, que ofrece conexiones r\u00e1pidas, an\u00f3nimas y globales a la nueva generaci\u00f3n de usuarios de Internet. Con su interfaz limpia, su dise\u00f1o mobile-first y su compromiso con la privacidad del usuario, ChitChatTV captura la emoci\u00f3n del chat cl\u00e1sico. <a href=\"https:\/\/strangercam.com\/es\/chatroulette\/\">ruleta<\/a> pero con una sensaci\u00f3n m\u00e1s segura y fresca para 2025.<\/p>\n<p>Si est\u00e1s dispuesto a descubrir nuevas caras, hacer amigos o simplemente divertirte hablando con desconocidos de todo el mundo, merece la pena probar ChitChatTV: sin registros ni complicaciones, s\u00f3lo conversaciones en directo.<\/p>","protected":false},"excerpt":{"rendered":"<p>With the rise (and sometimes fall) of popular video chat apps like Monkey, Azar, and OmeTV, the online chat scene has never been more competitive\u2014or more innovative. ChitChatTV is a new contender in the random video chat space, promising instant, global, one-on-one connections and a lively, mobile-friendly experience that appeals to the TikTok generation and [&hellip;]<\/p>\n","protected":false},"author":6,"featured_media":0,"parent":0,"menu_order":0,"comment_status":"closed","ping_status":"closed","template":"","meta":{"footnotes":""},"class_list":["post-12939","page","type-page","status-publish","hentry"],"yoast_head":"<!-- This site is optimized with the Yoast SEO plugin v27.4 - https:\/\/yoast.com\/product\/yoast-seo-wordpress\/ -->\n<title>ChitChatTV - ChitChat Video Chat - StrangerCam<\/title>\n<meta name=\"description\" content=\"Like ChitChatTV? Come chat with more than 5.000.000 strangers on Stranger Cam for Free! Turn on your cam and find new friends &amp; maby a match!\" \/>\n<meta name=\"robots\" content=\"index, follow, max-snippet:-1, max-image-preview:large, max-video-preview:-1\" \/>\n<link rel=\"canonical\" href=\"https:\/\/strangercam.com\/es\/chitchattv\/\" \/>\n<meta property=\"og:locale\" content=\"es_ES\" \/>\n<meta property=\"og:type\" content=\"article\" \/>\n<meta property=\"og:title\" content=\"ChitChatTV - ChitChat Video Chat - StrangerCam\" \/>\n<meta property=\"og:description\" content=\"Like ChitChatTV? Come chat with more than 5.000.000 strangers on Stranger Cam for Free! Turn on your cam and find new friends &amp; maby a match!\" \/>\n<meta property=\"og:url\" content=\"https:\/\/strangercam.com\/es\/chitchattv\/\" \/>\n<meta property=\"og:site_name\" content=\"Strangercam\" \/>\n<meta property=\"article:publisher\" content=\"https:\/\/www.facebook.com\/strangercam\" \/>\n<meta property=\"og:image\" content=\"https:\/\/strangercam.com\/wp-content\/uploads\/2021\/10\/Untitled-2.png\" \/>\n\t<meta property=\"og:image:width\" content=\"800\" \/>\n\t<meta property=\"og:image:height\" content=\"532\" \/>\n\t<meta property=\"og:image:type\" content=\"image\/png\" \/>\n<meta name=\"twitter:card\" content=\"summary_large_image\" \/>\n<meta name=\"twitter:site\" content=\"@strangercamapp\" \/>\n<meta name=\"twitter:label1\" content=\"Tiempo de lectura\" \/>\n\t<meta name=\"twitter:data1\" content=\"6 minutos\" \/>\n<script type=\"application\/ld+json\" class=\"yoast-schema-graph\">{\"@context\":\"https:\\\/\\\/schema.org\",\"@graph\":[{\"@type\":\"WebPage\",\"@id\":\"https:\\\/\\\/strangercam.com\\\/chitchattv\\\/\",\"url\":\"https:\\\/\\\/strangercam.com\\\/chitchattv\\\/\",\"name\":\"ChitChatTV - ChitChat Video Chat - StrangerCam\",\"isPartOf\":{\"@id\":\"https:\\\/\\\/strangercam.com\\\/#website\"},\"datePublished\":\"2025-07-28T09:00:18+00:00\",\"description\":\"Like ChitChatTV? Come chat with more than 5.000.000 strangers on Stranger Cam for Free! Turn on your cam and find new friends & maby a match!\",\"breadcrumb\":{\"@id\":\"https:\\\/\\\/strangercam.com\\\/chitchattv\\\/#breadcrumb\"},\"inLanguage\":\"es\",\"potentialAction\":[{\"@type\":\"ReadAction\",\"target\":[\"https:\\\/\\\/strangercam.com\\\/chitchattv\\\/\"]}]},{\"@type\":\"BreadcrumbList\",\"@id\":\"https:\\\/\\\/strangercam.com\\\/chitchattv\\\/#breadcrumb\",\"itemListElement\":[{\"@type\":\"ListItem\",\"position\":1,\"name\":\"Home\",\"item\":\"https:\\\/\\\/strangercam.com\\\/\"},{\"@type\":\"ListItem\",\"position\":2,\"name\":\"ChitChatTV\"}]},{\"@type\":\"WebSite\",\"@id\":\"https:\\\/\\\/strangercam.com\\\/#website\",\"url\":\"https:\\\/\\\/strangercam.com\\\/\",\"name\":\"Strangercam\",\"description\":\"Random Video Chat with Strangers\",\"publisher\":{\"@id\":\"https:\\\/\\\/strangercam.com\\\/#organization\"},\"alternateName\":\"Strangercam.com\",\"potentialAction\":[{\"@type\":\"SearchAction\",\"target\":{\"@type\":\"EntryPoint\",\"urlTemplate\":\"https:\\\/\\\/strangercam.com\\\/?s={search_term_string}\"},\"query-input\":{\"@type\":\"PropertyValueSpecification\",\"valueRequired\":true,\"valueName\":\"search_term_string\"}}],\"inLanguage\":\"es\"},{\"@type\":\"Organization\",\"@id\":\"https:\\\/\\\/strangercam.com\\\/#organization\",\"name\":\"Strangercam\",\"alternateName\":\"Strangercam.com\",\"url\":\"https:\\\/\\\/strangercam.com\\\/\",\"logo\":{\"@type\":\"ImageObject\",\"inLanguage\":\"es\",\"@id\":\"https:\\\/\\\/strangercam.com\\\/#\\\/schema\\\/logo\\\/image\\\/\",\"url\":\"https:\\\/\\\/strangercam.com\\\/wp-content\\\/uploads\\\/2020\\\/11\\\/cropped-new-favicon-black.png\",\"contentUrl\":\"https:\\\/\\\/strangercam.com\\\/wp-content\\\/uploads\\\/2020\\\/11\\\/cropped-new-favicon-black.png\",\"width\":512,\"height\":512,\"caption\":\"Strangercam\"},\"image\":{\"@id\":\"https:\\\/\\\/strangercam.com\\\/#\\\/schema\\\/logo\\\/image\\\/\"},\"sameAs\":[\"https:\\\/\\\/www.facebook.com\\\/strangercam\",\"https:\\\/\\\/x.com\\\/strangercamapp\"]}]}<\/script>\n<!-- \/ Yoast SEO plugin. -->","yoast_head_json":{"title":"Videochat ChitChatTV - ChitChat - StrangerCam","description":"\u00bfTe gusta ChitChatTV? \u00a1Ven a chatear gratis con m\u00e1s de 5.000.000 de desconocidos en Stranger Cam! \u00a1Enciende tu c\u00e1mara y encuentra nuevos amigos y tal vez una pareja!","robots":{"index":"index","follow":"follow","max-snippet":"max-snippet:-1","max-image-preview":"max-image-preview:large","max-video-preview":"max-video-preview:-1"},"canonical":"https:\/\/strangercam.com\/es\/chitchattv\/","og_locale":"es_ES","og_type":"article","og_title":"ChitChatTV - ChitChat Video Chat - StrangerCam","og_description":"Like ChitChatTV? Come chat with more than 5.000.000 strangers on Stranger Cam for Free! Turn on your cam and find new friends & maby a match!","og_url":"https:\/\/strangercam.com\/es\/chitchattv\/","og_site_name":"Strangercam","article_publisher":"https:\/\/www.facebook.com\/strangercam","og_image":[{"width":800,"height":532,"url":"https:\/\/strangercam.com\/wp-content\/uploads\/2021\/10\/Untitled-2.png","type":"image\/png"}],"twitter_card":"summary_large_image","twitter_site":"@strangercamapp","twitter_misc":{"Tiempo de lectura":"6 minutos"},"schema":{"@context":"https:\/\/schema.org","@graph":[{"@type":"WebPage","@id":"https:\/\/strangercam.com\/chitchattv\/","url":"https:\/\/strangercam.com\/chitchattv\/","name":"Videochat ChitChatTV - ChitChat - StrangerCam","isPartOf":{"@id":"https:\/\/strangercam.com\/#website"},"datePublished":"2025-07-28T09:00:18+00:00","description":"\u00bfTe gusta ChitChatTV? \u00a1Ven a chatear gratis con m\u00e1s de 5.000.000 de desconocidos en Stranger Cam! \u00a1Enciende tu c\u00e1mara y encuentra nuevos amigos y tal vez una pareja!","breadcrumb":{"@id":"https:\/\/strangercam.com\/chitchattv\/#breadcrumb"},"inLanguage":"es","potentialAction":[{"@type":"ReadAction","target":["https:\/\/strangercam.com\/chitchattv\/"]}]},{"@type":"BreadcrumbList","@id":"https:\/\/strangercam.com\/chitchattv\/#breadcrumb","itemListElement":[{"@type":"ListItem","position":1,"name":"Home","item":"https:\/\/strangercam.com\/"},{"@type":"ListItem","position":2,"name":"ChitChatTV"}]},{"@type":"WebSite","@id":"https:\/\/strangercam.com\/#website","url":"https:\/\/strangercam.com\/","name":"Strangercam","description":"Videochat aleatorio con desconocidos","publisher":{"@id":"https:\/\/strangercam.com\/#organization"},"alternateName":"Strangercam.com","potentialAction":[{"@type":"SearchAction","target":{"@type":"EntryPoint","urlTemplate":"https:\/\/strangercam.com\/?s={search_term_string}"},"query-input":{"@type":"PropertyValueSpecification","valueRequired":true,"valueName":"search_term_string"}}],"inLanguage":"es"},{"@type":"Organization","@id":"https:\/\/strangercam.com\/#organization","name":"Strangercam","alternateName":"Strangercam.com","url":"https:\/\/strangercam.com\/","logo":{"@type":"ImageObject","inLanguage":"es","@id":"https:\/\/strangercam.com\/#\/schema\/logo\/image\/","url":"https:\/\/strangercam.com\/wp-content\/uploads\/2020\/11\/cropped-new-favicon-black.png","contentUrl":"https:\/\/strangercam.com\/wp-content\/uploads\/2020\/11\/cropped-new-favicon-black.png","width":512,"height":512,"caption":"Strangercam"},"image":{"@id":"https:\/\/strangercam.com\/#\/schema\/logo\/image\/"},"sameAs":["https:\/\/www.facebook.com\/strangercam","https:\/\/x.com\/strangercamapp"]}]}},"_links":{"self":[{"href":"https:\/\/strangercam.com\/es\/wp-json\/wp\/v2\/pages\/12939","targetHints":{"allow":["GET"]}}],"collection":[{"href":"https:\/\/strangercam.com\/es\/wp-json\/wp\/v2\/pages"}],"about":[{"href":"https:\/\/strangercam.com\/es\/wp-json\/wp\/v2\/types\/page"}],"author":[{"embeddable":true,"href":"https:\/\/strangercam.com\/es\/wp-json\/wp\/v2\/users\/6"}],"replies":[{"embeddable":true,"href":"https:\/\/strangercam.com\/es\/wp-json\/wp\/v2\/comments?post=12939"}],"version-history":[{"count":2,"href":"https:\/\/strangercam.com\/es\/wp-json\/wp\/v2\/pages\/12939\/revisions"}],"predecessor-version":[{"id":12941,"href":"https:\/\/strangercam.com\/es\/wp-json\/wp\/v2\/pages\/12939\/revisions\/12941"}],"wp:attachment":[{"href":"https:\/\/strangercam.com\/es\/wp-json\/wp\/v2\/media?parent=12939"}],"curies":[{"name":"wp","href":"https:\/\/api.w.org\/{rel}","templated":true}]}}